{"id":10854,"date":"2020-06-04T09:50:45","date_gmt":"2020-06-04T07:50:45","guid":{"rendered":"http:\/\/www.medulinriviera.info\/map\/"},"modified":"2021-06-14T15:41:08","modified_gmt":"2021-06-14T13:41:08","slug":"map","status":"publish","type":"page","link":"https:\/\/www.medulinriviera.info\/sl\/archeological-park-vizula\/map\/","title":{"rendered":"Map"},"content":{"rendered":"\n<figure class=\"wp-block-image size-large\"><img loading=\"lazy\" decoding=\"async\" width=\"1024\" height=\"724\" src=\"http:\/\/www.medulinriviera.info\/wp-content\/uploads\/2020\/06\/Karta_Viz_ula_GB_DE_page_001-1024x724.jpg\" alt=\"\" class=\"wp-image-10314\" srcset=\"https:\/\/www.medulinriviera.info\/wp-content\/uploads\/2020\/06\/Karta_Viz_ula_GB_DE_page_001-1024x724.jpg 1024w, https:\/\/www.medulinriviera.info\/wp-content\/uploads\/2020\/06\/Karta_Viz_ula_GB_DE_page_001-300x212.jpg 300w, https:\/\/www.medulinriviera.info\/wp-content\/uploads\/2020\/06\/Karta_Viz_ula_GB_DE_page_001-768x543.jpg 768w, https:\/\/www.medulinriviera.info\/wp-content\/uploads\/2020\/06\/Karta_Viz_ula_GB_DE_page_001-1536x1086.jpg 1536w, https:\/\/www.medulinriviera.info\/wp-content\/uploads\/2020\/06\/Karta_Viz_ula_GB_DE_page_001.jpg 1754w\" sizes=\"auto, (max-width: 1024px) 100vw, 1024px\" \/><\/figure>\n\n\n\n<p><strong>PRAVILA RAVNANJA V ARHEOLO\u0160KEM PARKU VI\u017dULA<\/strong><\/p>\n\n\n\n<p>Vse obiskovalce Arheolo\u0161kega parka Vi\u017eula prosimo, da spo\u0161tujejo pravila ravnanja in med bivanjem v parku spo\u0161tujejo naravno in kulturno dedi\u0161\u010dino kraja.<\/p>\n\n\n\n<p>1. Vstop avtomobilov in motornih vozil ni dovoljen.<\/p>\n\n\n\n<p>2. Prepovedano je sidranje plovil.<\/p>\n\n\n\n<p>3. Prepovedana je uporaba \u017eara in kurjenja ter odprtega ognja.<\/p>\n\n\n\n<p>4. Taborjenje in preno\u010devanje v parku ni dovoljeno.<\/p>\n\n\n\n<p>5. Z namenom varovanja kulturne dedi\u0161\u010dine kraja prepovedano je izkopavati, uni\u010devati ali odna\u0161ati predmete z arheolo\u0161kih najdi\u0161\u010d (v morju ali na kopnem), skakanje po stenah in kakr\u0161nokoli uni\u010denje dedi\u0161\u010dine.<\/p>\n\n\n\n<p>6. Prepovedano je nabiranje rastlin na anti\u010dnem vrtu.<\/p>\n\n\n\n<p>7. Strogo je prepovedano metanje odpadkov \u2013 tako v morje kot na kopno.<\/p>\n\n\n\n<p>8. Gibanje je obiskovalcem dovoljeno le na obmo\u010djih, poteh in stezah, ki so ozna\u010dena in namenjena ogledom in obiskom.<\/p>\n\n\n\n<p>9. Psom je vstop v park dovoljen v spremstvu lastnika in med obiskom morajo biti na povodcu.<\/p>\n\n\n\n<p>10. Ni dovoljeno po\u0161kodovati informativnih tabel, znake, igrala, po\u010divali\u0161\u010da, klopi, ko\u0161e in drugih komunalnih oprem.<\/p>\n\n\n\n<p>11. Med obiskom, gibanjem in ogledom parka morajo obiskovalci upo\u0161tevati navodila, ki so natisnjena na informativnih tablah ter drugih oznakah v parku.<\/p>\n\n\n\n<p>INFOTO\u010cKA<\/p>\n\n\n\n<p>Delovni \u010das od 9.00 do 13.00 ure i od 16.00 do 21.00\u00a0 ure v sezoni (od 1. aprila do 1. oktobra) vsaki dan in po potrebi izven sezone. VR o\u010dala lahko najamete\u00a0 na infoto\u010dki.<\/p>\n\n\n\n<p>Celotno obmo\u010dje Arheolo\u0161kega parka Vi\u017eula je pod videonadzorom.<\/p>\n\n\n\n<p>U\u017eivajte v naravnih in kulturnih lepotah parka in odkrijte starodavno preteklost Vi\u017eule!<\/p>\n","protected":false},"excerpt":{"rendered":"<p>PRAVILA RAVNANJA V ARHEOLO\u0160KEM PARKU VI\u017dULA Vse obiskovalce Arheolo\u0161kega parka Vi\u017eula prosimo, da spo\u0161tujejo pravila ravnanja in med bivanjem v&#8230;<\/p>\n","protected":false},"author":1,"featured_media":11119,"parent":10862,"menu_order":15,"comment_status":"closed","ping_status":"closed","template":"tpl-vizula.php","meta":{"_acf_changed":false,"footnotes":""},"classificator":[],"class_list":["post-10854","page","type-page","status-publish","has-post-thumbnail","hentry"],"acf":{"video":"","gallery":null},"yoast_head":"<!-- This site is optimized with the Yoast SEO plugin v27.5 - https:\/\/yoast.com\/product\/yoast-seo-wordpress\/ -->\n<title>Map - Medulin Riviera<\/title>\n<meta name=\"robots\" content=\"index, follow, max-snippet:-1, max-image-preview:large, max-video-preview:-1\" \/>\n<link rel=\"canonical\" href=\"https:\/\/www.medulinriviera.info\/sl\/archeological-park-vizula\/map\/\" \/>\n<meta property=\"og:locale\" content=\"sl_SI\" \/>\n<meta property=\"og:type\" content=\"article\" \/>\n<meta property=\"og:title\" content=\"Map - Medulin Riviera\" \/>\n<meta property=\"og:description\" content=\"PRAVILA RAVNANJA V ARHEOLO\u0160KEM PARKU VI\u017dULA Vse obiskovalce Arheolo\u0161kega parka Vi\u017eula prosimo, da spo\u0161tujejo pravila ravnanja in med bivanjem v...\" \/>\n<meta property=\"og:url\" content=\"https:\/\/www.medulinriviera.info\/sl\/archeological-park-vizula\/map\/\" \/>\n<meta property=\"og:site_name\" content=\"Medulin Riviera\" \/>\n<meta property=\"article:publisher\" content=\"https:\/\/www.facebook.com\/medulinriviera\/\" \/>\n<meta property=\"article:modified_time\" content=\"2021-06-14T13:41:08+00:00\" \/>\n<meta property=\"og:image\" content=\"https:\/\/www.medulinriviera.info\/wp-content\/uploads\/2020\/06\/arh_setnja1.jpg\" \/>\n\t<meta property=\"og:image:width\" content=\"800\" \/>\n\t<meta property=\"og:image:height\" content=\"533\" \/>\n\t<meta property=\"og:image:type\" content=\"image\/jpeg\" \/>\n<meta name=\"twitter:card\" content=\"summary_large_image\" \/>\n<meta name=\"twitter:label1\" content=\"Est. reading time\" \/>\n\t<meta name=\"twitter:data1\" content=\"2 minuti\" \/>\n<script type=\"application\/ld+json\" class=\"yoast-schema-graph\">{\"@context\":\"https:\\\/\\\/schema.org\",\"@graph\":[{\"@type\":\"WebPage\",\"@id\":\"https:\\\/\\\/www.medulinriviera.info\\\/sl\\\/archeological-park-vizula\\\/map\\\/\",\"url\":\"https:\\\/\\\/www.medulinriviera.info\\\/sl\\\/archeological-park-vizula\\\/map\\\/\",\"name\":\"Map - Medulin Riviera\",\"isPartOf\":{\"@id\":\"https:\\\/\\\/www.medulinriviera.info\\\/sl\\\/#website\"},\"primaryImageOfPage\":{\"@id\":\"https:\\\/\\\/www.medulinriviera.info\\\/sl\\\/archeological-park-vizula\\\/map\\\/#primaryimage\"},\"image\":{\"@id\":\"https:\\\/\\\/www.medulinriviera.info\\\/sl\\\/archeological-park-vizula\\\/map\\\/#primaryimage\"},\"thumbnailUrl\":\"https:\\\/\\\/www.medulinriviera.info\\\/wp-content\\\/uploads\\\/2020\\\/06\\\/arh_setnja1.jpg\",\"datePublished\":\"2020-06-04T07:50:45+00:00\",\"dateModified\":\"2021-06-14T13:41:08+00:00\",\"breadcrumb\":{\"@id\":\"https:\\\/\\\/www.medulinriviera.info\\\/sl\\\/archeological-park-vizula\\\/map\\\/#breadcrumb\"},\"inLanguage\":\"sl-SI\",\"potentialAction\":[{\"@type\":\"ReadAction\",\"target\":[\"https:\\\/\\\/www.medulinriviera.info\\\/sl\\\/archeological-park-vizula\\\/map\\\/\"]}]},{\"@type\":\"ImageObject\",\"inLanguage\":\"sl-SI\",\"@id\":\"https:\\\/\\\/www.medulinriviera.info\\\/sl\\\/archeological-park-vizula\\\/map\\\/#primaryimage\",\"url\":\"https:\\\/\\\/www.medulinriviera.info\\\/wp-content\\\/uploads\\\/2020\\\/06\\\/arh_setnja1.jpg\",\"contentUrl\":\"https:\\\/\\\/www.medulinriviera.info\\\/wp-content\\\/uploads\\\/2020\\\/06\\\/arh_setnja1.jpg\",\"width\":800,\"height\":533},{\"@type\":\"BreadcrumbList\",\"@id\":\"https:\\\/\\\/www.medulinriviera.info\\\/sl\\\/archeological-park-vizula\\\/map\\\/#breadcrumb\",\"itemListElement\":[{\"@type\":\"ListItem\",\"position\":1,\"name\":\"Home\",\"item\":\"https:\\\/\\\/www.medulinriviera.info\\\/sl\\\/\"},{\"@type\":\"ListItem\",\"position\":2,\"name\":\"Archeological Park Vi\u017eula\",\"item\":\"https:\\\/\\\/www.medulinriviera.info\\\/sl\\\/archeological-park-vizula\\\/\"},{\"@type\":\"ListItem\",\"position\":3,\"name\":\"Map\"}]},{\"@type\":\"WebSite\",\"@id\":\"https:\\\/\\\/www.medulinriviera.info\\\/sl\\\/#website\",\"url\":\"https:\\\/\\\/www.medulinriviera.info\\\/sl\\\/\",\"name\":\"Medulin Riviera\",\"description\":\"The Blue Planet\",\"publisher\":{\"@id\":\"https:\\\/\\\/www.medulinriviera.info\\\/sl\\\/#organization\"},\"potentialAction\":[{\"@type\":\"SearchAction\",\"target\":{\"@type\":\"EntryPoint\",\"urlTemplate\":\"https:\\\/\\\/www.medulinriviera.info\\\/sl\\\/?s={search_term_string}\"},\"query-input\":{\"@type\":\"PropertyValueSpecification\",\"valueRequired\":true,\"valueName\":\"search_term_string\"}}],\"inLanguage\":\"sl-SI\"},{\"@type\":\"Organization\",\"@id\":\"https:\\\/\\\/www.medulinriviera.info\\\/sl\\\/#organization\",\"name\":\"Medulin Riviera\",\"url\":\"https:\\\/\\\/www.medulinriviera.info\\\/sl\\\/\",\"logo\":{\"@type\":\"ImageObject\",\"inLanguage\":\"sl-SI\",\"@id\":\"https:\\\/\\\/www.medulinriviera.info\\\/sl\\\/#\\\/schema\\\/logo\\\/image\\\/\",\"url\":\"https:\\\/\\\/www.medulinriviera.info\\\/wp-content\\\/uploads\\\/2020\\\/06\\\/logo-alt.png\",\"contentUrl\":\"https:\\\/\\\/www.medulinriviera.info\\\/wp-content\\\/uploads\\\/2020\\\/06\\\/logo-alt.png\",\"width\":264,\"height\":78,\"caption\":\"Medulin Riviera\"},\"image\":{\"@id\":\"https:\\\/\\\/www.medulinriviera.info\\\/sl\\\/#\\\/schema\\\/logo\\\/image\\\/\"},\"sameAs\":[\"https:\\\/\\\/www.facebook.com\\\/medulinriviera\\\/\",\"https:\\\/\\\/www.instagram.com\\\/medulinriviera\\\/\",\"https:\\\/\\\/www.youtube.com\\\/channel\\\/UCYdC8kYbK9OEmlmeZydpumQ\"]}]}<\/script>\n<!-- \/ Yoast SEO plugin. -->","yoast_head_json":{"title":"Map - Medulin Riviera","robots":{"index":"index","follow":"follow","max-snippet":"max-snippet:-1","max-image-preview":"max-image-preview:large","max-video-preview":"max-video-preview:-1"},"canonical":"https:\/\/www.medulinriviera.info\/sl\/archeological-park-vizula\/map\/","og_locale":"sl_SI","og_type":"article","og_title":"Map - Medulin Riviera","og_description":"PRAVILA RAVNANJA V ARHEOLO\u0160KEM PARKU VI\u017dULA Vse obiskovalce Arheolo\u0161kega parka Vi\u017eula prosimo, da spo\u0161tujejo pravila ravnanja in med bivanjem v...","og_url":"https:\/\/www.medulinriviera.info\/sl\/archeological-park-vizula\/map\/","og_site_name":"Medulin Riviera","article_publisher":"https:\/\/www.facebook.com\/medulinriviera\/","article_modified_time":"2021-06-14T13:41:08+00:00","og_image":[{"width":800,"height":533,"url":"https:\/\/www.medulinriviera.info\/wp-content\/uploads\/2020\/06\/arh_setnja1.jpg","type":"image\/jpeg"}],"twitter_card":"summary_large_image","twitter_misc":{"Est. reading time":"2 minuti"},"schema":{"@context":"https:\/\/schema.org","@graph":[{"@type":"WebPage","@id":"https:\/\/www.medulinriviera.info\/sl\/archeological-park-vizula\/map\/","url":"https:\/\/www.medulinriviera.info\/sl\/archeological-park-vizula\/map\/","name":"Map - Medulin Riviera","isPartOf":{"@id":"https:\/\/www.medulinriviera.info\/sl\/#website"},"primaryImageOfPage":{"@id":"https:\/\/www.medulinriviera.info\/sl\/archeological-park-vizula\/map\/#primaryimage"},"image":{"@id":"https:\/\/www.medulinriviera.info\/sl\/archeological-park-vizula\/map\/#primaryimage"},"thumbnailUrl":"https:\/\/www.medulinriviera.info\/wp-content\/uploads\/2020\/06\/arh_setnja1.jpg","datePublished":"2020-06-04T07:50:45+00:00","dateModified":"2021-06-14T13:41:08+00:00","breadcrumb":{"@id":"https:\/\/www.medulinriviera.info\/sl\/archeological-park-vizula\/map\/#breadcrumb"},"inLanguage":"sl-SI","potentialAction":[{"@type":"ReadAction","target":["https:\/\/www.medulinriviera.info\/sl\/archeological-park-vizula\/map\/"]}]},{"@type":"ImageObject","inLanguage":"sl-SI","@id":"https:\/\/www.medulinriviera.info\/sl\/archeological-park-vizula\/map\/#primaryimage","url":"https:\/\/www.medulinriviera.info\/wp-content\/uploads\/2020\/06\/arh_setnja1.jpg","contentUrl":"https:\/\/www.medulinriviera.info\/wp-content\/uploads\/2020\/06\/arh_setnja1.jpg","width":800,"height":533},{"@type":"BreadcrumbList","@id":"https:\/\/www.medulinriviera.info\/sl\/archeological-park-vizula\/map\/#breadcrumb","itemListElement":[{"@type":"ListItem","position":1,"name":"Home","item":"https:\/\/www.medulinriviera.info\/sl\/"},{"@type":"ListItem","position":2,"name":"Archeological Park Vi\u017eula","item":"https:\/\/www.medulinriviera.info\/sl\/archeological-park-vizula\/"},{"@type":"ListItem","position":3,"name":"Map"}]},{"@type":"WebSite","@id":"https:\/\/www.medulinriviera.info\/sl\/#website","url":"https:\/\/www.medulinriviera.info\/sl\/","name":"Medulin Riviera","description":"The Blue Planet","publisher":{"@id":"https:\/\/www.medulinriviera.info\/sl\/#organization"},"potentialAction":[{"@type":"SearchAction","target":{"@type":"EntryPoint","urlTemplate":"https:\/\/www.medulinriviera.info\/sl\/?s={search_term_string}"},"query-input":{"@type":"PropertyValueSpecification","valueRequired":true,"valueName":"search_term_string"}}],"inLanguage":"sl-SI"},{"@type":"Organization","@id":"https:\/\/www.medulinriviera.info\/sl\/#organization","name":"Medulin Riviera","url":"https:\/\/www.medulinriviera.info\/sl\/","logo":{"@type":"ImageObject","inLanguage":"sl-SI","@id":"https:\/\/www.medulinriviera.info\/sl\/#\/schema\/logo\/image\/","url":"https:\/\/www.medulinriviera.info\/wp-content\/uploads\/2020\/06\/logo-alt.png","contentUrl":"https:\/\/www.medulinriviera.info\/wp-content\/uploads\/2020\/06\/logo-alt.png","width":264,"height":78,"caption":"Medulin Riviera"},"image":{"@id":"https:\/\/www.medulinriviera.info\/sl\/#\/schema\/logo\/image\/"},"sameAs":["https:\/\/www.facebook.com\/medulinriviera\/","https:\/\/www.instagram.com\/medulinriviera\/","https:\/\/www.youtube.com\/channel\/UCYdC8kYbK9OEmlmeZydpumQ"]}]}},"wpml_current_locale":"sl_SI","wpml_translations":[{"locale":"hr","id":10850,"post_title":"Karta","href":"https:\/\/www.medulinriviera.info\/hr\/archeological-park-vizula\/map\/"},{"locale":"en_US","id":10310,"post_title":"Map","href":"https:\/\/www.medulinriviera.info\/archeological-park-vizula\/map\/"},{"locale":"fr_FR","id":10851,"post_title":"Carte du Parc","href":"https:\/\/www.medulinriviera.info\/fr\/archeological-park-vizula\/map\/"},{"locale":"de_DE","id":10852,"post_title":"Map","href":"https:\/\/www.medulinriviera.info\/de\/archeological-park-vizula\/map\/"},{"locale":"it_IT","id":10853,"post_title":"Map","href":"https:\/\/www.medulinriviera.info\/it\/archeological-park-vizula\/map\/"}],"_links":{"self":[{"href":"https:\/\/www.medulinriviera.info\/sl\/wp-json\/wp\/v2\/pages\/10854","targetHints":{"allow":["GET"]}}],"collection":[{"href":"https:\/\/www.medulinriviera.info\/sl\/wp-json\/wp\/v2\/pages"}],"about":[{"href":"https:\/\/www.medulinriviera.info\/sl\/wp-json\/wp\/v2\/types\/page"}],"author":[{"embeddable":true,"href":"https:\/\/www.medulinriviera.info\/sl\/wp-json\/wp\/v2\/users\/1"}],"replies":[{"embeddable":true,"href":"https:\/\/www.medulinriviera.info\/sl\/wp-json\/wp\/v2\/comments?post=10854"}],"version-history":[{"count":0,"href":"https:\/\/www.medulinriviera.info\/sl\/wp-json\/wp\/v2\/pages\/10854\/revisions"}],"up":[{"embeddable":true,"href":"https:\/\/www.medulinriviera.info\/sl\/wp-json\/wp\/v2\/pages\/10862"}],"wp:featuredmedia":[{"embeddable":true,"href":"https:\/\/www.medulinriviera.info\/sl\/wp-json\/wp\/v2\/media\/11119"}],"wp:attachment":[{"href":"https:\/\/www.medulinriviera.info\/sl\/wp-json\/wp\/v2\/media?parent=10854"}],"wp:term":[{"taxonomy":"classificator","embeddable":true,"href":"https:\/\/www.medulinriviera.info\/sl\/wp-json\/wp\/v2\/classificator?post=10854"}],"curies":[{"name":"wp","href":"https:\/\/api.w.org\/{rel}","templated":true}]}}