{"id":32244,"date":"2024-06-05T16:06:24","date_gmt":"2024-06-05T14:06:24","guid":{"rendered":"https:\/\/www.medulinriviera.info\/?page_id=32244"},"modified":"2024-06-13T18:19:53","modified_gmt":"2024-06-13T16:19:53","slug":"vizula-aeterna-festival","status":"publish","type":"page","link":"https:\/\/www.medulinriviera.info\/it\/the-magic-of-music\/vizula-aeterna-festival\/","title":{"rendered":"Vi\u017eulAeterna Festival"},"content":{"rendered":"\n<p>Festival di musica, vino e storia<\/p>\n\n\n\n<p>Parco archeologico Vi\u017eula (Medolino)<\/p>\n\n\n\n<p>Giugno &#8211; settembre 2024<\/p>\n\n\n\n<p>Nello splendido ambiente dell&#8217;antica Vi\u017eula potrete godervi una selezione di eventi musicali e paesaggistici, il tramonto e un bicchiere di vino dell&#8217;Istria meridionale<\/p>\n\n\n\n<figure class=\"wp-block-image size-large\"><img loading=\"lazy\" decoding=\"async\" width=\"856\" height=\"1200\" src=\"https:\/\/www.medulinriviera.info\/wp-content\/uploads\/2024\/06\/vizulaeterena-856x1200.jpg\" alt=\"\" class=\"wp-image-32234\" srcset=\"https:\/\/www.medulinriviera.info\/wp-content\/uploads\/2024\/06\/vizulaeterena-856x1200.jpg 856w, https:\/\/www.medulinriviera.info\/wp-content\/uploads\/2024\/06\/vizulaeterena-214x300.jpg 214w, https:\/\/www.medulinriviera.info\/wp-content\/uploads\/2024\/06\/vizulaeterena-768x1076.jpg 768w, https:\/\/www.medulinriviera.info\/wp-content\/uploads\/2024\/06\/vizulaeterena-1096x1536.jpg 1096w, https:\/\/www.medulinriviera.info\/wp-content\/uploads\/2024\/06\/vizulaeterena.jpg 1427w\" sizes=\"auto, (max-width: 856px) 100vw, 856px\" \/><\/figure>\n","protected":false},"excerpt":{"rendered":"<p>Festival di musica, vino e storia Parco archeologico Vi\u017eula (Medolino) Giugno &#8211; settembre 2024 Nello splendido ambiente dell&#8217;antica Vi\u017eula potrete&#8230;<\/p>\n","protected":false},"author":2,"featured_media":32226,"parent":10336,"menu_order":7,"comment_status":"closed","ping_status":"closed","template":"","meta":{"_acf_changed":false,"footnotes":""},"classificator":[],"class_list":["post-32244","page","type-page","status-publish","has-post-thumbnail","hentry"],"acf":{"video":"","gallery":[""]},"yoast_head":"<!-- This site is optimized with the Yoast SEO plugin v27.3 - https:\/\/yoast.com\/product\/yoast-seo-wordpress\/ -->\n<title>Vi\u017eulAeterna Festival - Medulin Riviera<\/title>\n<meta name=\"robots\" content=\"index, follow, max-snippet:-1, max-image-preview:large, max-video-preview:-1\" \/>\n<link rel=\"canonical\" href=\"https:\/\/www.medulinriviera.info\/it\/the-magic-of-music\/vizula-aeterna-festival\/\" \/>\n<meta property=\"og:locale\" content=\"it_IT\" \/>\n<meta property=\"og:type\" content=\"article\" \/>\n<meta property=\"og:title\" content=\"Vi\u017eulAeterna Festival - Medulin Riviera\" \/>\n<meta property=\"og:description\" content=\"Festival di musica, vino e storia Parco archeologico Vi\u017eula (Medolino) Giugno &#8211; settembre 2024 Nello splendido ambiente dell&#8217;antica Vi\u017eula potrete...\" \/>\n<meta property=\"og:url\" content=\"https:\/\/www.medulinriviera.info\/it\/the-magic-of-music\/vizula-aeterna-festival\/\" \/>\n<meta property=\"og:site_name\" content=\"Medulin Riviera\" \/>\n<meta property=\"article:publisher\" content=\"https:\/\/www.facebook.com\/medulinriviera\/\" \/>\n<meta property=\"article:modified_time\" content=\"2024-06-13T16:19:53+00:00\" \/>\n<meta property=\"og:image\" content=\"https:\/\/www.medulinriviera.info\/wp-content\/uploads\/2024\/06\/VizulaEterna-Header.jpg\" \/>\n\t<meta property=\"og:image:width\" content=\"851\" \/>\n\t<meta property=\"og:image:height\" content=\"315\" \/>\n\t<meta property=\"og:image:type\" content=\"image\/jpeg\" \/>\n<meta name=\"twitter:card\" content=\"summary_large_image\" \/>\n<meta name=\"twitter:label1\" content=\"Tempo di lettura stimato\" \/>\n\t<meta name=\"twitter:data1\" content=\"1 minuto\" \/>\n<script type=\"application\/ld+json\" class=\"yoast-schema-graph\">{\"@context\":\"https:\\\/\\\/schema.org\",\"@graph\":[{\"@type\":\"WebPage\",\"@id\":\"https:\\\/\\\/www.medulinriviera.info\\\/it\\\/the-magic-of-music\\\/vizula-aeterna-festival\\\/\",\"url\":\"https:\\\/\\\/www.medulinriviera.info\\\/it\\\/the-magic-of-music\\\/vizula-aeterna-festival\\\/\",\"name\":\"Vi\u017eulAeterna Festival - Medulin Riviera\",\"isPartOf\":{\"@id\":\"https:\\\/\\\/www.medulinriviera.info\\\/it\\\/#website\"},\"primaryImageOfPage\":{\"@id\":\"https:\\\/\\\/www.medulinriviera.info\\\/it\\\/the-magic-of-music\\\/vizula-aeterna-festival\\\/#primaryimage\"},\"image\":{\"@id\":\"https:\\\/\\\/www.medulinriviera.info\\\/it\\\/the-magic-of-music\\\/vizula-aeterna-festival\\\/#primaryimage\"},\"thumbnailUrl\":\"https:\\\/\\\/www.medulinriviera.info\\\/wp-content\\\/uploads\\\/2024\\\/06\\\/VizulaEterna-Header.jpg\",\"datePublished\":\"2024-06-05T14:06:24+00:00\",\"dateModified\":\"2024-06-13T16:19:53+00:00\",\"breadcrumb\":{\"@id\":\"https:\\\/\\\/www.medulinriviera.info\\\/it\\\/the-magic-of-music\\\/vizula-aeterna-festival\\\/#breadcrumb\"},\"inLanguage\":\"it-IT\",\"potentialAction\":[{\"@type\":\"ReadAction\",\"target\":[\"https:\\\/\\\/www.medulinriviera.info\\\/it\\\/the-magic-of-music\\\/vizula-aeterna-festival\\\/\"]}]},{\"@type\":\"ImageObject\",\"inLanguage\":\"it-IT\",\"@id\":\"https:\\\/\\\/www.medulinriviera.info\\\/it\\\/the-magic-of-music\\\/vizula-aeterna-festival\\\/#primaryimage\",\"url\":\"https:\\\/\\\/www.medulinriviera.info\\\/wp-content\\\/uploads\\\/2024\\\/06\\\/VizulaEterna-Header.jpg\",\"contentUrl\":\"https:\\\/\\\/www.medulinriviera.info\\\/wp-content\\\/uploads\\\/2024\\\/06\\\/VizulaEterna-Header.jpg\",\"width\":851,\"height\":315},{\"@type\":\"BreadcrumbList\",\"@id\":\"https:\\\/\\\/www.medulinriviera.info\\\/it\\\/the-magic-of-music\\\/vizula-aeterna-festival\\\/#breadcrumb\",\"itemListElement\":[{\"@type\":\"ListItem\",\"position\":1,\"name\":\"Home\",\"item\":\"https:\\\/\\\/www.medulinriviera.info\\\/it\\\/\"},{\"@type\":\"ListItem\",\"position\":2,\"name\":\"The Magic of Music\",\"item\":\"https:\\\/\\\/www.medulinriviera.info\\\/it\\\/the-magic-of-music\\\/\"},{\"@type\":\"ListItem\",\"position\":3,\"name\":\"Vi\u017eulAeterna Festival\"}]},{\"@type\":\"WebSite\",\"@id\":\"https:\\\/\\\/www.medulinriviera.info\\\/it\\\/#website\",\"url\":\"https:\\\/\\\/www.medulinriviera.info\\\/it\\\/\",\"name\":\"Medulin Riviera\",\"description\":\"The Blue Planet\",\"publisher\":{\"@id\":\"https:\\\/\\\/www.medulinriviera.info\\\/it\\\/#organization\"},\"potentialAction\":[{\"@type\":\"SearchAction\",\"target\":{\"@type\":\"EntryPoint\",\"urlTemplate\":\"https:\\\/\\\/www.medulinriviera.info\\\/it\\\/?s={search_term_string}\"},\"query-input\":{\"@type\":\"PropertyValueSpecification\",\"valueRequired\":true,\"valueName\":\"search_term_string\"}}],\"inLanguage\":\"it-IT\"},{\"@type\":\"Organization\",\"@id\":\"https:\\\/\\\/www.medulinriviera.info\\\/it\\\/#organization\",\"name\":\"Medulin Riviera\",\"url\":\"https:\\\/\\\/www.medulinriviera.info\\\/it\\\/\",\"logo\":{\"@type\":\"ImageObject\",\"inLanguage\":\"it-IT\",\"@id\":\"https:\\\/\\\/www.medulinriviera.info\\\/it\\\/#\\\/schema\\\/logo\\\/image\\\/\",\"url\":\"https:\\\/\\\/www.medulinriviera.info\\\/wp-content\\\/uploads\\\/2020\\\/06\\\/logo-alt.png\",\"contentUrl\":\"https:\\\/\\\/www.medulinriviera.info\\\/wp-content\\\/uploads\\\/2020\\\/06\\\/logo-alt.png\",\"width\":264,\"height\":78,\"caption\":\"Medulin Riviera\"},\"image\":{\"@id\":\"https:\\\/\\\/www.medulinriviera.info\\\/it\\\/#\\\/schema\\\/logo\\\/image\\\/\"},\"sameAs\":[\"https:\\\/\\\/www.facebook.com\\\/medulinriviera\\\/\",\"https:\\\/\\\/www.instagram.com\\\/medulinriviera\\\/\",\"https:\\\/\\\/www.youtube.com\\\/channel\\\/UCYdC8kYbK9OEmlmeZydpumQ\"]}]}<\/script>\n<!-- \/ Yoast SEO plugin. -->","yoast_head_json":{"title":"Vi\u017eulAeterna Festival - Medulin Riviera","robots":{"index":"index","follow":"follow","max-snippet":"max-snippet:-1","max-image-preview":"max-image-preview:large","max-video-preview":"max-video-preview:-1"},"canonical":"https:\/\/www.medulinriviera.info\/it\/the-magic-of-music\/vizula-aeterna-festival\/","og_locale":"it_IT","og_type":"article","og_title":"Vi\u017eulAeterna Festival - Medulin Riviera","og_description":"Festival di musica, vino e storia Parco archeologico Vi\u017eula (Medolino) Giugno &#8211; settembre 2024 Nello splendido ambiente dell&#8217;antica Vi\u017eula potrete...","og_url":"https:\/\/www.medulinriviera.info\/it\/the-magic-of-music\/vizula-aeterna-festival\/","og_site_name":"Medulin Riviera","article_publisher":"https:\/\/www.facebook.com\/medulinriviera\/","article_modified_time":"2024-06-13T16:19:53+00:00","og_image":[{"width":851,"height":315,"url":"https:\/\/www.medulinriviera.info\/wp-content\/uploads\/2024\/06\/VizulaEterna-Header.jpg","type":"image\/jpeg"}],"twitter_card":"summary_large_image","twitter_misc":{"Tempo di lettura stimato":"1 minuto"},"schema":{"@context":"https:\/\/schema.org","@graph":[{"@type":"WebPage","@id":"https:\/\/www.medulinriviera.info\/it\/the-magic-of-music\/vizula-aeterna-festival\/","url":"https:\/\/www.medulinriviera.info\/it\/the-magic-of-music\/vizula-aeterna-festival\/","name":"Vi\u017eulAeterna Festival - Medulin Riviera","isPartOf":{"@id":"https:\/\/www.medulinriviera.info\/it\/#website"},"primaryImageOfPage":{"@id":"https:\/\/www.medulinriviera.info\/it\/the-magic-of-music\/vizula-aeterna-festival\/#primaryimage"},"image":{"@id":"https:\/\/www.medulinriviera.info\/it\/the-magic-of-music\/vizula-aeterna-festival\/#primaryimage"},"thumbnailUrl":"https:\/\/www.medulinriviera.info\/wp-content\/uploads\/2024\/06\/VizulaEterna-Header.jpg","datePublished":"2024-06-05T14:06:24+00:00","dateModified":"2024-06-13T16:19:53+00:00","breadcrumb":{"@id":"https:\/\/www.medulinriviera.info\/it\/the-magic-of-music\/vizula-aeterna-festival\/#breadcrumb"},"inLanguage":"it-IT","potentialAction":[{"@type":"ReadAction","target":["https:\/\/www.medulinriviera.info\/it\/the-magic-of-music\/vizula-aeterna-festival\/"]}]},{"@type":"ImageObject","inLanguage":"it-IT","@id":"https:\/\/www.medulinriviera.info\/it\/the-magic-of-music\/vizula-aeterna-festival\/#primaryimage","url":"https:\/\/www.medulinriviera.info\/wp-content\/uploads\/2024\/06\/VizulaEterna-Header.jpg","contentUrl":"https:\/\/www.medulinriviera.info\/wp-content\/uploads\/2024\/06\/VizulaEterna-Header.jpg","width":851,"height":315},{"@type":"BreadcrumbList","@id":"https:\/\/www.medulinriviera.info\/it\/the-magic-of-music\/vizula-aeterna-festival\/#breadcrumb","itemListElement":[{"@type":"ListItem","position":1,"name":"Home","item":"https:\/\/www.medulinriviera.info\/it\/"},{"@type":"ListItem","position":2,"name":"The Magic of Music","item":"https:\/\/www.medulinriviera.info\/it\/the-magic-of-music\/"},{"@type":"ListItem","position":3,"name":"Vi\u017eulAeterna Festival"}]},{"@type":"WebSite","@id":"https:\/\/www.medulinriviera.info\/it\/#website","url":"https:\/\/www.medulinriviera.info\/it\/","name":"Medulin Riviera","description":"The Blue Planet","publisher":{"@id":"https:\/\/www.medulinriviera.info\/it\/#organization"},"potentialAction":[{"@type":"SearchAction","target":{"@type":"EntryPoint","urlTemplate":"https:\/\/www.medulinriviera.info\/it\/?s={search_term_string}"},"query-input":{"@type":"PropertyValueSpecification","valueRequired":true,"valueName":"search_term_string"}}],"inLanguage":"it-IT"},{"@type":"Organization","@id":"https:\/\/www.medulinriviera.info\/it\/#organization","name":"Medulin Riviera","url":"https:\/\/www.medulinriviera.info\/it\/","logo":{"@type":"ImageObject","inLanguage":"it-IT","@id":"https:\/\/www.medulinriviera.info\/it\/#\/schema\/logo\/image\/","url":"https:\/\/www.medulinriviera.info\/wp-content\/uploads\/2020\/06\/logo-alt.png","contentUrl":"https:\/\/www.medulinriviera.info\/wp-content\/uploads\/2020\/06\/logo-alt.png","width":264,"height":78,"caption":"Medulin Riviera"},"image":{"@id":"https:\/\/www.medulinriviera.info\/it\/#\/schema\/logo\/image\/"},"sameAs":["https:\/\/www.facebook.com\/medulinriviera\/","https:\/\/www.instagram.com\/medulinriviera\/","https:\/\/www.youtube.com\/channel\/UCYdC8kYbK9OEmlmeZydpumQ"]}]}},"wpml_current_locale":"it_IT","wpml_translations":[{"locale":"hr","id":32238,"post_title":"Vi\u017eulAeterna Festival","href":"https:\/\/www.medulinriviera.info\/hr\/the-magic-of-music\/vizula-aeterna-festival\/"},{"locale":"en_US","id":32221,"post_title":"Vi\u017eulAeterna Festival","href":"https:\/\/www.medulinriviera.info\/the-magic-of-music\/vizula-eterna-festival\/"},{"locale":"fr_FR","id":32240,"post_title":"Vi\u017eulAeterna Festival","href":"https:\/\/www.medulinriviera.info\/fr\/the-magic-of-music\/vizula-aeterna-festival\/"},{"locale":"de_DE","id":32242,"post_title":"Vi\u017eulAeterna Festival","href":"https:\/\/www.medulinriviera.info\/de\/the-magic-of-music\/vizula-aeterna-festival\/"}],"_links":{"self":[{"href":"https:\/\/www.medulinriviera.info\/it\/wp-json\/wp\/v2\/pages\/32244","targetHints":{"allow":["GET"]}}],"collection":[{"href":"https:\/\/www.medulinriviera.info\/it\/wp-json\/wp\/v2\/pages"}],"about":[{"href":"https:\/\/www.medulinriviera.info\/it\/wp-json\/wp\/v2\/types\/page"}],"author":[{"embeddable":true,"href":"https:\/\/www.medulinriviera.info\/it\/wp-json\/wp\/v2\/users\/2"}],"replies":[{"embeddable":true,"href":"https:\/\/www.medulinriviera.info\/it\/wp-json\/wp\/v2\/comments?post=32244"}],"version-history":[{"count":2,"href":"https:\/\/www.medulinriviera.info\/it\/wp-json\/wp\/v2\/pages\/32244\/revisions"}],"predecessor-version":[{"id":32417,"href":"https:\/\/www.medulinriviera.info\/it\/wp-json\/wp\/v2\/pages\/32244\/revisions\/32417"}],"up":[{"embeddable":true,"href":"https:\/\/www.medulinriviera.info\/it\/wp-json\/wp\/v2\/pages\/10336"}],"acf:attachment":[{"embeddable":true,"href":"https:\/\/www.medulinriviera.info\/it\/wp-json\/wp\/v2\/media\/"}],"wp:featuredmedia":[{"embeddable":true,"href":"https:\/\/www.medulinriviera.info\/it\/wp-json\/wp\/v2\/media\/32226"}],"wp:attachment":[{"href":"https:\/\/www.medulinriviera.info\/it\/wp-json\/wp\/v2\/media?parent=32244"}],"wp:term":[{"taxonomy":"classificator","embeddable":true,"href":"https:\/\/www.medulinriviera.info\/it\/wp-json\/wp\/v2\/classificator?post=32244"}],"curies":[{"name":"wp","href":"https:\/\/api.w.org\/{rel}","templated":true}]}}