{"id":26961,"date":"2022-10-13T15:26:36","date_gmt":"2022-10-13T13:26:36","guid":{"rendered":"https:\/\/www.medulinriviera.info\/the-magic-of-music\/fishermens-a-cappella-nights\/"},"modified":"2023-06-12T15:13:28","modified_gmt":"2023-06-12T13:13:28","slug":"fishermens-a-cappella-nights","status":"publish","type":"page","link":"https:\/\/www.medulinriviera.info\/it\/the-magic-of-music\/fishermens-a-cappella-nights\/","title":{"rendered":"Fishermen\u00b4s A Cappella Nights"},"content":{"rendered":"\n<h3 class=\"wp-block-heading has-text-align-center\">Canti a cappella<br>Sardine e vino<br>Atmosfera mediterranea<\/h3>\n\n\n\n<h3 class=\"wp-block-heading has-text-align-center\"><br><br><\/h3>\n\n\n\n<div class=\"wp-block-columns is-layout-flex wp-container-core-columns-is-layout-9d6595d7 wp-block-columns-is-layout-flex\">\n<div class=\"wp-block-column is-layout-flow wp-block-column-is-layout-flow\" style=\"flex-basis:100%\">\n<div class=\"wp-block-group\"><div class=\"wp-block-group__inner-container is-layout-flow wp-block-group-is-layout-flow\">\n<div class=\"wp-block-cover\"><span aria-hidden=\"true\" class=\"wp-block-cover__background has-background-dim\"><\/span><img loading=\"lazy\" decoding=\"async\" width=\"2000\" height=\"1334\" class=\"wp-block-cover__image-background wp-image-26895\" alt=\"\" src=\"https:\/\/www.medulinriviera.info\/wp-content\/uploads\/2022\/10\/TZOM-RibarskeKlapskeVeceri-Premantura4-MedVid-scaled.jpg\" data-object-fit=\"cover\" srcset=\"https:\/\/www.medulinriviera.info\/wp-content\/uploads\/2022\/10\/TZOM-RibarskeKlapskeVeceri-Premantura4-MedVid-scaled.jpg 2000w, https:\/\/www.medulinriviera.info\/wp-content\/uploads\/2022\/10\/TZOM-RibarskeKlapskeVeceri-Premantura4-MedVid-300x200.jpg 300w, https:\/\/www.medulinriviera.info\/wp-content\/uploads\/2022\/10\/TZOM-RibarskeKlapskeVeceri-Premantura4-MedVid-1600x1067.jpg 1600w, https:\/\/www.medulinriviera.info\/wp-content\/uploads\/2022\/10\/TZOM-RibarskeKlapskeVeceri-Premantura4-MedVid-768x512.jpg 768w, https:\/\/www.medulinriviera.info\/wp-content\/uploads\/2022\/10\/TZOM-RibarskeKlapskeVeceri-Premantura4-MedVid-1536x1024.jpg 1536w, https:\/\/www.medulinriviera.info\/wp-content\/uploads\/2022\/10\/TZOM-RibarskeKlapskeVeceri-Premantura4-MedVid-2048x1365.jpg 2048w\" sizes=\"auto, (max-width: 2000px) 100vw, 2000px\" \/><div class=\"wp-block-cover__inner-container is-layout-flow wp-block-cover-is-layout-flow\">\n<div class=\"wp-block-group\"><div class=\"wp-block-group__inner-container is-layout-flow wp-block-group-is-layout-flow\">\n<figure class=\"wp-block-gallery aligncenter has-nested-images columns-default is-cropped wp-block-gallery-1 is-layout-flex wp-block-gallery-is-layout-flex\">\n<figure class=\"wp-block-image size-large\"><img loading=\"lazy\" decoding=\"async\" width=\"2000\" height=\"1324\" data-id=\"26841\" src=\"https:\/\/www.medulinriviera.info\/wp-content\/uploads\/2022\/10\/TZOM-RibarskeKlapskeVeceri-Medulin8-MedVid-scaled.jpg\" alt=\"\" class=\"wp-image-26841\" srcset=\"https:\/\/www.medulinriviera.info\/wp-content\/uploads\/2022\/10\/TZOM-RibarskeKlapskeVeceri-Medulin8-MedVid-scaled.jpg 2000w, https:\/\/www.medulinriviera.info\/wp-content\/uploads\/2022\/10\/TZOM-RibarskeKlapskeVeceri-Medulin8-MedVid-300x199.jpg 300w, https:\/\/www.medulinriviera.info\/wp-content\/uploads\/2022\/10\/TZOM-RibarskeKlapskeVeceri-Medulin8-MedVid-1600x1059.jpg 1600w, https:\/\/www.medulinriviera.info\/wp-content\/uploads\/2022\/10\/TZOM-RibarskeKlapskeVeceri-Medulin8-MedVid-768x509.jpg 768w, https:\/\/www.medulinriviera.info\/wp-content\/uploads\/2022\/10\/TZOM-RibarskeKlapskeVeceri-Medulin8-MedVid-1536x1017.jpg 1536w, https:\/\/www.medulinriviera.info\/wp-content\/uploads\/2022\/10\/TZOM-RibarskeKlapskeVeceri-Medulin8-MedVid-2048x1356.jpg 2048w\" sizes=\"auto, (max-width: 2000px) 100vw, 2000px\" \/><\/figure>\n\n\n\n<figure class=\"wp-block-image size-large\"><img loading=\"lazy\" decoding=\"async\" width=\"2000\" height=\"1335\" data-id=\"26805\" src=\"https:\/\/www.medulinriviera.info\/wp-content\/uploads\/2022\/10\/TZOM-RibarskeKlapskeVeceri-Medulin2-MedVid-scaled.jpg\" alt=\"\" class=\"wp-image-26805\" srcset=\"https:\/\/www.medulinriviera.info\/wp-content\/uploads\/2022\/10\/TZOM-RibarskeKlapskeVeceri-Medulin2-MedVid-scaled.jpg 2000w, https:\/\/www.medulinriviera.info\/wp-content\/uploads\/2022\/10\/TZOM-RibarskeKlapskeVeceri-Medulin2-MedVid-300x200.jpg 300w, https:\/\/www.medulinriviera.info\/wp-content\/uploads\/2022\/10\/TZOM-RibarskeKlapskeVeceri-Medulin2-MedVid-1600x1068.jpg 1600w, https:\/\/www.medulinriviera.info\/wp-content\/uploads\/2022\/10\/TZOM-RibarskeKlapskeVeceri-Medulin2-MedVid-768x513.jpg 768w, https:\/\/www.medulinriviera.info\/wp-content\/uploads\/2022\/10\/TZOM-RibarskeKlapskeVeceri-Medulin2-MedVid-1536x1025.jpg 1536w, https:\/\/www.medulinriviera.info\/wp-content\/uploads\/2022\/10\/TZOM-RibarskeKlapskeVeceri-Medulin2-MedVid-2048x1367.jpg 2048w\" sizes=\"auto, (max-width: 2000px) 100vw, 2000px\" \/><\/figure>\n\n\n\n<figure class=\"wp-block-image size-large\"><img loading=\"lazy\" decoding=\"async\" width=\"2000\" height=\"1334\" data-id=\"26763\" src=\"https:\/\/www.medulinriviera.info\/wp-content\/uploads\/2022\/10\/TZOM-RibarskeKlapskeVeceri-Banjole5-MedVid-scaled.jpg\" alt=\"\" class=\"wp-image-26763\" srcset=\"https:\/\/www.medulinriviera.info\/wp-content\/uploads\/2022\/10\/TZOM-RibarskeKlapskeVeceri-Banjole5-MedVid-scaled.jpg 2000w, https:\/\/www.medulinriviera.info\/wp-content\/uploads\/2022\/10\/TZOM-RibarskeKlapskeVeceri-Banjole5-MedVid-300x200.jpg 300w, https:\/\/www.medulinriviera.info\/wp-content\/uploads\/2022\/10\/TZOM-RibarskeKlapskeVeceri-Banjole5-MedVid-1600x1067.jpg 1600w, https:\/\/www.medulinriviera.info\/wp-content\/uploads\/2022\/10\/TZOM-RibarskeKlapskeVeceri-Banjole5-MedVid-768x512.jpg 768w, https:\/\/www.medulinriviera.info\/wp-content\/uploads\/2022\/10\/TZOM-RibarskeKlapskeVeceri-Banjole5-MedVid-1536x1024.jpg 1536w, https:\/\/www.medulinriviera.info\/wp-content\/uploads\/2022\/10\/TZOM-RibarskeKlapskeVeceri-Banjole5-MedVid-2048x1365.jpg 2048w\" sizes=\"auto, (max-width: 2000px) 100vw, 2000px\" \/><\/figure>\n<\/figure>\n<\/div><\/div>\n\n\n\n<figure class=\"wp-block-image size-large\"><img loading=\"lazy\" decoding=\"async\" width=\"1600\" height=\"1067\" src=\"https:\/\/www.medulinriviera.info\/wp-content\/uploads\/2022\/10\/TZOM-RibarskeKlapskeVeceri-Premantura4-MedVid-1600x1067.jpg\" alt=\"\" class=\"wp-image-26895\" srcset=\"https:\/\/www.medulinriviera.info\/wp-content\/uploads\/2022\/10\/TZOM-RibarskeKlapskeVeceri-Premantura4-MedVid-1600x1067.jpg 1600w, https:\/\/www.medulinriviera.info\/wp-content\/uploads\/2022\/10\/TZOM-RibarskeKlapskeVeceri-Premantura4-MedVid-300x200.jpg 300w, https:\/\/www.medulinriviera.info\/wp-content\/uploads\/2022\/10\/TZOM-RibarskeKlapskeVeceri-Premantura4-MedVid-768x512.jpg 768w, https:\/\/www.medulinriviera.info\/wp-content\/uploads\/2022\/10\/TZOM-RibarskeKlapskeVeceri-Premantura4-MedVid-1536x1024.jpg 1536w, https:\/\/www.medulinriviera.info\/wp-content\/uploads\/2022\/10\/TZOM-RibarskeKlapskeVeceri-Premantura4-MedVid-2048x1365.jpg 2048w, https:\/\/www.medulinriviera.info\/wp-content\/uploads\/2022\/10\/TZOM-RibarskeKlapskeVeceri-Premantura4-MedVid-scaled.jpg 2000w\" sizes=\"auto, (max-width: 1600px) 100vw, 1600px\" \/><\/figure>\n<\/div><\/div>\n<\/div><\/div>\n<\/div>\n<\/div>\n\n\n\n<p class=\"has-text-align-center\">Nella Riviera di Medulin un tempo si viveva di mare e di pesca. Lo stile di vita dei pescatori e delle loro famiglie \u2013 che oggi spesso viene visto come lo stile di vita mediterraneo \u2013 comprende, a parte il mare e il pesce, anche le attivit\u00e0 dei pescatori nel loro tempo libero. Ed \u00e8 qui che entra in scena il canto con il quale ingannavano il tempo mentre riparavano le reti, mettevano il pesce sotto sale e sbrigavano altre faccende quotidiane. \u00c8 con il canto che i pescatori, gente laboriosa e diligente, rendeva pi\u00f9 gradita la loro vita quotidiana difficile e faticosa. Quando entrambe le mani dei pescatori sono impegnate a remare, a tirare le reti o a pulire il pesce, allora non possono tenere uno strumento musicale, per cui canticchiavano sottovoce.<\/p>\n\n\n\n<figure class=\"wp-block-embed aligncenter is-type-video is-provider-youtube wp-block-embed-youtube wp-embed-aspect-16-9 wp-has-aspect-ratio\"><div class=\"wp-block-embed__wrapper\">\n<iframe loading=\"lazy\" title=\"Ribarske klapske ve\u010deri 2022 - Medulin Riviera\" width=\"500\" height=\"281\" src=\"https:\/\/www.youtube.com\/embed\/UJvTXuJDEZk?feature=oembed\" frameborder=\"0\" allow=\"accelerometer; autoplay; clipboard-write; encrypted-media; gyroscope; picture-in-picture; web-share\" referrerpolicy=\"strict-origin-when-cross-origin\" allowfullscreen><\/iframe>\n<\/div><\/figure>\n\n\n\n<p class=\"has-text-align-center\">\u00c8 cos\u00ec che il pesce \u2013 perlopi\u00f9 le sardine, perch\u00e9 il pesce di qualit\u00e0 lo vendevano \u2013 il vino e il canto sono spontaneamente diventati un tutt\u2019uno e parte della tradizione e del patrimonio dei pescatori e di conseguenza il canto a cappella \u00e8 diventato parte essenziale della vita della comunit\u00e0 locale.<\/p>\n\n\n\n<figure class=\"wp-block-embed aligncenter is-type-video is-provider-youtube wp-block-embed-youtube wp-embed-aspect-16-9 wp-has-aspect-ratio\"><div class=\"wp-block-embed__wrapper\">\n<iframe loading=\"lazy\" title=\"Ribarske klapske ve\u010deri 2022 - Medulin Riviera\" width=\"500\" height=\"281\" src=\"https:\/\/www.youtube.com\/embed\/5xX84Vt7kSA?feature=oembed\" frameborder=\"0\" allow=\"accelerometer; autoplay; clipboard-write; encrypted-media; gyroscope; picture-in-picture; web-share\" referrerpolicy=\"strict-origin-when-cross-origin\" allowfullscreen><\/iframe>\n<\/div><\/figure>\n\n\n\n<p class=\"has-text-align-center\">\u00c8 in questi tempi remoti che vi porteranno le Serate di pesce e musica a cappella che nei mesi estivi si svolgono a Medulin e Premantura.<\/p>\n\n\n\n<p class=\"has-text-align-center\">Le date delle manifestazioni:<\/p>\n\n\n\n<p class=\"has-text-align-center\"> 20. giugno 2023 Medulin &#8211; lungomare, piazza del mulino a vento<\/p>\n\n\n\n<p class=\"has-text-align-center\">04. Luglio 2023 Medulin &#8211; Lungomare, piazza del mulino a vento<\/p>\n\n\n\n<p class=\"has-text-align-center\">12. luglio 2023 Premantura &#8211; piazza principale<\/p>\n\n\n\n<p class=\"has-text-align-center\">23 agosto 2023 Premantura &#8211; piazza principale<\/p>\n\n\n\n<p class=\"has-text-align-center\">29. agosto 2023 Medulin &#8211; Lungomare, piazza del mulino a vento<\/p>\n\n\n\n<p class=\"has-text-align-center\">12. settembre 2023 Medolino &#8211; Lungomare, Piazza dei mulini a vento<\/p>\n\n\n\n<p class=\"has-text-align-center\">19:00 &#8211; 23:00<\/p>\n\n\n\n<p><\/p>\n\n\n\n<p><\/p>\n","protected":false},"excerpt":{"rendered":"<p>Canti a cappellaSardine e vinoAtmosfera mediterranea Nella Riviera di Medulin un tempo si viveva di mare e di pesca. Lo&#8230;<\/p>\n","protected":false},"author":2,"featured_media":26797,"parent":10336,"menu_order":9,"comment_status":"closed","ping_status":"closed","template":"","meta":{"_acf_changed":false,"footnotes":""},"classificator":[],"class_list":["post-26961","page","type-page","status-publish","has-post-thumbnail","hentry"],"acf":{"video":"","gallery":[""]},"yoast_head":"<!-- This site is optimized with the Yoast SEO plugin v27.3 - https:\/\/yoast.com\/product\/yoast-seo-wordpress\/ -->\n<title>Fishermen\u00b4s A Cappella Nights - Medulin Riviera<\/title>\n<meta name=\"robots\" content=\"index, follow, max-snippet:-1, max-image-preview:large, max-video-preview:-1\" \/>\n<link rel=\"canonical\" href=\"https:\/\/www.medulinriviera.info\/it\/the-magic-of-music\/fishermens-a-cappella-nights\/\" \/>\n<meta property=\"og:locale\" content=\"it_IT\" \/>\n<meta property=\"og:type\" content=\"article\" \/>\n<meta property=\"og:title\" content=\"Fishermen\u00b4s A Cappella Nights - Medulin Riviera\" \/>\n<meta property=\"og:description\" content=\"Canti a cappellaSardine e vinoAtmosfera mediterranea Nella Riviera di Medulin un tempo si viveva di mare e di pesca. Lo...\" \/>\n<meta property=\"og:url\" content=\"https:\/\/www.medulinriviera.info\/it\/the-magic-of-music\/fishermens-a-cappella-nights\/\" \/>\n<meta property=\"og:site_name\" content=\"Medulin Riviera\" \/>\n<meta property=\"article:publisher\" content=\"https:\/\/www.facebook.com\/medulinriviera\/\" \/>\n<meta property=\"article:modified_time\" content=\"2023-06-12T13:13:28+00:00\" \/>\n<meta property=\"og:image\" content=\"https:\/\/www.medulinriviera.info\/wp-content\/uploads\/2022\/10\/TZOM-RibarskeKlapskeVeceri-Banjole10-MedVid-scaled.jpg\" \/>\n\t<meta property=\"og:image:width\" content=\"2560\" \/>\n\t<meta property=\"og:image:height\" content=\"1438\" \/>\n\t<meta property=\"og:image:type\" content=\"image\/jpeg\" \/>\n<meta name=\"twitter:card\" content=\"summary_large_image\" \/>\n<meta name=\"twitter:label1\" content=\"Tempo di lettura stimato\" \/>\n\t<meta name=\"twitter:data1\" content=\"3 minuti\" \/>\n<script type=\"application\/ld+json\" class=\"yoast-schema-graph\">{\"@context\":\"https:\\\/\\\/schema.org\",\"@graph\":[{\"@type\":\"WebPage\",\"@id\":\"https:\\\/\\\/www.medulinriviera.info\\\/it\\\/the-magic-of-music\\\/fishermens-a-cappella-nights\\\/\",\"url\":\"https:\\\/\\\/www.medulinriviera.info\\\/it\\\/the-magic-of-music\\\/fishermens-a-cappella-nights\\\/\",\"name\":\"Fishermen\u00b4s A Cappella Nights - Medulin Riviera\",\"isPartOf\":{\"@id\":\"https:\\\/\\\/www.medulinriviera.info\\\/it\\\/#website\"},\"primaryImageOfPage\":{\"@id\":\"https:\\\/\\\/www.medulinriviera.info\\\/it\\\/the-magic-of-music\\\/fishermens-a-cappella-nights\\\/#primaryimage\"},\"image\":{\"@id\":\"https:\\\/\\\/www.medulinriviera.info\\\/it\\\/the-magic-of-music\\\/fishermens-a-cappella-nights\\\/#primaryimage\"},\"thumbnailUrl\":\"https:\\\/\\\/www.medulinriviera.info\\\/wp-content\\\/uploads\\\/2022\\\/10\\\/TZOM-RibarskeKlapskeVeceri-Banjole10-MedVid-scaled.jpg\",\"datePublished\":\"2022-10-13T13:26:36+00:00\",\"dateModified\":\"2023-06-12T13:13:28+00:00\",\"breadcrumb\":{\"@id\":\"https:\\\/\\\/www.medulinriviera.info\\\/it\\\/the-magic-of-music\\\/fishermens-a-cappella-nights\\\/#breadcrumb\"},\"inLanguage\":\"it-IT\",\"potentialAction\":[{\"@type\":\"ReadAction\",\"target\":[\"https:\\\/\\\/www.medulinriviera.info\\\/it\\\/the-magic-of-music\\\/fishermens-a-cappella-nights\\\/\"]}]},{\"@type\":\"ImageObject\",\"inLanguage\":\"it-IT\",\"@id\":\"https:\\\/\\\/www.medulinriviera.info\\\/it\\\/the-magic-of-music\\\/fishermens-a-cappella-nights\\\/#primaryimage\",\"url\":\"https:\\\/\\\/www.medulinriviera.info\\\/wp-content\\\/uploads\\\/2022\\\/10\\\/TZOM-RibarskeKlapskeVeceri-Banjole10-MedVid-scaled.jpg\",\"contentUrl\":\"https:\\\/\\\/www.medulinriviera.info\\\/wp-content\\\/uploads\\\/2022\\\/10\\\/TZOM-RibarskeKlapskeVeceri-Banjole10-MedVid-scaled.jpg\",\"width\":2560,\"height\":1438},{\"@type\":\"BreadcrumbList\",\"@id\":\"https:\\\/\\\/www.medulinriviera.info\\\/it\\\/the-magic-of-music\\\/fishermens-a-cappella-nights\\\/#breadcrumb\",\"itemListElement\":[{\"@type\":\"ListItem\",\"position\":1,\"name\":\"Home\",\"item\":\"https:\\\/\\\/www.medulinriviera.info\\\/it\\\/\"},{\"@type\":\"ListItem\",\"position\":2,\"name\":\"The Magic of Music\",\"item\":\"https:\\\/\\\/www.medulinriviera.info\\\/it\\\/the-magic-of-music\\\/\"},{\"@type\":\"ListItem\",\"position\":3,\"name\":\"Fishermen\u00b4s A Cappella Nights\"}]},{\"@type\":\"WebSite\",\"@id\":\"https:\\\/\\\/www.medulinriviera.info\\\/it\\\/#website\",\"url\":\"https:\\\/\\\/www.medulinriviera.info\\\/it\\\/\",\"name\":\"Medulin Riviera\",\"description\":\"The Blue Planet\",\"publisher\":{\"@id\":\"https:\\\/\\\/www.medulinriviera.info\\\/it\\\/#organization\"},\"potentialAction\":[{\"@type\":\"SearchAction\",\"target\":{\"@type\":\"EntryPoint\",\"urlTemplate\":\"https:\\\/\\\/www.medulinriviera.info\\\/it\\\/?s={search_term_string}\"},\"query-input\":{\"@type\":\"PropertyValueSpecification\",\"valueRequired\":true,\"valueName\":\"search_term_string\"}}],\"inLanguage\":\"it-IT\"},{\"@type\":\"Organization\",\"@id\":\"https:\\\/\\\/www.medulinriviera.info\\\/it\\\/#organization\",\"name\":\"Medulin Riviera\",\"url\":\"https:\\\/\\\/www.medulinriviera.info\\\/it\\\/\",\"logo\":{\"@type\":\"ImageObject\",\"inLanguage\":\"it-IT\",\"@id\":\"https:\\\/\\\/www.medulinriviera.info\\\/it\\\/#\\\/schema\\\/logo\\\/image\\\/\",\"url\":\"https:\\\/\\\/www.medulinriviera.info\\\/wp-content\\\/uploads\\\/2020\\\/06\\\/logo-alt.png\",\"contentUrl\":\"https:\\\/\\\/www.medulinriviera.info\\\/wp-content\\\/uploads\\\/2020\\\/06\\\/logo-alt.png\",\"width\":264,\"height\":78,\"caption\":\"Medulin Riviera\"},\"image\":{\"@id\":\"https:\\\/\\\/www.medulinriviera.info\\\/it\\\/#\\\/schema\\\/logo\\\/image\\\/\"},\"sameAs\":[\"https:\\\/\\\/www.facebook.com\\\/medulinriviera\\\/\",\"https:\\\/\\\/www.instagram.com\\\/medulinriviera\\\/\",\"https:\\\/\\\/www.youtube.com\\\/channel\\\/UCYdC8kYbK9OEmlmeZydpumQ\"]}]}<\/script>\n<!-- \/ Yoast SEO plugin. -->","yoast_head_json":{"title":"Fishermen\u00b4s A Cappella Nights - Medulin Riviera","robots":{"index":"index","follow":"follow","max-snippet":"max-snippet:-1","max-image-preview":"max-image-preview:large","max-video-preview":"max-video-preview:-1"},"canonical":"https:\/\/www.medulinriviera.info\/it\/the-magic-of-music\/fishermens-a-cappella-nights\/","og_locale":"it_IT","og_type":"article","og_title":"Fishermen\u00b4s A Cappella Nights - Medulin Riviera","og_description":"Canti a cappellaSardine e vinoAtmosfera mediterranea Nella Riviera di Medulin un tempo si viveva di mare e di pesca. Lo...","og_url":"https:\/\/www.medulinriviera.info\/it\/the-magic-of-music\/fishermens-a-cappella-nights\/","og_site_name":"Medulin Riviera","article_publisher":"https:\/\/www.facebook.com\/medulinriviera\/","article_modified_time":"2023-06-12T13:13:28+00:00","og_image":[{"width":2560,"height":1438,"url":"https:\/\/www.medulinriviera.info\/wp-content\/uploads\/2022\/10\/TZOM-RibarskeKlapskeVeceri-Banjole10-MedVid-scaled.jpg","type":"image\/jpeg"}],"twitter_card":"summary_large_image","twitter_misc":{"Tempo di lettura stimato":"3 minuti"},"schema":{"@context":"https:\/\/schema.org","@graph":[{"@type":"WebPage","@id":"https:\/\/www.medulinriviera.info\/it\/the-magic-of-music\/fishermens-a-cappella-nights\/","url":"https:\/\/www.medulinriviera.info\/it\/the-magic-of-music\/fishermens-a-cappella-nights\/","name":"Fishermen\u00b4s A Cappella Nights - Medulin Riviera","isPartOf":{"@id":"https:\/\/www.medulinriviera.info\/it\/#website"},"primaryImageOfPage":{"@id":"https:\/\/www.medulinriviera.info\/it\/the-magic-of-music\/fishermens-a-cappella-nights\/#primaryimage"},"image":{"@id":"https:\/\/www.medulinriviera.info\/it\/the-magic-of-music\/fishermens-a-cappella-nights\/#primaryimage"},"thumbnailUrl":"https:\/\/www.medulinriviera.info\/wp-content\/uploads\/2022\/10\/TZOM-RibarskeKlapskeVeceri-Banjole10-MedVid-scaled.jpg","datePublished":"2022-10-13T13:26:36+00:00","dateModified":"2023-06-12T13:13:28+00:00","breadcrumb":{"@id":"https:\/\/www.medulinriviera.info\/it\/the-magic-of-music\/fishermens-a-cappella-nights\/#breadcrumb"},"inLanguage":"it-IT","potentialAction":[{"@type":"ReadAction","target":["https:\/\/www.medulinriviera.info\/it\/the-magic-of-music\/fishermens-a-cappella-nights\/"]}]},{"@type":"ImageObject","inLanguage":"it-IT","@id":"https:\/\/www.medulinriviera.info\/it\/the-magic-of-music\/fishermens-a-cappella-nights\/#primaryimage","url":"https:\/\/www.medulinriviera.info\/wp-content\/uploads\/2022\/10\/TZOM-RibarskeKlapskeVeceri-Banjole10-MedVid-scaled.jpg","contentUrl":"https:\/\/www.medulinriviera.info\/wp-content\/uploads\/2022\/10\/TZOM-RibarskeKlapskeVeceri-Banjole10-MedVid-scaled.jpg","width":2560,"height":1438},{"@type":"BreadcrumbList","@id":"https:\/\/www.medulinriviera.info\/it\/the-magic-of-music\/fishermens-a-cappella-nights\/#breadcrumb","itemListElement":[{"@type":"ListItem","position":1,"name":"Home","item":"https:\/\/www.medulinriviera.info\/it\/"},{"@type":"ListItem","position":2,"name":"The Magic of Music","item":"https:\/\/www.medulinriviera.info\/it\/the-magic-of-music\/"},{"@type":"ListItem","position":3,"name":"Fishermen\u00b4s A Cappella Nights"}]},{"@type":"WebSite","@id":"https:\/\/www.medulinriviera.info\/it\/#website","url":"https:\/\/www.medulinriviera.info\/it\/","name":"Medulin Riviera","description":"The Blue Planet","publisher":{"@id":"https:\/\/www.medulinriviera.info\/it\/#organization"},"potentialAction":[{"@type":"SearchAction","target":{"@type":"EntryPoint","urlTemplate":"https:\/\/www.medulinriviera.info\/it\/?s={search_term_string}"},"query-input":{"@type":"PropertyValueSpecification","valueRequired":true,"valueName":"search_term_string"}}],"inLanguage":"it-IT"},{"@type":"Organization","@id":"https:\/\/www.medulinriviera.info\/it\/#organization","name":"Medulin Riviera","url":"https:\/\/www.medulinriviera.info\/it\/","logo":{"@type":"ImageObject","inLanguage":"it-IT","@id":"https:\/\/www.medulinriviera.info\/it\/#\/schema\/logo\/image\/","url":"https:\/\/www.medulinriviera.info\/wp-content\/uploads\/2020\/06\/logo-alt.png","contentUrl":"https:\/\/www.medulinriviera.info\/wp-content\/uploads\/2020\/06\/logo-alt.png","width":264,"height":78,"caption":"Medulin Riviera"},"image":{"@id":"https:\/\/www.medulinriviera.info\/it\/#\/schema\/logo\/image\/"},"sameAs":["https:\/\/www.facebook.com\/medulinriviera\/","https:\/\/www.instagram.com\/medulinriviera\/","https:\/\/www.youtube.com\/channel\/UCYdC8kYbK9OEmlmeZydpumQ"]}]}},"wpml_current_locale":"it_IT","wpml_translations":[{"locale":"hr","id":26955,"post_title":"Ribarske klapske ve\u010deri","href":"https:\/\/www.medulinriviera.info\/hr\/the-magic-of-music\/ribarske-klapske-veceri\/"},{"locale":"en_US","id":26738,"post_title":"Fishermen\u00b4s A Cappella Nights","href":"https:\/\/www.medulinriviera.info\/the-magic-of-music\/fishermens-a-cappella-nights\/"},{"locale":"fr_FR","id":26957,"post_title":"Fishermen\u00b4s A Cappella Nights","href":"https:\/\/www.medulinriviera.info\/fr\/the-magic-of-music\/fishermens-a-cappella-nights\/"},{"locale":"de_DE","id":26959,"post_title":"Fishermen\u00b4s A Cappella Nights","href":"https:\/\/www.medulinriviera.info\/de\/the-magic-of-music\/fishermens-a-cappella-nights\/"}],"_links":{"self":[{"href":"https:\/\/www.medulinriviera.info\/it\/wp-json\/wp\/v2\/pages\/26961","targetHints":{"allow":["GET"]}}],"collection":[{"href":"https:\/\/www.medulinriviera.info\/it\/wp-json\/wp\/v2\/pages"}],"about":[{"href":"https:\/\/www.medulinriviera.info\/it\/wp-json\/wp\/v2\/types\/page"}],"author":[{"embeddable":true,"href":"https:\/\/www.medulinriviera.info\/it\/wp-json\/wp\/v2\/users\/2"}],"replies":[{"embeddable":true,"href":"https:\/\/www.medulinriviera.info\/it\/wp-json\/wp\/v2\/comments?post=26961"}],"version-history":[{"count":1,"href":"https:\/\/www.medulinriviera.info\/it\/wp-json\/wp\/v2\/pages\/26961\/revisions"}],"predecessor-version":[{"id":28368,"href":"https:\/\/www.medulinriviera.info\/it\/wp-json\/wp\/v2\/pages\/26961\/revisions\/28368"}],"up":[{"embeddable":true,"href":"https:\/\/www.medulinriviera.info\/it\/wp-json\/wp\/v2\/pages\/10336"}],"acf:attachment":[{"embeddable":true,"href":"https:\/\/www.medulinriviera.info\/it\/wp-json\/wp\/v2\/media\/"}],"wp:featuredmedia":[{"embeddable":true,"href":"https:\/\/www.medulinriviera.info\/it\/wp-json\/wp\/v2\/media\/26797"}],"wp:attachment":[{"href":"https:\/\/www.medulinriviera.info\/it\/wp-json\/wp\/v2\/media?parent=26961"}],"wp:term":[{"taxonomy":"classificator","embeddable":true,"href":"https:\/\/www.medulinriviera.info\/it\/wp-json\/wp\/v2\/classificator?post=26961"}],"curies":[{"name":"wp","href":"https:\/\/api.w.org\/{rel}","templated":true}]}}