{"id":26478,"date":"2022-10-12T09:51:33","date_gmt":"2022-10-12T07:51:33","guid":{"rendered":"https:\/\/www.medulinriviera.info\/sea-treasure\/"},"modified":"2022-10-24T09:37:39","modified_gmt":"2022-10-24T07:37:39","slug":"sea-treasure","status":"publish","type":"page","link":"https:\/\/www.medulinriviera.info\/it\/sea-treasure\/","title":{"rendered":"Sea treasure"},"content":{"rendered":"\n<p>Grazie al clima mite e oltre 2000 ore di sole l&#8217;anno, la Medulin Riviera \u00e8 un&#8217;ottima scelta per le tue vacanze in tutte le stagioni. Molti scelgono la Riviera di Medulin come destinazione per le proprie vacanze estive quando possono godersi il mare e le giornate sulle nostre <a href=\"https:\/\/www.medulinriviera.info\/it\/beaches\/\">spiagge<\/a> nonch\u00e9 varie <a href=\"https:\/\/www.medulinriviera.info\/it\/activities\/\">attivit\u00e0 in acqua e sull&#8217;acqua.<\/a> E quando il tempo non permette di fare il bagno in mare, in autunno, in primavera e in inverno, \u00e8 possibile incamminarsi lungo i vari <a href=\"https:\/\/www.medulinriviera.info\/it\/activities\/walking-routes\/\">percorsi pedonali<\/a> o fare una bella pedalata sui <a href=\"https:\/\/www.medulinriviera.info\/it\/activities\/cycling\/\">percorsi ciclabili<\/a> lungo la costa.<\/p>\n\n\n\n<p>Tuttavia, il mare e il suo blu immenso che circonda la Riviera di Medulin, \u00e8 molto pi\u00f9 di questo. Le sue profondit\u00e0 celano un ricco mondo sottomarino, tutto da scoprire, con <a href=\"https:\/\/www.medulinriviera.info\/it\/activities\/diving\/\">immersioni<\/a> ili <a href=\"https:\/\/www.medulinriviera.info\/it\/attraction\/capo-kamenjak-snorkeling\/\">snorkelling<\/a>.\u00a0<\/p>\n\n\n\n<div class=\"wp-block-cover is-light\"><span aria-hidden=\"true\" class=\"wp-block-cover__background has-background-dim\"><\/span><div class=\"wp-block-cover__inner-container is-layout-flow wp-block-cover-is-layout-flow\">\n<div class=\"wp-block-group\"><div class=\"wp-block-group__inner-container is-layout-flow wp-block-group-is-layout-flow\">\n<figure class=\"wp-block-gallery has-nested-images columns-default is-cropped wp-block-gallery-1 is-layout-flex wp-block-gallery-is-layout-flex\">\n<figure class=\"wp-block-image size-large\"><img loading=\"lazy\" decoding=\"async\" width=\"2000\" height=\"1331\" data-id=\"26931\" src=\"https:\/\/www.medulinriviera.info\/wp-content\/uploads\/2022\/10\/WEB-UW-Ceja-66.jpg\" alt=\"\" class=\"wp-image-26931\" srcset=\"https:\/\/www.medulinriviera.info\/wp-content\/uploads\/2022\/10\/WEB-UW-Ceja-66.jpg 2000w, https:\/\/www.medulinriviera.info\/wp-content\/uploads\/2022\/10\/WEB-UW-Ceja-66-300x200.jpg 300w, https:\/\/www.medulinriviera.info\/wp-content\/uploads\/2022\/10\/WEB-UW-Ceja-66-1600x1065.jpg 1600w, https:\/\/www.medulinriviera.info\/wp-content\/uploads\/2022\/10\/WEB-UW-Ceja-66-768x511.jpg 768w, https:\/\/www.medulinriviera.info\/wp-content\/uploads\/2022\/10\/WEB-UW-Ceja-66-1536x1022.jpg 1536w\" sizes=\"auto, (max-width: 2000px) 100vw, 2000px\" \/><\/figure>\n\n\n\n<figure class=\"wp-block-image size-large\"><img loading=\"lazy\" decoding=\"async\" width=\"2000\" height=\"1331\" data-id=\"26937\" src=\"https:\/\/www.medulinriviera.info\/wp-content\/uploads\/2022\/10\/WEB-UW-Fraskeric-10.jpg\" alt=\"\" class=\"wp-image-26937\" srcset=\"https:\/\/www.medulinriviera.info\/wp-content\/uploads\/2022\/10\/WEB-UW-Fraskeric-10.jpg 2000w, https:\/\/www.medulinriviera.info\/wp-content\/uploads\/2022\/10\/WEB-UW-Fraskeric-10-300x200.jpg 300w, https:\/\/www.medulinriviera.info\/wp-content\/uploads\/2022\/10\/WEB-UW-Fraskeric-10-1600x1065.jpg 1600w, https:\/\/www.medulinriviera.info\/wp-content\/uploads\/2022\/10\/WEB-UW-Fraskeric-10-768x511.jpg 768w, https:\/\/www.medulinriviera.info\/wp-content\/uploads\/2022\/10\/WEB-UW-Fraskeric-10-1536x1022.jpg 1536w\" sizes=\"auto, (max-width: 2000px) 100vw, 2000px\" \/><\/figure>\n\n\n\n<figure class=\"wp-block-image size-large\"><img loading=\"lazy\" decoding=\"async\" width=\"1300\" height=\"1954\" data-id=\"26943\" src=\"https:\/\/www.medulinriviera.info\/wp-content\/uploads\/2022\/10\/WEB-UW-Kolumbarica-100.jpg\" alt=\"\" class=\"wp-image-26943\" srcset=\"https:\/\/www.medulinriviera.info\/wp-content\/uploads\/2022\/10\/WEB-UW-Kolumbarica-100.jpg 1300w, https:\/\/www.medulinriviera.info\/wp-content\/uploads\/2022\/10\/WEB-UW-Kolumbarica-100-200x300.jpg 200w, https:\/\/www.medulinriviera.info\/wp-content\/uploads\/2022\/10\/WEB-UW-Kolumbarica-100-798x1200.jpg 798w, https:\/\/www.medulinriviera.info\/wp-content\/uploads\/2022\/10\/WEB-UW-Kolumbarica-100-768x1154.jpg 768w, https:\/\/www.medulinriviera.info\/wp-content\/uploads\/2022\/10\/WEB-UW-Kolumbarica-100-1022x1536.jpg 1022w\" sizes=\"auto, (max-width: 1300px) 100vw, 1300px\" \/><\/figure>\n\n\n\n<figure class=\"wp-block-image size-large\"><img loading=\"lazy\" decoding=\"async\" width=\"2000\" height=\"1333\" data-id=\"26079\" src=\"https:\/\/www.medulinriviera.info\/wp-content\/uploads\/2022\/09\/DSC00457-scaled.jpg\" alt=\"\" class=\"wp-image-26079\" srcset=\"https:\/\/www.medulinriviera.info\/wp-content\/uploads\/2022\/09\/DSC00457-scaled.jpg 2000w, https:\/\/www.medulinriviera.info\/wp-content\/uploads\/2022\/09\/DSC00457-300x200.jpg 300w, https:\/\/www.medulinriviera.info\/wp-content\/uploads\/2022\/09\/DSC00457-1600x1067.jpg 1600w, https:\/\/www.medulinriviera.info\/wp-content\/uploads\/2022\/09\/DSC00457-768x512.jpg 768w, https:\/\/www.medulinriviera.info\/wp-content\/uploads\/2022\/09\/DSC00457-1536x1024.jpg 1536w, https:\/\/www.medulinriviera.info\/wp-content\/uploads\/2022\/09\/DSC00457-2048x1365.jpg 2048w\" sizes=\"auto, (max-width: 2000px) 100vw, 2000px\" \/><\/figure>\n\n\n\n<figure class=\"wp-block-image size-large\"><img loading=\"lazy\" decoding=\"async\" width=\"1345\" height=\"2025\" data-id=\"12318\" src=\"https:\/\/www.medulinriviera.info\/wp-content\/uploads\/2020\/05\/Banjole-Header-3.jpg\" alt=\"\" class=\"wp-image-12318\" srcset=\"https:\/\/www.medulinriviera.info\/wp-content\/uploads\/2020\/05\/Banjole-Header-3.jpg 1345w, https:\/\/www.medulinriviera.info\/wp-content\/uploads\/2020\/05\/Banjole-Header-3-199x300.jpg 199w, https:\/\/www.medulinriviera.info\/wp-content\/uploads\/2020\/05\/Banjole-Header-3-797x1200.jpg 797w, https:\/\/www.medulinriviera.info\/wp-content\/uploads\/2020\/05\/Banjole-Header-3-768x1156.jpg 768w, https:\/\/www.medulinriviera.info\/wp-content\/uploads\/2020\/05\/Banjole-Header-3-1020x1536.jpg 1020w\" sizes=\"auto, (max-width: 1345px) 100vw, 1345px\" \/><\/figure>\n\n\n\n<figure class=\"wp-block-image size-large\"><img loading=\"lazy\" decoding=\"async\" width=\"427\" height=\"284\" data-id=\"11539\" src=\"https:\/\/www.medulinriviera.info\/wp-content\/uploads\/2020\/06\/34b_PlodoviMora1.jpg\" alt=\"\" class=\"wp-image-11539\" srcset=\"https:\/\/www.medulinriviera.info\/wp-content\/uploads\/2020\/06\/34b_PlodoviMora1.jpg 427w, https:\/\/www.medulinriviera.info\/wp-content\/uploads\/2020\/06\/34b_PlodoviMora1-300x200.jpg 300w\" sizes=\"auto, (max-width: 427px) 100vw, 427px\" \/><\/figure>\n\n\n\n<figure class=\"wp-block-image size-large\"><img loading=\"lazy\" decoding=\"async\" width=\"240\" height=\"361\" data-id=\"11527\" src=\"https:\/\/www.medulinriviera.info\/wp-content\/uploads\/2020\/06\/37b-Riba.jpg\" alt=\"\" class=\"wp-image-11527\" srcset=\"https:\/\/www.medulinriviera.info\/wp-content\/uploads\/2020\/06\/37b-Riba.jpg 240w, https:\/\/www.medulinriviera.info\/wp-content\/uploads\/2020\/06\/37b-Riba-199x300.jpg 199w\" sizes=\"auto, (max-width: 240px) 100vw, 240px\" \/><\/figure>\n\n\n\n<figure class=\"wp-block-image size-large\"><img loading=\"lazy\" decoding=\"async\" width=\"240\" height=\"361\" data-id=\"11521\" src=\"https:\/\/www.medulinriviera.info\/wp-content\/uploads\/2020\/06\/38b-Skoljke.jpg\" alt=\"\" class=\"wp-image-11521\" srcset=\"https:\/\/www.medulinriviera.info\/wp-content\/uploads\/2020\/06\/38b-Skoljke.jpg 240w, https:\/\/www.medulinriviera.info\/wp-content\/uploads\/2020\/06\/38b-Skoljke-199x300.jpg 199w\" sizes=\"auto, (max-width: 240px) 100vw, 240px\" \/><\/figure>\n\n\n\n<figure class=\"wp-block-image size-large\"><img loading=\"lazy\" decoding=\"async\" width=\"240\" height=\"361\" data-id=\"11533\" src=\"https:\/\/www.medulinriviera.info\/wp-content\/uploads\/2020\/06\/36b-Kapesante.jpg\" alt=\"\" class=\"wp-image-11533\" srcset=\"https:\/\/www.medulinriviera.info\/wp-content\/uploads\/2020\/06\/36b-Kapesante.jpg 240w, https:\/\/www.medulinriviera.info\/wp-content\/uploads\/2020\/06\/36b-Kapesante-199x300.jpg 199w\" sizes=\"auto, (max-width: 240px) 100vw, 240px\" \/><\/figure>\n<\/figure>\n<\/div><\/div>\n<\/div><\/div>\n\n\n\n<p>La grande variet\u00e0 di pesce, molluschi e altri organismi marini, che avrai modo di conoscere, viene pescata dai nostri pescatori locali e giunge sui tavoli dei nostri ristoranti, dove si puo&#8217; gustare un&#8217;ampia scelta di piatti di pesce. Difatti i ristoranti locali sapranno deliziare i palati con sapori delle ottime specialit\u00e0 ai frutti di mare. La nostra raccomandazione \u00e8 il pesce fresco preparato in tanti modi diversi, il brodetto, poi la polpa di granchio e il risotto al nero di seppia.<\/p>\n\n\n\n<p>Se trascorri da noi le tue vacanze estive, non perderti le nostre manifestazioni incentrate sul mare \u2013 l\u2019Hook &amp; Cook Festival e\/o le Serate del tradizionale canto a capella (<em>Fishermen\u00b4s A Cappella Night<\/em>) \u2013 che ognuna a suo modo celebra il nostro legame con il mare.<\/p>\n\n\n\n<p><strong>L\u2019Hook<strong> &amp; Cook Festival<\/strong><\/strong>, che si tiene sul molo dei pescatori di Medolino, avvicina la tradizione locale della pesca alle nuove generazioni in un modo moderno e creativo, riunendo in un unico posto musica urbana e il concetto dello street food.<\/p>\n\n\n\n<figure class=\"wp-block-embed is-type-video is-provider-youtube wp-block-embed-youtube wp-embed-aspect-16-9 wp-has-aspect-ratio\"><div class=\"wp-block-embed__wrapper\">\n<iframe loading=\"lazy\" title=\"Hook &amp; Cook Festival - Medulin Riviera - August 2022\" width=\"500\" height=\"281\" src=\"https:\/\/www.youtube.com\/embed\/LQtQ-8NfQRY?feature=oembed\" frameborder=\"0\" allow=\"accelerometer; autoplay; clipboard-write; encrypted-media; gyroscope; picture-in-picture; web-share\" referrerpolicy=\"strict-origin-when-cross-origin\" allowfullscreen><\/iframe>\n<\/div><\/figure>\n\n\n\n<p>L\u2019Hook &amp; Cook Festival, come evento gastronomico, celebra l\u2019amore per il mare e riunisce pescatori, cuochi e musicisti per presentare ai visitatori del festival le specialit\u00e0 di mare. Rinomati chef, tra i quali anche quelli insigniti di stelle Michelin, preparano sulle barche le loro originali specialit\u00e0 di mare con il pescato dei nostri pescatori locali. Durante questa vera e propria avventura gastronomica vengono proposti piatti di pesce azzurro, molto sano ma spesso trascurato \u2013 l&#8217;offerta comprende sempre il cheeseburger di tonno, e quest&#8217;estate si preparavano la <em>poke bowl<\/em> al tonno, il <em>balik ekmek<\/em>, il <em>filet o\u2019 bun<\/em>, e lo <em>tsukune<\/em> di tonno. Chiss\u00e0 quali novit\u00e0 sono in serbo per l&#8217;estate in arrivo?<\/p>\n\n\n\n<p>La storia sul mare e sul pesce, in maniera pi\u00f9 tradizionale, viene raccontata anche nell&#8217;ambito della manifestazione <a href=\"https:\/\/www.medulinriviera.info\/it\/fishermens-a-cappella-night\/\"> <strong>Fishermen\u00b4s A Cappella Night.<\/strong><\/a> Da non perdere assolutamente durante i mesi di luglio e agosto a Medolino e Promontore. Godersi la musica a cappella, le sardine fresche alla griglia \u2013 il metodo di preparazione pi\u00f9 semplice e comune di questa delizia del mare, bere un bicchiere di vino locale e rilassarsi come facevano i nostri anziani. C\u2019\u00e8 anche l&#8217;angolo per i pi\u00f9 piccoli dove i bambini potranno partecipare attivamente alle varie attivit\u00e0 legate al tema della pesca.<\/p>\n\n\n\n<figure class=\"wp-block-embed is-type-video is-provider-youtube wp-block-embed-youtube wp-embed-aspect-16-9 wp-has-aspect-ratio\"><div class=\"wp-block-embed__wrapper\">\n<iframe loading=\"lazy\" title=\"Ribarske klapske ve\u010deri 2022 - Medulin Riviera\" width=\"500\" height=\"281\" src=\"https:\/\/www.youtube.com\/embed\/UJvTXuJDEZk?feature=oembed\" frameborder=\"0\" allow=\"accelerometer; autoplay; clipboard-write; encrypted-media; gyroscope; picture-in-picture; web-share\" referrerpolicy=\"strict-origin-when-cross-origin\" allowfullscreen><\/iframe>\n<\/div><\/figure>\n\n\n\n<p>E se decidi di visitare la Medulin Riviera fuori stagione, cerca in una delle nostre localit\u00e0 la mostra all&#8217;aperto <em>L\u2019arte del pescare \u2013 mestiere di vita<\/em>, che attraverso grandi cartelloni presenta la tradizione di queste terre ovvero il mestiere della pesca. In mostra vengono esposti attrezzi da pesca, come nasse, arpioni, accessori per cucire le reti, e appositamente per l&#8217;occasione la replica della battana \u2013 tradizionale barca da pesca di queste parti.<\/p>\n\n\n\n<figure class=\"wp-block-embed is-type-video is-provider-youtube wp-block-embed-youtube wp-embed-aspect-16-9 wp-has-aspect-ratio\"><div class=\"wp-block-embed__wrapper\">\n<iframe loading=\"lazy\" title=\"The Art of Fishing \u2013 The Art of Living\" width=\"500\" height=\"281\" src=\"https:\/\/www.youtube.com\/embed\/ta_TofqN6Mc?feature=oembed\" frameborder=\"0\" allow=\"accelerometer; autoplay; clipboard-write; encrypted-media; gyroscope; picture-in-picture; web-share\" referrerpolicy=\"strict-origin-when-cross-origin\" allowfullscreen><\/iframe>\n<\/div><\/figure>\n\n\n\n<p>E se poi decidi di cimentarti in un&#8217;esperienza di pesca, non perderti l&#8217;attrazione <a href=\"https:\/\/www.medulinriviera.info\/it\/attraction\/big-game-fishing\/\">Big Game Fishing. <\/a>Sar\u00e0 una vera avventura in alto mare al largo della Punta di Kamenjak e dell&#8217;arcipelago di Medulin. Partirai per questa avventura a bordo di una barca completamente attrezzata lunga 10 metri e accompagnato da uno skipper esperto, e chiss\u00e0, forse sarai proprio tu a catturare un pesce di grossa taglia\u2026<\/p>\n","protected":false},"excerpt":{"rendered":"<p>Grazie al clima mite e oltre 2000 ore di sole l&#8217;anno, la Medulin Riviera \u00e8 un&#8217;ottima scelta per le tue&#8230;<\/p>\n","protected":false},"author":2,"featured_media":26468,"parent":0,"menu_order":0,"comment_status":"closed","ping_status":"closed","template":"","meta":{"_acf_changed":false,"footnotes":""},"classificator":[],"class_list":["post-26478","page","type-page","status-publish","has-post-thumbnail","hentry"],"acf":{"video":"","gallery":null},"yoast_head":"<!-- This site is optimized with the Yoast SEO plugin v27.6 - https:\/\/yoast.com\/product\/yoast-seo-wordpress\/ -->\n<title>Sea treasure - Medulin Riviera<\/title>\n<meta name=\"robots\" content=\"index, follow, max-snippet:-1, max-image-preview:large, max-video-preview:-1\" \/>\n<link rel=\"canonical\" href=\"https:\/\/www.medulinriviera.info\/it\/sea-treasure\/\" \/>\n<meta property=\"og:locale\" content=\"it_IT\" \/>\n<meta property=\"og:type\" content=\"article\" \/>\n<meta property=\"og:title\" content=\"Sea treasure - Medulin Riviera\" \/>\n<meta property=\"og:description\" content=\"Grazie al clima mite e oltre 2000 ore di sole l&#8217;anno, la Medulin Riviera \u00e8 un&#8217;ottima scelta per le tue...\" \/>\n<meta property=\"og:url\" content=\"https:\/\/www.medulinriviera.info\/it\/sea-treasure\/\" \/>\n<meta property=\"og:site_name\" content=\"Medulin Riviera\" \/>\n<meta property=\"article:publisher\" content=\"https:\/\/www.facebook.com\/medulinriviera\/\" \/>\n<meta property=\"article:modified_time\" content=\"2022-10-24T07:37:39+00:00\" \/>\n<meta property=\"og:image\" content=\"https:\/\/www.medulinriviera.info\/wp-content\/uploads\/2022\/10\/DSC09671-scaled.jpg\" \/>\n\t<meta property=\"og:image:width\" content=\"2560\" \/>\n\t<meta property=\"og:image:height\" content=\"1707\" \/>\n\t<meta property=\"og:image:type\" content=\"image\/jpeg\" \/>\n<meta name=\"twitter:card\" content=\"summary_large_image\" \/>\n<meta name=\"twitter:label1\" content=\"Tempo di lettura stimato\" \/>\n\t<meta name=\"twitter:data1\" content=\"6 minuti\" \/>\n<script type=\"application\/ld+json\" class=\"yoast-schema-graph\">{\"@context\":\"https:\\\/\\\/schema.org\",\"@graph\":[{\"@type\":\"WebPage\",\"@id\":\"https:\\\/\\\/www.medulinriviera.info\\\/it\\\/sea-treasure\\\/\",\"url\":\"https:\\\/\\\/www.medulinriviera.info\\\/it\\\/sea-treasure\\\/\",\"name\":\"Sea treasure - Medulin Riviera\",\"isPartOf\":{\"@id\":\"https:\\\/\\\/www.medulinriviera.info\\\/it\\\/#website\"},\"primaryImageOfPage\":{\"@id\":\"https:\\\/\\\/www.medulinriviera.info\\\/it\\\/sea-treasure\\\/#primaryimage\"},\"image\":{\"@id\":\"https:\\\/\\\/www.medulinriviera.info\\\/it\\\/sea-treasure\\\/#primaryimage\"},\"thumbnailUrl\":\"https:\\\/\\\/www.medulinriviera.info\\\/wp-content\\\/uploads\\\/2022\\\/10\\\/DSC09671-scaled.jpg\",\"datePublished\":\"2022-10-12T07:51:33+00:00\",\"dateModified\":\"2022-10-24T07:37:39+00:00\",\"breadcrumb\":{\"@id\":\"https:\\\/\\\/www.medulinriviera.info\\\/it\\\/sea-treasure\\\/#breadcrumb\"},\"inLanguage\":\"it-IT\",\"potentialAction\":[{\"@type\":\"ReadAction\",\"target\":[\"https:\\\/\\\/www.medulinriviera.info\\\/it\\\/sea-treasure\\\/\"]}]},{\"@type\":\"ImageObject\",\"inLanguage\":\"it-IT\",\"@id\":\"https:\\\/\\\/www.medulinriviera.info\\\/it\\\/sea-treasure\\\/#primaryimage\",\"url\":\"https:\\\/\\\/www.medulinriviera.info\\\/wp-content\\\/uploads\\\/2022\\\/10\\\/DSC09671-scaled.jpg\",\"contentUrl\":\"https:\\\/\\\/www.medulinriviera.info\\\/wp-content\\\/uploads\\\/2022\\\/10\\\/DSC09671-scaled.jpg\",\"width\":2560,\"height\":1707},{\"@type\":\"BreadcrumbList\",\"@id\":\"https:\\\/\\\/www.medulinriviera.info\\\/it\\\/sea-treasure\\\/#breadcrumb\",\"itemListElement\":[{\"@type\":\"ListItem\",\"position\":1,\"name\":\"Home\",\"item\":\"https:\\\/\\\/www.medulinriviera.info\\\/it\\\/\"},{\"@type\":\"ListItem\",\"position\":2,\"name\":\"Sea treasure\"}]},{\"@type\":\"WebSite\",\"@id\":\"https:\\\/\\\/www.medulinriviera.info\\\/it\\\/#website\",\"url\":\"https:\\\/\\\/www.medulinriviera.info\\\/it\\\/\",\"name\":\"Medulin Riviera\",\"description\":\"The Blue Planet\",\"publisher\":{\"@id\":\"https:\\\/\\\/www.medulinriviera.info\\\/it\\\/#organization\"},\"potentialAction\":[{\"@type\":\"SearchAction\",\"target\":{\"@type\":\"EntryPoint\",\"urlTemplate\":\"https:\\\/\\\/www.medulinriviera.info\\\/it\\\/?s={search_term_string}\"},\"query-input\":{\"@type\":\"PropertyValueSpecification\",\"valueRequired\":true,\"valueName\":\"search_term_string\"}}],\"inLanguage\":\"it-IT\"},{\"@type\":\"Organization\",\"@id\":\"https:\\\/\\\/www.medulinriviera.info\\\/it\\\/#organization\",\"name\":\"Medulin Riviera\",\"url\":\"https:\\\/\\\/www.medulinriviera.info\\\/it\\\/\",\"logo\":{\"@type\":\"ImageObject\",\"inLanguage\":\"it-IT\",\"@id\":\"https:\\\/\\\/www.medulinriviera.info\\\/it\\\/#\\\/schema\\\/logo\\\/image\\\/\",\"url\":\"https:\\\/\\\/www.medulinriviera.info\\\/wp-content\\\/uploads\\\/2020\\\/06\\\/logo-alt.png\",\"contentUrl\":\"https:\\\/\\\/www.medulinriviera.info\\\/wp-content\\\/uploads\\\/2020\\\/06\\\/logo-alt.png\",\"width\":264,\"height\":78,\"caption\":\"Medulin Riviera\"},\"image\":{\"@id\":\"https:\\\/\\\/www.medulinriviera.info\\\/it\\\/#\\\/schema\\\/logo\\\/image\\\/\"},\"sameAs\":[\"https:\\\/\\\/www.facebook.com\\\/medulinriviera\\\/\",\"https:\\\/\\\/www.instagram.com\\\/medulinriviera\\\/\",\"https:\\\/\\\/www.youtube.com\\\/channel\\\/UCYdC8kYbK9OEmlmeZydpumQ\"]}]}<\/script>\n<!-- \/ Yoast SEO plugin. -->","yoast_head_json":{"title":"Sea treasure - Medulin Riviera","robots":{"index":"index","follow":"follow","max-snippet":"max-snippet:-1","max-image-preview":"max-image-preview:large","max-video-preview":"max-video-preview:-1"},"canonical":"https:\/\/www.medulinriviera.info\/it\/sea-treasure\/","og_locale":"it_IT","og_type":"article","og_title":"Sea treasure - Medulin Riviera","og_description":"Grazie al clima mite e oltre 2000 ore di sole l&#8217;anno, la Medulin Riviera \u00e8 un&#8217;ottima scelta per le tue...","og_url":"https:\/\/www.medulinriviera.info\/it\/sea-treasure\/","og_site_name":"Medulin Riviera","article_publisher":"https:\/\/www.facebook.com\/medulinriviera\/","article_modified_time":"2022-10-24T07:37:39+00:00","og_image":[{"width":2560,"height":1707,"url":"https:\/\/www.medulinriviera.info\/wp-content\/uploads\/2022\/10\/DSC09671-scaled.jpg","type":"image\/jpeg"}],"twitter_card":"summary_large_image","twitter_misc":{"Tempo di lettura stimato":"6 minuti"},"schema":{"@context":"https:\/\/schema.org","@graph":[{"@type":"WebPage","@id":"https:\/\/www.medulinriviera.info\/it\/sea-treasure\/","url":"https:\/\/www.medulinriviera.info\/it\/sea-treasure\/","name":"Sea treasure - Medulin Riviera","isPartOf":{"@id":"https:\/\/www.medulinriviera.info\/it\/#website"},"primaryImageOfPage":{"@id":"https:\/\/www.medulinriviera.info\/it\/sea-treasure\/#primaryimage"},"image":{"@id":"https:\/\/www.medulinriviera.info\/it\/sea-treasure\/#primaryimage"},"thumbnailUrl":"https:\/\/www.medulinriviera.info\/wp-content\/uploads\/2022\/10\/DSC09671-scaled.jpg","datePublished":"2022-10-12T07:51:33+00:00","dateModified":"2022-10-24T07:37:39+00:00","breadcrumb":{"@id":"https:\/\/www.medulinriviera.info\/it\/sea-treasure\/#breadcrumb"},"inLanguage":"it-IT","potentialAction":[{"@type":"ReadAction","target":["https:\/\/www.medulinriviera.info\/it\/sea-treasure\/"]}]},{"@type":"ImageObject","inLanguage":"it-IT","@id":"https:\/\/www.medulinriviera.info\/it\/sea-treasure\/#primaryimage","url":"https:\/\/www.medulinriviera.info\/wp-content\/uploads\/2022\/10\/DSC09671-scaled.jpg","contentUrl":"https:\/\/www.medulinriviera.info\/wp-content\/uploads\/2022\/10\/DSC09671-scaled.jpg","width":2560,"height":1707},{"@type":"BreadcrumbList","@id":"https:\/\/www.medulinriviera.info\/it\/sea-treasure\/#breadcrumb","itemListElement":[{"@type":"ListItem","position":1,"name":"Home","item":"https:\/\/www.medulinriviera.info\/it\/"},{"@type":"ListItem","position":2,"name":"Sea treasure"}]},{"@type":"WebSite","@id":"https:\/\/www.medulinriviera.info\/it\/#website","url":"https:\/\/www.medulinriviera.info\/it\/","name":"Medulin Riviera","description":"The Blue Planet","publisher":{"@id":"https:\/\/www.medulinriviera.info\/it\/#organization"},"potentialAction":[{"@type":"SearchAction","target":{"@type":"EntryPoint","urlTemplate":"https:\/\/www.medulinriviera.info\/it\/?s={search_term_string}"},"query-input":{"@type":"PropertyValueSpecification","valueRequired":true,"valueName":"search_term_string"}}],"inLanguage":"it-IT"},{"@type":"Organization","@id":"https:\/\/www.medulinriviera.info\/it\/#organization","name":"Medulin Riviera","url":"https:\/\/www.medulinriviera.info\/it\/","logo":{"@type":"ImageObject","inLanguage":"it-IT","@id":"https:\/\/www.medulinriviera.info\/it\/#\/schema\/logo\/image\/","url":"https:\/\/www.medulinriviera.info\/wp-content\/uploads\/2020\/06\/logo-alt.png","contentUrl":"https:\/\/www.medulinriviera.info\/wp-content\/uploads\/2020\/06\/logo-alt.png","width":264,"height":78,"caption":"Medulin Riviera"},"image":{"@id":"https:\/\/www.medulinriviera.info\/it\/#\/schema\/logo\/image\/"},"sameAs":["https:\/\/www.facebook.com\/medulinriviera\/","https:\/\/www.instagram.com\/medulinriviera\/","https:\/\/www.youtube.com\/channel\/UCYdC8kYbK9OEmlmeZydpumQ"]}]}},"wpml_current_locale":"it_IT","wpml_translations":[{"locale":"hr","id":26472,"post_title":"Sea Treasure","href":"https:\/\/www.medulinriviera.info\/hr\/sea-treasure\/"},{"locale":"en_US","id":26463,"post_title":"Sea Treasure","href":"https:\/\/www.medulinriviera.info\/sea-treasure\/"},{"locale":"fr_FR","id":26474,"post_title":"Tresor marin","href":"https:\/\/www.medulinriviera.info\/fr\/sea-treasure\/"},{"locale":"de_DE","id":26476,"post_title":"Sea Treasure","href":"https:\/\/www.medulinriviera.info\/de\/sea-treasure\/"},{"locale":"sl_SI","id":26968,"post_title":"Sea Treasure","href":"https:\/\/www.medulinriviera.info\/sl\/sea-treasure\/"}],"_links":{"self":[{"href":"https:\/\/www.medulinriviera.info\/it\/wp-json\/wp\/v2\/pages\/26478","targetHints":{"allow":["GET"]}}],"collection":[{"href":"https:\/\/www.medulinriviera.info\/it\/wp-json\/wp\/v2\/pages"}],"about":[{"href":"https:\/\/www.medulinriviera.info\/it\/wp-json\/wp\/v2\/types\/page"}],"author":[{"embeddable":true,"href":"https:\/\/www.medulinriviera.info\/it\/wp-json\/wp\/v2\/users\/2"}],"replies":[{"embeddable":true,"href":"https:\/\/www.medulinriviera.info\/it\/wp-json\/wp\/v2\/comments?post=26478"}],"version-history":[{"count":0,"href":"https:\/\/www.medulinriviera.info\/it\/wp-json\/wp\/v2\/pages\/26478\/revisions"}],"wp:featuredmedia":[{"embeddable":true,"href":"https:\/\/www.medulinriviera.info\/it\/wp-json\/wp\/v2\/media\/26468"}],"wp:attachment":[{"href":"https:\/\/www.medulinriviera.info\/it\/wp-json\/wp\/v2\/media?parent=26478"}],"wp:term":[{"taxonomy":"classificator","embeddable":true,"href":"https:\/\/www.medulinriviera.info\/it\/wp-json\/wp\/v2\/classificator?post=26478"}],"curies":[{"name":"wp","href":"https:\/\/api.w.org\/{rel}","templated":true}]}}