{"id":22758,"date":"2022-04-08T11:04:14","date_gmt":"2022-04-08T09:04:14","guid":{"rendered":"https:\/\/www.medulinriviera.info\/?page_id=22758"},"modified":"2022-04-08T11:04:14","modified_gmt":"2022-04-08T09:04:14","slug":"getting-around","status":"publish","type":"page","link":"https:\/\/www.medulinriviera.info\/it\/getting-around\/","title":{"rendered":"Getting around"},"content":{"rendered":"\n<p>Se avete scelto la Riviera di Medulin come meta per le vostre vacanze, vi consigliamo di visitare tutti i paesi ubicati nella Riviera di Medulin e anche le numerose attrazioni della zona. La Riviera di Medulin vanta una serie di piccoli borghi che potete visitare per rendere la vostra vacanza ancora pi\u00f9 speciale e interessante. Paesi come Medulin, Pomer, Vinkuran, Premantura e Pje\u0161\u010dana Uvala sono interessanti in tutte le stagioni. Molti diranno che sono particolarmente allettanti in estate quando praticamente ogni giorno nelle ore serali vi \u00e8 un concerto interessante oppure ci si pu\u00f2 sedere accanto al mare in uno dei numerosi beach bar.<\/p>\n\n\n\n<p>Sia i bambini sia gli adulti troveranno interessante visitare il Parco archeologico Vi\u017eula di Medulin che racconta la storia dei tempi remoti antichi.<\/p>\n\n\n\n<p>I parchi naturali Gornji Kamenjak e Donji Kamenjak sono sempre belli; vi conquisteranno i fragranti profumi emanati dalle centinaia specie di piante che vi crescono.<\/p>\n\n\n\n<p>Sono molto attraenti anche le spiagge, tutte uniche e di diversi tipi &#8211; rocciose, di ciottoli, di sabbia \u2026 Quelle pi\u00f9 distanti, ubicate in isole, si possono raggiungere con la propria imbarcazione o con il taxi motoscafo, ma a vostra disposizione ci sono anche barche da noleggiare. Le agenzie turistiche offrono gite organizzate di un giorno per portarvi alla scoperta delle bellezze di Medulin Riviera.<\/p>\n\n\n\n<p>Potete visitare la Riviera di Medulin in macchina, in taxi, in bicicletta, oppure con un\u2019auto noleggiata. Se volete vivere un\u2019esperienza fuori dal comune, regalatevi un volo panoramico per godere delle vedute aeree mozzafiato della Riviera di Medulin.<\/p>\n\n\n\n<p>Dalla Riviera di Medulin si possono facilmente raggiungere le citt\u00e0 circostanti. Quella pi\u00f9 vicina \u00e8 la citt\u00e0 di Pola che dista soli 10 km dalla Riviera di Medulin. La citt\u00e0 pi\u00f9 grande dell\u2019Istria \u00e8 stata fondata addirittura 3.000 anni fa, per cui vi conquister\u00e0 con i suoi numerosi monumenti storici come la maestosa Arena. Fate una passeggiata nel Foro romano, fate capolino nel Tempio di Augusto, fermatevi ad ammirare la Porta Gemina e l\u2019Arco dei Sergi \u2026 Una vista mozzafiato si gode anche dal Castello di Pola che si pu\u00f2 raggiungere con il nuovo ascensore panoramico. Pola offre davvero una moltitudine di attivit\u00e0 per tutti i suoi ospiti.<\/p>\n\n\n\n<p>Accanto a Pola c\u2019\u00e8 il noto villaggio dei pescatori Fasana, mentre solo un po\u2019 pi\u00f9 avanti si trova Dignano, la citt\u00e0 dei murali, del vicolo pi\u00f9 piccolo del mondo, ma anche la citt\u00e0 che vanta una collezione di mummie e reliquie dei santi esposte nella Chiesa di San Biagio. La collezione conta addirittura 370 reliquie e le salme intatte dei santi sono un vero e proprio fenomeno scientifico.<\/p>\n\n\n\n<p>A pochi chilometri da Dignano si trova il paese di Valle, un autentico borgo in pietra ricco di stradine affascinanti e numerosi monumenti culturali. Vale la pena menzionare il Palazzo Bembo e la Chiesa della Visitazione della Beata Vergine Maria a Santa Elisabetta.<\/p>\n\n\n\n<p>Se vi avventurate oltre Valle, arriverete a Rovigno, una delle citt\u00e0 pi\u00f9 fotogeniche del Mediterraneo. Non meno attrattiva \u00e8 la citt\u00e0 di Parenzo, ma anche altre citt\u00e0 sulla costa ovest ed est dell\u2019Istria. Come raggiungerle? In macchina, taxi, rent-a-car, o in autobus. Ci sono corriere locali che vi portano da Medulin fino a Pola, Fasana e Dignano, mentre dalla stazione degli autobus di Pola partono i pullman verso tutte le citt\u00e0 istriane nonch\u00e9 verso numerose citt\u00e0 in Europa e in Croazia.<\/p>\n","protected":false},"excerpt":{"rendered":"<p>Se avete scelto la Riviera di Medulin come meta per le vostre vacanze, vi consigliamo di visitare tutti i paesi&#8230;<\/p>\n","protected":false},"author":5,"featured_media":17947,"parent":0,"menu_order":0,"comment_status":"closed","ping_status":"closed","template":"","meta":{"_acf_changed":false,"footnotes":""},"classificator":[],"class_list":["post-22758","page","type-page","status-publish","has-post-thumbnail","hentry"],"acf":{"video":"","gallery":null},"yoast_head":"<!-- This site is optimized with the Yoast SEO plugin v27.6 - https:\/\/yoast.com\/product\/yoast-seo-wordpress\/ -->\n<title>Getting around - Medulin Riviera<\/title>\n<meta name=\"robots\" content=\"index, follow, max-snippet:-1, max-image-preview:large, max-video-preview:-1\" \/>\n<link rel=\"canonical\" href=\"https:\/\/www.medulinriviera.info\/it\/getting-around\/\" \/>\n<meta property=\"og:locale\" content=\"it_IT\" \/>\n<meta property=\"og:type\" content=\"article\" \/>\n<meta property=\"og:title\" content=\"Getting around - Medulin Riviera\" \/>\n<meta property=\"og:description\" content=\"Se avete scelto la Riviera di Medulin come meta per le vostre vacanze, vi consigliamo di visitare tutti i paesi...\" \/>\n<meta property=\"og:url\" content=\"https:\/\/www.medulinriviera.info\/it\/getting-around\/\" \/>\n<meta property=\"og:site_name\" content=\"Medulin Riviera\" \/>\n<meta property=\"article:publisher\" content=\"https:\/\/www.facebook.com\/medulinriviera\/\" \/>\n<meta property=\"og:image\" content=\"https:\/\/www.medulinriviera.info\/wp-content\/uploads\/2021\/04\/TZOM_Bike_Staza_Medulin_Riviera_20_IgorZirojevic.jpg\" \/>\n\t<meta property=\"og:image:width\" content=\"1400\" \/>\n\t<meta property=\"og:image:height\" content=\"930\" \/>\n\t<meta property=\"og:image:type\" content=\"image\/jpeg\" \/>\n<meta name=\"twitter:card\" content=\"summary_large_image\" \/>\n<meta name=\"twitter:label1\" content=\"Tempo di lettura stimato\" \/>\n\t<meta name=\"twitter:data1\" content=\"3 minuti\" \/>\n<script type=\"application\/ld+json\" class=\"yoast-schema-graph\">{\"@context\":\"https:\\\/\\\/schema.org\",\"@graph\":[{\"@type\":\"WebPage\",\"@id\":\"https:\\\/\\\/www.medulinriviera.info\\\/it\\\/getting-around\\\/\",\"url\":\"https:\\\/\\\/www.medulinriviera.info\\\/it\\\/getting-around\\\/\",\"name\":\"Getting around - Medulin Riviera\",\"isPartOf\":{\"@id\":\"https:\\\/\\\/www.medulinriviera.info\\\/it\\\/#website\"},\"primaryImageOfPage\":{\"@id\":\"https:\\\/\\\/www.medulinriviera.info\\\/it\\\/getting-around\\\/#primaryimage\"},\"image\":{\"@id\":\"https:\\\/\\\/www.medulinriviera.info\\\/it\\\/getting-around\\\/#primaryimage\"},\"thumbnailUrl\":\"https:\\\/\\\/www.medulinriviera.info\\\/wp-content\\\/uploads\\\/2021\\\/04\\\/TZOM_Bike_Staza_Medulin_Riviera_20_IgorZirojevic.jpg\",\"datePublished\":\"2022-04-08T09:04:14+00:00\",\"breadcrumb\":{\"@id\":\"https:\\\/\\\/www.medulinriviera.info\\\/it\\\/getting-around\\\/#breadcrumb\"},\"inLanguage\":\"it-IT\",\"potentialAction\":[{\"@type\":\"ReadAction\",\"target\":[\"https:\\\/\\\/www.medulinriviera.info\\\/it\\\/getting-around\\\/\"]}]},{\"@type\":\"ImageObject\",\"inLanguage\":\"it-IT\",\"@id\":\"https:\\\/\\\/www.medulinriviera.info\\\/it\\\/getting-around\\\/#primaryimage\",\"url\":\"https:\\\/\\\/www.medulinriviera.info\\\/wp-content\\\/uploads\\\/2021\\\/04\\\/TZOM_Bike_Staza_Medulin_Riviera_20_IgorZirojevic.jpg\",\"contentUrl\":\"https:\\\/\\\/www.medulinriviera.info\\\/wp-content\\\/uploads\\\/2021\\\/04\\\/TZOM_Bike_Staza_Medulin_Riviera_20_IgorZirojevic.jpg\",\"width\":1400,\"height\":930},{\"@type\":\"BreadcrumbList\",\"@id\":\"https:\\\/\\\/www.medulinriviera.info\\\/it\\\/getting-around\\\/#breadcrumb\",\"itemListElement\":[{\"@type\":\"ListItem\",\"position\":1,\"name\":\"Home\",\"item\":\"https:\\\/\\\/www.medulinriviera.info\\\/it\\\/\"},{\"@type\":\"ListItem\",\"position\":2,\"name\":\"Getting around\"}]},{\"@type\":\"WebSite\",\"@id\":\"https:\\\/\\\/www.medulinriviera.info\\\/it\\\/#website\",\"url\":\"https:\\\/\\\/www.medulinriviera.info\\\/it\\\/\",\"name\":\"Medulin Riviera\",\"description\":\"The Blue Planet\",\"publisher\":{\"@id\":\"https:\\\/\\\/www.medulinriviera.info\\\/it\\\/#organization\"},\"potentialAction\":[{\"@type\":\"SearchAction\",\"target\":{\"@type\":\"EntryPoint\",\"urlTemplate\":\"https:\\\/\\\/www.medulinriviera.info\\\/it\\\/?s={search_term_string}\"},\"query-input\":{\"@type\":\"PropertyValueSpecification\",\"valueRequired\":true,\"valueName\":\"search_term_string\"}}],\"inLanguage\":\"it-IT\"},{\"@type\":\"Organization\",\"@id\":\"https:\\\/\\\/www.medulinriviera.info\\\/it\\\/#organization\",\"name\":\"Medulin Riviera\",\"url\":\"https:\\\/\\\/www.medulinriviera.info\\\/it\\\/\",\"logo\":{\"@type\":\"ImageObject\",\"inLanguage\":\"it-IT\",\"@id\":\"https:\\\/\\\/www.medulinriviera.info\\\/it\\\/#\\\/schema\\\/logo\\\/image\\\/\",\"url\":\"https:\\\/\\\/www.medulinriviera.info\\\/wp-content\\\/uploads\\\/2020\\\/06\\\/logo-alt.png\",\"contentUrl\":\"https:\\\/\\\/www.medulinriviera.info\\\/wp-content\\\/uploads\\\/2020\\\/06\\\/logo-alt.png\",\"width\":264,\"height\":78,\"caption\":\"Medulin Riviera\"},\"image\":{\"@id\":\"https:\\\/\\\/www.medulinriviera.info\\\/it\\\/#\\\/schema\\\/logo\\\/image\\\/\"},\"sameAs\":[\"https:\\\/\\\/www.facebook.com\\\/medulinriviera\\\/\",\"https:\\\/\\\/www.instagram.com\\\/medulinriviera\\\/\",\"https:\\\/\\\/www.youtube.com\\\/channel\\\/UCYdC8kYbK9OEmlmeZydpumQ\"]}]}<\/script>\n<!-- \/ Yoast SEO plugin. -->","yoast_head_json":{"title":"Getting around - Medulin Riviera","robots":{"index":"index","follow":"follow","max-snippet":"max-snippet:-1","max-image-preview":"max-image-preview:large","max-video-preview":"max-video-preview:-1"},"canonical":"https:\/\/www.medulinriviera.info\/it\/getting-around\/","og_locale":"it_IT","og_type":"article","og_title":"Getting around - Medulin Riviera","og_description":"Se avete scelto la Riviera di Medulin come meta per le vostre vacanze, vi consigliamo di visitare tutti i paesi...","og_url":"https:\/\/www.medulinriviera.info\/it\/getting-around\/","og_site_name":"Medulin Riviera","article_publisher":"https:\/\/www.facebook.com\/medulinriviera\/","og_image":[{"width":1400,"height":930,"url":"https:\/\/www.medulinriviera.info\/wp-content\/uploads\/2021\/04\/TZOM_Bike_Staza_Medulin_Riviera_20_IgorZirojevic.jpg","type":"image\/jpeg"}],"twitter_card":"summary_large_image","twitter_misc":{"Tempo di lettura stimato":"3 minuti"},"schema":{"@context":"https:\/\/schema.org","@graph":[{"@type":"WebPage","@id":"https:\/\/www.medulinriviera.info\/it\/getting-around\/","url":"https:\/\/www.medulinriviera.info\/it\/getting-around\/","name":"Getting around - Medulin Riviera","isPartOf":{"@id":"https:\/\/www.medulinriviera.info\/it\/#website"},"primaryImageOfPage":{"@id":"https:\/\/www.medulinriviera.info\/it\/getting-around\/#primaryimage"},"image":{"@id":"https:\/\/www.medulinriviera.info\/it\/getting-around\/#primaryimage"},"thumbnailUrl":"https:\/\/www.medulinriviera.info\/wp-content\/uploads\/2021\/04\/TZOM_Bike_Staza_Medulin_Riviera_20_IgorZirojevic.jpg","datePublished":"2022-04-08T09:04:14+00:00","breadcrumb":{"@id":"https:\/\/www.medulinriviera.info\/it\/getting-around\/#breadcrumb"},"inLanguage":"it-IT","potentialAction":[{"@type":"ReadAction","target":["https:\/\/www.medulinriviera.info\/it\/getting-around\/"]}]},{"@type":"ImageObject","inLanguage":"it-IT","@id":"https:\/\/www.medulinriviera.info\/it\/getting-around\/#primaryimage","url":"https:\/\/www.medulinriviera.info\/wp-content\/uploads\/2021\/04\/TZOM_Bike_Staza_Medulin_Riviera_20_IgorZirojevic.jpg","contentUrl":"https:\/\/www.medulinriviera.info\/wp-content\/uploads\/2021\/04\/TZOM_Bike_Staza_Medulin_Riviera_20_IgorZirojevic.jpg","width":1400,"height":930},{"@type":"BreadcrumbList","@id":"https:\/\/www.medulinriviera.info\/it\/getting-around\/#breadcrumb","itemListElement":[{"@type":"ListItem","position":1,"name":"Home","item":"https:\/\/www.medulinriviera.info\/it\/"},{"@type":"ListItem","position":2,"name":"Getting around"}]},{"@type":"WebSite","@id":"https:\/\/www.medulinriviera.info\/it\/#website","url":"https:\/\/www.medulinriviera.info\/it\/","name":"Medulin Riviera","description":"The Blue Planet","publisher":{"@id":"https:\/\/www.medulinriviera.info\/it\/#organization"},"potentialAction":[{"@type":"SearchAction","target":{"@type":"EntryPoint","urlTemplate":"https:\/\/www.medulinriviera.info\/it\/?s={search_term_string}"},"query-input":{"@type":"PropertyValueSpecification","valueRequired":true,"valueName":"search_term_string"}}],"inLanguage":"it-IT"},{"@type":"Organization","@id":"https:\/\/www.medulinriviera.info\/it\/#organization","name":"Medulin Riviera","url":"https:\/\/www.medulinriviera.info\/it\/","logo":{"@type":"ImageObject","inLanguage":"it-IT","@id":"https:\/\/www.medulinriviera.info\/it\/#\/schema\/logo\/image\/","url":"https:\/\/www.medulinriviera.info\/wp-content\/uploads\/2020\/06\/logo-alt.png","contentUrl":"https:\/\/www.medulinriviera.info\/wp-content\/uploads\/2020\/06\/logo-alt.png","width":264,"height":78,"caption":"Medulin Riviera"},"image":{"@id":"https:\/\/www.medulinriviera.info\/it\/#\/schema\/logo\/image\/"},"sameAs":["https:\/\/www.facebook.com\/medulinriviera\/","https:\/\/www.instagram.com\/medulinriviera\/","https:\/\/www.youtube.com\/channel\/UCYdC8kYbK9OEmlmeZydpumQ"]}]}},"wpml_current_locale":"it_IT","wpml_translations":[{"locale":"hr","id":22752,"post_title":"Getting around","href":"https:\/\/www.medulinriviera.info\/hr\/getting-around\/"},{"locale":"en_US","id":22750,"post_title":"Getting around","href":"https:\/\/www.medulinriviera.info\/getting-around\/"},{"locale":"fr_FR","id":22756,"post_title":"Medulin et ses environs","href":"https:\/\/www.medulinriviera.info\/fr\/medulin-et-ses-environs\/"},{"locale":"de_DE","id":22754,"post_title":"Getting around","href":"https:\/\/www.medulinriviera.info\/de\/getting-around\/"}],"_links":{"self":[{"href":"https:\/\/www.medulinriviera.info\/it\/wp-json\/wp\/v2\/pages\/22758","targetHints":{"allow":["GET"]}}],"collection":[{"href":"https:\/\/www.medulinriviera.info\/it\/wp-json\/wp\/v2\/pages"}],"about":[{"href":"https:\/\/www.medulinriviera.info\/it\/wp-json\/wp\/v2\/types\/page"}],"author":[{"embeddable":true,"href":"https:\/\/www.medulinriviera.info\/it\/wp-json\/wp\/v2\/users\/5"}],"replies":[{"embeddable":true,"href":"https:\/\/www.medulinriviera.info\/it\/wp-json\/wp\/v2\/comments?post=22758"}],"version-history":[{"count":0,"href":"https:\/\/www.medulinriviera.info\/it\/wp-json\/wp\/v2\/pages\/22758\/revisions"}],"wp:featuredmedia":[{"embeddable":true,"href":"https:\/\/www.medulinriviera.info\/it\/wp-json\/wp\/v2\/media\/17947"}],"wp:attachment":[{"href":"https:\/\/www.medulinriviera.info\/it\/wp-json\/wp\/v2\/media?parent=22758"}],"wp:term":[{"taxonomy":"classificator","embeddable":true,"href":"https:\/\/www.medulinriviera.info\/it\/wp-json\/wp\/v2\/classificator?post=22758"}],"curies":[{"name":"wp","href":"https:\/\/api.w.org\/{rel}","templated":true}]}}