{"id":22709,"date":"2022-03-30T09:42:18","date_gmt":"2022-03-30T07:42:18","guid":{"rendered":"https:\/\/www.medulinriviera.info\/?page_id=22709"},"modified":"2022-07-25T11:52:55","modified_gmt":"2022-07-25T09:52:55","slug":"salute-assistenza-sanitaria","status":"publish","type":"page","link":"https:\/\/www.medulinriviera.info\/it\/salute-assistenza-sanitaria\/","title":{"rendered":"Salute &#038; Assistenza sanitaria"},"content":{"rendered":"\n<p>In conformit\u00e0 agli obblighi contrattuali assunti con l\u2019Istituto croato per l\u2019assicurazione sanitaria, le istituzioni di sanit\u00e0 pubblica forniscono assistenza sanitaria a turisti domestici e internazionali che soggiornano nella Regione Istriana. In caso di bisogno di assistenza medica immediata, i turisti hanno diritto all&#8217;assistenza sanitaria alle stesse condizioni previste per i cittadini croati, a patto che dispongano di una tessera europea di assicurazione malattia (TEAM) in corso di validit\u00e0. I turisti nazionali hanno diritto all&#8217;assistenza sanitaria sulla base della tessera sanitaria croata in corso di validit\u00e0.<\/p>\n\n\n\n<p>A tutte le persone che soggiornano in Croazia sar\u00e0 prestata assistenza sanitaria di emergenza ai sensi delle Convenzioni internazionali in materia di sicurezza sociale. All\u2019uopo, il turista presenter\u00e0 la sua tessera europea o il certificato sostitutivo all\u2019Istituto croato per l\u2019assicurazione sanitaria a Pola, Besenghijeva ul. 1, tel. 213 055. Se il turista \u00e8 in possesso di una polizza assicurativa, in caso di bisogno di assistenza medica deve informarne la sua compagnia di assicurazione entro 24 ore ed essa pagher\u00e0 le relative spese.<\/p>\n\n\n\n<p>I turisti possono usufruire anche dei servizi di medici e dentisti privati (dietro pagamento di un corrispettivo). Alle condizioni sopra riportate, per ottenere l\u2019assistenza sanitaria nella zona della Riviera di Medulin potete rivolgervi ai seguenti studi medici:<\/p>\n\n\n\n<p>AMBULATORIO ODONTOIATRICO &#8211; Medulin, Centar 214, tel. 577 058, luned\u00ec e gioved\u00ec dalle 14 alle 19; marted\u00ec, mercoled\u00ec e venerd\u00ec dalle 8 alle 13.<\/p>\n\n\n\n<p>STUDIO DI MEDICINA GENERALE &#8211; Medulin, Ribarska bb, dr. Tatjana Dodi\u0107, tel. 577 084, orario di apertura:<\/p>\n\n\n\n<p>luned\u00ec 13.30 &#8211; 16.30; marted\u00ec, mercoled\u00ec 7.30- 13.30, gioved\u00ec 13.30- 19.30, venerd\u00ec 7.30- 10.30<\/p>\n\n\n\n<p>STUDIO DI MEDICINA GENERALE &#8211; Medulin, Centar 262, Alma Radoslav dr med., tel. 577 257, orario di apertura: luned\u00ec e mercoled\u00ec 13- 19.30, marted\u00ec e gioved\u00ec 7- 13.30, venerd\u00ec date pari 13-19.30 h, date dispari 7 &#8211; 13.30 h, e-mail: ordinacija.med@gmail.com<\/p>\n\n\n\n<p>STUDIO DI MEDICINA GENERALE &#8211; Banjole, Dr. Tatjana Dodi\u0107, \u010cimulje bb, orario di apertura: luned\u00ec 17.30 &#8211; 19.30 h, venerd\u00ec 11.30 &#8211; 13.30 h<\/p>\n\n\n\n<p>Altri studi medici specialistici sulla Riviera di Medulin presso i quali si pu\u00f2 ottenere l\u2019assistenza sanitaria dietro pagamento di corrispettivo:<\/p>\n\n\n\n<p>AMBULATORIO ODONTOIATRICO Dr. stom. Sa\u0161a \u0160ebeli\u0107 &#8211; Fucane 76, Medulin, tel. 576 168<\/p>\n\n\n\n<p>AMBULATORIO ODONTOIATRICO Dr. stom. Tomica Markovi\u0107 &#8211; Pje\u0161\u010dana uvala, II ogranak 34, tel. 397 224<\/p>\n\n\n\n<p>STUDIO MEDICO DENTISTICO Dr. stom. Afrim Fetai &#8211; Medulin, Ribarska 14, tel. 649 749, 091 222 32 68, dr.afrim@yahoo.com<\/p>\n\n\n\n<p>FARMACIA MEDULIN &#8211; Centar 214 a, tel. 576 472<\/p>\n\n\n\n<p>FARMACIA KA\u0160TEL FARM MEDULIN &#8211; Osipovica 1 E, tel. 894 52 93, kastelfarm.medulin@yahoo.com<\/p>\n\n\n\n<p>PRIMAPHARME &#8211; Kamik 24, Banjole, tel.\/fax 573 283, orario di apertura dalle ore 7 alle 20, sabato dalle ore 7.30 alle15<\/p>\n\n\n\n<p>\u00c8 SEMPRE DI TURNO LA FARMACIA CENTAR A POLA &#8211; Giardini 14, tel. 222 544, 222 551<\/p>\n\n\n\n<p>Il PRONTO SOCCORSO si trova all\u2019indirizzo Zagreba\u010dka 30, Pola, tel. 194<\/p>\n\n\n\n<p>A soli dieci chilometri da Medulin si trova l\u2019OSPEDALE GENERALE DI POLA dotato di attrezzature all\u2019avanguardia. Il Pronto Soccorso Ospedaliero per tutti coloro che vengono rinviati all\u2019ospedale si trova all\u2019indirizzo Zagreba\u010dka 30. All\u2019ospedale i pazienti vengono curati in reparti di medicina interna, chirurgia, neurologia, laboratorio, diagnostica radiologica, medicina trasfusionale, infettivologia, psichiatria, oftalmologia, otorinolaringoiatria, pediatria e ginecologia. Per maggiori informazioni sull\u2019istituto sanitario pi\u00f9 grande dell\u2019Istria con oltre mille dipendenti si prega visitare il sito <a href=\"http:\/\/www.obpula.hr\/\">www.obpula.hr<\/a>. Centralino dell\u2019Ospedale Generale di Pola \u2013 376 -000<\/p>\n\n\n\n<p>OXY POLICLINICO DI MEDICINA IPERBARICA si trova all\u2019indirizzo Kochova 1a, telefono 385 (0)52 215 663, email:&nbsp;<a href=\"mailto:poliklinika@oxy.hr\">poliklinika@oxy.hr<\/a><\/p>\n\n\n\n<p>Si tratta di un\u2019istituzione sanitaria specialistica privata, operante nel settore di medicina iperbarica. Tutti i subacquei sanno molto bene quanto \u00e8 importante un intervento tempestivo nel caso avvengano problemi durante un\u2019immersione.<\/p>\n","protected":false},"excerpt":{"rendered":"<p>In conformit\u00e0 agli obblighi contrattuali assunti con l\u2019Istituto croato per l\u2019assicurazione sanitaria, le istituzioni di sanit\u00e0 pubblica forniscono assistenza sanitaria&#8230;<\/p>\n","protected":false},"author":5,"featured_media":22852,"parent":0,"menu_order":0,"comment_status":"closed","ping_status":"closed","template":"","meta":{"_acf_changed":false,"footnotes":""},"classificator":[],"class_list":["post-22709","page","type-page","status-publish","has-post-thumbnail","hentry"],"acf":{"video":"","gallery":null},"yoast_head":"<!-- This site is optimized with the Yoast SEO plugin v27.3 - https:\/\/yoast.com\/product\/yoast-seo-wordpress\/ -->\n<title>Salute &amp; Assistenza sanitaria - Medulin Riviera<\/title>\n<meta name=\"robots\" content=\"index, follow, max-snippet:-1, max-image-preview:large, max-video-preview:-1\" \/>\n<link rel=\"canonical\" href=\"https:\/\/www.medulinriviera.info\/it\/salute-assistenza-sanitaria\/\" \/>\n<meta property=\"og:locale\" content=\"it_IT\" \/>\n<meta property=\"og:type\" content=\"article\" \/>\n<meta property=\"og:title\" content=\"Salute &amp; Assistenza sanitaria - Medulin Riviera\" \/>\n<meta property=\"og:description\" content=\"In conformit\u00e0 agli obblighi contrattuali assunti con l\u2019Istituto croato per l\u2019assicurazione sanitaria, le istituzioni di sanit\u00e0 pubblica forniscono assistenza sanitaria...\" \/>\n<meta property=\"og:url\" content=\"https:\/\/www.medulinriviera.info\/it\/salute-assistenza-sanitaria\/\" \/>\n<meta property=\"og:site_name\" content=\"Medulin Riviera\" \/>\n<meta property=\"article:publisher\" content=\"https:\/\/www.facebook.com\/medulinriviera\/\" \/>\n<meta property=\"article:modified_time\" content=\"2022-07-25T09:52:55+00:00\" \/>\n<meta property=\"og:image\" content=\"https:\/\/www.medulinriviera.info\/wp-content\/uploads\/2022\/03\/Healty-Slikapexels-karolina-grabowska-4386467-scaled.jpg\" \/>\n\t<meta property=\"og:image:width\" content=\"1707\" \/>\n\t<meta property=\"og:image:height\" content=\"2560\" \/>\n\t<meta property=\"og:image:type\" content=\"image\/jpeg\" \/>\n<meta name=\"twitter:card\" content=\"summary_large_image\" \/>\n<meta name=\"twitter:label1\" content=\"Tempo di lettura stimato\" \/>\n\t<meta name=\"twitter:data1\" content=\"4 minuti\" \/>\n<script type=\"application\/ld+json\" class=\"yoast-schema-graph\">{\"@context\":\"https:\\\/\\\/schema.org\",\"@graph\":[{\"@type\":\"WebPage\",\"@id\":\"https:\\\/\\\/www.medulinriviera.info\\\/it\\\/salute-assistenza-sanitaria\\\/\",\"url\":\"https:\\\/\\\/www.medulinriviera.info\\\/it\\\/salute-assistenza-sanitaria\\\/\",\"name\":\"Salute & Assistenza sanitaria - Medulin Riviera\",\"isPartOf\":{\"@id\":\"https:\\\/\\\/www.medulinriviera.info\\\/it\\\/#website\"},\"primaryImageOfPage\":{\"@id\":\"https:\\\/\\\/www.medulinriviera.info\\\/it\\\/salute-assistenza-sanitaria\\\/#primaryimage\"},\"image\":{\"@id\":\"https:\\\/\\\/www.medulinriviera.info\\\/it\\\/salute-assistenza-sanitaria\\\/#primaryimage\"},\"thumbnailUrl\":\"https:\\\/\\\/www.medulinriviera.info\\\/wp-content\\\/uploads\\\/2022\\\/03\\\/Healty-Slikapexels-karolina-grabowska-4386467-scaled.jpg\",\"datePublished\":\"2022-03-30T07:42:18+00:00\",\"dateModified\":\"2022-07-25T09:52:55+00:00\",\"breadcrumb\":{\"@id\":\"https:\\\/\\\/www.medulinriviera.info\\\/it\\\/salute-assistenza-sanitaria\\\/#breadcrumb\"},\"inLanguage\":\"it-IT\",\"potentialAction\":[{\"@type\":\"ReadAction\",\"target\":[\"https:\\\/\\\/www.medulinriviera.info\\\/it\\\/salute-assistenza-sanitaria\\\/\"]}]},{\"@type\":\"ImageObject\",\"inLanguage\":\"it-IT\",\"@id\":\"https:\\\/\\\/www.medulinriviera.info\\\/it\\\/salute-assistenza-sanitaria\\\/#primaryimage\",\"url\":\"https:\\\/\\\/www.medulinriviera.info\\\/wp-content\\\/uploads\\\/2022\\\/03\\\/Healty-Slikapexels-karolina-grabowska-4386467-scaled.jpg\",\"contentUrl\":\"https:\\\/\\\/www.medulinriviera.info\\\/wp-content\\\/uploads\\\/2022\\\/03\\\/Healty-Slikapexels-karolina-grabowska-4386467-scaled.jpg\",\"width\":1707,\"height\":2560},{\"@type\":\"BreadcrumbList\",\"@id\":\"https:\\\/\\\/www.medulinriviera.info\\\/it\\\/salute-assistenza-sanitaria\\\/#breadcrumb\",\"itemListElement\":[{\"@type\":\"ListItem\",\"position\":1,\"name\":\"Home\",\"item\":\"https:\\\/\\\/www.medulinriviera.info\\\/it\\\/\"},{\"@type\":\"ListItem\",\"position\":2,\"name\":\"Salute &#038; Assistenza sanitaria\"}]},{\"@type\":\"WebSite\",\"@id\":\"https:\\\/\\\/www.medulinriviera.info\\\/it\\\/#website\",\"url\":\"https:\\\/\\\/www.medulinriviera.info\\\/it\\\/\",\"name\":\"Medulin Riviera\",\"description\":\"The Blue Planet\",\"publisher\":{\"@id\":\"https:\\\/\\\/www.medulinriviera.info\\\/it\\\/#organization\"},\"potentialAction\":[{\"@type\":\"SearchAction\",\"target\":{\"@type\":\"EntryPoint\",\"urlTemplate\":\"https:\\\/\\\/www.medulinriviera.info\\\/it\\\/?s={search_term_string}\"},\"query-input\":{\"@type\":\"PropertyValueSpecification\",\"valueRequired\":true,\"valueName\":\"search_term_string\"}}],\"inLanguage\":\"it-IT\"},{\"@type\":\"Organization\",\"@id\":\"https:\\\/\\\/www.medulinriviera.info\\\/it\\\/#organization\",\"name\":\"Medulin Riviera\",\"url\":\"https:\\\/\\\/www.medulinriviera.info\\\/it\\\/\",\"logo\":{\"@type\":\"ImageObject\",\"inLanguage\":\"it-IT\",\"@id\":\"https:\\\/\\\/www.medulinriviera.info\\\/it\\\/#\\\/schema\\\/logo\\\/image\\\/\",\"url\":\"https:\\\/\\\/www.medulinriviera.info\\\/wp-content\\\/uploads\\\/2020\\\/06\\\/logo-alt.png\",\"contentUrl\":\"https:\\\/\\\/www.medulinriviera.info\\\/wp-content\\\/uploads\\\/2020\\\/06\\\/logo-alt.png\",\"width\":264,\"height\":78,\"caption\":\"Medulin Riviera\"},\"image\":{\"@id\":\"https:\\\/\\\/www.medulinriviera.info\\\/it\\\/#\\\/schema\\\/logo\\\/image\\\/\"},\"sameAs\":[\"https:\\\/\\\/www.facebook.com\\\/medulinriviera\\\/\",\"https:\\\/\\\/www.instagram.com\\\/medulinriviera\\\/\",\"https:\\\/\\\/www.youtube.com\\\/channel\\\/UCYdC8kYbK9OEmlmeZydpumQ\"]}]}<\/script>\n<!-- \/ Yoast SEO plugin. -->","yoast_head_json":{"title":"Salute & Assistenza sanitaria - Medulin Riviera","robots":{"index":"index","follow":"follow","max-snippet":"max-snippet:-1","max-image-preview":"max-image-preview:large","max-video-preview":"max-video-preview:-1"},"canonical":"https:\/\/www.medulinriviera.info\/it\/salute-assistenza-sanitaria\/","og_locale":"it_IT","og_type":"article","og_title":"Salute & Assistenza sanitaria - Medulin Riviera","og_description":"In conformit\u00e0 agli obblighi contrattuali assunti con l\u2019Istituto croato per l\u2019assicurazione sanitaria, le istituzioni di sanit\u00e0 pubblica forniscono assistenza sanitaria...","og_url":"https:\/\/www.medulinriviera.info\/it\/salute-assistenza-sanitaria\/","og_site_name":"Medulin Riviera","article_publisher":"https:\/\/www.facebook.com\/medulinriviera\/","article_modified_time":"2022-07-25T09:52:55+00:00","og_image":[{"width":1707,"height":2560,"url":"https:\/\/www.medulinriviera.info\/wp-content\/uploads\/2022\/03\/Healty-Slikapexels-karolina-grabowska-4386467-scaled.jpg","type":"image\/jpeg"}],"twitter_card":"summary_large_image","twitter_misc":{"Tempo di lettura stimato":"4 minuti"},"schema":{"@context":"https:\/\/schema.org","@graph":[{"@type":"WebPage","@id":"https:\/\/www.medulinriviera.info\/it\/salute-assistenza-sanitaria\/","url":"https:\/\/www.medulinriviera.info\/it\/salute-assistenza-sanitaria\/","name":"Salute & Assistenza sanitaria - Medulin Riviera","isPartOf":{"@id":"https:\/\/www.medulinriviera.info\/it\/#website"},"primaryImageOfPage":{"@id":"https:\/\/www.medulinriviera.info\/it\/salute-assistenza-sanitaria\/#primaryimage"},"image":{"@id":"https:\/\/www.medulinriviera.info\/it\/salute-assistenza-sanitaria\/#primaryimage"},"thumbnailUrl":"https:\/\/www.medulinriviera.info\/wp-content\/uploads\/2022\/03\/Healty-Slikapexels-karolina-grabowska-4386467-scaled.jpg","datePublished":"2022-03-30T07:42:18+00:00","dateModified":"2022-07-25T09:52:55+00:00","breadcrumb":{"@id":"https:\/\/www.medulinriviera.info\/it\/salute-assistenza-sanitaria\/#breadcrumb"},"inLanguage":"it-IT","potentialAction":[{"@type":"ReadAction","target":["https:\/\/www.medulinriviera.info\/it\/salute-assistenza-sanitaria\/"]}]},{"@type":"ImageObject","inLanguage":"it-IT","@id":"https:\/\/www.medulinriviera.info\/it\/salute-assistenza-sanitaria\/#primaryimage","url":"https:\/\/www.medulinriviera.info\/wp-content\/uploads\/2022\/03\/Healty-Slikapexels-karolina-grabowska-4386467-scaled.jpg","contentUrl":"https:\/\/www.medulinriviera.info\/wp-content\/uploads\/2022\/03\/Healty-Slikapexels-karolina-grabowska-4386467-scaled.jpg","width":1707,"height":2560},{"@type":"BreadcrumbList","@id":"https:\/\/www.medulinriviera.info\/it\/salute-assistenza-sanitaria\/#breadcrumb","itemListElement":[{"@type":"ListItem","position":1,"name":"Home","item":"https:\/\/www.medulinriviera.info\/it\/"},{"@type":"ListItem","position":2,"name":"Salute &#038; Assistenza sanitaria"}]},{"@type":"WebSite","@id":"https:\/\/www.medulinriviera.info\/it\/#website","url":"https:\/\/www.medulinriviera.info\/it\/","name":"Medulin Riviera","description":"The Blue Planet","publisher":{"@id":"https:\/\/www.medulinriviera.info\/it\/#organization"},"potentialAction":[{"@type":"SearchAction","target":{"@type":"EntryPoint","urlTemplate":"https:\/\/www.medulinriviera.info\/it\/?s={search_term_string}"},"query-input":{"@type":"PropertyValueSpecification","valueRequired":true,"valueName":"search_term_string"}}],"inLanguage":"it-IT"},{"@type":"Organization","@id":"https:\/\/www.medulinriviera.info\/it\/#organization","name":"Medulin Riviera","url":"https:\/\/www.medulinriviera.info\/it\/","logo":{"@type":"ImageObject","inLanguage":"it-IT","@id":"https:\/\/www.medulinriviera.info\/it\/#\/schema\/logo\/image\/","url":"https:\/\/www.medulinriviera.info\/wp-content\/uploads\/2020\/06\/logo-alt.png","contentUrl":"https:\/\/www.medulinriviera.info\/wp-content\/uploads\/2020\/06\/logo-alt.png","width":264,"height":78,"caption":"Medulin Riviera"},"image":{"@id":"https:\/\/www.medulinriviera.info\/it\/#\/schema\/logo\/image\/"},"sameAs":["https:\/\/www.facebook.com\/medulinriviera\/","https:\/\/www.instagram.com\/medulinriviera\/","https:\/\/www.youtube.com\/channel\/UCYdC8kYbK9OEmlmeZydpumQ"]}]}},"wpml_current_locale":"it_IT","wpml_translations":[{"locale":"hr","id":22703,"post_title":"Zdravlje & zdravstvene usluge","href":"https:\/\/www.medulinriviera.info\/hr\/zdravlje-zdravstvene-usluge\/"},{"locale":"en_US","id":22648,"post_title":"Health & Health care services","href":"https:\/\/www.medulinriviera.info\/health-and-health-care-services\/"},{"locale":"fr_FR","id":22707,"post_title":"Sant\u00e9 et services medicaux","href":"https:\/\/www.medulinriviera.info\/fr\/sante-et-services-medicaux\/"},{"locale":"de_DE","id":22705,"post_title":"Gesundheit & Gesundheitsdienstleistungen","href":"https:\/\/www.medulinriviera.info\/de\/gesundheit-gesundheitsdienstleistungen\/"}],"_links":{"self":[{"href":"https:\/\/www.medulinriviera.info\/it\/wp-json\/wp\/v2\/pages\/22709","targetHints":{"allow":["GET"]}}],"collection":[{"href":"https:\/\/www.medulinriviera.info\/it\/wp-json\/wp\/v2\/pages"}],"about":[{"href":"https:\/\/www.medulinriviera.info\/it\/wp-json\/wp\/v2\/types\/page"}],"author":[{"embeddable":true,"href":"https:\/\/www.medulinriviera.info\/it\/wp-json\/wp\/v2\/users\/5"}],"replies":[{"embeddable":true,"href":"https:\/\/www.medulinriviera.info\/it\/wp-json\/wp\/v2\/comments?post=22709"}],"version-history":[{"count":0,"href":"https:\/\/www.medulinriviera.info\/it\/wp-json\/wp\/v2\/pages\/22709\/revisions"}],"wp:featuredmedia":[{"embeddable":true,"href":"https:\/\/www.medulinriviera.info\/it\/wp-json\/wp\/v2\/media\/22852"}],"wp:attachment":[{"href":"https:\/\/www.medulinriviera.info\/it\/wp-json\/wp\/v2\/media?parent=22709"}],"wp:term":[{"taxonomy":"classificator","embeddable":true,"href":"https:\/\/www.medulinriviera.info\/it\/wp-json\/wp\/v2\/classificator?post=22709"}],"curies":[{"name":"wp","href":"https:\/\/api.w.org\/{rel}","templated":true}]}}