{"id":20791,"date":"2021-10-22T11:27:05","date_gmt":"2021-10-22T09:27:05","guid":{"rendered":"https:\/\/www.medulinriviera.info\/?page_id=20791"},"modified":"2021-10-22T12:36:10","modified_gmt":"2021-10-22T10:36:10","slug":"autunno-e-inverno-sulla-riviera-di-medulin","status":"publish","type":"page","link":"https:\/\/www.medulinriviera.info\/it\/home\/autunno-e-inverno-sulla-riviera-di-medulin\/","title":{"rendered":"Autunno e inverno sulla Riviera di Medulin"},"content":{"rendered":"\n<p>Circondata dal mare e da una natura spettacolare, la Riviera di Medulin con i suoi 80 chilometri di costa \u00e8 il luogo ideale per rilassarsi, scappare dallo stress e staccare la spina dalla quotidianit\u00e0. Sia che voi scegliate un soggiorno pi\u00f9 lungo, un weekend lungo o solo un breve break, la Riviera vi dar\u00e0 la possibilit\u00e0 di riprendere fiato dal tran tran cittadino. Anche al di fuori della stagione estiva, vi offriamo una miriade di attivit\u00e0 all\u2019aperto dove si respira l\u2019aria pulita del mare.<\/p>\n\n\n\n<p>La bellissima natura incontaminata \u00e8 un motivo in pi\u00f9 per visitarci non solo in estate, ma anche in autunno e inverno, e godersi una vacanza attiva \u2013 il tipo di riposo pi\u00f9 raccomandato dagli esperti.<\/p>\n\n\n\n<p>Regalatevi un momento di svago e respirate i profumi del Mediterraneo. Non importa se vi avventurate all\u2019esplorazione della Riviera di Medulin da soli oppure in compagnia della vostra famiglia o dei vostri amici; in ogni caso, la Riviera vi conquister\u00e0 con la sua diversit\u00e0 e un\u2019infinita variet\u00e0 di esperienze autentiche.<\/p>\n\n\n\n<p>Si pu\u00f2 soggiornare in&nbsp;<strong><a href=\"https:\/\/www.medulinriviera.info\/it\/accommodation\/hotels\/\">ottimi hotel,<\/a>&nbsp;<a href=\"https:\/\/www.medulinriviera.info\/it\/accommodation\/camping\/\">campeggi ben attrezzati ed attraenti<\/a>,&nbsp;<a href=\"https:\/\/www.medulinriviera.info\/it\/accommodation\/private-accommodation\/\">case per vacanza o appartamenti.<\/a><\/strong>&nbsp;Qualsiasi tipo di alloggio voi scegliate, lo staff ce la metter\u00e0 tutta, in modo discreto e non invadente, per regalarvi la vacanza che avete sempre sognato e per farvi scoprire e godere tutte le meraviglie e attrazioni della Riviera di Medulin. Vi offriamo una vacanza all\u2019insegna della sicurezza e del rispetto di tutte le linee guida delle organizzazioni sanitarie nazionali ed internazionali.<\/p>\n\n\n\n<p>La Riviera di Medulin costituisce una vera e propria sfida per i ciclisti &#8211; <strong><a href=\"https:\/\/www.medulinriviera.info\/it\/activities\/cycling\/\">60 chilometri di percorsi ciclabili <\/a><\/strong>vi invitano a scoprire e conoscere gli angoli pi\u00f9 suggestivi del litorale circostante. Se decidete di esplorare la zona in bici, incontrerete un susseguirsi di paesaggi sempre diversi &#8211; il mare, la macchia mediterranea, i boschi e i sentieri serpeggianti si alternano come in un film. Potete avventurarvi all\u2019esplorazione della Riviera da soli oppure potete rivolgervi a centri specializzati. In ogni caso, vi consigliamo di dare un\u2019occhiata agli itinerari sul nostro sito web e di scaricarli sul vostro dispositivo oppure potete fare un salto dall\u2019Ente turistico locale e studiare la cartina prima di partire all\u2019avventura.<\/p>\n\n\n\n<p>Visitare l\u2019area circostante in bici non \u00e8 nel vostro stile? Non preoccupatevi, potete benissimo farlo a piedi. In aggiunta alle passeggiate brevi, per i nostri ospiti pi\u00f9 avventurosi abbiamo segnato <strong><a href=\"https:\/\/www.medulinriviera.info\/it\/activities\/walking-routes\/\">una rete di sentieri pedonali con diversi livelli di difficolt\u00e0.<\/a><\/strong> Percorrete gli itinerari e i percorsi immersi nella natura, portatevi a casa un ricordo di mare impresso nella memoria. A coloro \u00a0che soggiornano sulla Riviera di Medulin consigliamo di visitare il <strong><a href=\"https:\/\/www.medulinriviera.info\/it\/archeological-park-vizula\/\">Parco archeologico Vi\u017eula <\/a><\/strong>a Medulin e fare una passeggiata archeologica di 2,3 km dove all&#8217;epoca romana passeggiavano i ricchi residenti della penisola.<\/p>\n\n\n\n<p><strong><a href=\"https:\/\/www.medulinriviera.info\/it\/activity\/136-dinasour-trail\/\">Il Sentiero dei dinosauri in Kamenjak<\/a><\/strong> (Capo Promontore) racconta la storia di tempi lontani, quando queste incredibili creature regnavano sulla Terra. Sono ugualmente interessanti e informativi i sentieri tematici Gradina e Punta. Vale la pena sottolineare che <strong><a href=\"https:\/\/www.medulinriviera.info\/it\/activity\/137-sensory-didactic-path-gradine\/\">il percorso didattico e sensoriale Gradina<\/a><\/strong>, situato in Gornji Kamenjak (parte alta del Capo Promontore), \u00e8 accessibile e fruibile in autonomia per le persone non vedenti e ipovedenti.<\/p>\n\n\n\n<p>Una meta da non perdere assolutamente se visitate Kamenjak sono il Safari Bar e la Fattoria istriana.\u00a0 Concedetevi un momento di relax e assaporate gli odori e i sapori autentici del territorio con un panorama che va fino al mare aperto e all\u00b4isoloto col \u00a0<strong>faro di Porer<\/strong><\/p>\n\n\n\n<p>Potete anche trascorrere una giornata divertente nel <strong><a href=\"https:\/\/www.medulinriviera.info\/it\/attraction\/parco-avventura\/\">parco adrenalinico locale<\/a><\/strong> o esplorare i nostri luoghi pi\u00fa pittoreschi: <strong><a href=\"https:\/\/www.medulinriviera.info\/it\/places\/\">Medulin, Premantura, Banjole, Pomer, Pje\u0161\u010dana Uvala, Vinkuran, Vintijan<\/a><\/strong>.<\/p>\n\n\n\n<p>Desiderate qualcosa in pi\u00f9? Vivere un\u2019emozione unica e indimenticabile mentre spiccate il volo per poi gustare la sensazione di libert\u00e0 che vi dona il volo? Allora <strong><a href=\"https:\/\/www.medulinriviera.info\/it\/attraction\/voli-panoramici\/\">i voli panoramici <\/a><\/strong>sono quello che fa per voi. Panorami mozzafiato, l\u2019azzurro del cielo e il blu del mare, le innumerevoli isole e insenature si susseguono davanti ai vostri occhi mentre volate sopra la Riviera di Medulin. Se invece preferite tuffarvi nel profondo blu del mare, rivolgetevi con fiducia ad uno dei <strong><a href=\"https:\/\/www.medulinriviera.info\/it\/activities\/diving\/\">nostri centri subacquei<\/a><\/strong>. Il paesaggio sottomarino della Medulin Riviera \u00e8 popolato da una vasta biodiversit\u00e1 \u00a0e il suo fondale vanta la presenza di affascinanti relitti di navi. Potete scoprirli con l\u2019aiuto dello staff esperto che far\u00e0 tutto il possibile per organizzare delle immersioni fantastiche e per regalarvi esperienze indimenticabili.<\/p>\n\n\n\n<p>Un\u2019altra esperienza meravigliosa viene offerta dall\u2019equipaggio composto da professionisti che vi porteranno in mare aperto a caccia di tonno \u2013 il cosiddetto <strong><a href=\"https:\/\/www.medulinriviera.info\/it\/attraction\/big-game-fishing\/\">Big Game Fishing<\/a><\/strong>.<\/p>\n\n\n\n<p>Le immense bellezze naturali della Medulin Riviera si possono conoscere anche passeggiando in sella a un cavallo \u2013 i nostri centri di equitazione organizzano itinerari personalizzati in base alle vostre preferenze. Andare a cavallo lungo il profondo blu della nostra costiera \u00e8 veramente un\u2019esperienza unica.<\/p>\n\n\n\n<p>E quando soffiano la bora o lo scirocco, <strong><a href=\"https:\/\/www.medulinriviera.info\/it\/activities\/windsurfing-kitesurfing\/\">gli amanti del windsurf e del kitesurf <\/a><\/strong>sanno benissimo che non c\u2019\u00e8 posto migliore della Riviera di Medulin per praticare questi sport adrenalinici. Infatti, molti vengono in vacanza da noi proprio per godere a pieno del loro sport preferito.<\/p>\n\n\n\n<p>Nella Riviera di Medulin potete vivere una variet\u00e0 di esperienze ancora sconosciute. Vi invitiamo a visitarci per fare un break dalla vita quotidiana, ricaricare le pile e aprire il vostro cuore a nuove avventure. <\/p>\n\n\n\n<p>Grazie al suo clima mite e molte giornate di sole, la Medulin Riviera \u00e8 un\u2019ottima scelta in tutte le stagioni\u2026 Respirate la salute, liberatevi dallo stress e tornate a casa riposati, rilassati e spensierati.<\/p>\n\n\n\n<p>Vi aspettiamo sulla Riviera di Medulin!<\/p>\n","protected":false},"excerpt":{"rendered":"<p>Circondata dal mare e da una natura spettacolare, la Riviera di Medulin con i suoi 80 chilometri di costa \u00e8&#8230;<\/p>\n","protected":false},"author":2,"featured_media":20773,"parent":12,"menu_order":0,"comment_status":"closed","ping_status":"closed","template":"","meta":{"_acf_changed":false,"footnotes":""},"classificator":[],"class_list":["post-20791","page","type-page","status-publish","has-post-thumbnail","hentry"],"acf":{"video":"","gallery":null},"yoast_head":"<!-- This site is optimized with the Yoast SEO plugin v27.3 - https:\/\/yoast.com\/product\/yoast-seo-wordpress\/ -->\n<title>Autunno e inverno sulla Riviera di Medulin - Medulin Riviera<\/title>\n<meta name=\"robots\" content=\"index, follow, max-snippet:-1, max-image-preview:large, max-video-preview:-1\" \/>\n<link rel=\"canonical\" href=\"https:\/\/www.medulinriviera.info\/it\/home\/autunno-e-inverno-sulla-riviera-di-medulin\/\" \/>\n<meta property=\"og:locale\" content=\"it_IT\" \/>\n<meta property=\"og:type\" content=\"article\" \/>\n<meta property=\"og:title\" content=\"Autunno e inverno sulla Riviera di Medulin - Medulin Riviera\" \/>\n<meta property=\"og:description\" content=\"Circondata dal mare e da una natura spettacolare, la Riviera di Medulin con i suoi 80 chilometri di costa \u00e8...\" \/>\n<meta property=\"og:url\" content=\"https:\/\/www.medulinriviera.info\/it\/home\/autunno-e-inverno-sulla-riviera-di-medulin\/\" \/>\n<meta property=\"og:site_name\" content=\"Medulin Riviera\" \/>\n<meta property=\"article:publisher\" content=\"https:\/\/www.facebook.com\/medulinriviera\/\" \/>\n<meta property=\"article:modified_time\" content=\"2021-10-22T10:36:10+00:00\" \/>\n<meta property=\"og:image\" content=\"https:\/\/www.medulinriviera.info\/wp-content\/uploads\/2021\/10\/TZOMWEB-KampKazelaMedulinZima-Studio11.jpg\" \/>\n\t<meta property=\"og:image:width\" content=\"2500\" \/>\n\t<meta property=\"og:image:height\" content=\"1667\" \/>\n\t<meta property=\"og:image:type\" content=\"image\/jpeg\" \/>\n<meta name=\"twitter:card\" content=\"summary_large_image\" \/>\n<meta name=\"twitter:label1\" content=\"Tempo di lettura stimato\" \/>\n\t<meta name=\"twitter:data1\" content=\"4 minuti\" \/>\n<script type=\"application\/ld+json\" class=\"yoast-schema-graph\">{\"@context\":\"https:\\\/\\\/schema.org\",\"@graph\":[{\"@type\":\"WebPage\",\"@id\":\"https:\\\/\\\/www.medulinriviera.info\\\/it\\\/home\\\/autunno-e-inverno-sulla-riviera-di-medulin\\\/\",\"url\":\"https:\\\/\\\/www.medulinriviera.info\\\/it\\\/home\\\/autunno-e-inverno-sulla-riviera-di-medulin\\\/\",\"name\":\"Autunno e inverno sulla Riviera di Medulin - Medulin Riviera\",\"isPartOf\":{\"@id\":\"https:\\\/\\\/www.medulinriviera.info\\\/it\\\/#website\"},\"primaryImageOfPage\":{\"@id\":\"https:\\\/\\\/www.medulinriviera.info\\\/it\\\/home\\\/autunno-e-inverno-sulla-riviera-di-medulin\\\/#primaryimage\"},\"image\":{\"@id\":\"https:\\\/\\\/www.medulinriviera.info\\\/it\\\/home\\\/autunno-e-inverno-sulla-riviera-di-medulin\\\/#primaryimage\"},\"thumbnailUrl\":\"https:\\\/\\\/www.medulinriviera.info\\\/wp-content\\\/uploads\\\/2021\\\/10\\\/TZOMWEB-KampKazelaMedulinZima-Studio11.jpg\",\"datePublished\":\"2021-10-22T09:27:05+00:00\",\"dateModified\":\"2021-10-22T10:36:10+00:00\",\"breadcrumb\":{\"@id\":\"https:\\\/\\\/www.medulinriviera.info\\\/it\\\/home\\\/autunno-e-inverno-sulla-riviera-di-medulin\\\/#breadcrumb\"},\"inLanguage\":\"it-IT\",\"potentialAction\":[{\"@type\":\"ReadAction\",\"target\":[\"https:\\\/\\\/www.medulinriviera.info\\\/it\\\/home\\\/autunno-e-inverno-sulla-riviera-di-medulin\\\/\"]}]},{\"@type\":\"ImageObject\",\"inLanguage\":\"it-IT\",\"@id\":\"https:\\\/\\\/www.medulinriviera.info\\\/it\\\/home\\\/autunno-e-inverno-sulla-riviera-di-medulin\\\/#primaryimage\",\"url\":\"https:\\\/\\\/www.medulinriviera.info\\\/wp-content\\\/uploads\\\/2021\\\/10\\\/TZOMWEB-KampKazelaMedulinZima-Studio11.jpg\",\"contentUrl\":\"https:\\\/\\\/www.medulinriviera.info\\\/wp-content\\\/uploads\\\/2021\\\/10\\\/TZOMWEB-KampKazelaMedulinZima-Studio11.jpg\",\"width\":2500,\"height\":1667},{\"@type\":\"BreadcrumbList\",\"@id\":\"https:\\\/\\\/www.medulinriviera.info\\\/it\\\/home\\\/autunno-e-inverno-sulla-riviera-di-medulin\\\/#breadcrumb\",\"itemListElement\":[{\"@type\":\"ListItem\",\"position\":1,\"name\":\"Home\",\"item\":\"https:\\\/\\\/www.medulinriviera.info\\\/it\\\/\"},{\"@type\":\"ListItem\",\"position\":2,\"name\":\"Home\",\"item\":\"https:\\\/\\\/www.medulinriviera.info\\\/it\\\/\"},{\"@type\":\"ListItem\",\"position\":3,\"name\":\"Autunno e inverno sulla Riviera di Medulin\"}]},{\"@type\":\"WebSite\",\"@id\":\"https:\\\/\\\/www.medulinriviera.info\\\/it\\\/#website\",\"url\":\"https:\\\/\\\/www.medulinriviera.info\\\/it\\\/\",\"name\":\"Medulin Riviera\",\"description\":\"The Blue Planet\",\"publisher\":{\"@id\":\"https:\\\/\\\/www.medulinriviera.info\\\/it\\\/#organization\"},\"potentialAction\":[{\"@type\":\"SearchAction\",\"target\":{\"@type\":\"EntryPoint\",\"urlTemplate\":\"https:\\\/\\\/www.medulinriviera.info\\\/it\\\/?s={search_term_string}\"},\"query-input\":{\"@type\":\"PropertyValueSpecification\",\"valueRequired\":true,\"valueName\":\"search_term_string\"}}],\"inLanguage\":\"it-IT\"},{\"@type\":\"Organization\",\"@id\":\"https:\\\/\\\/www.medulinriviera.info\\\/it\\\/#organization\",\"name\":\"Medulin Riviera\",\"url\":\"https:\\\/\\\/www.medulinriviera.info\\\/it\\\/\",\"logo\":{\"@type\":\"ImageObject\",\"inLanguage\":\"it-IT\",\"@id\":\"https:\\\/\\\/www.medulinriviera.info\\\/it\\\/#\\\/schema\\\/logo\\\/image\\\/\",\"url\":\"https:\\\/\\\/www.medulinriviera.info\\\/wp-content\\\/uploads\\\/2020\\\/06\\\/logo-alt.png\",\"contentUrl\":\"https:\\\/\\\/www.medulinriviera.info\\\/wp-content\\\/uploads\\\/2020\\\/06\\\/logo-alt.png\",\"width\":264,\"height\":78,\"caption\":\"Medulin Riviera\"},\"image\":{\"@id\":\"https:\\\/\\\/www.medulinriviera.info\\\/it\\\/#\\\/schema\\\/logo\\\/image\\\/\"},\"sameAs\":[\"https:\\\/\\\/www.facebook.com\\\/medulinriviera\\\/\",\"https:\\\/\\\/www.instagram.com\\\/medulinriviera\\\/\",\"https:\\\/\\\/www.youtube.com\\\/channel\\\/UCYdC8kYbK9OEmlmeZydpumQ\"]}]}<\/script>\n<!-- \/ Yoast SEO plugin. -->","yoast_head_json":{"title":"Autunno e inverno sulla Riviera di Medulin - Medulin Riviera","robots":{"index":"index","follow":"follow","max-snippet":"max-snippet:-1","max-image-preview":"max-image-preview:large","max-video-preview":"max-video-preview:-1"},"canonical":"https:\/\/www.medulinriviera.info\/it\/home\/autunno-e-inverno-sulla-riviera-di-medulin\/","og_locale":"it_IT","og_type":"article","og_title":"Autunno e inverno sulla Riviera di Medulin - Medulin Riviera","og_description":"Circondata dal mare e da una natura spettacolare, la Riviera di Medulin con i suoi 80 chilometri di costa \u00e8...","og_url":"https:\/\/www.medulinriviera.info\/it\/home\/autunno-e-inverno-sulla-riviera-di-medulin\/","og_site_name":"Medulin Riviera","article_publisher":"https:\/\/www.facebook.com\/medulinriviera\/","article_modified_time":"2021-10-22T10:36:10+00:00","og_image":[{"width":2500,"height":1667,"url":"https:\/\/www.medulinriviera.info\/wp-content\/uploads\/2021\/10\/TZOMWEB-KampKazelaMedulinZima-Studio11.jpg","type":"image\/jpeg"}],"twitter_card":"summary_large_image","twitter_misc":{"Tempo di lettura stimato":"4 minuti"},"schema":{"@context":"https:\/\/schema.org","@graph":[{"@type":"WebPage","@id":"https:\/\/www.medulinriviera.info\/it\/home\/autunno-e-inverno-sulla-riviera-di-medulin\/","url":"https:\/\/www.medulinriviera.info\/it\/home\/autunno-e-inverno-sulla-riviera-di-medulin\/","name":"Autunno e inverno sulla Riviera di Medulin - Medulin Riviera","isPartOf":{"@id":"https:\/\/www.medulinriviera.info\/it\/#website"},"primaryImageOfPage":{"@id":"https:\/\/www.medulinriviera.info\/it\/home\/autunno-e-inverno-sulla-riviera-di-medulin\/#primaryimage"},"image":{"@id":"https:\/\/www.medulinriviera.info\/it\/home\/autunno-e-inverno-sulla-riviera-di-medulin\/#primaryimage"},"thumbnailUrl":"https:\/\/www.medulinriviera.info\/wp-content\/uploads\/2021\/10\/TZOMWEB-KampKazelaMedulinZima-Studio11.jpg","datePublished":"2021-10-22T09:27:05+00:00","dateModified":"2021-10-22T10:36:10+00:00","breadcrumb":{"@id":"https:\/\/www.medulinriviera.info\/it\/home\/autunno-e-inverno-sulla-riviera-di-medulin\/#breadcrumb"},"inLanguage":"it-IT","potentialAction":[{"@type":"ReadAction","target":["https:\/\/www.medulinriviera.info\/it\/home\/autunno-e-inverno-sulla-riviera-di-medulin\/"]}]},{"@type":"ImageObject","inLanguage":"it-IT","@id":"https:\/\/www.medulinriviera.info\/it\/home\/autunno-e-inverno-sulla-riviera-di-medulin\/#primaryimage","url":"https:\/\/www.medulinriviera.info\/wp-content\/uploads\/2021\/10\/TZOMWEB-KampKazelaMedulinZima-Studio11.jpg","contentUrl":"https:\/\/www.medulinriviera.info\/wp-content\/uploads\/2021\/10\/TZOMWEB-KampKazelaMedulinZima-Studio11.jpg","width":2500,"height":1667},{"@type":"BreadcrumbList","@id":"https:\/\/www.medulinriviera.info\/it\/home\/autunno-e-inverno-sulla-riviera-di-medulin\/#breadcrumb","itemListElement":[{"@type":"ListItem","position":1,"name":"Home","item":"https:\/\/www.medulinriviera.info\/it\/"},{"@type":"ListItem","position":2,"name":"Home","item":"https:\/\/www.medulinriviera.info\/it\/"},{"@type":"ListItem","position":3,"name":"Autunno e inverno sulla Riviera di Medulin"}]},{"@type":"WebSite","@id":"https:\/\/www.medulinriviera.info\/it\/#website","url":"https:\/\/www.medulinriviera.info\/it\/","name":"Medulin Riviera","description":"The Blue Planet","publisher":{"@id":"https:\/\/www.medulinriviera.info\/it\/#organization"},"potentialAction":[{"@type":"SearchAction","target":{"@type":"EntryPoint","urlTemplate":"https:\/\/www.medulinriviera.info\/it\/?s={search_term_string}"},"query-input":{"@type":"PropertyValueSpecification","valueRequired":true,"valueName":"search_term_string"}}],"inLanguage":"it-IT"},{"@type":"Organization","@id":"https:\/\/www.medulinriviera.info\/it\/#organization","name":"Medulin Riviera","url":"https:\/\/www.medulinriviera.info\/it\/","logo":{"@type":"ImageObject","inLanguage":"it-IT","@id":"https:\/\/www.medulinriviera.info\/it\/#\/schema\/logo\/image\/","url":"https:\/\/www.medulinriviera.info\/wp-content\/uploads\/2020\/06\/logo-alt.png","contentUrl":"https:\/\/www.medulinriviera.info\/wp-content\/uploads\/2020\/06\/logo-alt.png","width":264,"height":78,"caption":"Medulin Riviera"},"image":{"@id":"https:\/\/www.medulinriviera.info\/it\/#\/schema\/logo\/image\/"},"sameAs":["https:\/\/www.facebook.com\/medulinriviera\/","https:\/\/www.instagram.com\/medulinriviera\/","https:\/\/www.youtube.com\/channel\/UCYdC8kYbK9OEmlmeZydpumQ"]}]}},"wpml_current_locale":"it_IT","wpml_translations":[{"locale":"hr","id":20780,"post_title":"Jesen i zima na Medulin Rivieri","href":"https:\/\/www.medulinriviera.info\/hr\/home\/jesen-i-zima-na-medulin-rivieri\/"},{"locale":"en_US","id":20768,"post_title":"Autumn & Winter on Medulin Riviera","href":"https:\/\/www.medulinriviera.info\/home\/autumm-winter-on-medulin-riviera\/"},{"locale":"fr_FR","id":20784,"post_title":"Autumm & Winter on Medulin Riviera","href":"https:\/\/www.medulinriviera.info\/fr\/home\/autumm-winter-on-medulin-riviera\/"},{"locale":"de_DE","id":20788,"post_title":"Herbst und Winter an Medulin Riviera","href":"https:\/\/www.medulinriviera.info\/de\/home\/herbst-und-winter-an-medulin-riviera\/"}],"_links":{"self":[{"href":"https:\/\/www.medulinriviera.info\/it\/wp-json\/wp\/v2\/pages\/20791","targetHints":{"allow":["GET"]}}],"collection":[{"href":"https:\/\/www.medulinriviera.info\/it\/wp-json\/wp\/v2\/pages"}],"about":[{"href":"https:\/\/www.medulinriviera.info\/it\/wp-json\/wp\/v2\/types\/page"}],"author":[{"embeddable":true,"href":"https:\/\/www.medulinriviera.info\/it\/wp-json\/wp\/v2\/users\/2"}],"replies":[{"embeddable":true,"href":"https:\/\/www.medulinriviera.info\/it\/wp-json\/wp\/v2\/comments?post=20791"}],"version-history":[{"count":0,"href":"https:\/\/www.medulinriviera.info\/it\/wp-json\/wp\/v2\/pages\/20791\/revisions"}],"up":[{"embeddable":true,"href":"https:\/\/www.medulinriviera.info\/it\/wp-json\/wp\/v2\/pages\/12"}],"wp:featuredmedia":[{"embeddable":true,"href":"https:\/\/www.medulinriviera.info\/it\/wp-json\/wp\/v2\/media\/20773"}],"wp:attachment":[{"href":"https:\/\/www.medulinriviera.info\/it\/wp-json\/wp\/v2\/media?parent=20791"}],"wp:term":[{"taxonomy":"classificator","embeddable":true,"href":"https:\/\/www.medulinriviera.info\/it\/wp-json\/wp\/v2\/classificator?post=20791"}],"curies":[{"name":"wp","href":"https:\/\/api.w.org\/{rel}","templated":true}]}}