{"id":18386,"date":"2021-05-21T09:34:31","date_gmt":"2021-05-21T07:34:31","guid":{"rendered":"https:\/\/www.medulinriviera.info\/?page_id=18386"},"modified":"2021-07-23T12:15:46","modified_gmt":"2021-07-23T10:15:46","slug":"kamenjak","status":"publish","type":"page","link":"https:\/\/www.medulinriviera.info\/it\/kamenjak\/","title":{"rendered":"Amazing Nature &#8211; Kamenjak"},"content":{"rendered":"\n<p>Situato all\u2019estremo sud della penisola istriana, Kamenjak \u00e8 senza dubbio una delle localit\u00e0 pi\u00f9<br>suggestive e gettonate della Medulin Riviera. Consiste in due zone distinte: Gornji Kamenjak e<br>Donji Kamenjak. Indipendentemente da quale delle due zone scegliate, ad ogni passo sarete<br>accompagnati dal mare, dai profumi intensi della vegetazione mediterranea e delle vedute<br>indimenticabili sull\u2019arcipelago di Medulin e i suoi undici isolotti disabitati, mentre in giornate<br>particolarmente limpide la vista spazia fino all\u2019isola di Cherso e il monte Velebit.<\/p>\n\n\n\n<p><br><strong>Donji Kamenjak<\/strong> \u00e8 una delle ultime oasi del litorale che ha mantenuto il suo aspetto di un tempo.<br>Si tratta di un mosaico di campi coltivati, pascoli e boschi verdi quasi immersi nel mare. Una<br>volta arrivati a Kamenjak, potete ricrearvi e divertirvi in un&#8217;infinit\u00e0 di modi. Potete <strong><a href=\"https:\/\/www.medulinriviera.info\/it\/activities\/walking-routes\/\">passeggiare<\/a><\/strong>,<br>perch\u00e9 le passeggiate in Kamenjak hanno sempre quel qualcosa di speciale, potete andare in<br>bicicletta sui vari <strong><a href=\"https:\/\/www.medulinriviera.info\/it\/activities\/cycling\/\">percorsi cicloturistici<\/a><\/strong>, potete fare canottaggio, nuotare, fare snorkeling o<br><strong><a href=\"https:\/\/www.medulinriviera.info\/it\/activities\/diving\/\">diving<\/a><\/strong>, <strong><a href=\"https:\/\/www.medulinriviera.info\/it\/activities\/kayak-sup\/\">andare in kayak<\/a><\/strong>, oppure fare tuffi \u2026 Quando si alza il vento, Kamenjak diventa un<br>punto di incontro per molti amanti di <strong><a href=\"https:\/\/www.medulinriviera.info\/it\/activities\/windsurfing-kitesurfing\/\">windsurf,<\/a><\/strong> perch\u00e9 anche il vento qui \u00e8 speciale. L\u2019area pi\u00f9<br>a sud dell\u2019Istria \u00e8 priva di costruzioni e monumentali alberghi, ma in tarda primavera ed estate ci<br>si pu\u00f2 ristorare in uno dei <strong>bar in spiaggia<\/strong>. Molti visitatori di Kamenjak trovano particolarmente<br>interessante il <strong><a href=\"https:\/\/www.medulinriviera.info\/it\/attraction\/safari-bar\/\">Safari bar<\/a><\/strong>, ma anche la <a href=\"https:\/\/www.medulinriviera.info\/it\/attraction\/istrian-farm\/\"><strong>Fattoria istriana<\/strong> <\/a>attira l\u2019attenzione dei visitatori.<\/p>\n\n\n\n<p><br>Donji Kamenjak \u00e8 una penisola lunga circa nove chilometri. Copre una superficie di 404 ettari<br>circoscritti da 30 chilometri di costa che vanta numerose baie e spiagge dalle acque cristalline.<br>C\u2019\u00e8 ne sono di vari tipi e sono tutte bellissime.<\/p>\n\n\n\n<p><br>Ammirando il mare dalla Punta Kamenjak, il vostro sguardo si fermer\u00e0 sicuramente sul<br>faro di Porer, eretto nel lontano 1846 sull\u2019omonimo scoglio, e sull\u2019isola di Fenoliga, dove nei<br>tempi lontani passeggiavano i dinosauri le cui impronte sono tuttora visibili. I fossili di dinosauri<br>presenti sull\u2019isola di Fenoliga e sulla penisola di Grakalovac sono stati dichiarati parti protette<br>della natura. In Kamenjak sono protette anche le orchidee. Infatti, qui crescono spontanee<br>addirittura 30 specie di questo bellissimo fiore.<br>La penisola \u00e8 maggiormente visitata d\u2019estate, ma per godere a pieno della sua natura intatta vi<br>consigliamo di visitarla in primavera o in autunno.<\/p>\n\n\n\n<p><br>Anche se meno popolare<strong>, Gornji Kamenjak<\/strong> \u00e8 un tratto meraviglioso della Riviera di Medulin. \u00c8<br>un\u2019area di paesaggio protetto ubicata tra due villaggi, Premantura e Volme. Qui crescono<br>addirittura 487 specie vegetali. Se visitate Gornji Kamenjak, di sicuro rimarrete soddisfatti dei<br>suoi <strong>sentieri pedonali e ciclistici<\/strong>. Come anche in Donji Kamenjak, qui avrete l\u2019opportunit\u00e0 di<br>respirare i veri profumi del Mediterraneo e di rilassarvi dallo stress quotidiano.<\/p>\n\n\n\n<p><\/p>\n","protected":false},"excerpt":{"rendered":"<p>Situato all\u2019estremo sud della penisola istriana, Kamenjak \u00e8 senza dubbio una delle localit\u00e0 pi\u00f9suggestive e gettonate della Medulin Riviera. Consiste&#8230;<\/p>\n","protected":false},"author":3,"featured_media":18373,"parent":0,"menu_order":0,"comment_status":"closed","ping_status":"closed","template":"","meta":{"_acf_changed":false,"footnotes":""},"classificator":[],"class_list":["post-18386","page","type-page","status-publish","has-post-thumbnail","hentry"],"acf":{"video":"","gallery":[18361,10342,10331,1444,16557,17063,16545,17192,17641,17707,17730,11703,15333]},"yoast_head":"<!-- This site is optimized with the Yoast SEO plugin v27.5 - https:\/\/yoast.com\/product\/yoast-seo-wordpress\/ -->\n<title>Amazing Nature - Kamenjak - Medulin Riviera<\/title>\n<meta name=\"robots\" content=\"index, follow, max-snippet:-1, max-image-preview:large, max-video-preview:-1\" \/>\n<link rel=\"canonical\" href=\"https:\/\/www.medulinriviera.info\/it\/kamenjak\/\" \/>\n<meta property=\"og:locale\" content=\"it_IT\" \/>\n<meta property=\"og:type\" content=\"article\" \/>\n<meta property=\"og:title\" content=\"Amazing Nature - Kamenjak - Medulin Riviera\" \/>\n<meta property=\"og:description\" content=\"Situato all\u2019estremo sud della penisola istriana, Kamenjak \u00e8 senza dubbio una delle localit\u00e0 pi\u00f9suggestive e gettonate della Medulin Riviera. Consiste...\" \/>\n<meta property=\"og:url\" content=\"https:\/\/www.medulinriviera.info\/it\/kamenjak\/\" \/>\n<meta property=\"og:site_name\" content=\"Medulin Riviera\" \/>\n<meta property=\"article:publisher\" content=\"https:\/\/www.facebook.com\/medulinriviera\/\" \/>\n<meta property=\"article:modified_time\" content=\"2021-07-23T10:15:46+00:00\" \/>\n<meta property=\"og:image\" content=\"https:\/\/www.medulinriviera.info\/wp-content\/uploads\/2021\/05\/TZOMWEB-KamenjakEdukativnaStaza3-Studio11-az.jpg\" \/>\n\t<meta property=\"og:image:width\" content=\"1856\" \/>\n\t<meta property=\"og:image:height\" content=\"845\" \/>\n\t<meta property=\"og:image:type\" content=\"image\/jpeg\" \/>\n<meta name=\"twitter:card\" content=\"summary_large_image\" \/>\n<meta name=\"twitter:label1\" content=\"Tempo di lettura stimato\" \/>\n\t<meta name=\"twitter:data1\" content=\"2 minuti\" \/>\n<script type=\"application\/ld+json\" class=\"yoast-schema-graph\">{\"@context\":\"https:\\\/\\\/schema.org\",\"@graph\":[{\"@type\":\"WebPage\",\"@id\":\"https:\\\/\\\/www.medulinriviera.info\\\/it\\\/kamenjak\\\/\",\"url\":\"https:\\\/\\\/www.medulinriviera.info\\\/it\\\/kamenjak\\\/\",\"name\":\"Amazing Nature - Kamenjak - Medulin Riviera\",\"isPartOf\":{\"@id\":\"https:\\\/\\\/www.medulinriviera.info\\\/it\\\/#website\"},\"primaryImageOfPage\":{\"@id\":\"https:\\\/\\\/www.medulinriviera.info\\\/it\\\/kamenjak\\\/#primaryimage\"},\"image\":{\"@id\":\"https:\\\/\\\/www.medulinriviera.info\\\/it\\\/kamenjak\\\/#primaryimage\"},\"thumbnailUrl\":\"https:\\\/\\\/www.medulinriviera.info\\\/wp-content\\\/uploads\\\/2021\\\/05\\\/TZOMWEB-KamenjakEdukativnaStaza3-Studio11-az.jpg\",\"datePublished\":\"2021-05-21T07:34:31+00:00\",\"dateModified\":\"2021-07-23T10:15:46+00:00\",\"breadcrumb\":{\"@id\":\"https:\\\/\\\/www.medulinriviera.info\\\/it\\\/kamenjak\\\/#breadcrumb\"},\"inLanguage\":\"it-IT\",\"potentialAction\":[{\"@type\":\"ReadAction\",\"target\":[\"https:\\\/\\\/www.medulinriviera.info\\\/it\\\/kamenjak\\\/\"]}]},{\"@type\":\"ImageObject\",\"inLanguage\":\"it-IT\",\"@id\":\"https:\\\/\\\/www.medulinriviera.info\\\/it\\\/kamenjak\\\/#primaryimage\",\"url\":\"https:\\\/\\\/www.medulinriviera.info\\\/wp-content\\\/uploads\\\/2021\\\/05\\\/TZOMWEB-KamenjakEdukativnaStaza3-Studio11-az.jpg\",\"contentUrl\":\"https:\\\/\\\/www.medulinriviera.info\\\/wp-content\\\/uploads\\\/2021\\\/05\\\/TZOMWEB-KamenjakEdukativnaStaza3-Studio11-az.jpg\",\"width\":1856,\"height\":845},{\"@type\":\"BreadcrumbList\",\"@id\":\"https:\\\/\\\/www.medulinriviera.info\\\/it\\\/kamenjak\\\/#breadcrumb\",\"itemListElement\":[{\"@type\":\"ListItem\",\"position\":1,\"name\":\"Home\",\"item\":\"https:\\\/\\\/www.medulinriviera.info\\\/it\\\/\"},{\"@type\":\"ListItem\",\"position\":2,\"name\":\"Amazing Nature &#8211; Kamenjak\"}]},{\"@type\":\"WebSite\",\"@id\":\"https:\\\/\\\/www.medulinriviera.info\\\/it\\\/#website\",\"url\":\"https:\\\/\\\/www.medulinriviera.info\\\/it\\\/\",\"name\":\"Medulin Riviera\",\"description\":\"The Blue Planet\",\"publisher\":{\"@id\":\"https:\\\/\\\/www.medulinriviera.info\\\/it\\\/#organization\"},\"potentialAction\":[{\"@type\":\"SearchAction\",\"target\":{\"@type\":\"EntryPoint\",\"urlTemplate\":\"https:\\\/\\\/www.medulinriviera.info\\\/it\\\/?s={search_term_string}\"},\"query-input\":{\"@type\":\"PropertyValueSpecification\",\"valueRequired\":true,\"valueName\":\"search_term_string\"}}],\"inLanguage\":\"it-IT\"},{\"@type\":\"Organization\",\"@id\":\"https:\\\/\\\/www.medulinriviera.info\\\/it\\\/#organization\",\"name\":\"Medulin Riviera\",\"url\":\"https:\\\/\\\/www.medulinriviera.info\\\/it\\\/\",\"logo\":{\"@type\":\"ImageObject\",\"inLanguage\":\"it-IT\",\"@id\":\"https:\\\/\\\/www.medulinriviera.info\\\/it\\\/#\\\/schema\\\/logo\\\/image\\\/\",\"url\":\"https:\\\/\\\/www.medulinriviera.info\\\/wp-content\\\/uploads\\\/2020\\\/06\\\/logo-alt.png\",\"contentUrl\":\"https:\\\/\\\/www.medulinriviera.info\\\/wp-content\\\/uploads\\\/2020\\\/06\\\/logo-alt.png\",\"width\":264,\"height\":78,\"caption\":\"Medulin Riviera\"},\"image\":{\"@id\":\"https:\\\/\\\/www.medulinriviera.info\\\/it\\\/#\\\/schema\\\/logo\\\/image\\\/\"},\"sameAs\":[\"https:\\\/\\\/www.facebook.com\\\/medulinriviera\\\/\",\"https:\\\/\\\/www.instagram.com\\\/medulinriviera\\\/\",\"https:\\\/\\\/www.youtube.com\\\/channel\\\/UCYdC8kYbK9OEmlmeZydpumQ\"]}]}<\/script>\n<!-- \/ Yoast SEO plugin. -->","yoast_head_json":{"title":"Amazing Nature - Kamenjak - Medulin Riviera","robots":{"index":"index","follow":"follow","max-snippet":"max-snippet:-1","max-image-preview":"max-image-preview:large","max-video-preview":"max-video-preview:-1"},"canonical":"https:\/\/www.medulinriviera.info\/it\/kamenjak\/","og_locale":"it_IT","og_type":"article","og_title":"Amazing Nature - Kamenjak - Medulin Riviera","og_description":"Situato all\u2019estremo sud della penisola istriana, Kamenjak \u00e8 senza dubbio una delle localit\u00e0 pi\u00f9suggestive e gettonate della Medulin Riviera. Consiste...","og_url":"https:\/\/www.medulinriviera.info\/it\/kamenjak\/","og_site_name":"Medulin Riviera","article_publisher":"https:\/\/www.facebook.com\/medulinriviera\/","article_modified_time":"2021-07-23T10:15:46+00:00","og_image":[{"width":1856,"height":845,"url":"https:\/\/www.medulinriviera.info\/wp-content\/uploads\/2021\/05\/TZOMWEB-KamenjakEdukativnaStaza3-Studio11-az.jpg","type":"image\/jpeg"}],"twitter_card":"summary_large_image","twitter_misc":{"Tempo di lettura stimato":"2 minuti"},"schema":{"@context":"https:\/\/schema.org","@graph":[{"@type":"WebPage","@id":"https:\/\/www.medulinriviera.info\/it\/kamenjak\/","url":"https:\/\/www.medulinriviera.info\/it\/kamenjak\/","name":"Amazing Nature - Kamenjak - Medulin Riviera","isPartOf":{"@id":"https:\/\/www.medulinriviera.info\/it\/#website"},"primaryImageOfPage":{"@id":"https:\/\/www.medulinriviera.info\/it\/kamenjak\/#primaryimage"},"image":{"@id":"https:\/\/www.medulinriviera.info\/it\/kamenjak\/#primaryimage"},"thumbnailUrl":"https:\/\/www.medulinriviera.info\/wp-content\/uploads\/2021\/05\/TZOMWEB-KamenjakEdukativnaStaza3-Studio11-az.jpg","datePublished":"2021-05-21T07:34:31+00:00","dateModified":"2021-07-23T10:15:46+00:00","breadcrumb":{"@id":"https:\/\/www.medulinriviera.info\/it\/kamenjak\/#breadcrumb"},"inLanguage":"it-IT","potentialAction":[{"@type":"ReadAction","target":["https:\/\/www.medulinriviera.info\/it\/kamenjak\/"]}]},{"@type":"ImageObject","inLanguage":"it-IT","@id":"https:\/\/www.medulinriviera.info\/it\/kamenjak\/#primaryimage","url":"https:\/\/www.medulinriviera.info\/wp-content\/uploads\/2021\/05\/TZOMWEB-KamenjakEdukativnaStaza3-Studio11-az.jpg","contentUrl":"https:\/\/www.medulinriviera.info\/wp-content\/uploads\/2021\/05\/TZOMWEB-KamenjakEdukativnaStaza3-Studio11-az.jpg","width":1856,"height":845},{"@type":"BreadcrumbList","@id":"https:\/\/www.medulinriviera.info\/it\/kamenjak\/#breadcrumb","itemListElement":[{"@type":"ListItem","position":1,"name":"Home","item":"https:\/\/www.medulinriviera.info\/it\/"},{"@type":"ListItem","position":2,"name":"Amazing Nature &#8211; Kamenjak"}]},{"@type":"WebSite","@id":"https:\/\/www.medulinriviera.info\/it\/#website","url":"https:\/\/www.medulinriviera.info\/it\/","name":"Medulin Riviera","description":"The Blue Planet","publisher":{"@id":"https:\/\/www.medulinriviera.info\/it\/#organization"},"potentialAction":[{"@type":"SearchAction","target":{"@type":"EntryPoint","urlTemplate":"https:\/\/www.medulinriviera.info\/it\/?s={search_term_string}"},"query-input":{"@type":"PropertyValueSpecification","valueRequired":true,"valueName":"search_term_string"}}],"inLanguage":"it-IT"},{"@type":"Organization","@id":"https:\/\/www.medulinriviera.info\/it\/#organization","name":"Medulin Riviera","url":"https:\/\/www.medulinriviera.info\/it\/","logo":{"@type":"ImageObject","inLanguage":"it-IT","@id":"https:\/\/www.medulinriviera.info\/it\/#\/schema\/logo\/image\/","url":"https:\/\/www.medulinriviera.info\/wp-content\/uploads\/2020\/06\/logo-alt.png","contentUrl":"https:\/\/www.medulinriviera.info\/wp-content\/uploads\/2020\/06\/logo-alt.png","width":264,"height":78,"caption":"Medulin Riviera"},"image":{"@id":"https:\/\/www.medulinriviera.info\/it\/#\/schema\/logo\/image\/"},"sameAs":["https:\/\/www.facebook.com\/medulinriviera\/","https:\/\/www.instagram.com\/medulinriviera\/","https:\/\/www.youtube.com\/channel\/UCYdC8kYbK9OEmlmeZydpumQ"]}]}},"wpml_current_locale":"it_IT","wpml_translations":[{"locale":"hr","id":18380,"post_title":"Kamenjak","href":"https:\/\/www.medulinriviera.info\/hr\/kamenjak\/"},{"locale":"en_US","id":18368,"post_title":"Amazing Nature \u2013 Kamenjak","href":"https:\/\/www.medulinriviera.info\/amazing-nature-kamenjak\/"},{"locale":"fr_FR","id":18382,"post_title":"Amazing Nature - Kamenjak","href":"https:\/\/www.medulinriviera.info\/fr\/kamenjak\/"},{"locale":"de_DE","id":18384,"post_title":"Amazing Nature - Kamenjak","href":"https:\/\/www.medulinriviera.info\/de\/kamenjak\/"}],"_links":{"self":[{"href":"https:\/\/www.medulinriviera.info\/it\/wp-json\/wp\/v2\/pages\/18386","targetHints":{"allow":["GET"]}}],"collection":[{"href":"https:\/\/www.medulinriviera.info\/it\/wp-json\/wp\/v2\/pages"}],"about":[{"href":"https:\/\/www.medulinriviera.info\/it\/wp-json\/wp\/v2\/types\/page"}],"author":[{"embeddable":true,"href":"https:\/\/www.medulinriviera.info\/it\/wp-json\/wp\/v2\/users\/3"}],"replies":[{"embeddable":true,"href":"https:\/\/www.medulinriviera.info\/it\/wp-json\/wp\/v2\/comments?post=18386"}],"version-history":[{"count":0,"href":"https:\/\/www.medulinriviera.info\/it\/wp-json\/wp\/v2\/pages\/18386\/revisions"}],"acf:attachment":[{"embeddable":true,"href":"https:\/\/www.medulinriviera.info\/it\/wp-json\/wp\/v2\/media\/15333"},{"embeddable":true,"href":"https:\/\/www.medulinriviera.info\/it\/wp-json\/wp\/v2\/media\/11703"},{"embeddable":true,"href":"https:\/\/www.medulinriviera.info\/it\/wp-json\/wp\/v2\/media\/17730"},{"embeddable":true,"href":"https:\/\/www.medulinriviera.info\/it\/wp-json\/wp\/v2\/media\/17707"},{"embeddable":true,"href":"https:\/\/www.medulinriviera.info\/it\/wp-json\/wp\/v2\/media\/17641"},{"embeddable":true,"href":"https:\/\/www.medulinriviera.info\/it\/wp-json\/wp\/v2\/media\/17192"},{"embeddable":true,"href":"https:\/\/www.medulinriviera.info\/it\/wp-json\/wp\/v2\/media\/16545"},{"embeddable":true,"href":"https:\/\/www.medulinriviera.info\/it\/wp-json\/wp\/v2\/media\/17063"},{"embeddable":true,"href":"https:\/\/www.medulinriviera.info\/it\/wp-json\/wp\/v2\/media\/16557"},{"embeddable":true,"href":"https:\/\/www.medulinriviera.info\/it\/wp-json\/wp\/v2\/media\/1444"},{"embeddable":true,"href":"https:\/\/www.medulinriviera.info\/it\/wp-json\/wp\/v2\/media\/10331"},{"embeddable":true,"href":"https:\/\/www.medulinriviera.info\/it\/wp-json\/wp\/v2\/media\/10342"},{"embeddable":true,"href":"https:\/\/www.medulinriviera.info\/it\/wp-json\/wp\/v2\/media\/18361"}],"wp:featuredmedia":[{"embeddable":true,"href":"https:\/\/www.medulinriviera.info\/it\/wp-json\/wp\/v2\/media\/18373"}],"wp:attachment":[{"href":"https:\/\/www.medulinriviera.info\/it\/wp-json\/wp\/v2\/media?parent=18386"}],"wp:term":[{"taxonomy":"classificator","embeddable":true,"href":"https:\/\/www.medulinriviera.info\/it\/wp-json\/wp\/v2\/classificator?post=18386"}],"curies":[{"name":"wp","href":"https:\/\/api.w.org\/{rel}","templated":true}]}}