{"id":16284,"date":"2020-11-10T09:20:26","date_gmt":"2020-11-10T08:20:26","guid":{"rendered":"https:\/\/www.medulinriviera.info\/?page_id=16284"},"modified":"2023-03-13T15:52:26","modified_gmt":"2023-03-13T14:52:26","slug":"caldo-inverno","status":"publish","type":"page","link":"https:\/\/www.medulinriviera.info\/it\/caldo-inverno\/","title":{"rendered":"Primavera in Medulin Riviera"},"content":{"rendered":"\n<p>Avete voglia di stare al sole, respirare aria pulita e staccare la spina?<\/p>\n\n\n\n<p>Vi invitiamo a trascorrere una vacanza rigenerante nel nostro angolo di mondo pieno di sole. Visitate la Riviera di Medulin, scoprite le bellezze naturali dell\u2019Istria meridionale, godetevi le giornate di sole e le viste sul mare dall\u2019infinito orizzonte blu.<\/p>\n\n\n\n<p>Di recente<strong> rinnovato<\/strong>,<strong> il<\/strong> <strong>campeggio<\/strong> <a href=\"https:\/\/www.arenacampsites.com\/it\/case-mobili-istria\/campeggio-mobile-arena-kazela\" target=\"_blank\" rel=\"noreferrer noopener\">Arena Grand Ka\u017eela<\/a> 4* \u00e8 gi\u00e0 pronto ad accogliervi e ospitarvi in ampie piazzole e nelle case mobili di lusso che offrono una vista panoramica sul Golfo di Medulin. Visitate subito il campeggio Arena Grand Ka\u017eela con un tour virtuale a <a href=\"https:\/\/360.arenagrandkazela.com\/\">360\u00b0<\/a>.<\/p>\n\n\n\n<p>Il campeggio <a href=\"https:\/\/www.arenacampsites.com\/it\/campeggio-istria\/campeggio-arena-medulin\" target=\"_blank\" rel=\"noreferrer noopener\">Arena Medulin<\/a> \u00e8 situato su una penisola accanto al vero centro della citt\u00e0- la Riva di Medulin &#8211; ed apre le sue porte gi\u00e0 il  1 aprile. Il campeggio <a href=\"https:\/\/www.arenacampsites.com\/it\/campeggio-istria\/campeggio-arena-stupice\" target=\"_blank\" rel=\"noreferrer noopener\">Arena Stupice<\/a> dove potete godere della natura intatta del promontorio di Kamenjak, con il quale il campeggio confina, apre le sue porte gi\u00e1 il 6 aprile. Verso la fine di aprile si amplia la scelta dei campeggi. Infatti, a partire dal 22 aprile potete soggiornare nei seguenti campeggi: <a href=\"https:\/\/www.arenacampsites.com\/it\/campeggio-istria\/campeggio-arena-indije\" target=\"_blank\" rel=\"noreferrer noopener\">Arena Indije<\/a> \u2013 un campeggio tranquillo vicino al villaggio di Banjole, nonch\u00e9 i campeggi <a href=\"https:\/\/www.arenacampsites.com\/it\/campeggio-istria\/campeggio-arena-tasalera\" target=\"_blank\" rel=\"noreferrer noopener\">Arena Ta\u0161alera<\/a> e <a href=\"https:\/\/www.arenacampsites.com\/it\/campeggio-istria\/campeggio-arena-runke\" target=\"_blank\" rel=\"noreferrer noopener\">Arena Runke<\/a>, piccoli campeggi rustici a due passi dal promontorio di Kamenjak.<\/p>\n\n\n\n<p>Se siete in cerca di un\u2019esperienza davvero speciale che sar\u00e0 la vostra fonte di ispirazione tutto l\u2019anno, dal 19 maggio potete soggiornare nel primo e pi\u00f9 grande <strong>campeggio glamping <\/strong>di tutta la Croazia \u2013 <a href=\"https:\/\/www.arenacampsites.com\/it\/campeggio-istria\/campeggio-arena-pomer\" target=\"_blank\" rel=\"noreferrer noopener\">Arena One 99 <\/a>Glamping. Qui si pu\u00f2 godere una vacanza di lusso in mezzo alla natura, approfittando delle sue uniche ed esclusive attrattive p. es. il centro benessere e SPA all\u2019aperto. Visitate subito l\u2019Arena One 99 Glamping con un tour virtuale a <a href=\"https:\/\/360.arenagrandkazela.com\/\">360\u00b0<\/a>.<\/p>\n\n\n\n<p>Tutti i campeggi della Riviera di Medulin sono situati in mezzo alla vegetazione mediterranea direttamente sulla costa del Mare Adriatico e offrono una vacanza all\u2019insegna della sicurezza e del rispetto di tutte le linee guida raccomandate dalle organizzazioni sanitarie nazionali ed internazionali.<\/p>\n\n\n\n<p>Se preferite il comfort di un <strong>albergo<\/strong>, gi\u00e0 oggi potete soggiornare nell\u2019albergo <a href=\"https:\/\/www.arenahotels.com\/it\/hotel\/park-plaza-belvedere\" target=\"_blank\" rel=\"noreferrer noopener\">Park Plaza Belvedere<\/a> 4* (aperto tutto l&#8217;anno) e usufruire di tantissimi servizi e attivit\u00e0 \u2013 il centro benessere e SPA di lusso, la piscina coperta con acqua riscaldata e la palestra attrezzata all\u2019avanguardia. Potrete stare completamente rilassati durante la vostra vacanza sapendo che i protocolli di sicurezza dell\u2019albergo Park Plaza Belvedere sono certificati da SGS, un\u2019azienda leader mondiale per i servizi di ispezione, verifica, analisi e certificazione.  Con l&#8217;arrivo della primavera verranno aperti altri hotel sulla riviera di Medulin come <a href=\"https:\/\/www.medulinriviera.info\/it\/accommodation\/hotels\/arena-hotel-holiday\/\" target=\"_blank\" rel=\"noreferrer noopener\">Hotel Holiday <\/a>(il 22 aprile) e <a href=\"https:\/\/www.medulinriviera.info\/it\/accommodation\/hotels\/hotel-sensimar-medulin\/\" target=\"_blank\" rel=\"noreferrer noopener\">TUI BLUE Medulin Hotel <\/a>(il 2 maggio).<\/p>\n\n\n\n<p>Se invece optate <a href=\"https:\/\/www.medulinriviera.info\/it\/accommodation\/private-accommodation\/\">per una casa per vacanza o un appartamento<\/a>, la Riviera di Medulin ne offre una vasta gamma. I vostri host faranno il possibile per regalarvi una vacanza spensierata.<\/p>\n\n\n\n<p>Esplorate la natura incontaminata della riviera di Medolino durante la primavera &#8211; vi offriremo tutta una serie di attivit\u00e0 all&#8217;aria aperta all&#8217;aria fresca e pulita, proprio in riva al mare.<\/p>\n\n\n\n<p>Trascorrete insieme a noi una primavera sicura sotto il sole del Sud Istria.<\/p>\n\n\n\n<p><strong>Non vediamo l\u2019ora di darvi il benvenuto!<\/strong><\/p>\n","protected":false},"excerpt":{"rendered":"<p>Avete voglia di stare al sole, respirare aria pulita e staccare la spina? Vi invitiamo a trascorrere una vacanza rigenerante&#8230;<\/p>\n","protected":false},"author":1,"featured_media":17445,"parent":0,"menu_order":0,"comment_status":"closed","ping_status":"closed","template":"","meta":{"_acf_changed":false,"footnotes":""},"classificator":[],"class_list":["post-16284","page","type-page","status-publish","has-post-thumbnail","hentry"],"acf":{"video":"","gallery":null},"yoast_head":"<!-- This site is optimized with the Yoast SEO plugin v27.6 - https:\/\/yoast.com\/product\/yoast-seo-wordpress\/ -->\n<title>Primavera in Medulin Riviera - Medulin Riviera<\/title>\n<meta name=\"robots\" content=\"index, follow, max-snippet:-1, max-image-preview:large, max-video-preview:-1\" \/>\n<link rel=\"canonical\" href=\"https:\/\/www.medulinriviera.info\/it\/caldo-inverno\/\" \/>\n<meta property=\"og:locale\" content=\"it_IT\" \/>\n<meta property=\"og:type\" content=\"article\" \/>\n<meta property=\"og:title\" content=\"Primavera in Medulin Riviera - Medulin Riviera\" \/>\n<meta property=\"og:description\" content=\"Avete voglia di stare al sole, respirare aria pulita e staccare la spina? Vi invitiamo a trascorrere una vacanza rigenerante...\" \/>\n<meta property=\"og:url\" content=\"https:\/\/www.medulinriviera.info\/it\/caldo-inverno\/\" \/>\n<meta property=\"og:site_name\" content=\"Medulin Riviera\" \/>\n<meta property=\"article:publisher\" content=\"https:\/\/www.facebook.com\/medulinriviera\/\" \/>\n<meta property=\"article:modified_time\" content=\"2023-03-13T14:52:26+00:00\" \/>\n<meta property=\"og:image\" content=\"https:\/\/www.medulinriviera.info\/wp-content\/uploads\/2021\/03\/TZOMWEB-KamenjakEdukativnaStaza3-Studio11-az.jpg\" \/>\n\t<meta property=\"og:image:width\" content=\"1856\" \/>\n\t<meta property=\"og:image:height\" content=\"845\" \/>\n\t<meta property=\"og:image:type\" content=\"image\/jpeg\" \/>\n<meta name=\"twitter:card\" content=\"summary_large_image\" \/>\n<meta name=\"twitter:label1\" content=\"Tempo di lettura stimato\" \/>\n\t<meta name=\"twitter:data1\" content=\"3 minuti\" \/>\n<script type=\"application\/ld+json\" class=\"yoast-schema-graph\">{\"@context\":\"https:\\\/\\\/schema.org\",\"@graph\":[{\"@type\":\"WebPage\",\"@id\":\"https:\\\/\\\/www.medulinriviera.info\\\/it\\\/caldo-inverno\\\/\",\"url\":\"https:\\\/\\\/www.medulinriviera.info\\\/it\\\/caldo-inverno\\\/\",\"name\":\"Primavera in Medulin Riviera - Medulin Riviera\",\"isPartOf\":{\"@id\":\"https:\\\/\\\/www.medulinriviera.info\\\/it\\\/#website\"},\"primaryImageOfPage\":{\"@id\":\"https:\\\/\\\/www.medulinriviera.info\\\/it\\\/caldo-inverno\\\/#primaryimage\"},\"image\":{\"@id\":\"https:\\\/\\\/www.medulinriviera.info\\\/it\\\/caldo-inverno\\\/#primaryimage\"},\"thumbnailUrl\":\"https:\\\/\\\/www.medulinriviera.info\\\/wp-content\\\/uploads\\\/2021\\\/03\\\/TZOMWEB-KamenjakEdukativnaStaza3-Studio11-az.jpg\",\"datePublished\":\"2020-11-10T08:20:26+00:00\",\"dateModified\":\"2023-03-13T14:52:26+00:00\",\"breadcrumb\":{\"@id\":\"https:\\\/\\\/www.medulinriviera.info\\\/it\\\/caldo-inverno\\\/#breadcrumb\"},\"inLanguage\":\"it-IT\",\"potentialAction\":[{\"@type\":\"ReadAction\",\"target\":[\"https:\\\/\\\/www.medulinriviera.info\\\/it\\\/caldo-inverno\\\/\"]}]},{\"@type\":\"ImageObject\",\"inLanguage\":\"it-IT\",\"@id\":\"https:\\\/\\\/www.medulinriviera.info\\\/it\\\/caldo-inverno\\\/#primaryimage\",\"url\":\"https:\\\/\\\/www.medulinriviera.info\\\/wp-content\\\/uploads\\\/2021\\\/03\\\/TZOMWEB-KamenjakEdukativnaStaza3-Studio11-az.jpg\",\"contentUrl\":\"https:\\\/\\\/www.medulinriviera.info\\\/wp-content\\\/uploads\\\/2021\\\/03\\\/TZOMWEB-KamenjakEdukativnaStaza3-Studio11-az.jpg\",\"width\":1856,\"height\":845},{\"@type\":\"BreadcrumbList\",\"@id\":\"https:\\\/\\\/www.medulinriviera.info\\\/it\\\/caldo-inverno\\\/#breadcrumb\",\"itemListElement\":[{\"@type\":\"ListItem\",\"position\":1,\"name\":\"Home\",\"item\":\"https:\\\/\\\/www.medulinriviera.info\\\/it\\\/\"},{\"@type\":\"ListItem\",\"position\":2,\"name\":\"Primavera in Medulin Riviera\"}]},{\"@type\":\"WebSite\",\"@id\":\"https:\\\/\\\/www.medulinriviera.info\\\/it\\\/#website\",\"url\":\"https:\\\/\\\/www.medulinriviera.info\\\/it\\\/\",\"name\":\"Medulin Riviera\",\"description\":\"The Blue Planet\",\"publisher\":{\"@id\":\"https:\\\/\\\/www.medulinriviera.info\\\/it\\\/#organization\"},\"potentialAction\":[{\"@type\":\"SearchAction\",\"target\":{\"@type\":\"EntryPoint\",\"urlTemplate\":\"https:\\\/\\\/www.medulinriviera.info\\\/it\\\/?s={search_term_string}\"},\"query-input\":{\"@type\":\"PropertyValueSpecification\",\"valueRequired\":true,\"valueName\":\"search_term_string\"}}],\"inLanguage\":\"it-IT\"},{\"@type\":\"Organization\",\"@id\":\"https:\\\/\\\/www.medulinriviera.info\\\/it\\\/#organization\",\"name\":\"Medulin Riviera\",\"url\":\"https:\\\/\\\/www.medulinriviera.info\\\/it\\\/\",\"logo\":{\"@type\":\"ImageObject\",\"inLanguage\":\"it-IT\",\"@id\":\"https:\\\/\\\/www.medulinriviera.info\\\/it\\\/#\\\/schema\\\/logo\\\/image\\\/\",\"url\":\"https:\\\/\\\/www.medulinriviera.info\\\/wp-content\\\/uploads\\\/2020\\\/06\\\/logo-alt.png\",\"contentUrl\":\"https:\\\/\\\/www.medulinriviera.info\\\/wp-content\\\/uploads\\\/2020\\\/06\\\/logo-alt.png\",\"width\":264,\"height\":78,\"caption\":\"Medulin Riviera\"},\"image\":{\"@id\":\"https:\\\/\\\/www.medulinriviera.info\\\/it\\\/#\\\/schema\\\/logo\\\/image\\\/\"},\"sameAs\":[\"https:\\\/\\\/www.facebook.com\\\/medulinriviera\\\/\",\"https:\\\/\\\/www.instagram.com\\\/medulinriviera\\\/\",\"https:\\\/\\\/www.youtube.com\\\/channel\\\/UCYdC8kYbK9OEmlmeZydpumQ\"]}]}<\/script>\n<!-- \/ Yoast SEO plugin. -->","yoast_head_json":{"title":"Primavera in Medulin Riviera - Medulin Riviera","robots":{"index":"index","follow":"follow","max-snippet":"max-snippet:-1","max-image-preview":"max-image-preview:large","max-video-preview":"max-video-preview:-1"},"canonical":"https:\/\/www.medulinriviera.info\/it\/caldo-inverno\/","og_locale":"it_IT","og_type":"article","og_title":"Primavera in Medulin Riviera - Medulin Riviera","og_description":"Avete voglia di stare al sole, respirare aria pulita e staccare la spina? Vi invitiamo a trascorrere una vacanza rigenerante...","og_url":"https:\/\/www.medulinriviera.info\/it\/caldo-inverno\/","og_site_name":"Medulin Riviera","article_publisher":"https:\/\/www.facebook.com\/medulinriviera\/","article_modified_time":"2023-03-13T14:52:26+00:00","og_image":[{"width":1856,"height":845,"url":"https:\/\/www.medulinriviera.info\/wp-content\/uploads\/2021\/03\/TZOMWEB-KamenjakEdukativnaStaza3-Studio11-az.jpg","type":"image\/jpeg"}],"twitter_card":"summary_large_image","twitter_misc":{"Tempo di lettura stimato":"3 minuti"},"schema":{"@context":"https:\/\/schema.org","@graph":[{"@type":"WebPage","@id":"https:\/\/www.medulinriviera.info\/it\/caldo-inverno\/","url":"https:\/\/www.medulinriviera.info\/it\/caldo-inverno\/","name":"Primavera in Medulin Riviera - Medulin Riviera","isPartOf":{"@id":"https:\/\/www.medulinriviera.info\/it\/#website"},"primaryImageOfPage":{"@id":"https:\/\/www.medulinriviera.info\/it\/caldo-inverno\/#primaryimage"},"image":{"@id":"https:\/\/www.medulinriviera.info\/it\/caldo-inverno\/#primaryimage"},"thumbnailUrl":"https:\/\/www.medulinriviera.info\/wp-content\/uploads\/2021\/03\/TZOMWEB-KamenjakEdukativnaStaza3-Studio11-az.jpg","datePublished":"2020-11-10T08:20:26+00:00","dateModified":"2023-03-13T14:52:26+00:00","breadcrumb":{"@id":"https:\/\/www.medulinriviera.info\/it\/caldo-inverno\/#breadcrumb"},"inLanguage":"it-IT","potentialAction":[{"@type":"ReadAction","target":["https:\/\/www.medulinriviera.info\/it\/caldo-inverno\/"]}]},{"@type":"ImageObject","inLanguage":"it-IT","@id":"https:\/\/www.medulinriviera.info\/it\/caldo-inverno\/#primaryimage","url":"https:\/\/www.medulinriviera.info\/wp-content\/uploads\/2021\/03\/TZOMWEB-KamenjakEdukativnaStaza3-Studio11-az.jpg","contentUrl":"https:\/\/www.medulinriviera.info\/wp-content\/uploads\/2021\/03\/TZOMWEB-KamenjakEdukativnaStaza3-Studio11-az.jpg","width":1856,"height":845},{"@type":"BreadcrumbList","@id":"https:\/\/www.medulinriviera.info\/it\/caldo-inverno\/#breadcrumb","itemListElement":[{"@type":"ListItem","position":1,"name":"Home","item":"https:\/\/www.medulinriviera.info\/it\/"},{"@type":"ListItem","position":2,"name":"Primavera in Medulin Riviera"}]},{"@type":"WebSite","@id":"https:\/\/www.medulinriviera.info\/it\/#website","url":"https:\/\/www.medulinriviera.info\/it\/","name":"Medulin Riviera","description":"The Blue Planet","publisher":{"@id":"https:\/\/www.medulinriviera.info\/it\/#organization"},"potentialAction":[{"@type":"SearchAction","target":{"@type":"EntryPoint","urlTemplate":"https:\/\/www.medulinriviera.info\/it\/?s={search_term_string}"},"query-input":{"@type":"PropertyValueSpecification","valueRequired":true,"valueName":"search_term_string"}}],"inLanguage":"it-IT"},{"@type":"Organization","@id":"https:\/\/www.medulinriviera.info\/it\/#organization","name":"Medulin Riviera","url":"https:\/\/www.medulinriviera.info\/it\/","logo":{"@type":"ImageObject","inLanguage":"it-IT","@id":"https:\/\/www.medulinriviera.info\/it\/#\/schema\/logo\/image\/","url":"https:\/\/www.medulinriviera.info\/wp-content\/uploads\/2020\/06\/logo-alt.png","contentUrl":"https:\/\/www.medulinriviera.info\/wp-content\/uploads\/2020\/06\/logo-alt.png","width":264,"height":78,"caption":"Medulin Riviera"},"image":{"@id":"https:\/\/www.medulinriviera.info\/it\/#\/schema\/logo\/image\/"},"sameAs":["https:\/\/www.facebook.com\/medulinriviera\/","https:\/\/www.instagram.com\/medulinriviera\/","https:\/\/www.youtube.com\/channel\/UCYdC8kYbK9OEmlmeZydpumQ"]}]}},"wpml_current_locale":"it_IT","wpml_translations":[{"locale":"hr","id":16276,"post_title":"Prolje\u0107e na Medulin Rivieri","href":"https:\/\/www.medulinriviera.info\/hr\/topla-zima\/"},{"locale":"en_US","id":16267,"post_title":"Spring on Medulin Riviera","href":"https:\/\/www.medulinriviera.info\/warm-winter\/"},{"locale":"fr_FR","id":16302,"post_title":"Printemps \u00e0 Medulin","href":"https:\/\/www.medulinriviera.info\/fr\/hiver-chaud\/"},{"locale":"de_DE","id":16292,"post_title":"Fr\u00fchling an der Medulin Riviera","href":"https:\/\/www.medulinriviera.info\/de\/warmer-winter\/"},{"locale":"sl_SI","id":16310,"post_title":"Topla zima","href":"https:\/\/www.medulinriviera.info\/sl\/topla-zima\/"}],"_links":{"self":[{"href":"https:\/\/www.medulinriviera.info\/it\/wp-json\/wp\/v2\/pages\/16284","targetHints":{"allow":["GET"]}}],"collection":[{"href":"https:\/\/www.medulinriviera.info\/it\/wp-json\/wp\/v2\/pages"}],"about":[{"href":"https:\/\/www.medulinriviera.info\/it\/wp-json\/wp\/v2\/types\/page"}],"author":[{"embeddable":true,"href":"https:\/\/www.medulinriviera.info\/it\/wp-json\/wp\/v2\/users\/1"}],"replies":[{"embeddable":true,"href":"https:\/\/www.medulinriviera.info\/it\/wp-json\/wp\/v2\/comments?post=16284"}],"version-history":[{"count":1,"href":"https:\/\/www.medulinriviera.info\/it\/wp-json\/wp\/v2\/pages\/16284\/revisions"}],"predecessor-version":[{"id":27809,"href":"https:\/\/www.medulinriviera.info\/it\/wp-json\/wp\/v2\/pages\/16284\/revisions\/27809"}],"wp:featuredmedia":[{"embeddable":true,"href":"https:\/\/www.medulinriviera.info\/it\/wp-json\/wp\/v2\/media\/17445"}],"wp:attachment":[{"href":"https:\/\/www.medulinriviera.info\/it\/wp-json\/wp\/v2\/media?parent=16284"}],"wp:term":[{"taxonomy":"classificator","embeddable":true,"href":"https:\/\/www.medulinriviera.info\/it\/wp-json\/wp\/v2\/classificator?post=16284"}],"curies":[{"name":"wp","href":"https:\/\/api.w.org\/{rel}","templated":true}]}}