{"id":36481,"date":"2025-07-10T14:05:26","date_gmt":"2025-07-10T12:05:26","guid":{"rendered":"https:\/\/www.medulinriviera.info\/?page_id=36481"},"modified":"2025-09-05T09:47:00","modified_gmt":"2025-09-05T07:47:00","slug":"izlozbe","status":"publish","type":"page","link":"https:\/\/www.medulinriviera.info\/hr\/izlozbe\/","title":{"rendered":"Izlo\u017ebe"},"content":{"rendered":"\n<h2 class=\"wp-block-heading\">Bojan \u0160umonja &#8211; &#8220;Mali misterij stvaranja&#8221;<\/h2>\n\n\n\n<figure class=\"wp-block-image size-full\"><img loading=\"lazy\" decoding=\"async\" width=\"392\" height=\"468\" src=\"https:\/\/www.medulinriviera.info\/wp-content\/uploads\/2025\/09\/Snimka-zaslona-2025-09-02-124330.jpg\" alt=\"\" class=\"wp-image-37251\" srcset=\"https:\/\/www.medulinriviera.info\/wp-content\/uploads\/2025\/09\/Snimka-zaslona-2025-09-02-124330.jpg 392w, https:\/\/www.medulinriviera.info\/wp-content\/uploads\/2025\/09\/Snimka-zaslona-2025-09-02-124330-251x300.jpg 251w\" sizes=\"auto, (max-width: 392px) 100vw, 392px\" \/><\/figure>\n\n\n\n<p>Bojan \u0160umonja &#8211; &#8220;Mali misterij stvaranja&#8221;<\/p>\n\n\n\n<p>Galerija Crnobori, \u010cimulje 23 (Banjole), 20 sati.<\/p>\n\n\n\n<p>Radno vrijeme galerije od 18:00 &#8211; 20:00, od 13. do 26. rujna 2025., osim nedjelje, ponedjeljka i blagdana.<br>Subota &#8211; od 11:00 &#8211; 13:00.<\/p>\n\n\n\n<p>Bojan \u0160umonja je 2024. godine progla\u0161en najboljim slikarom u Hrvatskoj. To je veliko priznanje za umjetnika i za Istru, gdje stvara gotovo cijeli \u017eivot.<\/p>\n\n\n\n<p>organizator: ArsaNova<\/p>\n\n\n\n<p><\/p>\n\n\n\n<p><\/p>\n\n\n\n<p><\/p>\n\n\n\n<figure class=\"wp-block-image size-large\"><img loading=\"lazy\" decoding=\"async\" width=\"843\" height=\"1200\" src=\"https:\/\/www.medulinriviera.info\/wp-content\/uploads\/2025\/08\/MedulinArt-3-2-843x1200.jpg\" alt=\"\" class=\"wp-image-37092\" srcset=\"https:\/\/www.medulinriviera.info\/wp-content\/uploads\/2025\/08\/MedulinArt-3-2-843x1200.jpg 843w, https:\/\/www.medulinriviera.info\/wp-content\/uploads\/2025\/08\/MedulinArt-3-2-211x300.jpg 211w, https:\/\/www.medulinriviera.info\/wp-content\/uploads\/2025\/08\/MedulinArt-3-2-768x1093.jpg 768w, https:\/\/www.medulinriviera.info\/wp-content\/uploads\/2025\/08\/MedulinArt-3-2-1079x1536.jpg 1079w, https:\/\/www.medulinriviera.info\/wp-content\/uploads\/2025\/08\/MedulinArt-3-2.jpg 1124w\" sizes=\"auto, (max-width: 843px) 100vw, 843px\" \/><\/figure>\n\n\n\n<figure class=\"wp-block-image size-large\"><img loading=\"lazy\" decoding=\"async\" width=\"1122\" height=\"1200\" src=\"https:\/\/www.medulinriviera.info\/wp-content\/uploads\/2025\/08\/MedulinArt-3-1-1-1122x1200.jpg\" alt=\"\" class=\"wp-image-37098\" srcset=\"https:\/\/www.medulinriviera.info\/wp-content\/uploads\/2025\/08\/MedulinArt-3-1-1-1122x1200.jpg 1122w, https:\/\/www.medulinriviera.info\/wp-content\/uploads\/2025\/08\/MedulinArt-3-1-1-281x300.jpg 281w, https:\/\/www.medulinriviera.info\/wp-content\/uploads\/2025\/08\/MedulinArt-3-1-1-768x821.jpg 768w, https:\/\/www.medulinriviera.info\/wp-content\/uploads\/2025\/08\/MedulinArt-3-1-1.jpg 1125w\" sizes=\"auto, (max-width: 1122px) 100vw, 1122px\" \/><\/figure>\n","protected":false},"excerpt":{"rendered":"<p>Bojan \u0160umonja &#8211; &#8220;Mali misterij stvaranja&#8221; Bojan \u0160umonja &#8211; &#8220;Mali misterij stvaranja&#8221; Galerija Crnobori, \u010cimulje 23 (Banjole), 20 sati. Radno&#8230;<\/p>\n","protected":false},"author":2,"featured_media":36475,"parent":0,"menu_order":0,"comment_status":"closed","ping_status":"closed","template":"","meta":{"_acf_changed":false,"footnotes":""},"classificator":[199,428],"class_list":["post-36481","page","type-page","status-publish","has-post-thumbnail","hentry","classificator-activity","classificator-art"],"acf":{"video":"","gallery":""},"yoast_head":"<!-- This site is optimized with the Yoast SEO plugin v27.3 - https:\/\/yoast.com\/product\/yoast-seo-wordpress\/ -->\n<title>Izlo\u017ebe - Medulin Riviera<\/title>\n<meta name=\"robots\" content=\"index, follow, max-snippet:-1, max-image-preview:large, max-video-preview:-1\" \/>\n<link rel=\"canonical\" href=\"https:\/\/www.medulinriviera.info\/hr\/izlozbe\/\" \/>\n<meta property=\"og:locale\" content=\"hr_HR\" \/>\n<meta property=\"og:type\" content=\"article\" \/>\n<meta property=\"og:title\" content=\"Izlo\u017ebe - Medulin Riviera\" \/>\n<meta property=\"og:description\" content=\"Bojan \u0160umonja &#8211; &#8220;Mali misterij stvaranja&#8221; Bojan \u0160umonja &#8211; &#8220;Mali misterij stvaranja&#8221; Galerija Crnobori, \u010cimulje 23 (Banjole), 20 sati. Radno...\" \/>\n<meta property=\"og:url\" content=\"https:\/\/www.medulinriviera.info\/hr\/izlozbe\/\" \/>\n<meta property=\"og:site_name\" content=\"Medulin Riviera\" \/>\n<meta property=\"article:publisher\" content=\"https:\/\/www.facebook.com\/medulinriviera\/\" \/>\n<meta property=\"article:modified_time\" content=\"2025-09-05T07:47:00+00:00\" \/>\n<meta property=\"og:image\" content=\"https:\/\/www.medulinriviera.info\/wp-content\/uploads\/2025\/07\/Ljeto-Izlozba-student-1258137.jpg\" \/>\n\t<meta property=\"og:image:width\" content=\"2000\" \/>\n\t<meta property=\"og:image:height\" content=\"1333\" \/>\n\t<meta property=\"og:image:type\" content=\"image\/jpeg\" \/>\n<meta name=\"twitter:card\" content=\"summary_large_image\" \/>\n<meta name=\"twitter:label1\" content=\"Procijenjeno vrijeme \u010ditanja\" \/>\n\t<meta name=\"twitter:data1\" content=\"2 minute\" \/>\n<script type=\"application\/ld+json\" class=\"yoast-schema-graph\">{\"@context\":\"https:\\\/\\\/schema.org\",\"@graph\":[{\"@type\":\"WebPage\",\"@id\":\"https:\\\/\\\/www.medulinriviera.info\\\/hr\\\/izlozbe\\\/\",\"url\":\"https:\\\/\\\/www.medulinriviera.info\\\/hr\\\/izlozbe\\\/\",\"name\":\"Izlo\u017ebe - Medulin Riviera\",\"isPartOf\":{\"@id\":\"https:\\\/\\\/www.medulinriviera.info\\\/hr\\\/#website\"},\"primaryImageOfPage\":{\"@id\":\"https:\\\/\\\/www.medulinriviera.info\\\/hr\\\/izlozbe\\\/#primaryimage\"},\"image\":{\"@id\":\"https:\\\/\\\/www.medulinriviera.info\\\/hr\\\/izlozbe\\\/#primaryimage\"},\"thumbnailUrl\":\"https:\\\/\\\/www.medulinriviera.info\\\/wp-content\\\/uploads\\\/2025\\\/07\\\/Ljeto-Izlozba-student-1258137.jpg\",\"datePublished\":\"2025-07-10T12:05:26+00:00\",\"dateModified\":\"2025-09-05T07:47:00+00:00\",\"breadcrumb\":{\"@id\":\"https:\\\/\\\/www.medulinriviera.info\\\/hr\\\/izlozbe\\\/#breadcrumb\"},\"inLanguage\":\"hr\",\"potentialAction\":[{\"@type\":\"ReadAction\",\"target\":[\"https:\\\/\\\/www.medulinriviera.info\\\/hr\\\/izlozbe\\\/\"]}]},{\"@type\":\"ImageObject\",\"inLanguage\":\"hr\",\"@id\":\"https:\\\/\\\/www.medulinriviera.info\\\/hr\\\/izlozbe\\\/#primaryimage\",\"url\":\"https:\\\/\\\/www.medulinriviera.info\\\/wp-content\\\/uploads\\\/2025\\\/07\\\/Ljeto-Izlozba-student-1258137.jpg\",\"contentUrl\":\"https:\\\/\\\/www.medulinriviera.info\\\/wp-content\\\/uploads\\\/2025\\\/07\\\/Ljeto-Izlozba-student-1258137.jpg\",\"width\":2000,\"height\":1333},{\"@type\":\"BreadcrumbList\",\"@id\":\"https:\\\/\\\/www.medulinriviera.info\\\/hr\\\/izlozbe\\\/#breadcrumb\",\"itemListElement\":[{\"@type\":\"ListItem\",\"position\":1,\"name\":\"Home\",\"item\":\"https:\\\/\\\/www.medulinriviera.info\\\/hr\\\/\"},{\"@type\":\"ListItem\",\"position\":2,\"name\":\"Izlo\u017ebe\"}]},{\"@type\":\"WebSite\",\"@id\":\"https:\\\/\\\/www.medulinriviera.info\\\/hr\\\/#website\",\"url\":\"https:\\\/\\\/www.medulinriviera.info\\\/hr\\\/\",\"name\":\"Medulin Riviera\",\"description\":\"Plavi planet\",\"publisher\":{\"@id\":\"https:\\\/\\\/www.medulinriviera.info\\\/hr\\\/#organization\"},\"potentialAction\":[{\"@type\":\"SearchAction\",\"target\":{\"@type\":\"EntryPoint\",\"urlTemplate\":\"https:\\\/\\\/www.medulinriviera.info\\\/hr\\\/?s={search_term_string}\"},\"query-input\":{\"@type\":\"PropertyValueSpecification\",\"valueRequired\":true,\"valueName\":\"search_term_string\"}}],\"inLanguage\":\"hr\"},{\"@type\":\"Organization\",\"@id\":\"https:\\\/\\\/www.medulinriviera.info\\\/hr\\\/#organization\",\"name\":\"Medulin Riviera\",\"url\":\"https:\\\/\\\/www.medulinriviera.info\\\/hr\\\/\",\"logo\":{\"@type\":\"ImageObject\",\"inLanguage\":\"hr\",\"@id\":\"https:\\\/\\\/www.medulinriviera.info\\\/hr\\\/#\\\/schema\\\/logo\\\/image\\\/\",\"url\":\"https:\\\/\\\/www.medulinriviera.info\\\/wp-content\\\/uploads\\\/2020\\\/06\\\/logo-alt.png\",\"contentUrl\":\"https:\\\/\\\/www.medulinriviera.info\\\/wp-content\\\/uploads\\\/2020\\\/06\\\/logo-alt.png\",\"width\":264,\"height\":78,\"caption\":\"Medulin Riviera\"},\"image\":{\"@id\":\"https:\\\/\\\/www.medulinriviera.info\\\/hr\\\/#\\\/schema\\\/logo\\\/image\\\/\"},\"sameAs\":[\"https:\\\/\\\/www.facebook.com\\\/medulinriviera\\\/\",\"https:\\\/\\\/www.instagram.com\\\/medulinriviera\\\/\",\"https:\\\/\\\/www.youtube.com\\\/channel\\\/UCYdC8kYbK9OEmlmeZydpumQ\"]}]}<\/script>\n<!-- \/ Yoast SEO plugin. -->","yoast_head_json":{"title":"Izlo\u017ebe - Medulin Riviera","robots":{"index":"index","follow":"follow","max-snippet":"max-snippet:-1","max-image-preview":"max-image-preview:large","max-video-preview":"max-video-preview:-1"},"canonical":"https:\/\/www.medulinriviera.info\/hr\/izlozbe\/","og_locale":"hr_HR","og_type":"article","og_title":"Izlo\u017ebe - Medulin Riviera","og_description":"Bojan \u0160umonja &#8211; &#8220;Mali misterij stvaranja&#8221; Bojan \u0160umonja &#8211; &#8220;Mali misterij stvaranja&#8221; Galerija Crnobori, \u010cimulje 23 (Banjole), 20 sati. Radno...","og_url":"https:\/\/www.medulinriviera.info\/hr\/izlozbe\/","og_site_name":"Medulin Riviera","article_publisher":"https:\/\/www.facebook.com\/medulinriviera\/","article_modified_time":"2025-09-05T07:47:00+00:00","og_image":[{"width":2000,"height":1333,"url":"https:\/\/www.medulinriviera.info\/wp-content\/uploads\/2025\/07\/Ljeto-Izlozba-student-1258137.jpg","type":"image\/jpeg"}],"twitter_card":"summary_large_image","twitter_misc":{"Procijenjeno vrijeme \u010ditanja":"2 minute"},"schema":{"@context":"https:\/\/schema.org","@graph":[{"@type":"WebPage","@id":"https:\/\/www.medulinriviera.info\/hr\/izlozbe\/","url":"https:\/\/www.medulinriviera.info\/hr\/izlozbe\/","name":"Izlo\u017ebe - Medulin Riviera","isPartOf":{"@id":"https:\/\/www.medulinriviera.info\/hr\/#website"},"primaryImageOfPage":{"@id":"https:\/\/www.medulinriviera.info\/hr\/izlozbe\/#primaryimage"},"image":{"@id":"https:\/\/www.medulinriviera.info\/hr\/izlozbe\/#primaryimage"},"thumbnailUrl":"https:\/\/www.medulinriviera.info\/wp-content\/uploads\/2025\/07\/Ljeto-Izlozba-student-1258137.jpg","datePublished":"2025-07-10T12:05:26+00:00","dateModified":"2025-09-05T07:47:00+00:00","breadcrumb":{"@id":"https:\/\/www.medulinriviera.info\/hr\/izlozbe\/#breadcrumb"},"inLanguage":"hr","potentialAction":[{"@type":"ReadAction","target":["https:\/\/www.medulinriviera.info\/hr\/izlozbe\/"]}]},{"@type":"ImageObject","inLanguage":"hr","@id":"https:\/\/www.medulinriviera.info\/hr\/izlozbe\/#primaryimage","url":"https:\/\/www.medulinriviera.info\/wp-content\/uploads\/2025\/07\/Ljeto-Izlozba-student-1258137.jpg","contentUrl":"https:\/\/www.medulinriviera.info\/wp-content\/uploads\/2025\/07\/Ljeto-Izlozba-student-1258137.jpg","width":2000,"height":1333},{"@type":"BreadcrumbList","@id":"https:\/\/www.medulinriviera.info\/hr\/izlozbe\/#breadcrumb","itemListElement":[{"@type":"ListItem","position":1,"name":"Home","item":"https:\/\/www.medulinriviera.info\/hr\/"},{"@type":"ListItem","position":2,"name":"Izlo\u017ebe"}]},{"@type":"WebSite","@id":"https:\/\/www.medulinriviera.info\/hr\/#website","url":"https:\/\/www.medulinriviera.info\/hr\/","name":"Medulin Riviera","description":"Plavi planet","publisher":{"@id":"https:\/\/www.medulinriviera.info\/hr\/#organization"},"potentialAction":[{"@type":"SearchAction","target":{"@type":"EntryPoint","urlTemplate":"https:\/\/www.medulinriviera.info\/hr\/?s={search_term_string}"},"query-input":{"@type":"PropertyValueSpecification","valueRequired":true,"valueName":"search_term_string"}}],"inLanguage":"hr"},{"@type":"Organization","@id":"https:\/\/www.medulinriviera.info\/hr\/#organization","name":"Medulin Riviera","url":"https:\/\/www.medulinriviera.info\/hr\/","logo":{"@type":"ImageObject","inLanguage":"hr","@id":"https:\/\/www.medulinriviera.info\/hr\/#\/schema\/logo\/image\/","url":"https:\/\/www.medulinriviera.info\/wp-content\/uploads\/2020\/06\/logo-alt.png","contentUrl":"https:\/\/www.medulinriviera.info\/wp-content\/uploads\/2020\/06\/logo-alt.png","width":264,"height":78,"caption":"Medulin Riviera"},"image":{"@id":"https:\/\/www.medulinriviera.info\/hr\/#\/schema\/logo\/image\/"},"sameAs":["https:\/\/www.facebook.com\/medulinriviera\/","https:\/\/www.instagram.com\/medulinriviera\/","https:\/\/www.youtube.com\/channel\/UCYdC8kYbK9OEmlmeZydpumQ"]}]}},"wpml_current_locale":"hr","wpml_translations":[{"locale":"en_US","id":36473,"post_title":"Exhibitions","href":"https:\/\/www.medulinriviera.info\/exhibitions\/"},{"locale":"fr_FR","id":36483,"post_title":"Exposition","href":"https:\/\/www.medulinriviera.info\/fr\/exposition\/"},{"locale":"de_DE","id":36485,"post_title":"Ausstellungen","href":"https:\/\/www.medulinriviera.info\/de\/ausstellungen\/"},{"locale":"it_IT","id":36487,"post_title":"Mostre","href":"https:\/\/www.medulinriviera.info\/it\/mostre\/"}],"_links":{"self":[{"href":"https:\/\/www.medulinriviera.info\/hr\/wp-json\/wp\/v2\/pages\/36481","targetHints":{"allow":["GET"]}}],"collection":[{"href":"https:\/\/www.medulinriviera.info\/hr\/wp-json\/wp\/v2\/pages"}],"about":[{"href":"https:\/\/www.medulinriviera.info\/hr\/wp-json\/wp\/v2\/types\/page"}],"author":[{"embeddable":true,"href":"https:\/\/www.medulinriviera.info\/hr\/wp-json\/wp\/v2\/users\/2"}],"replies":[{"embeddable":true,"href":"https:\/\/www.medulinriviera.info\/hr\/wp-json\/wp\/v2\/comments?post=36481"}],"version-history":[{"count":5,"href":"https:\/\/www.medulinriviera.info\/hr\/wp-json\/wp\/v2\/pages\/36481\/revisions"}],"predecessor-version":[{"id":37269,"href":"https:\/\/www.medulinriviera.info\/hr\/wp-json\/wp\/v2\/pages\/36481\/revisions\/37269"}],"wp:featuredmedia":[{"embeddable":true,"href":"https:\/\/www.medulinriviera.info\/hr\/wp-json\/wp\/v2\/media\/36475"}],"wp:attachment":[{"href":"https:\/\/www.medulinriviera.info\/hr\/wp-json\/wp\/v2\/media?parent=36481"}],"wp:term":[{"taxonomy":"classificator","embeddable":true,"href":"https:\/\/www.medulinriviera.info\/hr\/wp-json\/wp\/v2\/classificator?post=36481"}],"curies":[{"name":"wp","href":"https:\/\/api.w.org\/{rel}","templated":true}]}}