{"id":35713,"date":"2025-06-05T13:48:12","date_gmt":"2025-06-05T11:48:12","guid":{"rendered":"https:\/\/www.medulinriviera.info\/?page_id=35713"},"modified":"2025-06-13T12:59:58","modified_gmt":"2025-06-13T10:59:58","slug":"privremena-regulacija-prometa-12-15-lipnja-2025-31-european-h-o-g-rally","status":"publish","type":"page","link":"https:\/\/www.medulinriviera.info\/hr\/privremena-regulacija-prometa-12-15-lipnja-2025-31-european-h-o-g-rally\/","title":{"rendered":"Privremena regulacija prometa 12.-15. lipnja 2025. &#8211; 31. European H.O.G. Rally"},"content":{"rendered":"\n<h2 class=\"wp-block-heading\"> 31. EUROPEAN H.O.G.\u2122 RALLY<\/h2>\n\n\n\n<h2 class=\"wp-block-heading\"><br>Servisne informacije \u2013 Pula i Medulin<br><br>Naziv doga\u0111aja: 31. European H.O.G.\u2122 Rally<br><br>Datum: 12. \u2013 15. lipnja 2025.<\/h2>\n\n\n\n<h2 class=\"wp-block-heading\">Lokacije: Medulin i Pula<\/h2>\n\n\n\n<h2 class=\"wp-block-heading\">Organizatori: Harley-Davidson EMEA i Uniline d.o.o.<\/h2>\n\n\n\n<h2 class=\"wp-block-heading\">O\u010dekivani broj posjetitelja: Do 10.000 motorista i 10.000 posjetitelja dnevno i 2.500 Harley-Davidsona u defileu<\/h2>\n\n\n\n<h2 class=\"wp-block-heading\">Ulaz: Besplatan za sve posjetitelje<\/h2>\n\n\n\n<p><br>Dragi svi,<br><\/p>\n\n\n\n<p>Medulin i Pula dobili su povjerenje poznatog ameri\u010dkog branda Harley \u2013<br>Davidson za organizaciju jednog od njihovih najatraktivnijih me\u0111unarodnih doga\u0111aja:<br>European H.O.G.\u2122 Rally (ne radi se o rally-u u smislu utrkivanja, ve\u0107 o okupljanju vlasnika<br>ovih luksuznih motora). Medulinu doga\u0111aj donosi jaku me\u0111unarodnu promociju, zamah<br>ugostiteljskih djelatnosti i iznimne goste koji prepoznaju kvalitetu.<\/p>\n\n\n\n<p><br>Kao bi se izbjegli prometni zastoji i koridori za hitne slu\u017ebe ostali proto\u010dni, manifestacije<br>ovakve vrste nu\u017eno se odvijaju uz privremenu regulaciju prometa koja je izra\u0111ena prema<br>uputama stru\u010dnjaka prometne struke. Ograni\u010denja se odnose samo na odre\u0111ene dijelove<br>dana i na vozila posjetitelja koji nisu stanovnici Op\u0107ine Medulin, dok smo za mje\u0161tane<br>op\u0107ine Medulin, vlasnike nekretnina na na\u0161em podru\u010dju i radnike pripremili posebne<br>propusnice kako bi se slobodno kretali vozilima (vi\u0161e u nastavku).<\/p>\n\n\n\n<p><br>Stoga Vas od tijekom trajanja doga\u0111aja od 12. \u2013 15. lipnja 2025. molimo za<br>razumijevanje i suradnju kako biste \u0161to je vi\u0161e mogu\u0107e u\u017eivali u manifestaciji, a da ista<br>protekne uspje\u0161no i sigurno.<\/p>\n\n\n\n<p><br>S po\u0161tovanjem,<\/p>\n\n\n\n<p><br>Organizacijski tim 31. European H.O.G.\u2122 Rallyja 2025.<\/p>\n\n\n\n<p><\/p>\n\n\n\n<p>____________________________________________________________________________________________________________<\/p>\n\n\n\n<h2 class=\"wp-block-heading\">Privremena regulacija prometa tijekom European H.O.G.\u2122 Rally<br>2025.<br><\/h2>\n\n\n\n<h2 class=\"wp-block-heading\">PARK &amp; RIDE SUSTAV<br><\/h2>\n\n\n\n<p>Radi smanjenja prometne gu\u017eve, za posjetitelja koji nisu stanovnici Op\u0107ine Medulin, uvodi<br>se parking na Campano\u017eu s autobusnim prijevozom do Medulina i nazad<\/p>\n\n\n\n<ul class=\"wp-block-list\">\n<li>Lokacija: Campano\u017e, prije kru\u017enog toka (u blizini sportskog aerodroma)<\/li>\n\n\n\n<li>Raspored vo\u017enje:<br>&#8211; \u010cetvrtak i petak (12. i 13. lipnja): 16:00 \u2013 02:00<br>&#8211;  Subota (14. lipnja): 10:00 \u2013 02:00 (zbog defilea motora)<br>Prijevoz \u0107e vr\u0161iti autobusni prijevoznik Brioni, cijena karte za oba smjera \u0107e biti 9\u20ac, a to\u010dan<br>red vo\u017enje kao i dodatne eventualne informacije \u0107e biti objavljeni na slu\u017ebenim dru\u0161tvenim<br>mre\u017eama eventa.<\/li>\n<\/ul>\n\n\n\n<p><\/p>\n\n\n\n<p><\/p>\n\n\n\n<p><\/p>\n\n\n\n<p><\/p>\n\n\n\n<p><\/p>\n\n\n\n<p><\/p>\n\n\n\n<h2 class=\"wp-block-heading\">ZONSKA REGULACIJA PROMETA \u2013 NASELJE MEDULIN<\/h2>\n\n\n\n<p>Podru\u010dje naselja Medulin bit \u0107e podijeljeno u tri prometne zone:<\/p>\n\n\n\n<ul class=\"wp-block-list\">\n<li>Plava zona \u2013 ostatak naselja Medulin<br>Crvena zona \u2013 sredi\u0161nji prostor odr\u017eavanja doga\u0111anja (event zona)<\/li>\n\n\n\n<li>\u017duta zona \u2013 zona s ograni\u010denim pristupom<\/li>\n<\/ul>\n\n\n\n<figure class=\"wp-block-image size-large\"><img loading=\"lazy\" decoding=\"async\" width=\"1600\" height=\"1130\" src=\"https:\/\/www.medulinriviera.info\/wp-content\/uploads\/2025\/06\/zone_v2-Layout4-1600x1130.jpg\" alt=\"\" class=\"wp-image-35707\" srcset=\"https:\/\/www.medulinriviera.info\/wp-content\/uploads\/2025\/06\/zone_v2-Layout4-1600x1130.jpg 1600w, https:\/\/www.medulinriviera.info\/wp-content\/uploads\/2025\/06\/zone_v2-Layout4-300x212.jpg 300w, https:\/\/www.medulinriviera.info\/wp-content\/uploads\/2025\/06\/zone_v2-Layout4-768x543.jpg 768w, https:\/\/www.medulinriviera.info\/wp-content\/uploads\/2025\/06\/zone_v2-Layout4-1536x1085.jpg 1536w, https:\/\/www.medulinriviera.info\/wp-content\/uploads\/2025\/06\/zone_v2-Layout4.jpg 2000w\" sizes=\"auto, (max-width: 1600px) 100vw, 1600px\" \/><\/figure>\n\n\n\n<p><\/p>\n\n\n\n<figure class=\"wp-block-image size-full\"><img loading=\"lazy\" decoding=\"async\" width=\"1154\" height=\"848\" src=\"https:\/\/www.medulinriviera.info\/wp-content\/uploads\/2025\/06\/GRANICE-ZONA-UVECANO-1-2.jpg\" alt=\"\" class=\"wp-image-35799\" srcset=\"https:\/\/www.medulinriviera.info\/wp-content\/uploads\/2025\/06\/GRANICE-ZONA-UVECANO-1-2.jpg 1154w, https:\/\/www.medulinriviera.info\/wp-content\/uploads\/2025\/06\/GRANICE-ZONA-UVECANO-1-2-300x220.jpg 300w, https:\/\/www.medulinriviera.info\/wp-content\/uploads\/2025\/06\/GRANICE-ZONA-UVECANO-1-2-768x564.jpg 768w\" sizes=\"auto, (max-width: 1154px) 100vw, 1154px\" \/><\/figure>\n\n\n\n<p><\/p>\n\n\n\n<p><\/p>\n\n\n\n<p><\/p>\n\n\n\n<figure class=\"wp-block-image size-full\"><img loading=\"lazy\" decoding=\"async\" width=\"1158\" height=\"902\" src=\"https:\/\/www.medulinriviera.info\/wp-content\/uploads\/2025\/06\/GRANICE-ZONA-UVECANO-2-1.jpg\" alt=\"\" class=\"wp-image-35805\" srcset=\"https:\/\/www.medulinriviera.info\/wp-content\/uploads\/2025\/06\/GRANICE-ZONA-UVECANO-2-1.jpg 1158w, https:\/\/www.medulinriviera.info\/wp-content\/uploads\/2025\/06\/GRANICE-ZONA-UVECANO-2-1-300x234.jpg 300w, https:\/\/www.medulinriviera.info\/wp-content\/uploads\/2025\/06\/GRANICE-ZONA-UVECANO-2-1-768x598.jpg 768w\" sizes=\"auto, (max-width: 1158px) 100vw, 1158px\" \/><\/figure>\n\n\n\n<p><\/p>\n\n\n\n<figure class=\"wp-block-image size-full\"><img loading=\"lazy\" decoding=\"async\" width=\"1172\" height=\"883\" src=\"https:\/\/www.medulinriviera.info\/wp-content\/uploads\/2025\/06\/GRANICE-ZONA-UVECANO-3-1.jpg\" alt=\"\" class=\"wp-image-35812\" srcset=\"https:\/\/www.medulinriviera.info\/wp-content\/uploads\/2025\/06\/GRANICE-ZONA-UVECANO-3-1.jpg 1172w, https:\/\/www.medulinriviera.info\/wp-content\/uploads\/2025\/06\/GRANICE-ZONA-UVECANO-3-1-300x226.jpg 300w, https:\/\/www.medulinriviera.info\/wp-content\/uploads\/2025\/06\/GRANICE-ZONA-UVECANO-3-1-768x579.jpg 768w\" sizes=\"auto, (max-width: 1172px) 100vw, 1172px\" \/><\/figure>\n\n\n\n<p><\/p>\n\n\n\n<p><\/p>\n\n\n\n<figure class=\"wp-block-image size-full\"><img loading=\"lazy\" decoding=\"async\" width=\"1146\" height=\"900\" src=\"https:\/\/www.medulinriviera.info\/wp-content\/uploads\/2025\/06\/GRANICE-ZONA-UVECANO-4-1.jpg\" alt=\"\" class=\"wp-image-35818\" srcset=\"https:\/\/www.medulinriviera.info\/wp-content\/uploads\/2025\/06\/GRANICE-ZONA-UVECANO-4-1.jpg 1146w, https:\/\/www.medulinriviera.info\/wp-content\/uploads\/2025\/06\/GRANICE-ZONA-UVECANO-4-1-300x236.jpg 300w, https:\/\/www.medulinriviera.info\/wp-content\/uploads\/2025\/06\/GRANICE-ZONA-UVECANO-4-1-768x603.jpg 768w\" sizes=\"auto, (max-width: 1146px) 100vw, 1146px\" \/><\/figure>\n\n\n\n<p><\/p>\n\n\n\n<figure class=\"wp-block-image size-full\"><img loading=\"lazy\" decoding=\"async\" width=\"1129\" height=\"914\" src=\"https:\/\/www.medulinriviera.info\/wp-content\/uploads\/2025\/06\/GRANICE-ZONA-UVECANO-5-1.jpg\" alt=\"\" class=\"wp-image-35824\" srcset=\"https:\/\/www.medulinriviera.info\/wp-content\/uploads\/2025\/06\/GRANICE-ZONA-UVECANO-5-1.jpg 1129w, https:\/\/www.medulinriviera.info\/wp-content\/uploads\/2025\/06\/GRANICE-ZONA-UVECANO-5-1-300x243.jpg 300w, https:\/\/www.medulinriviera.info\/wp-content\/uploads\/2025\/06\/GRANICE-ZONA-UVECANO-5-1-768x622.jpg 768w\" sizes=\"auto, (max-width: 1129px) 100vw, 1129px\" \/><\/figure>\n\n\n\n<p><\/p>\n\n\n\n<figure class=\"wp-block-image size-full\"><img loading=\"lazy\" decoding=\"async\" width=\"1182\" height=\"829\" src=\"https:\/\/www.medulinriviera.info\/wp-content\/uploads\/2025\/06\/GRANICE-ZONA-UVECANO-6-1.jpg\" alt=\"\" class=\"wp-image-35830\" srcset=\"https:\/\/www.medulinriviera.info\/wp-content\/uploads\/2025\/06\/GRANICE-ZONA-UVECANO-6-1.jpg 1182w, https:\/\/www.medulinriviera.info\/wp-content\/uploads\/2025\/06\/GRANICE-ZONA-UVECANO-6-1-300x210.jpg 300w, https:\/\/www.medulinriviera.info\/wp-content\/uploads\/2025\/06\/GRANICE-ZONA-UVECANO-6-1-768x539.jpg 768w\" sizes=\"auto, (max-width: 1182px) 100vw, 1182px\" \/><\/figure>\n\n\n\n<p><\/p>\n\n\n\n<p><\/p>\n\n\n\n<p><\/p>\n\n\n\n<p><\/p>\n\n\n\n<p><\/p>\n\n\n\n<p>VA\u017dNO:<br>Stanovnicima i poslovnim subjektima je tijekom cijelog doga\u0111anja osiguran pristup<br>svojim nekretninama, stambenim i poslovnim objektima.<\/p>\n\n\n\n<h2 class=\"wp-block-heading\">PROPUSNICE &#8211; PRIVREMENO OGRANI\u010cENJE PROMETA<\/h2>\n\n\n\n<p>Ulazak vozilima u naselje Medulin i pojedine event zone mogu\u0107 je isklju\u010divo uz<br>propusnicu.<\/p>\n\n\n\n<p>Propusnice su potrebne samo u odre\u0111enim dijelovima dana, ovisno o zoni, a<br>sukladno radu Park &amp; ride sustava.<\/p>\n\n\n\n<h2 class=\"wp-block-heading\">PREUZIMANJE PROPUSNICA ZA VOZILA<\/h2>\n\n\n\n<p>Tko mo\u017ee preuzeti propusnice:<\/p>\n\n\n\n<ul class=\"wp-block-list\">\n<li>Mje\u0161tani &#8211; za dodatna vozila (stanovnici koji primaju ra\u010dune tvrtke Medeko po\u0161tom,<br>dobiti \u0107e po jednu propusnicu na ku\u0107nu adresu)<\/li>\n\n\n\n<li>Pravne i fizi\u010dke osobe \u010dije je mjesto rada naselje Medulin ili su dio organizacije<br>eventa<\/li>\n\n\n\n<li>Gosti s rezerviranim smje\u0161tajem u naselju Medulinu<\/li>\n<\/ul>\n\n\n\n<p>Lokacije za preuzimanje:<\/p>\n\n\n\n<ol class=\"wp-block-list\">\n<li>Turisti\u010dka zajednica op\u0107ine Medulin<br>Adresa: Brajdine 41<br>Od: srijede, 4. lipnja 2025.<br>Radno vrijeme: svakodnevno 8:00 do 20:00, vikendom od 08:00 -16:00<\/li>\n\n\n\n<li>Turisti\u010dko-informativni centar Banjole (benzinska postaja Petrol)<br>Od: srijede, 4. lipnja 2025. od 09.00 \u2013 17.00 sati<br>Radno vrijeme: svakodnevno (uklju\u010duju\u0107i vikend) od 9:00 do 17:00<\/li>\n<\/ol>\n\n\n\n<p>Potrebna dokumentacija:<\/p>\n\n\n\n<ul class=\"wp-block-list\">\n<li>osobna iskaznica<\/li>\n\n\n\n<li>dokaz o opravdanosti zahtjeva (npr. Osobna iskaznica, potvrda o prebivali\u0161tu,<br>prometna dozvola, potvrda poslodavca, potvrda o rezervaciji smje\u0161taja i sl.)<\/li>\n<\/ul>\n\n\n\n<h2 class=\"wp-block-heading\">NAPOMENA ZA KORISNIKE PROPUSNICA<br>Molimo korisnike da propusnice koriste isklju\u010divo ako imaju osigurano parkirno mjesto<br>unutar naselja Medulin. Na taj na\u010din izbjegavamo prometnu zagu\u0161enost i pridonosimo<br>sigurnosti i zadovoljstvu svih posjetitelja i mje\u0161tana.<br>Za sve ostale preporu\u010dujemo kori\u0161tenje Park &amp; Ride sustava ili taksi usluga.<\/h2>\n\n\n\n<h2 class=\"wp-block-heading\">VOZILA IZUZETA OD OBVEZE PROPUSNICE<\/h2>\n\n\n\n<ul class=\"wp-block-list\">\n<li>Motocikli<\/li>\n\n\n\n<li>Vozila gostiju koji idu u rezervirani smje\u0161taj, uz predo\u010denje jednog od sljede\u0107eg:<br>&#8211; potvrda o rezervaciji smje\u0161taja<br>&#8211; potvrda o vlasni\u0161tvu ili kori\u0161tenju nekretnine u Medulinu<br>&#8211; po dolasku u smje\u0161taj du\u017eni su preuzeti propusnicu za daljnje kretanje<br>tijekom trajanja manifestacije<\/li>\n<\/ul>\n\n\n\n<p><\/p>\n\n\n\n<h2 class=\"wp-block-heading\">DOSTAVA I OPSKRBA<\/h2>\n\n\n\n<ul class=\"wp-block-list\">\n<li>Svim fizi\u010dkim i pravnim osobama, posebno ugostiteljima i trgovcima, preporu\u010duje<br>se:<br>&#8211;  unaprijed osigurati potrebne koli\u010dine robe<br>&#8211;  planirati dostavu isklju\u010divo do 9:00 sati ujutro tijekom trajanja doga\u0111aja<br>(\u010detvrtak, 12.06. do nedjelje, 15.06.)<\/li>\n<\/ul>\n\n\n\n<p><\/p>\n\n\n\n<h2 class=\"wp-block-heading\">DODATNE INFORMACIJE<\/h2>\n\n\n\n<p>Sve informacije o eventu, detaljan program, lokacije, koncerti i dodatni sadr\u017eaji dostupni su<br>putem <strong><a href=\"https:\/\/www.harley-davidson.com\/us\/en\/content\/h-d-app.html\">Harley-Davidson aplikacije.<\/a><\/strong><br>Prometne informacije dostupne su putem Turisti\u010dke zajednice op\u0107ine Medulin i<br>Organizacijskog operativnog centra:<\/p>\n\n\n\n<ul class=\"wp-block-list\">\n<li>www.tzom.hr<\/li>\n\n\n\n<li>info@tzom.hr<\/li>\n\n\n\n<li>052\/577-145<\/li>\n\n\n\n<li>099\/2630-801<\/li>\n<\/ul>\n\n\n\n<p><\/p>\n\n\n\n<p><\/p>\n\n\n\n<p><\/p>\n","protected":false},"excerpt":{"rendered":"<p>31. EUROPEAN H.O.G.\u2122 RALLY Servisne informacije \u2013 Pula i Medulin Naziv doga\u0111aja: 31. European H.O.G.\u2122 Rally Datum: 12. \u2013 15&#8230;.<\/p>\n","protected":false},"author":2,"featured_media":34774,"parent":0,"menu_order":0,"comment_status":"closed","ping_status":"closed","template":"","meta":{"_acf_changed":false,"footnotes":""},"classificator":[],"class_list":["post-35713","page","type-page","status-publish","has-post-thumbnail","hentry"],"acf":{"video":"","gallery":""},"yoast_head":"<!-- This site is optimized with the Yoast SEO plugin v27.5 - https:\/\/yoast.com\/product\/yoast-seo-wordpress\/ -->\n<title>Privremena regulacija prometa 12.-15. lipnja 2025. - 31. European H.O.G. Rally - Medulin Riviera<\/title>\n<meta name=\"robots\" content=\"index, follow, max-snippet:-1, max-image-preview:large, max-video-preview:-1\" \/>\n<link rel=\"canonical\" href=\"https:\/\/www.medulinriviera.info\/hr\/privremena-regulacija-prometa-12-15-lipnja-2025-31-european-h-o-g-rally\/\" \/>\n<meta property=\"og:locale\" content=\"hr_HR\" \/>\n<meta property=\"og:type\" content=\"article\" \/>\n<meta property=\"og:title\" content=\"Privremena regulacija prometa 12.-15. lipnja 2025. - 31. European H.O.G. Rally - Medulin Riviera\" \/>\n<meta property=\"og:description\" content=\"31. EUROPEAN H.O.G.\u2122 RALLY Servisne informacije \u2013 Pula i Medulin Naziv doga\u0111aja: 31. European H.O.G.\u2122 Rally Datum: 12. \u2013 15....\" \/>\n<meta property=\"og:url\" content=\"https:\/\/www.medulinriviera.info\/hr\/privremena-regulacija-prometa-12-15-lipnja-2025-31-european-h-o-g-rally\/\" \/>\n<meta property=\"og:site_name\" content=\"Medulin Riviera\" \/>\n<meta property=\"article:publisher\" content=\"https:\/\/www.facebook.com\/medulinriviera\/\" \/>\n<meta property=\"article:modified_time\" content=\"2025-06-13T10:59:58+00:00\" \/>\n<meta property=\"og:image\" content=\"https:\/\/www.medulinriviera.info\/wp-content\/uploads\/2025\/01\/Hog-Rally-9-e1736517551252.jpg\" \/>\n\t<meta property=\"og:image:width\" content=\"1800\" \/>\n\t<meta property=\"og:image:height\" content=\"1200\" \/>\n\t<meta property=\"og:image:type\" content=\"image\/jpeg\" \/>\n<meta name=\"twitter:card\" content=\"summary_large_image\" \/>\n<meta name=\"twitter:label1\" content=\"Procijenjeno vrijeme \u010ditanja\" \/>\n\t<meta name=\"twitter:data1\" content=\"6 minuta\" \/>\n<script type=\"application\/ld+json\" class=\"yoast-schema-graph\">{\"@context\":\"https:\\\/\\\/schema.org\",\"@graph\":[{\"@type\":\"WebPage\",\"@id\":\"https:\\\/\\\/www.medulinriviera.info\\\/hr\\\/privremena-regulacija-prometa-12-15-lipnja-2025-31-european-h-o-g-rally\\\/\",\"url\":\"https:\\\/\\\/www.medulinriviera.info\\\/hr\\\/privremena-regulacija-prometa-12-15-lipnja-2025-31-european-h-o-g-rally\\\/\",\"name\":\"Privremena regulacija prometa 12.-15. lipnja 2025. - 31. European H.O.G. Rally - Medulin Riviera\",\"isPartOf\":{\"@id\":\"https:\\\/\\\/www.medulinriviera.info\\\/hr\\\/#website\"},\"primaryImageOfPage\":{\"@id\":\"https:\\\/\\\/www.medulinriviera.info\\\/hr\\\/privremena-regulacija-prometa-12-15-lipnja-2025-31-european-h-o-g-rally\\\/#primaryimage\"},\"image\":{\"@id\":\"https:\\\/\\\/www.medulinriviera.info\\\/hr\\\/privremena-regulacija-prometa-12-15-lipnja-2025-31-european-h-o-g-rally\\\/#primaryimage\"},\"thumbnailUrl\":\"https:\\\/\\\/www.medulinriviera.info\\\/wp-content\\\/uploads\\\/2025\\\/01\\\/Hog-Rally-9-e1736517551252.jpg\",\"datePublished\":\"2025-06-05T11:48:12+00:00\",\"dateModified\":\"2025-06-13T10:59:58+00:00\",\"breadcrumb\":{\"@id\":\"https:\\\/\\\/www.medulinriviera.info\\\/hr\\\/privremena-regulacija-prometa-12-15-lipnja-2025-31-european-h-o-g-rally\\\/#breadcrumb\"},\"inLanguage\":\"hr\",\"potentialAction\":[{\"@type\":\"ReadAction\",\"target\":[\"https:\\\/\\\/www.medulinriviera.info\\\/hr\\\/privremena-regulacija-prometa-12-15-lipnja-2025-31-european-h-o-g-rally\\\/\"]}]},{\"@type\":\"ImageObject\",\"inLanguage\":\"hr\",\"@id\":\"https:\\\/\\\/www.medulinriviera.info\\\/hr\\\/privremena-regulacija-prometa-12-15-lipnja-2025-31-european-h-o-g-rally\\\/#primaryimage\",\"url\":\"https:\\\/\\\/www.medulinriviera.info\\\/wp-content\\\/uploads\\\/2025\\\/01\\\/Hog-Rally-9-e1736517551252.jpg\",\"contentUrl\":\"https:\\\/\\\/www.medulinriviera.info\\\/wp-content\\\/uploads\\\/2025\\\/01\\\/Hog-Rally-9-e1736517551252.jpg\",\"width\":1800,\"height\":1200},{\"@type\":\"BreadcrumbList\",\"@id\":\"https:\\\/\\\/www.medulinriviera.info\\\/hr\\\/privremena-regulacija-prometa-12-15-lipnja-2025-31-european-h-o-g-rally\\\/#breadcrumb\",\"itemListElement\":[{\"@type\":\"ListItem\",\"position\":1,\"name\":\"Home\",\"item\":\"https:\\\/\\\/www.medulinriviera.info\\\/hr\\\/\"},{\"@type\":\"ListItem\",\"position\":2,\"name\":\"Privremena regulacija prometa 12.-15. lipnja 2025. &#8211; 31. European H.O.G. Rally\"}]},{\"@type\":\"WebSite\",\"@id\":\"https:\\\/\\\/www.medulinriviera.info\\\/hr\\\/#website\",\"url\":\"https:\\\/\\\/www.medulinriviera.info\\\/hr\\\/\",\"name\":\"Medulin Riviera\",\"description\":\"Plavi planet\",\"publisher\":{\"@id\":\"https:\\\/\\\/www.medulinriviera.info\\\/hr\\\/#organization\"},\"potentialAction\":[{\"@type\":\"SearchAction\",\"target\":{\"@type\":\"EntryPoint\",\"urlTemplate\":\"https:\\\/\\\/www.medulinriviera.info\\\/hr\\\/?s={search_term_string}\"},\"query-input\":{\"@type\":\"PropertyValueSpecification\",\"valueRequired\":true,\"valueName\":\"search_term_string\"}}],\"inLanguage\":\"hr\"},{\"@type\":\"Organization\",\"@id\":\"https:\\\/\\\/www.medulinriviera.info\\\/hr\\\/#organization\",\"name\":\"Medulin Riviera\",\"url\":\"https:\\\/\\\/www.medulinriviera.info\\\/hr\\\/\",\"logo\":{\"@type\":\"ImageObject\",\"inLanguage\":\"hr\",\"@id\":\"https:\\\/\\\/www.medulinriviera.info\\\/hr\\\/#\\\/schema\\\/logo\\\/image\\\/\",\"url\":\"https:\\\/\\\/www.medulinriviera.info\\\/wp-content\\\/uploads\\\/2020\\\/06\\\/logo-alt.png\",\"contentUrl\":\"https:\\\/\\\/www.medulinriviera.info\\\/wp-content\\\/uploads\\\/2020\\\/06\\\/logo-alt.png\",\"width\":264,\"height\":78,\"caption\":\"Medulin Riviera\"},\"image\":{\"@id\":\"https:\\\/\\\/www.medulinriviera.info\\\/hr\\\/#\\\/schema\\\/logo\\\/image\\\/\"},\"sameAs\":[\"https:\\\/\\\/www.facebook.com\\\/medulinriviera\\\/\",\"https:\\\/\\\/www.instagram.com\\\/medulinriviera\\\/\",\"https:\\\/\\\/www.youtube.com\\\/channel\\\/UCYdC8kYbK9OEmlmeZydpumQ\"]}]}<\/script>\n<!-- \/ Yoast SEO plugin. -->","yoast_head_json":{"title":"Privremena regulacija prometa 12.-15. lipnja 2025. - 31. European H.O.G. Rally - Medulin Riviera","robots":{"index":"index","follow":"follow","max-snippet":"max-snippet:-1","max-image-preview":"max-image-preview:large","max-video-preview":"max-video-preview:-1"},"canonical":"https:\/\/www.medulinriviera.info\/hr\/privremena-regulacija-prometa-12-15-lipnja-2025-31-european-h-o-g-rally\/","og_locale":"hr_HR","og_type":"article","og_title":"Privremena regulacija prometa 12.-15. lipnja 2025. - 31. European H.O.G. Rally - Medulin Riviera","og_description":"31. EUROPEAN H.O.G.\u2122 RALLY Servisne informacije \u2013 Pula i Medulin Naziv doga\u0111aja: 31. European H.O.G.\u2122 Rally Datum: 12. \u2013 15....","og_url":"https:\/\/www.medulinriviera.info\/hr\/privremena-regulacija-prometa-12-15-lipnja-2025-31-european-h-o-g-rally\/","og_site_name":"Medulin Riviera","article_publisher":"https:\/\/www.facebook.com\/medulinriviera\/","article_modified_time":"2025-06-13T10:59:58+00:00","og_image":[{"width":1800,"height":1200,"url":"https:\/\/www.medulinriviera.info\/wp-content\/uploads\/2025\/01\/Hog-Rally-9-e1736517551252.jpg","type":"image\/jpeg"}],"twitter_card":"summary_large_image","twitter_misc":{"Procijenjeno vrijeme \u010ditanja":"6 minuta"},"schema":{"@context":"https:\/\/schema.org","@graph":[{"@type":"WebPage","@id":"https:\/\/www.medulinriviera.info\/hr\/privremena-regulacija-prometa-12-15-lipnja-2025-31-european-h-o-g-rally\/","url":"https:\/\/www.medulinriviera.info\/hr\/privremena-regulacija-prometa-12-15-lipnja-2025-31-european-h-o-g-rally\/","name":"Privremena regulacija prometa 12.-15. lipnja 2025. - 31. European H.O.G. Rally - Medulin Riviera","isPartOf":{"@id":"https:\/\/www.medulinriviera.info\/hr\/#website"},"primaryImageOfPage":{"@id":"https:\/\/www.medulinriviera.info\/hr\/privremena-regulacija-prometa-12-15-lipnja-2025-31-european-h-o-g-rally\/#primaryimage"},"image":{"@id":"https:\/\/www.medulinriviera.info\/hr\/privremena-regulacija-prometa-12-15-lipnja-2025-31-european-h-o-g-rally\/#primaryimage"},"thumbnailUrl":"https:\/\/www.medulinriviera.info\/wp-content\/uploads\/2025\/01\/Hog-Rally-9-e1736517551252.jpg","datePublished":"2025-06-05T11:48:12+00:00","dateModified":"2025-06-13T10:59:58+00:00","breadcrumb":{"@id":"https:\/\/www.medulinriviera.info\/hr\/privremena-regulacija-prometa-12-15-lipnja-2025-31-european-h-o-g-rally\/#breadcrumb"},"inLanguage":"hr","potentialAction":[{"@type":"ReadAction","target":["https:\/\/www.medulinriviera.info\/hr\/privremena-regulacija-prometa-12-15-lipnja-2025-31-european-h-o-g-rally\/"]}]},{"@type":"ImageObject","inLanguage":"hr","@id":"https:\/\/www.medulinriviera.info\/hr\/privremena-regulacija-prometa-12-15-lipnja-2025-31-european-h-o-g-rally\/#primaryimage","url":"https:\/\/www.medulinriviera.info\/wp-content\/uploads\/2025\/01\/Hog-Rally-9-e1736517551252.jpg","contentUrl":"https:\/\/www.medulinriviera.info\/wp-content\/uploads\/2025\/01\/Hog-Rally-9-e1736517551252.jpg","width":1800,"height":1200},{"@type":"BreadcrumbList","@id":"https:\/\/www.medulinriviera.info\/hr\/privremena-regulacija-prometa-12-15-lipnja-2025-31-european-h-o-g-rally\/#breadcrumb","itemListElement":[{"@type":"ListItem","position":1,"name":"Home","item":"https:\/\/www.medulinriviera.info\/hr\/"},{"@type":"ListItem","position":2,"name":"Privremena regulacija prometa 12.-15. lipnja 2025. &#8211; 31. European H.O.G. Rally"}]},{"@type":"WebSite","@id":"https:\/\/www.medulinriviera.info\/hr\/#website","url":"https:\/\/www.medulinriviera.info\/hr\/","name":"Medulin Riviera","description":"Plavi planet","publisher":{"@id":"https:\/\/www.medulinriviera.info\/hr\/#organization"},"potentialAction":[{"@type":"SearchAction","target":{"@type":"EntryPoint","urlTemplate":"https:\/\/www.medulinriviera.info\/hr\/?s={search_term_string}"},"query-input":{"@type":"PropertyValueSpecification","valueRequired":true,"valueName":"search_term_string"}}],"inLanguage":"hr"},{"@type":"Organization","@id":"https:\/\/www.medulinriviera.info\/hr\/#organization","name":"Medulin Riviera","url":"https:\/\/www.medulinriviera.info\/hr\/","logo":{"@type":"ImageObject","inLanguage":"hr","@id":"https:\/\/www.medulinriviera.info\/hr\/#\/schema\/logo\/image\/","url":"https:\/\/www.medulinriviera.info\/wp-content\/uploads\/2020\/06\/logo-alt.png","contentUrl":"https:\/\/www.medulinriviera.info\/wp-content\/uploads\/2020\/06\/logo-alt.png","width":264,"height":78,"caption":"Medulin Riviera"},"image":{"@id":"https:\/\/www.medulinriviera.info\/hr\/#\/schema\/logo\/image\/"},"sameAs":["https:\/\/www.facebook.com\/medulinriviera\/","https:\/\/www.instagram.com\/medulinriviera\/","https:\/\/www.youtube.com\/channel\/UCYdC8kYbK9OEmlmeZydpumQ"]}]}},"wpml_current_locale":"hr","wpml_translations":[{"locale":"en_US","id":35705,"post_title":"TEMPORARY TRAFFIC REGULATIONS - 31st European H.O.G.\u2122 Rally \u2013 Medulin &amp; Pula, 12\u201315 June 2025","href":"https:\/\/www.medulinriviera.info\/temporary-traffic-regulations-31st-european-h-o-g-rally-medulin-pula-12-15-june-2025\/"},{"locale":"fr_FR","id":35730,"post_title":"R\u00e9gulation temporaire de la circulation pendant le Rallye Europ\u00e9en H.O.G.\u2122 2025. - 12.-15.06.2025.","href":"https:\/\/www.medulinriviera.info\/fr\/regulation-temporaire-de-la-circulation-pendant-le-rallye-europeen-h-o-g-2025-12-15-06-2025\/"},{"locale":"de_DE","id":35715,"post_title":"Vor\u00fcbergehende Verkehrsregelung w\u00e4hrend der European H.O.G.\u2122 Rally 2025.","href":"https:\/\/www.medulinriviera.info\/de\/voruebergehende-verkehrsregelung-waehrend-der-european-h-o-g-rally-2025\/"},{"locale":"it_IT","id":35717,"post_title":"Regolamentazione temporanea del traffico durante l'European H.O.G.\u2122 Rally 2025. - 12.-15.06.2025.","href":"https:\/\/www.medulinriviera.info\/it\/regolamentazione-temporanea-del-traffico-durante-leuropean-h-o-g-rally-2025-12-15-06-2025\/"}],"_links":{"self":[{"href":"https:\/\/www.medulinriviera.info\/hr\/wp-json\/wp\/v2\/pages\/35713","targetHints":{"allow":["GET"]}}],"collection":[{"href":"https:\/\/www.medulinriviera.info\/hr\/wp-json\/wp\/v2\/pages"}],"about":[{"href":"https:\/\/www.medulinriviera.info\/hr\/wp-json\/wp\/v2\/types\/page"}],"author":[{"embeddable":true,"href":"https:\/\/www.medulinriviera.info\/hr\/wp-json\/wp\/v2\/users\/2"}],"replies":[{"embeddable":true,"href":"https:\/\/www.medulinriviera.info\/hr\/wp-json\/wp\/v2\/comments?post=35713"}],"version-history":[{"count":7,"href":"https:\/\/www.medulinriviera.info\/hr\/wp-json\/wp\/v2\/pages\/35713\/revisions"}],"predecessor-version":[{"id":35915,"href":"https:\/\/www.medulinriviera.info\/hr\/wp-json\/wp\/v2\/pages\/35713\/revisions\/35915"}],"wp:featuredmedia":[{"embeddable":true,"href":"https:\/\/www.medulinriviera.info\/hr\/wp-json\/wp\/v2\/media\/34774"}],"wp:attachment":[{"href":"https:\/\/www.medulinriviera.info\/hr\/wp-json\/wp\/v2\/media?parent=35713"}],"wp:term":[{"taxonomy":"classificator","embeddable":true,"href":"https:\/\/www.medulinriviera.info\/hr\/wp-json\/wp\/v2\/classificator?post=35713"}],"curies":[{"name":"wp","href":"https:\/\/api.w.org\/{rel}","templated":true}]}}