{"id":29242,"date":"2023-09-12T15:18:27","date_gmt":"2023-09-12T13:18:27","guid":{"rendered":"https:\/\/www.medulinriviera.info\/?page_id=29242"},"modified":"2023-09-12T15:24:37","modified_gmt":"2023-09-12T13:24:37","slug":"inkluzivni-turizam","status":"publish","type":"page","link":"https:\/\/www.medulinriviera.info\/hr\/home\/inkluzivni-turizam\/","title":{"rendered":"Inkluzivni turizam"},"content":{"rendered":"\n<p>Govorna turisti\u010dka karta Istre \u2013 Zvuk male Toskane<\/p>\n\n\n\n<p>Udruga slijepih Istarske \u017eupanije u partnerstvu s Dru\u0161tvom turisti\u010dkih vodi\u010da Pule, provodila je projekte \u201eZvuk male Toskane\u201c i \u201eBoje inkluzivnog turizma\u201c u sklopu kojeg je nastala govorna turisti\u010dka karta Istre na hrvatskom i talijanskom jeziku za slijepe i slabovide\u0107e osobe. Karta koja je permanentnog karaktera obuhva\u0107a 134 turisti\u010dke to\u010dke s kulturno-povijesnim znamenitostima istarskog poluotoka, a dostupna je na telefonskoj liniji 060 890 898 gdje korisnik usluge pri uspostavi poziva komandama odabire jezik. Cijena usluge je 50 centi\/minuta.<\/p>\n","protected":false},"excerpt":{"rendered":"<p>Govorna turisti\u010dka karta Istre \u2013 Zvuk male Toskane Udruga slijepih Istarske \u017eupanije u partnerstvu s Dru\u0161tvom turisti\u010dkih vodi\u010da Pule, provodila&#8230;<\/p>\n","protected":false},"author":2,"featured_media":17686,"parent":9,"menu_order":0,"comment_status":"closed","ping_status":"closed","template":"","meta":{"_acf_changed":false,"footnotes":""},"classificator":[],"class_list":["post-29242","page","type-page","status-publish","has-post-thumbnail","hentry"],"acf":{"video":"","gallery":[null]},"yoast_head":"<!-- This site is optimized with the Yoast SEO plugin v27.3 - https:\/\/yoast.com\/product\/yoast-seo-wordpress\/ -->\n<title>Inkluzivni turizam - Medulin Riviera<\/title>\n<meta name=\"robots\" content=\"index, follow, max-snippet:-1, max-image-preview:large, max-video-preview:-1\" \/>\n<link rel=\"canonical\" href=\"https:\/\/www.medulinriviera.info\/hr\/home\/inkluzivni-turizam\/\" \/>\n<meta property=\"og:locale\" content=\"hr_HR\" \/>\n<meta property=\"og:type\" content=\"article\" \/>\n<meta property=\"og:title\" content=\"Inkluzivni turizam - Medulin Riviera\" \/>\n<meta property=\"og:description\" content=\"Govorna turisti\u010dka karta Istre \u2013 Zvuk male Toskane Udruga slijepih Istarske \u017eupanije u partnerstvu s Dru\u0161tvom turisti\u010dkih vodi\u010da Pule, provodila...\" \/>\n<meta property=\"og:url\" content=\"https:\/\/www.medulinriviera.info\/hr\/home\/inkluzivni-turizam\/\" \/>\n<meta property=\"og:site_name\" content=\"Medulin Riviera\" \/>\n<meta property=\"article:publisher\" content=\"https:\/\/www.facebook.com\/medulinriviera\/\" \/>\n<meta property=\"article:modified_time\" content=\"2023-09-12T13:24:37+00:00\" \/>\n<meta property=\"og:image\" content=\"https:\/\/www.medulinriviera.info\/wp-content\/uploads\/2021\/04\/TZOMWEB-KamenjakBrajlica2-Studio11-scaled.jpg\" \/>\n\t<meta property=\"og:image:width\" content=\"2560\" \/>\n\t<meta property=\"og:image:height\" content=\"1706\" \/>\n\t<meta property=\"og:image:type\" content=\"image\/jpeg\" \/>\n<meta name=\"twitter:card\" content=\"summary_large_image\" \/>\n<meta name=\"twitter:label1\" content=\"Procijenjeno vrijeme \u010ditanja\" \/>\n\t<meta name=\"twitter:data1\" content=\"1 minuta\" \/>\n<script type=\"application\/ld+json\" class=\"yoast-schema-graph\">{\"@context\":\"https:\\\/\\\/schema.org\",\"@graph\":[{\"@type\":\"WebPage\",\"@id\":\"https:\\\/\\\/www.medulinriviera.info\\\/hr\\\/home\\\/inkluzivni-turizam\\\/\",\"url\":\"https:\\\/\\\/www.medulinriviera.info\\\/hr\\\/home\\\/inkluzivni-turizam\\\/\",\"name\":\"Inkluzivni turizam - Medulin Riviera\",\"isPartOf\":{\"@id\":\"https:\\\/\\\/www.medulinriviera.info\\\/hr\\\/#website\"},\"primaryImageOfPage\":{\"@id\":\"https:\\\/\\\/www.medulinriviera.info\\\/hr\\\/home\\\/inkluzivni-turizam\\\/#primaryimage\"},\"image\":{\"@id\":\"https:\\\/\\\/www.medulinriviera.info\\\/hr\\\/home\\\/inkluzivni-turizam\\\/#primaryimage\"},\"thumbnailUrl\":\"https:\\\/\\\/www.medulinriviera.info\\\/wp-content\\\/uploads\\\/2021\\\/04\\\/TZOMWEB-KamenjakBrajlica2-Studio11-scaled.jpg\",\"datePublished\":\"2023-09-12T13:18:27+00:00\",\"dateModified\":\"2023-09-12T13:24:37+00:00\",\"breadcrumb\":{\"@id\":\"https:\\\/\\\/www.medulinriviera.info\\\/hr\\\/home\\\/inkluzivni-turizam\\\/#breadcrumb\"},\"inLanguage\":\"hr\",\"potentialAction\":[{\"@type\":\"ReadAction\",\"target\":[\"https:\\\/\\\/www.medulinriviera.info\\\/hr\\\/home\\\/inkluzivni-turizam\\\/\"]}]},{\"@type\":\"ImageObject\",\"inLanguage\":\"hr\",\"@id\":\"https:\\\/\\\/www.medulinriviera.info\\\/hr\\\/home\\\/inkluzivni-turizam\\\/#primaryimage\",\"url\":\"https:\\\/\\\/www.medulinriviera.info\\\/wp-content\\\/uploads\\\/2021\\\/04\\\/TZOMWEB-KamenjakBrajlica2-Studio11-scaled.jpg\",\"contentUrl\":\"https:\\\/\\\/www.medulinriviera.info\\\/wp-content\\\/uploads\\\/2021\\\/04\\\/TZOMWEB-KamenjakBrajlica2-Studio11-scaled.jpg\",\"width\":2560,\"height\":1706},{\"@type\":\"BreadcrumbList\",\"@id\":\"https:\\\/\\\/www.medulinriviera.info\\\/hr\\\/home\\\/inkluzivni-turizam\\\/#breadcrumb\",\"itemListElement\":[{\"@type\":\"ListItem\",\"position\":1,\"name\":\"Home\",\"item\":\"https:\\\/\\\/www.medulinriviera.info\\\/hr\\\/\"},{\"@type\":\"ListItem\",\"position\":2,\"name\":\"Home\",\"item\":\"https:\\\/\\\/www.medulinriviera.info\\\/hr\\\/\"},{\"@type\":\"ListItem\",\"position\":3,\"name\":\"Inkluzivni turizam\"}]},{\"@type\":\"WebSite\",\"@id\":\"https:\\\/\\\/www.medulinriviera.info\\\/hr\\\/#website\",\"url\":\"https:\\\/\\\/www.medulinriviera.info\\\/hr\\\/\",\"name\":\"Medulin Riviera\",\"description\":\"Plavi planet\",\"publisher\":{\"@id\":\"https:\\\/\\\/www.medulinriviera.info\\\/hr\\\/#organization\"},\"potentialAction\":[{\"@type\":\"SearchAction\",\"target\":{\"@type\":\"EntryPoint\",\"urlTemplate\":\"https:\\\/\\\/www.medulinriviera.info\\\/hr\\\/?s={search_term_string}\"},\"query-input\":{\"@type\":\"PropertyValueSpecification\",\"valueRequired\":true,\"valueName\":\"search_term_string\"}}],\"inLanguage\":\"hr\"},{\"@type\":\"Organization\",\"@id\":\"https:\\\/\\\/www.medulinriviera.info\\\/hr\\\/#organization\",\"name\":\"Medulin Riviera\",\"url\":\"https:\\\/\\\/www.medulinriviera.info\\\/hr\\\/\",\"logo\":{\"@type\":\"ImageObject\",\"inLanguage\":\"hr\",\"@id\":\"https:\\\/\\\/www.medulinriviera.info\\\/hr\\\/#\\\/schema\\\/logo\\\/image\\\/\",\"url\":\"https:\\\/\\\/www.medulinriviera.info\\\/wp-content\\\/uploads\\\/2020\\\/06\\\/logo-alt.png\",\"contentUrl\":\"https:\\\/\\\/www.medulinriviera.info\\\/wp-content\\\/uploads\\\/2020\\\/06\\\/logo-alt.png\",\"width\":264,\"height\":78,\"caption\":\"Medulin Riviera\"},\"image\":{\"@id\":\"https:\\\/\\\/www.medulinriviera.info\\\/hr\\\/#\\\/schema\\\/logo\\\/image\\\/\"},\"sameAs\":[\"https:\\\/\\\/www.facebook.com\\\/medulinriviera\\\/\",\"https:\\\/\\\/www.instagram.com\\\/medulinriviera\\\/\",\"https:\\\/\\\/www.youtube.com\\\/channel\\\/UCYdC8kYbK9OEmlmeZydpumQ\"]}]}<\/script>\n<!-- \/ Yoast SEO plugin. -->","yoast_head_json":{"title":"Inkluzivni turizam - Medulin Riviera","robots":{"index":"index","follow":"follow","max-snippet":"max-snippet:-1","max-image-preview":"max-image-preview:large","max-video-preview":"max-video-preview:-1"},"canonical":"https:\/\/www.medulinriviera.info\/hr\/home\/inkluzivni-turizam\/","og_locale":"hr_HR","og_type":"article","og_title":"Inkluzivni turizam - Medulin Riviera","og_description":"Govorna turisti\u010dka karta Istre \u2013 Zvuk male Toskane Udruga slijepih Istarske \u017eupanije u partnerstvu s Dru\u0161tvom turisti\u010dkih vodi\u010da Pule, provodila...","og_url":"https:\/\/www.medulinriviera.info\/hr\/home\/inkluzivni-turizam\/","og_site_name":"Medulin Riviera","article_publisher":"https:\/\/www.facebook.com\/medulinriviera\/","article_modified_time":"2023-09-12T13:24:37+00:00","og_image":[{"width":2560,"height":1706,"url":"https:\/\/www.medulinriviera.info\/wp-content\/uploads\/2021\/04\/TZOMWEB-KamenjakBrajlica2-Studio11-scaled.jpg","type":"image\/jpeg"}],"twitter_card":"summary_large_image","twitter_misc":{"Procijenjeno vrijeme \u010ditanja":"1 minuta"},"schema":{"@context":"https:\/\/schema.org","@graph":[{"@type":"WebPage","@id":"https:\/\/www.medulinriviera.info\/hr\/home\/inkluzivni-turizam\/","url":"https:\/\/www.medulinriviera.info\/hr\/home\/inkluzivni-turizam\/","name":"Inkluzivni turizam - Medulin Riviera","isPartOf":{"@id":"https:\/\/www.medulinriviera.info\/hr\/#website"},"primaryImageOfPage":{"@id":"https:\/\/www.medulinriviera.info\/hr\/home\/inkluzivni-turizam\/#primaryimage"},"image":{"@id":"https:\/\/www.medulinriviera.info\/hr\/home\/inkluzivni-turizam\/#primaryimage"},"thumbnailUrl":"https:\/\/www.medulinriviera.info\/wp-content\/uploads\/2021\/04\/TZOMWEB-KamenjakBrajlica2-Studio11-scaled.jpg","datePublished":"2023-09-12T13:18:27+00:00","dateModified":"2023-09-12T13:24:37+00:00","breadcrumb":{"@id":"https:\/\/www.medulinriviera.info\/hr\/home\/inkluzivni-turizam\/#breadcrumb"},"inLanguage":"hr","potentialAction":[{"@type":"ReadAction","target":["https:\/\/www.medulinriviera.info\/hr\/home\/inkluzivni-turizam\/"]}]},{"@type":"ImageObject","inLanguage":"hr","@id":"https:\/\/www.medulinriviera.info\/hr\/home\/inkluzivni-turizam\/#primaryimage","url":"https:\/\/www.medulinriviera.info\/wp-content\/uploads\/2021\/04\/TZOMWEB-KamenjakBrajlica2-Studio11-scaled.jpg","contentUrl":"https:\/\/www.medulinriviera.info\/wp-content\/uploads\/2021\/04\/TZOMWEB-KamenjakBrajlica2-Studio11-scaled.jpg","width":2560,"height":1706},{"@type":"BreadcrumbList","@id":"https:\/\/www.medulinriviera.info\/hr\/home\/inkluzivni-turizam\/#breadcrumb","itemListElement":[{"@type":"ListItem","position":1,"name":"Home","item":"https:\/\/www.medulinriviera.info\/hr\/"},{"@type":"ListItem","position":2,"name":"Home","item":"https:\/\/www.medulinriviera.info\/hr\/"},{"@type":"ListItem","position":3,"name":"Inkluzivni turizam"}]},{"@type":"WebSite","@id":"https:\/\/www.medulinriviera.info\/hr\/#website","url":"https:\/\/www.medulinriviera.info\/hr\/","name":"Medulin Riviera","description":"Plavi planet","publisher":{"@id":"https:\/\/www.medulinriviera.info\/hr\/#organization"},"potentialAction":[{"@type":"SearchAction","target":{"@type":"EntryPoint","urlTemplate":"https:\/\/www.medulinriviera.info\/hr\/?s={search_term_string}"},"query-input":{"@type":"PropertyValueSpecification","valueRequired":true,"valueName":"search_term_string"}}],"inLanguage":"hr"},{"@type":"Organization","@id":"https:\/\/www.medulinriviera.info\/hr\/#organization","name":"Medulin Riviera","url":"https:\/\/www.medulinriviera.info\/hr\/","logo":{"@type":"ImageObject","inLanguage":"hr","@id":"https:\/\/www.medulinriviera.info\/hr\/#\/schema\/logo\/image\/","url":"https:\/\/www.medulinriviera.info\/wp-content\/uploads\/2020\/06\/logo-alt.png","contentUrl":"https:\/\/www.medulinriviera.info\/wp-content\/uploads\/2020\/06\/logo-alt.png","width":264,"height":78,"caption":"Medulin Riviera"},"image":{"@id":"https:\/\/www.medulinriviera.info\/hr\/#\/schema\/logo\/image\/"},"sameAs":["https:\/\/www.facebook.com\/medulinriviera\/","https:\/\/www.instagram.com\/medulinriviera\/","https:\/\/www.youtube.com\/channel\/UCYdC8kYbK9OEmlmeZydpumQ"]}]}},"wpml_current_locale":"hr","wpml_translations":[{"locale":"en_US","id":29240,"post_title":"Accessible Tourism","href":"https:\/\/www.medulinriviera.info\/home\/accessible-tourism\/"},{"locale":"fr_FR","id":29244,"post_title":"Tourisme inclusif","href":"https:\/\/www.medulinriviera.info\/fr\/home\/tourisme-inclusif\/"},{"locale":"de_DE","id":29246,"post_title":"Barrierefreier Tourismus","href":"https:\/\/www.medulinriviera.info\/de\/home\/barrierefreier-tourismus\/"},{"locale":"it_IT","id":29248,"post_title":"Turismo inclusivo","href":"https:\/\/www.medulinriviera.info\/it\/home\/turismo-inclusivo\/"}],"_links":{"self":[{"href":"https:\/\/www.medulinriviera.info\/hr\/wp-json\/wp\/v2\/pages\/29242","targetHints":{"allow":["GET"]}}],"collection":[{"href":"https:\/\/www.medulinriviera.info\/hr\/wp-json\/wp\/v2\/pages"}],"about":[{"href":"https:\/\/www.medulinriviera.info\/hr\/wp-json\/wp\/v2\/types\/page"}],"author":[{"embeddable":true,"href":"https:\/\/www.medulinriviera.info\/hr\/wp-json\/wp\/v2\/users\/2"}],"replies":[{"embeddable":true,"href":"https:\/\/www.medulinriviera.info\/hr\/wp-json\/wp\/v2\/comments?post=29242"}],"version-history":[{"count":1,"href":"https:\/\/www.medulinriviera.info\/hr\/wp-json\/wp\/v2\/pages\/29242\/revisions"}],"predecessor-version":[{"id":29243,"href":"https:\/\/www.medulinriviera.info\/hr\/wp-json\/wp\/v2\/pages\/29242\/revisions\/29243"}],"up":[{"embeddable":true,"href":"https:\/\/www.medulinriviera.info\/hr\/wp-json\/wp\/v2\/pages\/9"}],"acf:attachment":[{"embeddable":true,"href":"https:\/\/www.medulinriviera.info\/hr\/wp-json\/wp\/v2\/media\/"}],"wp:featuredmedia":[{"embeddable":true,"href":"https:\/\/www.medulinriviera.info\/hr\/wp-json\/wp\/v2\/media\/17686"}],"wp:attachment":[{"href":"https:\/\/www.medulinriviera.info\/hr\/wp-json\/wp\/v2\/media?parent=29242"}],"wp:term":[{"taxonomy":"classificator","embeddable":true,"href":"https:\/\/www.medulinriviera.info\/hr\/wp-json\/wp\/v2\/classificator?post=29242"}],"curies":[{"name":"wp","href":"https:\/\/api.w.org\/{rel}","templated":true}]}}