{"id":27758,"date":"2023-03-02T10:03:50","date_gmt":"2023-03-02T09:03:50","guid":{"rendered":"https:\/\/www.medulinriviera.info\/?page_id=27758"},"modified":"2026-02-24T11:42:50","modified_gmt":"2026-02-24T10:42:50","slug":"tear-it-up","status":"publish","type":"page","link":"https:\/\/www.medulinriviera.info\/hr\/the-magic-of-music\/tear-it-up\/","title":{"rendered":"Tear it up!"},"content":{"rendered":"\n<h2 class=\"wp-block-heading has-text-align-center\">Rockabilly Festival<\/h2>\n\n\n\n<h2 class=\"wp-block-heading has-text-align-center\">Prvi rockabilly festival na hrvatskoj obali!<br>3. do 8. lipnja 2026.<\/h2>\n\n\n\n<p class=\"has-text-align-center\"><strong>Tear it up!!<\/strong> je prvi rockabilly festival na hrvatskoj obali te jedan od najdugovje\u010dnijih i najuspje\u0161nijih glazbenih doga\u0111aja u Medulinu koji svake godine privla\u010di posjetitelje iz cijelog svijeta.<\/p>\n\n\n\n<figure class=\"wp-block-image size-large\"><img loading=\"lazy\" decoding=\"async\" width=\"1600\" height=\"1067\" src=\"https:\/\/www.medulinriviera.info\/wp-content\/uploads\/2023\/03\/tiu306-1600x1067.jpg\" alt=\"\" class=\"wp-image-27696\" srcset=\"https:\/\/www.medulinriviera.info\/wp-content\/uploads\/2023\/03\/tiu306-1600x1067.jpg 1600w, https:\/\/www.medulinriviera.info\/wp-content\/uploads\/2023\/03\/tiu306-300x200.jpg 300w, https:\/\/www.medulinriviera.info\/wp-content\/uploads\/2023\/03\/tiu306-768x512.jpg 768w, https:\/\/www.medulinriviera.info\/wp-content\/uploads\/2023\/03\/tiu306-1536x1024.jpg 1536w, https:\/\/www.medulinriviera.info\/wp-content\/uploads\/2023\/03\/tiu306-2048x1365.jpg 2048w\" sizes=\"auto, (max-width: 1600px) 100vw, 1600px\" \/><\/figure>\n\n\n\n<p><\/p>\n\n\n\n<h2 class=\"wp-block-heading has-text-align-center\"><strong>Odr\u017eava se svakog ljeta u lipnju u Medulin<\/strong><\/h2>\n\n\n\n<div class=\"wp-block-cover is-light\"><span aria-hidden=\"true\" class=\"wp-block-cover__background has-background-dim\"><\/span><div class=\"wp-block-cover__inner-container is-layout-flow wp-block-cover-is-layout-flow\">\n<div class=\"wp-block-group\"><div class=\"wp-block-group__inner-container is-layout-constrained wp-block-group-is-layout-constrained\">\n<figure class=\"wp-block-gallery has-nested-images columns-default is-cropped wp-block-gallery-1 is-layout-flex wp-block-gallery-is-layout-flex\">\n<figure class=\"wp-block-image size-large\"><img loading=\"lazy\" decoding=\"async\" width=\"1600\" height=\"1067\" data-id=\"27618\" src=\"https:\/\/www.medulinriviera.info\/wp-content\/uploads\/2023\/03\/TIU_121-1600x1067.jpg\" alt=\"\" class=\"wp-image-27618\" srcset=\"https:\/\/www.medulinriviera.info\/wp-content\/uploads\/2023\/03\/TIU_121-1600x1067.jpg 1600w, https:\/\/www.medulinriviera.info\/wp-content\/uploads\/2023\/03\/TIU_121-300x200.jpg 300w, https:\/\/www.medulinriviera.info\/wp-content\/uploads\/2023\/03\/TIU_121-768x512.jpg 768w, https:\/\/www.medulinriviera.info\/wp-content\/uploads\/2023\/03\/TIU_121-1536x1024.jpg 1536w, https:\/\/www.medulinriviera.info\/wp-content\/uploads\/2023\/03\/TIU_121-2048x1365.jpg 2048w\" sizes=\"auto, (max-width: 1600px) 100vw, 1600px\" \/><\/figure>\n\n\n\n<figure class=\"wp-block-image size-large\"><img loading=\"lazy\" decoding=\"async\" width=\"1125\" height=\"750\" data-id=\"27606\" src=\"https:\/\/www.medulinriviera.info\/wp-content\/uploads\/2023\/03\/13411748_991501004237845_3564652498063645234_o.jpg\" alt=\"\" class=\"wp-image-27606\" srcset=\"https:\/\/www.medulinriviera.info\/wp-content\/uploads\/2023\/03\/13411748_991501004237845_3564652498063645234_o.jpg 1125w, https:\/\/www.medulinriviera.info\/wp-content\/uploads\/2023\/03\/13411748_991501004237845_3564652498063645234_o-300x200.jpg 300w, https:\/\/www.medulinriviera.info\/wp-content\/uploads\/2023\/03\/13411748_991501004237845_3564652498063645234_o-768x512.jpg 768w\" sizes=\"auto, (max-width: 1125px) 100vw, 1125px\" \/><\/figure>\n\n\n\n<figure class=\"wp-block-image size-large\"><img loading=\"lazy\" decoding=\"async\" width=\"1600\" height=\"1067\" data-id=\"27750\" src=\"https:\/\/www.medulinriviera.info\/wp-content\/uploads\/2023\/03\/TIU2017_469-1600x1067.jpg\" alt=\"\" class=\"wp-image-27750\" srcset=\"https:\/\/www.medulinriviera.info\/wp-content\/uploads\/2023\/03\/TIU2017_469-1600x1067.jpg 1600w, https:\/\/www.medulinriviera.info\/wp-content\/uploads\/2023\/03\/TIU2017_469-300x200.jpg 300w, https:\/\/www.medulinriviera.info\/wp-content\/uploads\/2023\/03\/TIU2017_469-768x512.jpg 768w, https:\/\/www.medulinriviera.info\/wp-content\/uploads\/2023\/03\/TIU2017_469-1536x1024.jpg 1536w, https:\/\/www.medulinriviera.info\/wp-content\/uploads\/2023\/03\/TIU2017_469-2048x1365.jpg 2048w\" sizes=\"auto, (max-width: 1600px) 100vw, 1600px\" \/><\/figure>\n\n\n\n<figure class=\"wp-block-image size-large\"><img loading=\"lazy\" decoding=\"async\" width=\"1600\" height=\"1067\" data-id=\"27636\" src=\"https:\/\/www.medulinriviera.info\/wp-content\/uploads\/2023\/03\/TIU_138-1600x1067.jpg\" alt=\"\" class=\"wp-image-27636\" srcset=\"https:\/\/www.medulinriviera.info\/wp-content\/uploads\/2023\/03\/TIU_138-1600x1067.jpg 1600w, https:\/\/www.medulinriviera.info\/wp-content\/uploads\/2023\/03\/TIU_138-300x200.jpg 300w, https:\/\/www.medulinriviera.info\/wp-content\/uploads\/2023\/03\/TIU_138-768x512.jpg 768w, https:\/\/www.medulinriviera.info\/wp-content\/uploads\/2023\/03\/TIU_138-1536x1024.jpg 1536w, https:\/\/www.medulinriviera.info\/wp-content\/uploads\/2023\/03\/TIU_138-2048x1365.jpg 2048w\" sizes=\"auto, (max-width: 1600px) 100vw, 1600px\" \/><\/figure>\n\n\n\n<figure class=\"wp-block-image size-large\"><img loading=\"lazy\" decoding=\"async\" width=\"1600\" height=\"1067\" data-id=\"27738\" src=\"https:\/\/www.medulinriviera.info\/wp-content\/uploads\/2023\/03\/TIU2017_309-1600x1067.jpg\" alt=\"\" class=\"wp-image-27738\" srcset=\"https:\/\/www.medulinriviera.info\/wp-content\/uploads\/2023\/03\/TIU2017_309-1600x1067.jpg 1600w, https:\/\/www.medulinriviera.info\/wp-content\/uploads\/2023\/03\/TIU2017_309-300x200.jpg 300w, https:\/\/www.medulinriviera.info\/wp-content\/uploads\/2023\/03\/TIU2017_309-768x512.jpg 768w, https:\/\/www.medulinriviera.info\/wp-content\/uploads\/2023\/03\/TIU2017_309-1536x1024.jpg 1536w, https:\/\/www.medulinriviera.info\/wp-content\/uploads\/2023\/03\/TIU2017_309-2048x1365.jpg 2048w\" sizes=\"auto, (max-width: 1600px) 100vw, 1600px\" \/><\/figure>\n<\/figure>\n<\/div><\/div>\n<\/div><\/div>\n\n\n\n<h2 class=\"wp-block-heading has-text-align-center\"><strong>TEAR IT UP!! FESTIVAL MEDULIN<\/strong><br>3. do 8. lipnja 2026<\/h2>\n\n\n\n<p class=\"has-text-align-center\">Tear it up! Festival se vratio u svom 16. izdanju! <br><br>Ove godine, ponovno vam donosimo nevjerojatne sastave koji uklju\u010duje Big Sandy &amp; Fly Rite Boys (SAD), Stargazers (UK), Marcel Riesco (SAD), te vi\u0161e fantasti\u010dnih bendova i DJ-a! Kao i uvijek, ne propustite sajam klasi\u010dnih ameri\u010dkih oldtimer automobila, koji se svake ve\u010deri tijekom festivala odr\u017eava u blizini Malina. Rezervirajte ove datume u svom kalendaru &#8211; bit \u0107e sjajno!<\/p>\n\n\n\n<p class=\"has-text-align-center\">Dobrodo\u0161li!<\/p>\n\n\n\n<p class=\"has-text-align-center\">Rezervacije i vi\u0161e informacija: <a href=\"https:\/\/www.tearitupfestival.com\/\" target=\"_blank\" rel=\"noreferrer noopener\">Tear it up! Festival Medulin 2026 <\/a><\/p>\n\n\n\n<p class=\"has-text-align-center\"><\/p>\n\n\n\n<p><\/p>\n\n\n\n<h2 class=\"wp-block-heading has-text-align-center\"><\/h2>\n\n\n\n<p><\/p>\n\n\n\n<p class=\"has-text-align-center\"><\/p>\n\n\n\n<p class=\"has-text-align-center\"><\/p>\n","protected":false},"excerpt":{"rendered":"<p>Rockabilly Festival Prvi rockabilly festival na hrvatskoj obali!3. do 8. lipnja 2026. Tear it up!! je prvi rockabilly festival na&#8230;<\/p>\n","protected":false},"author":2,"featured_media":27732,"parent":10333,"menu_order":5,"comment_status":"closed","ping_status":"closed","template":"","meta":{"_acf_changed":false,"footnotes":""},"classificator":[],"class_list":["post-27758","page","type-page","status-publish","has-post-thumbnail","hentry"],"acf":{"video":"","gallery":""},"yoast_head":"<!-- This site is optimized with the Yoast SEO plugin v27.6 - https:\/\/yoast.com\/product\/yoast-seo-wordpress\/ -->\n<title>Tear it up! - Medulin Riviera<\/title>\n<meta name=\"robots\" content=\"index, follow, max-snippet:-1, max-image-preview:large, max-video-preview:-1\" \/>\n<link rel=\"canonical\" href=\"https:\/\/www.medulinriviera.info\/hr\/the-magic-of-music\/tear-it-up\/\" \/>\n<meta property=\"og:locale\" content=\"hr_HR\" \/>\n<meta property=\"og:type\" content=\"article\" \/>\n<meta property=\"og:title\" content=\"Tear it up! - Medulin Riviera\" \/>\n<meta property=\"og:description\" content=\"Rockabilly Festival Prvi rockabilly festival na hrvatskoj obali!3. do 8. lipnja 2026. Tear it up!! je prvi rockabilly festival na...\" \/>\n<meta property=\"og:url\" content=\"https:\/\/www.medulinriviera.info\/hr\/the-magic-of-music\/tear-it-up\/\" \/>\n<meta property=\"og:site_name\" content=\"Medulin Riviera\" \/>\n<meta property=\"article:publisher\" content=\"https:\/\/www.facebook.com\/medulinriviera\/\" \/>\n<meta property=\"article:modified_time\" content=\"2026-02-24T10:42:50+00:00\" \/>\n<meta property=\"og:image\" content=\"https:\/\/www.medulinriviera.info\/wp-content\/uploads\/2023\/03\/TIU2017_134-scaled.jpg\" \/>\n\t<meta property=\"og:image:width\" content=\"2560\" \/>\n\t<meta property=\"og:image:height\" content=\"1707\" \/>\n\t<meta property=\"og:image:type\" content=\"image\/jpeg\" \/>\n<meta name=\"twitter:card\" content=\"summary_large_image\" \/>\n<meta name=\"twitter:label1\" content=\"Procijenjeno vrijeme \u010ditanja\" \/>\n\t<meta name=\"twitter:data1\" content=\"3 minute\" \/>\n<script type=\"application\/ld+json\" class=\"yoast-schema-graph\">{\"@context\":\"https:\\\/\\\/schema.org\",\"@graph\":[{\"@type\":\"WebPage\",\"@id\":\"https:\\\/\\\/www.medulinriviera.info\\\/hr\\\/the-magic-of-music\\\/tear-it-up\\\/\",\"url\":\"https:\\\/\\\/www.medulinriviera.info\\\/hr\\\/the-magic-of-music\\\/tear-it-up\\\/\",\"name\":\"Tear it up! - Medulin Riviera\",\"isPartOf\":{\"@id\":\"https:\\\/\\\/www.medulinriviera.info\\\/hr\\\/#website\"},\"primaryImageOfPage\":{\"@id\":\"https:\\\/\\\/www.medulinriviera.info\\\/hr\\\/the-magic-of-music\\\/tear-it-up\\\/#primaryimage\"},\"image\":{\"@id\":\"https:\\\/\\\/www.medulinriviera.info\\\/hr\\\/the-magic-of-music\\\/tear-it-up\\\/#primaryimage\"},\"thumbnailUrl\":\"https:\\\/\\\/www.medulinriviera.info\\\/wp-content\\\/uploads\\\/2023\\\/03\\\/TIU2017_134-scaled.jpg\",\"datePublished\":\"2023-03-02T09:03:50+00:00\",\"dateModified\":\"2026-02-24T10:42:50+00:00\",\"breadcrumb\":{\"@id\":\"https:\\\/\\\/www.medulinriviera.info\\\/hr\\\/the-magic-of-music\\\/tear-it-up\\\/#breadcrumb\"},\"inLanguage\":\"hr\",\"potentialAction\":[{\"@type\":\"ReadAction\",\"target\":[\"https:\\\/\\\/www.medulinriviera.info\\\/hr\\\/the-magic-of-music\\\/tear-it-up\\\/\"]}]},{\"@type\":\"ImageObject\",\"inLanguage\":\"hr\",\"@id\":\"https:\\\/\\\/www.medulinriviera.info\\\/hr\\\/the-magic-of-music\\\/tear-it-up\\\/#primaryimage\",\"url\":\"https:\\\/\\\/www.medulinriviera.info\\\/wp-content\\\/uploads\\\/2023\\\/03\\\/TIU2017_134-scaled.jpg\",\"contentUrl\":\"https:\\\/\\\/www.medulinriviera.info\\\/wp-content\\\/uploads\\\/2023\\\/03\\\/TIU2017_134-scaled.jpg\",\"width\":2560,\"height\":1707},{\"@type\":\"BreadcrumbList\",\"@id\":\"https:\\\/\\\/www.medulinriviera.info\\\/hr\\\/the-magic-of-music\\\/tear-it-up\\\/#breadcrumb\",\"itemListElement\":[{\"@type\":\"ListItem\",\"position\":1,\"name\":\"Home\",\"item\":\"https:\\\/\\\/www.medulinriviera.info\\\/hr\\\/\"},{\"@type\":\"ListItem\",\"position\":2,\"name\":\"The Magic of Music\",\"item\":\"https:\\\/\\\/www.medulinriviera.info\\\/hr\\\/the-magic-of-music\\\/\"},{\"@type\":\"ListItem\",\"position\":3,\"name\":\"Tear it up!\"}]},{\"@type\":\"WebSite\",\"@id\":\"https:\\\/\\\/www.medulinriviera.info\\\/hr\\\/#website\",\"url\":\"https:\\\/\\\/www.medulinriviera.info\\\/hr\\\/\",\"name\":\"Medulin Riviera\",\"description\":\"Plavi planet\",\"publisher\":{\"@id\":\"https:\\\/\\\/www.medulinriviera.info\\\/hr\\\/#organization\"},\"potentialAction\":[{\"@type\":\"SearchAction\",\"target\":{\"@type\":\"EntryPoint\",\"urlTemplate\":\"https:\\\/\\\/www.medulinriviera.info\\\/hr\\\/?s={search_term_string}\"},\"query-input\":{\"@type\":\"PropertyValueSpecification\",\"valueRequired\":true,\"valueName\":\"search_term_string\"}}],\"inLanguage\":\"hr\"},{\"@type\":\"Organization\",\"@id\":\"https:\\\/\\\/www.medulinriviera.info\\\/hr\\\/#organization\",\"name\":\"Medulin Riviera\",\"url\":\"https:\\\/\\\/www.medulinriviera.info\\\/hr\\\/\",\"logo\":{\"@type\":\"ImageObject\",\"inLanguage\":\"hr\",\"@id\":\"https:\\\/\\\/www.medulinriviera.info\\\/hr\\\/#\\\/schema\\\/logo\\\/image\\\/\",\"url\":\"https:\\\/\\\/www.medulinriviera.info\\\/wp-content\\\/uploads\\\/2020\\\/06\\\/logo-alt.png\",\"contentUrl\":\"https:\\\/\\\/www.medulinriviera.info\\\/wp-content\\\/uploads\\\/2020\\\/06\\\/logo-alt.png\",\"width\":264,\"height\":78,\"caption\":\"Medulin Riviera\"},\"image\":{\"@id\":\"https:\\\/\\\/www.medulinriviera.info\\\/hr\\\/#\\\/schema\\\/logo\\\/image\\\/\"},\"sameAs\":[\"https:\\\/\\\/www.facebook.com\\\/medulinriviera\\\/\",\"https:\\\/\\\/www.instagram.com\\\/medulinriviera\\\/\",\"https:\\\/\\\/www.youtube.com\\\/channel\\\/UCYdC8kYbK9OEmlmeZydpumQ\"]}]}<\/script>\n<!-- \/ Yoast SEO plugin. -->","yoast_head_json":{"title":"Tear it up! - Medulin Riviera","robots":{"index":"index","follow":"follow","max-snippet":"max-snippet:-1","max-image-preview":"max-image-preview:large","max-video-preview":"max-video-preview:-1"},"canonical":"https:\/\/www.medulinriviera.info\/hr\/the-magic-of-music\/tear-it-up\/","og_locale":"hr_HR","og_type":"article","og_title":"Tear it up! - Medulin Riviera","og_description":"Rockabilly Festival Prvi rockabilly festival na hrvatskoj obali!3. do 8. lipnja 2026. Tear it up!! je prvi rockabilly festival na...","og_url":"https:\/\/www.medulinriviera.info\/hr\/the-magic-of-music\/tear-it-up\/","og_site_name":"Medulin Riviera","article_publisher":"https:\/\/www.facebook.com\/medulinriviera\/","article_modified_time":"2026-02-24T10:42:50+00:00","og_image":[{"width":2560,"height":1707,"url":"https:\/\/www.medulinriviera.info\/wp-content\/uploads\/2023\/03\/TIU2017_134-scaled.jpg","type":"image\/jpeg"}],"twitter_card":"summary_large_image","twitter_misc":{"Procijenjeno vrijeme \u010ditanja":"3 minute"},"schema":{"@context":"https:\/\/schema.org","@graph":[{"@type":"WebPage","@id":"https:\/\/www.medulinriviera.info\/hr\/the-magic-of-music\/tear-it-up\/","url":"https:\/\/www.medulinriviera.info\/hr\/the-magic-of-music\/tear-it-up\/","name":"Tear it up! - Medulin Riviera","isPartOf":{"@id":"https:\/\/www.medulinriviera.info\/hr\/#website"},"primaryImageOfPage":{"@id":"https:\/\/www.medulinriviera.info\/hr\/the-magic-of-music\/tear-it-up\/#primaryimage"},"image":{"@id":"https:\/\/www.medulinriviera.info\/hr\/the-magic-of-music\/tear-it-up\/#primaryimage"},"thumbnailUrl":"https:\/\/www.medulinriviera.info\/wp-content\/uploads\/2023\/03\/TIU2017_134-scaled.jpg","datePublished":"2023-03-02T09:03:50+00:00","dateModified":"2026-02-24T10:42:50+00:00","breadcrumb":{"@id":"https:\/\/www.medulinriviera.info\/hr\/the-magic-of-music\/tear-it-up\/#breadcrumb"},"inLanguage":"hr","potentialAction":[{"@type":"ReadAction","target":["https:\/\/www.medulinriviera.info\/hr\/the-magic-of-music\/tear-it-up\/"]}]},{"@type":"ImageObject","inLanguage":"hr","@id":"https:\/\/www.medulinriviera.info\/hr\/the-magic-of-music\/tear-it-up\/#primaryimage","url":"https:\/\/www.medulinriviera.info\/wp-content\/uploads\/2023\/03\/TIU2017_134-scaled.jpg","contentUrl":"https:\/\/www.medulinriviera.info\/wp-content\/uploads\/2023\/03\/TIU2017_134-scaled.jpg","width":2560,"height":1707},{"@type":"BreadcrumbList","@id":"https:\/\/www.medulinriviera.info\/hr\/the-magic-of-music\/tear-it-up\/#breadcrumb","itemListElement":[{"@type":"ListItem","position":1,"name":"Home","item":"https:\/\/www.medulinriviera.info\/hr\/"},{"@type":"ListItem","position":2,"name":"The Magic of Music","item":"https:\/\/www.medulinriviera.info\/hr\/the-magic-of-music\/"},{"@type":"ListItem","position":3,"name":"Tear it up!"}]},{"@type":"WebSite","@id":"https:\/\/www.medulinriviera.info\/hr\/#website","url":"https:\/\/www.medulinriviera.info\/hr\/","name":"Medulin Riviera","description":"Plavi planet","publisher":{"@id":"https:\/\/www.medulinriviera.info\/hr\/#organization"},"potentialAction":[{"@type":"SearchAction","target":{"@type":"EntryPoint","urlTemplate":"https:\/\/www.medulinriviera.info\/hr\/?s={search_term_string}"},"query-input":{"@type":"PropertyValueSpecification","valueRequired":true,"valueName":"search_term_string"}}],"inLanguage":"hr"},{"@type":"Organization","@id":"https:\/\/www.medulinriviera.info\/hr\/#organization","name":"Medulin Riviera","url":"https:\/\/www.medulinriviera.info\/hr\/","logo":{"@type":"ImageObject","inLanguage":"hr","@id":"https:\/\/www.medulinriviera.info\/hr\/#\/schema\/logo\/image\/","url":"https:\/\/www.medulinriviera.info\/wp-content\/uploads\/2020\/06\/logo-alt.png","contentUrl":"https:\/\/www.medulinriviera.info\/wp-content\/uploads\/2020\/06\/logo-alt.png","width":264,"height":78,"caption":"Medulin Riviera"},"image":{"@id":"https:\/\/www.medulinriviera.info\/hr\/#\/schema\/logo\/image\/"},"sameAs":["https:\/\/www.facebook.com\/medulinriviera\/","https:\/\/www.instagram.com\/medulinriviera\/","https:\/\/www.youtube.com\/channel\/UCYdC8kYbK9OEmlmeZydpumQ"]}]}},"wpml_current_locale":"hr","wpml_translations":[{"locale":"en_US","id":27755,"post_title":"Tear it up!!","href":"https:\/\/www.medulinriviera.info\/the-magic-of-music\/tear-it-up\/"},{"locale":"fr_FR","id":27757,"post_title":"Tear it up!","href":"https:\/\/www.medulinriviera.info\/fr\/the-magic-of-music\/tear-it-up\/"},{"locale":"de_DE","id":27756,"post_title":"Tear it up!","href":"https:\/\/www.medulinriviera.info\/de\/the-magic-of-music\/tear-it-up\/"},{"locale":"it_IT","id":27759,"post_title":"Tear it up!","href":"https:\/\/www.medulinriviera.info\/it\/the-magic-of-music\/tear-it-up\/"}],"_links":{"self":[{"href":"https:\/\/www.medulinriviera.info\/hr\/wp-json\/wp\/v2\/pages\/27758","targetHints":{"allow":["GET"]}}],"collection":[{"href":"https:\/\/www.medulinriviera.info\/hr\/wp-json\/wp\/v2\/pages"}],"about":[{"href":"https:\/\/www.medulinriviera.info\/hr\/wp-json\/wp\/v2\/types\/page"}],"author":[{"embeddable":true,"href":"https:\/\/www.medulinriviera.info\/hr\/wp-json\/wp\/v2\/users\/2"}],"replies":[{"embeddable":true,"href":"https:\/\/www.medulinriviera.info\/hr\/wp-json\/wp\/v2\/comments?post=27758"}],"version-history":[{"count":8,"href":"https:\/\/www.medulinriviera.info\/hr\/wp-json\/wp\/v2\/pages\/27758\/revisions"}],"predecessor-version":[{"id":37814,"href":"https:\/\/www.medulinriviera.info\/hr\/wp-json\/wp\/v2\/pages\/27758\/revisions\/37814"}],"up":[{"embeddable":true,"href":"https:\/\/www.medulinriviera.info\/hr\/wp-json\/wp\/v2\/pages\/10333"}],"wp:featuredmedia":[{"embeddable":true,"href":"https:\/\/www.medulinriviera.info\/hr\/wp-json\/wp\/v2\/media\/27732"}],"wp:attachment":[{"href":"https:\/\/www.medulinriviera.info\/hr\/wp-json\/wp\/v2\/media?parent=27758"}],"wp:term":[{"taxonomy":"classificator","embeddable":true,"href":"https:\/\/www.medulinriviera.info\/hr\/wp-json\/wp\/v2\/classificator?post=27758"}],"curies":[{"name":"wp","href":"https:\/\/api.w.org\/{rel}","templated":true}]}}