{"id":24268,"date":"2022-05-25T13:27:27","date_gmt":"2022-05-25T11:27:27","guid":{"rendered":"https:\/\/www.medulinriviera.info\/hookcook-festival-medulin-2022\/"},"modified":"2022-08-08T15:41:48","modified_gmt":"2022-08-08T13:41:48","slug":"hookcook-festival-medulin-2022","status":"publish","type":"page","link":"https:\/\/www.medulinriviera.info\/hr\/hookcook-festival-medulin-2022\/","title":{"rendered":"Hook&#038;Cook Festival Medulin 2022"},"content":{"rendered":"\n<h2 class=\"has-text-align-center wp-block-heading\"><strong>Seafood gastro event<\/strong><br>12. &amp; 13. kolovoz<br> <strong>19-01 h<\/strong> <\/h2>\n\n\n\n<h2 class=\"has-text-align-center wp-block-heading\">Medulin, riva &#8211; ribarski mulo <\/h2>\n\n\n\n<h2 class=\"has-text-align-center wp-block-heading\">Jedinstveni gastro doga\u0111aj!<\/h2>\n\n\n\n<p><\/p>\n\n\n\n<p class=\"has-text-align-center\">Hook and Cook festival slavi ljubav prema moru i okuplja ribare, kuhare i muzi\u010dare kao bi pribli\u017eili morske specijalitete \u0161iroj publici.<\/p>\n\n\n\n<figure class=\"wp-block-image size-large\"><img loading=\"lazy\" decoding=\"async\" width=\"1600\" height=\"1067\" src=\"https:\/\/www.medulinriviera.info\/wp-content\/uploads\/2022\/07\/TZOM-HookCookPortret2-2022-MedVid-1600x1067.jpg\" alt=\"\" class=\"wp-image-25705\" srcset=\"https:\/\/www.medulinriviera.info\/wp-content\/uploads\/2022\/07\/TZOM-HookCookPortret2-2022-MedVid-1600x1067.jpg 1600w, https:\/\/www.medulinriviera.info\/wp-content\/uploads\/2022\/07\/TZOM-HookCookPortret2-2022-MedVid-300x200.jpg 300w, https:\/\/www.medulinriviera.info\/wp-content\/uploads\/2022\/07\/TZOM-HookCookPortret2-2022-MedVid-768x512.jpg 768w, https:\/\/www.medulinriviera.info\/wp-content\/uploads\/2022\/07\/TZOM-HookCookPortret2-2022-MedVid-1536x1024.jpg 1536w, https:\/\/www.medulinriviera.info\/wp-content\/uploads\/2022\/07\/TZOM-HookCookPortret2-2022-MedVid-2048x1365.jpg 2048w\" sizes=\"auto, (max-width: 1600px) 100vw, 1600px\" \/><\/figure>\n\n\n\n<p class=\"has-text-align-center\"><strong>Moderno i inovativno<\/strong><\/p>\n\n\n\n<p class=\"has-text-align-center\">Pribli\u017eili smo mla\u0111im generacijama tradicionalnu ribarsku fe\u0161tu na urban i kreativan na\u010din.<\/p>\n\n\n\n<p class=\"has-text-align-center\">Ugodne vibracije uz odli\u010dnu morsku hranu i opu\u0161tenu zabavu idealan su prostor za provesti<\/p>\n\n\n\n<p class=\"has-text-align-center\">tople ljetne dane.<\/p>\n\n\n\n<p class=\"has-text-align-center\"><\/p>\n\n\n\n<figure class=\"wp-block-image size-large\"><img loading=\"lazy\" decoding=\"async\" width=\"1600\" height=\"1067\" src=\"https:\/\/www.medulinriviera.info\/wp-content\/uploads\/2022\/07\/TZOM-HookCookHrana1-2022-MedVid-1600x1067.jpg\" alt=\"\" class=\"wp-image-25502\" srcset=\"https:\/\/www.medulinriviera.info\/wp-content\/uploads\/2022\/07\/TZOM-HookCookHrana1-2022-MedVid-1600x1067.jpg 1600w, https:\/\/www.medulinriviera.info\/wp-content\/uploads\/2022\/07\/TZOM-HookCookHrana1-2022-MedVid-300x200.jpg 300w, https:\/\/www.medulinriviera.info\/wp-content\/uploads\/2022\/07\/TZOM-HookCookHrana1-2022-MedVid-768x512.jpg 768w, https:\/\/www.medulinriviera.info\/wp-content\/uploads\/2022\/07\/TZOM-HookCookHrana1-2022-MedVid-1536x1024.jpg 1536w, https:\/\/www.medulinriviera.info\/wp-content\/uploads\/2022\/07\/TZOM-HookCookHrana1-2022-MedVid-2048x1365.jpg 2048w\" sizes=\"auto, (max-width: 1600px) 100vw, 1600px\" \/><\/figure>\n\n\n\n<p class=\"has-text-align-center\"><strong>Poznati gosti<\/strong><\/p>\n\n\n\n<p class=\"has-text-align-center\">Vrhunski kuhari na brodovima pripremaju svoja prepoznatljiva morska jela od lokalnog ulova na\u0161ih ribara.<\/p>\n\n\n\n<p class=\"has-text-align-center\"><strong>David Skoko feat Hrvoje Hrvatin<\/strong><\/p>\n\n\n\n<p class=\"has-text-align-center\">Hrvatski chefovi koji su popularnost stekli u brojnim <strong>gastro emisijama <\/strong>okusit \u0107e se u pripremanju morskog sreetfooda na na\u0161em festivalu.<\/p>\n\n\n\n<figure class=\"wp-block-image size-large\"><img loading=\"lazy\" decoding=\"async\" width=\"1600\" height=\"1068\" src=\"https:\/\/www.medulinriviera.info\/wp-content\/uploads\/2022\/07\/DavidSkoko-Portret-1600x1068.jpg\" alt=\"\" class=\"wp-image-25767\" srcset=\"https:\/\/www.medulinriviera.info\/wp-content\/uploads\/2022\/07\/DavidSkoko-Portret-1600x1068.jpg 1600w, https:\/\/www.medulinriviera.info\/wp-content\/uploads\/2022\/07\/DavidSkoko-Portret-300x200.jpg 300w, https:\/\/www.medulinriviera.info\/wp-content\/uploads\/2022\/07\/DavidSkoko-Portret-768x512.jpg 768w, https:\/\/www.medulinriviera.info\/wp-content\/uploads\/2022\/07\/DavidSkoko-Portret-1536x1025.jpg 1536w, https:\/\/www.medulinriviera.info\/wp-content\/uploads\/2022\/07\/DavidSkoko-Portret-2048x1366.jpg 2048w\" sizes=\"auto, (max-width: 1600px) 100vw, 1600px\" \/><figcaption>David Skoko<\/figcaption><\/figure>\n\n\n\n<p class=\"has-text-align-center\"><\/p>\n\n\n\n<p class=\"has-text-align-center\"><strong>Glazba:<\/strong><br><strong> After Dinner feat Soul Print<\/strong><\/p>\n\n\n\n<p class=\"has-text-align-center\">Atomosfera i zabava uz opu\u0161tene ljetne vibracije nakon dobrog obroka.<\/p>\n\n\n\n<p class=\"has-text-align-center\"><\/p>\n\n\n\n<figure class=\"wp-block-image size-large\"><img loading=\"lazy\" decoding=\"async\" width=\"1600\" height=\"1067\" src=\"https:\/\/www.medulinriviera.info\/wp-content\/uploads\/2022\/07\/TZOM-HookCookDJ2022-MedVid-1600x1067.jpg\" alt=\"\" class=\"wp-image-25496\" srcset=\"https:\/\/www.medulinriviera.info\/wp-content\/uploads\/2022\/07\/TZOM-HookCookDJ2022-MedVid-1600x1067.jpg 1600w, https:\/\/www.medulinriviera.info\/wp-content\/uploads\/2022\/07\/TZOM-HookCookDJ2022-MedVid-300x200.jpg 300w, https:\/\/www.medulinriviera.info\/wp-content\/uploads\/2022\/07\/TZOM-HookCookDJ2022-MedVid-768x512.jpg 768w, https:\/\/www.medulinriviera.info\/wp-content\/uploads\/2022\/07\/TZOM-HookCookDJ2022-MedVid-1536x1024.jpg 1536w, https:\/\/www.medulinriviera.info\/wp-content\/uploads\/2022\/07\/TZOM-HookCookDJ2022-MedVid-2048x1365.jpg 2048w\" sizes=\"auto, (max-width: 1600px) 100vw, 1600px\" \/><\/figure>\n\n\n\n<p class=\"has-text-align-center\">Gdje?<\/p>\n\n\n\n<p class=\"has-text-align-center\">? Ribarski mulo  u Medulinu&nbsp;<\/p>\n\n\n\n<p class=\"has-text-align-center\">Kada?<\/p>\n\n\n\n<p class=\"has-text-align-center\">\u231a 12. i 13. kolovoza 2022. od 19:00 do 01:00 sati.<\/p>\n\n\n\n<p class=\"has-text-align-center\">Vidimo se! ?\ufe0f<\/p>\n\n\n\n<p class=\"has-text-align-center\"><\/p>\n\n\n\n<figure class=\"wp-block-video\"><video height=\"1080\" style=\"aspect-ratio: 1920 \/ 1080;\" width=\"1920\" controls src=\"https:\/\/www.medulinriviera.info\/wp-content\/uploads\/2022\/07\/8.-PromoVideo-HookCook-Lipanj.mp4\"><\/video><\/figure>\n\n\n\n<p class=\"has-text-align-center\"><\/p>\n\n\n\n<p class=\"has-text-align-center\"><\/p>\n\n\n\n<p><\/p>\n","protected":false},"excerpt":{"rendered":"<p>Seafood gastro event12. &amp; 13. kolovoz 19-01 h Medulin, riva &#8211; ribarski mulo Jedinstveni gastro doga\u0111aj! Hook and Cook festival&#8230;<\/p>\n","protected":false},"author":2,"featured_media":25753,"parent":0,"menu_order":0,"comment_status":"closed","ping_status":"closed","template":"","meta":{"_acf_changed":false,"footnotes":""},"classificator":[],"class_list":["post-24268","page","type-page","status-publish","has-post-thumbnail","hentry"],"acf":{"video":"","gallery":null},"yoast_head":"<!-- This site is optimized with the Yoast SEO plugin v27.3 - https:\/\/yoast.com\/product\/yoast-seo-wordpress\/ -->\n<title>Hook&amp;Cook Festival Medulin 2022 - Medulin Riviera<\/title>\n<meta name=\"robots\" content=\"index, follow, max-snippet:-1, max-image-preview:large, max-video-preview:-1\" \/>\n<link rel=\"canonical\" href=\"https:\/\/www.medulinriviera.info\/hr\/hookcook-festival-medulin-2022\/\" \/>\n<meta property=\"og:locale\" content=\"hr_HR\" \/>\n<meta property=\"og:type\" content=\"article\" \/>\n<meta property=\"og:title\" content=\"Hook&amp;Cook Festival Medulin 2022 - Medulin Riviera\" \/>\n<meta property=\"og:description\" content=\"Seafood gastro event12. &amp; 13. kolovoz 19-01 h Medulin, riva &#8211; ribarski mulo Jedinstveni gastro doga\u0111aj! Hook and Cook festival...\" \/>\n<meta property=\"og:url\" content=\"https:\/\/www.medulinriviera.info\/hr\/hookcook-festival-medulin-2022\/\" \/>\n<meta property=\"og:site_name\" content=\"Medulin Riviera\" \/>\n<meta property=\"article:publisher\" content=\"https:\/\/www.facebook.com\/medulinriviera\/\" \/>\n<meta property=\"article:modified_time\" content=\"2022-08-08T13:41:48+00:00\" \/>\n<meta property=\"og:image\" content=\"https:\/\/www.medulinriviera.info\/wp-content\/uploads\/2022\/07\/TZOM-HookCookUgodajSuton3-2022-MedVid-1-scaled.jpg\" \/>\n\t<meta property=\"og:image:width\" content=\"2560\" \/>\n\t<meta property=\"og:image:height\" content=\"1707\" \/>\n\t<meta property=\"og:image:type\" content=\"image\/jpeg\" \/>\n<meta name=\"twitter:card\" content=\"summary_large_image\" \/>\n<meta name=\"twitter:label1\" content=\"Procijenjeno vrijeme \u010ditanja\" \/>\n\t<meta name=\"twitter:data1\" content=\"2 minute\" \/>\n<script type=\"application\/ld+json\" class=\"yoast-schema-graph\">{\"@context\":\"https:\\\/\\\/schema.org\",\"@graph\":[{\"@type\":\"WebPage\",\"@id\":\"https:\\\/\\\/www.medulinriviera.info\\\/hr\\\/hookcook-festival-medulin-2022\\\/\",\"url\":\"https:\\\/\\\/www.medulinriviera.info\\\/hr\\\/hookcook-festival-medulin-2022\\\/\",\"name\":\"Hook&Cook Festival Medulin 2022 - Medulin Riviera\",\"isPartOf\":{\"@id\":\"https:\\\/\\\/www.medulinriviera.info\\\/hr\\\/#website\"},\"primaryImageOfPage\":{\"@id\":\"https:\\\/\\\/www.medulinriviera.info\\\/hr\\\/hookcook-festival-medulin-2022\\\/#primaryimage\"},\"image\":{\"@id\":\"https:\\\/\\\/www.medulinriviera.info\\\/hr\\\/hookcook-festival-medulin-2022\\\/#primaryimage\"},\"thumbnailUrl\":\"https:\\\/\\\/www.medulinriviera.info\\\/wp-content\\\/uploads\\\/2022\\\/07\\\/TZOM-HookCookUgodajSuton3-2022-MedVid-1-scaled.jpg\",\"datePublished\":\"2022-05-25T11:27:27+00:00\",\"dateModified\":\"2022-08-08T13:41:48+00:00\",\"breadcrumb\":{\"@id\":\"https:\\\/\\\/www.medulinriviera.info\\\/hr\\\/hookcook-festival-medulin-2022\\\/#breadcrumb\"},\"inLanguage\":\"hr\",\"potentialAction\":[{\"@type\":\"ReadAction\",\"target\":[\"https:\\\/\\\/www.medulinriviera.info\\\/hr\\\/hookcook-festival-medulin-2022\\\/\"]}]},{\"@type\":\"ImageObject\",\"inLanguage\":\"hr\",\"@id\":\"https:\\\/\\\/www.medulinriviera.info\\\/hr\\\/hookcook-festival-medulin-2022\\\/#primaryimage\",\"url\":\"https:\\\/\\\/www.medulinriviera.info\\\/wp-content\\\/uploads\\\/2022\\\/07\\\/TZOM-HookCookUgodajSuton3-2022-MedVid-1-scaled.jpg\",\"contentUrl\":\"https:\\\/\\\/www.medulinriviera.info\\\/wp-content\\\/uploads\\\/2022\\\/07\\\/TZOM-HookCookUgodajSuton3-2022-MedVid-1-scaled.jpg\",\"width\":2560,\"height\":1707},{\"@type\":\"BreadcrumbList\",\"@id\":\"https:\\\/\\\/www.medulinriviera.info\\\/hr\\\/hookcook-festival-medulin-2022\\\/#breadcrumb\",\"itemListElement\":[{\"@type\":\"ListItem\",\"position\":1,\"name\":\"Home\",\"item\":\"https:\\\/\\\/www.medulinriviera.info\\\/hr\\\/\"},{\"@type\":\"ListItem\",\"position\":2,\"name\":\"Hook&#038;Cook Festival Medulin 2022\"}]},{\"@type\":\"WebSite\",\"@id\":\"https:\\\/\\\/www.medulinriviera.info\\\/hr\\\/#website\",\"url\":\"https:\\\/\\\/www.medulinriviera.info\\\/hr\\\/\",\"name\":\"Medulin Riviera\",\"description\":\"Plavi planet\",\"publisher\":{\"@id\":\"https:\\\/\\\/www.medulinriviera.info\\\/hr\\\/#organization\"},\"potentialAction\":[{\"@type\":\"SearchAction\",\"target\":{\"@type\":\"EntryPoint\",\"urlTemplate\":\"https:\\\/\\\/www.medulinriviera.info\\\/hr\\\/?s={search_term_string}\"},\"query-input\":{\"@type\":\"PropertyValueSpecification\",\"valueRequired\":true,\"valueName\":\"search_term_string\"}}],\"inLanguage\":\"hr\"},{\"@type\":\"Organization\",\"@id\":\"https:\\\/\\\/www.medulinriviera.info\\\/hr\\\/#organization\",\"name\":\"Medulin Riviera\",\"url\":\"https:\\\/\\\/www.medulinriviera.info\\\/hr\\\/\",\"logo\":{\"@type\":\"ImageObject\",\"inLanguage\":\"hr\",\"@id\":\"https:\\\/\\\/www.medulinriviera.info\\\/hr\\\/#\\\/schema\\\/logo\\\/image\\\/\",\"url\":\"https:\\\/\\\/www.medulinriviera.info\\\/wp-content\\\/uploads\\\/2020\\\/06\\\/logo-alt.png\",\"contentUrl\":\"https:\\\/\\\/www.medulinriviera.info\\\/wp-content\\\/uploads\\\/2020\\\/06\\\/logo-alt.png\",\"width\":264,\"height\":78,\"caption\":\"Medulin Riviera\"},\"image\":{\"@id\":\"https:\\\/\\\/www.medulinriviera.info\\\/hr\\\/#\\\/schema\\\/logo\\\/image\\\/\"},\"sameAs\":[\"https:\\\/\\\/www.facebook.com\\\/medulinriviera\\\/\",\"https:\\\/\\\/www.instagram.com\\\/medulinriviera\\\/\",\"https:\\\/\\\/www.youtube.com\\\/channel\\\/UCYdC8kYbK9OEmlmeZydpumQ\"]}]}<\/script>\n<!-- \/ Yoast SEO plugin. -->","yoast_head_json":{"title":"Hook&Cook Festival Medulin 2022 - Medulin Riviera","robots":{"index":"index","follow":"follow","max-snippet":"max-snippet:-1","max-image-preview":"max-image-preview:large","max-video-preview":"max-video-preview:-1"},"canonical":"https:\/\/www.medulinriviera.info\/hr\/hookcook-festival-medulin-2022\/","og_locale":"hr_HR","og_type":"article","og_title":"Hook&Cook Festival Medulin 2022 - Medulin Riviera","og_description":"Seafood gastro event12. &amp; 13. kolovoz 19-01 h Medulin, riva &#8211; ribarski mulo Jedinstveni gastro doga\u0111aj! Hook and Cook festival...","og_url":"https:\/\/www.medulinriviera.info\/hr\/hookcook-festival-medulin-2022\/","og_site_name":"Medulin Riviera","article_publisher":"https:\/\/www.facebook.com\/medulinriviera\/","article_modified_time":"2022-08-08T13:41:48+00:00","og_image":[{"width":2560,"height":1707,"url":"https:\/\/www.medulinriviera.info\/wp-content\/uploads\/2022\/07\/TZOM-HookCookUgodajSuton3-2022-MedVid-1-scaled.jpg","type":"image\/jpeg"}],"twitter_card":"summary_large_image","twitter_misc":{"Procijenjeno vrijeme \u010ditanja":"2 minute"},"schema":{"@context":"https:\/\/schema.org","@graph":[{"@type":"WebPage","@id":"https:\/\/www.medulinriviera.info\/hr\/hookcook-festival-medulin-2022\/","url":"https:\/\/www.medulinriviera.info\/hr\/hookcook-festival-medulin-2022\/","name":"Hook&Cook Festival Medulin 2022 - Medulin Riviera","isPartOf":{"@id":"https:\/\/www.medulinriviera.info\/hr\/#website"},"primaryImageOfPage":{"@id":"https:\/\/www.medulinriviera.info\/hr\/hookcook-festival-medulin-2022\/#primaryimage"},"image":{"@id":"https:\/\/www.medulinriviera.info\/hr\/hookcook-festival-medulin-2022\/#primaryimage"},"thumbnailUrl":"https:\/\/www.medulinriviera.info\/wp-content\/uploads\/2022\/07\/TZOM-HookCookUgodajSuton3-2022-MedVid-1-scaled.jpg","datePublished":"2022-05-25T11:27:27+00:00","dateModified":"2022-08-08T13:41:48+00:00","breadcrumb":{"@id":"https:\/\/www.medulinriviera.info\/hr\/hookcook-festival-medulin-2022\/#breadcrumb"},"inLanguage":"hr","potentialAction":[{"@type":"ReadAction","target":["https:\/\/www.medulinriviera.info\/hr\/hookcook-festival-medulin-2022\/"]}]},{"@type":"ImageObject","inLanguage":"hr","@id":"https:\/\/www.medulinriviera.info\/hr\/hookcook-festival-medulin-2022\/#primaryimage","url":"https:\/\/www.medulinriviera.info\/wp-content\/uploads\/2022\/07\/TZOM-HookCookUgodajSuton3-2022-MedVid-1-scaled.jpg","contentUrl":"https:\/\/www.medulinriviera.info\/wp-content\/uploads\/2022\/07\/TZOM-HookCookUgodajSuton3-2022-MedVid-1-scaled.jpg","width":2560,"height":1707},{"@type":"BreadcrumbList","@id":"https:\/\/www.medulinriviera.info\/hr\/hookcook-festival-medulin-2022\/#breadcrumb","itemListElement":[{"@type":"ListItem","position":1,"name":"Home","item":"https:\/\/www.medulinriviera.info\/hr\/"},{"@type":"ListItem","position":2,"name":"Hook&#038;Cook Festival Medulin 2022"}]},{"@type":"WebSite","@id":"https:\/\/www.medulinriviera.info\/hr\/#website","url":"https:\/\/www.medulinriviera.info\/hr\/","name":"Medulin Riviera","description":"Plavi planet","publisher":{"@id":"https:\/\/www.medulinriviera.info\/hr\/#organization"},"potentialAction":[{"@type":"SearchAction","target":{"@type":"EntryPoint","urlTemplate":"https:\/\/www.medulinriviera.info\/hr\/?s={search_term_string}"},"query-input":{"@type":"PropertyValueSpecification","valueRequired":true,"valueName":"search_term_string"}}],"inLanguage":"hr"},{"@type":"Organization","@id":"https:\/\/www.medulinriviera.info\/hr\/#organization","name":"Medulin Riviera","url":"https:\/\/www.medulinriviera.info\/hr\/","logo":{"@type":"ImageObject","inLanguage":"hr","@id":"https:\/\/www.medulinriviera.info\/hr\/#\/schema\/logo\/image\/","url":"https:\/\/www.medulinriviera.info\/wp-content\/uploads\/2020\/06\/logo-alt.png","contentUrl":"https:\/\/www.medulinriviera.info\/wp-content\/uploads\/2020\/06\/logo-alt.png","width":264,"height":78,"caption":"Medulin Riviera"},"image":{"@id":"https:\/\/www.medulinriviera.info\/hr\/#\/schema\/logo\/image\/"},"sameAs":["https:\/\/www.facebook.com\/medulinriviera\/","https:\/\/www.instagram.com\/medulinriviera\/","https:\/\/www.youtube.com\/channel\/UCYdC8kYbK9OEmlmeZydpumQ"]}]}},"wpml_current_locale":"hr","wpml_translations":[{"locale":"en_US","id":24220,"post_title":"Hook&Cook Festival Medulin 2022","href":"https:\/\/www.medulinriviera.info\/hookcook-festival-medulin-2022\/"},{"locale":"fr_FR","id":24269,"post_title":"Hook&Cook Festival Medulin 2022","href":"https:\/\/www.medulinriviera.info\/fr\/hookcook-festival-medulin-2022\/"},{"locale":"de_DE","id":24270,"post_title":"Hook&Cook Festival Medulin 2022","href":"https:\/\/www.medulinriviera.info\/de\/hookcook-festival-medulin-2022\/"},{"locale":"it_IT","id":24271,"post_title":"Hook&Cook Festival Medulin 2022","href":"https:\/\/www.medulinriviera.info\/it\/hookcook-festival-medulin-2022\/"}],"_links":{"self":[{"href":"https:\/\/www.medulinriviera.info\/hr\/wp-json\/wp\/v2\/pages\/24268","targetHints":{"allow":["GET"]}}],"collection":[{"href":"https:\/\/www.medulinriviera.info\/hr\/wp-json\/wp\/v2\/pages"}],"about":[{"href":"https:\/\/www.medulinriviera.info\/hr\/wp-json\/wp\/v2\/types\/page"}],"author":[{"embeddable":true,"href":"https:\/\/www.medulinriviera.info\/hr\/wp-json\/wp\/v2\/users\/2"}],"replies":[{"embeddable":true,"href":"https:\/\/www.medulinriviera.info\/hr\/wp-json\/wp\/v2\/comments?post=24268"}],"version-history":[{"count":0,"href":"https:\/\/www.medulinriviera.info\/hr\/wp-json\/wp\/v2\/pages\/24268\/revisions"}],"wp:featuredmedia":[{"embeddable":true,"href":"https:\/\/www.medulinriviera.info\/hr\/wp-json\/wp\/v2\/media\/25753"}],"wp:attachment":[{"href":"https:\/\/www.medulinriviera.info\/hr\/wp-json\/wp\/v2\/media?parent=24268"}],"wp:term":[{"taxonomy":"classificator","embeddable":true,"href":"https:\/\/www.medulinriviera.info\/hr\/wp-json\/wp\/v2\/classificator?post=24268"}],"curies":[{"name":"wp","href":"https:\/\/api.w.org\/{rel}","templated":true}]}}