{"id":23149,"date":"2022-04-06T15:40:51","date_gmt":"2022-04-06T13:40:51","guid":{"rendered":"https:\/\/www.medulinriviera.info\/?page_id=23149"},"modified":"2026-04-28T15:55:52","modified_gmt":"2026-04-28T13:55:52","slug":"21-otvoreni-turnir-zns-a-medulin-2022","status":"publish","type":"page","link":"https:\/\/www.medulinriviera.info\/hr\/21-otvoreni-turnir-zns-a-medulin-2022\/","title":{"rendered":"PRVOMAJSKI KORNER U MEDULINU \u2013 nogomet, ro\u0161tilj i vrhunska zabava!"},"content":{"rendered":"\n<h2 class=\"wp-block-heading has-text-align-center\">25. Me\u0111unarodni nogometni turnir Medulin 2025<\/h2>\n\n\n\n<h2 class=\"wp-block-heading has-text-align-center\"><strong>(U-13, U-12, U-11, U-10, U-9, U-8)<\/strong><\/h2>\n\n\n\n<p class=\"has-text-align-center\"><strong>Raspored utakmica i rezultate &#8211; potra\u017ei na @sofascore_hrvatska!<\/strong><\/p>\n\n\n\n<p class=\"has-text-align-center\"><strong><a href=\"https:\/\/youtube.com\/playlist?list=PLeXCCd-ubcrJFW-iBDsROXs7bgDJg2L9G&amp;si=NMKBRK_XWkcj2UAs\">Live Streaming<\/a><\/strong><\/p>\n\n\n\n<h2 class=\"wp-block-heading has-text-align-center\">30.04. \u2013 03.05.2026.<\/h2>\n\n\n\n<figure class=\"wp-block-image size-large\"><img loading=\"lazy\" decoding=\"async\" width=\"857\" height=\"1200\" src=\"https:\/\/www.medulinriviera.info\/wp-content\/uploads\/2026\/04\/Prvomajski-korner-2026-857x1200.jpeg\" alt=\"\" class=\"wp-image-38107\" srcset=\"https:\/\/www.medulinriviera.info\/wp-content\/uploads\/2026\/04\/Prvomajski-korner-2026-857x1200.jpeg 857w, https:\/\/www.medulinriviera.info\/wp-content\/uploads\/2026\/04\/Prvomajski-korner-2026-214x300.jpeg 214w, https:\/\/www.medulinriviera.info\/wp-content\/uploads\/2026\/04\/Prvomajski-korner-2026-768x1076.jpeg 768w, https:\/\/www.medulinriviera.info\/wp-content\/uploads\/2026\/04\/Prvomajski-korner-2026.jpeg 914w\" sizes=\"auto, (max-width: 857px) 100vw, 857px\" \/><\/figure>\n\n\n\n<p class=\"has-text-align-center\">Medulin, nogometni tereni Sportskog centra Arena<\/p>\n\n\n\n<p class=\"has-text-align-center\">Tra\u017eite ideju gdje provesti produ\u017eeni vikend? \ud83d\udc49 Imamo savr\u0161en plan za vas!<\/p>\n\n\n\n<p>Od <strong>1. do 3. svibnja<\/strong> vidimo se na nogometnim terenima Sportskog centra Arena Medulin (ispred kampa Ka\u017eela), gdje vas \u010deka tri dana sporta, dobre hrane i odli\u010dne atmosfere za cijelu ekipu \u2013 od najmla\u0111ih do onih koji samo \u017eele u\u017eivati uz ro\u0161tilj i glazbu \ud83d\ude0e<\/p>\n\n\n\n<p>\u26bd <strong>\u0160to vas o\u010dekuje?<\/strong><\/p>\n\n\n\n<ul class=\"wp-block-list\">\n<li>uzbudljiv nogometni turnir s \u010dak <strong>2.000 mladih igra\u010da<\/strong> iz 5 europskih zemalja<\/li>\n\n\n\n<li>nastupi klubova poput Dinama, Hajduka, Istre, Slaven Belupa i drugih<\/li>\n\n\n\n<li><strong>besplatni napuhanci i animacija za djecu<\/strong> \ud83c\udf88<\/li>\n\n\n\n<li>bogata ponuda <strong>ro\u0161tilja i pi\u0107a<\/strong> \ud83c\udf54\ud83c\udf7b<\/li>\n\n\n\n<li>cjelodnevna zabava na otvorenom<\/li>\n<\/ul>\n\n\n\n<p>\ud83c\udfa7 <strong>Za dobru vibru zadu\u017eeni su DJ-i:<\/strong><\/p>\n\n\n\n<ul class=\"wp-block-list\">\n<li>petak: DJ Ke\u0111o<\/li>\n\n\n\n<li>subota: DJ Sose<\/li>\n\n\n\n<li>nedjelja: finale, navijanje i progla\u0161enje pobjednika \ud83c\udfc6<\/li>\n<\/ul>\n\n\n\n<p>\u23f0 Program traje svaki dan od <strong>10:00 pa sve do ve\u010deri<\/strong>, a vrhunac nas \u010deka u nedjelju uz finalne utakmice i progla\u0161enje najboljih!<\/p>\n\n\n\n<p>\ud83d\udc49 Prvomajski korner ujedno otvara mjesec pun nogometnih turnira u Medulinu \u2013 zabava se nastavlja svaki vikend u svibnju!<\/p>\n\n\n\n<p>\ud83d\udc9b Okupite ekipu, povedite klince, do\u0111ite navijati i u\u017eivati \u2013 vidimo se u Medulinu!<\/p>\n\n\n\n<figure class=\"wp-block-gallery has-nested-images columns-default is-cropped wp-block-gallery-1 is-layout-flex wp-block-gallery-is-layout-flex\">\n<figure class=\"wp-block-image size-large\"><img loading=\"lazy\" decoding=\"async\" width=\"675\" height=\"1200\" data-id=\"34327\" src=\"https:\/\/www.medulinriviera.info\/wp-content\/uploads\/2024\/10\/TZ-OM-85-675x1200.jpg\" alt=\"\" class=\"wp-image-34327\" srcset=\"https:\/\/www.medulinriviera.info\/wp-content\/uploads\/2024\/10\/TZ-OM-85-675x1200.jpg 675w, https:\/\/www.medulinriviera.info\/wp-content\/uploads\/2024\/10\/TZ-OM-85-169x300.jpg 169w, https:\/\/www.medulinriviera.info\/wp-content\/uploads\/2024\/10\/TZ-OM-85-768x1365.jpg 768w, https:\/\/www.medulinriviera.info\/wp-content\/uploads\/2024\/10\/TZ-OM-85-864x1536.jpg 864w, https:\/\/www.medulinriviera.info\/wp-content\/uploads\/2024\/10\/TZ-OM-85.jpg 1125w\" sizes=\"auto, (max-width: 675px) 100vw, 675px\" \/><\/figure>\n\n\n\n<figure class=\"wp-block-image size-large\"><img loading=\"lazy\" decoding=\"async\" width=\"1600\" height=\"900\" data-id=\"34333\" src=\"https:\/\/www.medulinriviera.info\/wp-content\/uploads\/2024\/10\/TZ-OM-86-1600x900.jpg\" alt=\"\" class=\"wp-image-34333\" srcset=\"https:\/\/www.medulinriviera.info\/wp-content\/uploads\/2024\/10\/TZ-OM-86-1600x900.jpg 1600w, https:\/\/www.medulinriviera.info\/wp-content\/uploads\/2024\/10\/TZ-OM-86-300x169.jpg 300w, https:\/\/www.medulinriviera.info\/wp-content\/uploads\/2024\/10\/TZ-OM-86-768x432.jpg 768w, https:\/\/www.medulinriviera.info\/wp-content\/uploads\/2024\/10\/TZ-OM-86-1536x864.jpg 1536w, https:\/\/www.medulinriviera.info\/wp-content\/uploads\/2024\/10\/TZ-OM-86.jpg 2000w\" sizes=\"auto, (max-width: 1600px) 100vw, 1600px\" \/><\/figure>\n\n\n\n<figure class=\"wp-block-image size-large\"><img loading=\"lazy\" decoding=\"async\" width=\"1282\" height=\"854\" data-id=\"23074\" src=\"https:\/\/www.medulinriviera.info\/wp-content\/uploads\/2022\/04\/Picture-264.jpg\" alt=\"\" class=\"wp-image-23074\" srcset=\"https:\/\/www.medulinriviera.info\/wp-content\/uploads\/2022\/04\/Picture-264.jpg 1282w, https:\/\/www.medulinriviera.info\/wp-content\/uploads\/2022\/04\/Picture-264-300x200.jpg 300w, https:\/\/www.medulinriviera.info\/wp-content\/uploads\/2022\/04\/Picture-264-768x512.jpg 768w\" sizes=\"auto, (max-width: 1282px) 100vw, 1282px\" \/><\/figure>\n\n\n\n<figure class=\"wp-block-image size-large\"><img loading=\"lazy\" decoding=\"async\" width=\"1168\" height=\"697\" data-id=\"23143\" src=\"https:\/\/www.medulinriviera.info\/wp-content\/uploads\/2022\/04\/Slika-2-1-ZNS.jpg\" alt=\"\" class=\"wp-image-23143\" srcset=\"https:\/\/www.medulinriviera.info\/wp-content\/uploads\/2022\/04\/Slika-2-1-ZNS.jpg 1168w, https:\/\/www.medulinriviera.info\/wp-content\/uploads\/2022\/04\/Slika-2-1-ZNS-300x179.jpg 300w, https:\/\/www.medulinriviera.info\/wp-content\/uploads\/2022\/04\/Slika-2-1-ZNS-768x458.jpg 768w\" sizes=\"auto, (max-width: 1168px) 100vw, 1168px\" \/><\/figure>\n\n\n\n<figure class=\"wp-block-image size-large\"><img loading=\"lazy\" decoding=\"async\" width=\"1282\" height=\"854\" data-id=\"23111\" src=\"https:\/\/www.medulinriviera.info\/wp-content\/uploads\/2022\/04\/Picture-313.jpg\" alt=\"\" class=\"wp-image-23111\" srcset=\"https:\/\/www.medulinriviera.info\/wp-content\/uploads\/2022\/04\/Picture-313.jpg 1282w, https:\/\/www.medulinriviera.info\/wp-content\/uploads\/2022\/04\/Picture-313-300x200.jpg 300w, https:\/\/www.medulinriviera.info\/wp-content\/uploads\/2022\/04\/Picture-313-768x512.jpg 768w\" sizes=\"auto, (max-width: 1282px) 100vw, 1282px\" \/><\/figure>\n\n\n\n<figure class=\"wp-block-image size-large\"><img loading=\"lazy\" decoding=\"async\" width=\"1282\" height=\"854\" data-id=\"23104\" src=\"https:\/\/www.medulinriviera.info\/wp-content\/uploads\/2022\/04\/Picture-279-1.jpg\" alt=\"\" class=\"wp-image-23104\" srcset=\"https:\/\/www.medulinriviera.info\/wp-content\/uploads\/2022\/04\/Picture-279-1.jpg 1282w, https:\/\/www.medulinriviera.info\/wp-content\/uploads\/2022\/04\/Picture-279-1-300x200.jpg 300w, https:\/\/www.medulinriviera.info\/wp-content\/uploads\/2022\/04\/Picture-279-1-768x512.jpg 768w\" sizes=\"auto, (max-width: 1282px) 100vw, 1282px\" \/><\/figure>\n\n\n\n<figure class=\"wp-block-image size-large\"><img loading=\"lazy\" decoding=\"async\" width=\"1282\" height=\"854\" data-id=\"23092\" src=\"https:\/\/www.medulinriviera.info\/wp-content\/uploads\/2022\/04\/Picture-277.jpg\" alt=\"\" class=\"wp-image-23092\" srcset=\"https:\/\/www.medulinriviera.info\/wp-content\/uploads\/2022\/04\/Picture-277.jpg 1282w, https:\/\/www.medulinriviera.info\/wp-content\/uploads\/2022\/04\/Picture-277-300x200.jpg 300w, https:\/\/www.medulinriviera.info\/wp-content\/uploads\/2022\/04\/Picture-277-768x512.jpg 768w\" sizes=\"auto, (max-width: 1282px) 100vw, 1282px\" \/><\/figure>\n\n\n\n<figure class=\"wp-block-image size-large\"><img loading=\"lazy\" decoding=\"async\" width=\"1282\" height=\"854\" data-id=\"23137\" src=\"https:\/\/www.medulinriviera.info\/wp-content\/uploads\/2022\/04\/Slika-3-ZNS.jpg\" alt=\"\" class=\"wp-image-23137\" srcset=\"https:\/\/www.medulinriviera.info\/wp-content\/uploads\/2022\/04\/Slika-3-ZNS.jpg 1282w, https:\/\/www.medulinriviera.info\/wp-content\/uploads\/2022\/04\/Slika-3-ZNS-300x200.jpg 300w, https:\/\/www.medulinriviera.info\/wp-content\/uploads\/2022\/04\/Slika-3-ZNS-768x512.jpg 768w\" sizes=\"auto, (max-width: 1282px) 100vw, 1282px\" \/><\/figure>\n\n\n\n<figure class=\"wp-block-image size-large\"><img loading=\"lazy\" decoding=\"async\" width=\"1282\" height=\"854\" data-id=\"23080\" src=\"https:\/\/www.medulinriviera.info\/wp-content\/uploads\/2022\/04\/Picture-269.jpg\" alt=\"\" class=\"wp-image-23080\" srcset=\"https:\/\/www.medulinriviera.info\/wp-content\/uploads\/2022\/04\/Picture-269.jpg 1282w, https:\/\/www.medulinriviera.info\/wp-content\/uploads\/2022\/04\/Picture-269-300x200.jpg 300w, https:\/\/www.medulinriviera.info\/wp-content\/uploads\/2022\/04\/Picture-269-768x512.jpg 768w\" sizes=\"auto, (max-width: 1282px) 100vw, 1282px\" \/><\/figure>\n\n\n\n<figure class=\"wp-block-image size-large\"><img loading=\"lazy\" decoding=\"async\" width=\"1600\" height=\"900\" data-id=\"34339\" src=\"https:\/\/www.medulinriviera.info\/wp-content\/uploads\/2024\/10\/TZ-OM-87-1600x900.jpg\" alt=\"\" class=\"wp-image-34339\" srcset=\"https:\/\/www.medulinriviera.info\/wp-content\/uploads\/2024\/10\/TZ-OM-87-1600x900.jpg 1600w, https:\/\/www.medulinriviera.info\/wp-content\/uploads\/2024\/10\/TZ-OM-87-300x169.jpg 300w, https:\/\/www.medulinriviera.info\/wp-content\/uploads\/2024\/10\/TZ-OM-87-768x432.jpg 768w, https:\/\/www.medulinriviera.info\/wp-content\/uploads\/2024\/10\/TZ-OM-87-1536x864.jpg 1536w, https:\/\/www.medulinriviera.info\/wp-content\/uploads\/2024\/10\/TZ-OM-87.jpg 2000w\" sizes=\"auto, (max-width: 1600px) 100vw, 1600px\" \/><\/figure>\n\n\n\n<figure class=\"wp-block-image size-large\"><img loading=\"lazy\" decoding=\"async\" width=\"1282\" height=\"854\" data-id=\"23121\" src=\"https:\/\/www.medulinriviera.info\/wp-content\/uploads\/2022\/04\/Slika-1-ZNS.jpg\" alt=\"\" class=\"wp-image-23121\" srcset=\"https:\/\/www.medulinriviera.info\/wp-content\/uploads\/2022\/04\/Slika-1-ZNS.jpg 1282w, https:\/\/www.medulinriviera.info\/wp-content\/uploads\/2022\/04\/Slika-1-ZNS-300x200.jpg 300w, https:\/\/www.medulinriviera.info\/wp-content\/uploads\/2022\/04\/Slika-1-ZNS-768x512.jpg 768w\" sizes=\"auto, (max-width: 1282px) 100vw, 1282px\" \/><\/figure>\n<\/figure>\n\n\n\n<p><\/p>\n\n\n\n<p class=\"has-text-align-center\">Ovaj turnir je prvi put organiziran 2000. godine, kada je bilo samo 480 sudionika. 10 godina kasnije, 2010. godine, na turniru sudjeluje 101 mom\u010dad i 2.131 sudionik. Ove godine na turniru sudjeluju 172 nogometne ekipe raspore\u0111ene u 6 uzrasnih kategorija &#8211; &nbsp;U13, U12, U11, U10, U9 i U8<\/p>\n\n\n\n<p class=\"has-text-align-center\">Kvalitetni smje\u0161tajni i sportski sadr\u017eaji te stru\u010dan organizacijski tim u\u010dinili su ovaj turnir jednim od najzanimljivijih u Hrvatskoj za kategoriju mladih nogometa\u0161a.<\/p>\n\n\n\n<p class=\"has-text-align-center\">Organizatori turnira su Turisti\u010dka agencija GAT, AHG d.d., Op\u0107ina Medulin, Turisti\u010dka zajednica op\u0107ine Medulin, Hrvatski nogometni savez, Zagreba\u010dki nogometni savez te Hrvatski olimpijski odbor, uz medijsko pokroviteljstvo Medulin FM-a.<\/p>\n\n\n\n<p><\/p>\n","protected":false},"excerpt":{"rendered":"<p>25. Me\u0111unarodni nogometni turnir Medulin 2025 (U-13, U-12, U-11, U-10, U-9, U-8) Raspored utakmica i rezultate &#8211; potra\u017ei na @sofascore_hrvatska!&#8230;<\/p>\n","protected":false},"author":2,"featured_media":35398,"parent":0,"menu_order":0,"comment_status":"closed","ping_status":"closed","template":"","meta":{"_acf_changed":false,"footnotes":""},"classificator":[],"class_list":["post-23149","page","type-page","status-publish","has-post-thumbnail","hentry"],"acf":{"video":"","gallery":""},"yoast_head":"<!-- This site is optimized with the Yoast SEO plugin v27.5 - https:\/\/yoast.com\/product\/yoast-seo-wordpress\/ -->\n<title>PRVOMAJSKI KORNER U MEDULINU \u2013 nogomet, ro\u0161tilj i vrhunska zabava! - Medulin Riviera<\/title>\n<meta name=\"robots\" content=\"index, follow, max-snippet:-1, max-image-preview:large, max-video-preview:-1\" \/>\n<link rel=\"canonical\" href=\"https:\/\/www.medulinriviera.info\/hr\/21-otvoreni-turnir-zns-a-medulin-2022\/\" \/>\n<meta property=\"og:locale\" content=\"hr_HR\" \/>\n<meta property=\"og:type\" content=\"article\" \/>\n<meta property=\"og:title\" content=\"PRVOMAJSKI KORNER U MEDULINU \u2013 nogomet, ro\u0161tilj i vrhunska zabava! - Medulin Riviera\" \/>\n<meta property=\"og:description\" content=\"25. Me\u0111unarodni nogometni turnir Medulin 2025 (U-13, U-12, U-11, U-10, U-9, U-8) Raspored utakmica i rezultate &#8211; potra\u017ei na @sofascore_hrvatska!...\" \/>\n<meta property=\"og:url\" content=\"https:\/\/www.medulinriviera.info\/hr\/21-otvoreni-turnir-zns-a-medulin-2022\/\" \/>\n<meta property=\"og:site_name\" content=\"Medulin Riviera\" \/>\n<meta property=\"article:publisher\" content=\"https:\/\/www.facebook.com\/medulinriviera\/\" \/>\n<meta property=\"article:modified_time\" content=\"2026-04-28T13:55:52+00:00\" \/>\n<meta property=\"og:image\" content=\"https:\/\/www.medulinriviera.info\/wp-content\/uploads\/2025\/04\/TZOM-Nogomet2-DarkoPrivrat.jpg\" \/>\n\t<meta property=\"og:image:width\" content=\"2000\" \/>\n\t<meta property=\"og:image:height\" content=\"1125\" \/>\n\t<meta property=\"og:image:type\" content=\"image\/jpeg\" \/>\n<meta name=\"twitter:card\" content=\"summary_large_image\" \/>\n<meta name=\"twitter:label1\" content=\"Procijenjeno vrijeme \u010ditanja\" \/>\n\t<meta name=\"twitter:data1\" content=\"5 minuta\" \/>\n<script type=\"application\/ld+json\" class=\"yoast-schema-graph\">{\"@context\":\"https:\\\/\\\/schema.org\",\"@graph\":[{\"@type\":\"WebPage\",\"@id\":\"https:\\\/\\\/www.medulinriviera.info\\\/hr\\\/21-otvoreni-turnir-zns-a-medulin-2022\\\/\",\"url\":\"https:\\\/\\\/www.medulinriviera.info\\\/hr\\\/21-otvoreni-turnir-zns-a-medulin-2022\\\/\",\"name\":\"PRVOMAJSKI KORNER U MEDULINU \u2013 nogomet, ro\u0161tilj i vrhunska zabava! - Medulin Riviera\",\"isPartOf\":{\"@id\":\"https:\\\/\\\/www.medulinriviera.info\\\/hr\\\/#website\"},\"primaryImageOfPage\":{\"@id\":\"https:\\\/\\\/www.medulinriviera.info\\\/hr\\\/21-otvoreni-turnir-zns-a-medulin-2022\\\/#primaryimage\"},\"image\":{\"@id\":\"https:\\\/\\\/www.medulinriviera.info\\\/hr\\\/21-otvoreni-turnir-zns-a-medulin-2022\\\/#primaryimage\"},\"thumbnailUrl\":\"https:\\\/\\\/www.medulinriviera.info\\\/wp-content\\\/uploads\\\/2025\\\/04\\\/TZOM-Nogomet2-DarkoPrivrat.jpg\",\"datePublished\":\"2022-04-06T13:40:51+00:00\",\"dateModified\":\"2026-04-28T13:55:52+00:00\",\"breadcrumb\":{\"@id\":\"https:\\\/\\\/www.medulinriviera.info\\\/hr\\\/21-otvoreni-turnir-zns-a-medulin-2022\\\/#breadcrumb\"},\"inLanguage\":\"hr\",\"potentialAction\":[{\"@type\":\"ReadAction\",\"target\":[\"https:\\\/\\\/www.medulinriviera.info\\\/hr\\\/21-otvoreni-turnir-zns-a-medulin-2022\\\/\"]}]},{\"@type\":\"ImageObject\",\"inLanguage\":\"hr\",\"@id\":\"https:\\\/\\\/www.medulinriviera.info\\\/hr\\\/21-otvoreni-turnir-zns-a-medulin-2022\\\/#primaryimage\",\"url\":\"https:\\\/\\\/www.medulinriviera.info\\\/wp-content\\\/uploads\\\/2025\\\/04\\\/TZOM-Nogomet2-DarkoPrivrat.jpg\",\"contentUrl\":\"https:\\\/\\\/www.medulinriviera.info\\\/wp-content\\\/uploads\\\/2025\\\/04\\\/TZOM-Nogomet2-DarkoPrivrat.jpg\",\"width\":2000,\"height\":1125},{\"@type\":\"BreadcrumbList\",\"@id\":\"https:\\\/\\\/www.medulinriviera.info\\\/hr\\\/21-otvoreni-turnir-zns-a-medulin-2022\\\/#breadcrumb\",\"itemListElement\":[{\"@type\":\"ListItem\",\"position\":1,\"name\":\"Home\",\"item\":\"https:\\\/\\\/www.medulinriviera.info\\\/hr\\\/\"},{\"@type\":\"ListItem\",\"position\":2,\"name\":\"PRVOMAJSKI KORNER U MEDULINU \u2013 nogomet, ro\u0161tilj i vrhunska zabava!\"}]},{\"@type\":\"WebSite\",\"@id\":\"https:\\\/\\\/www.medulinriviera.info\\\/hr\\\/#website\",\"url\":\"https:\\\/\\\/www.medulinriviera.info\\\/hr\\\/\",\"name\":\"Medulin Riviera\",\"description\":\"Plavi planet\",\"publisher\":{\"@id\":\"https:\\\/\\\/www.medulinriviera.info\\\/hr\\\/#organization\"},\"potentialAction\":[{\"@type\":\"SearchAction\",\"target\":{\"@type\":\"EntryPoint\",\"urlTemplate\":\"https:\\\/\\\/www.medulinriviera.info\\\/hr\\\/?s={search_term_string}\"},\"query-input\":{\"@type\":\"PropertyValueSpecification\",\"valueRequired\":true,\"valueName\":\"search_term_string\"}}],\"inLanguage\":\"hr\"},{\"@type\":\"Organization\",\"@id\":\"https:\\\/\\\/www.medulinriviera.info\\\/hr\\\/#organization\",\"name\":\"Medulin Riviera\",\"url\":\"https:\\\/\\\/www.medulinriviera.info\\\/hr\\\/\",\"logo\":{\"@type\":\"ImageObject\",\"inLanguage\":\"hr\",\"@id\":\"https:\\\/\\\/www.medulinriviera.info\\\/hr\\\/#\\\/schema\\\/logo\\\/image\\\/\",\"url\":\"https:\\\/\\\/www.medulinriviera.info\\\/wp-content\\\/uploads\\\/2020\\\/06\\\/logo-alt.png\",\"contentUrl\":\"https:\\\/\\\/www.medulinriviera.info\\\/wp-content\\\/uploads\\\/2020\\\/06\\\/logo-alt.png\",\"width\":264,\"height\":78,\"caption\":\"Medulin Riviera\"},\"image\":{\"@id\":\"https:\\\/\\\/www.medulinriviera.info\\\/hr\\\/#\\\/schema\\\/logo\\\/image\\\/\"},\"sameAs\":[\"https:\\\/\\\/www.facebook.com\\\/medulinriviera\\\/\",\"https:\\\/\\\/www.instagram.com\\\/medulinriviera\\\/\",\"https:\\\/\\\/www.youtube.com\\\/channel\\\/UCYdC8kYbK9OEmlmeZydpumQ\"]}]}<\/script>\n<!-- \/ Yoast SEO plugin. -->","yoast_head_json":{"title":"PRVOMAJSKI KORNER U MEDULINU \u2013 nogomet, ro\u0161tilj i vrhunska zabava! - Medulin Riviera","robots":{"index":"index","follow":"follow","max-snippet":"max-snippet:-1","max-image-preview":"max-image-preview:large","max-video-preview":"max-video-preview:-1"},"canonical":"https:\/\/www.medulinriviera.info\/hr\/21-otvoreni-turnir-zns-a-medulin-2022\/","og_locale":"hr_HR","og_type":"article","og_title":"PRVOMAJSKI KORNER U MEDULINU \u2013 nogomet, ro\u0161tilj i vrhunska zabava! - Medulin Riviera","og_description":"25. Me\u0111unarodni nogometni turnir Medulin 2025 (U-13, U-12, U-11, U-10, U-9, U-8) Raspored utakmica i rezultate &#8211; potra\u017ei na @sofascore_hrvatska!...","og_url":"https:\/\/www.medulinriviera.info\/hr\/21-otvoreni-turnir-zns-a-medulin-2022\/","og_site_name":"Medulin Riviera","article_publisher":"https:\/\/www.facebook.com\/medulinriviera\/","article_modified_time":"2026-04-28T13:55:52+00:00","og_image":[{"width":2000,"height":1125,"url":"https:\/\/www.medulinriviera.info\/wp-content\/uploads\/2025\/04\/TZOM-Nogomet2-DarkoPrivrat.jpg","type":"image\/jpeg"}],"twitter_card":"summary_large_image","twitter_misc":{"Procijenjeno vrijeme \u010ditanja":"5 minuta"},"schema":{"@context":"https:\/\/schema.org","@graph":[{"@type":"WebPage","@id":"https:\/\/www.medulinriviera.info\/hr\/21-otvoreni-turnir-zns-a-medulin-2022\/","url":"https:\/\/www.medulinriviera.info\/hr\/21-otvoreni-turnir-zns-a-medulin-2022\/","name":"PRVOMAJSKI KORNER U MEDULINU \u2013 nogomet, ro\u0161tilj i vrhunska zabava! - Medulin Riviera","isPartOf":{"@id":"https:\/\/www.medulinriviera.info\/hr\/#website"},"primaryImageOfPage":{"@id":"https:\/\/www.medulinriviera.info\/hr\/21-otvoreni-turnir-zns-a-medulin-2022\/#primaryimage"},"image":{"@id":"https:\/\/www.medulinriviera.info\/hr\/21-otvoreni-turnir-zns-a-medulin-2022\/#primaryimage"},"thumbnailUrl":"https:\/\/www.medulinriviera.info\/wp-content\/uploads\/2025\/04\/TZOM-Nogomet2-DarkoPrivrat.jpg","datePublished":"2022-04-06T13:40:51+00:00","dateModified":"2026-04-28T13:55:52+00:00","breadcrumb":{"@id":"https:\/\/www.medulinriviera.info\/hr\/21-otvoreni-turnir-zns-a-medulin-2022\/#breadcrumb"},"inLanguage":"hr","potentialAction":[{"@type":"ReadAction","target":["https:\/\/www.medulinriviera.info\/hr\/21-otvoreni-turnir-zns-a-medulin-2022\/"]}]},{"@type":"ImageObject","inLanguage":"hr","@id":"https:\/\/www.medulinriviera.info\/hr\/21-otvoreni-turnir-zns-a-medulin-2022\/#primaryimage","url":"https:\/\/www.medulinriviera.info\/wp-content\/uploads\/2025\/04\/TZOM-Nogomet2-DarkoPrivrat.jpg","contentUrl":"https:\/\/www.medulinriviera.info\/wp-content\/uploads\/2025\/04\/TZOM-Nogomet2-DarkoPrivrat.jpg","width":2000,"height":1125},{"@type":"BreadcrumbList","@id":"https:\/\/www.medulinriviera.info\/hr\/21-otvoreni-turnir-zns-a-medulin-2022\/#breadcrumb","itemListElement":[{"@type":"ListItem","position":1,"name":"Home","item":"https:\/\/www.medulinriviera.info\/hr\/"},{"@type":"ListItem","position":2,"name":"PRVOMAJSKI KORNER U MEDULINU \u2013 nogomet, ro\u0161tilj i vrhunska zabava!"}]},{"@type":"WebSite","@id":"https:\/\/www.medulinriviera.info\/hr\/#website","url":"https:\/\/www.medulinriviera.info\/hr\/","name":"Medulin Riviera","description":"Plavi planet","publisher":{"@id":"https:\/\/www.medulinriviera.info\/hr\/#organization"},"potentialAction":[{"@type":"SearchAction","target":{"@type":"EntryPoint","urlTemplate":"https:\/\/www.medulinriviera.info\/hr\/?s={search_term_string}"},"query-input":{"@type":"PropertyValueSpecification","valueRequired":true,"valueName":"search_term_string"}}],"inLanguage":"hr"},{"@type":"Organization","@id":"https:\/\/www.medulinriviera.info\/hr\/#organization","name":"Medulin Riviera","url":"https:\/\/www.medulinriviera.info\/hr\/","logo":{"@type":"ImageObject","inLanguage":"hr","@id":"https:\/\/www.medulinriviera.info\/hr\/#\/schema\/logo\/image\/","url":"https:\/\/www.medulinriviera.info\/wp-content\/uploads\/2020\/06\/logo-alt.png","contentUrl":"https:\/\/www.medulinriviera.info\/wp-content\/uploads\/2020\/06\/logo-alt.png","width":264,"height":78,"caption":"Medulin Riviera"},"image":{"@id":"https:\/\/www.medulinriviera.info\/hr\/#\/schema\/logo\/image\/"},"sameAs":["https:\/\/www.facebook.com\/medulinriviera\/","https:\/\/www.instagram.com\/medulinriviera\/","https:\/\/www.youtube.com\/channel\/UCYdC8kYbK9OEmlmeZydpumQ"]}]}},"wpml_current_locale":"hr","wpml_translations":[{"locale":"en_US","id":23060,"post_title":"May Day CornerMAY DAY CORNER IN MEDULIN \u2013 football, BBQ &amp; great vibes!","href":"https:\/\/www.medulinriviera.info\/21st-football-tournament-zns-medulin-2022\/"},{"locale":"fr_FR","id":23152,"post_title":"MAY DAY CORNER \u00c0 MEDULIN \u2013 football, barbecue et super ambiance !","href":"https:\/\/www.medulinriviera.info\/fr\/21eme-tournoi-de-football-zns-medulin-2022\/"},{"locale":"de_DE","id":23154,"post_title":"MAY DAY CORNER IN MEDULIN \u2013 Fu\u00dfball, BBQ &amp; beste Stimmung!","href":"https:\/\/www.medulinriviera.info\/de\/21-fussballturnier-zns-medulin-2022\/"},{"locale":"it_IT","id":23156,"post_title":"MAY DAY CORNER A MEDULIN \u2013 calcio, BBQ e grande divertimento!","href":"https:\/\/www.medulinriviera.info\/it\/21-torneo-di-calcio-zns-medulin-2022\/"}],"_links":{"self":[{"href":"https:\/\/www.medulinriviera.info\/hr\/wp-json\/wp\/v2\/pages\/23149","targetHints":{"allow":["GET"]}}],"collection":[{"href":"https:\/\/www.medulinriviera.info\/hr\/wp-json\/wp\/v2\/pages"}],"about":[{"href":"https:\/\/www.medulinriviera.info\/hr\/wp-json\/wp\/v2\/types\/page"}],"author":[{"embeddable":true,"href":"https:\/\/www.medulinriviera.info\/hr\/wp-json\/wp\/v2\/users\/2"}],"replies":[{"embeddable":true,"href":"https:\/\/www.medulinriviera.info\/hr\/wp-json\/wp\/v2\/comments?post=23149"}],"version-history":[{"count":9,"href":"https:\/\/www.medulinriviera.info\/hr\/wp-json\/wp\/v2\/pages\/23149\/revisions"}],"predecessor-version":[{"id":38122,"href":"https:\/\/www.medulinriviera.info\/hr\/wp-json\/wp\/v2\/pages\/23149\/revisions\/38122"}],"wp:featuredmedia":[{"embeddable":true,"href":"https:\/\/www.medulinriviera.info\/hr\/wp-json\/wp\/v2\/media\/35398"}],"wp:attachment":[{"href":"https:\/\/www.medulinriviera.info\/hr\/wp-json\/wp\/v2\/media?parent=23149"}],"wp:term":[{"taxonomy":"classificator","embeddable":true,"href":"https:\/\/www.medulinriviera.info\/hr\/wp-json\/wp\/v2\/classificator?post=23149"}],"curies":[{"name":"wp","href":"https:\/\/api.w.org\/{rel}","templated":true}]}}