{"id":22761,"date":"2022-03-30T09:49:03","date_gmt":"2022-03-30T07:49:03","guid":{"rendered":"https:\/\/www.medulinriviera.info\/?page_id=22761"},"modified":"2024-01-17T09:41:31","modified_gmt":"2024-01-17T08:41:31","slug":"odmor-s-kucnim-ljubimcima","status":"publish","type":"page","link":"https:\/\/www.medulinriviera.info\/hr\/odmor-s-kucnim-ljubimcima\/","title":{"rendered":"Odmor s ku\u0107nim ljubimcima"},"content":{"rendered":"\n<p>Ku\u0107ni ljubimac su za mnoge vlasnike pravi \u010dlan obitelji bez kojeg sigurno ne\u0107e krenuti na odmor.<\/p>\n\n\n\n<p>Na Medulin Rivijeri mo\u017eete prona\u0107i brojne zelene povr\u0161ine, parkove te nekoliko pla\u017ea da na njima mo\u017eete nesmetano u\u017eivati sa svojim \u010detverono\u017enim prijateljima. Pla\u017ee s takvom oznakom su kamp Arena Medulin- Puntica, pla\u017ea Mukalba u Medulinu, pla\u017ea Bumbi\u0161te u Banjolama, Vinkuranska vala u Vinkuranu te prirodne pla\u017ee du\u017e obale ukoliko se ne ometaju ostali kupa\u010di.<\/p>\n\n\n\n<p>Smjestiti se mo\u017eete u<strong> <a href=\"https:\/\/www.medulinriviera.info\/hr\/accommodation\/hotels\/\" target=\"_blank\" rel=\"noreferrer noopener\">izvrsnim hotelima<\/a><\/strong>, dobro opremljenim i <strong><a href=\"https:\/\/www.medulinriviera.info\/hr\/accommodation\/camping\/\" target=\"_blank\" rel=\"noreferrer noopener\">atraktivnim kampovima<\/a><\/strong> i <strong><a href=\"https:\/\/www.medulinriviera.info\/hr\/accommodation\/mobile-homes\/\" target=\"_blank\" rel=\"noreferrer noopener\">mobilnim ku\u0107icama<\/a><\/strong>, <strong><a href=\"https:\/\/www.medulinriviera.info\/hr\/accommodation\/resorts\/\" target=\"_blank\" rel=\"noreferrer noopener\">apartmanskim naseljima<\/a><\/strong>,  <a href=\"https:\/\/www.medulinriviera.info\/hr\/accommodation\/private-accommodation\/\" target=\"_blank\" rel=\"noreferrer noopener\"><strong> ku\u0107ama za odmor ili apartmanima<\/strong>.<\/a><\/p>\n\n\n\n<p>Bez obzira na to gdje se odmarate sa svojim ljubimcima vodite ra\u010duna o higijeni i potrebama drugih turista za mirom. Za posebnu brigu oko va\u0161ih ljubimaca na raspolaganju su vam veterinarske stanice, specijalizirane trgovine hranom i opremom te saloni za uljep\u0161avanje i njegu.<\/p>\n\n\n\n<p>Nama najbli\u017ea veterinarska stanica nalazi se u Vinkuranu, <strong>Veterinarska ambulanta Andar (<\/strong> Premanturska cesta 205, Tel. +385 98 855 066, <a href=\"mailto:andar.veterinari@gmail.com\">andar.veterinari@gmail.com<\/a>) &nbsp;dok su sve ostale u neposrednoj blizini:<\/p>\n\n\n\n<p><strong>Veterinarska ambulanta Pula d.o.o.,<\/strong> Dinka Trinajsti\u0107a 1,Tel. +385 52 541 100, +385 98 98 11 666 <a href=\"http:\/\/www.veterinarskastanicapula.hr\">www.veterinarskastanicapula.hr<\/a>, <a href=\"mailto:vet.st.pula@pu.htnet.hr\">vet.st.pula@pu.htnet.hr<\/a> <strong>Veterinarska ambulanta Veterinar<\/strong>, Kr\u0161evanova stancija 2,Tel. +385 52 540 391, <a href=\"http:\/\/www.veterinar.hr\">www.veterinar.hr<\/a>, <a href=\"mailto:veterinary.zgomba@inet.hr\">veterinary.zgomba@inet.hr<\/a><\/p>\n\n\n\n<p><strong>Specijalisti\u010dka veterinarska ambulanta Hajster<\/strong> Marianijeva 3,Tel. +385 52 500 501 <a href=\"http:\/\/www.veterina-hajster.hr\">www.veterina-hajster.hr<\/a><\/p>\n\n\n\n<p><strong>Veterinarska ambulanta Franco d.o.o.,<\/strong>Fa\u017eanska cesta 2, 52215 Vodnjan \u2013 Dignano<strong>, <\/strong>tel +385 52 511 352<strong>, <\/strong><a href=\"mailto:vetamb.franco@inet.hr\">vetamb.franco@inet.hr<\/a><\/p>\n\n\n\n<p><\/p>\n\n\n\n<figure class=\"wp-block-embed is-type-video is-provider-youtube wp-block-embed-youtube wp-embed-aspect-16-9 wp-has-aspect-ratio\"><div class=\"wp-block-embed__wrapper\">\n<iframe loading=\"lazy\" title=\"Pet friendly - Medulin Riviera\" width=\"500\" height=\"281\" src=\"https:\/\/www.youtube.com\/embed\/VwgiCE_faug?feature=oembed\" frameborder=\"0\" allow=\"accelerometer; autoplay; clipboard-write; encrypted-media; gyroscope; picture-in-picture; web-share\" referrerpolicy=\"strict-origin-when-cross-origin\" allowfullscreen><\/iframe>\n<\/div><\/figure>\n\n\n\n<p><\/p>\n\n\n\n<p><strong>Saloni za uljep\u0161avanje i \u0161i\u0161anje pasa:<\/strong><\/p>\n\n\n\n<p><strong>Goa Pet Salon<\/strong>, Ul. 43. istarske divizije 11, Pula, tel. +385 97 751 9227<\/p>\n\n\n\n<p><strong>Kelly Grooming, <\/strong>Ul. Alfreda Stiglicha 26<strong>, <\/strong>Pula<strong>, <\/strong>Tel. +385 97 625 4925<\/p>\n\n\n\n<p><strong>Salon za pse Tiara, <\/strong>Sisa\u010dka ul. 22Pula, Tel. +385 95 369 8866<\/p>\n\n\n\n<p><strong>MISS DOGY, <\/strong>Dobrilina ul. 17Pula<strong>, <\/strong>Tel. +385 91 600 6531<\/p>\n\n\n\n<p><strong>Vesele \u0161apice, <\/strong>ul. Ljudevita Gaja 2Pula,Tel. +385 97 600 4232, e-mail: veselesapicegrooming@gmail.com<\/p>\n\n\n\n<p><strong>Zara, <\/strong>Trgova\u010dka ulica 64 Vodnjan \u2013 Dignano, Tel. +385 99 217 3459<\/p>\n\n\n\n<p><strong>Funky Tail Grooming Studio, <\/strong>Palisina 2Pula,Tel. +385 98 211 806<\/p>\n","protected":false},"excerpt":{"rendered":"<p>Ku\u0107ni ljubimac su za mnoge vlasnike pravi \u010dlan obitelji bez kojeg sigurno ne\u0107e krenuti na odmor. Na Medulin Rivijeri mo\u017eete&#8230;<\/p>\n","protected":false},"author":5,"featured_media":22868,"parent":0,"menu_order":0,"comment_status":"closed","ping_status":"closed","template":"","meta":{"_acf_changed":false,"footnotes":""},"classificator":[],"class_list":["post-22761","page","type-page","status-publish","has-post-thumbnail","hentry"],"acf":{"video":"","gallery":[null]},"yoast_head":"<!-- This site is optimized with the Yoast SEO plugin v27.6 - https:\/\/yoast.com\/product\/yoast-seo-wordpress\/ -->\n<title>Odmor s ku\u0107nim ljubimcima - Medulin Riviera<\/title>\n<meta name=\"robots\" content=\"index, follow, max-snippet:-1, max-image-preview:large, max-video-preview:-1\" \/>\n<link rel=\"canonical\" href=\"https:\/\/www.medulinriviera.info\/hr\/odmor-s-kucnim-ljubimcima\/\" \/>\n<meta property=\"og:locale\" content=\"hr_HR\" \/>\n<meta property=\"og:type\" content=\"article\" \/>\n<meta property=\"og:title\" content=\"Odmor s ku\u0107nim ljubimcima - Medulin Riviera\" \/>\n<meta property=\"og:description\" content=\"Ku\u0107ni ljubimac su za mnoge vlasnike pravi \u010dlan obitelji bez kojeg sigurno ne\u0107e krenuti na odmor. Na Medulin Rivijeri mo\u017eete...\" \/>\n<meta property=\"og:url\" content=\"https:\/\/www.medulinriviera.info\/hr\/odmor-s-kucnim-ljubimcima\/\" \/>\n<meta property=\"og:site_name\" content=\"Medulin Riviera\" \/>\n<meta property=\"article:publisher\" content=\"https:\/\/www.facebook.com\/medulinriviera\/\" \/>\n<meta property=\"article:modified_time\" content=\"2024-01-17T08:41:31+00:00\" \/>\n<meta property=\"og:image\" content=\"https:\/\/www.medulinriviera.info\/wp-content\/uploads\/2022\/03\/DSC5052-scaled.jpg\" \/>\n\t<meta property=\"og:image:width\" content=\"2560\" \/>\n\t<meta property=\"og:image:height\" content=\"1708\" \/>\n\t<meta property=\"og:image:type\" content=\"image\/jpeg\" \/>\n<meta name=\"twitter:card\" content=\"summary_large_image\" \/>\n<meta name=\"twitter:label1\" content=\"Procijenjeno vrijeme \u010ditanja\" \/>\n\t<meta name=\"twitter:data1\" content=\"2 minute\" \/>\n<script type=\"application\/ld+json\" class=\"yoast-schema-graph\">{\"@context\":\"https:\\\/\\\/schema.org\",\"@graph\":[{\"@type\":\"WebPage\",\"@id\":\"https:\\\/\\\/www.medulinriviera.info\\\/hr\\\/odmor-s-kucnim-ljubimcima\\\/\",\"url\":\"https:\\\/\\\/www.medulinriviera.info\\\/hr\\\/odmor-s-kucnim-ljubimcima\\\/\",\"name\":\"Odmor s ku\u0107nim ljubimcima - Medulin Riviera\",\"isPartOf\":{\"@id\":\"https:\\\/\\\/www.medulinriviera.info\\\/hr\\\/#website\"},\"primaryImageOfPage\":{\"@id\":\"https:\\\/\\\/www.medulinriviera.info\\\/hr\\\/odmor-s-kucnim-ljubimcima\\\/#primaryimage\"},\"image\":{\"@id\":\"https:\\\/\\\/www.medulinriviera.info\\\/hr\\\/odmor-s-kucnim-ljubimcima\\\/#primaryimage\"},\"thumbnailUrl\":\"https:\\\/\\\/www.medulinriviera.info\\\/wp-content\\\/uploads\\\/2022\\\/03\\\/DSC5052-scaled.jpg\",\"datePublished\":\"2022-03-30T07:49:03+00:00\",\"dateModified\":\"2024-01-17T08:41:31+00:00\",\"breadcrumb\":{\"@id\":\"https:\\\/\\\/www.medulinriviera.info\\\/hr\\\/odmor-s-kucnim-ljubimcima\\\/#breadcrumb\"},\"inLanguage\":\"hr\",\"potentialAction\":[{\"@type\":\"ReadAction\",\"target\":[\"https:\\\/\\\/www.medulinriviera.info\\\/hr\\\/odmor-s-kucnim-ljubimcima\\\/\"]}]},{\"@type\":\"ImageObject\",\"inLanguage\":\"hr\",\"@id\":\"https:\\\/\\\/www.medulinriviera.info\\\/hr\\\/odmor-s-kucnim-ljubimcima\\\/#primaryimage\",\"url\":\"https:\\\/\\\/www.medulinriviera.info\\\/wp-content\\\/uploads\\\/2022\\\/03\\\/DSC5052-scaled.jpg\",\"contentUrl\":\"https:\\\/\\\/www.medulinriviera.info\\\/wp-content\\\/uploads\\\/2022\\\/03\\\/DSC5052-scaled.jpg\",\"width\":2560,\"height\":1708},{\"@type\":\"BreadcrumbList\",\"@id\":\"https:\\\/\\\/www.medulinriviera.info\\\/hr\\\/odmor-s-kucnim-ljubimcima\\\/#breadcrumb\",\"itemListElement\":[{\"@type\":\"ListItem\",\"position\":1,\"name\":\"Home\",\"item\":\"https:\\\/\\\/www.medulinriviera.info\\\/hr\\\/\"},{\"@type\":\"ListItem\",\"position\":2,\"name\":\"Odmor s ku\u0107nim ljubimcima\"}]},{\"@type\":\"WebSite\",\"@id\":\"https:\\\/\\\/www.medulinriviera.info\\\/hr\\\/#website\",\"url\":\"https:\\\/\\\/www.medulinriviera.info\\\/hr\\\/\",\"name\":\"Medulin Riviera\",\"description\":\"Plavi planet\",\"publisher\":{\"@id\":\"https:\\\/\\\/www.medulinriviera.info\\\/hr\\\/#organization\"},\"potentialAction\":[{\"@type\":\"SearchAction\",\"target\":{\"@type\":\"EntryPoint\",\"urlTemplate\":\"https:\\\/\\\/www.medulinriviera.info\\\/hr\\\/?s={search_term_string}\"},\"query-input\":{\"@type\":\"PropertyValueSpecification\",\"valueRequired\":true,\"valueName\":\"search_term_string\"}}],\"inLanguage\":\"hr\"},{\"@type\":\"Organization\",\"@id\":\"https:\\\/\\\/www.medulinriviera.info\\\/hr\\\/#organization\",\"name\":\"Medulin Riviera\",\"url\":\"https:\\\/\\\/www.medulinriviera.info\\\/hr\\\/\",\"logo\":{\"@type\":\"ImageObject\",\"inLanguage\":\"hr\",\"@id\":\"https:\\\/\\\/www.medulinriviera.info\\\/hr\\\/#\\\/schema\\\/logo\\\/image\\\/\",\"url\":\"https:\\\/\\\/www.medulinriviera.info\\\/wp-content\\\/uploads\\\/2020\\\/06\\\/logo-alt.png\",\"contentUrl\":\"https:\\\/\\\/www.medulinriviera.info\\\/wp-content\\\/uploads\\\/2020\\\/06\\\/logo-alt.png\",\"width\":264,\"height\":78,\"caption\":\"Medulin Riviera\"},\"image\":{\"@id\":\"https:\\\/\\\/www.medulinriviera.info\\\/hr\\\/#\\\/schema\\\/logo\\\/image\\\/\"},\"sameAs\":[\"https:\\\/\\\/www.facebook.com\\\/medulinriviera\\\/\",\"https:\\\/\\\/www.instagram.com\\\/medulinriviera\\\/\",\"https:\\\/\\\/www.youtube.com\\\/channel\\\/UCYdC8kYbK9OEmlmeZydpumQ\"]}]}<\/script>\n<!-- \/ Yoast SEO plugin. -->","yoast_head_json":{"title":"Odmor s ku\u0107nim ljubimcima - Medulin Riviera","robots":{"index":"index","follow":"follow","max-snippet":"max-snippet:-1","max-image-preview":"max-image-preview:large","max-video-preview":"max-video-preview:-1"},"canonical":"https:\/\/www.medulinriviera.info\/hr\/odmor-s-kucnim-ljubimcima\/","og_locale":"hr_HR","og_type":"article","og_title":"Odmor s ku\u0107nim ljubimcima - Medulin Riviera","og_description":"Ku\u0107ni ljubimac su za mnoge vlasnike pravi \u010dlan obitelji bez kojeg sigurno ne\u0107e krenuti na odmor. Na Medulin Rivijeri mo\u017eete...","og_url":"https:\/\/www.medulinriviera.info\/hr\/odmor-s-kucnim-ljubimcima\/","og_site_name":"Medulin Riviera","article_publisher":"https:\/\/www.facebook.com\/medulinriviera\/","article_modified_time":"2024-01-17T08:41:31+00:00","og_image":[{"width":2560,"height":1708,"url":"https:\/\/www.medulinriviera.info\/wp-content\/uploads\/2022\/03\/DSC5052-scaled.jpg","type":"image\/jpeg"}],"twitter_card":"summary_large_image","twitter_misc":{"Procijenjeno vrijeme \u010ditanja":"2 minute"},"schema":{"@context":"https:\/\/schema.org","@graph":[{"@type":"WebPage","@id":"https:\/\/www.medulinriviera.info\/hr\/odmor-s-kucnim-ljubimcima\/","url":"https:\/\/www.medulinriviera.info\/hr\/odmor-s-kucnim-ljubimcima\/","name":"Odmor s ku\u0107nim ljubimcima - Medulin Riviera","isPartOf":{"@id":"https:\/\/www.medulinriviera.info\/hr\/#website"},"primaryImageOfPage":{"@id":"https:\/\/www.medulinriviera.info\/hr\/odmor-s-kucnim-ljubimcima\/#primaryimage"},"image":{"@id":"https:\/\/www.medulinriviera.info\/hr\/odmor-s-kucnim-ljubimcima\/#primaryimage"},"thumbnailUrl":"https:\/\/www.medulinriviera.info\/wp-content\/uploads\/2022\/03\/DSC5052-scaled.jpg","datePublished":"2022-03-30T07:49:03+00:00","dateModified":"2024-01-17T08:41:31+00:00","breadcrumb":{"@id":"https:\/\/www.medulinriviera.info\/hr\/odmor-s-kucnim-ljubimcima\/#breadcrumb"},"inLanguage":"hr","potentialAction":[{"@type":"ReadAction","target":["https:\/\/www.medulinriviera.info\/hr\/odmor-s-kucnim-ljubimcima\/"]}]},{"@type":"ImageObject","inLanguage":"hr","@id":"https:\/\/www.medulinriviera.info\/hr\/odmor-s-kucnim-ljubimcima\/#primaryimage","url":"https:\/\/www.medulinriviera.info\/wp-content\/uploads\/2022\/03\/DSC5052-scaled.jpg","contentUrl":"https:\/\/www.medulinriviera.info\/wp-content\/uploads\/2022\/03\/DSC5052-scaled.jpg","width":2560,"height":1708},{"@type":"BreadcrumbList","@id":"https:\/\/www.medulinriviera.info\/hr\/odmor-s-kucnim-ljubimcima\/#breadcrumb","itemListElement":[{"@type":"ListItem","position":1,"name":"Home","item":"https:\/\/www.medulinriviera.info\/hr\/"},{"@type":"ListItem","position":2,"name":"Odmor s ku\u0107nim ljubimcima"}]},{"@type":"WebSite","@id":"https:\/\/www.medulinriviera.info\/hr\/#website","url":"https:\/\/www.medulinriviera.info\/hr\/","name":"Medulin Riviera","description":"Plavi planet","publisher":{"@id":"https:\/\/www.medulinriviera.info\/hr\/#organization"},"potentialAction":[{"@type":"SearchAction","target":{"@type":"EntryPoint","urlTemplate":"https:\/\/www.medulinriviera.info\/hr\/?s={search_term_string}"},"query-input":{"@type":"PropertyValueSpecification","valueRequired":true,"valueName":"search_term_string"}}],"inLanguage":"hr"},{"@type":"Organization","@id":"https:\/\/www.medulinriviera.info\/hr\/#organization","name":"Medulin Riviera","url":"https:\/\/www.medulinriviera.info\/hr\/","logo":{"@type":"ImageObject","inLanguage":"hr","@id":"https:\/\/www.medulinriviera.info\/hr\/#\/schema\/logo\/image\/","url":"https:\/\/www.medulinriviera.info\/wp-content\/uploads\/2020\/06\/logo-alt.png","contentUrl":"https:\/\/www.medulinriviera.info\/wp-content\/uploads\/2020\/06\/logo-alt.png","width":264,"height":78,"caption":"Medulin Riviera"},"image":{"@id":"https:\/\/www.medulinriviera.info\/hr\/#\/schema\/logo\/image\/"},"sameAs":["https:\/\/www.facebook.com\/medulinriviera\/","https:\/\/www.instagram.com\/medulinriviera\/","https:\/\/www.youtube.com\/channel\/UCYdC8kYbK9OEmlmeZydpumQ"]}]}},"wpml_current_locale":"hr","wpml_translations":[{"locale":"en_US","id":22646,"post_title":"Pet friendly","href":"https:\/\/www.medulinriviera.info\/pet-friendly\/"},{"locale":"fr_FR","id":22764,"post_title":"Animaux de compagnie bienvenus","href":"https:\/\/www.medulinriviera.info\/fr\/animaux-de-compagnie-bienvenus\/"},{"locale":"de_DE","id":22766,"post_title":"Pet friendly","href":"https:\/\/www.medulinriviera.info\/de\/pet-friendly\/"},{"locale":"it_IT","id":22768,"post_title":"Pet friendly","href":"https:\/\/www.medulinriviera.info\/it\/pet-friendly\/"}],"_links":{"self":[{"href":"https:\/\/www.medulinriviera.info\/hr\/wp-json\/wp\/v2\/pages\/22761","targetHints":{"allow":["GET"]}}],"collection":[{"href":"https:\/\/www.medulinriviera.info\/hr\/wp-json\/wp\/v2\/pages"}],"about":[{"href":"https:\/\/www.medulinriviera.info\/hr\/wp-json\/wp\/v2\/types\/page"}],"author":[{"embeddable":true,"href":"https:\/\/www.medulinriviera.info\/hr\/wp-json\/wp\/v2\/users\/5"}],"replies":[{"embeddable":true,"href":"https:\/\/www.medulinriviera.info\/hr\/wp-json\/wp\/v2\/comments?post=22761"}],"version-history":[{"count":1,"href":"https:\/\/www.medulinriviera.info\/hr\/wp-json\/wp\/v2\/pages\/22761\/revisions"}],"predecessor-version":[{"id":31252,"href":"https:\/\/www.medulinriviera.info\/hr\/wp-json\/wp\/v2\/pages\/22761\/revisions\/31252"}],"acf:attachment":[{"embeddable":true,"href":"https:\/\/www.medulinriviera.info\/hr\/wp-json\/wp\/v2\/media\/"}],"wp:featuredmedia":[{"embeddable":true,"href":"https:\/\/www.medulinriviera.info\/hr\/wp-json\/wp\/v2\/media\/22868"}],"wp:attachment":[{"href":"https:\/\/www.medulinriviera.info\/hr\/wp-json\/wp\/v2\/media?parent=22761"}],"wp:term":[{"taxonomy":"classificator","embeddable":true,"href":"https:\/\/www.medulinriviera.info\/hr\/wp-json\/wp\/v2\/classificator?post=22761"}],"curies":[{"name":"wp","href":"https:\/\/api.w.org\/{rel}","templated":true}]}}