{"id":22741,"date":"2022-04-08T10:31:02","date_gmt":"2022-04-08T08:31:02","guid":{"rendered":"https:\/\/www.medulinriviera.info\/?page_id=22741"},"modified":"2022-05-31T15:40:41","modified_gmt":"2022-05-31T13:40:41","slug":"dolazak-u-medulin","status":"publish","type":"page","link":"https:\/\/www.medulinriviera.info\/hr\/dolazak-u-medulin\/","title":{"rendered":"Dolazak u Medulin"},"content":{"rendered":"\n<p>Medulin Riviera autocestom Istarski ipsilon du\u017eine 141 kilometar povezana je sa sredi\u0161njom Europom.<\/p>\n\n\n\n<p>Za vo\u017enju u Hrvatskoj potrebno je imati va\u017ee\u0107u voza\u010dku dozvolu, a u Republici Hrvatskoj cestarina se napla\u0107uje na autocestama, nekim poluautocestama te na nekim mostovima i u tunelima.<\/p>\n\n\n\n<p>Na Istarskom Ipsilonu maksimalna dozvoljena brzine vo\u017enje je 110 kilometara na sat, iako se radi o autocesti. Na ve\u0107ini autocesta najve\u0107a brzina je 130 kilometara na sat.<\/p>\n\n\n\n<p><strong>Osobnim automobilom:<\/strong><\/p>\n\n\n\n<p>sa zapada : Trst \u2013 Kopar \u2013 Buje \u2013 Pula &#8211; Medulin<br>sa sjevera : Villach \u2013 Ljubljana \u2013 Kopar \u2013 Buje \u2013 Pula &#8211; Medulin<br>s istoka : Zagreb \u2013 Rijeka \u2013 Tunel U\u010dka \u2013 Pazin \u2013 Pula \u2013 Medulin<\/p>\n\n\n\n<p>Sa svih pravaca mogu\u0107e je uklju\u010diti se u promet na autocestu ili pak voziti sporednim cestama.<\/p>\n\n\n\n<p><strong>Cestovna udaljenost Medulina od nekih gradova<\/strong><\/p>\n\n\n\n<p>Rijeka \u2013 112 km<br>Zagreb \u2013 298 km<br>Trst \u2013 136 km,<br>Muenchen \u2013 617 km,<br>Milano \u2013 545 km<br>Graz \u2013 398 km<\/p>\n\n\n\n<p>Ljubljana \u2013 207<\/p>\n\n\n\n<p>Kopar \u2013 107 km<\/p>\n\n\n\n<p><strong>Pomo\u0107 na cesti<\/strong><br>Telefonski broj za pomo\u0107 je (+3851) 1987. Za podrobnije obavijesti strani se turisti mogu obratiti Informacijskom centru Hrvatskog auto kluba na tel. +385(0)14640800 od 0 do 24 sata. Informacije o stanju na cestama mogu se dobiti na nekoliko jezika na 2. programu Hrvatskog radija ili na RDS sustavu.<br>Korisne informacije o stanju na cestama u Republici Hrvatskoj potra\u017eite na&nbsp;<a href=\"http:\/\/www.hak.hr\/\" target=\"_blank\" rel=\"noreferrer noopener\">www.hak.hr<\/a>.<\/p>\n\n\n\n<p><strong>Brodom i jahtom:<\/strong><\/p>\n\n\n\n<p>plovilom preko grani\u010dnog prijelaza Pula, udaljen 10 km od Medulina<\/p>\n\n\n\n<p>Medulin Rivijera indirektno je povezana brodom i sa Zadrom, naime brzi putni\u010dki brod &#8211;  katamaran \u201cKrilo Lux\u201d iz Pule plovi preko otoka Unije, Susak, Mali Lo\u0161inj, Ilovik i Silba do Zadra. Vi\u0161e informacija i vozni red mo\u017eete prona\u0107i <a href=\"https:\/\/www.krilo.hr\/wp-content\/uploads\/2018\/11\/Plovidbeni_red_PULA.pdf\">OVDJE<\/a><\/p>\n\n\n\n<p>Vozni red i detaljnije informacije potra\u017eite  <strong><a href=\"https:\/\/www.krilo.hr\/wp-content\/uploads\/2018\/11\/Plovidbeni_red_PULA.pdf\" target=\"_blank\" rel=\"noreferrer noopener\">OVDJE.<\/a><\/strong>  <\/p>\n\n\n\n<p><strong>Avionom:<\/strong><\/p>\n\n\n\n<p>Medulin Riviera je atraktivna avio turisti\u010dka destinacija zbog blizine (svega 10 km udaljenosti) me\u0111unarodne zra\u010dne luke Pula na koju slije\u0107u avioni brojnih avio kompanija, a me\u0111unarodna zra\u010dna luka Pula je dnevnim letovima povezana i s zra\u010dnom lukom Zagreb. Vi\u0161e info:<\/p>\n\n\n\n<p>Me\u0111unarodni aerodrom Zagreb \u2013 298 km<\/p>\n\n\n\n<p>T: + 385 1 456 22 22<br>Info: + 385 1 62 65 222<br><a href=\"http:\/\/www.zagreb-airport.hr\/\" target=\"_blank\" rel=\"noreferrer noopener\">www.zagreb-airport.hr<\/a><\/p>\n\n\n\n<p>Me\u0111unarodni aerodrom Pula \u2013&nbsp; 15 km<\/p>\n\n\n\n<p>T: + 385 52 530 105<br>F: + 385 52 550 914<br>E-mail:&nbsp;<a href=\"mailto:informacije@airport-pula.hr\">informacije@airport-pula.hr<\/a>&nbsp;&nbsp;<br><a href=\"https:\/\/airport-pula.hr\/\" target=\"_blank\" rel=\"noreferrer noopener\">www.airport-pula.com<\/a><\/p>\n\n\n\n<p>Ostale zra\u010dne luke u blizini Medulin Riviere:<\/p>\n\n\n\n<p>Me\u0111unarodni aerodrom Rijeka (Krk) \u2013 162 km<\/p>\n\n\n\n<p>T: + 385 51 841 222<br>T: + 385 51 842 040<br>E-mail:&nbsp;<a href=\"mailto:information@rijeka-airport.hr\">information@rijeka-airport.hr<\/a>&nbsp;<br><a href=\"http:\/\/rijeka-airport.hr\/hr\/zracna-luka-rijeka\" target=\"_blank\" rel=\"noreferrer noopener\">www.rijeka-airport.hr<\/a><\/p>\n\n\n\n<p>Me\u0111unarodni aerodrom Trst <strong>(RONCHI &#8211; Italy) <\/strong>\u2013 168 km<\/p>\n\n\n\n<p>T: + 39 0481 773224<br>F: + 39 0481 474150<br>E-mail:&nbsp;<a href=\"mailto:info@aeroporto.fvg.it\">info@aeroporto.fvg.it<\/a><br><a href=\"https:\/\/triesteairport.it\/en\/\" target=\"_blank\" rel=\"noreferrer noopener\">www.aeroporto.fvg.it<\/a><\/p>\n\n\n\n<p><strong>Zra\u010dna luka MARCO POLO (VENEZIA &#8211; Italy) \u2013 274 km<\/strong><\/p>\n\n\n\n<p>T: +39 (0)41 260 9260<br>E-mail:&nbsp;<a href=\"mailto:info@veniceairport.it\" target=\"_blank\" rel=\"noreferrer noopener\">info@veniceairport.it&nbsp;<\/a><br><a href=\"https:\/\/www.veneziaairport.it\/en\/\" target=\"_blank\" rel=\"noreferrer noopener\">www.veniceairport.it&nbsp;<\/a><\/p>\n\n\n\n<p><strong>\u00bb Planer dolaska:<\/strong>&nbsp;<a href=\"https:\/\/www.omio.co.uk\/?_ga=2.55115499.1779540673.1649420370-1434480359.1644579251\" target=\"_blank\" rel=\"noreferrer noopener\">https:\/\/www.omio.com\/<\/a><\/p>\n\n\n\n<p>Na Medulin Rivijeri je i sportski aerodrom Medulin, na koji je mogu\u0107e sletjeti s manjim avionima. Strani turisti na medulinski aerodrom mogu sletjeti tek nakon \u0161to su slu\u017ebeno u\u0161li u Republiku Hrvatsku preko nekih od grani\u010dnih prijelaza. Najbli\u017ei Medulin Rivijeri je Zra\u010dna luka Pula. Na medulinskom aerodromu avion je mogu\u0107e parkirati u tamo\u0161njem hangaru, ali svi oni koji nemaju avion svakako mogu koristiti usluge avio-taxija i u\u017eivati u predivnim vedutama iz zraka.<\/p>\n\n\n\n<p>Vi\u0161e informacija o sportskom aerodromu Medulin i njegovim uslugama na njihovim stranicama &#8211; <strong><a href=\"https:\/\/www.delicair.hr\/\" target=\"_blank\" rel=\"noreferrer noopener\">Deli\u0107 Air <\/a><\/strong><\/p>\n\n\n\n<p><strong>Autobusom<\/strong><\/p>\n\n\n\n<p>Pula kao najve\u0107i istarski grad, udaljen svega desetak kilometara od Medulina odli\u010dno je autobusima povezana sa svim hrvatskim gradovima, ali i brojim europskim.&nbsp; Napomenimo primjerice da iz Pule postoje direktne linije koje voze do Trsta, Venecije, Ljubljane, Graza\u2026<\/p>\n\n\n\n<p>Vi\u0161e informacija o autobusnim linijama u hrvatskoj i Europi na ovom web stranicama:  &nbsp;<a href=\"https:\/\/www.flixbus.hr\/?noRedirect=true\" target=\"_blank\" rel=\"noreferrer noopener\">www.flixbus.hr<\/a>,&nbsp;<a href=\"https:\/\/getbybus.com\/hr\/\" target=\"_blank\" rel=\"noreferrer noopener\">www.getbybus.com<\/a>,&nbsp;<a href=\"http:\/\/www.vollo.hr\/\" target=\"_blank\" rel=\"noreferrer noopener\">www.vollo.hr<\/a>,&nbsp;<a href=\"https:\/\/www.omio.co.uk\/?_ga=2.55115499.1779540673.1649420370-1434480359.1644579251\" target=\"_blank\" rel=\"noreferrer noopener\">www.omio.com<\/a>.<\/p>\n\n\n\n<p><\/p>\n\n\n\n<p>Autobusni kolodvor u Puli je smje\u0161ten na adresi Trg 1. Istarske brigade bb, a broj telefona je: INFORMACIJE: 052\/356 533 <br>REZERVACIJE I PRODAJA KARATA: 052\/356 532<\/p>\n\n\n\n<p>Od Pule do Medulin Rivijere, uvijek mo\u017eete do\u0107i <strong><a href=\"https:\/\/pulapromet.com\/hr\/prigradske\/\" target=\"_blank\" rel=\"noreferrer noopener\">prigradskim autobusima <\/a><\/strong> ili taksijem ( Taxi Pula tel. 052 223 228; Taxi Cammeo tel. 052 313 313; CroTaxi tel.052 600 600, tel. 091 6060 604).<\/p>\n","protected":false},"excerpt":{"rendered":"<p>Medulin Riviera autocestom Istarski ipsilon du\u017eine 141 kilometar povezana je sa sredi\u0161njom Europom. Za vo\u017enju u Hrvatskoj potrebno je imati&#8230;<\/p>\n","protected":false},"author":5,"featured_media":17150,"parent":0,"menu_order":0,"comment_status":"closed","ping_status":"closed","template":"","meta":{"_acf_changed":false,"footnotes":""},"classificator":[],"class_list":["post-22741","page","type-page","status-publish","has-post-thumbnail","hentry"],"acf":{"video":"","gallery":null},"yoast_head":"<!-- This site is optimized with the Yoast SEO plugin v27.6 - https:\/\/yoast.com\/product\/yoast-seo-wordpress\/ -->\n<title>Dolazak u Medulin - Medulin Riviera<\/title>\n<meta name=\"robots\" content=\"index, follow, max-snippet:-1, max-image-preview:large, max-video-preview:-1\" \/>\n<link rel=\"canonical\" href=\"https:\/\/www.medulinriviera.info\/hr\/dolazak-u-medulin\/\" \/>\n<meta property=\"og:locale\" content=\"hr_HR\" \/>\n<meta property=\"og:type\" content=\"article\" \/>\n<meta property=\"og:title\" content=\"Dolazak u Medulin - Medulin Riviera\" \/>\n<meta property=\"og:description\" content=\"Medulin Riviera autocestom Istarski ipsilon du\u017eine 141 kilometar povezana je sa sredi\u0161njom Europom. Za vo\u017enju u Hrvatskoj potrebno je imati...\" \/>\n<meta property=\"og:url\" content=\"https:\/\/www.medulinriviera.info\/hr\/dolazak-u-medulin\/\" \/>\n<meta property=\"og:site_name\" content=\"Medulin Riviera\" \/>\n<meta property=\"article:publisher\" content=\"https:\/\/www.facebook.com\/medulinriviera\/\" \/>\n<meta property=\"article:modified_time\" content=\"2022-05-31T13:40:41+00:00\" \/>\n<meta property=\"og:image\" content=\"https:\/\/www.medulinriviera.info\/wp-content\/uploads\/2021\/02\/TZOMWEB-Putokazi-Studio11-scaled.jpg\" \/>\n\t<meta property=\"og:image:width\" content=\"2560\" \/>\n\t<meta property=\"og:image:height\" content=\"1706\" \/>\n\t<meta property=\"og:image:type\" content=\"image\/jpeg\" \/>\n<meta name=\"twitter:card\" content=\"summary_large_image\" \/>\n<meta name=\"twitter:label1\" content=\"Procijenjeno vrijeme \u010ditanja\" \/>\n\t<meta name=\"twitter:data1\" content=\"4 minute\" \/>\n<script type=\"application\/ld+json\" class=\"yoast-schema-graph\">{\"@context\":\"https:\\\/\\\/schema.org\",\"@graph\":[{\"@type\":\"WebPage\",\"@id\":\"https:\\\/\\\/www.medulinriviera.info\\\/hr\\\/dolazak-u-medulin\\\/\",\"url\":\"https:\\\/\\\/www.medulinriviera.info\\\/hr\\\/dolazak-u-medulin\\\/\",\"name\":\"Dolazak u Medulin - Medulin Riviera\",\"isPartOf\":{\"@id\":\"https:\\\/\\\/www.medulinriviera.info\\\/hr\\\/#website\"},\"primaryImageOfPage\":{\"@id\":\"https:\\\/\\\/www.medulinriviera.info\\\/hr\\\/dolazak-u-medulin\\\/#primaryimage\"},\"image\":{\"@id\":\"https:\\\/\\\/www.medulinriviera.info\\\/hr\\\/dolazak-u-medulin\\\/#primaryimage\"},\"thumbnailUrl\":\"https:\\\/\\\/www.medulinriviera.info\\\/wp-content\\\/uploads\\\/2021\\\/02\\\/TZOMWEB-Putokazi-Studio11-scaled.jpg\",\"datePublished\":\"2022-04-08T08:31:02+00:00\",\"dateModified\":\"2022-05-31T13:40:41+00:00\",\"breadcrumb\":{\"@id\":\"https:\\\/\\\/www.medulinriviera.info\\\/hr\\\/dolazak-u-medulin\\\/#breadcrumb\"},\"inLanguage\":\"hr\",\"potentialAction\":[{\"@type\":\"ReadAction\",\"target\":[\"https:\\\/\\\/www.medulinriviera.info\\\/hr\\\/dolazak-u-medulin\\\/\"]}]},{\"@type\":\"ImageObject\",\"inLanguage\":\"hr\",\"@id\":\"https:\\\/\\\/www.medulinriviera.info\\\/hr\\\/dolazak-u-medulin\\\/#primaryimage\",\"url\":\"https:\\\/\\\/www.medulinriviera.info\\\/wp-content\\\/uploads\\\/2021\\\/02\\\/TZOMWEB-Putokazi-Studio11-scaled.jpg\",\"contentUrl\":\"https:\\\/\\\/www.medulinriviera.info\\\/wp-content\\\/uploads\\\/2021\\\/02\\\/TZOMWEB-Putokazi-Studio11-scaled.jpg\",\"width\":2560,\"height\":1706},{\"@type\":\"BreadcrumbList\",\"@id\":\"https:\\\/\\\/www.medulinriviera.info\\\/hr\\\/dolazak-u-medulin\\\/#breadcrumb\",\"itemListElement\":[{\"@type\":\"ListItem\",\"position\":1,\"name\":\"Home\",\"item\":\"https:\\\/\\\/www.medulinriviera.info\\\/hr\\\/\"},{\"@type\":\"ListItem\",\"position\":2,\"name\":\"Dolazak u Medulin\"}]},{\"@type\":\"WebSite\",\"@id\":\"https:\\\/\\\/www.medulinriviera.info\\\/hr\\\/#website\",\"url\":\"https:\\\/\\\/www.medulinriviera.info\\\/hr\\\/\",\"name\":\"Medulin Riviera\",\"description\":\"Plavi planet\",\"publisher\":{\"@id\":\"https:\\\/\\\/www.medulinriviera.info\\\/hr\\\/#organization\"},\"potentialAction\":[{\"@type\":\"SearchAction\",\"target\":{\"@type\":\"EntryPoint\",\"urlTemplate\":\"https:\\\/\\\/www.medulinriviera.info\\\/hr\\\/?s={search_term_string}\"},\"query-input\":{\"@type\":\"PropertyValueSpecification\",\"valueRequired\":true,\"valueName\":\"search_term_string\"}}],\"inLanguage\":\"hr\"},{\"@type\":\"Organization\",\"@id\":\"https:\\\/\\\/www.medulinriviera.info\\\/hr\\\/#organization\",\"name\":\"Medulin Riviera\",\"url\":\"https:\\\/\\\/www.medulinriviera.info\\\/hr\\\/\",\"logo\":{\"@type\":\"ImageObject\",\"inLanguage\":\"hr\",\"@id\":\"https:\\\/\\\/www.medulinriviera.info\\\/hr\\\/#\\\/schema\\\/logo\\\/image\\\/\",\"url\":\"https:\\\/\\\/www.medulinriviera.info\\\/wp-content\\\/uploads\\\/2020\\\/06\\\/logo-alt.png\",\"contentUrl\":\"https:\\\/\\\/www.medulinriviera.info\\\/wp-content\\\/uploads\\\/2020\\\/06\\\/logo-alt.png\",\"width\":264,\"height\":78,\"caption\":\"Medulin Riviera\"},\"image\":{\"@id\":\"https:\\\/\\\/www.medulinriviera.info\\\/hr\\\/#\\\/schema\\\/logo\\\/image\\\/\"},\"sameAs\":[\"https:\\\/\\\/www.facebook.com\\\/medulinriviera\\\/\",\"https:\\\/\\\/www.instagram.com\\\/medulinriviera\\\/\",\"https:\\\/\\\/www.youtube.com\\\/channel\\\/UCYdC8kYbK9OEmlmeZydpumQ\"]}]}<\/script>\n<!-- \/ Yoast SEO plugin. -->","yoast_head_json":{"title":"Dolazak u Medulin - Medulin Riviera","robots":{"index":"index","follow":"follow","max-snippet":"max-snippet:-1","max-image-preview":"max-image-preview:large","max-video-preview":"max-video-preview:-1"},"canonical":"https:\/\/www.medulinriviera.info\/hr\/dolazak-u-medulin\/","og_locale":"hr_HR","og_type":"article","og_title":"Dolazak u Medulin - Medulin Riviera","og_description":"Medulin Riviera autocestom Istarski ipsilon du\u017eine 141 kilometar povezana je sa sredi\u0161njom Europom. Za vo\u017enju u Hrvatskoj potrebno je imati...","og_url":"https:\/\/www.medulinriviera.info\/hr\/dolazak-u-medulin\/","og_site_name":"Medulin Riviera","article_publisher":"https:\/\/www.facebook.com\/medulinriviera\/","article_modified_time":"2022-05-31T13:40:41+00:00","og_image":[{"width":2560,"height":1706,"url":"https:\/\/www.medulinriviera.info\/wp-content\/uploads\/2021\/02\/TZOMWEB-Putokazi-Studio11-scaled.jpg","type":"image\/jpeg"}],"twitter_card":"summary_large_image","twitter_misc":{"Procijenjeno vrijeme \u010ditanja":"4 minute"},"schema":{"@context":"https:\/\/schema.org","@graph":[{"@type":"WebPage","@id":"https:\/\/www.medulinriviera.info\/hr\/dolazak-u-medulin\/","url":"https:\/\/www.medulinriviera.info\/hr\/dolazak-u-medulin\/","name":"Dolazak u Medulin - Medulin Riviera","isPartOf":{"@id":"https:\/\/www.medulinriviera.info\/hr\/#website"},"primaryImageOfPage":{"@id":"https:\/\/www.medulinriviera.info\/hr\/dolazak-u-medulin\/#primaryimage"},"image":{"@id":"https:\/\/www.medulinriviera.info\/hr\/dolazak-u-medulin\/#primaryimage"},"thumbnailUrl":"https:\/\/www.medulinriviera.info\/wp-content\/uploads\/2021\/02\/TZOMWEB-Putokazi-Studio11-scaled.jpg","datePublished":"2022-04-08T08:31:02+00:00","dateModified":"2022-05-31T13:40:41+00:00","breadcrumb":{"@id":"https:\/\/www.medulinriviera.info\/hr\/dolazak-u-medulin\/#breadcrumb"},"inLanguage":"hr","potentialAction":[{"@type":"ReadAction","target":["https:\/\/www.medulinriviera.info\/hr\/dolazak-u-medulin\/"]}]},{"@type":"ImageObject","inLanguage":"hr","@id":"https:\/\/www.medulinriviera.info\/hr\/dolazak-u-medulin\/#primaryimage","url":"https:\/\/www.medulinriviera.info\/wp-content\/uploads\/2021\/02\/TZOMWEB-Putokazi-Studio11-scaled.jpg","contentUrl":"https:\/\/www.medulinriviera.info\/wp-content\/uploads\/2021\/02\/TZOMWEB-Putokazi-Studio11-scaled.jpg","width":2560,"height":1706},{"@type":"BreadcrumbList","@id":"https:\/\/www.medulinriviera.info\/hr\/dolazak-u-medulin\/#breadcrumb","itemListElement":[{"@type":"ListItem","position":1,"name":"Home","item":"https:\/\/www.medulinriviera.info\/hr\/"},{"@type":"ListItem","position":2,"name":"Dolazak u Medulin"}]},{"@type":"WebSite","@id":"https:\/\/www.medulinriviera.info\/hr\/#website","url":"https:\/\/www.medulinriviera.info\/hr\/","name":"Medulin Riviera","description":"Plavi planet","publisher":{"@id":"https:\/\/www.medulinriviera.info\/hr\/#organization"},"potentialAction":[{"@type":"SearchAction","target":{"@type":"EntryPoint","urlTemplate":"https:\/\/www.medulinriviera.info\/hr\/?s={search_term_string}"},"query-input":{"@type":"PropertyValueSpecification","valueRequired":true,"valueName":"search_term_string"}}],"inLanguage":"hr"},{"@type":"Organization","@id":"https:\/\/www.medulinriviera.info\/hr\/#organization","name":"Medulin Riviera","url":"https:\/\/www.medulinriviera.info\/hr\/","logo":{"@type":"ImageObject","inLanguage":"hr","@id":"https:\/\/www.medulinriviera.info\/hr\/#\/schema\/logo\/image\/","url":"https:\/\/www.medulinriviera.info\/wp-content\/uploads\/2020\/06\/logo-alt.png","contentUrl":"https:\/\/www.medulinriviera.info\/wp-content\/uploads\/2020\/06\/logo-alt.png","width":264,"height":78,"caption":"Medulin Riviera"},"image":{"@id":"https:\/\/www.medulinriviera.info\/hr\/#\/schema\/logo\/image\/"},"sameAs":["https:\/\/www.facebook.com\/medulinriviera\/","https:\/\/www.instagram.com\/medulinriviera\/","https:\/\/www.youtube.com\/channel\/UCYdC8kYbK9OEmlmeZydpumQ"]}]}},"wpml_current_locale":"hr","wpml_translations":[{"locale":"en_US","id":22642,"post_title":"Arrival in Medulin","href":"https:\/\/www.medulinriviera.info\/arrival-in-medulin\/"},{"locale":"fr_FR","id":22746,"post_title":"Comment se rendre \u00e1 Medulin","href":"https:\/\/www.medulinriviera.info\/fr\/comment-se-rendre-a-medulin\/"},{"locale":"de_DE","id":22744,"post_title":"Ankunft in Medulin","href":"https:\/\/www.medulinriviera.info\/de\/ankunft-in-medulin\/"},{"locale":"it_IT","id":22748,"post_title":"Come arrivare a Medulin","href":"https:\/\/www.medulinriviera.info\/it\/come-arrivare-a-medulin\/"}],"_links":{"self":[{"href":"https:\/\/www.medulinriviera.info\/hr\/wp-json\/wp\/v2\/pages\/22741","targetHints":{"allow":["GET"]}}],"collection":[{"href":"https:\/\/www.medulinriviera.info\/hr\/wp-json\/wp\/v2\/pages"}],"about":[{"href":"https:\/\/www.medulinriviera.info\/hr\/wp-json\/wp\/v2\/types\/page"}],"author":[{"embeddable":true,"href":"https:\/\/www.medulinriviera.info\/hr\/wp-json\/wp\/v2\/users\/5"}],"replies":[{"embeddable":true,"href":"https:\/\/www.medulinriviera.info\/hr\/wp-json\/wp\/v2\/comments?post=22741"}],"version-history":[{"count":0,"href":"https:\/\/www.medulinriviera.info\/hr\/wp-json\/wp\/v2\/pages\/22741\/revisions"}],"wp:featuredmedia":[{"embeddable":true,"href":"https:\/\/www.medulinriviera.info\/hr\/wp-json\/wp\/v2\/media\/17150"}],"wp:attachment":[{"href":"https:\/\/www.medulinriviera.info\/hr\/wp-json\/wp\/v2\/media?parent=22741"}],"wp:term":[{"taxonomy":"classificator","embeddable":true,"href":"https:\/\/www.medulinriviera.info\/hr\/wp-json\/wp\/v2\/classificator?post=22741"}],"curies":[{"name":"wp","href":"https:\/\/api.w.org\/{rel}","templated":true}]}}