{"id":22703,"date":"2022-03-30T09:42:18","date_gmt":"2022-03-30T07:42:18","guid":{"rendered":"https:\/\/www.medulinriviera.info\/?page_id=22703"},"modified":"2022-07-25T11:44:32","modified_gmt":"2022-07-25T09:44:32","slug":"zdravlje-zdravstvene-usluge","status":"publish","type":"page","link":"https:\/\/www.medulinriviera.info\/hr\/zdravlje-zdravstvene-usluge\/","title":{"rendered":"Zdravlje &#038; zdravstvene usluge"},"content":{"rendered":"\n<p>Zdravstvene ustanove temeljem ugovornih obveza s HZZO-om pru\u017eaju usluge doma\u0107im i stranim turistima koji borave na podru\u010dju Istarske \u017eupanije. U slu\u010daju potrebe za neodlo\u017enom medicinskom pomo\u0107i, turisti ostvaruju pravo na zdravstvenu za\u0161titu pod jednakim uvjetima kao hrvatski osiguranici uz uvjet da imaju va\u017ee\u0107u europsku karticu zdravstvenog osiguranja (EKZO). Doma\u0107i turisti zdravstvenu za\u0161titu ostvaruju na temelju va\u017ee\u0107e iskaznice HZZO-a.<\/p>\n\n\n\n<p>Svim osobama za vrijeme boravka u Hrvatskoj pru\u017eit \u0107e se hitna zdravstvena za\u0161tita sukladno Me\u0111unarodnim konvencijama o socijalnom osiguranju. U tom \u0107e smislu turist svoju Europsku karticu ili certifikat dostaviti u HZZO u Puli, Besenghijeva ul. 1, tel. 213 055. Ako turist posjeduje policu osiguranja, u slu\u010daju potrebe mora u roku od 24 h obavijestiti svoju osiguravateljsku ku\u0107u koja \u0107e podmiriti nastale tro\u0161kove.<\/p>\n\n\n\n<p>Turisti mogu koristiti i usluge privatnih lije\u010dnika i zubara(uz naplatu).&nbsp; Prema spomenutim uvjetima na podru\u010dju Medulin Riviere zdravstvene usluge mo\u017eete koristiti u sljede\u0107im ordinacijama:<\/p>\n\n\n\n<p>STOMATOLO\u0160KA AMBULANTA &#8211; Medulin, Centar 214, tel. 577 058, pon. i \u010det. 14-19 h, ut, sri. i pet. 8-13 h.<\/p>\n\n\n\n<p>ORDINACIJA OP\u0106E PRAKSE &#8211; Medulin, Ribarska bb, dr. Tatjana Dodi\u0107, tel. 577 084, radno vrijeme:<\/p>\n\n\n\n<p>pon. 13.30 &#8211; 16.30 h, ut.sri.7.30- 13.30 h, \u010det. 13.30- 19.30 h, pet. 7.30- 10.30 h<\/p>\n\n\n\n<p>ORDINACIJA OP\u0106E MEDICINE &#8211; Medulin, Centar 262, Alma Radoslav, dr med., tel. 577 257, radno vrijeme: pon. i sri. 13- 19.30 h, ut. \u010det. 7- 13.30 h, pet. parni datumi 13-19.30 h, neparni datumi 7 &#8211; 13.30 h, e-mail: ordinacija.med@gmail.com<\/p>\n\n\n\n<p>ORDINACIJA OP\u0106E PRAKSE &#8211; Banjole, Dr. Tatjana Dodi\u0107, \u010cimulje bb, radno vrijeme: pon. 17.30 &#8211; 19.30 h, pet. 11.30 &#8211; 13.30 h<\/p>\n\n\n\n<p>Ostale specijalisti\u010dke ordinacije na Medulin Rivieri, gdje se mogu koristiti lije\u010dni\u010dke usluge uz pla\u0107anje pune cijene:<\/p>\n\n\n\n<p>STOMATOLO\u0160KA AMBULANTA Dr. stom. Sa\u0161a \u0160ebeli\u0107 &#8211; Fucane 76, Medulin, tel. 576 168<\/p>\n\n\n\n<p>STOMATOLO\u0160KA ORDINACIJA Dr.\u00a0 stom. Tomica Markovi\u0107 &#8211; Pje\u0161\u010dana uvala, II ogranak 34, tel. 397 224<\/p>\n\n\n\n<p>ORDINACIJA DENTALNE MEDICINE&nbsp; Dr. stom.&nbsp; Afrim Fetai &#8211; Medulin, Ribarska 14, tel. 649 749, 091 222 32 68, dr.afrim@yahoo.com<\/p>\n\n\n\n<p>LJEKARNA MEDULIN &#8211; Centar 214 a, tel. 576 472<\/p>\n\n\n\n<p>LJEKARNA KA\u0160TEL FARM MEDULIN &#8211; Osipovica 1 E, tel. 894 52 93, kastelfarm.medulin@yahoo.com<\/p>\n\n\n\n<p>PRIMAPHARME &#8211; Kamik 24, Banjole, tel.\/fax 573 283, radno vrijeme od 7-20 h, subota 7.30-15 h<\/p>\n\n\n\n<p>UVIJEK DE\u017dURNA JE LJEKARNA CENTAR U PULI &#8211; Giardini 14, tel. 222 544, 222 551<\/p>\n\n\n\n<p>HITNA POMO\u0106&nbsp; nalazi se na adresi Zagreba\u010dka 30, Pula, tel. 194<\/p>\n\n\n\n<p>Na samo desetak kilometara od Medulina nalazi se suvremeno opremljena OP\u0106A BOLNICA PULA, Objedinjeni hitni bolni\u010dki prijem za sve one koji su upu\u0107eni u bolnicu na adresi je Zagreba\u010dka 30. U bolnici se zbrinjavaju pacijenti iz djelatnosti interne medicine, kirurgije, neurologije, laboratorija, radiolo\u0161ke dijagnostike i transfuzijske medicine, te infektologije, psihijatrije, oftalmologije, otorinolaringologije, pedijatrije i ginekologije. Vi\u0161e informacija o najve\u0107oj zdravstvenoj ustanovi u Istri koja zapo\u0161ljava vi\u0161e od tisu\u0107u djelatnika na &nbsp;<a href=\"http:\/\/www.obpula.hr\/\">www.obpula.hr<\/a>. Centrala Op\u0107e bolnice Pula \u2013 376 -000<\/p>\n\n\n\n<p>OXY POLIKLINIKA ZA BAROMEDICINU na adresi je Kochova 1 a, njihov je telefon 385 (0)52 215 663, a email:&nbsp;<a href=\"mailto:poliklinika@oxy.hr\">poliklinika@oxy.hr<\/a><\/p>\n\n\n\n<p>Privatna je to specijalizirana zdravstvena ustanova koja djeluje u podru\u010dju hiperbari\u010dne medicine.&nbsp;Svi ronioci jako dobro znaju koliko je pravodobna intervencija va\u017ena pojavi li se problem kod ronjenja.<\/p>\n","protected":false},"excerpt":{"rendered":"<p>Zdravstvene ustanove temeljem ugovornih obveza s HZZO-om pru\u017eaju usluge doma\u0107im i stranim turistima koji borave na podru\u010dju Istarske \u017eupanije. U&#8230;<\/p>\n","protected":false},"author":5,"featured_media":22849,"parent":0,"menu_order":0,"comment_status":"closed","ping_status":"closed","template":"","meta":{"_acf_changed":false,"footnotes":""},"classificator":[],"class_list":["post-22703","page","type-page","status-publish","has-post-thumbnail","hentry"],"acf":{"video":"","gallery":null},"yoast_head":"<!-- This site is optimized with the Yoast SEO plugin v27.5 - https:\/\/yoast.com\/product\/yoast-seo-wordpress\/ -->\n<title>Zdravlje &amp; zdravstvene usluge - Medulin Riviera<\/title>\n<meta name=\"robots\" content=\"index, follow, max-snippet:-1, max-image-preview:large, max-video-preview:-1\" \/>\n<link rel=\"canonical\" href=\"https:\/\/www.medulinriviera.info\/hr\/zdravlje-zdravstvene-usluge\/\" \/>\n<meta property=\"og:locale\" content=\"hr_HR\" \/>\n<meta property=\"og:type\" content=\"article\" \/>\n<meta property=\"og:title\" content=\"Zdravlje &amp; zdravstvene usluge - Medulin Riviera\" \/>\n<meta property=\"og:description\" content=\"Zdravstvene ustanove temeljem ugovornih obveza s HZZO-om pru\u017eaju usluge doma\u0107im i stranim turistima koji borave na podru\u010dju Istarske \u017eupanije. U...\" \/>\n<meta property=\"og:url\" content=\"https:\/\/www.medulinriviera.info\/hr\/zdravlje-zdravstvene-usluge\/\" \/>\n<meta property=\"og:site_name\" content=\"Medulin Riviera\" \/>\n<meta property=\"article:publisher\" content=\"https:\/\/www.facebook.com\/medulinriviera\/\" \/>\n<meta property=\"article:modified_time\" content=\"2022-07-25T09:44:32+00:00\" \/>\n<meta property=\"og:image\" content=\"https:\/\/www.medulinriviera.info\/wp-content\/uploads\/2022\/03\/Healty-Slikapexels-karolina-grabowska-4386467-scaled.jpg\" \/>\n\t<meta property=\"og:image:width\" content=\"1707\" \/>\n\t<meta property=\"og:image:height\" content=\"2560\" \/>\n\t<meta property=\"og:image:type\" content=\"image\/jpeg\" \/>\n<meta name=\"twitter:card\" content=\"summary_large_image\" \/>\n<meta name=\"twitter:label1\" content=\"Procijenjeno vrijeme \u010ditanja\" \/>\n\t<meta name=\"twitter:data1\" content=\"3 minute\" \/>\n<script type=\"application\/ld+json\" class=\"yoast-schema-graph\">{\"@context\":\"https:\\\/\\\/schema.org\",\"@graph\":[{\"@type\":\"WebPage\",\"@id\":\"https:\\\/\\\/www.medulinriviera.info\\\/hr\\\/zdravlje-zdravstvene-usluge\\\/\",\"url\":\"https:\\\/\\\/www.medulinriviera.info\\\/hr\\\/zdravlje-zdravstvene-usluge\\\/\",\"name\":\"Zdravlje & zdravstvene usluge - Medulin Riviera\",\"isPartOf\":{\"@id\":\"https:\\\/\\\/www.medulinriviera.info\\\/hr\\\/#website\"},\"primaryImageOfPage\":{\"@id\":\"https:\\\/\\\/www.medulinriviera.info\\\/hr\\\/zdravlje-zdravstvene-usluge\\\/#primaryimage\"},\"image\":{\"@id\":\"https:\\\/\\\/www.medulinriviera.info\\\/hr\\\/zdravlje-zdravstvene-usluge\\\/#primaryimage\"},\"thumbnailUrl\":\"https:\\\/\\\/www.medulinriviera.info\\\/wp-content\\\/uploads\\\/2022\\\/03\\\/Healty-Slikapexels-karolina-grabowska-4386467-scaled.jpg\",\"datePublished\":\"2022-03-30T07:42:18+00:00\",\"dateModified\":\"2022-07-25T09:44:32+00:00\",\"breadcrumb\":{\"@id\":\"https:\\\/\\\/www.medulinriviera.info\\\/hr\\\/zdravlje-zdravstvene-usluge\\\/#breadcrumb\"},\"inLanguage\":\"hr\",\"potentialAction\":[{\"@type\":\"ReadAction\",\"target\":[\"https:\\\/\\\/www.medulinriviera.info\\\/hr\\\/zdravlje-zdravstvene-usluge\\\/\"]}]},{\"@type\":\"ImageObject\",\"inLanguage\":\"hr\",\"@id\":\"https:\\\/\\\/www.medulinriviera.info\\\/hr\\\/zdravlje-zdravstvene-usluge\\\/#primaryimage\",\"url\":\"https:\\\/\\\/www.medulinriviera.info\\\/wp-content\\\/uploads\\\/2022\\\/03\\\/Healty-Slikapexels-karolina-grabowska-4386467-scaled.jpg\",\"contentUrl\":\"https:\\\/\\\/www.medulinriviera.info\\\/wp-content\\\/uploads\\\/2022\\\/03\\\/Healty-Slikapexels-karolina-grabowska-4386467-scaled.jpg\",\"width\":1707,\"height\":2560},{\"@type\":\"BreadcrumbList\",\"@id\":\"https:\\\/\\\/www.medulinriviera.info\\\/hr\\\/zdravlje-zdravstvene-usluge\\\/#breadcrumb\",\"itemListElement\":[{\"@type\":\"ListItem\",\"position\":1,\"name\":\"Home\",\"item\":\"https:\\\/\\\/www.medulinriviera.info\\\/hr\\\/\"},{\"@type\":\"ListItem\",\"position\":2,\"name\":\"Zdravlje &#038; zdravstvene usluge\"}]},{\"@type\":\"WebSite\",\"@id\":\"https:\\\/\\\/www.medulinriviera.info\\\/hr\\\/#website\",\"url\":\"https:\\\/\\\/www.medulinriviera.info\\\/hr\\\/\",\"name\":\"Medulin Riviera\",\"description\":\"Plavi planet\",\"publisher\":{\"@id\":\"https:\\\/\\\/www.medulinriviera.info\\\/hr\\\/#organization\"},\"potentialAction\":[{\"@type\":\"SearchAction\",\"target\":{\"@type\":\"EntryPoint\",\"urlTemplate\":\"https:\\\/\\\/www.medulinriviera.info\\\/hr\\\/?s={search_term_string}\"},\"query-input\":{\"@type\":\"PropertyValueSpecification\",\"valueRequired\":true,\"valueName\":\"search_term_string\"}}],\"inLanguage\":\"hr\"},{\"@type\":\"Organization\",\"@id\":\"https:\\\/\\\/www.medulinriviera.info\\\/hr\\\/#organization\",\"name\":\"Medulin Riviera\",\"url\":\"https:\\\/\\\/www.medulinriviera.info\\\/hr\\\/\",\"logo\":{\"@type\":\"ImageObject\",\"inLanguage\":\"hr\",\"@id\":\"https:\\\/\\\/www.medulinriviera.info\\\/hr\\\/#\\\/schema\\\/logo\\\/image\\\/\",\"url\":\"https:\\\/\\\/www.medulinriviera.info\\\/wp-content\\\/uploads\\\/2020\\\/06\\\/logo-alt.png\",\"contentUrl\":\"https:\\\/\\\/www.medulinriviera.info\\\/wp-content\\\/uploads\\\/2020\\\/06\\\/logo-alt.png\",\"width\":264,\"height\":78,\"caption\":\"Medulin Riviera\"},\"image\":{\"@id\":\"https:\\\/\\\/www.medulinriviera.info\\\/hr\\\/#\\\/schema\\\/logo\\\/image\\\/\"},\"sameAs\":[\"https:\\\/\\\/www.facebook.com\\\/medulinriviera\\\/\",\"https:\\\/\\\/www.instagram.com\\\/medulinriviera\\\/\",\"https:\\\/\\\/www.youtube.com\\\/channel\\\/UCYdC8kYbK9OEmlmeZydpumQ\"]}]}<\/script>\n<!-- \/ Yoast SEO plugin. -->","yoast_head_json":{"title":"Zdravlje & zdravstvene usluge - Medulin Riviera","robots":{"index":"index","follow":"follow","max-snippet":"max-snippet:-1","max-image-preview":"max-image-preview:large","max-video-preview":"max-video-preview:-1"},"canonical":"https:\/\/www.medulinriviera.info\/hr\/zdravlje-zdravstvene-usluge\/","og_locale":"hr_HR","og_type":"article","og_title":"Zdravlje & zdravstvene usluge - Medulin Riviera","og_description":"Zdravstvene ustanove temeljem ugovornih obveza s HZZO-om pru\u017eaju usluge doma\u0107im i stranim turistima koji borave na podru\u010dju Istarske \u017eupanije. U...","og_url":"https:\/\/www.medulinriviera.info\/hr\/zdravlje-zdravstvene-usluge\/","og_site_name":"Medulin Riviera","article_publisher":"https:\/\/www.facebook.com\/medulinriviera\/","article_modified_time":"2022-07-25T09:44:32+00:00","og_image":[{"width":1707,"height":2560,"url":"https:\/\/www.medulinriviera.info\/wp-content\/uploads\/2022\/03\/Healty-Slikapexels-karolina-grabowska-4386467-scaled.jpg","type":"image\/jpeg"}],"twitter_card":"summary_large_image","twitter_misc":{"Procijenjeno vrijeme \u010ditanja":"3 minute"},"schema":{"@context":"https:\/\/schema.org","@graph":[{"@type":"WebPage","@id":"https:\/\/www.medulinriviera.info\/hr\/zdravlje-zdravstvene-usluge\/","url":"https:\/\/www.medulinriviera.info\/hr\/zdravlje-zdravstvene-usluge\/","name":"Zdravlje & zdravstvene usluge - Medulin Riviera","isPartOf":{"@id":"https:\/\/www.medulinriviera.info\/hr\/#website"},"primaryImageOfPage":{"@id":"https:\/\/www.medulinriviera.info\/hr\/zdravlje-zdravstvene-usluge\/#primaryimage"},"image":{"@id":"https:\/\/www.medulinriviera.info\/hr\/zdravlje-zdravstvene-usluge\/#primaryimage"},"thumbnailUrl":"https:\/\/www.medulinriviera.info\/wp-content\/uploads\/2022\/03\/Healty-Slikapexels-karolina-grabowska-4386467-scaled.jpg","datePublished":"2022-03-30T07:42:18+00:00","dateModified":"2022-07-25T09:44:32+00:00","breadcrumb":{"@id":"https:\/\/www.medulinriviera.info\/hr\/zdravlje-zdravstvene-usluge\/#breadcrumb"},"inLanguage":"hr","potentialAction":[{"@type":"ReadAction","target":["https:\/\/www.medulinriviera.info\/hr\/zdravlje-zdravstvene-usluge\/"]}]},{"@type":"ImageObject","inLanguage":"hr","@id":"https:\/\/www.medulinriviera.info\/hr\/zdravlje-zdravstvene-usluge\/#primaryimage","url":"https:\/\/www.medulinriviera.info\/wp-content\/uploads\/2022\/03\/Healty-Slikapexels-karolina-grabowska-4386467-scaled.jpg","contentUrl":"https:\/\/www.medulinriviera.info\/wp-content\/uploads\/2022\/03\/Healty-Slikapexels-karolina-grabowska-4386467-scaled.jpg","width":1707,"height":2560},{"@type":"BreadcrumbList","@id":"https:\/\/www.medulinriviera.info\/hr\/zdravlje-zdravstvene-usluge\/#breadcrumb","itemListElement":[{"@type":"ListItem","position":1,"name":"Home","item":"https:\/\/www.medulinriviera.info\/hr\/"},{"@type":"ListItem","position":2,"name":"Zdravlje &#038; zdravstvene usluge"}]},{"@type":"WebSite","@id":"https:\/\/www.medulinriviera.info\/hr\/#website","url":"https:\/\/www.medulinriviera.info\/hr\/","name":"Medulin Riviera","description":"Plavi planet","publisher":{"@id":"https:\/\/www.medulinriviera.info\/hr\/#organization"},"potentialAction":[{"@type":"SearchAction","target":{"@type":"EntryPoint","urlTemplate":"https:\/\/www.medulinriviera.info\/hr\/?s={search_term_string}"},"query-input":{"@type":"PropertyValueSpecification","valueRequired":true,"valueName":"search_term_string"}}],"inLanguage":"hr"},{"@type":"Organization","@id":"https:\/\/www.medulinriviera.info\/hr\/#organization","name":"Medulin Riviera","url":"https:\/\/www.medulinriviera.info\/hr\/","logo":{"@type":"ImageObject","inLanguage":"hr","@id":"https:\/\/www.medulinriviera.info\/hr\/#\/schema\/logo\/image\/","url":"https:\/\/www.medulinriviera.info\/wp-content\/uploads\/2020\/06\/logo-alt.png","contentUrl":"https:\/\/www.medulinriviera.info\/wp-content\/uploads\/2020\/06\/logo-alt.png","width":264,"height":78,"caption":"Medulin Riviera"},"image":{"@id":"https:\/\/www.medulinriviera.info\/hr\/#\/schema\/logo\/image\/"},"sameAs":["https:\/\/www.facebook.com\/medulinriviera\/","https:\/\/www.instagram.com\/medulinriviera\/","https:\/\/www.youtube.com\/channel\/UCYdC8kYbK9OEmlmeZydpumQ"]}]}},"wpml_current_locale":"hr","wpml_translations":[{"locale":"en_US","id":22648,"post_title":"Health & Health care services","href":"https:\/\/www.medulinriviera.info\/health-and-health-care-services\/"},{"locale":"fr_FR","id":22707,"post_title":"Sant\u00e9 et services medicaux","href":"https:\/\/www.medulinriviera.info\/fr\/sante-et-services-medicaux\/"},{"locale":"de_DE","id":22705,"post_title":"Gesundheit & Gesundheitsdienstleistungen","href":"https:\/\/www.medulinriviera.info\/de\/gesundheit-gesundheitsdienstleistungen\/"},{"locale":"it_IT","id":22709,"post_title":"Salute & Assistenza sanitaria","href":"https:\/\/www.medulinriviera.info\/it\/salute-assistenza-sanitaria\/"}],"_links":{"self":[{"href":"https:\/\/www.medulinriviera.info\/hr\/wp-json\/wp\/v2\/pages\/22703","targetHints":{"allow":["GET"]}}],"collection":[{"href":"https:\/\/www.medulinriviera.info\/hr\/wp-json\/wp\/v2\/pages"}],"about":[{"href":"https:\/\/www.medulinriviera.info\/hr\/wp-json\/wp\/v2\/types\/page"}],"author":[{"embeddable":true,"href":"https:\/\/www.medulinriviera.info\/hr\/wp-json\/wp\/v2\/users\/5"}],"replies":[{"embeddable":true,"href":"https:\/\/www.medulinriviera.info\/hr\/wp-json\/wp\/v2\/comments?post=22703"}],"version-history":[{"count":0,"href":"https:\/\/www.medulinriviera.info\/hr\/wp-json\/wp\/v2\/pages\/22703\/revisions"}],"wp:featuredmedia":[{"embeddable":true,"href":"https:\/\/www.medulinriviera.info\/hr\/wp-json\/wp\/v2\/media\/22849"}],"wp:attachment":[{"href":"https:\/\/www.medulinriviera.info\/hr\/wp-json\/wp\/v2\/media?parent=22703"}],"wp:term":[{"taxonomy":"classificator","embeddable":true,"href":"https:\/\/www.medulinriviera.info\/hr\/wp-json\/wp\/v2\/classificator?post=22703"}],"curies":[{"name":"wp","href":"https:\/\/api.w.org\/{rel}","templated":true}]}}