{"id":20930,"date":"2021-11-08T12:53:56","date_gmt":"2021-11-08T11:53:56","guid":{"rendered":"https:\/\/www.medulinriviera.info\/?page_id=20930"},"modified":"2021-11-08T13:22:34","modified_gmt":"2021-11-08T12:22:34","slug":"servisne-informacije-kamenjak","status":"publish","type":"page","link":"https:\/\/www.medulinriviera.info\/hr\/kamenjak\/servisne-informacije-kamenjak\/","title":{"rendered":"Servisne informacije Kamenjak"},"content":{"rendered":"\n<p>Donji i Gornji Kamenjak, ta fantasti\u010dna prirodna podru\u010dja nalaze se u blizini mjesta Premantura, na samom jugu istarskog poluotoka.<\/p>\n\n\n\n<p>Podru\u010dje Gornjeg Kamenjaka mo\u017eete posjetiti tijekom cijele godine bez pla\u0107anja ulaza, dovoljno je da prije ulaska u mjesto Premantura skrenete desno prema lokalnom groblju, koje je i polazi\u0161na to\u010dka za sve bike i pje\u0161a\u010dke rute na Gornjem Kamenjaku.<\/p>\n\n\n\n<p>Za ulaz na&nbsp; podru\u010dje Donjeg Kamenjaka, na kojem se nalaze i neke od najljep\u0161ih pla\u017ea u Istri,&nbsp; pla\u0107a se ulaz u razdoblju od svibnja do listopada ako \u017eelite taj dio netaknute prirode posjetiti na motociklu, automobilom ili kamperom. Izvan glavne turisti\u010dke sezone ulaz motornim vozilom je mogu\u0107 bez naplate. Pje\u0161aci i biciklisti tijekom cijele godine mogu posjetiti podru\u010dje Donjeg Kamenjak bez naplate i u\u017eivati u njegovim \u010darima.<\/p>\n\n\n\n<p>Jednodnevna ulaznica za motocikl je 40 kuna, 80 kuna je za automobil, 150 kuna platit \u0107ete za kamper, a <strong><a href=\"https:\/\/kamenjak.hr\/hr\/planiraj-posjet\/cjenik\">sve cijene mo\u017eete potra\u017eiti &nbsp;OVDJE<\/a><\/strong> . Ulaznice mo\u017eete kupiti na ulaznim rampama u podru\u010dje Donjeg Kamenjaka, a za izbjegavanje \u010dekanja u ljetnih mjesecima (tada znaju biti poprili\u010dne gu\u017eve) svakako preporu\u010dujemo <strong><a href=\"https:\/\/kamenjak.hr\/hr\/ulaznice\">ON-LINE kupnju ulaznica.<\/a><\/strong><\/p>\n\n\n\n<p>Tijekom va\u0161eg boravka na Kamenjaku molimo vas da se pridr\u017eavate <strong><a href=\"https:\/\/kamenjak.hr\/hr\/planiraj-posjet\/pravila-ponasanja\">pravila pona\u0161anja<\/a><\/strong> koja i ina\u010de vrijede za boravak u prirodi i na moru.<\/p>\n\n\n\n<p>Branje, uni\u0161tavanje i sakupljanje<strong> <\/strong>za\u0161ti\u0107enih vrsta je zabranjeno. Kamenjakom treba voziti oprezno, ne previ\u0161e brzo, a va\u0161e automobile svakako parkirajte na za to ozna\u010denim mjestima. Na Kamenjaku nije dopu\u0161teno lo\u017eenje vatre izvan za to predvi\u0111enih mjesta.<\/p>\n\n\n\n<p>Na Kamenjaku nije dopu\u0161teno kampiranje, a svi njegovi posjetitelji moraju ga napustiti do 22 sata. Vozite li morem pazite na ronioce, pliva\u010de, ali u moru se \u010duvajte i morskih struja koje su ovdje vrlo jake. U\u017eivajte u pogledu na dupine, ali nemojte ih uznemiravati. \u010cuvajte okoli\u0161, ne bacajte i ostavljajte sme\u0107e za sobom. <\/p>\n\n\n\n<p>Detaljnije upute i pravila pona\u0161anja za podru\u010dje Donjeg i Gornjeg Kamenjaka mo\u017eete prona\u0107i<strong><a href=\"https:\/\/kamenjak.hr\/hr\/planiraj-posjet\/pravila-ponasanja\"> <u>OVDJE<\/u>.<\/a><\/strong> Po\u0161tuju\u0107i iste pomo\u0107i \u0107ete nam da ovaj prostor sa\u010duvamo i za neke budu\u0107e generacije.<\/p>\n\n\n\n<p>Na podru\u010dju Donjeg Kamenjaka i medulinskog arhipelaga te Gornjeg Kamenjaka, djeluje <em>Slu\u017eba \u010duvara prirode Javne ustanove Kamenjak<\/em> (rend\u017eeri) kojima se uvijek mo\u017eete obratiti <strong>za pomo\u0107, dodatne informacije <\/strong>te \u00a0kontaktirati ih<strong> u slu\u010daju nezgode<\/strong>. Kontakt telefon rend\u017eera je <strong>00385 (0)98 255 52 57.<\/strong><\/p>\n\n\n\n<p>\u017delimo vam ugodan boravak na podru\u010dju zna\u010dajnih krajobraza Donjeg Kamenjaka i medulinskog arhipelaga te Gornjeg Kamenjaka, nadamo se da \u0107ete uz pomo\u0107 ovih savjeta provesti trenutke za pam\u0107enje.<\/p>\n","protected":false},"excerpt":{"rendered":"<p>Donji i Gornji Kamenjak, ta fantasti\u010dna prirodna podru\u010dja nalaze se u blizini mjesta Premantura, na samom jugu istarskog poluotoka. Podru\u010dje&#8230;<\/p>\n","protected":false},"author":2,"featured_media":18358,"parent":18380,"menu_order":3,"comment_status":"closed","ping_status":"closed","template":"","meta":{"_acf_changed":false,"footnotes":""},"classificator":[],"class_list":["post-20930","page","type-page","status-publish","has-post-thumbnail","hentry"],"acf":{"video":"","gallery":null},"yoast_head":"<!-- This site is optimized with the Yoast SEO plugin v27.3 - https:\/\/yoast.com\/product\/yoast-seo-wordpress\/ -->\n<title>Servisne informacije Kamenjak - Medulin Riviera<\/title>\n<meta name=\"robots\" content=\"index, follow, max-snippet:-1, max-image-preview:large, max-video-preview:-1\" \/>\n<link rel=\"canonical\" href=\"https:\/\/www.medulinriviera.info\/hr\/kamenjak\/servisne-informacije-kamenjak\/\" \/>\n<meta property=\"og:locale\" content=\"hr_HR\" \/>\n<meta property=\"og:type\" content=\"article\" \/>\n<meta property=\"og:title\" content=\"Servisne informacije Kamenjak - Medulin Riviera\" \/>\n<meta property=\"og:description\" content=\"Donji i Gornji Kamenjak, ta fantasti\u010dna prirodna podru\u010dja nalaze se u blizini mjesta Premantura, na samom jugu istarskog poluotoka. Podru\u010dje...\" \/>\n<meta property=\"og:url\" content=\"https:\/\/www.medulinriviera.info\/hr\/kamenjak\/servisne-informacije-kamenjak\/\" \/>\n<meta property=\"og:site_name\" content=\"Medulin Riviera\" \/>\n<meta property=\"article:publisher\" content=\"https:\/\/www.facebook.com\/medulinriviera\/\" \/>\n<meta property=\"article:modified_time\" content=\"2021-11-08T12:22:34+00:00\" \/>\n<meta property=\"og:image\" content=\"https:\/\/www.medulinriviera.info\/wp-content\/uploads\/2021\/05\/TZOMWEB-PanoramaKamenjak-Studio11-scaled.jpg\" \/>\n\t<meta property=\"og:image:width\" content=\"2560\" \/>\n\t<meta property=\"og:image:height\" content=\"1706\" \/>\n\t<meta property=\"og:image:type\" content=\"image\/jpeg\" \/>\n<meta name=\"twitter:card\" content=\"summary_large_image\" \/>\n<meta name=\"twitter:label1\" content=\"Procijenjeno vrijeme \u010ditanja\" \/>\n\t<meta name=\"twitter:data1\" content=\"2 minute\" \/>\n<script type=\"application\/ld+json\" class=\"yoast-schema-graph\">{\"@context\":\"https:\\\/\\\/schema.org\",\"@graph\":[{\"@type\":\"WebPage\",\"@id\":\"https:\\\/\\\/www.medulinriviera.info\\\/hr\\\/kamenjak\\\/servisne-informacije-kamenjak\\\/\",\"url\":\"https:\\\/\\\/www.medulinriviera.info\\\/hr\\\/kamenjak\\\/servisne-informacije-kamenjak\\\/\",\"name\":\"Servisne informacije Kamenjak - Medulin Riviera\",\"isPartOf\":{\"@id\":\"https:\\\/\\\/www.medulinriviera.info\\\/hr\\\/#website\"},\"primaryImageOfPage\":{\"@id\":\"https:\\\/\\\/www.medulinriviera.info\\\/hr\\\/kamenjak\\\/servisne-informacije-kamenjak\\\/#primaryimage\"},\"image\":{\"@id\":\"https:\\\/\\\/www.medulinriviera.info\\\/hr\\\/kamenjak\\\/servisne-informacije-kamenjak\\\/#primaryimage\"},\"thumbnailUrl\":\"https:\\\/\\\/www.medulinriviera.info\\\/wp-content\\\/uploads\\\/2021\\\/05\\\/TZOMWEB-PanoramaKamenjak-Studio11-scaled.jpg\",\"datePublished\":\"2021-11-08T11:53:56+00:00\",\"dateModified\":\"2021-11-08T12:22:34+00:00\",\"breadcrumb\":{\"@id\":\"https:\\\/\\\/www.medulinriviera.info\\\/hr\\\/kamenjak\\\/servisne-informacije-kamenjak\\\/#breadcrumb\"},\"inLanguage\":\"hr\",\"potentialAction\":[{\"@type\":\"ReadAction\",\"target\":[\"https:\\\/\\\/www.medulinriviera.info\\\/hr\\\/kamenjak\\\/servisne-informacije-kamenjak\\\/\"]}]},{\"@type\":\"ImageObject\",\"inLanguage\":\"hr\",\"@id\":\"https:\\\/\\\/www.medulinriviera.info\\\/hr\\\/kamenjak\\\/servisne-informacije-kamenjak\\\/#primaryimage\",\"url\":\"https:\\\/\\\/www.medulinriviera.info\\\/wp-content\\\/uploads\\\/2021\\\/05\\\/TZOMWEB-PanoramaKamenjak-Studio11-scaled.jpg\",\"contentUrl\":\"https:\\\/\\\/www.medulinriviera.info\\\/wp-content\\\/uploads\\\/2021\\\/05\\\/TZOMWEB-PanoramaKamenjak-Studio11-scaled.jpg\",\"width\":2560,\"height\":1706},{\"@type\":\"BreadcrumbList\",\"@id\":\"https:\\\/\\\/www.medulinriviera.info\\\/hr\\\/kamenjak\\\/servisne-informacije-kamenjak\\\/#breadcrumb\",\"itemListElement\":[{\"@type\":\"ListItem\",\"position\":1,\"name\":\"Home\",\"item\":\"https:\\\/\\\/www.medulinriviera.info\\\/hr\\\/\"},{\"@type\":\"ListItem\",\"position\":2,\"name\":\"Kamenjak\",\"item\":\"https:\\\/\\\/www.medulinriviera.info\\\/hr\\\/kamenjak\\\/\"},{\"@type\":\"ListItem\",\"position\":3,\"name\":\"Servisne informacije Kamenjak\"}]},{\"@type\":\"WebSite\",\"@id\":\"https:\\\/\\\/www.medulinriviera.info\\\/hr\\\/#website\",\"url\":\"https:\\\/\\\/www.medulinriviera.info\\\/hr\\\/\",\"name\":\"Medulin Riviera\",\"description\":\"Plavi planet\",\"publisher\":{\"@id\":\"https:\\\/\\\/www.medulinriviera.info\\\/hr\\\/#organization\"},\"potentialAction\":[{\"@type\":\"SearchAction\",\"target\":{\"@type\":\"EntryPoint\",\"urlTemplate\":\"https:\\\/\\\/www.medulinriviera.info\\\/hr\\\/?s={search_term_string}\"},\"query-input\":{\"@type\":\"PropertyValueSpecification\",\"valueRequired\":true,\"valueName\":\"search_term_string\"}}],\"inLanguage\":\"hr\"},{\"@type\":\"Organization\",\"@id\":\"https:\\\/\\\/www.medulinriviera.info\\\/hr\\\/#organization\",\"name\":\"Medulin Riviera\",\"url\":\"https:\\\/\\\/www.medulinriviera.info\\\/hr\\\/\",\"logo\":{\"@type\":\"ImageObject\",\"inLanguage\":\"hr\",\"@id\":\"https:\\\/\\\/www.medulinriviera.info\\\/hr\\\/#\\\/schema\\\/logo\\\/image\\\/\",\"url\":\"https:\\\/\\\/www.medulinriviera.info\\\/wp-content\\\/uploads\\\/2020\\\/06\\\/logo-alt.png\",\"contentUrl\":\"https:\\\/\\\/www.medulinriviera.info\\\/wp-content\\\/uploads\\\/2020\\\/06\\\/logo-alt.png\",\"width\":264,\"height\":78,\"caption\":\"Medulin Riviera\"},\"image\":{\"@id\":\"https:\\\/\\\/www.medulinriviera.info\\\/hr\\\/#\\\/schema\\\/logo\\\/image\\\/\"},\"sameAs\":[\"https:\\\/\\\/www.facebook.com\\\/medulinriviera\\\/\",\"https:\\\/\\\/www.instagram.com\\\/medulinriviera\\\/\",\"https:\\\/\\\/www.youtube.com\\\/channel\\\/UCYdC8kYbK9OEmlmeZydpumQ\"]}]}<\/script>\n<!-- \/ Yoast SEO plugin. -->","yoast_head_json":{"title":"Servisne informacije Kamenjak - Medulin Riviera","robots":{"index":"index","follow":"follow","max-snippet":"max-snippet:-1","max-image-preview":"max-image-preview:large","max-video-preview":"max-video-preview:-1"},"canonical":"https:\/\/www.medulinriviera.info\/hr\/kamenjak\/servisne-informacije-kamenjak\/","og_locale":"hr_HR","og_type":"article","og_title":"Servisne informacije Kamenjak - Medulin Riviera","og_description":"Donji i Gornji Kamenjak, ta fantasti\u010dna prirodna podru\u010dja nalaze se u blizini mjesta Premantura, na samom jugu istarskog poluotoka. Podru\u010dje...","og_url":"https:\/\/www.medulinriviera.info\/hr\/kamenjak\/servisne-informacije-kamenjak\/","og_site_name":"Medulin Riviera","article_publisher":"https:\/\/www.facebook.com\/medulinriviera\/","article_modified_time":"2021-11-08T12:22:34+00:00","og_image":[{"width":2560,"height":1706,"url":"https:\/\/www.medulinriviera.info\/wp-content\/uploads\/2021\/05\/TZOMWEB-PanoramaKamenjak-Studio11-scaled.jpg","type":"image\/jpeg"}],"twitter_card":"summary_large_image","twitter_misc":{"Procijenjeno vrijeme \u010ditanja":"2 minute"},"schema":{"@context":"https:\/\/schema.org","@graph":[{"@type":"WebPage","@id":"https:\/\/www.medulinriviera.info\/hr\/kamenjak\/servisne-informacije-kamenjak\/","url":"https:\/\/www.medulinriviera.info\/hr\/kamenjak\/servisne-informacije-kamenjak\/","name":"Servisne informacije Kamenjak - Medulin Riviera","isPartOf":{"@id":"https:\/\/www.medulinriviera.info\/hr\/#website"},"primaryImageOfPage":{"@id":"https:\/\/www.medulinriviera.info\/hr\/kamenjak\/servisne-informacije-kamenjak\/#primaryimage"},"image":{"@id":"https:\/\/www.medulinriviera.info\/hr\/kamenjak\/servisne-informacije-kamenjak\/#primaryimage"},"thumbnailUrl":"https:\/\/www.medulinriviera.info\/wp-content\/uploads\/2021\/05\/TZOMWEB-PanoramaKamenjak-Studio11-scaled.jpg","datePublished":"2021-11-08T11:53:56+00:00","dateModified":"2021-11-08T12:22:34+00:00","breadcrumb":{"@id":"https:\/\/www.medulinriviera.info\/hr\/kamenjak\/servisne-informacije-kamenjak\/#breadcrumb"},"inLanguage":"hr","potentialAction":[{"@type":"ReadAction","target":["https:\/\/www.medulinriviera.info\/hr\/kamenjak\/servisne-informacije-kamenjak\/"]}]},{"@type":"ImageObject","inLanguage":"hr","@id":"https:\/\/www.medulinriviera.info\/hr\/kamenjak\/servisne-informacije-kamenjak\/#primaryimage","url":"https:\/\/www.medulinriviera.info\/wp-content\/uploads\/2021\/05\/TZOMWEB-PanoramaKamenjak-Studio11-scaled.jpg","contentUrl":"https:\/\/www.medulinriviera.info\/wp-content\/uploads\/2021\/05\/TZOMWEB-PanoramaKamenjak-Studio11-scaled.jpg","width":2560,"height":1706},{"@type":"BreadcrumbList","@id":"https:\/\/www.medulinriviera.info\/hr\/kamenjak\/servisne-informacije-kamenjak\/#breadcrumb","itemListElement":[{"@type":"ListItem","position":1,"name":"Home","item":"https:\/\/www.medulinriviera.info\/hr\/"},{"@type":"ListItem","position":2,"name":"Kamenjak","item":"https:\/\/www.medulinriviera.info\/hr\/kamenjak\/"},{"@type":"ListItem","position":3,"name":"Servisne informacije Kamenjak"}]},{"@type":"WebSite","@id":"https:\/\/www.medulinriviera.info\/hr\/#website","url":"https:\/\/www.medulinriviera.info\/hr\/","name":"Medulin Riviera","description":"Plavi planet","publisher":{"@id":"https:\/\/www.medulinriviera.info\/hr\/#organization"},"potentialAction":[{"@type":"SearchAction","target":{"@type":"EntryPoint","urlTemplate":"https:\/\/www.medulinriviera.info\/hr\/?s={search_term_string}"},"query-input":{"@type":"PropertyValueSpecification","valueRequired":true,"valueName":"search_term_string"}}],"inLanguage":"hr"},{"@type":"Organization","@id":"https:\/\/www.medulinriviera.info\/hr\/#organization","name":"Medulin Riviera","url":"https:\/\/www.medulinriviera.info\/hr\/","logo":{"@type":"ImageObject","inLanguage":"hr","@id":"https:\/\/www.medulinriviera.info\/hr\/#\/schema\/logo\/image\/","url":"https:\/\/www.medulinriviera.info\/wp-content\/uploads\/2020\/06\/logo-alt.png","contentUrl":"https:\/\/www.medulinriviera.info\/wp-content\/uploads\/2020\/06\/logo-alt.png","width":264,"height":78,"caption":"Medulin Riviera"},"image":{"@id":"https:\/\/www.medulinriviera.info\/hr\/#\/schema\/logo\/image\/"},"sameAs":["https:\/\/www.facebook.com\/medulinriviera\/","https:\/\/www.instagram.com\/medulinriviera\/","https:\/\/www.youtube.com\/channel\/UCYdC8kYbK9OEmlmeZydpumQ"]}]}},"wpml_current_locale":"hr","wpml_translations":[{"locale":"en_US","id":20928,"post_title":"Service Information Kamenjak","href":"https:\/\/www.medulinriviera.info\/amazing-nature-kamenjak\/service-information\/"},{"locale":"fr_FR","id":20932,"post_title":"Informations de service Kamenjak","href":"https:\/\/www.medulinriviera.info\/fr\/kamenjak\/informations-de-service-kamenjak\/"},{"locale":"de_DE","id":20934,"post_title":"Verhaltensregeln f\u00fcr Kamenjak","href":"https:\/\/www.medulinriviera.info\/de\/kamenjak\/verhaltensregeln-fuer-kamenjak\/"},{"locale":"it_IT","id":20936,"post_title":"Regole di comportamento di Kamenjak","href":"https:\/\/www.medulinriviera.info\/it\/kamenjak\/regole-di-comportamento-di-kamenjak\/"}],"_links":{"self":[{"href":"https:\/\/www.medulinriviera.info\/hr\/wp-json\/wp\/v2\/pages\/20930","targetHints":{"allow":["GET"]}}],"collection":[{"href":"https:\/\/www.medulinriviera.info\/hr\/wp-json\/wp\/v2\/pages"}],"about":[{"href":"https:\/\/www.medulinriviera.info\/hr\/wp-json\/wp\/v2\/types\/page"}],"author":[{"embeddable":true,"href":"https:\/\/www.medulinriviera.info\/hr\/wp-json\/wp\/v2\/users\/2"}],"replies":[{"embeddable":true,"href":"https:\/\/www.medulinriviera.info\/hr\/wp-json\/wp\/v2\/comments?post=20930"}],"version-history":[{"count":0,"href":"https:\/\/www.medulinriviera.info\/hr\/wp-json\/wp\/v2\/pages\/20930\/revisions"}],"up":[{"embeddable":true,"href":"https:\/\/www.medulinriviera.info\/hr\/wp-json\/wp\/v2\/pages\/18380"}],"wp:featuredmedia":[{"embeddable":true,"href":"https:\/\/www.medulinriviera.info\/hr\/wp-json\/wp\/v2\/media\/18358"}],"wp:attachment":[{"href":"https:\/\/www.medulinriviera.info\/hr\/wp-json\/wp\/v2\/media?parent=20930"}],"wp:term":[{"taxonomy":"classificator","embeddable":true,"href":"https:\/\/www.medulinriviera.info\/hr\/wp-json\/wp\/v2\/classificator?post=20930"}],"curies":[{"name":"wp","href":"https:\/\/api.w.org\/{rel}","templated":true}]}}