{"id":20920,"date":"2021-11-08T12:28:04","date_gmt":"2021-11-08T11:28:04","guid":{"rendered":"https:\/\/www.medulinriviera.info\/?page_id=20920"},"modified":"2021-11-08T12:28:05","modified_gmt":"2021-11-08T11:28:05","slug":"vodeni-edukativni-programi-kamenjak","status":"publish","type":"page","link":"https:\/\/www.medulinriviera.info\/hr\/kamenjak\/vodeni-edukativni-programi-kamenjak\/","title":{"rendered":"Vo\u0111eni edukativni programi Kamenjak"},"content":{"rendered":"\n<p><strong>Istra\u017eite Donji Kamenjak organiziranim vo\u0111enim programom<\/strong><\/p>\n\n\n\n<p>Za sve one koji vi\u0161e \u017eele znati o prekrasnom Kamenjaku Javna ustanova Kamenjak tijekom cijele godine organizira vo\u0111eni program na Donjem Kamenjaku za goste na hrvatskom i engleskom jeziku.<\/p>\n\n\n\n<p>Program koji traje oko tri sata otkrit \u0107e vam sve ljepote ovog za\u0161ti\u0107enog podru\u010dja koje se rasprostire na oko 400 hektara, a po\u010dinje zanimljivim filmom u centru Premanture. Preporu\u010damo da u \u0161etnju Donjim Kamenjakom krenete u jutarnjim satima, najbolje izme\u0111u osam i deset sati ujutro. Cijena je 50 kuna, ili oko sedam eura, a svi oni koji mo\u017eda nakon ove fascinantne \u0161etnje po\u017eele ostati na Kamenjaku mogu to i u\u010diniti i jo\u0161 malo u\u017eivati u ljepotama, zaplivati ili zaroniti u kristalno \u010disto more.<\/p>\n\n\n\n<p>Svi zainteresirani za ovaj program stru\u010dnog vo\u0111enja mogu se javiti i dogovoriti termin u Javnoj ustanovi Kamenjak na mob. 00385 91 157 6461 ili e-mail edukator@kamenjak.hr<\/p>\n\n\n\n<p>Vi\u0161e informacija potra\u017eite <strong><a href=\"https:\/\/kamenjak.hr\/hr\/planiraj-posjet\/edukacija\">OVDJE<\/a><\/strong>.<\/p>\n\n\n\n<p>Javna ustanova Kamenjak osim toga organizira cijeli niz edukacija namijenjenih djeci od vrti\u0107ke dobi, preko osnovno\u0161kolske i srednjo\u0161kolske dobi na hrvatskom jeziku. Cilj je edukativnih aktivnosti prenijeti znanje o za\u0161ti\u0107enim podru\u010djima, \u0161to Kamenjak je,&nbsp; te kroz istra\u017eivanje, timski rad i interakciju sa prirodom pru\u017eiti informacije za potpuno razumijevanje prirode i vrijednosti za\u0161ti\u0107enih podru\u010dja.<\/p>\n\n\n\n<p>Uz pomo\u0107 edukatora mladi \u010duvari prirode, ali i oni najstariji, \u010dut \u0107e puno informacija o ljekovitom i aromati\u010dnom bilju, travnjacima, kukcima, dinosaurima i \u0161umi. Istra\u017eit \u0107e morsku obalu i Donji Kamenjak. Svi programi prilago\u0111eni su uzrastima, a cijene su od 15 kuna po djetetu za radionice namijenjene vrti\u0107kim mali\u0161anima do 25 kuna za edukativne programe koji su prilago\u0111eni osnovno\u0161kolcima.<\/p>\n\n\n\n<p>Vi\u0161e informacija mo\u017eete prona\u0107i <strong><a href=\"https:\/\/kamenjak.hr\/hr\/planiraj-posjet\/edukacija\">OVDJE<\/a><\/strong> , a svi zainteresirani mogu se javiti i dogovoriti termin u Javnoj ustanovi Kamenjak na mob. 00385 91 157 6461 ili e-mail edukator@kamenjak.hr<\/p>\n","protected":false},"excerpt":{"rendered":"<p>Istra\u017eite Donji Kamenjak organiziranim vo\u0111enim programom Za sve one koji vi\u0161e \u017eele znati o prekrasnom Kamenjaku Javna ustanova Kamenjak tijekom&#8230;<\/p>\n","protected":false},"author":2,"featured_media":20518,"parent":18380,"menu_order":1,"comment_status":"closed","ping_status":"closed","template":"","meta":{"_acf_changed":false,"footnotes":""},"classificator":[],"class_list":["post-20920","page","type-page","status-publish","has-post-thumbnail","hentry"],"acf":{"video":"","gallery":null},"yoast_head":"<!-- This site is optimized with the Yoast SEO plugin v27.5 - https:\/\/yoast.com\/product\/yoast-seo-wordpress\/ -->\n<title>Vo\u0111eni edukativni programi Kamenjak - Medulin Riviera<\/title>\n<meta name=\"robots\" content=\"index, follow, max-snippet:-1, max-image-preview:large, max-video-preview:-1\" \/>\n<link rel=\"canonical\" href=\"https:\/\/www.medulinriviera.info\/hr\/kamenjak\/vodeni-edukativni-programi-kamenjak\/\" \/>\n<meta property=\"og:locale\" content=\"hr_HR\" \/>\n<meta property=\"og:type\" content=\"article\" \/>\n<meta property=\"og:title\" content=\"Vo\u0111eni edukativni programi Kamenjak - Medulin Riviera\" \/>\n<meta property=\"og:description\" content=\"Istra\u017eite Donji Kamenjak organiziranim vo\u0111enim programom Za sve one koji vi\u0161e \u017eele znati o prekrasnom Kamenjaku Javna ustanova Kamenjak tijekom...\" \/>\n<meta property=\"og:url\" content=\"https:\/\/www.medulinriviera.info\/hr\/kamenjak\/vodeni-edukativni-programi-kamenjak\/\" \/>\n<meta property=\"og:site_name\" content=\"Medulin Riviera\" \/>\n<meta property=\"article:publisher\" content=\"https:\/\/www.facebook.com\/medulinriviera\/\" \/>\n<meta property=\"article:modified_time\" content=\"2021-11-08T11:28:05+00:00\" \/>\n<meta property=\"og:image\" content=\"https:\/\/www.medulinriviera.info\/wp-content\/uploads\/2020\/05\/TZOMWEB-KamenjakStazaZaSlijepe1-Studio11-scaled.jpg\" \/>\n\t<meta property=\"og:image:width\" content=\"2560\" \/>\n\t<meta property=\"og:image:height\" content=\"1706\" \/>\n\t<meta property=\"og:image:type\" content=\"image\/jpeg\" \/>\n<meta name=\"twitter:card\" content=\"summary_large_image\" \/>\n<meta name=\"twitter:label1\" content=\"Procijenjeno vrijeme \u010ditanja\" \/>\n\t<meta name=\"twitter:data1\" content=\"2 minute\" \/>\n<script type=\"application\/ld+json\" class=\"yoast-schema-graph\">{\"@context\":\"https:\\\/\\\/schema.org\",\"@graph\":[{\"@type\":\"WebPage\",\"@id\":\"https:\\\/\\\/www.medulinriviera.info\\\/hr\\\/kamenjak\\\/vodeni-edukativni-programi-kamenjak\\\/\",\"url\":\"https:\\\/\\\/www.medulinriviera.info\\\/hr\\\/kamenjak\\\/vodeni-edukativni-programi-kamenjak\\\/\",\"name\":\"Vo\u0111eni edukativni programi Kamenjak - Medulin Riviera\",\"isPartOf\":{\"@id\":\"https:\\\/\\\/www.medulinriviera.info\\\/hr\\\/#website\"},\"primaryImageOfPage\":{\"@id\":\"https:\\\/\\\/www.medulinriviera.info\\\/hr\\\/kamenjak\\\/vodeni-edukativni-programi-kamenjak\\\/#primaryimage\"},\"image\":{\"@id\":\"https:\\\/\\\/www.medulinriviera.info\\\/hr\\\/kamenjak\\\/vodeni-edukativni-programi-kamenjak\\\/#primaryimage\"},\"thumbnailUrl\":\"https:\\\/\\\/www.medulinriviera.info\\\/wp-content\\\/uploads\\\/2020\\\/05\\\/TZOMWEB-KamenjakStazaZaSlijepe1-Studio11-scaled.jpg\",\"datePublished\":\"2021-11-08T11:28:04+00:00\",\"dateModified\":\"2021-11-08T11:28:05+00:00\",\"breadcrumb\":{\"@id\":\"https:\\\/\\\/www.medulinriviera.info\\\/hr\\\/kamenjak\\\/vodeni-edukativni-programi-kamenjak\\\/#breadcrumb\"},\"inLanguage\":\"hr\",\"potentialAction\":[{\"@type\":\"ReadAction\",\"target\":[\"https:\\\/\\\/www.medulinriviera.info\\\/hr\\\/kamenjak\\\/vodeni-edukativni-programi-kamenjak\\\/\"]}]},{\"@type\":\"ImageObject\",\"inLanguage\":\"hr\",\"@id\":\"https:\\\/\\\/www.medulinriviera.info\\\/hr\\\/kamenjak\\\/vodeni-edukativni-programi-kamenjak\\\/#primaryimage\",\"url\":\"https:\\\/\\\/www.medulinriviera.info\\\/wp-content\\\/uploads\\\/2020\\\/05\\\/TZOMWEB-KamenjakStazaZaSlijepe1-Studio11-scaled.jpg\",\"contentUrl\":\"https:\\\/\\\/www.medulinriviera.info\\\/wp-content\\\/uploads\\\/2020\\\/05\\\/TZOMWEB-KamenjakStazaZaSlijepe1-Studio11-scaled.jpg\",\"width\":2560,\"height\":1706},{\"@type\":\"BreadcrumbList\",\"@id\":\"https:\\\/\\\/www.medulinriviera.info\\\/hr\\\/kamenjak\\\/vodeni-edukativni-programi-kamenjak\\\/#breadcrumb\",\"itemListElement\":[{\"@type\":\"ListItem\",\"position\":1,\"name\":\"Home\",\"item\":\"https:\\\/\\\/www.medulinriviera.info\\\/hr\\\/\"},{\"@type\":\"ListItem\",\"position\":2,\"name\":\"Kamenjak\",\"item\":\"https:\\\/\\\/www.medulinriviera.info\\\/hr\\\/kamenjak\\\/\"},{\"@type\":\"ListItem\",\"position\":3,\"name\":\"Vo\u0111eni edukativni programi Kamenjak\"}]},{\"@type\":\"WebSite\",\"@id\":\"https:\\\/\\\/www.medulinriviera.info\\\/hr\\\/#website\",\"url\":\"https:\\\/\\\/www.medulinriviera.info\\\/hr\\\/\",\"name\":\"Medulin Riviera\",\"description\":\"Plavi planet\",\"publisher\":{\"@id\":\"https:\\\/\\\/www.medulinriviera.info\\\/hr\\\/#organization\"},\"potentialAction\":[{\"@type\":\"SearchAction\",\"target\":{\"@type\":\"EntryPoint\",\"urlTemplate\":\"https:\\\/\\\/www.medulinriviera.info\\\/hr\\\/?s={search_term_string}\"},\"query-input\":{\"@type\":\"PropertyValueSpecification\",\"valueRequired\":true,\"valueName\":\"search_term_string\"}}],\"inLanguage\":\"hr\"},{\"@type\":\"Organization\",\"@id\":\"https:\\\/\\\/www.medulinriviera.info\\\/hr\\\/#organization\",\"name\":\"Medulin Riviera\",\"url\":\"https:\\\/\\\/www.medulinriviera.info\\\/hr\\\/\",\"logo\":{\"@type\":\"ImageObject\",\"inLanguage\":\"hr\",\"@id\":\"https:\\\/\\\/www.medulinriviera.info\\\/hr\\\/#\\\/schema\\\/logo\\\/image\\\/\",\"url\":\"https:\\\/\\\/www.medulinriviera.info\\\/wp-content\\\/uploads\\\/2020\\\/06\\\/logo-alt.png\",\"contentUrl\":\"https:\\\/\\\/www.medulinriviera.info\\\/wp-content\\\/uploads\\\/2020\\\/06\\\/logo-alt.png\",\"width\":264,\"height\":78,\"caption\":\"Medulin Riviera\"},\"image\":{\"@id\":\"https:\\\/\\\/www.medulinriviera.info\\\/hr\\\/#\\\/schema\\\/logo\\\/image\\\/\"},\"sameAs\":[\"https:\\\/\\\/www.facebook.com\\\/medulinriviera\\\/\",\"https:\\\/\\\/www.instagram.com\\\/medulinriviera\\\/\",\"https:\\\/\\\/www.youtube.com\\\/channel\\\/UCYdC8kYbK9OEmlmeZydpumQ\"]}]}<\/script>\n<!-- \/ Yoast SEO plugin. -->","yoast_head_json":{"title":"Vo\u0111eni edukativni programi Kamenjak - Medulin Riviera","robots":{"index":"index","follow":"follow","max-snippet":"max-snippet:-1","max-image-preview":"max-image-preview:large","max-video-preview":"max-video-preview:-1"},"canonical":"https:\/\/www.medulinriviera.info\/hr\/kamenjak\/vodeni-edukativni-programi-kamenjak\/","og_locale":"hr_HR","og_type":"article","og_title":"Vo\u0111eni edukativni programi Kamenjak - Medulin Riviera","og_description":"Istra\u017eite Donji Kamenjak organiziranim vo\u0111enim programom Za sve one koji vi\u0161e \u017eele znati o prekrasnom Kamenjaku Javna ustanova Kamenjak tijekom...","og_url":"https:\/\/www.medulinriviera.info\/hr\/kamenjak\/vodeni-edukativni-programi-kamenjak\/","og_site_name":"Medulin Riviera","article_publisher":"https:\/\/www.facebook.com\/medulinriviera\/","article_modified_time":"2021-11-08T11:28:05+00:00","og_image":[{"width":2560,"height":1706,"url":"https:\/\/www.medulinriviera.info\/wp-content\/uploads\/2020\/05\/TZOMWEB-KamenjakStazaZaSlijepe1-Studio11-scaled.jpg","type":"image\/jpeg"}],"twitter_card":"summary_large_image","twitter_misc":{"Procijenjeno vrijeme \u010ditanja":"2 minute"},"schema":{"@context":"https:\/\/schema.org","@graph":[{"@type":"WebPage","@id":"https:\/\/www.medulinriviera.info\/hr\/kamenjak\/vodeni-edukativni-programi-kamenjak\/","url":"https:\/\/www.medulinriviera.info\/hr\/kamenjak\/vodeni-edukativni-programi-kamenjak\/","name":"Vo\u0111eni edukativni programi Kamenjak - Medulin Riviera","isPartOf":{"@id":"https:\/\/www.medulinriviera.info\/hr\/#website"},"primaryImageOfPage":{"@id":"https:\/\/www.medulinriviera.info\/hr\/kamenjak\/vodeni-edukativni-programi-kamenjak\/#primaryimage"},"image":{"@id":"https:\/\/www.medulinriviera.info\/hr\/kamenjak\/vodeni-edukativni-programi-kamenjak\/#primaryimage"},"thumbnailUrl":"https:\/\/www.medulinriviera.info\/wp-content\/uploads\/2020\/05\/TZOMWEB-KamenjakStazaZaSlijepe1-Studio11-scaled.jpg","datePublished":"2021-11-08T11:28:04+00:00","dateModified":"2021-11-08T11:28:05+00:00","breadcrumb":{"@id":"https:\/\/www.medulinriviera.info\/hr\/kamenjak\/vodeni-edukativni-programi-kamenjak\/#breadcrumb"},"inLanguage":"hr","potentialAction":[{"@type":"ReadAction","target":["https:\/\/www.medulinriviera.info\/hr\/kamenjak\/vodeni-edukativni-programi-kamenjak\/"]}]},{"@type":"ImageObject","inLanguage":"hr","@id":"https:\/\/www.medulinriviera.info\/hr\/kamenjak\/vodeni-edukativni-programi-kamenjak\/#primaryimage","url":"https:\/\/www.medulinriviera.info\/wp-content\/uploads\/2020\/05\/TZOMWEB-KamenjakStazaZaSlijepe1-Studio11-scaled.jpg","contentUrl":"https:\/\/www.medulinriviera.info\/wp-content\/uploads\/2020\/05\/TZOMWEB-KamenjakStazaZaSlijepe1-Studio11-scaled.jpg","width":2560,"height":1706},{"@type":"BreadcrumbList","@id":"https:\/\/www.medulinriviera.info\/hr\/kamenjak\/vodeni-edukativni-programi-kamenjak\/#breadcrumb","itemListElement":[{"@type":"ListItem","position":1,"name":"Home","item":"https:\/\/www.medulinriviera.info\/hr\/"},{"@type":"ListItem","position":2,"name":"Kamenjak","item":"https:\/\/www.medulinriviera.info\/hr\/kamenjak\/"},{"@type":"ListItem","position":3,"name":"Vo\u0111eni edukativni programi Kamenjak"}]},{"@type":"WebSite","@id":"https:\/\/www.medulinriviera.info\/hr\/#website","url":"https:\/\/www.medulinriviera.info\/hr\/","name":"Medulin Riviera","description":"Plavi planet","publisher":{"@id":"https:\/\/www.medulinriviera.info\/hr\/#organization"},"potentialAction":[{"@type":"SearchAction","target":{"@type":"EntryPoint","urlTemplate":"https:\/\/www.medulinriviera.info\/hr\/?s={search_term_string}"},"query-input":{"@type":"PropertyValueSpecification","valueRequired":true,"valueName":"search_term_string"}}],"inLanguage":"hr"},{"@type":"Organization","@id":"https:\/\/www.medulinriviera.info\/hr\/#organization","name":"Medulin Riviera","url":"https:\/\/www.medulinriviera.info\/hr\/","logo":{"@type":"ImageObject","inLanguage":"hr","@id":"https:\/\/www.medulinriviera.info\/hr\/#\/schema\/logo\/image\/","url":"https:\/\/www.medulinriviera.info\/wp-content\/uploads\/2020\/06\/logo-alt.png","contentUrl":"https:\/\/www.medulinriviera.info\/wp-content\/uploads\/2020\/06\/logo-alt.png","width":264,"height":78,"caption":"Medulin Riviera"},"image":{"@id":"https:\/\/www.medulinriviera.info\/hr\/#\/schema\/logo\/image\/"},"sameAs":["https:\/\/www.facebook.com\/medulinriviera\/","https:\/\/www.instagram.com\/medulinriviera\/","https:\/\/www.youtube.com\/channel\/UCYdC8kYbK9OEmlmeZydpumQ"]}]}},"wpml_current_locale":"hr","wpml_translations":[{"locale":"en_US","id":20918,"post_title":"Educational guided tours Kamenjak","href":"https:\/\/www.medulinriviera.info\/amazing-nature-kamenjak\/educational-guided-tours-kamenjak\/"},{"locale":"fr_FR","id":20922,"post_title":"Visites guid\u00e9es p\u00e9dagogiques Kamenjak","href":"https:\/\/www.medulinriviera.info\/fr\/kamenjak\/visites-guidees-pedagogiques-kamenjak\/"},{"locale":"de_DE","id":20924,"post_title":"Fachf\u00fchrung Kamenjak","href":"https:\/\/www.medulinriviera.info\/de\/kamenjak\/fachfuehrung-kamenjak\/"},{"locale":"it_IT","id":20926,"post_title":"Passeggiata educativa con guida Kamenjak","href":"https:\/\/www.medulinriviera.info\/it\/kamenjak\/passeggiata-educativa-con-guida-kamenjak\/"}],"_links":{"self":[{"href":"https:\/\/www.medulinriviera.info\/hr\/wp-json\/wp\/v2\/pages\/20920","targetHints":{"allow":["GET"]}}],"collection":[{"href":"https:\/\/www.medulinriviera.info\/hr\/wp-json\/wp\/v2\/pages"}],"about":[{"href":"https:\/\/www.medulinriviera.info\/hr\/wp-json\/wp\/v2\/types\/page"}],"author":[{"embeddable":true,"href":"https:\/\/www.medulinriviera.info\/hr\/wp-json\/wp\/v2\/users\/2"}],"replies":[{"embeddable":true,"href":"https:\/\/www.medulinriviera.info\/hr\/wp-json\/wp\/v2\/comments?post=20920"}],"version-history":[{"count":0,"href":"https:\/\/www.medulinriviera.info\/hr\/wp-json\/wp\/v2\/pages\/20920\/revisions"}],"up":[{"embeddable":true,"href":"https:\/\/www.medulinriviera.info\/hr\/wp-json\/wp\/v2\/pages\/18380"}],"wp:featuredmedia":[{"embeddable":true,"href":"https:\/\/www.medulinriviera.info\/hr\/wp-json\/wp\/v2\/media\/20518"}],"wp:attachment":[{"href":"https:\/\/www.medulinriviera.info\/hr\/wp-json\/wp\/v2\/media?parent=20920"}],"wp:term":[{"taxonomy":"classificator","embeddable":true,"href":"https:\/\/www.medulinriviera.info\/hr\/wp-json\/wp\/v2\/classificator?post=20920"}],"curies":[{"name":"wp","href":"https:\/\/api.w.org\/{rel}","templated":true}]}}