{"id":20780,"date":"2021-10-22T11:27:05","date_gmt":"2021-10-22T09:27:05","guid":{"rendered":"https:\/\/www.medulinriviera.info\/?page_id=20780"},"modified":"2021-10-22T11:42:45","modified_gmt":"2021-10-22T09:42:45","slug":"jesen-i-zima-na-medulin-rivieri","status":"publish","type":"page","link":"https:\/\/www.medulinriviera.info\/hr\/home\/jesen-i-zima-na-medulin-rivieri\/","title":{"rendered":"Jesen i zima na Medulin Rivieri"},"content":{"rendered":"\n<p>Okru\u017eena morem i prekrasnom prirodom Medulin Riviera i njenih 80 kilometara obale&nbsp; idealno je mjesto za odmor, bijeg od stresa i pomalo dosadne i uhodane svakodnevice. Medulin Riviera ponudit \u0107e vam savr\u0161en predah bez obzira odlu\u010dite li se za du\u017ei boravak, produ\u017eeni vikend ili samo kratki break. I izvan glavne ljetne sezone&nbsp; ponudit \u0107emo vam cijeli niz aktivnosti na otvorenom, na svje\u017eem, \u010distom zraku tik uz more.<\/p>\n\n\n\n<p>Prekrasna netaknuta priroda koja nas okru\u017euje razlog je vi\u0161e, da nas posjetite ne samo i na jesen i zimi te u\u017eivate u aktivnom odmoru, na\u010dinu odmaranja kojeg svi preporu\u010duju.<\/p>\n\n\n\n<p>Predahnite, udahnite miris Mediterana, Medulin Riviera razveselit \u0107e vas svojom raznoliko\u0161\u0107u i bezbrojnim autenti\u010dnim do\u017eivljajima bez obzira jeste li u njeno istra\u017eivanje krenuli sami, sa svojom obitelji ili prijateljima.<\/p>\n\n\n\n<p>Smjestiti se mo\u017eete u&nbsp;<a href=\"https:\/\/www.medulinriviera.info\/hr\/accommodation\/hotels\/\"><strong>izvrsnim hotelima<\/strong><\/a><strong>,&nbsp;<\/strong><a href=\"https:\/\/www.medulinriviera.info\/hr\/accommodation\/camping\/\"><strong>dobro opremljenim i atraktivnim kampovima<\/strong><\/a><strong>,&nbsp;<\/strong><a href=\"https:\/\/www.medulinriviera.info\/hr\/accommodation\/private-accommodation\/\"><strong>ku\u0107ama za odmor ili apartmanima<\/strong><\/a><strong>&nbsp;<\/strong>\u2013 a va\u0161i doma\u0107ini diskretno i nenametljivo \u0107e se potruditi da u njima provedete odmor o kojem ste uvijek sanjali, te u\u017eivate u sadr\u017eajima koje na Medulin Rivieri mo\u017eete prona\u0107i. Svi nude siguran odmor uz po\u0161tivanje svih sigurnosnih smjernica relevantnih nacionalnih i svjetskih zdravstvenih organizacija<\/p>\n\n\n\n<p>Medulin Riviera pravi je izazov za bicikliste &#8211; <strong><a href=\"https:\/\/www.medulinriviera.info\/hr\/activities\/cycling\/\">60 kilometara biciklisti\u010dkih staza <\/a><\/strong>poziva vas da ih istra\u017eite. Zaputite li se u istra\u017eivanje biciklom, more, sela, \u0161umarci, vijugave staze, smjenjivat \u0107e se tijekom va\u0161e vo\u017enje kao na filmskom platnu. U istra\u017eivanje mo\u017eete krenuti sami ili mo\u017eete se obratiti specijaliziranim centrima. No, svakako na na\u0161im mre\u017enim stranicama pogledajte na\u0161e staze, preuzmite njihove rute na svoje digitalne ure\u0111aje, ili svratite u Turisti\u010dku zajednicu\u00a0 i pogledajte tiskanu kartu.<\/p>\n\n\n\n<p>Niste skloni razgledavanju mjesta u kojem boravite biciklom, pa krenite onda pje\u0161ice. Za vas smo obilje\u017eili <strong><a href=\"https:\/\/www.medulinriviera.info\/hr\/activities\/walking-routes\/\">cijeli niz pje\u0161a\u010dkih staza, razli\u010ditih te\u017eina<\/a><\/strong>, uz kratke staze one \u017eeljne izazova pozivamo da krenu na\u0161im trail stazama. Zaputite se u prirodu, ponesite sa sobom svojoj ku\u0107i da\u0161ak mora. Onima\u00a0 koji su odlu\u010dile predahnuti na Medulin Rivieri predla\u017eemo da svrate do <strong><a href=\"https:\/\/www.medulinriviera.info\/hr\/archeological-park-vizula\/\">Arheolo\u0161kog parka Vi\u017eula<\/a><\/strong> u Medulinu te krenu u arheolo\u0161ku \u0161etnju \u0161etnicom dugom 2,3 kilometara kojom su nekad \u0161etali bogati Rimljani.<\/p>\n\n\n\n<p><strong><a href=\"https:\/\/www.medulinriviera.info\/hr\/activity\/136-dinasour-trail\/\">Staza dinosaura na Kamenjaku<\/a><\/strong>, ispri\u010dat \u0107e vam pri\u010du o dalekoj pro\u0161losti i vremenu kad su ta neobi\u010dna stvorenja \u2013 dinosauri vladali zemljom. Jednako su izazovne i pou\u010dne staze Gradina i Punta. Svakako valja naglasiti kako je <strong><a href=\"https:\/\/www.medulinriviera.info\/hr\/activity\/137-sensory-didactic-path-gradine\/\">osjetilno-didakti\u010dka \u0161etnica Gradina<\/a><\/strong> na Gornjem Kamenjaku prilago\u0111ena slijepim i slabovidnim osobama.<\/p>\n\n\n\n<p>Ako ste ve\u0107 krenuli put Kamenjaka, pozivamo vas da na Rtu Kamenjak posjetite Safari bar i Istarsku farmu. Predahnite, u\u017eivajte u izvornim okusima i mirisima s pogledom na Porer.<\/p>\n\n\n\n<p>Zabavan dan mo\u017eete provesti \u00a0i u ovda\u0161njem Adrenalinskom parku ili istra\u017euju\u0107i na\u0161a pitoreskna mjesta &#8211; <strong><a href=\"https:\/\/www.medulinriviera.info\/hr\/places\/\">Medulin, Premanturu, Banjole, Pomer, Pje\u0161\u010danu Uvalu, Vinkuran, Vintijan.<\/a><\/strong><\/p>\n\n\n\n<p>\u017delite ne\u0161to vi\u0161e? Mo\u017eda \u017eelite osjetiti uzbu\u0111enje dok polije\u0107ete i slobodu dok letite? <strong><a href=\"https:\/\/www.medulinriviera.info\/hr\/attraction\/panoramski-letovi\/\">Panoramski letovi<\/a><\/strong> pravi su izbor za vas. Neodoljivi prizori, nebesko i morsko plavetnilo, brojni otoci i uvale smjenjivat \u0107e se u va\u0161em vidokrugu dok letite iznad Medulin Riviere. A<strong> po\u017eelite li zaroniti u na\u0161e plavetnilo<\/strong> tada se svakako obratite <strong><a href=\"https:\/\/www.medulinriviera.info\/hr\/activities\/diving\/\">na\u0161im ronila\u010dkim centrima,<\/a><\/strong> podmorje Medulin Riviere bogato je florom i faunom, te cijelim nizom potopljenih brodova. Otkrit \u0107ete ih uz pomo\u0107 stru\u010dnih ljudi koji \u0107e se potruditi organizirati vam savr\u0161ene trenutke pod morem.<\/p>\n\n\n\n<p>Prekrasan do\u017eivljaj priredit \u0107e za vas i ekipa koja \u0107e vas odvesti na more \u2013 u lov na veliku ribu, popularnog naziva <strong><a href=\"https:\/\/www.medulinriviera.info\/hr\/attraction\/big-game-fishing\/\">Big Game Fishing.<\/a><\/strong><\/p>\n\n\n\n<p>Neizmjerne prirodne ljepote Medulin Riviere mo\u017eete upoznati i ja\u0161u\u0107i, u na\u0161im centrima samo \u0107e za vas pripremiti posebne rute. I zaista poseban je do\u017eivljaj <strong><a href=\"https:\/\/www.medulinriviera.info\/hr\/activities\/horseback-riding\/\">jahati uz na\u0161e veliko plavetnilo.<\/a><\/strong><\/p>\n\n\n\n<p>A kada zapu\u0161e bura ili jugo, <strong><a href=\"https:\/\/www.medulinriviera.info\/hr\/activities\/windsurfing-kitesurfing\/\">windsurferi i ljubitelji kitesurfinga<\/a><\/strong> znaju \u2013 nema boljeg mjesta od Medulin Riviere za u\u017eivanje u ovim sportovima. I mnogi dolaze u\u017eivati u njima.<\/p>\n\n\n\n<p>Medulin Riviera nudi vam neotkrivene do\u017eivljaje, pozivamo vas da ba\u0161 kod nas predahnete, odmorite se i otvorite va\u0161 duh novim avanturama. \u2026 Udahnite zdravlje, oslobodite se stresa i vratite se ku\u0107i odmoreni, smireni i bezbri\u017eni.<\/p>\n\n\n\n<p>\u010cekamo vas na Medulin Rivieri!<\/p>\n","protected":false},"excerpt":{"rendered":"<p>Okru\u017eena morem i prekrasnom prirodom Medulin Riviera i njenih 80 kilometara obale&nbsp; idealno je mjesto za odmor, bijeg od stresa&#8230;<\/p>\n","protected":false},"author":2,"featured_media":20770,"parent":9,"menu_order":0,"comment_status":"closed","ping_status":"closed","template":"","meta":{"_acf_changed":false,"footnotes":""},"classificator":[],"class_list":["post-20780","page","type-page","status-publish","has-post-thumbnail","hentry"],"acf":{"video":"","gallery":null},"yoast_head":"<!-- This site is optimized with the Yoast SEO plugin v27.3 - https:\/\/yoast.com\/product\/yoast-seo-wordpress\/ -->\n<title>Jesen i zima na Medulin Rivieri - Medulin Riviera<\/title>\n<meta name=\"robots\" content=\"index, follow, max-snippet:-1, max-image-preview:large, max-video-preview:-1\" \/>\n<link rel=\"canonical\" href=\"https:\/\/www.medulinriviera.info\/hr\/home\/jesen-i-zima-na-medulin-rivieri\/\" \/>\n<meta property=\"og:locale\" content=\"hr_HR\" \/>\n<meta property=\"og:type\" content=\"article\" \/>\n<meta property=\"og:title\" content=\"Jesen i zima na Medulin Rivieri - Medulin Riviera\" \/>\n<meta property=\"og:description\" content=\"Okru\u017eena morem i prekrasnom prirodom Medulin Riviera i njenih 80 kilometara obale&nbsp; idealno je mjesto za odmor, bijeg od stresa...\" \/>\n<meta property=\"og:url\" content=\"https:\/\/www.medulinriviera.info\/hr\/home\/jesen-i-zima-na-medulin-rivieri\/\" \/>\n<meta property=\"og:site_name\" content=\"Medulin Riviera\" \/>\n<meta property=\"article:publisher\" content=\"https:\/\/www.facebook.com\/medulinriviera\/\" \/>\n<meta property=\"article:modified_time\" content=\"2021-10-22T09:42:45+00:00\" \/>\n<meta property=\"og:image\" content=\"https:\/\/www.medulinriviera.info\/wp-content\/uploads\/2021\/10\/TZOMWEB-KampKazelaMedulinZima-Studio11.jpg\" \/>\n\t<meta property=\"og:image:width\" content=\"2500\" \/>\n\t<meta property=\"og:image:height\" content=\"1667\" \/>\n\t<meta property=\"og:image:type\" content=\"image\/jpeg\" \/>\n<meta name=\"twitter:card\" content=\"summary_large_image\" \/>\n<meta name=\"twitter:label1\" content=\"Procijenjeno vrijeme \u010ditanja\" \/>\n\t<meta name=\"twitter:data1\" content=\"3 minute\" \/>\n<script type=\"application\/ld+json\" class=\"yoast-schema-graph\">{\"@context\":\"https:\\\/\\\/schema.org\",\"@graph\":[{\"@type\":\"WebPage\",\"@id\":\"https:\\\/\\\/www.medulinriviera.info\\\/hr\\\/home\\\/jesen-i-zima-na-medulin-rivieri\\\/\",\"url\":\"https:\\\/\\\/www.medulinriviera.info\\\/hr\\\/home\\\/jesen-i-zima-na-medulin-rivieri\\\/\",\"name\":\"Jesen i zima na Medulin Rivieri - Medulin Riviera\",\"isPartOf\":{\"@id\":\"https:\\\/\\\/www.medulinriviera.info\\\/hr\\\/#website\"},\"primaryImageOfPage\":{\"@id\":\"https:\\\/\\\/www.medulinriviera.info\\\/hr\\\/home\\\/jesen-i-zima-na-medulin-rivieri\\\/#primaryimage\"},\"image\":{\"@id\":\"https:\\\/\\\/www.medulinriviera.info\\\/hr\\\/home\\\/jesen-i-zima-na-medulin-rivieri\\\/#primaryimage\"},\"thumbnailUrl\":\"https:\\\/\\\/www.medulinriviera.info\\\/wp-content\\\/uploads\\\/2021\\\/10\\\/TZOMWEB-KampKazelaMedulinZima-Studio11.jpg\",\"datePublished\":\"2021-10-22T09:27:05+00:00\",\"dateModified\":\"2021-10-22T09:42:45+00:00\",\"breadcrumb\":{\"@id\":\"https:\\\/\\\/www.medulinriviera.info\\\/hr\\\/home\\\/jesen-i-zima-na-medulin-rivieri\\\/#breadcrumb\"},\"inLanguage\":\"hr\",\"potentialAction\":[{\"@type\":\"ReadAction\",\"target\":[\"https:\\\/\\\/www.medulinriviera.info\\\/hr\\\/home\\\/jesen-i-zima-na-medulin-rivieri\\\/\"]}]},{\"@type\":\"ImageObject\",\"inLanguage\":\"hr\",\"@id\":\"https:\\\/\\\/www.medulinriviera.info\\\/hr\\\/home\\\/jesen-i-zima-na-medulin-rivieri\\\/#primaryimage\",\"url\":\"https:\\\/\\\/www.medulinriviera.info\\\/wp-content\\\/uploads\\\/2021\\\/10\\\/TZOMWEB-KampKazelaMedulinZima-Studio11.jpg\",\"contentUrl\":\"https:\\\/\\\/www.medulinriviera.info\\\/wp-content\\\/uploads\\\/2021\\\/10\\\/TZOMWEB-KampKazelaMedulinZima-Studio11.jpg\",\"width\":2500,\"height\":1667},{\"@type\":\"BreadcrumbList\",\"@id\":\"https:\\\/\\\/www.medulinriviera.info\\\/hr\\\/home\\\/jesen-i-zima-na-medulin-rivieri\\\/#breadcrumb\",\"itemListElement\":[{\"@type\":\"ListItem\",\"position\":1,\"name\":\"Home\",\"item\":\"https:\\\/\\\/www.medulinriviera.info\\\/hr\\\/\"},{\"@type\":\"ListItem\",\"position\":2,\"name\":\"Home\",\"item\":\"https:\\\/\\\/www.medulinriviera.info\\\/hr\\\/\"},{\"@type\":\"ListItem\",\"position\":3,\"name\":\"Jesen i zima na Medulin Rivieri\"}]},{\"@type\":\"WebSite\",\"@id\":\"https:\\\/\\\/www.medulinriviera.info\\\/hr\\\/#website\",\"url\":\"https:\\\/\\\/www.medulinriviera.info\\\/hr\\\/\",\"name\":\"Medulin Riviera\",\"description\":\"Plavi planet\",\"publisher\":{\"@id\":\"https:\\\/\\\/www.medulinriviera.info\\\/hr\\\/#organization\"},\"potentialAction\":[{\"@type\":\"SearchAction\",\"target\":{\"@type\":\"EntryPoint\",\"urlTemplate\":\"https:\\\/\\\/www.medulinriviera.info\\\/hr\\\/?s={search_term_string}\"},\"query-input\":{\"@type\":\"PropertyValueSpecification\",\"valueRequired\":true,\"valueName\":\"search_term_string\"}}],\"inLanguage\":\"hr\"},{\"@type\":\"Organization\",\"@id\":\"https:\\\/\\\/www.medulinriviera.info\\\/hr\\\/#organization\",\"name\":\"Medulin Riviera\",\"url\":\"https:\\\/\\\/www.medulinriviera.info\\\/hr\\\/\",\"logo\":{\"@type\":\"ImageObject\",\"inLanguage\":\"hr\",\"@id\":\"https:\\\/\\\/www.medulinriviera.info\\\/hr\\\/#\\\/schema\\\/logo\\\/image\\\/\",\"url\":\"https:\\\/\\\/www.medulinriviera.info\\\/wp-content\\\/uploads\\\/2020\\\/06\\\/logo-alt.png\",\"contentUrl\":\"https:\\\/\\\/www.medulinriviera.info\\\/wp-content\\\/uploads\\\/2020\\\/06\\\/logo-alt.png\",\"width\":264,\"height\":78,\"caption\":\"Medulin Riviera\"},\"image\":{\"@id\":\"https:\\\/\\\/www.medulinriviera.info\\\/hr\\\/#\\\/schema\\\/logo\\\/image\\\/\"},\"sameAs\":[\"https:\\\/\\\/www.facebook.com\\\/medulinriviera\\\/\",\"https:\\\/\\\/www.instagram.com\\\/medulinriviera\\\/\",\"https:\\\/\\\/www.youtube.com\\\/channel\\\/UCYdC8kYbK9OEmlmeZydpumQ\"]}]}<\/script>\n<!-- \/ Yoast SEO plugin. -->","yoast_head_json":{"title":"Jesen i zima na Medulin Rivieri - Medulin Riviera","robots":{"index":"index","follow":"follow","max-snippet":"max-snippet:-1","max-image-preview":"max-image-preview:large","max-video-preview":"max-video-preview:-1"},"canonical":"https:\/\/www.medulinriviera.info\/hr\/home\/jesen-i-zima-na-medulin-rivieri\/","og_locale":"hr_HR","og_type":"article","og_title":"Jesen i zima na Medulin Rivieri - Medulin Riviera","og_description":"Okru\u017eena morem i prekrasnom prirodom Medulin Riviera i njenih 80 kilometara obale&nbsp; idealno je mjesto za odmor, bijeg od stresa...","og_url":"https:\/\/www.medulinriviera.info\/hr\/home\/jesen-i-zima-na-medulin-rivieri\/","og_site_name":"Medulin Riviera","article_publisher":"https:\/\/www.facebook.com\/medulinriviera\/","article_modified_time":"2021-10-22T09:42:45+00:00","og_image":[{"width":2500,"height":1667,"url":"https:\/\/www.medulinriviera.info\/wp-content\/uploads\/2021\/10\/TZOMWEB-KampKazelaMedulinZima-Studio11.jpg","type":"image\/jpeg"}],"twitter_card":"summary_large_image","twitter_misc":{"Procijenjeno vrijeme \u010ditanja":"3 minute"},"schema":{"@context":"https:\/\/schema.org","@graph":[{"@type":"WebPage","@id":"https:\/\/www.medulinriviera.info\/hr\/home\/jesen-i-zima-na-medulin-rivieri\/","url":"https:\/\/www.medulinriviera.info\/hr\/home\/jesen-i-zima-na-medulin-rivieri\/","name":"Jesen i zima na Medulin Rivieri - Medulin Riviera","isPartOf":{"@id":"https:\/\/www.medulinriviera.info\/hr\/#website"},"primaryImageOfPage":{"@id":"https:\/\/www.medulinriviera.info\/hr\/home\/jesen-i-zima-na-medulin-rivieri\/#primaryimage"},"image":{"@id":"https:\/\/www.medulinriviera.info\/hr\/home\/jesen-i-zima-na-medulin-rivieri\/#primaryimage"},"thumbnailUrl":"https:\/\/www.medulinriviera.info\/wp-content\/uploads\/2021\/10\/TZOMWEB-KampKazelaMedulinZima-Studio11.jpg","datePublished":"2021-10-22T09:27:05+00:00","dateModified":"2021-10-22T09:42:45+00:00","breadcrumb":{"@id":"https:\/\/www.medulinriviera.info\/hr\/home\/jesen-i-zima-na-medulin-rivieri\/#breadcrumb"},"inLanguage":"hr","potentialAction":[{"@type":"ReadAction","target":["https:\/\/www.medulinriviera.info\/hr\/home\/jesen-i-zima-na-medulin-rivieri\/"]}]},{"@type":"ImageObject","inLanguage":"hr","@id":"https:\/\/www.medulinriviera.info\/hr\/home\/jesen-i-zima-na-medulin-rivieri\/#primaryimage","url":"https:\/\/www.medulinriviera.info\/wp-content\/uploads\/2021\/10\/TZOMWEB-KampKazelaMedulinZima-Studio11.jpg","contentUrl":"https:\/\/www.medulinriviera.info\/wp-content\/uploads\/2021\/10\/TZOMWEB-KampKazelaMedulinZima-Studio11.jpg","width":2500,"height":1667},{"@type":"BreadcrumbList","@id":"https:\/\/www.medulinriviera.info\/hr\/home\/jesen-i-zima-na-medulin-rivieri\/#breadcrumb","itemListElement":[{"@type":"ListItem","position":1,"name":"Home","item":"https:\/\/www.medulinriviera.info\/hr\/"},{"@type":"ListItem","position":2,"name":"Home","item":"https:\/\/www.medulinriviera.info\/hr\/"},{"@type":"ListItem","position":3,"name":"Jesen i zima na Medulin Rivieri"}]},{"@type":"WebSite","@id":"https:\/\/www.medulinriviera.info\/hr\/#website","url":"https:\/\/www.medulinriviera.info\/hr\/","name":"Medulin Riviera","description":"Plavi planet","publisher":{"@id":"https:\/\/www.medulinriviera.info\/hr\/#organization"},"potentialAction":[{"@type":"SearchAction","target":{"@type":"EntryPoint","urlTemplate":"https:\/\/www.medulinriviera.info\/hr\/?s={search_term_string}"},"query-input":{"@type":"PropertyValueSpecification","valueRequired":true,"valueName":"search_term_string"}}],"inLanguage":"hr"},{"@type":"Organization","@id":"https:\/\/www.medulinriviera.info\/hr\/#organization","name":"Medulin Riviera","url":"https:\/\/www.medulinriviera.info\/hr\/","logo":{"@type":"ImageObject","inLanguage":"hr","@id":"https:\/\/www.medulinriviera.info\/hr\/#\/schema\/logo\/image\/","url":"https:\/\/www.medulinriviera.info\/wp-content\/uploads\/2020\/06\/logo-alt.png","contentUrl":"https:\/\/www.medulinriviera.info\/wp-content\/uploads\/2020\/06\/logo-alt.png","width":264,"height":78,"caption":"Medulin Riviera"},"image":{"@id":"https:\/\/www.medulinriviera.info\/hr\/#\/schema\/logo\/image\/"},"sameAs":["https:\/\/www.facebook.com\/medulinriviera\/","https:\/\/www.instagram.com\/medulinriviera\/","https:\/\/www.youtube.com\/channel\/UCYdC8kYbK9OEmlmeZydpumQ"]}]}},"wpml_current_locale":"hr","wpml_translations":[{"locale":"en_US","id":20768,"post_title":"Autumn & Winter on Medulin Riviera","href":"https:\/\/www.medulinriviera.info\/home\/autumm-winter-on-medulin-riviera\/"},{"locale":"fr_FR","id":20784,"post_title":"Autumm & Winter on Medulin Riviera","href":"https:\/\/www.medulinriviera.info\/fr\/home\/autumm-winter-on-medulin-riviera\/"},{"locale":"de_DE","id":20788,"post_title":"Herbst und Winter an Medulin Riviera","href":"https:\/\/www.medulinriviera.info\/de\/home\/herbst-und-winter-an-medulin-riviera\/"},{"locale":"it_IT","id":20791,"post_title":"Autunno e inverno sulla Riviera di Medulin","href":"https:\/\/www.medulinriviera.info\/it\/home\/autunno-e-inverno-sulla-riviera-di-medulin\/"}],"_links":{"self":[{"href":"https:\/\/www.medulinriviera.info\/hr\/wp-json\/wp\/v2\/pages\/20780","targetHints":{"allow":["GET"]}}],"collection":[{"href":"https:\/\/www.medulinriviera.info\/hr\/wp-json\/wp\/v2\/pages"}],"about":[{"href":"https:\/\/www.medulinriviera.info\/hr\/wp-json\/wp\/v2\/types\/page"}],"author":[{"embeddable":true,"href":"https:\/\/www.medulinriviera.info\/hr\/wp-json\/wp\/v2\/users\/2"}],"replies":[{"embeddable":true,"href":"https:\/\/www.medulinriviera.info\/hr\/wp-json\/wp\/v2\/comments?post=20780"}],"version-history":[{"count":0,"href":"https:\/\/www.medulinriviera.info\/hr\/wp-json\/wp\/v2\/pages\/20780\/revisions"}],"up":[{"embeddable":true,"href":"https:\/\/www.medulinriviera.info\/hr\/wp-json\/wp\/v2\/pages\/9"}],"wp:featuredmedia":[{"embeddable":true,"href":"https:\/\/www.medulinriviera.info\/hr\/wp-json\/wp\/v2\/media\/20770"}],"wp:attachment":[{"href":"https:\/\/www.medulinriviera.info\/hr\/wp-json\/wp\/v2\/media?parent=20780"}],"wp:term":[{"taxonomy":"classificator","embeddable":true,"href":"https:\/\/www.medulinriviera.info\/hr\/wp-json\/wp\/v2\/classificator?post=20780"}],"curies":[{"name":"wp","href":"https:\/\/api.w.org\/{rel}","templated":true}]}}