{"id":18380,"date":"2021-05-21T09:32:15","date_gmt":"2021-05-21T07:32:15","guid":{"rendered":"https:\/\/www.medulinriviera.info\/?page_id=18380"},"modified":"2021-07-23T11:21:07","modified_gmt":"2021-07-23T09:21:07","slug":"kamenjak","status":"publish","type":"page","link":"https:\/\/www.medulinriviera.info\/hr\/kamenjak\/","title":{"rendered":"Kamenjak"},"content":{"rendered":"\n<p>Jedan od najatraktivnijih i najposje\u0107enijih dijelova Medulin Rivijere svakako je Kamenjak, najju\u017eniji dio istarskog poluotoka. Sastoji se od Gornjeg i Donjeg Kamenjaka. Bez obzira na koji se dio Kamenjak zaputite uvijek \u0107e vas pratiti more, jedinstveni mirisi mediteranskog bilja i nezaboravni vidici, kao i pogled na Medulinski arhipelag i njegovih jedanaest nenastanjenih oto\u010di\u0107a, a za lijepih dana kad je vidljivost dobra u daljini \u0107ete ugledati i otok Cres, te planinu Velebit.<\/p>\n\n\n\n<p>Donji Kamenjak jedna je od posljednjih oaza priobalja koja je zadr\u017eala svoj nekada\u0161nji izgled, mozaik je to obra\u0111enih polja, pa\u0161njaka i zelenih \u0161umaraka gotovo uronjenih u more. A kad jednom do\u0111ete do Kamenjak mo\u017eete se zabaviti na razne na\u010dine. Uvijek mo\u017eete <a href=\"https:\/\/www.medulinriviera.info\/hr\/activities\/walking-routes\/\"><strong><u>\u0161etati <\/u><\/strong>i<\/a> uvijek su \u0161etnje Kamenjakom posebne,<strong> <\/strong><a href=\"https:\/\/www.medulinriviera.info\/hr\/activities\/cycling\/\"><strong>biciklirati<\/strong> <\/a>mo\u017eete ure\u0111enim stazama, ovdje mo\u017eete veslati, plivati, <strong><u><a href=\"https:\/\/www.medulinriviera.info\/hr\/activities\/diving\/\">roniti<\/a><\/u>,<\/strong> <strong><u><a href=\"https:\/\/www.medulinriviera.info\/hr\/activities\/kayak-sup\/\">kajakariti<\/a><\/u><\/strong>, skakati u more\u2026 Na Kamenjaku se kad zapu\u0161u vjetrovi okupljaju i brojni <strong><u><a href=\"https:\/\/www.medulinriviera.info\/hr\/activities\/windsurfing-kitesurfing\/\">windsurferi<\/a><\/u><\/strong> jer i vjetar je ovdje poseban. Na najju\u017enijem podru\u010dju Istre, nema gradnje, nema velebnih hotela, ali se u kasno prolje\u0107e i ljeti mo\u017eete osvje\u017eiti u nekom od <strong>barova<\/strong> smje\u0161tenih tik uz more. Za mnoge posjetitelje Kamenjaka posebno je atraktivan <strong><a href=\"https:\/\/www.medulinriviera.info\/hr\/attraction\/safari-bar\/\">Safari bar<\/a><\/strong>, ali pozornost posjetitelja plijeni i <strong><a href=\"https:\/\/www.medulinriviera.info\/hr\/attraction\/istarska-farma\/\">Istarska farma.<\/a><\/strong><\/p>\n\n\n\n<p>Donji Kamenjak poluotok je koji se rasprostire na 404 hektara, duga\u010dak je oko devet, a njegova obala rasprostire se na \u010dak 30 kilometara. Tu su se smjestile brojne uvale i <strong><a href=\"https:\/\/www.medulinriviera.info\/hr\/beaches\/kamenjak\/\">pla\u017ee<\/a><\/strong> koje uranjaju u kristalno \u010disto more<strong>.<\/strong> Prekrasne su i raznovrsne.<\/p>\n\n\n\n<p>S Rta Kamenjak pogled \u0107e vam sigurno zastati i na svjetioniku Porer sagra\u0111enom na istoimenoj hridi jo\u0161 1846. godine, te na otok Fenoliga na kojem su nekad davno \u0161etali dinosauri \u010dije su stope vidljive i danas. Fosili dinosaura na Fenoligi i polutoku Grakalovac&nbsp; progla\u0161eni su &nbsp;za\u0161ti\u0107enim dijelovima prirode. &nbsp;Za\u0161ti\u0107ene su i orhideje, a ovdje raste \u010dak 30 vrsta ovih biljaka prekrasnog cvijeta.<\/p>\n\n\n\n<p>Iako je najposje\u0107eniji u ljetnim mjesecima, za pravi u\u017eitak u netaknutoj prirodi ovog poluotoka preporu\u010dujemo da ga svakako obi\u0111ete u prolje\u0107e ili jesen.<\/p>\n\n\n\n<p>Gornji Kamenjak, iako manje posje\u0107en predivan je dio Medulin Rivijere koji se smjestio izme\u0111u dva naselja \u2013 Premanture i Volma. Za\u0161ti\u0107en je u kategoriji zna\u010dajnog krajobraza, a ovdje raste \u010dak 487 raznih biljaka. Zaputite li se na Gornji Kamenjak sigurno \u0107ete u\u017eivati na ovda\u0161njim <strong>pje\u0161a\u010dkim i biciklisti\u010dkim stazama. <\/strong>Prilika je to da kao i na Donjem Kamenjaku udahnete pravi miris Mediterana i odmorite se od u\u017eurbanog \u017eivota i stresa.<\/p>\n","protected":false},"excerpt":{"rendered":"<p>Jedan od najatraktivnijih i najposje\u0107enijih dijelova Medulin Rivijere svakako je Kamenjak, najju\u017eniji dio istarskog poluotoka. Sastoji se od Gornjeg i&#8230;<\/p>\n","protected":false},"author":3,"featured_media":18370,"parent":0,"menu_order":0,"comment_status":"closed","ping_status":"closed","template":"","meta":{"_acf_changed":false,"footnotes":""},"classificator":[],"class_list":["post-18380","page","type-page","status-publish","has-post-thumbnail","hentry"],"acf":{"video":"","gallery":[18358,10339,10328,1441,16554,17060,16542,17189,17642,17704,17727,11700,15330]},"yoast_head":"<!-- This site is optimized with the Yoast SEO plugin v27.5 - https:\/\/yoast.com\/product\/yoast-seo-wordpress\/ -->\n<title>Kamenjak - Medulin Riviera<\/title>\n<meta name=\"robots\" content=\"index, follow, max-snippet:-1, max-image-preview:large, max-video-preview:-1\" \/>\n<link rel=\"canonical\" href=\"https:\/\/www.medulinriviera.info\/hr\/kamenjak\/\" \/>\n<meta property=\"og:locale\" content=\"hr_HR\" \/>\n<meta property=\"og:type\" content=\"article\" \/>\n<meta property=\"og:title\" content=\"Kamenjak - Medulin Riviera\" \/>\n<meta property=\"og:description\" content=\"Jedan od najatraktivnijih i najposje\u0107enijih dijelova Medulin Rivijere svakako je Kamenjak, najju\u017eniji dio istarskog poluotoka. Sastoji se od Gornjeg i...\" \/>\n<meta property=\"og:url\" content=\"https:\/\/www.medulinriviera.info\/hr\/kamenjak\/\" \/>\n<meta property=\"og:site_name\" content=\"Medulin Riviera\" \/>\n<meta property=\"article:publisher\" content=\"https:\/\/www.facebook.com\/medulinriviera\/\" \/>\n<meta property=\"article:modified_time\" content=\"2021-07-23T09:21:07+00:00\" \/>\n<meta property=\"og:image\" content=\"https:\/\/www.medulinriviera.info\/wp-content\/uploads\/2021\/05\/TZOMWEB-KamenjakEdukativnaStaza3-Studio11-az.jpg\" \/>\n\t<meta property=\"og:image:width\" content=\"1856\" \/>\n\t<meta property=\"og:image:height\" content=\"845\" \/>\n\t<meta property=\"og:image:type\" content=\"image\/jpeg\" \/>\n<meta name=\"twitter:card\" content=\"summary_large_image\" \/>\n<meta name=\"twitter:label1\" content=\"Procijenjeno vrijeme \u010ditanja\" \/>\n\t<meta name=\"twitter:data1\" content=\"2 minute\" \/>\n<script type=\"application\/ld+json\" class=\"yoast-schema-graph\">{\"@context\":\"https:\\\/\\\/schema.org\",\"@graph\":[{\"@type\":\"WebPage\",\"@id\":\"https:\\\/\\\/www.medulinriviera.info\\\/hr\\\/kamenjak\\\/\",\"url\":\"https:\\\/\\\/www.medulinriviera.info\\\/hr\\\/kamenjak\\\/\",\"name\":\"Kamenjak - Medulin Riviera\",\"isPartOf\":{\"@id\":\"https:\\\/\\\/www.medulinriviera.info\\\/hr\\\/#website\"},\"primaryImageOfPage\":{\"@id\":\"https:\\\/\\\/www.medulinriviera.info\\\/hr\\\/kamenjak\\\/#primaryimage\"},\"image\":{\"@id\":\"https:\\\/\\\/www.medulinriviera.info\\\/hr\\\/kamenjak\\\/#primaryimage\"},\"thumbnailUrl\":\"https:\\\/\\\/www.medulinriviera.info\\\/wp-content\\\/uploads\\\/2021\\\/05\\\/TZOMWEB-KamenjakEdukativnaStaza3-Studio11-az.jpg\",\"datePublished\":\"2021-05-21T07:32:15+00:00\",\"dateModified\":\"2021-07-23T09:21:07+00:00\",\"breadcrumb\":{\"@id\":\"https:\\\/\\\/www.medulinriviera.info\\\/hr\\\/kamenjak\\\/#breadcrumb\"},\"inLanguage\":\"hr\",\"potentialAction\":[{\"@type\":\"ReadAction\",\"target\":[\"https:\\\/\\\/www.medulinriviera.info\\\/hr\\\/kamenjak\\\/\"]}]},{\"@type\":\"ImageObject\",\"inLanguage\":\"hr\",\"@id\":\"https:\\\/\\\/www.medulinriviera.info\\\/hr\\\/kamenjak\\\/#primaryimage\",\"url\":\"https:\\\/\\\/www.medulinriviera.info\\\/wp-content\\\/uploads\\\/2021\\\/05\\\/TZOMWEB-KamenjakEdukativnaStaza3-Studio11-az.jpg\",\"contentUrl\":\"https:\\\/\\\/www.medulinriviera.info\\\/wp-content\\\/uploads\\\/2021\\\/05\\\/TZOMWEB-KamenjakEdukativnaStaza3-Studio11-az.jpg\",\"width\":1856,\"height\":845},{\"@type\":\"BreadcrumbList\",\"@id\":\"https:\\\/\\\/www.medulinriviera.info\\\/hr\\\/kamenjak\\\/#breadcrumb\",\"itemListElement\":[{\"@type\":\"ListItem\",\"position\":1,\"name\":\"Home\",\"item\":\"https:\\\/\\\/www.medulinriviera.info\\\/hr\\\/\"},{\"@type\":\"ListItem\",\"position\":2,\"name\":\"Kamenjak\"}]},{\"@type\":\"WebSite\",\"@id\":\"https:\\\/\\\/www.medulinriviera.info\\\/hr\\\/#website\",\"url\":\"https:\\\/\\\/www.medulinriviera.info\\\/hr\\\/\",\"name\":\"Medulin Riviera\",\"description\":\"Plavi planet\",\"publisher\":{\"@id\":\"https:\\\/\\\/www.medulinriviera.info\\\/hr\\\/#organization\"},\"potentialAction\":[{\"@type\":\"SearchAction\",\"target\":{\"@type\":\"EntryPoint\",\"urlTemplate\":\"https:\\\/\\\/www.medulinriviera.info\\\/hr\\\/?s={search_term_string}\"},\"query-input\":{\"@type\":\"PropertyValueSpecification\",\"valueRequired\":true,\"valueName\":\"search_term_string\"}}],\"inLanguage\":\"hr\"},{\"@type\":\"Organization\",\"@id\":\"https:\\\/\\\/www.medulinriviera.info\\\/hr\\\/#organization\",\"name\":\"Medulin Riviera\",\"url\":\"https:\\\/\\\/www.medulinriviera.info\\\/hr\\\/\",\"logo\":{\"@type\":\"ImageObject\",\"inLanguage\":\"hr\",\"@id\":\"https:\\\/\\\/www.medulinriviera.info\\\/hr\\\/#\\\/schema\\\/logo\\\/image\\\/\",\"url\":\"https:\\\/\\\/www.medulinriviera.info\\\/wp-content\\\/uploads\\\/2020\\\/06\\\/logo-alt.png\",\"contentUrl\":\"https:\\\/\\\/www.medulinriviera.info\\\/wp-content\\\/uploads\\\/2020\\\/06\\\/logo-alt.png\",\"width\":264,\"height\":78,\"caption\":\"Medulin Riviera\"},\"image\":{\"@id\":\"https:\\\/\\\/www.medulinriviera.info\\\/hr\\\/#\\\/schema\\\/logo\\\/image\\\/\"},\"sameAs\":[\"https:\\\/\\\/www.facebook.com\\\/medulinriviera\\\/\",\"https:\\\/\\\/www.instagram.com\\\/medulinriviera\\\/\",\"https:\\\/\\\/www.youtube.com\\\/channel\\\/UCYdC8kYbK9OEmlmeZydpumQ\"]}]}<\/script>\n<!-- \/ Yoast SEO plugin. -->","yoast_head_json":{"title":"Kamenjak - Medulin Riviera","robots":{"index":"index","follow":"follow","max-snippet":"max-snippet:-1","max-image-preview":"max-image-preview:large","max-video-preview":"max-video-preview:-1"},"canonical":"https:\/\/www.medulinriviera.info\/hr\/kamenjak\/","og_locale":"hr_HR","og_type":"article","og_title":"Kamenjak - Medulin Riviera","og_description":"Jedan od najatraktivnijih i najposje\u0107enijih dijelova Medulin Rivijere svakako je Kamenjak, najju\u017eniji dio istarskog poluotoka. Sastoji se od Gornjeg i...","og_url":"https:\/\/www.medulinriviera.info\/hr\/kamenjak\/","og_site_name":"Medulin Riviera","article_publisher":"https:\/\/www.facebook.com\/medulinriviera\/","article_modified_time":"2021-07-23T09:21:07+00:00","og_image":[{"width":1856,"height":845,"url":"https:\/\/www.medulinriviera.info\/wp-content\/uploads\/2021\/05\/TZOMWEB-KamenjakEdukativnaStaza3-Studio11-az.jpg","type":"image\/jpeg"}],"twitter_card":"summary_large_image","twitter_misc":{"Procijenjeno vrijeme \u010ditanja":"2 minute"},"schema":{"@context":"https:\/\/schema.org","@graph":[{"@type":"WebPage","@id":"https:\/\/www.medulinriviera.info\/hr\/kamenjak\/","url":"https:\/\/www.medulinriviera.info\/hr\/kamenjak\/","name":"Kamenjak - Medulin Riviera","isPartOf":{"@id":"https:\/\/www.medulinriviera.info\/hr\/#website"},"primaryImageOfPage":{"@id":"https:\/\/www.medulinriviera.info\/hr\/kamenjak\/#primaryimage"},"image":{"@id":"https:\/\/www.medulinriviera.info\/hr\/kamenjak\/#primaryimage"},"thumbnailUrl":"https:\/\/www.medulinriviera.info\/wp-content\/uploads\/2021\/05\/TZOMWEB-KamenjakEdukativnaStaza3-Studio11-az.jpg","datePublished":"2021-05-21T07:32:15+00:00","dateModified":"2021-07-23T09:21:07+00:00","breadcrumb":{"@id":"https:\/\/www.medulinriviera.info\/hr\/kamenjak\/#breadcrumb"},"inLanguage":"hr","potentialAction":[{"@type":"ReadAction","target":["https:\/\/www.medulinriviera.info\/hr\/kamenjak\/"]}]},{"@type":"ImageObject","inLanguage":"hr","@id":"https:\/\/www.medulinriviera.info\/hr\/kamenjak\/#primaryimage","url":"https:\/\/www.medulinriviera.info\/wp-content\/uploads\/2021\/05\/TZOMWEB-KamenjakEdukativnaStaza3-Studio11-az.jpg","contentUrl":"https:\/\/www.medulinriviera.info\/wp-content\/uploads\/2021\/05\/TZOMWEB-KamenjakEdukativnaStaza3-Studio11-az.jpg","width":1856,"height":845},{"@type":"BreadcrumbList","@id":"https:\/\/www.medulinriviera.info\/hr\/kamenjak\/#breadcrumb","itemListElement":[{"@type":"ListItem","position":1,"name":"Home","item":"https:\/\/www.medulinriviera.info\/hr\/"},{"@type":"ListItem","position":2,"name":"Kamenjak"}]},{"@type":"WebSite","@id":"https:\/\/www.medulinriviera.info\/hr\/#website","url":"https:\/\/www.medulinriviera.info\/hr\/","name":"Medulin Riviera","description":"Plavi planet","publisher":{"@id":"https:\/\/www.medulinriviera.info\/hr\/#organization"},"potentialAction":[{"@type":"SearchAction","target":{"@type":"EntryPoint","urlTemplate":"https:\/\/www.medulinriviera.info\/hr\/?s={search_term_string}"},"query-input":{"@type":"PropertyValueSpecification","valueRequired":true,"valueName":"search_term_string"}}],"inLanguage":"hr"},{"@type":"Organization","@id":"https:\/\/www.medulinriviera.info\/hr\/#organization","name":"Medulin Riviera","url":"https:\/\/www.medulinriviera.info\/hr\/","logo":{"@type":"ImageObject","inLanguage":"hr","@id":"https:\/\/www.medulinriviera.info\/hr\/#\/schema\/logo\/image\/","url":"https:\/\/www.medulinriviera.info\/wp-content\/uploads\/2020\/06\/logo-alt.png","contentUrl":"https:\/\/www.medulinriviera.info\/wp-content\/uploads\/2020\/06\/logo-alt.png","width":264,"height":78,"caption":"Medulin Riviera"},"image":{"@id":"https:\/\/www.medulinriviera.info\/hr\/#\/schema\/logo\/image\/"},"sameAs":["https:\/\/www.facebook.com\/medulinriviera\/","https:\/\/www.instagram.com\/medulinriviera\/","https:\/\/www.youtube.com\/channel\/UCYdC8kYbK9OEmlmeZydpumQ"]}]}},"wpml_current_locale":"hr","wpml_translations":[{"locale":"en_US","id":18368,"post_title":"Amazing Nature \u2013 Kamenjak","href":"https:\/\/www.medulinriviera.info\/amazing-nature-kamenjak\/"},{"locale":"fr_FR","id":18382,"post_title":"Amazing Nature - Kamenjak","href":"https:\/\/www.medulinriviera.info\/fr\/kamenjak\/"},{"locale":"de_DE","id":18384,"post_title":"Amazing Nature - Kamenjak","href":"https:\/\/www.medulinriviera.info\/de\/kamenjak\/"},{"locale":"it_IT","id":18386,"post_title":"Amazing Nature - Kamenjak","href":"https:\/\/www.medulinriviera.info\/it\/kamenjak\/"}],"_links":{"self":[{"href":"https:\/\/www.medulinriviera.info\/hr\/wp-json\/wp\/v2\/pages\/18380","targetHints":{"allow":["GET"]}}],"collection":[{"href":"https:\/\/www.medulinriviera.info\/hr\/wp-json\/wp\/v2\/pages"}],"about":[{"href":"https:\/\/www.medulinriviera.info\/hr\/wp-json\/wp\/v2\/types\/page"}],"author":[{"embeddable":true,"href":"https:\/\/www.medulinriviera.info\/hr\/wp-json\/wp\/v2\/users\/3"}],"replies":[{"embeddable":true,"href":"https:\/\/www.medulinriviera.info\/hr\/wp-json\/wp\/v2\/comments?post=18380"}],"version-history":[{"count":0,"href":"https:\/\/www.medulinriviera.info\/hr\/wp-json\/wp\/v2\/pages\/18380\/revisions"}],"acf:attachment":[{"embeddable":true,"href":"https:\/\/www.medulinriviera.info\/hr\/wp-json\/wp\/v2\/media\/15330"},{"embeddable":true,"href":"https:\/\/www.medulinriviera.info\/hr\/wp-json\/wp\/v2\/media\/11700"},{"embeddable":true,"href":"https:\/\/www.medulinriviera.info\/hr\/wp-json\/wp\/v2\/media\/17727"},{"embeddable":true,"href":"https:\/\/www.medulinriviera.info\/hr\/wp-json\/wp\/v2\/media\/17704"},{"embeddable":true,"href":"https:\/\/www.medulinriviera.info\/hr\/wp-json\/wp\/v2\/media\/17642"},{"embeddable":true,"href":"https:\/\/www.medulinriviera.info\/hr\/wp-json\/wp\/v2\/media\/17189"},{"embeddable":true,"href":"https:\/\/www.medulinriviera.info\/hr\/wp-json\/wp\/v2\/media\/16542"},{"embeddable":true,"href":"https:\/\/www.medulinriviera.info\/hr\/wp-json\/wp\/v2\/media\/17060"},{"embeddable":true,"href":"https:\/\/www.medulinriviera.info\/hr\/wp-json\/wp\/v2\/media\/16554"},{"embeddable":true,"href":"https:\/\/www.medulinriviera.info\/hr\/wp-json\/wp\/v2\/media\/1441"},{"embeddable":true,"href":"https:\/\/www.medulinriviera.info\/hr\/wp-json\/wp\/v2\/media\/10328"},{"embeddable":true,"href":"https:\/\/www.medulinriviera.info\/hr\/wp-json\/wp\/v2\/media\/10339"},{"embeddable":true,"href":"https:\/\/www.medulinriviera.info\/hr\/wp-json\/wp\/v2\/media\/18358"}],"wp:featuredmedia":[{"embeddable":true,"href":"https:\/\/www.medulinriviera.info\/hr\/wp-json\/wp\/v2\/media\/18370"}],"wp:attachment":[{"href":"https:\/\/www.medulinriviera.info\/hr\/wp-json\/wp\/v2\/media?parent=18380"}],"wp:term":[{"taxonomy":"classificator","embeddable":true,"href":"https:\/\/www.medulinriviera.info\/hr\/wp-json\/wp\/v2\/classificator?post=18380"}],"curies":[{"name":"wp","href":"https:\/\/api.w.org\/{rel}","templated":true}]}}