{"id":16276,"date":"2020-11-10T09:20:26","date_gmt":"2020-11-10T08:20:26","guid":{"rendered":"https:\/\/www.medulinriviera.info\/?page_id=16276"},"modified":"2023-03-13T15:41:34","modified_gmt":"2023-03-13T14:41:34","slug":"topla-zima","status":"publish","type":"page","link":"https:\/\/www.medulinriviera.info\/hr\/topla-zima\/","title":{"rendered":"Prolje\u0107e na Medulin Rivieri"},"content":{"rendered":"\n<p>\u017deljni ste sunca, svje\u017eeg zraka i odmora od svakodnevnice?<\/p>\n\n\n\n<p>Pozivamo Vas na odmor na na\u0161em sun\u010danom djeli\u0107u planeta. Posjetite Medulin Rivijeru, istra\u017eite&nbsp; prirodne ljepote ju\u017ene Istre, u\u017eivajte u sun\u010danim danima i neograni\u010denim pogledima na plavi horizont.<\/p>\n\n\n\n<p>Nedavno <strong>obnovljeni kamp<\/strong> <a href=\"https:\/\/www.arenacampsites.com\/hr\/mobilne-kucice-istra\/kamp-kucice-arena-kazela\">Arena Grand Ka\u017eela<\/a> 4* ve\u0107 je spreman do\u010dekati Vas i ugostiti na prostranim parcelama i luksuznim mobilnim ku\u0107icama koje nude panoramski pogled na Medulinski zaljev. Istra\u017eite kamp Arena Grand Ka\u017eela odmah putem <a href=\"https:\/\/360.arenagrandkazela.com\/\" target=\"_blank\" rel=\"noreferrer noopener\">360\u00b0 virtualne \u0161etnje<\/a>.<\/p>\n\n\n\n<p>Kamp <a href=\"https:\/\/www.arenacampsites.com\/hr\/kampovi-istra\/kamp-arena-medulin\" target=\"_blank\" rel=\"noreferrer noopener\">Arena Medulin<\/a> smje\u0161ten na poluotoku uz samo srce Medulina otvara se otvara se ve\u0107 1.4., a kamp <a href=\"https:\/\/www.arenacampsites.com\/hr\/kampovi-istra\/kamp-arena-stupice\" target=\"_blank\" rel=\"noreferrer noopener\">Arena Stupice<\/a> gdje se mo\u017ee u\u017eivati u netaknutoj prirodi rta Kamenjak uz koji se kamp smjestio 6.4.. Krajem travnja, izbor kampova se \u0161iri, te od 22.4. mo\u017eete odsjesti u kampovima: <a href=\"https:\/\/www.arenacampsites.com\/hr\/kampovi-istra\/kamp-arena-indije\" target=\"_blank\" rel=\"noreferrer noopener\">Arena Indije<\/a> \u2013 mirnom kampu uz mjesto Banjole, te kampovima <a href=\"https:\/\/www.arenacampsites.com\/hr\/kampovi-istra\/kamp-arena-tasalera\" target=\"_blank\" rel=\"noreferrer noopener\">Arena Ta\u0161alera<\/a> i <a href=\"https:\/\/www.arenacampsites.com\/hr\/kampovi-istra\/kamp-arena-runke\" target=\"_blank\" rel=\"noreferrer noopener\">Arena Runke<\/a>, malenim prirodnim kampovima smje\u0161tenim nedaleko od rta Kamenjak.<\/p>\n\n\n\n<p>Ako tra\u017eite ne\u0161to uistinu posebno \u2013 iskustvo koje \u0107e Vam pru\u017eiti inspiracije za cijelu godinu, od 19.5. mo\u017eete odsjesti u prvom i najve\u0107em <strong>glamping kampu<\/strong> u Hrvatskoj \u2013 <a href=\"https:\/\/www.arenaglamping.com\/hr\" target=\"_blank\" rel=\"noreferrer noopener\">Arena One 99 Glampingu<\/a>, i u\u017eivati u luksuznom odmoru u prirodi i posebnim sadr\u017eajima koji se ondje nude, poput jedinstvenog spa i wellness centra na otvorenom. Istra\u017eite Arena One 99 Glamping odmah putem <a href=\"https:\/\/360.arenaglamping.com\/\" target=\"_blank\" rel=\"noreferrer noopener\">360\u00b0 virtualne \u0161etnje<\/a>.<\/p>\n\n\n\n<p>Svi kampovi Medulin Rivijere nalaze se u prirodnom mediteranskom okru\u017eenju uz samu obalu Jadranskoga mora i nude siguran odmor uz po\u0161tivanje svih sigurnosnih smjernica relevantnih nacionalnih i svjetskih zdravstvenih organizacija.<\/p>\n\n\n\n<p>Ukoliko preferirate udobnost koju pru\u017eaju <a href=\"https:\/\/www.medulinriviera.info\/hr\/accommodation\/hotels\/\" target=\"_blank\" rel=\"noreferrer noopener\"><strong>hoteli<\/strong>,<\/a> ve\u0107 danas mo\u017eete odsjesti u hotelu <a href=\"https:\/\/www.arenahotels.com\/hr\/hotel\/park-plaza-belvedere\" target=\"_blank\" rel=\"noreferrer noopener\">Park Plaza Belvedere<\/a> 4* (otvoren tijekom cijele godine) i u\u017eivati u mno\u0161tvu sadr\u017eaja \u2013 luksuznom spa i wellness centru, unutarnjem grijanom bazenu i izvrsno opremljenoj teretani. Va\u0161 odmor bit \u0107e opu\u0161ten jer su sigurnosni protokoli hotela Park Plaza Belvedere certificirani od strane SGS-a, vode\u0107e svjetske tvrtke za inspekciju, provjeru, ispitivanje i certificiranje. S dolaskom prolje\u0107a otvaraju se i drugi hoteli na Medulinskoj rivijeri poput <a href=\"https:\/\/www.medulinriviera.info\/hr\/accommodation\/hotels\/arena-hotel-holiday\/\" target=\"_blank\" rel=\"noreferrer noopener\">Hotela Holiday<\/a> (22. travnja) i hotela <a href=\"https:\/\/www.medulinriviera.info\/hr\/accommodation\/hotels\/hotel-sensimar-medulin\/\" target=\"_blank\" rel=\"noreferrer noopener\">TUI BLUE Medulin<\/a> (2. svibnja).<\/p>\n\n\n\n<p>A ako bi va\u0161 izbor radije bila ku\u0107a za odmor ili apartman na Medulin Rivieri prona\u0107i \u0107ete i veliki izbor <a href=\"https:\/\/www.medulinriviera.info\/hr\/accommodation\/private-accommodation\/\" target=\"_blank\" rel=\"noreferrer noopener\">ku\u0107a za odmor i apartmana<\/a> &nbsp; u kojima \u0107e se va\u0161i doma\u0107ini pobrinuti za u\u017eivate u bezbri\u017enom odmoru<\/p>\n\n\n\n<p>Istra\u017eite netaknutu prirodu Medulinske rivijere tijekom prolje\u0107a &#8211; ponudit \u0107emo vam cijeli niz <strong><a href=\"https:\/\/www.medulinriviera.info\/hr\/activities\/\" target=\"_blank\" rel=\"noreferrer noopener\">aktivnosti na otvorenom <\/a><\/strong>na svje\u017eem, \u010distom zraku, tik uz more.<\/p>\n\n\n\n<p>Provedite prolje\u0107e s nama na sun\u010danom jugu Istre.<\/p>\n\n\n\n<p><strong>Jedva \u010dekamo po\u017eeljeti Vam dobrodo\u0161licu!<\/strong><\/p>\n","protected":false},"excerpt":{"rendered":"<p>\u017deljni ste sunca, svje\u017eeg zraka i odmora od svakodnevnice? Pozivamo Vas na odmor na na\u0161em sun\u010danom djeli\u0107u planeta. Posjetite Medulin&#8230;<\/p>\n","protected":false},"author":1,"featured_media":17442,"parent":0,"menu_order":0,"comment_status":"closed","ping_status":"closed","template":"","meta":{"_acf_changed":false,"footnotes":""},"classificator":[],"class_list":["post-16276","page","type-page","status-publish","has-post-thumbnail","hentry"],"acf":{"video":"","gallery":null},"yoast_head":"<!-- This site is optimized with the Yoast SEO plugin v27.6 - https:\/\/yoast.com\/product\/yoast-seo-wordpress\/ -->\n<title>Prolje\u0107e na Medulin Rivieri - Medulin Riviera<\/title>\n<meta name=\"robots\" content=\"index, follow, max-snippet:-1, max-image-preview:large, max-video-preview:-1\" \/>\n<link rel=\"canonical\" href=\"https:\/\/www.medulinriviera.info\/hr\/topla-zima\/\" \/>\n<meta property=\"og:locale\" content=\"hr_HR\" \/>\n<meta property=\"og:type\" content=\"article\" \/>\n<meta property=\"og:title\" content=\"Prolje\u0107e na Medulin Rivieri - Medulin Riviera\" \/>\n<meta property=\"og:description\" content=\"\u017deljni ste sunca, svje\u017eeg zraka i odmora od svakodnevnice? Pozivamo Vas na odmor na na\u0161em sun\u010danom djeli\u0107u planeta. Posjetite Medulin...\" \/>\n<meta property=\"og:url\" content=\"https:\/\/www.medulinriviera.info\/hr\/topla-zima\/\" \/>\n<meta property=\"og:site_name\" content=\"Medulin Riviera\" \/>\n<meta property=\"article:publisher\" content=\"https:\/\/www.facebook.com\/medulinriviera\/\" \/>\n<meta property=\"article:modified_time\" content=\"2023-03-13T14:41:34+00:00\" \/>\n<meta property=\"og:image\" content=\"https:\/\/www.medulinriviera.info\/wp-content\/uploads\/2021\/03\/TZOMWEB-KamenjakEdukativnaStaza3-Studio11-az.jpg\" \/>\n\t<meta property=\"og:image:width\" content=\"1856\" \/>\n\t<meta property=\"og:image:height\" content=\"845\" \/>\n\t<meta property=\"og:image:type\" content=\"image\/jpeg\" \/>\n<meta name=\"twitter:card\" content=\"summary_large_image\" \/>\n<meta name=\"twitter:label1\" content=\"Procijenjeno vrijeme \u010ditanja\" \/>\n\t<meta name=\"twitter:data1\" content=\"3 minute\" \/>\n<script type=\"application\/ld+json\" class=\"yoast-schema-graph\">{\"@context\":\"https:\\\/\\\/schema.org\",\"@graph\":[{\"@type\":\"WebPage\",\"@id\":\"https:\\\/\\\/www.medulinriviera.info\\\/hr\\\/topla-zima\\\/\",\"url\":\"https:\\\/\\\/www.medulinriviera.info\\\/hr\\\/topla-zima\\\/\",\"name\":\"Prolje\u0107e na Medulin Rivieri - Medulin Riviera\",\"isPartOf\":{\"@id\":\"https:\\\/\\\/www.medulinriviera.info\\\/hr\\\/#website\"},\"primaryImageOfPage\":{\"@id\":\"https:\\\/\\\/www.medulinriviera.info\\\/hr\\\/topla-zima\\\/#primaryimage\"},\"image\":{\"@id\":\"https:\\\/\\\/www.medulinriviera.info\\\/hr\\\/topla-zima\\\/#primaryimage\"},\"thumbnailUrl\":\"https:\\\/\\\/www.medulinriviera.info\\\/wp-content\\\/uploads\\\/2021\\\/03\\\/TZOMWEB-KamenjakEdukativnaStaza3-Studio11-az.jpg\",\"datePublished\":\"2020-11-10T08:20:26+00:00\",\"dateModified\":\"2023-03-13T14:41:34+00:00\",\"breadcrumb\":{\"@id\":\"https:\\\/\\\/www.medulinriviera.info\\\/hr\\\/topla-zima\\\/#breadcrumb\"},\"inLanguage\":\"hr\",\"potentialAction\":[{\"@type\":\"ReadAction\",\"target\":[\"https:\\\/\\\/www.medulinriviera.info\\\/hr\\\/topla-zima\\\/\"]}]},{\"@type\":\"ImageObject\",\"inLanguage\":\"hr\",\"@id\":\"https:\\\/\\\/www.medulinriviera.info\\\/hr\\\/topla-zima\\\/#primaryimage\",\"url\":\"https:\\\/\\\/www.medulinriviera.info\\\/wp-content\\\/uploads\\\/2021\\\/03\\\/TZOMWEB-KamenjakEdukativnaStaza3-Studio11-az.jpg\",\"contentUrl\":\"https:\\\/\\\/www.medulinriviera.info\\\/wp-content\\\/uploads\\\/2021\\\/03\\\/TZOMWEB-KamenjakEdukativnaStaza3-Studio11-az.jpg\",\"width\":1856,\"height\":845},{\"@type\":\"BreadcrumbList\",\"@id\":\"https:\\\/\\\/www.medulinriviera.info\\\/hr\\\/topla-zima\\\/#breadcrumb\",\"itemListElement\":[{\"@type\":\"ListItem\",\"position\":1,\"name\":\"Home\",\"item\":\"https:\\\/\\\/www.medulinriviera.info\\\/hr\\\/\"},{\"@type\":\"ListItem\",\"position\":2,\"name\":\"Prolje\u0107e na Medulin Rivieri\"}]},{\"@type\":\"WebSite\",\"@id\":\"https:\\\/\\\/www.medulinriviera.info\\\/hr\\\/#website\",\"url\":\"https:\\\/\\\/www.medulinriviera.info\\\/hr\\\/\",\"name\":\"Medulin Riviera\",\"description\":\"Plavi planet\",\"publisher\":{\"@id\":\"https:\\\/\\\/www.medulinriviera.info\\\/hr\\\/#organization\"},\"potentialAction\":[{\"@type\":\"SearchAction\",\"target\":{\"@type\":\"EntryPoint\",\"urlTemplate\":\"https:\\\/\\\/www.medulinriviera.info\\\/hr\\\/?s={search_term_string}\"},\"query-input\":{\"@type\":\"PropertyValueSpecification\",\"valueRequired\":true,\"valueName\":\"search_term_string\"}}],\"inLanguage\":\"hr\"},{\"@type\":\"Organization\",\"@id\":\"https:\\\/\\\/www.medulinriviera.info\\\/hr\\\/#organization\",\"name\":\"Medulin Riviera\",\"url\":\"https:\\\/\\\/www.medulinriviera.info\\\/hr\\\/\",\"logo\":{\"@type\":\"ImageObject\",\"inLanguage\":\"hr\",\"@id\":\"https:\\\/\\\/www.medulinriviera.info\\\/hr\\\/#\\\/schema\\\/logo\\\/image\\\/\",\"url\":\"https:\\\/\\\/www.medulinriviera.info\\\/wp-content\\\/uploads\\\/2020\\\/06\\\/logo-alt.png\",\"contentUrl\":\"https:\\\/\\\/www.medulinriviera.info\\\/wp-content\\\/uploads\\\/2020\\\/06\\\/logo-alt.png\",\"width\":264,\"height\":78,\"caption\":\"Medulin Riviera\"},\"image\":{\"@id\":\"https:\\\/\\\/www.medulinriviera.info\\\/hr\\\/#\\\/schema\\\/logo\\\/image\\\/\"},\"sameAs\":[\"https:\\\/\\\/www.facebook.com\\\/medulinriviera\\\/\",\"https:\\\/\\\/www.instagram.com\\\/medulinriviera\\\/\",\"https:\\\/\\\/www.youtube.com\\\/channel\\\/UCYdC8kYbK9OEmlmeZydpumQ\"]}]}<\/script>\n<!-- \/ Yoast SEO plugin. -->","yoast_head_json":{"title":"Prolje\u0107e na Medulin Rivieri - Medulin Riviera","robots":{"index":"index","follow":"follow","max-snippet":"max-snippet:-1","max-image-preview":"max-image-preview:large","max-video-preview":"max-video-preview:-1"},"canonical":"https:\/\/www.medulinriviera.info\/hr\/topla-zima\/","og_locale":"hr_HR","og_type":"article","og_title":"Prolje\u0107e na Medulin Rivieri - Medulin Riviera","og_description":"\u017deljni ste sunca, svje\u017eeg zraka i odmora od svakodnevnice? Pozivamo Vas na odmor na na\u0161em sun\u010danom djeli\u0107u planeta. Posjetite Medulin...","og_url":"https:\/\/www.medulinriviera.info\/hr\/topla-zima\/","og_site_name":"Medulin Riviera","article_publisher":"https:\/\/www.facebook.com\/medulinriviera\/","article_modified_time":"2023-03-13T14:41:34+00:00","og_image":[{"width":1856,"height":845,"url":"https:\/\/www.medulinriviera.info\/wp-content\/uploads\/2021\/03\/TZOMWEB-KamenjakEdukativnaStaza3-Studio11-az.jpg","type":"image\/jpeg"}],"twitter_card":"summary_large_image","twitter_misc":{"Procijenjeno vrijeme \u010ditanja":"3 minute"},"schema":{"@context":"https:\/\/schema.org","@graph":[{"@type":"WebPage","@id":"https:\/\/www.medulinriviera.info\/hr\/topla-zima\/","url":"https:\/\/www.medulinriviera.info\/hr\/topla-zima\/","name":"Prolje\u0107e na Medulin Rivieri - Medulin Riviera","isPartOf":{"@id":"https:\/\/www.medulinriviera.info\/hr\/#website"},"primaryImageOfPage":{"@id":"https:\/\/www.medulinriviera.info\/hr\/topla-zima\/#primaryimage"},"image":{"@id":"https:\/\/www.medulinriviera.info\/hr\/topla-zima\/#primaryimage"},"thumbnailUrl":"https:\/\/www.medulinriviera.info\/wp-content\/uploads\/2021\/03\/TZOMWEB-KamenjakEdukativnaStaza3-Studio11-az.jpg","datePublished":"2020-11-10T08:20:26+00:00","dateModified":"2023-03-13T14:41:34+00:00","breadcrumb":{"@id":"https:\/\/www.medulinriviera.info\/hr\/topla-zima\/#breadcrumb"},"inLanguage":"hr","potentialAction":[{"@type":"ReadAction","target":["https:\/\/www.medulinriviera.info\/hr\/topla-zima\/"]}]},{"@type":"ImageObject","inLanguage":"hr","@id":"https:\/\/www.medulinriviera.info\/hr\/topla-zima\/#primaryimage","url":"https:\/\/www.medulinriviera.info\/wp-content\/uploads\/2021\/03\/TZOMWEB-KamenjakEdukativnaStaza3-Studio11-az.jpg","contentUrl":"https:\/\/www.medulinriviera.info\/wp-content\/uploads\/2021\/03\/TZOMWEB-KamenjakEdukativnaStaza3-Studio11-az.jpg","width":1856,"height":845},{"@type":"BreadcrumbList","@id":"https:\/\/www.medulinriviera.info\/hr\/topla-zima\/#breadcrumb","itemListElement":[{"@type":"ListItem","position":1,"name":"Home","item":"https:\/\/www.medulinriviera.info\/hr\/"},{"@type":"ListItem","position":2,"name":"Prolje\u0107e na Medulin Rivieri"}]},{"@type":"WebSite","@id":"https:\/\/www.medulinriviera.info\/hr\/#website","url":"https:\/\/www.medulinriviera.info\/hr\/","name":"Medulin Riviera","description":"Plavi planet","publisher":{"@id":"https:\/\/www.medulinriviera.info\/hr\/#organization"},"potentialAction":[{"@type":"SearchAction","target":{"@type":"EntryPoint","urlTemplate":"https:\/\/www.medulinriviera.info\/hr\/?s={search_term_string}"},"query-input":{"@type":"PropertyValueSpecification","valueRequired":true,"valueName":"search_term_string"}}],"inLanguage":"hr"},{"@type":"Organization","@id":"https:\/\/www.medulinriviera.info\/hr\/#organization","name":"Medulin Riviera","url":"https:\/\/www.medulinriviera.info\/hr\/","logo":{"@type":"ImageObject","inLanguage":"hr","@id":"https:\/\/www.medulinriviera.info\/hr\/#\/schema\/logo\/image\/","url":"https:\/\/www.medulinriviera.info\/wp-content\/uploads\/2020\/06\/logo-alt.png","contentUrl":"https:\/\/www.medulinriviera.info\/wp-content\/uploads\/2020\/06\/logo-alt.png","width":264,"height":78,"caption":"Medulin Riviera"},"image":{"@id":"https:\/\/www.medulinriviera.info\/hr\/#\/schema\/logo\/image\/"},"sameAs":["https:\/\/www.facebook.com\/medulinriviera\/","https:\/\/www.instagram.com\/medulinriviera\/","https:\/\/www.youtube.com\/channel\/UCYdC8kYbK9OEmlmeZydpumQ"]}]}},"wpml_current_locale":"hr","wpml_translations":[{"locale":"en_US","id":16267,"post_title":"Spring on Medulin Riviera","href":"https:\/\/www.medulinriviera.info\/warm-winter\/"},{"locale":"fr_FR","id":16302,"post_title":"Printemps \u00e0 Medulin","href":"https:\/\/www.medulinriviera.info\/fr\/hiver-chaud\/"},{"locale":"de_DE","id":16292,"post_title":"Fr\u00fchling an der Medulin Riviera","href":"https:\/\/www.medulinriviera.info\/de\/warmer-winter\/"},{"locale":"it_IT","id":16284,"post_title":"Primavera in Medulin Riviera","href":"https:\/\/www.medulinriviera.info\/it\/caldo-inverno\/"},{"locale":"sl_SI","id":16310,"post_title":"Topla zima","href":"https:\/\/www.medulinriviera.info\/sl\/topla-zima\/"}],"_links":{"self":[{"href":"https:\/\/www.medulinriviera.info\/hr\/wp-json\/wp\/v2\/pages\/16276","targetHints":{"allow":["GET"]}}],"collection":[{"href":"https:\/\/www.medulinriviera.info\/hr\/wp-json\/wp\/v2\/pages"}],"about":[{"href":"https:\/\/www.medulinriviera.info\/hr\/wp-json\/wp\/v2\/types\/page"}],"author":[{"embeddable":true,"href":"https:\/\/www.medulinriviera.info\/hr\/wp-json\/wp\/v2\/users\/1"}],"replies":[{"embeddable":true,"href":"https:\/\/www.medulinriviera.info\/hr\/wp-json\/wp\/v2\/comments?post=16276"}],"version-history":[{"count":1,"href":"https:\/\/www.medulinriviera.info\/hr\/wp-json\/wp\/v2\/pages\/16276\/revisions"}],"predecessor-version":[{"id":27803,"href":"https:\/\/www.medulinriviera.info\/hr\/wp-json\/wp\/v2\/pages\/16276\/revisions\/27803"}],"wp:featuredmedia":[{"embeddable":true,"href":"https:\/\/www.medulinriviera.info\/hr\/wp-json\/wp\/v2\/media\/17442"}],"wp:attachment":[{"href":"https:\/\/www.medulinriviera.info\/hr\/wp-json\/wp\/v2\/media?parent=16276"}],"wp:term":[{"taxonomy":"classificator","embeddable":true,"href":"https:\/\/www.medulinriviera.info\/hr\/wp-json\/wp\/v2\/classificator?post=16276"}],"curies":[{"name":"wp","href":"https:\/\/api.w.org\/{rel}","templated":true}]}}