{"id":12972,"date":"2020-06-12T13:03:51","date_gmt":"2020-06-12T11:03:51","guid":{"rendered":"https:\/\/www.medulinriviera.info\/activities\/cycling\/download\/"},"modified":"2020-06-12T13:03:52","modified_gmt":"2020-06-12T11:03:52","slug":"download","status":"publish","type":"page","link":"https:\/\/www.medulinriviera.info\/hr\/activities\/cycling\/download\/","title":{"rendered":"Download"},"content":{"rendered":"\n<h2 class=\"wp-block-heading\">1. Grupa: Garmin<\/h2>\n\n<p>Biciklisti\u010dka mapa je namijenjena svim GARMIN GPS ure\u0111ajima.<\/p>\n\n<div class=\"wp-block-columns is-layout-flex wp-container-core-columns-is-layout-9d6595d7 wp-block-columns-is-layout-flex\">\n<div class=\"wp-block-column is-layout-flow wp-block-column-is-layout-flow\">\n<div class=\"wp-block-buttons is-layout-flex wp-block-buttons-is-layout-flex\">\n<div class=\"wp-block-button btn-routes-download\"><a class=\"wp-block-button__link\" href=\"\/maps-download\/bike-routes\/gmapsupp-all.img\">Preuzimanje GPS mapa svih staza<\/a><\/div>\n<\/div>\n\n\n\n<p><small>* U va\u0161 ure\u0111aj \u0107e biti unijete sve biciklisti\u010dke mape i svi point of interest. Prilikom kori\u0161tenja ove opcije potrebno je u meniju prona\u0107i i odabrati \u017eeljeni point of interest i program \u0107e vas do \u017eeljene to\u010dke dovesti najkra\u0107om putem po biciklisti\u010dkoj stazi. Ako iz bilo kojeg razloga skrenete s pravca, program \u0107e automatski prera\u010dunati novi najkra\u0107i pravac. <\/small><\/p>\n<\/div>\n\n\n\n<div class=\"wp-block-column is-layout-flow wp-block-column-is-layout-flow\">\n<div class=\"wp-block-buttons is-layout-flex wp-block-buttons-is-layout-flex\">\n<div class=\"wp-block-button btn-routes-download\"><a class=\"wp-block-button__link\" href=\"\/maps-download\/bike-routes\/gmapsupp.img\">Preuzimanje GPS mapa svake pojedina\u010dne staze<\/a><\/div>\n<\/div>\n\n\n\n<p><small>* U va\u0161 ure\u0111aj \u0107e biti unijete sve biciklisti\u010dke mape i svi point of interest. Prilikom kori\u0161tenja ove opcije potrebno je u meniju prona\u0107i i odabrati \u017eeljeni point of interest i program \u0107e vas do \u017eeljene to\u010dke dovesti najkra\u0107om putem po biciklisti\u010dkoj stazi. Ako iz bilo kojeg razloga skrenete s pravca, program \u0107e automatski prera\u010dunati novi najkra\u0107i pravac. <\/small><\/p>\n<\/div>\n<\/div>\n\n<hr class=\"wp-block-separator\"\/>\n\n<h2 class=\"wp-block-heading\">2. Grupa: Navitel<\/h2>\n\n<p>Biciklisti\u010dka karta je namijenjena svim NAVITEL navigacijskim ure\u0111ajima te drugim ure\u0111ajima koji podupiru razli\u010dite operacijske sustave &#8211; Windows Mobile, Android, iOS, Symbian i BADA.<\/p>\n\n<div class=\"wp-block-columns has-background has-very-light-gray-background-color is-layout-flex wp-container-core-columns-is-layout-9d6595d7 wp-block-columns-is-layout-flex\">\n<div class=\"wp-block-column is-layout-flow wp-block-column-is-layout-flow\">\n<figure class=\"wp-block-image size-large\"><img loading=\"lazy\" decoding=\"async\" width=\"204\" height=\"69\" src=\"https:\/\/www.medulinriviera.info\/wp-content\/uploads\/2020\/06\/navitel.jpg\" alt=\"\" class=\"wp-image-12869\"\/><\/figure>\n<\/div>\n\n\n\n<div class=\"wp-block-column d-flex justify-items-end align-items-center is-layout-flow wp-block-column-is-layout-flow\">\n<div class=\"wp-block-image my-0\"><figure class=\"alignright size-large\"><a href=\"https:\/\/navitel.ru\/en\/navigation\/windowsmobile\/\" target=\"_blank\" rel=\"noopener noreferrer\"><img loading=\"lazy\" decoding=\"async\" width=\"66\" height=\"61\" src=\"https:\/\/www.medulinriviera.info\/wp-content\/uploads\/2020\/06\/windows-mobile.jpg\" alt=\"\" class=\"wp-image-12899\"\/><\/a><\/figure><\/div>\n\n\n\n<div class=\"wp-block-image my-0\"><figure class=\"alignright size-large\"><a href=\"https:\/\/navitel.ru\/en\/navigation\/android\/\" target=\"_blank\" rel=\"noopener noreferrer\"><img loading=\"lazy\" decoding=\"async\" width=\"66\" height=\"61\" src=\"https:\/\/www.medulinriviera.info\/wp-content\/uploads\/2020\/06\/android.jpg\" alt=\"\" class=\"wp-image-12893\"\/><\/a><\/figure><\/div>\n\n\n\n<div class=\"wp-block-image my-0\"><figure class=\"alignright size-large\"><a href=\"https:\/\/navitel.ru\/en\/navigation\/iphoneipad\/\" target=\"_blank\" rel=\"noopener noreferrer\"><img loading=\"lazy\" decoding=\"async\" width=\"66\" height=\"61\" src=\"https:\/\/www.medulinriviera.info\/wp-content\/uploads\/2020\/06\/ios.jpg\" alt=\"\" class=\"wp-image-12887\"\/><\/a><\/figure><\/div>\n\n\n\n<div class=\"wp-block-image my-0\"><figure class=\"alignright size-large\"><a href=\"https:\/\/navitel.ru\/en\/navigation\/symbian\/\" target=\"_blank\" rel=\"noopener noreferrer\"><img loading=\"lazy\" decoding=\"async\" width=\"66\" height=\"61\" src=\"https:\/\/www.medulinriviera.info\/wp-content\/uploads\/2020\/06\/symbian.jpg\" alt=\"\" class=\"wp-image-12881\"\/><\/a><\/figure><\/div>\n\n\n\n<div class=\"wp-block-image my-0\"><figure class=\"alignright size-large\"><a href=\"https:\/\/navitel.ru\/en\/navigation\/bada\/\" target=\"_blank\" rel=\"noopener noreferrer\"><img loading=\"lazy\" decoding=\"async\" width=\"66\" height=\"61\" src=\"https:\/\/www.medulinriviera.info\/wp-content\/uploads\/2020\/06\/bada.jpg\" alt=\"\" class=\"wp-image-12875\"\/><\/a><\/figure><\/div>\n\n\n\n<p><\/p>\n<\/div>\n<\/div>\n\n<div class=\"wp-block-columns is-layout-flex wp-container-core-columns-is-layout-9d6595d7 wp-block-columns-is-layout-flex\">\n<div class=\"wp-block-column is-layout-flow wp-block-column-is-layout-flow\">\n<div class=\"wp-block-buttons is-layout-flex wp-block-buttons-is-layout-flex\">\n<div class=\"wp-block-button btn-routes-download\"><a class=\"wp-block-button__link\" href=\"\/maps-download\/bike-routes\/all_bike_roads.nm2\">Preuzimanje GPS mapa svih staza<\/a><\/div>\n<\/div>\n\n\n\n<p><small>* U va\u0161 ure\u0111aj \u0107e biti unijete sve biciklisti\u010dke mape i svi point of interest. Prilikom kori\u0161tenja ove opcije potrebno je u meniju prona\u0107i i odabrati \u017eeljeni point of interest i program \u0107e vas do \u017eeljene to\u010dke dovesti najkra\u0107om putem po biciklisti\u010dkoj stazi. Ako iz bilo kojeg razloga skrenete s pravca, program \u0107e automatski prera\u010dunati novi najkra\u0107i pravac. <\/small><\/p>\n<\/div>\n\n\n\n<div class=\"wp-block-column is-layout-flow wp-block-column-is-layout-flow\">\n<div class=\"wp-block-buttons is-layout-flex wp-block-buttons-is-layout-flex\">\n<div class=\"wp-block-button btn-routes-download\"><a class=\"wp-block-button__link\" href=\"\/maps-download\/bike-routes\/single_bike_rutes.nm2\">Preuzimanje GPS mapa svake pojedina\u010dne staze<\/a><\/div>\n<\/div>\n\n\n\n<p><small>* U va\u0161 ure\u0111aj \u0107e biti unijete sve biciklisti\u010dke mape ali u pojedina\u010dnom formatu. Prije polaska trebate biti u neposrednoj blizini staze, na bilo kojoj to\u010dci. U meniju odaberite i ozna\u010dite \u017eeljenu mapu. Zatim, trebate ure\u0111aju dati nalog da prona\u0111e i ozna\u010di va\u0161u trenutnu poziciju. Nakon \u0161to krenete, ure\u0111aj \u0107e postaviti va\u0161u startnu poziciju, provesti \u0107e vas po stazi, slijede\u0107i pravac suprotan kazaljki na satu, i vratiti vas nakon zavr\u0161enog kruga na start. <\/small><\/p>\n<\/div>\n<\/div>\n\n<hr class=\"wp-block-separator\"\/>\n\n<h2 class=\"wp-block-heading\">3. Grupa &#8211; ostali GPS ure\u0111aji<\/h2>\n\n<p>Biciklisti\u010dke mape su u GPX formatu i pogodne su za sve standardne GPS ure\u0111aje.<\/p>\n\n<p>U va\u0161 ure\u0111aj mo\u017eete unijeti point of interest te svaku mapu pojedina\u010dno. Program radi na istom principu kao i kod prve dvije grupe ure\u0111aja, samo \u0161to ne postoji mogu\u0107nost routinga.<\/p>\n\n<div class=\"wp-block-group has-very-light-gray-background-color has-background p-3 mb-4\"><div class=\"wp-block-group__inner-container is-layout-flow wp-block-group-is-layout-flow\">\n<div class=\"wp-block-image\"><figure class=\"alignleft size-large\"><img loading=\"lazy\" decoding=\"async\" width=\"86\" height=\"96\" src=\"https:\/\/www.medulinriviera.info\/wp-content\/uploads\/2020\/06\/gpx.jpg\" alt=\"\" class=\"wp-image-12938\"\/><\/figure><\/div>\n\n\n\n<div class=\"wp-block-columns is-layout-flex wp-container-core-columns-is-layout-9d6595d7 wp-block-columns-is-layout-flex\">\n<div class=\"wp-block-column is-layout-flow wp-block-column-is-layout-flow\">\n<div class=\"wp-block-buttons is-layout-flex wp-block-buttons-is-layout-flex\">\n<div class=\"wp-block-button btn-routes-download-gpx\"><a class=\"wp-block-button__link\" href=\"\/maps-download\/bike-routes\/Medulin_Riviera.gpx.zip\">MEDULIN RIVIERA<\/a><\/div>\n\n\n\n<div class=\"wp-block-button btn-routes-download-gpx\"><a class=\"wp-block-button__link\" href=\"\/maps-download\/bike-routes\/Pula_Classical.gpx.zip\">PULA CLASSICAL<\/a><\/div>\n\n\n\n<div class=\"wp-block-button btn-routes-download-gpx\"><a class=\"wp-block-button__link\" href=\"\/maps-download\/bike-routes\/The_Big_Blue.gpx.zip\">THE BIG BLUE<\/a><\/div>\n<\/div>\n<\/div>\n\n\n\n<div class=\"wp-block-column is-layout-flow wp-block-column-is-layout-flow\">\n<div class=\"wp-block-buttons is-layout-flex wp-block-buttons-is-layout-flex\">\n<div class=\"wp-block-button btn-routes-download-gpx\"><a class=\"wp-block-button__link\" href=\"\/maps-download\/bike-routes\/Brijuni_Riviera.gpx.zip\">BRIJUNI RIVIERA<\/a><\/div>\n\n\n\n<div class=\"wp-block-button btn-routes-download-gpx\"><a class=\"wp-block-button__link\" href=\"\/maps-download\/bike-routes\/The_Amazing_Green.gpx.zip\">THE AMAZING GREEN<\/a><\/div>\n\n\n\n<div class=\"wp-block-button btn-routes-download-gpx\"><a class=\"wp-block-button__link\" href=\"\/maps-download\/bike-routes\/The_East_Story.gpx.zip\">THE EAST STORY<\/a><\/div>\n\n\n\n<div class=\"wp-block-button btn-routes-download-gpx\"><a class=\"wp-block-button__link\" href=\"\/maps-download\/bike-routes\/POI.gpx.zip\">POINTS OF INTEREST<\/a><\/div>\n<\/div>\n<\/div>\n<\/div>\n<\/div><\/div>\n","protected":false},"excerpt":{"rendered":"<p>1. Grupa: Garmin Biciklisti\u010dka mapa je namijenjena svim GARMIN GPS ure\u0111ajima. * U va\u0161 ure\u0111aj \u0107e biti unijete sve biciklisti\u010dke&#8230;<\/p>\n","protected":false},"author":1,"featured_media":12658,"parent":12730,"menu_order":0,"comment_status":"closed","ping_status":"closed","template":"","meta":{"_acf_changed":false,"footnotes":""},"classificator":[],"class_list":["post-12972","page","type-page","status-publish","has-post-thumbnail","hentry"],"acf":{"video":"","gallery":null},"yoast_head":"<!-- This site is optimized with the Yoast SEO plugin v27.6 - https:\/\/yoast.com\/product\/yoast-seo-wordpress\/ -->\n<title>Download - Medulin Riviera<\/title>\n<meta name=\"robots\" content=\"index, follow, max-snippet:-1, max-image-preview:large, max-video-preview:-1\" \/>\n<link rel=\"canonical\" href=\"https:\/\/www.medulinriviera.info\/hr\/activities\/cycling\/download\/\" \/>\n<meta property=\"og:locale\" content=\"hr_HR\" \/>\n<meta property=\"og:type\" content=\"article\" \/>\n<meta property=\"og:title\" content=\"Download - Medulin Riviera\" \/>\n<meta property=\"og:description\" content=\"1. Grupa: Garmin Biciklisti\u010dka mapa je namijenjena svim GARMIN GPS ure\u0111ajima. * U va\u0161 ure\u0111aj \u0107e biti unijete sve biciklisti\u010dke...\" \/>\n<meta property=\"og:url\" content=\"https:\/\/www.medulinriviera.info\/hr\/activities\/cycling\/download\/\" \/>\n<meta property=\"og:site_name\" content=\"Medulin Riviera\" \/>\n<meta property=\"article:publisher\" content=\"https:\/\/www.facebook.com\/medulinriviera\/\" \/>\n<meta property=\"article:modified_time\" content=\"2020-06-12T11:03:52+00:00\" \/>\n<meta property=\"og:image\" content=\"https:\/\/www.medulinriviera.info\/wp-content\/uploads\/2020\/06\/bikerute3-crop.jpg\" \/>\n\t<meta property=\"og:image:width\" content=\"966\" \/>\n\t<meta property=\"og:image:height\" content=\"487\" \/>\n\t<meta property=\"og:image:type\" content=\"image\/jpeg\" \/>\n<meta name=\"twitter:card\" content=\"summary_large_image\" \/>\n<meta name=\"twitter:label1\" content=\"Procijenjeno vrijeme \u010ditanja\" \/>\n\t<meta name=\"twitter:data1\" content=\"2 minute\" \/>\n<script type=\"application\/ld+json\" class=\"yoast-schema-graph\">{\"@context\":\"https:\\\/\\\/schema.org\",\"@graph\":[{\"@type\":\"WebPage\",\"@id\":\"https:\\\/\\\/www.medulinriviera.info\\\/hr\\\/activities\\\/cycling\\\/download\\\/\",\"url\":\"https:\\\/\\\/www.medulinriviera.info\\\/hr\\\/activities\\\/cycling\\\/download\\\/\",\"name\":\"Download - Medulin Riviera\",\"isPartOf\":{\"@id\":\"https:\\\/\\\/www.medulinriviera.info\\\/hr\\\/#website\"},\"primaryImageOfPage\":{\"@id\":\"https:\\\/\\\/www.medulinriviera.info\\\/hr\\\/activities\\\/cycling\\\/download\\\/#primaryimage\"},\"image\":{\"@id\":\"https:\\\/\\\/www.medulinriviera.info\\\/hr\\\/activities\\\/cycling\\\/download\\\/#primaryimage\"},\"thumbnailUrl\":\"https:\\\/\\\/www.medulinriviera.info\\\/wp-content\\\/uploads\\\/2020\\\/06\\\/bikerute3-crop.jpg\",\"datePublished\":\"2020-06-12T11:03:51+00:00\",\"dateModified\":\"2020-06-12T11:03:52+00:00\",\"breadcrumb\":{\"@id\":\"https:\\\/\\\/www.medulinriviera.info\\\/hr\\\/activities\\\/cycling\\\/download\\\/#breadcrumb\"},\"inLanguage\":\"hr\",\"potentialAction\":[{\"@type\":\"ReadAction\",\"target\":[\"https:\\\/\\\/www.medulinriviera.info\\\/hr\\\/activities\\\/cycling\\\/download\\\/\"]}]},{\"@type\":\"ImageObject\",\"inLanguage\":\"hr\",\"@id\":\"https:\\\/\\\/www.medulinriviera.info\\\/hr\\\/activities\\\/cycling\\\/download\\\/#primaryimage\",\"url\":\"https:\\\/\\\/www.medulinriviera.info\\\/wp-content\\\/uploads\\\/2020\\\/06\\\/bikerute3-crop.jpg\",\"contentUrl\":\"https:\\\/\\\/www.medulinriviera.info\\\/wp-content\\\/uploads\\\/2020\\\/06\\\/bikerute3-crop.jpg\",\"width\":966,\"height\":487},{\"@type\":\"BreadcrumbList\",\"@id\":\"https:\\\/\\\/www.medulinriviera.info\\\/hr\\\/activities\\\/cycling\\\/download\\\/#breadcrumb\",\"itemListElement\":[{\"@type\":\"ListItem\",\"position\":1,\"name\":\"Home\",\"item\":\"https:\\\/\\\/www.medulinriviera.info\\\/hr\\\/\"},{\"@type\":\"ListItem\",\"position\":2,\"name\":\"Aktivnosti\",\"item\":\"https:\\\/\\\/www.medulinriviera.info\\\/hr\\\/activities\\\/\"},{\"@type\":\"ListItem\",\"position\":3,\"name\":\"Biciklizam\",\"item\":\"https:\\\/\\\/www.medulinriviera.info\\\/hr\\\/activities\\\/cycling\\\/\"},{\"@type\":\"ListItem\",\"position\":4,\"name\":\"Download\"}]},{\"@type\":\"WebSite\",\"@id\":\"https:\\\/\\\/www.medulinriviera.info\\\/hr\\\/#website\",\"url\":\"https:\\\/\\\/www.medulinriviera.info\\\/hr\\\/\",\"name\":\"Medulin Riviera\",\"description\":\"Plavi planet\",\"publisher\":{\"@id\":\"https:\\\/\\\/www.medulinriviera.info\\\/hr\\\/#organization\"},\"potentialAction\":[{\"@type\":\"SearchAction\",\"target\":{\"@type\":\"EntryPoint\",\"urlTemplate\":\"https:\\\/\\\/www.medulinriviera.info\\\/hr\\\/?s={search_term_string}\"},\"query-input\":{\"@type\":\"PropertyValueSpecification\",\"valueRequired\":true,\"valueName\":\"search_term_string\"}}],\"inLanguage\":\"hr\"},{\"@type\":\"Organization\",\"@id\":\"https:\\\/\\\/www.medulinriviera.info\\\/hr\\\/#organization\",\"name\":\"Medulin Riviera\",\"url\":\"https:\\\/\\\/www.medulinriviera.info\\\/hr\\\/\",\"logo\":{\"@type\":\"ImageObject\",\"inLanguage\":\"hr\",\"@id\":\"https:\\\/\\\/www.medulinriviera.info\\\/hr\\\/#\\\/schema\\\/logo\\\/image\\\/\",\"url\":\"https:\\\/\\\/www.medulinriviera.info\\\/wp-content\\\/uploads\\\/2020\\\/06\\\/logo-alt.png\",\"contentUrl\":\"https:\\\/\\\/www.medulinriviera.info\\\/wp-content\\\/uploads\\\/2020\\\/06\\\/logo-alt.png\",\"width\":264,\"height\":78,\"caption\":\"Medulin Riviera\"},\"image\":{\"@id\":\"https:\\\/\\\/www.medulinriviera.info\\\/hr\\\/#\\\/schema\\\/logo\\\/image\\\/\"},\"sameAs\":[\"https:\\\/\\\/www.facebook.com\\\/medulinriviera\\\/\",\"https:\\\/\\\/www.instagram.com\\\/medulinriviera\\\/\",\"https:\\\/\\\/www.youtube.com\\\/channel\\\/UCYdC8kYbK9OEmlmeZydpumQ\"]}]}<\/script>\n<!-- \/ Yoast SEO plugin. -->","yoast_head_json":{"title":"Download - Medulin Riviera","robots":{"index":"index","follow":"follow","max-snippet":"max-snippet:-1","max-image-preview":"max-image-preview:large","max-video-preview":"max-video-preview:-1"},"canonical":"https:\/\/www.medulinriviera.info\/hr\/activities\/cycling\/download\/","og_locale":"hr_HR","og_type":"article","og_title":"Download - Medulin Riviera","og_description":"1. Grupa: Garmin Biciklisti\u010dka mapa je namijenjena svim GARMIN GPS ure\u0111ajima. * U va\u0161 ure\u0111aj \u0107e biti unijete sve biciklisti\u010dke...","og_url":"https:\/\/www.medulinriviera.info\/hr\/activities\/cycling\/download\/","og_site_name":"Medulin Riviera","article_publisher":"https:\/\/www.facebook.com\/medulinriviera\/","article_modified_time":"2020-06-12T11:03:52+00:00","og_image":[{"width":966,"height":487,"url":"https:\/\/www.medulinriviera.info\/wp-content\/uploads\/2020\/06\/bikerute3-crop.jpg","type":"image\/jpeg"}],"twitter_card":"summary_large_image","twitter_misc":{"Procijenjeno vrijeme \u010ditanja":"2 minute"},"schema":{"@context":"https:\/\/schema.org","@graph":[{"@type":"WebPage","@id":"https:\/\/www.medulinriviera.info\/hr\/activities\/cycling\/download\/","url":"https:\/\/www.medulinriviera.info\/hr\/activities\/cycling\/download\/","name":"Download - Medulin Riviera","isPartOf":{"@id":"https:\/\/www.medulinriviera.info\/hr\/#website"},"primaryImageOfPage":{"@id":"https:\/\/www.medulinriviera.info\/hr\/activities\/cycling\/download\/#primaryimage"},"image":{"@id":"https:\/\/www.medulinriviera.info\/hr\/activities\/cycling\/download\/#primaryimage"},"thumbnailUrl":"https:\/\/www.medulinriviera.info\/wp-content\/uploads\/2020\/06\/bikerute3-crop.jpg","datePublished":"2020-06-12T11:03:51+00:00","dateModified":"2020-06-12T11:03:52+00:00","breadcrumb":{"@id":"https:\/\/www.medulinriviera.info\/hr\/activities\/cycling\/download\/#breadcrumb"},"inLanguage":"hr","potentialAction":[{"@type":"ReadAction","target":["https:\/\/www.medulinriviera.info\/hr\/activities\/cycling\/download\/"]}]},{"@type":"ImageObject","inLanguage":"hr","@id":"https:\/\/www.medulinriviera.info\/hr\/activities\/cycling\/download\/#primaryimage","url":"https:\/\/www.medulinriviera.info\/wp-content\/uploads\/2020\/06\/bikerute3-crop.jpg","contentUrl":"https:\/\/www.medulinriviera.info\/wp-content\/uploads\/2020\/06\/bikerute3-crop.jpg","width":966,"height":487},{"@type":"BreadcrumbList","@id":"https:\/\/www.medulinriviera.info\/hr\/activities\/cycling\/download\/#breadcrumb","itemListElement":[{"@type":"ListItem","position":1,"name":"Home","item":"https:\/\/www.medulinriviera.info\/hr\/"},{"@type":"ListItem","position":2,"name":"Aktivnosti","item":"https:\/\/www.medulinriviera.info\/hr\/activities\/"},{"@type":"ListItem","position":3,"name":"Biciklizam","item":"https:\/\/www.medulinriviera.info\/hr\/activities\/cycling\/"},{"@type":"ListItem","position":4,"name":"Download"}]},{"@type":"WebSite","@id":"https:\/\/www.medulinriviera.info\/hr\/#website","url":"https:\/\/www.medulinriviera.info\/hr\/","name":"Medulin Riviera","description":"Plavi planet","publisher":{"@id":"https:\/\/www.medulinriviera.info\/hr\/#organization"},"potentialAction":[{"@type":"SearchAction","target":{"@type":"EntryPoint","urlTemplate":"https:\/\/www.medulinriviera.info\/hr\/?s={search_term_string}"},"query-input":{"@type":"PropertyValueSpecification","valueRequired":true,"valueName":"search_term_string"}}],"inLanguage":"hr"},{"@type":"Organization","@id":"https:\/\/www.medulinriviera.info\/hr\/#organization","name":"Medulin Riviera","url":"https:\/\/www.medulinriviera.info\/hr\/","logo":{"@type":"ImageObject","inLanguage":"hr","@id":"https:\/\/www.medulinriviera.info\/hr\/#\/schema\/logo\/image\/","url":"https:\/\/www.medulinriviera.info\/wp-content\/uploads\/2020\/06\/logo-alt.png","contentUrl":"https:\/\/www.medulinriviera.info\/wp-content\/uploads\/2020\/06\/logo-alt.png","width":264,"height":78,"caption":"Medulin Riviera"},"image":{"@id":"https:\/\/www.medulinriviera.info\/hr\/#\/schema\/logo\/image\/"},"sameAs":["https:\/\/www.facebook.com\/medulinriviera\/","https:\/\/www.instagram.com\/medulinriviera\/","https:\/\/www.youtube.com\/channel\/UCYdC8kYbK9OEmlmeZydpumQ"]}]}},"wpml_current_locale":"hr","wpml_translations":[{"locale":"en_US","id":12868,"post_title":"Download","href":"https:\/\/www.medulinriviera.info\/activities\/cycling\/download\/"},{"locale":"fr_FR","id":12974,"post_title":"Download","href":"https:\/\/www.medulinriviera.info\/fr\/activities\/cycling\/download\/"},{"locale":"de_DE","id":12975,"post_title":"Download","href":"https:\/\/www.medulinriviera.info\/de\/activities\/cycling\/download\/"},{"locale":"it_IT","id":12976,"post_title":"Download","href":"https:\/\/www.medulinriviera.info\/it\/activities\/cycling\/download\/"},{"locale":"sl_SI","id":12977,"post_title":"Download","href":"https:\/\/www.medulinriviera.info\/sl\/activities\/cycling\/download\/"}],"_links":{"self":[{"href":"https:\/\/www.medulinriviera.info\/hr\/wp-json\/wp\/v2\/pages\/12972","targetHints":{"allow":["GET"]}}],"collection":[{"href":"https:\/\/www.medulinriviera.info\/hr\/wp-json\/wp\/v2\/pages"}],"about":[{"href":"https:\/\/www.medulinriviera.info\/hr\/wp-json\/wp\/v2\/types\/page"}],"author":[{"embeddable":true,"href":"https:\/\/www.medulinriviera.info\/hr\/wp-json\/wp\/v2\/users\/1"}],"replies":[{"embeddable":true,"href":"https:\/\/www.medulinriviera.info\/hr\/wp-json\/wp\/v2\/comments?post=12972"}],"version-history":[{"count":0,"href":"https:\/\/www.medulinriviera.info\/hr\/wp-json\/wp\/v2\/pages\/12972\/revisions"}],"up":[{"embeddable":true,"href":"https:\/\/www.medulinriviera.info\/hr\/wp-json\/wp\/v2\/pages\/12730"}],"wp:featuredmedia":[{"embeddable":true,"href":"https:\/\/www.medulinriviera.info\/hr\/wp-json\/wp\/v2\/media\/12658"}],"wp:attachment":[{"href":"https:\/\/www.medulinriviera.info\/hr\/wp-json\/wp\/v2\/media?parent=12972"}],"wp:term":[{"taxonomy":"classificator","embeddable":true,"href":"https:\/\/www.medulinriviera.info\/hr\/wp-json\/wp\/v2\/classificator?post=12972"}],"curies":[{"name":"wp","href":"https:\/\/api.w.org\/{rel}","templated":true}]}}