{"id":12819,"date":"2020-06-11T10:50:24","date_gmt":"2020-06-11T08:50:24","guid":{"rendered":"http:\/\/www.medulinriviera.info\/activities\/other-sports-on-water\/"},"modified":"2020-06-11T10:51:39","modified_gmt":"2020-06-11T08:51:39","slug":"other-sports-on-water","status":"publish","type":"page","link":"https:\/\/www.medulinriviera.info\/hr\/activities\/other-sports-on-water\/","title":{"rendered":"Ostali sportovi na moru"},"content":{"rendered":"\n<p>U toplim ljetnim danima u osvajanje medulinskog plavetnila krenite i uz pomo\u0107 vrhunske sportske opreme koju mo\u017eete iznajmiti na na\u0161im pla\u017eama.<\/p>\n\n\n\n<!--more-->\n\n\n\n<p>Iznajmite barku i osvojite neizmjerno lijepe pla\u017ee u okolici Medulinske rivijere, posudite pedalinu i u\u017eivajte u pogledu s mora na na\u0161e prekrasne pla\u017ee. \u017delite li avanturu s malo vi\u0161e adrenalina tada svakako poku\u0161ajte vo\u017enju na banana boatu, ili fun tubi. U\u017eivati mo\u017eete i u skijanju na vodi, daskanju na moru ili vo\u017enji popularnog skutera za vodu. Medulinsko plavetnilo osvojiti mo\u017eete i uz pomo\u0107 padobrana na vodi, popularnog parasailinga.<\/p>\n\n\n\n<p>U Medulinu zaista mo\u017eete aktivno provesti svoj odmor i u\u017eivati u neizmjernim prirodnim ljepotama koje ovaj kraj nudi.<\/p>\n\n\n\n<p><\/p>\n","protected":false},"excerpt":{"rendered":"<p>U toplim ljetnim danima u osvajanje medulinskog plavetnila krenite i uz pomo\u0107 vrhunske sportske opreme koju mo\u017eete iznajmiti na na\u0161im&#8230;<\/p>\n","protected":false},"author":1,"featured_media":17494,"parent":12667,"menu_order":10,"comment_status":"closed","ping_status":"closed","template":"tpl-activities.php","meta":{"_acf_changed":false,"footnotes":""},"classificator":[],"class_list":["post-12819","page","type-page","status-publish","has-post-thumbnail","hentry"],"acf":{"video":"","gallery":null},"yoast_head":"<!-- This site is optimized with the Yoast SEO plugin v27.3 - https:\/\/yoast.com\/product\/yoast-seo-wordpress\/ -->\n<title>Ostali sportovi na moru - Medulin Riviera<\/title>\n<meta name=\"robots\" content=\"index, follow, max-snippet:-1, max-image-preview:large, max-video-preview:-1\" \/>\n<link rel=\"canonical\" href=\"https:\/\/www.medulinriviera.info\/hr\/activities\/other-sports-on-water\/\" \/>\n<meta property=\"og:locale\" content=\"hr_HR\" \/>\n<meta property=\"og:type\" content=\"article\" \/>\n<meta property=\"og:title\" content=\"Ostali sportovi na moru - Medulin Riviera\" \/>\n<meta property=\"og:description\" content=\"U toplim ljetnim danima u osvajanje medulinskog plavetnila krenite i uz pomo\u0107 vrhunske sportske opreme koju mo\u017eete iznajmiti na na\u0161im...\" \/>\n<meta property=\"og:url\" content=\"https:\/\/www.medulinriviera.info\/hr\/activities\/other-sports-on-water\/\" \/>\n<meta property=\"og:site_name\" content=\"Medulin Riviera\" \/>\n<meta property=\"article:publisher\" content=\"https:\/\/www.facebook.com\/medulinriviera\/\" \/>\n<meta property=\"article:modified_time\" content=\"2020-06-11T08:51:39+00:00\" \/>\n<meta property=\"og:image\" content=\"https:\/\/www.medulinriviera.info\/wp-content\/uploads\/2021\/03\/pexels-annam-w-1074451-scaled.jpg\" \/>\n\t<meta property=\"og:image:width\" content=\"2560\" \/>\n\t<meta property=\"og:image:height\" content=\"1706\" \/>\n\t<meta property=\"og:image:type\" content=\"image\/jpeg\" \/>\n<meta name=\"twitter:card\" content=\"summary_large_image\" \/>\n<meta name=\"twitter:label1\" content=\"Procijenjeno vrijeme \u010ditanja\" \/>\n\t<meta name=\"twitter:data1\" content=\"1 minuta\" \/>\n<script type=\"application\/ld+json\" class=\"yoast-schema-graph\">{\"@context\":\"https:\\\/\\\/schema.org\",\"@graph\":[{\"@type\":\"WebPage\",\"@id\":\"https:\\\/\\\/www.medulinriviera.info\\\/hr\\\/activities\\\/other-sports-on-water\\\/\",\"url\":\"https:\\\/\\\/www.medulinriviera.info\\\/hr\\\/activities\\\/other-sports-on-water\\\/\",\"name\":\"Ostali sportovi na moru - Medulin Riviera\",\"isPartOf\":{\"@id\":\"https:\\\/\\\/www.medulinriviera.info\\\/hr\\\/#website\"},\"primaryImageOfPage\":{\"@id\":\"https:\\\/\\\/www.medulinriviera.info\\\/hr\\\/activities\\\/other-sports-on-water\\\/#primaryimage\"},\"image\":{\"@id\":\"https:\\\/\\\/www.medulinriviera.info\\\/hr\\\/activities\\\/other-sports-on-water\\\/#primaryimage\"},\"thumbnailUrl\":\"https:\\\/\\\/www.medulinriviera.info\\\/wp-content\\\/uploads\\\/2021\\\/03\\\/pexels-annam-w-1074451-scaled.jpg\",\"datePublished\":\"2020-06-11T08:50:24+00:00\",\"dateModified\":\"2020-06-11T08:51:39+00:00\",\"breadcrumb\":{\"@id\":\"https:\\\/\\\/www.medulinriviera.info\\\/hr\\\/activities\\\/other-sports-on-water\\\/#breadcrumb\"},\"inLanguage\":\"hr\",\"potentialAction\":[{\"@type\":\"ReadAction\",\"target\":[\"https:\\\/\\\/www.medulinriviera.info\\\/hr\\\/activities\\\/other-sports-on-water\\\/\"]}]},{\"@type\":\"ImageObject\",\"inLanguage\":\"hr\",\"@id\":\"https:\\\/\\\/www.medulinriviera.info\\\/hr\\\/activities\\\/other-sports-on-water\\\/#primaryimage\",\"url\":\"https:\\\/\\\/www.medulinriviera.info\\\/wp-content\\\/uploads\\\/2021\\\/03\\\/pexels-annam-w-1074451-scaled.jpg\",\"contentUrl\":\"https:\\\/\\\/www.medulinriviera.info\\\/wp-content\\\/uploads\\\/2021\\\/03\\\/pexels-annam-w-1074451-scaled.jpg\",\"width\":2560,\"height\":1706},{\"@type\":\"BreadcrumbList\",\"@id\":\"https:\\\/\\\/www.medulinriviera.info\\\/hr\\\/activities\\\/other-sports-on-water\\\/#breadcrumb\",\"itemListElement\":[{\"@type\":\"ListItem\",\"position\":1,\"name\":\"Home\",\"item\":\"https:\\\/\\\/www.medulinriviera.info\\\/hr\\\/\"},{\"@type\":\"ListItem\",\"position\":2,\"name\":\"Aktivnosti\",\"item\":\"https:\\\/\\\/www.medulinriviera.info\\\/hr\\\/activities\\\/\"},{\"@type\":\"ListItem\",\"position\":3,\"name\":\"Ostali sportovi na moru\"}]},{\"@type\":\"WebSite\",\"@id\":\"https:\\\/\\\/www.medulinriviera.info\\\/hr\\\/#website\",\"url\":\"https:\\\/\\\/www.medulinriviera.info\\\/hr\\\/\",\"name\":\"Medulin Riviera\",\"description\":\"Plavi planet\",\"publisher\":{\"@id\":\"https:\\\/\\\/www.medulinriviera.info\\\/hr\\\/#organization\"},\"potentialAction\":[{\"@type\":\"SearchAction\",\"target\":{\"@type\":\"EntryPoint\",\"urlTemplate\":\"https:\\\/\\\/www.medulinriviera.info\\\/hr\\\/?s={search_term_string}\"},\"query-input\":{\"@type\":\"PropertyValueSpecification\",\"valueRequired\":true,\"valueName\":\"search_term_string\"}}],\"inLanguage\":\"hr\"},{\"@type\":\"Organization\",\"@id\":\"https:\\\/\\\/www.medulinriviera.info\\\/hr\\\/#organization\",\"name\":\"Medulin Riviera\",\"url\":\"https:\\\/\\\/www.medulinriviera.info\\\/hr\\\/\",\"logo\":{\"@type\":\"ImageObject\",\"inLanguage\":\"hr\",\"@id\":\"https:\\\/\\\/www.medulinriviera.info\\\/hr\\\/#\\\/schema\\\/logo\\\/image\\\/\",\"url\":\"https:\\\/\\\/www.medulinriviera.info\\\/wp-content\\\/uploads\\\/2020\\\/06\\\/logo-alt.png\",\"contentUrl\":\"https:\\\/\\\/www.medulinriviera.info\\\/wp-content\\\/uploads\\\/2020\\\/06\\\/logo-alt.png\",\"width\":264,\"height\":78,\"caption\":\"Medulin Riviera\"},\"image\":{\"@id\":\"https:\\\/\\\/www.medulinriviera.info\\\/hr\\\/#\\\/schema\\\/logo\\\/image\\\/\"},\"sameAs\":[\"https:\\\/\\\/www.facebook.com\\\/medulinriviera\\\/\",\"https:\\\/\\\/www.instagram.com\\\/medulinriviera\\\/\",\"https:\\\/\\\/www.youtube.com\\\/channel\\\/UCYdC8kYbK9OEmlmeZydpumQ\"]}]}<\/script>\n<!-- \/ Yoast SEO plugin. -->","yoast_head_json":{"title":"Ostali sportovi na moru - Medulin Riviera","robots":{"index":"index","follow":"follow","max-snippet":"max-snippet:-1","max-image-preview":"max-image-preview:large","max-video-preview":"max-video-preview:-1"},"canonical":"https:\/\/www.medulinriviera.info\/hr\/activities\/other-sports-on-water\/","og_locale":"hr_HR","og_type":"article","og_title":"Ostali sportovi na moru - Medulin Riviera","og_description":"U toplim ljetnim danima u osvajanje medulinskog plavetnila krenite i uz pomo\u0107 vrhunske sportske opreme koju mo\u017eete iznajmiti na na\u0161im...","og_url":"https:\/\/www.medulinriviera.info\/hr\/activities\/other-sports-on-water\/","og_site_name":"Medulin Riviera","article_publisher":"https:\/\/www.facebook.com\/medulinriviera\/","article_modified_time":"2020-06-11T08:51:39+00:00","og_image":[{"width":2560,"height":1706,"url":"https:\/\/www.medulinriviera.info\/wp-content\/uploads\/2021\/03\/pexels-annam-w-1074451-scaled.jpg","type":"image\/jpeg"}],"twitter_card":"summary_large_image","twitter_misc":{"Procijenjeno vrijeme \u010ditanja":"1 minuta"},"schema":{"@context":"https:\/\/schema.org","@graph":[{"@type":"WebPage","@id":"https:\/\/www.medulinriviera.info\/hr\/activities\/other-sports-on-water\/","url":"https:\/\/www.medulinriviera.info\/hr\/activities\/other-sports-on-water\/","name":"Ostali sportovi na moru - Medulin Riviera","isPartOf":{"@id":"https:\/\/www.medulinriviera.info\/hr\/#website"},"primaryImageOfPage":{"@id":"https:\/\/www.medulinriviera.info\/hr\/activities\/other-sports-on-water\/#primaryimage"},"image":{"@id":"https:\/\/www.medulinriviera.info\/hr\/activities\/other-sports-on-water\/#primaryimage"},"thumbnailUrl":"https:\/\/www.medulinriviera.info\/wp-content\/uploads\/2021\/03\/pexels-annam-w-1074451-scaled.jpg","datePublished":"2020-06-11T08:50:24+00:00","dateModified":"2020-06-11T08:51:39+00:00","breadcrumb":{"@id":"https:\/\/www.medulinriviera.info\/hr\/activities\/other-sports-on-water\/#breadcrumb"},"inLanguage":"hr","potentialAction":[{"@type":"ReadAction","target":["https:\/\/www.medulinriviera.info\/hr\/activities\/other-sports-on-water\/"]}]},{"@type":"ImageObject","inLanguage":"hr","@id":"https:\/\/www.medulinriviera.info\/hr\/activities\/other-sports-on-water\/#primaryimage","url":"https:\/\/www.medulinriviera.info\/wp-content\/uploads\/2021\/03\/pexels-annam-w-1074451-scaled.jpg","contentUrl":"https:\/\/www.medulinriviera.info\/wp-content\/uploads\/2021\/03\/pexels-annam-w-1074451-scaled.jpg","width":2560,"height":1706},{"@type":"BreadcrumbList","@id":"https:\/\/www.medulinriviera.info\/hr\/activities\/other-sports-on-water\/#breadcrumb","itemListElement":[{"@type":"ListItem","position":1,"name":"Home","item":"https:\/\/www.medulinriviera.info\/hr\/"},{"@type":"ListItem","position":2,"name":"Aktivnosti","item":"https:\/\/www.medulinriviera.info\/hr\/activities\/"},{"@type":"ListItem","position":3,"name":"Ostali sportovi na moru"}]},{"@type":"WebSite","@id":"https:\/\/www.medulinriviera.info\/hr\/#website","url":"https:\/\/www.medulinriviera.info\/hr\/","name":"Medulin Riviera","description":"Plavi planet","publisher":{"@id":"https:\/\/www.medulinriviera.info\/hr\/#organization"},"potentialAction":[{"@type":"SearchAction","target":{"@type":"EntryPoint","urlTemplate":"https:\/\/www.medulinriviera.info\/hr\/?s={search_term_string}"},"query-input":{"@type":"PropertyValueSpecification","valueRequired":true,"valueName":"search_term_string"}}],"inLanguage":"hr"},{"@type":"Organization","@id":"https:\/\/www.medulinriviera.info\/hr\/#organization","name":"Medulin Riviera","url":"https:\/\/www.medulinriviera.info\/hr\/","logo":{"@type":"ImageObject","inLanguage":"hr","@id":"https:\/\/www.medulinriviera.info\/hr\/#\/schema\/logo\/image\/","url":"https:\/\/www.medulinriviera.info\/wp-content\/uploads\/2020\/06\/logo-alt.png","contentUrl":"https:\/\/www.medulinriviera.info\/wp-content\/uploads\/2020\/06\/logo-alt.png","width":264,"height":78,"caption":"Medulin Riviera"},"image":{"@id":"https:\/\/www.medulinriviera.info\/hr\/#\/schema\/logo\/image\/"},"sameAs":["https:\/\/www.facebook.com\/medulinriviera\/","https:\/\/www.instagram.com\/medulinriviera\/","https:\/\/www.youtube.com\/channel\/UCYdC8kYbK9OEmlmeZydpumQ"]}]}},"wpml_current_locale":"hr","wpml_translations":[{"locale":"en_US","id":12816,"post_title":"Other sports on water","href":"https:\/\/www.medulinriviera.info\/activities\/other-sports-on-water\/"},{"locale":"fr_FR","id":12820,"post_title":"Autres sports nautiques","href":"https:\/\/www.medulinriviera.info\/fr\/activities\/other-sports-on-water\/"},{"locale":"de_DE","id":12821,"post_title":"Andere Sportarten","href":"https:\/\/www.medulinriviera.info\/de\/activities\/other-sports-on-water\/"},{"locale":"it_IT","id":12822,"post_title":"Gli altri sport","href":"https:\/\/www.medulinriviera.info\/it\/activities\/other-sports-on-water\/"},{"locale":"sl_SI","id":12823,"post_title":"Other sports on water","href":"https:\/\/www.medulinriviera.info\/sl\/activities\/other-sports-on-water\/"}],"_links":{"self":[{"href":"https:\/\/www.medulinriviera.info\/hr\/wp-json\/wp\/v2\/pages\/12819","targetHints":{"allow":["GET"]}}],"collection":[{"href":"https:\/\/www.medulinriviera.info\/hr\/wp-json\/wp\/v2\/pages"}],"about":[{"href":"https:\/\/www.medulinriviera.info\/hr\/wp-json\/wp\/v2\/types\/page"}],"author":[{"embeddable":true,"href":"https:\/\/www.medulinriviera.info\/hr\/wp-json\/wp\/v2\/users\/1"}],"replies":[{"embeddable":true,"href":"https:\/\/www.medulinriviera.info\/hr\/wp-json\/wp\/v2\/comments?post=12819"}],"version-history":[{"count":0,"href":"https:\/\/www.medulinriviera.info\/hr\/wp-json\/wp\/v2\/pages\/12819\/revisions"}],"up":[{"embeddable":true,"href":"https:\/\/www.medulinriviera.info\/hr\/wp-json\/wp\/v2\/pages\/12667"}],"wp:featuredmedia":[{"embeddable":true,"href":"https:\/\/www.medulinriviera.info\/hr\/wp-json\/wp\/v2\/media\/17494"}],"wp:attachment":[{"href":"https:\/\/www.medulinriviera.info\/hr\/wp-json\/wp\/v2\/media?parent=12819"}],"wp:term":[{"taxonomy":"classificator","embeddable":true,"href":"https:\/\/www.medulinriviera.info\/hr\/wp-json\/wp\/v2\/classificator?post=12819"}],"curies":[{"name":"wp","href":"https:\/\/api.w.org\/{rel}","templated":true}]}}