{"id":12744,"date":"2020-06-11T10:39:13","date_gmt":"2020-06-11T08:39:13","guid":{"rendered":"http:\/\/www.medulinriviera.info\/activities\/tennis\/"},"modified":"2020-06-11T10:40:11","modified_gmt":"2020-06-11T08:40:11","slug":"tennis","status":"publish","type":"page","link":"https:\/\/www.medulinriviera.info\/hr\/activities\/tennis\/","title":{"rendered":"Tenis"},"content":{"rendered":"\n<p>Nitko sa sigurno\u0161\u0107u ne mo\u017ee kazati kad se tenis to\u010dno po\u010deo igrati, ali zato svi znaju da je to danas jedan od najpopularnijih sportova i omiljena rekreacija u kojoj, bez obzira na spol ili uzrast, svi rado i podjednako u\u017eivaju.<\/p>\n\n\n\n<!--more-->\n\n\n\n<p>Zahvaljuju\u0107i svojoj blagoj klimi Medulin tim teniskim zaljubljenicima pru\u017ea idealne uvijete za u\u017eivanje u \u201ebijelom sportu\u201c tijekom \u010ditave godine. No tenis na Medulinskoj rivijeri nije samo sport ili rekreacija, ve\u0107 je tenis na Medulinskoj rivijeri pravi mali do\u017eivljaj.<\/p>\n\n\n\n<p>Naime na\u0161i se zemljani i betonski teniski tereni nalaze u neposrednoj blizini morske obale, \u0161to \u0107e va\u0161em opu\u0161tanju uz omiljeni sport pru\u017eiti ambijent i atmosferu koje \u0107ete su uvijek rado prisje\u0107ati.<\/p>\n\n\n\n<p>INFO&amp;BOOKING:<br>Sport Centar ARENATURIST MEDULIN, hotel Park Plaza Belvedere, tel. +385 52 572 008, +385 52 572 001, e-mail: ppbmres@pphe.com&nbsp;<\/p>\n","protected":false},"excerpt":{"rendered":"<p>Nitko sa sigurno\u0161\u0107u ne mo\u017ee kazati kad se tenis to\u010dno po\u010deo igrati, ali zato svi znaju da je to danas&#8230;<\/p>\n","protected":false},"author":1,"featured_media":6550,"parent":12667,"menu_order":5,"comment_status":"closed","ping_status":"closed","template":"tpl-activities.php","meta":{"_acf_changed":false,"footnotes":""},"classificator":[],"class_list":["post-12744","page","type-page","status-publish","has-post-thumbnail","hentry"],"acf":{"video":"","gallery":[]},"yoast_head":"<!-- This site is optimized with the Yoast SEO plugin v27.5 - https:\/\/yoast.com\/product\/yoast-seo-wordpress\/ -->\n<title>Tenis - Medulin Riviera<\/title>\n<meta name=\"robots\" content=\"index, follow, max-snippet:-1, max-image-preview:large, max-video-preview:-1\" \/>\n<link rel=\"canonical\" href=\"https:\/\/www.medulinriviera.info\/hr\/activities\/tennis\/\" \/>\n<meta property=\"og:locale\" content=\"hr_HR\" \/>\n<meta property=\"og:type\" content=\"article\" \/>\n<meta property=\"og:title\" content=\"Tenis - Medulin Riviera\" \/>\n<meta property=\"og:description\" content=\"Nitko sa sigurno\u0161\u0107u ne mo\u017ee kazati kad se tenis to\u010dno po\u010deo igrati, ali zato svi znaju da je to danas...\" \/>\n<meta property=\"og:url\" content=\"https:\/\/www.medulinriviera.info\/hr\/activities\/tennis\/\" \/>\n<meta property=\"og:site_name\" content=\"Medulin Riviera\" \/>\n<meta property=\"article:publisher\" content=\"https:\/\/www.facebook.com\/medulinriviera\/\" \/>\n<meta property=\"article:modified_time\" content=\"2020-06-11T08:40:11+00:00\" \/>\n<meta property=\"og:image\" content=\"https:\/\/www.medulinriviera.info\/wp-content\/uploads\/2020\/05\/tenis.jpg\" \/>\n\t<meta property=\"og:image:width\" content=\"1500\" \/>\n\t<meta property=\"og:image:height\" content=\"998\" \/>\n\t<meta property=\"og:image:type\" content=\"image\/jpeg\" \/>\n<meta name=\"twitter:card\" content=\"summary_large_image\" \/>\n<meta name=\"twitter:label1\" content=\"Procijenjeno vrijeme \u010ditanja\" \/>\n\t<meta name=\"twitter:data1\" content=\"1 minuta\" \/>\n<script type=\"application\/ld+json\" class=\"yoast-schema-graph\">{\"@context\":\"https:\\\/\\\/schema.org\",\"@graph\":[{\"@type\":\"WebPage\",\"@id\":\"https:\\\/\\\/www.medulinriviera.info\\\/hr\\\/activities\\\/tennis\\\/\",\"url\":\"https:\\\/\\\/www.medulinriviera.info\\\/hr\\\/activities\\\/tennis\\\/\",\"name\":\"Tenis - Medulin Riviera\",\"isPartOf\":{\"@id\":\"https:\\\/\\\/www.medulinriviera.info\\\/hr\\\/#website\"},\"primaryImageOfPage\":{\"@id\":\"https:\\\/\\\/www.medulinriviera.info\\\/hr\\\/activities\\\/tennis\\\/#primaryimage\"},\"image\":{\"@id\":\"https:\\\/\\\/www.medulinriviera.info\\\/hr\\\/activities\\\/tennis\\\/#primaryimage\"},\"thumbnailUrl\":\"https:\\\/\\\/www.medulinriviera.info\\\/wp-content\\\/uploads\\\/2020\\\/05\\\/tenis.jpg\",\"datePublished\":\"2020-06-11T08:39:13+00:00\",\"dateModified\":\"2020-06-11T08:40:11+00:00\",\"breadcrumb\":{\"@id\":\"https:\\\/\\\/www.medulinriviera.info\\\/hr\\\/activities\\\/tennis\\\/#breadcrumb\"},\"inLanguage\":\"hr\",\"potentialAction\":[{\"@type\":\"ReadAction\",\"target\":[\"https:\\\/\\\/www.medulinriviera.info\\\/hr\\\/activities\\\/tennis\\\/\"]}]},{\"@type\":\"ImageObject\",\"inLanguage\":\"hr\",\"@id\":\"https:\\\/\\\/www.medulinriviera.info\\\/hr\\\/activities\\\/tennis\\\/#primaryimage\",\"url\":\"https:\\\/\\\/www.medulinriviera.info\\\/wp-content\\\/uploads\\\/2020\\\/05\\\/tenis.jpg\",\"contentUrl\":\"https:\\\/\\\/www.medulinriviera.info\\\/wp-content\\\/uploads\\\/2020\\\/05\\\/tenis.jpg\",\"width\":1500,\"height\":998},{\"@type\":\"BreadcrumbList\",\"@id\":\"https:\\\/\\\/www.medulinriviera.info\\\/hr\\\/activities\\\/tennis\\\/#breadcrumb\",\"itemListElement\":[{\"@type\":\"ListItem\",\"position\":1,\"name\":\"Home\",\"item\":\"https:\\\/\\\/www.medulinriviera.info\\\/hr\\\/\"},{\"@type\":\"ListItem\",\"position\":2,\"name\":\"Aktivnosti\",\"item\":\"https:\\\/\\\/www.medulinriviera.info\\\/hr\\\/activities\\\/\"},{\"@type\":\"ListItem\",\"position\":3,\"name\":\"Tenis\"}]},{\"@type\":\"WebSite\",\"@id\":\"https:\\\/\\\/www.medulinriviera.info\\\/hr\\\/#website\",\"url\":\"https:\\\/\\\/www.medulinriviera.info\\\/hr\\\/\",\"name\":\"Medulin Riviera\",\"description\":\"Plavi planet\",\"publisher\":{\"@id\":\"https:\\\/\\\/www.medulinriviera.info\\\/hr\\\/#organization\"},\"potentialAction\":[{\"@type\":\"SearchAction\",\"target\":{\"@type\":\"EntryPoint\",\"urlTemplate\":\"https:\\\/\\\/www.medulinriviera.info\\\/hr\\\/?s={search_term_string}\"},\"query-input\":{\"@type\":\"PropertyValueSpecification\",\"valueRequired\":true,\"valueName\":\"search_term_string\"}}],\"inLanguage\":\"hr\"},{\"@type\":\"Organization\",\"@id\":\"https:\\\/\\\/www.medulinriviera.info\\\/hr\\\/#organization\",\"name\":\"Medulin Riviera\",\"url\":\"https:\\\/\\\/www.medulinriviera.info\\\/hr\\\/\",\"logo\":{\"@type\":\"ImageObject\",\"inLanguage\":\"hr\",\"@id\":\"https:\\\/\\\/www.medulinriviera.info\\\/hr\\\/#\\\/schema\\\/logo\\\/image\\\/\",\"url\":\"https:\\\/\\\/www.medulinriviera.info\\\/wp-content\\\/uploads\\\/2020\\\/06\\\/logo-alt.png\",\"contentUrl\":\"https:\\\/\\\/www.medulinriviera.info\\\/wp-content\\\/uploads\\\/2020\\\/06\\\/logo-alt.png\",\"width\":264,\"height\":78,\"caption\":\"Medulin Riviera\"},\"image\":{\"@id\":\"https:\\\/\\\/www.medulinriviera.info\\\/hr\\\/#\\\/schema\\\/logo\\\/image\\\/\"},\"sameAs\":[\"https:\\\/\\\/www.facebook.com\\\/medulinriviera\\\/\",\"https:\\\/\\\/www.instagram.com\\\/medulinriviera\\\/\",\"https:\\\/\\\/www.youtube.com\\\/channel\\\/UCYdC8kYbK9OEmlmeZydpumQ\"]}]}<\/script>\n<!-- \/ Yoast SEO plugin. -->","yoast_head_json":{"title":"Tenis - Medulin Riviera","robots":{"index":"index","follow":"follow","max-snippet":"max-snippet:-1","max-image-preview":"max-image-preview:large","max-video-preview":"max-video-preview:-1"},"canonical":"https:\/\/www.medulinriviera.info\/hr\/activities\/tennis\/","og_locale":"hr_HR","og_type":"article","og_title":"Tenis - Medulin Riviera","og_description":"Nitko sa sigurno\u0161\u0107u ne mo\u017ee kazati kad se tenis to\u010dno po\u010deo igrati, ali zato svi znaju da je to danas...","og_url":"https:\/\/www.medulinriviera.info\/hr\/activities\/tennis\/","og_site_name":"Medulin Riviera","article_publisher":"https:\/\/www.facebook.com\/medulinriviera\/","article_modified_time":"2020-06-11T08:40:11+00:00","og_image":[{"width":1500,"height":998,"url":"https:\/\/www.medulinriviera.info\/wp-content\/uploads\/2020\/05\/tenis.jpg","type":"image\/jpeg"}],"twitter_card":"summary_large_image","twitter_misc":{"Procijenjeno vrijeme \u010ditanja":"1 minuta"},"schema":{"@context":"https:\/\/schema.org","@graph":[{"@type":"WebPage","@id":"https:\/\/www.medulinriviera.info\/hr\/activities\/tennis\/","url":"https:\/\/www.medulinriviera.info\/hr\/activities\/tennis\/","name":"Tenis - Medulin Riviera","isPartOf":{"@id":"https:\/\/www.medulinriviera.info\/hr\/#website"},"primaryImageOfPage":{"@id":"https:\/\/www.medulinriviera.info\/hr\/activities\/tennis\/#primaryimage"},"image":{"@id":"https:\/\/www.medulinriviera.info\/hr\/activities\/tennis\/#primaryimage"},"thumbnailUrl":"https:\/\/www.medulinriviera.info\/wp-content\/uploads\/2020\/05\/tenis.jpg","datePublished":"2020-06-11T08:39:13+00:00","dateModified":"2020-06-11T08:40:11+00:00","breadcrumb":{"@id":"https:\/\/www.medulinriviera.info\/hr\/activities\/tennis\/#breadcrumb"},"inLanguage":"hr","potentialAction":[{"@type":"ReadAction","target":["https:\/\/www.medulinriviera.info\/hr\/activities\/tennis\/"]}]},{"@type":"ImageObject","inLanguage":"hr","@id":"https:\/\/www.medulinriviera.info\/hr\/activities\/tennis\/#primaryimage","url":"https:\/\/www.medulinriviera.info\/wp-content\/uploads\/2020\/05\/tenis.jpg","contentUrl":"https:\/\/www.medulinriviera.info\/wp-content\/uploads\/2020\/05\/tenis.jpg","width":1500,"height":998},{"@type":"BreadcrumbList","@id":"https:\/\/www.medulinriviera.info\/hr\/activities\/tennis\/#breadcrumb","itemListElement":[{"@type":"ListItem","position":1,"name":"Home","item":"https:\/\/www.medulinriviera.info\/hr\/"},{"@type":"ListItem","position":2,"name":"Aktivnosti","item":"https:\/\/www.medulinriviera.info\/hr\/activities\/"},{"@type":"ListItem","position":3,"name":"Tenis"}]},{"@type":"WebSite","@id":"https:\/\/www.medulinriviera.info\/hr\/#website","url":"https:\/\/www.medulinriviera.info\/hr\/","name":"Medulin Riviera","description":"Plavi planet","publisher":{"@id":"https:\/\/www.medulinriviera.info\/hr\/#organization"},"potentialAction":[{"@type":"SearchAction","target":{"@type":"EntryPoint","urlTemplate":"https:\/\/www.medulinriviera.info\/hr\/?s={search_term_string}"},"query-input":{"@type":"PropertyValueSpecification","valueRequired":true,"valueName":"search_term_string"}}],"inLanguage":"hr"},{"@type":"Organization","@id":"https:\/\/www.medulinriviera.info\/hr\/#organization","name":"Medulin Riviera","url":"https:\/\/www.medulinriviera.info\/hr\/","logo":{"@type":"ImageObject","inLanguage":"hr","@id":"https:\/\/www.medulinriviera.info\/hr\/#\/schema\/logo\/image\/","url":"https:\/\/www.medulinriviera.info\/wp-content\/uploads\/2020\/06\/logo-alt.png","contentUrl":"https:\/\/www.medulinriviera.info\/wp-content\/uploads\/2020\/06\/logo-alt.png","width":264,"height":78,"caption":"Medulin Riviera"},"image":{"@id":"https:\/\/www.medulinriviera.info\/hr\/#\/schema\/logo\/image\/"},"sameAs":["https:\/\/www.facebook.com\/medulinriviera\/","https:\/\/www.instagram.com\/medulinriviera\/","https:\/\/www.youtube.com\/channel\/UCYdC8kYbK9OEmlmeZydpumQ"]}]}},"wpml_current_locale":"hr","wpml_translations":[{"locale":"en_US","id":12741,"post_title":"Tennis","href":"https:\/\/www.medulinriviera.info\/activities\/tennis\/"},{"locale":"fr_FR","id":12745,"post_title":"Tennis","href":"https:\/\/www.medulinriviera.info\/fr\/activities\/tennis\/"},{"locale":"de_DE","id":12746,"post_title":"Tennis","href":"https:\/\/www.medulinriviera.info\/de\/activities\/tennis\/"},{"locale":"it_IT","id":12747,"post_title":"Tennis","href":"https:\/\/www.medulinriviera.info\/it\/activities\/tennis\/"},{"locale":"sl_SI","id":12748,"post_title":"Tennis","href":"https:\/\/www.medulinriviera.info\/sl\/activities\/tennis\/"}],"_links":{"self":[{"href":"https:\/\/www.medulinriviera.info\/hr\/wp-json\/wp\/v2\/pages\/12744","targetHints":{"allow":["GET"]}}],"collection":[{"href":"https:\/\/www.medulinriviera.info\/hr\/wp-json\/wp\/v2\/pages"}],"about":[{"href":"https:\/\/www.medulinriviera.info\/hr\/wp-json\/wp\/v2\/types\/page"}],"author":[{"embeddable":true,"href":"https:\/\/www.medulinriviera.info\/hr\/wp-json\/wp\/v2\/users\/1"}],"replies":[{"embeddable":true,"href":"https:\/\/www.medulinriviera.info\/hr\/wp-json\/wp\/v2\/comments?post=12744"}],"version-history":[{"count":0,"href":"https:\/\/www.medulinriviera.info\/hr\/wp-json\/wp\/v2\/pages\/12744\/revisions"}],"up":[{"embeddable":true,"href":"https:\/\/www.medulinriviera.info\/hr\/wp-json\/wp\/v2\/pages\/12667"}],"wp:featuredmedia":[{"embeddable":true,"href":"https:\/\/www.medulinriviera.info\/hr\/wp-json\/wp\/v2\/media\/6550"}],"wp:attachment":[{"href":"https:\/\/www.medulinriviera.info\/hr\/wp-json\/wp\/v2\/media?parent=12744"}],"wp:term":[{"taxonomy":"classificator","embeddable":true,"href":"https:\/\/www.medulinriviera.info\/hr\/wp-json\/wp\/v2\/classificator?post=12744"}],"curies":[{"name":"wp","href":"https:\/\/api.w.org\/{rel}","templated":true}]}}