{"id":12716,"date":"2020-06-11T10:02:46","date_gmt":"2020-06-11T08:02:46","guid":{"rendered":"http:\/\/www.medulinriviera.info\/activities\/athletics\/"},"modified":"2020-06-29T14:44:33","modified_gmt":"2020-06-29T12:44:33","slug":"athletics","status":"publish","type":"page","link":"https:\/\/www.medulinriviera.info\/hr\/activities\/athletics\/","title":{"rendered":"Atletika"},"content":{"rendered":"\n<p><strong>Sandra Perkovi\u0107, Sandra Kolak, Darko Kralj, Primus Kozmus<\/strong> \u2013 olimpijski i paraolimpijski osvaja\u010di medalja, europski i svjetski prvaci, sportski savezi Slovenije, \u010ce\u0161ke, Ma\u0111arske, Srbije, BiH, Austrije i Hrvatske izabrali su Medulin kao mjesto svojih priprema.<\/p>\n\n\n\n<!--more-->\n\n\n\n<p>U neposrednoj blizini <strong>hotela Park Plaza Belvedere<\/strong> nalazi se zemljana <strong>atletska staza s \u010detiri staze<\/strong>, te <strong>\u010detiri atletska bacali\u0161ta za kuglu, disk i<\/strong><strong>&nbsp;kladivo<\/strong>, a trka\u010dima je na raspolaganju i <strong>14 kilometara cross-country staza<\/strong> u neposrednoj blizini mora.<\/p>\n\n\n\n<p>Osim usluga u objektima sportskog centra Medulina, hotel Park Plaza Belvedere nudi dodatne usluge za sportske pripreme. Sporta\u0161i mogu trenirati u <strong>Fitnessu<\/strong> koji je <strong>opremljen Technogym spravama<\/strong>, moderno opremljena teretana nudi platforme za olimpijsko dizanje utega, razli\u010dite bu\u010dice i olimpijske \u0161ipke, pliometrijske kutije, \u0161vedske ljestve, te razli\u010dite klupice. Svima su na raspolaganju i dva bazena s grijanom morskom vodom, manji je veli\u010dine 8&#215;13 metara, a ve\u0107i 25&#215;13 metara.<\/p>\n\n\n\n<h2 class=\"wp-block-heading\"><strong>Atletske utrke:<\/strong><\/h2>\n\n\n\n<p>U sportskom centru Medulin, sve je prilago\u0111eno sporta\u0161ima, to mogu potvrditi i brojni sudionici tradicionalne <strong>Road Race Medulin Riviera 10 K<\/strong> utrke. Trasa utrke napravljena je prema standardima i propozicijama IAAF i AIMS. i prolazi najatraktivnijim dijelovima Medulina uz samu morsku obalu.<br><\/p>\n\n\n\n<p><strong><a href=\"http:\/\/klc.at\/\" target=\"_blank\" rel=\"noreferrer noopener\">KLC maraton<\/a><\/strong> jedna je od tradicionalnih sportskih manifestacija koja se u travnju odr\u017eava u Medulinu, za svoje \u010dlanove organizira je atletski klub iz austrijskog Klagenfurta.<\/p>\n","protected":false},"excerpt":{"rendered":"<p>Sandra Perkovi\u0107, Sandra Kolak, Darko Kralj, Primus Kozmus \u2013 olimpijski i paraolimpijski osvaja\u010di medalja, europski i svjetski prvaci, sportski savezi&#8230;<\/p>\n","protected":false},"author":1,"featured_media":16983,"parent":12667,"menu_order":3,"comment_status":"closed","ping_status":"closed","template":"tpl-activities.php","meta":{"_acf_changed":false,"footnotes":""},"classificator":[],"class_list":["post-12716","page","type-page","status-publish","has-post-thumbnail","hentry"],"acf":{"video":"","gallery":null},"yoast_head":"<!-- This site is optimized with the Yoast SEO plugin v27.5 - https:\/\/yoast.com\/product\/yoast-seo-wordpress\/ -->\n<title>Atletika - Medulin Riviera<\/title>\n<meta name=\"robots\" content=\"index, follow, max-snippet:-1, max-image-preview:large, max-video-preview:-1\" \/>\n<link rel=\"canonical\" href=\"https:\/\/www.medulinriviera.info\/hr\/activities\/athletics\/\" \/>\n<meta property=\"og:locale\" content=\"hr_HR\" \/>\n<meta property=\"og:type\" content=\"article\" \/>\n<meta property=\"og:title\" content=\"Atletika - Medulin Riviera\" \/>\n<meta property=\"og:description\" content=\"Sandra Perkovi\u0107, Sandra Kolak, Darko Kralj, Primus Kozmus \u2013 olimpijski i paraolimpijski osvaja\u010di medalja, europski i svjetski prvaci, sportski savezi...\" \/>\n<meta property=\"og:url\" content=\"https:\/\/www.medulinriviera.info\/hr\/activities\/athletics\/\" \/>\n<meta property=\"og:site_name\" content=\"Medulin Riviera\" \/>\n<meta property=\"article:publisher\" content=\"https:\/\/www.facebook.com\/medulinriviera\/\" \/>\n<meta property=\"article:modified_time\" content=\"2020-06-29T12:44:33+00:00\" \/>\n<meta property=\"og:image\" content=\"https:\/\/www.medulinriviera.info\/wp-content\/uploads\/2021\/02\/Road-Race-2017-5-AHG-scaled.jpg\" \/>\n\t<meta property=\"og:image:width\" content=\"2560\" \/>\n\t<meta property=\"og:image:height\" content=\"1917\" \/>\n\t<meta property=\"og:image:type\" content=\"image\/jpeg\" \/>\n<meta name=\"twitter:card\" content=\"summary_large_image\" \/>\n<meta name=\"twitter:label1\" content=\"Procijenjeno vrijeme \u010ditanja\" \/>\n\t<meta name=\"twitter:data1\" content=\"1 minuta\" \/>\n<script type=\"application\/ld+json\" class=\"yoast-schema-graph\">{\"@context\":\"https:\\\/\\\/schema.org\",\"@graph\":[{\"@type\":\"WebPage\",\"@id\":\"https:\\\/\\\/www.medulinriviera.info\\\/hr\\\/activities\\\/athletics\\\/\",\"url\":\"https:\\\/\\\/www.medulinriviera.info\\\/hr\\\/activities\\\/athletics\\\/\",\"name\":\"Atletika - Medulin Riviera\",\"isPartOf\":{\"@id\":\"https:\\\/\\\/www.medulinriviera.info\\\/hr\\\/#website\"},\"primaryImageOfPage\":{\"@id\":\"https:\\\/\\\/www.medulinriviera.info\\\/hr\\\/activities\\\/athletics\\\/#primaryimage\"},\"image\":{\"@id\":\"https:\\\/\\\/www.medulinriviera.info\\\/hr\\\/activities\\\/athletics\\\/#primaryimage\"},\"thumbnailUrl\":\"https:\\\/\\\/www.medulinriviera.info\\\/wp-content\\\/uploads\\\/2021\\\/02\\\/Road-Race-2017-5-AHG-scaled.jpg\",\"datePublished\":\"2020-06-11T08:02:46+00:00\",\"dateModified\":\"2020-06-29T12:44:33+00:00\",\"breadcrumb\":{\"@id\":\"https:\\\/\\\/www.medulinriviera.info\\\/hr\\\/activities\\\/athletics\\\/#breadcrumb\"},\"inLanguage\":\"hr\",\"potentialAction\":[{\"@type\":\"ReadAction\",\"target\":[\"https:\\\/\\\/www.medulinriviera.info\\\/hr\\\/activities\\\/athletics\\\/\"]}]},{\"@type\":\"ImageObject\",\"inLanguage\":\"hr\",\"@id\":\"https:\\\/\\\/www.medulinriviera.info\\\/hr\\\/activities\\\/athletics\\\/#primaryimage\",\"url\":\"https:\\\/\\\/www.medulinriviera.info\\\/wp-content\\\/uploads\\\/2021\\\/02\\\/Road-Race-2017-5-AHG-scaled.jpg\",\"contentUrl\":\"https:\\\/\\\/www.medulinriviera.info\\\/wp-content\\\/uploads\\\/2021\\\/02\\\/Road-Race-2017-5-AHG-scaled.jpg\",\"width\":2560,\"height\":1917},{\"@type\":\"BreadcrumbList\",\"@id\":\"https:\\\/\\\/www.medulinriviera.info\\\/hr\\\/activities\\\/athletics\\\/#breadcrumb\",\"itemListElement\":[{\"@type\":\"ListItem\",\"position\":1,\"name\":\"Home\",\"item\":\"https:\\\/\\\/www.medulinriviera.info\\\/hr\\\/\"},{\"@type\":\"ListItem\",\"position\":2,\"name\":\"Aktivnosti\",\"item\":\"https:\\\/\\\/www.medulinriviera.info\\\/hr\\\/activities\\\/\"},{\"@type\":\"ListItem\",\"position\":3,\"name\":\"Atletika\"}]},{\"@type\":\"WebSite\",\"@id\":\"https:\\\/\\\/www.medulinriviera.info\\\/hr\\\/#website\",\"url\":\"https:\\\/\\\/www.medulinriviera.info\\\/hr\\\/\",\"name\":\"Medulin Riviera\",\"description\":\"Plavi planet\",\"publisher\":{\"@id\":\"https:\\\/\\\/www.medulinriviera.info\\\/hr\\\/#organization\"},\"potentialAction\":[{\"@type\":\"SearchAction\",\"target\":{\"@type\":\"EntryPoint\",\"urlTemplate\":\"https:\\\/\\\/www.medulinriviera.info\\\/hr\\\/?s={search_term_string}\"},\"query-input\":{\"@type\":\"PropertyValueSpecification\",\"valueRequired\":true,\"valueName\":\"search_term_string\"}}],\"inLanguage\":\"hr\"},{\"@type\":\"Organization\",\"@id\":\"https:\\\/\\\/www.medulinriviera.info\\\/hr\\\/#organization\",\"name\":\"Medulin Riviera\",\"url\":\"https:\\\/\\\/www.medulinriviera.info\\\/hr\\\/\",\"logo\":{\"@type\":\"ImageObject\",\"inLanguage\":\"hr\",\"@id\":\"https:\\\/\\\/www.medulinriviera.info\\\/hr\\\/#\\\/schema\\\/logo\\\/image\\\/\",\"url\":\"https:\\\/\\\/www.medulinriviera.info\\\/wp-content\\\/uploads\\\/2020\\\/06\\\/logo-alt.png\",\"contentUrl\":\"https:\\\/\\\/www.medulinriviera.info\\\/wp-content\\\/uploads\\\/2020\\\/06\\\/logo-alt.png\",\"width\":264,\"height\":78,\"caption\":\"Medulin Riviera\"},\"image\":{\"@id\":\"https:\\\/\\\/www.medulinriviera.info\\\/hr\\\/#\\\/schema\\\/logo\\\/image\\\/\"},\"sameAs\":[\"https:\\\/\\\/www.facebook.com\\\/medulinriviera\\\/\",\"https:\\\/\\\/www.instagram.com\\\/medulinriviera\\\/\",\"https:\\\/\\\/www.youtube.com\\\/channel\\\/UCYdC8kYbK9OEmlmeZydpumQ\"]}]}<\/script>\n<!-- \/ Yoast SEO plugin. -->","yoast_head_json":{"title":"Atletika - Medulin Riviera","robots":{"index":"index","follow":"follow","max-snippet":"max-snippet:-1","max-image-preview":"max-image-preview:large","max-video-preview":"max-video-preview:-1"},"canonical":"https:\/\/www.medulinriviera.info\/hr\/activities\/athletics\/","og_locale":"hr_HR","og_type":"article","og_title":"Atletika - Medulin Riviera","og_description":"Sandra Perkovi\u0107, Sandra Kolak, Darko Kralj, Primus Kozmus \u2013 olimpijski i paraolimpijski osvaja\u010di medalja, europski i svjetski prvaci, sportski savezi...","og_url":"https:\/\/www.medulinriviera.info\/hr\/activities\/athletics\/","og_site_name":"Medulin Riviera","article_publisher":"https:\/\/www.facebook.com\/medulinriviera\/","article_modified_time":"2020-06-29T12:44:33+00:00","og_image":[{"width":2560,"height":1917,"url":"https:\/\/www.medulinriviera.info\/wp-content\/uploads\/2021\/02\/Road-Race-2017-5-AHG-scaled.jpg","type":"image\/jpeg"}],"twitter_card":"summary_large_image","twitter_misc":{"Procijenjeno vrijeme \u010ditanja":"1 minuta"},"schema":{"@context":"https:\/\/schema.org","@graph":[{"@type":"WebPage","@id":"https:\/\/www.medulinriviera.info\/hr\/activities\/athletics\/","url":"https:\/\/www.medulinriviera.info\/hr\/activities\/athletics\/","name":"Atletika - Medulin Riviera","isPartOf":{"@id":"https:\/\/www.medulinriviera.info\/hr\/#website"},"primaryImageOfPage":{"@id":"https:\/\/www.medulinriviera.info\/hr\/activities\/athletics\/#primaryimage"},"image":{"@id":"https:\/\/www.medulinriviera.info\/hr\/activities\/athletics\/#primaryimage"},"thumbnailUrl":"https:\/\/www.medulinriviera.info\/wp-content\/uploads\/2021\/02\/Road-Race-2017-5-AHG-scaled.jpg","datePublished":"2020-06-11T08:02:46+00:00","dateModified":"2020-06-29T12:44:33+00:00","breadcrumb":{"@id":"https:\/\/www.medulinriviera.info\/hr\/activities\/athletics\/#breadcrumb"},"inLanguage":"hr","potentialAction":[{"@type":"ReadAction","target":["https:\/\/www.medulinriviera.info\/hr\/activities\/athletics\/"]}]},{"@type":"ImageObject","inLanguage":"hr","@id":"https:\/\/www.medulinriviera.info\/hr\/activities\/athletics\/#primaryimage","url":"https:\/\/www.medulinriviera.info\/wp-content\/uploads\/2021\/02\/Road-Race-2017-5-AHG-scaled.jpg","contentUrl":"https:\/\/www.medulinriviera.info\/wp-content\/uploads\/2021\/02\/Road-Race-2017-5-AHG-scaled.jpg","width":2560,"height":1917},{"@type":"BreadcrumbList","@id":"https:\/\/www.medulinriviera.info\/hr\/activities\/athletics\/#breadcrumb","itemListElement":[{"@type":"ListItem","position":1,"name":"Home","item":"https:\/\/www.medulinriviera.info\/hr\/"},{"@type":"ListItem","position":2,"name":"Aktivnosti","item":"https:\/\/www.medulinriviera.info\/hr\/activities\/"},{"@type":"ListItem","position":3,"name":"Atletika"}]},{"@type":"WebSite","@id":"https:\/\/www.medulinriviera.info\/hr\/#website","url":"https:\/\/www.medulinriviera.info\/hr\/","name":"Medulin Riviera","description":"Plavi planet","publisher":{"@id":"https:\/\/www.medulinriviera.info\/hr\/#organization"},"potentialAction":[{"@type":"SearchAction","target":{"@type":"EntryPoint","urlTemplate":"https:\/\/www.medulinriviera.info\/hr\/?s={search_term_string}"},"query-input":{"@type":"PropertyValueSpecification","valueRequired":true,"valueName":"search_term_string"}}],"inLanguage":"hr"},{"@type":"Organization","@id":"https:\/\/www.medulinriviera.info\/hr\/#organization","name":"Medulin Riviera","url":"https:\/\/www.medulinriviera.info\/hr\/","logo":{"@type":"ImageObject","inLanguage":"hr","@id":"https:\/\/www.medulinriviera.info\/hr\/#\/schema\/logo\/image\/","url":"https:\/\/www.medulinriviera.info\/wp-content\/uploads\/2020\/06\/logo-alt.png","contentUrl":"https:\/\/www.medulinriviera.info\/wp-content\/uploads\/2020\/06\/logo-alt.png","width":264,"height":78,"caption":"Medulin Riviera"},"image":{"@id":"https:\/\/www.medulinriviera.info\/hr\/#\/schema\/logo\/image\/"},"sameAs":["https:\/\/www.facebook.com\/medulinriviera\/","https:\/\/www.instagram.com\/medulinriviera\/","https:\/\/www.youtube.com\/channel\/UCYdC8kYbK9OEmlmeZydpumQ"]}]}},"wpml_current_locale":"hr","wpml_translations":[{"locale":"en_US","id":12713,"post_title":"Athletics","href":"https:\/\/www.medulinriviera.info\/activities\/athletics\/"},{"locale":"fr_FR","id":12717,"post_title":"Athl\u00e9tisme","href":"https:\/\/www.medulinriviera.info\/fr\/activities\/athletics\/"},{"locale":"de_DE","id":12718,"post_title":"Leichtathletik","href":"https:\/\/www.medulinriviera.info\/de\/activities\/athletics\/"},{"locale":"it_IT","id":12719,"post_title":"Atletica leggera","href":"https:\/\/www.medulinriviera.info\/it\/activities\/athletics\/"},{"locale":"sl_SI","id":12720,"post_title":"Athletics","href":"https:\/\/www.medulinriviera.info\/sl\/activities\/athletics\/"}],"_links":{"self":[{"href":"https:\/\/www.medulinriviera.info\/hr\/wp-json\/wp\/v2\/pages\/12716","targetHints":{"allow":["GET"]}}],"collection":[{"href":"https:\/\/www.medulinriviera.info\/hr\/wp-json\/wp\/v2\/pages"}],"about":[{"href":"https:\/\/www.medulinriviera.info\/hr\/wp-json\/wp\/v2\/types\/page"}],"author":[{"embeddable":true,"href":"https:\/\/www.medulinriviera.info\/hr\/wp-json\/wp\/v2\/users\/1"}],"replies":[{"embeddable":true,"href":"https:\/\/www.medulinriviera.info\/hr\/wp-json\/wp\/v2\/comments?post=12716"}],"version-history":[{"count":0,"href":"https:\/\/www.medulinriviera.info\/hr\/wp-json\/wp\/v2\/pages\/12716\/revisions"}],"up":[{"embeddable":true,"href":"https:\/\/www.medulinriviera.info\/hr\/wp-json\/wp\/v2\/pages\/12667"}],"wp:featuredmedia":[{"embeddable":true,"href":"https:\/\/www.medulinriviera.info\/hr\/wp-json\/wp\/v2\/media\/16983"}],"wp:attachment":[{"href":"https:\/\/www.medulinriviera.info\/hr\/wp-json\/wp\/v2\/media?parent=12716"}],"wp:term":[{"taxonomy":"classificator","embeddable":true,"href":"https:\/\/www.medulinriviera.info\/hr\/wp-json\/wp\/v2\/classificator?post=12716"}],"curies":[{"name":"wp","href":"https:\/\/api.w.org\/{rel}","templated":true}]}}