{"id":12699,"date":"2020-06-11T09:55:43","date_gmt":"2020-06-11T07:55:43","guid":{"rendered":"http:\/\/www.medulinriviera.info\/activities\/football\/"},"modified":"2024-10-30T09:39:20","modified_gmt":"2024-10-30T08:39:20","slug":"football","status":"publish","type":"page","link":"https:\/\/www.medulinriviera.info\/hr\/activities\/football\/","title":{"rendered":"Nogomet"},"content":{"rendered":"\n<p><strong>Nogometni tereni u Medulinu<\/strong> u neposrednoj blizini <strong>hotela Park Plaza Belvedere<\/strong> jo\u0161 od 1970. godine privla\u010de brojne nogometne klubove na pripreme u ovaj jedinstveni sportski centar.<\/p>\n\n\n\n<!--more-->\n\n\n\n<p>Sporta\u0161ima koji Medulin izaberu za mjesto svojih priprema na raspolaganju je <strong>\u0161est travnatih nogometnih terena (FIFA veli\u010dine) <\/strong>u neposrednoj blizini hotela Park Plaza Belvedere. Medulin nudi i <strong>dva terena s umjetnom travom<\/strong>, pa je ukupan broj raspolo\u017eivih terena na kojima se nogometa\u0161i mogu pripremati za predstoje\u0107a natjecanja osam.<\/p>\n\n\n\n<p>Nogometni tereni na raspolaganju su isklju\u010divo ekipama koje borave na pripremama u Medulinu. Za njihove optimalne pripreme prilago\u0111ena je i druga ponuda hotela Park Plaza Belvedere, pa sporta\u0161ima stoje na raspolaganju <strong>dva unutarnja grijana bazena s morskom vodom<\/strong> te <strong>Wellness <\/strong>koji se rasprostire na 1.500 \u010detvornih metara. Sporta\u0161i mogu koristiti i <strong>fitness<\/strong>, a njima je prilago\u0111ena i prehrana. Fitness je opremljen Technogym spravama, a u moderno opremljenoj teretani postavljene su platforme za olimpijsko dizanje utega, tu su i razli\u010dite bu\u010dice i olimpijske \u0161ipke, pliometrijske kutije, \u0161vedske ljestve, te razli\u010dite klupice.<\/p>\n\n\n\n<p>Na zahtjev sporta\u0161a koji borave na pripremama u Medulinu mogu\u0107e je organizirati i utakmice s drugim klubovima koji u to vrijeme stje\u010du formu na Medulin Rivieri.<\/p>\n\n\n\n<h2 class=\"wp-block-heading\"><strong>Turniri:<\/strong><\/h2>\n\n\n\n<p><strong><a href=\"https:\/\/www.facebook.com\/arenasports.eu\/\" target=\"_blank\" rel=\"noreferrer noopener\">Arena Cup,<\/a><\/strong> me\u0111unarodni je nogometni turnir na kojem sudjeluju prvoliga\u0161ke mom\u010dadi iz Europe i regije, odr\u017eava se krajem sije\u010dnja. Organizatori turnira su Arenaturist i Turisti\u010dka zajednica op\u0107ine Medulin.<\/p>\n\n\n\n<p><strong><a href=\"https:\/\/www.medulinriviera.info\/hr\/21-otvoreni-turnir-zns-a-medulin-2022\/\" target=\"_blank\" rel=\"noreferrer noopener\">Football Family Picnic <\/a><\/strong>, tradicionalna je me\u0111unarodna manifestacija koju od 2004. godine u travnju organizira Nogometni savez Zagreba. Pro\u0161lih godina na ovom se turniru u me\u0111usobnim utakmicama susrelo oko dvije tisu\u0107e djevoj\u010dica i dje\u010daka. Na turniru tradicionalno sudjeluju najbolje \u0161kole nogometa hrvatskih klubova poput: GNK Dinamo, RNK Split, NK Istra, NK Zagreb, NK Rijeka&#8230;<\/p>\n","protected":false},"excerpt":{"rendered":"<p>Nogometni tereni u Medulinu u neposrednoj blizini hotela Park Plaza Belvedere jo\u0161 od 1970. godine privla\u010de brojne nogometne klubove na&#8230;<\/p>\n","protected":false},"author":1,"featured_media":16976,"parent":12667,"menu_order":1,"comment_status":"closed","ping_status":"closed","template":"tpl-activities.php","meta":{"_acf_changed":false,"footnotes":""},"classificator":[],"class_list":["post-12699","page","type-page","status-publish","has-post-thumbnail","hentry"],"acf":{"video":"","gallery":""},"yoast_head":"<!-- This site is optimized with the Yoast SEO plugin v27.6 - https:\/\/yoast.com\/product\/yoast-seo-wordpress\/ -->\n<title>Nogomet - Medulin Riviera<\/title>\n<meta name=\"robots\" content=\"index, follow, max-snippet:-1, max-image-preview:large, max-video-preview:-1\" \/>\n<link rel=\"canonical\" href=\"https:\/\/www.medulinriviera.info\/hr\/activities\/football\/\" \/>\n<meta property=\"og:locale\" content=\"hr_HR\" \/>\n<meta property=\"og:type\" content=\"article\" \/>\n<meta property=\"og:title\" content=\"Nogomet - Medulin Riviera\" \/>\n<meta property=\"og:description\" content=\"Nogometni tereni u Medulinu u neposrednoj blizini hotela Park Plaza Belvedere jo\u0161 od 1970. godine privla\u010de brojne nogometne klubove na...\" \/>\n<meta property=\"og:url\" content=\"https:\/\/www.medulinriviera.info\/hr\/activities\/football\/\" \/>\n<meta property=\"og:site_name\" content=\"Medulin Riviera\" \/>\n<meta property=\"article:publisher\" content=\"https:\/\/www.facebook.com\/medulinriviera\/\" \/>\n<meta property=\"article:modified_time\" content=\"2024-10-30T08:39:20+00:00\" \/>\n<meta property=\"og:image\" content=\"https:\/\/www.medulinriviera.info\/wp-content\/uploads\/2021\/02\/PP_Belvedere_Sport-4-scaled.jpg\" \/>\n\t<meta property=\"og:image:width\" content=\"2560\" \/>\n\t<meta property=\"og:image:height\" content=\"1917\" \/>\n\t<meta property=\"og:image:type\" content=\"image\/jpeg\" \/>\n<meta name=\"twitter:card\" content=\"summary_large_image\" \/>\n<meta name=\"twitter:label1\" content=\"Procijenjeno vrijeme \u010ditanja\" \/>\n\t<meta name=\"twitter:data1\" content=\"2 minute\" \/>\n<script type=\"application\/ld+json\" class=\"yoast-schema-graph\">{\"@context\":\"https:\\\/\\\/schema.org\",\"@graph\":[{\"@type\":\"WebPage\",\"@id\":\"https:\\\/\\\/www.medulinriviera.info\\\/hr\\\/activities\\\/football\\\/\",\"url\":\"https:\\\/\\\/www.medulinriviera.info\\\/hr\\\/activities\\\/football\\\/\",\"name\":\"Nogomet - Medulin Riviera\",\"isPartOf\":{\"@id\":\"https:\\\/\\\/www.medulinriviera.info\\\/hr\\\/#website\"},\"primaryImageOfPage\":{\"@id\":\"https:\\\/\\\/www.medulinriviera.info\\\/hr\\\/activities\\\/football\\\/#primaryimage\"},\"image\":{\"@id\":\"https:\\\/\\\/www.medulinriviera.info\\\/hr\\\/activities\\\/football\\\/#primaryimage\"},\"thumbnailUrl\":\"https:\\\/\\\/www.medulinriviera.info\\\/wp-content\\\/uploads\\\/2021\\\/02\\\/PP_Belvedere_Sport-4-scaled.jpg\",\"datePublished\":\"2020-06-11T07:55:43+00:00\",\"dateModified\":\"2024-10-30T08:39:20+00:00\",\"breadcrumb\":{\"@id\":\"https:\\\/\\\/www.medulinriviera.info\\\/hr\\\/activities\\\/football\\\/#breadcrumb\"},\"inLanguage\":\"hr\",\"potentialAction\":[{\"@type\":\"ReadAction\",\"target\":[\"https:\\\/\\\/www.medulinriviera.info\\\/hr\\\/activities\\\/football\\\/\"]}]},{\"@type\":\"ImageObject\",\"inLanguage\":\"hr\",\"@id\":\"https:\\\/\\\/www.medulinriviera.info\\\/hr\\\/activities\\\/football\\\/#primaryimage\",\"url\":\"https:\\\/\\\/www.medulinriviera.info\\\/wp-content\\\/uploads\\\/2021\\\/02\\\/PP_Belvedere_Sport-4-scaled.jpg\",\"contentUrl\":\"https:\\\/\\\/www.medulinriviera.info\\\/wp-content\\\/uploads\\\/2021\\\/02\\\/PP_Belvedere_Sport-4-scaled.jpg\",\"width\":2560,\"height\":1917},{\"@type\":\"BreadcrumbList\",\"@id\":\"https:\\\/\\\/www.medulinriviera.info\\\/hr\\\/activities\\\/football\\\/#breadcrumb\",\"itemListElement\":[{\"@type\":\"ListItem\",\"position\":1,\"name\":\"Home\",\"item\":\"https:\\\/\\\/www.medulinriviera.info\\\/hr\\\/\"},{\"@type\":\"ListItem\",\"position\":2,\"name\":\"Aktivnosti\",\"item\":\"https:\\\/\\\/www.medulinriviera.info\\\/hr\\\/activities\\\/\"},{\"@type\":\"ListItem\",\"position\":3,\"name\":\"Nogomet\"}]},{\"@type\":\"WebSite\",\"@id\":\"https:\\\/\\\/www.medulinriviera.info\\\/hr\\\/#website\",\"url\":\"https:\\\/\\\/www.medulinriviera.info\\\/hr\\\/\",\"name\":\"Medulin Riviera\",\"description\":\"Plavi planet\",\"publisher\":{\"@id\":\"https:\\\/\\\/www.medulinriviera.info\\\/hr\\\/#organization\"},\"potentialAction\":[{\"@type\":\"SearchAction\",\"target\":{\"@type\":\"EntryPoint\",\"urlTemplate\":\"https:\\\/\\\/www.medulinriviera.info\\\/hr\\\/?s={search_term_string}\"},\"query-input\":{\"@type\":\"PropertyValueSpecification\",\"valueRequired\":true,\"valueName\":\"search_term_string\"}}],\"inLanguage\":\"hr\"},{\"@type\":\"Organization\",\"@id\":\"https:\\\/\\\/www.medulinriviera.info\\\/hr\\\/#organization\",\"name\":\"Medulin Riviera\",\"url\":\"https:\\\/\\\/www.medulinriviera.info\\\/hr\\\/\",\"logo\":{\"@type\":\"ImageObject\",\"inLanguage\":\"hr\",\"@id\":\"https:\\\/\\\/www.medulinriviera.info\\\/hr\\\/#\\\/schema\\\/logo\\\/image\\\/\",\"url\":\"https:\\\/\\\/www.medulinriviera.info\\\/wp-content\\\/uploads\\\/2020\\\/06\\\/logo-alt.png\",\"contentUrl\":\"https:\\\/\\\/www.medulinriviera.info\\\/wp-content\\\/uploads\\\/2020\\\/06\\\/logo-alt.png\",\"width\":264,\"height\":78,\"caption\":\"Medulin Riviera\"},\"image\":{\"@id\":\"https:\\\/\\\/www.medulinriviera.info\\\/hr\\\/#\\\/schema\\\/logo\\\/image\\\/\"},\"sameAs\":[\"https:\\\/\\\/www.facebook.com\\\/medulinriviera\\\/\",\"https:\\\/\\\/www.instagram.com\\\/medulinriviera\\\/\",\"https:\\\/\\\/www.youtube.com\\\/channel\\\/UCYdC8kYbK9OEmlmeZydpumQ\"]}]}<\/script>\n<!-- \/ Yoast SEO plugin. -->","yoast_head_json":{"title":"Nogomet - Medulin Riviera","robots":{"index":"index","follow":"follow","max-snippet":"max-snippet:-1","max-image-preview":"max-image-preview:large","max-video-preview":"max-video-preview:-1"},"canonical":"https:\/\/www.medulinriviera.info\/hr\/activities\/football\/","og_locale":"hr_HR","og_type":"article","og_title":"Nogomet - Medulin Riviera","og_description":"Nogometni tereni u Medulinu u neposrednoj blizini hotela Park Plaza Belvedere jo\u0161 od 1970. godine privla\u010de brojne nogometne klubove na...","og_url":"https:\/\/www.medulinriviera.info\/hr\/activities\/football\/","og_site_name":"Medulin Riviera","article_publisher":"https:\/\/www.facebook.com\/medulinriviera\/","article_modified_time":"2024-10-30T08:39:20+00:00","og_image":[{"width":2560,"height":1917,"url":"https:\/\/www.medulinriviera.info\/wp-content\/uploads\/2021\/02\/PP_Belvedere_Sport-4-scaled.jpg","type":"image\/jpeg"}],"twitter_card":"summary_large_image","twitter_misc":{"Procijenjeno vrijeme \u010ditanja":"2 minute"},"schema":{"@context":"https:\/\/schema.org","@graph":[{"@type":"WebPage","@id":"https:\/\/www.medulinriviera.info\/hr\/activities\/football\/","url":"https:\/\/www.medulinriviera.info\/hr\/activities\/football\/","name":"Nogomet - Medulin Riviera","isPartOf":{"@id":"https:\/\/www.medulinriviera.info\/hr\/#website"},"primaryImageOfPage":{"@id":"https:\/\/www.medulinriviera.info\/hr\/activities\/football\/#primaryimage"},"image":{"@id":"https:\/\/www.medulinriviera.info\/hr\/activities\/football\/#primaryimage"},"thumbnailUrl":"https:\/\/www.medulinriviera.info\/wp-content\/uploads\/2021\/02\/PP_Belvedere_Sport-4-scaled.jpg","datePublished":"2020-06-11T07:55:43+00:00","dateModified":"2024-10-30T08:39:20+00:00","breadcrumb":{"@id":"https:\/\/www.medulinriviera.info\/hr\/activities\/football\/#breadcrumb"},"inLanguage":"hr","potentialAction":[{"@type":"ReadAction","target":["https:\/\/www.medulinriviera.info\/hr\/activities\/football\/"]}]},{"@type":"ImageObject","inLanguage":"hr","@id":"https:\/\/www.medulinriviera.info\/hr\/activities\/football\/#primaryimage","url":"https:\/\/www.medulinriviera.info\/wp-content\/uploads\/2021\/02\/PP_Belvedere_Sport-4-scaled.jpg","contentUrl":"https:\/\/www.medulinriviera.info\/wp-content\/uploads\/2021\/02\/PP_Belvedere_Sport-4-scaled.jpg","width":2560,"height":1917},{"@type":"BreadcrumbList","@id":"https:\/\/www.medulinriviera.info\/hr\/activities\/football\/#breadcrumb","itemListElement":[{"@type":"ListItem","position":1,"name":"Home","item":"https:\/\/www.medulinriviera.info\/hr\/"},{"@type":"ListItem","position":2,"name":"Aktivnosti","item":"https:\/\/www.medulinriviera.info\/hr\/activities\/"},{"@type":"ListItem","position":3,"name":"Nogomet"}]},{"@type":"WebSite","@id":"https:\/\/www.medulinriviera.info\/hr\/#website","url":"https:\/\/www.medulinriviera.info\/hr\/","name":"Medulin Riviera","description":"Plavi planet","publisher":{"@id":"https:\/\/www.medulinriviera.info\/hr\/#organization"},"potentialAction":[{"@type":"SearchAction","target":{"@type":"EntryPoint","urlTemplate":"https:\/\/www.medulinriviera.info\/hr\/?s={search_term_string}"},"query-input":{"@type":"PropertyValueSpecification","valueRequired":true,"valueName":"search_term_string"}}],"inLanguage":"hr"},{"@type":"Organization","@id":"https:\/\/www.medulinriviera.info\/hr\/#organization","name":"Medulin Riviera","url":"https:\/\/www.medulinriviera.info\/hr\/","logo":{"@type":"ImageObject","inLanguage":"hr","@id":"https:\/\/www.medulinriviera.info\/hr\/#\/schema\/logo\/image\/","url":"https:\/\/www.medulinriviera.info\/wp-content\/uploads\/2020\/06\/logo-alt.png","contentUrl":"https:\/\/www.medulinriviera.info\/wp-content\/uploads\/2020\/06\/logo-alt.png","width":264,"height":78,"caption":"Medulin Riviera"},"image":{"@id":"https:\/\/www.medulinriviera.info\/hr\/#\/schema\/logo\/image\/"},"sameAs":["https:\/\/www.facebook.com\/medulinriviera\/","https:\/\/www.instagram.com\/medulinriviera\/","https:\/\/www.youtube.com\/channel\/UCYdC8kYbK9OEmlmeZydpumQ"]}]}},"wpml_current_locale":"hr","wpml_translations":[{"locale":"en_US","id":12695,"post_title":"Football","href":"https:\/\/www.medulinriviera.info\/activities\/football\/"},{"locale":"fr_FR","id":12700,"post_title":"Football","href":"https:\/\/www.medulinriviera.info\/fr\/activities\/football\/"},{"locale":"de_DE","id":12701,"post_title":"Fu\u00dfball","href":"https:\/\/www.medulinriviera.info\/de\/activities\/football\/"},{"locale":"it_IT","id":12702,"post_title":"Calcio","href":"https:\/\/www.medulinriviera.info\/it\/activities\/football\/"},{"locale":"sl_SI","id":12703,"post_title":"Football","href":"https:\/\/www.medulinriviera.info\/sl\/activities\/football\/"}],"_links":{"self":[{"href":"https:\/\/www.medulinriviera.info\/hr\/wp-json\/wp\/v2\/pages\/12699","targetHints":{"allow":["GET"]}}],"collection":[{"href":"https:\/\/www.medulinriviera.info\/hr\/wp-json\/wp\/v2\/pages"}],"about":[{"href":"https:\/\/www.medulinriviera.info\/hr\/wp-json\/wp\/v2\/types\/page"}],"author":[{"embeddable":true,"href":"https:\/\/www.medulinriviera.info\/hr\/wp-json\/wp\/v2\/users\/1"}],"replies":[{"embeddable":true,"href":"https:\/\/www.medulinriviera.info\/hr\/wp-json\/wp\/v2\/comments?post=12699"}],"version-history":[{"count":2,"href":"https:\/\/www.medulinriviera.info\/hr\/wp-json\/wp\/v2\/pages\/12699\/revisions"}],"predecessor-version":[{"id":34297,"href":"https:\/\/www.medulinriviera.info\/hr\/wp-json\/wp\/v2\/pages\/12699\/revisions\/34297"}],"up":[{"embeddable":true,"href":"https:\/\/www.medulinriviera.info\/hr\/wp-json\/wp\/v2\/pages\/12667"}],"wp:featuredmedia":[{"embeddable":true,"href":"https:\/\/www.medulinriviera.info\/hr\/wp-json\/wp\/v2\/media\/16976"}],"wp:attachment":[{"href":"https:\/\/www.medulinriviera.info\/hr\/wp-json\/wp\/v2\/media?parent=12699"}],"wp:term":[{"taxonomy":"classificator","embeddable":true,"href":"https:\/\/www.medulinriviera.info\/hr\/wp-json\/wp\/v2\/classificator?post=12699"}],"curies":[{"name":"wp","href":"https:\/\/api.w.org\/{rel}","templated":true}]}}