{"id":12265,"date":"2020-06-06T23:09:57","date_gmt":"2020-06-06T21:09:57","guid":{"rendered":"http:\/\/www.medulinriviera.info\/places\/"},"modified":"2020-06-08T14:52:44","modified_gmt":"2020-06-08T12:52:44","slug":"places","status":"publish","type":"page","link":"https:\/\/www.medulinriviera.info\/hr\/places\/","title":{"rendered":"Mjesta"},"content":{"rendered":"\n<p>Na 80 kilometara razvedene obale, u uvalama i zaljevima, smje\u0161teno je<br>6 pitoresknih mjesta. Poput na\u0161eg planeta, vi\u0161e od tri \u010detvrtine povr\u0161ine<br>ove Riviere pokriveno je prvorazrednim morem. S bilo kojeg mjesta, na<br>uskoj obalnoj povr\u0161ini, vidi se veliko plavetnilo, a prava \u010darolija se doga\u0111a<br>kada zapo\u010dnemo uranjati u njega, bilo da \u017eelimo samo zaplivati njegovom<br>povr\u0161inom ili se \u017eelimo spustiti u njegove dubine. Bogatstvo flore i faune<br>dodatno poja\u010dava u\u017eitak boravka na ovom prostoru. Divlja netaknuta<br>priroda s jedne strane, te komforni hoteli, kampovi i apartmani, s bogatim<br>sadr\u017eajima, s druge strane, pru\u017eaju idealne uvjete za odmor.<\/p>\n\n\n\n<p><br>Veliko plavetnilo vas o\u010dekuje<\/p>\n\n\n\n<p>Dobrodo\u0161li!<\/p>\n","protected":false},"excerpt":{"rendered":"<p>Na 80 kilometara razvedene obale, u uvalama i zaljevima, smje\u0161teno je6 pitoresknih mjesta. Poput na\u0161eg planeta, vi\u0161e od tri \u010detvrtine&#8230;<\/p>\n","protected":false},"author":1,"featured_media":17150,"parent":0,"menu_order":0,"comment_status":"closed","ping_status":"closed","template":"archive-place.php","meta":{"_acf_changed":false,"footnotes":""},"classificator":[],"class_list":["post-12265","page","type-page","status-publish","has-post-thumbnail","hentry"],"acf":{"video":"","gallery":null},"yoast_head":"<!-- This site is optimized with the Yoast SEO plugin v27.6 - https:\/\/yoast.com\/product\/yoast-seo-wordpress\/ -->\n<title>Mjesta - Medulin Riviera<\/title>\n<meta name=\"robots\" content=\"index, follow, max-snippet:-1, max-image-preview:large, max-video-preview:-1\" \/>\n<link rel=\"canonical\" href=\"https:\/\/www.medulinriviera.info\/hr\/places\/\" \/>\n<meta property=\"og:locale\" content=\"hr_HR\" \/>\n<meta property=\"og:type\" content=\"article\" \/>\n<meta property=\"og:title\" content=\"Mjesta - Medulin Riviera\" \/>\n<meta property=\"og:description\" content=\"Na 80 kilometara razvedene obale, u uvalama i zaljevima, smje\u0161teno je6 pitoresknih mjesta. Poput na\u0161eg planeta, vi\u0161e od tri \u010detvrtine...\" \/>\n<meta property=\"og:url\" content=\"https:\/\/www.medulinriviera.info\/hr\/places\/\" \/>\n<meta property=\"og:site_name\" content=\"Medulin Riviera\" \/>\n<meta property=\"article:publisher\" content=\"https:\/\/www.facebook.com\/medulinriviera\/\" \/>\n<meta property=\"article:modified_time\" content=\"2020-06-08T12:52:44+00:00\" \/>\n<meta property=\"og:image\" content=\"https:\/\/www.medulinriviera.info\/wp-content\/uploads\/2021\/02\/TZOMWEB-Putokazi-Studio11-scaled.jpg\" \/>\n\t<meta property=\"og:image:width\" content=\"2560\" \/>\n\t<meta property=\"og:image:height\" content=\"1706\" \/>\n\t<meta property=\"og:image:type\" content=\"image\/jpeg\" \/>\n<meta name=\"twitter:card\" content=\"summary_large_image\" \/>\n<meta name=\"twitter:label1\" content=\"Procijenjeno vrijeme \u010ditanja\" \/>\n\t<meta name=\"twitter:data1\" content=\"1 minuta\" \/>\n<script type=\"application\/ld+json\" class=\"yoast-schema-graph\">{\"@context\":\"https:\\\/\\\/schema.org\",\"@graph\":[{\"@type\":\"WebPage\",\"@id\":\"https:\\\/\\\/www.medulinriviera.info\\\/hr\\\/places\\\/\",\"url\":\"https:\\\/\\\/www.medulinriviera.info\\\/hr\\\/places\\\/\",\"name\":\"Mjesta - Medulin Riviera\",\"isPartOf\":{\"@id\":\"https:\\\/\\\/www.medulinriviera.info\\\/hr\\\/#website\"},\"primaryImageOfPage\":{\"@id\":\"https:\\\/\\\/www.medulinriviera.info\\\/hr\\\/places\\\/#primaryimage\"},\"image\":{\"@id\":\"https:\\\/\\\/www.medulinriviera.info\\\/hr\\\/places\\\/#primaryimage\"},\"thumbnailUrl\":\"https:\\\/\\\/www.medulinriviera.info\\\/wp-content\\\/uploads\\\/2021\\\/02\\\/TZOMWEB-Putokazi-Studio11-scaled.jpg\",\"datePublished\":\"2020-06-06T21:09:57+00:00\",\"dateModified\":\"2020-06-08T12:52:44+00:00\",\"breadcrumb\":{\"@id\":\"https:\\\/\\\/www.medulinriviera.info\\\/hr\\\/places\\\/#breadcrumb\"},\"inLanguage\":\"hr\",\"potentialAction\":[{\"@type\":\"ReadAction\",\"target\":[\"https:\\\/\\\/www.medulinriviera.info\\\/hr\\\/places\\\/\"]}]},{\"@type\":\"ImageObject\",\"inLanguage\":\"hr\",\"@id\":\"https:\\\/\\\/www.medulinriviera.info\\\/hr\\\/places\\\/#primaryimage\",\"url\":\"https:\\\/\\\/www.medulinriviera.info\\\/wp-content\\\/uploads\\\/2021\\\/02\\\/TZOMWEB-Putokazi-Studio11-scaled.jpg\",\"contentUrl\":\"https:\\\/\\\/www.medulinriviera.info\\\/wp-content\\\/uploads\\\/2021\\\/02\\\/TZOMWEB-Putokazi-Studio11-scaled.jpg\",\"width\":2560,\"height\":1706},{\"@type\":\"BreadcrumbList\",\"@id\":\"https:\\\/\\\/www.medulinriviera.info\\\/hr\\\/places\\\/#breadcrumb\",\"itemListElement\":[{\"@type\":\"ListItem\",\"position\":1,\"name\":\"Home\",\"item\":\"https:\\\/\\\/www.medulinriviera.info\\\/hr\\\/\"},{\"@type\":\"ListItem\",\"position\":2,\"name\":\"Mjesta\"}]},{\"@type\":\"WebSite\",\"@id\":\"https:\\\/\\\/www.medulinriviera.info\\\/hr\\\/#website\",\"url\":\"https:\\\/\\\/www.medulinriviera.info\\\/hr\\\/\",\"name\":\"Medulin Riviera\",\"description\":\"Plavi planet\",\"publisher\":{\"@id\":\"https:\\\/\\\/www.medulinriviera.info\\\/hr\\\/#organization\"},\"potentialAction\":[{\"@type\":\"SearchAction\",\"target\":{\"@type\":\"EntryPoint\",\"urlTemplate\":\"https:\\\/\\\/www.medulinriviera.info\\\/hr\\\/?s={search_term_string}\"},\"query-input\":{\"@type\":\"PropertyValueSpecification\",\"valueRequired\":true,\"valueName\":\"search_term_string\"}}],\"inLanguage\":\"hr\"},{\"@type\":\"Organization\",\"@id\":\"https:\\\/\\\/www.medulinriviera.info\\\/hr\\\/#organization\",\"name\":\"Medulin Riviera\",\"url\":\"https:\\\/\\\/www.medulinriviera.info\\\/hr\\\/\",\"logo\":{\"@type\":\"ImageObject\",\"inLanguage\":\"hr\",\"@id\":\"https:\\\/\\\/www.medulinriviera.info\\\/hr\\\/#\\\/schema\\\/logo\\\/image\\\/\",\"url\":\"https:\\\/\\\/www.medulinriviera.info\\\/wp-content\\\/uploads\\\/2020\\\/06\\\/logo-alt.png\",\"contentUrl\":\"https:\\\/\\\/www.medulinriviera.info\\\/wp-content\\\/uploads\\\/2020\\\/06\\\/logo-alt.png\",\"width\":264,\"height\":78,\"caption\":\"Medulin Riviera\"},\"image\":{\"@id\":\"https:\\\/\\\/www.medulinriviera.info\\\/hr\\\/#\\\/schema\\\/logo\\\/image\\\/\"},\"sameAs\":[\"https:\\\/\\\/www.facebook.com\\\/medulinriviera\\\/\",\"https:\\\/\\\/www.instagram.com\\\/medulinriviera\\\/\",\"https:\\\/\\\/www.youtube.com\\\/channel\\\/UCYdC8kYbK9OEmlmeZydpumQ\"]}]}<\/script>\n<!-- \/ Yoast SEO plugin. -->","yoast_head_json":{"title":"Mjesta - Medulin Riviera","robots":{"index":"index","follow":"follow","max-snippet":"max-snippet:-1","max-image-preview":"max-image-preview:large","max-video-preview":"max-video-preview:-1"},"canonical":"https:\/\/www.medulinriviera.info\/hr\/places\/","og_locale":"hr_HR","og_type":"article","og_title":"Mjesta - Medulin Riviera","og_description":"Na 80 kilometara razvedene obale, u uvalama i zaljevima, smje\u0161teno je6 pitoresknih mjesta. Poput na\u0161eg planeta, vi\u0161e od tri \u010detvrtine...","og_url":"https:\/\/www.medulinriviera.info\/hr\/places\/","og_site_name":"Medulin Riviera","article_publisher":"https:\/\/www.facebook.com\/medulinriviera\/","article_modified_time":"2020-06-08T12:52:44+00:00","og_image":[{"width":2560,"height":1706,"url":"https:\/\/www.medulinriviera.info\/wp-content\/uploads\/2021\/02\/TZOMWEB-Putokazi-Studio11-scaled.jpg","type":"image\/jpeg"}],"twitter_card":"summary_large_image","twitter_misc":{"Procijenjeno vrijeme \u010ditanja":"1 minuta"},"schema":{"@context":"https:\/\/schema.org","@graph":[{"@type":"WebPage","@id":"https:\/\/www.medulinriviera.info\/hr\/places\/","url":"https:\/\/www.medulinriviera.info\/hr\/places\/","name":"Mjesta - Medulin Riviera","isPartOf":{"@id":"https:\/\/www.medulinriviera.info\/hr\/#website"},"primaryImageOfPage":{"@id":"https:\/\/www.medulinriviera.info\/hr\/places\/#primaryimage"},"image":{"@id":"https:\/\/www.medulinriviera.info\/hr\/places\/#primaryimage"},"thumbnailUrl":"https:\/\/www.medulinriviera.info\/wp-content\/uploads\/2021\/02\/TZOMWEB-Putokazi-Studio11-scaled.jpg","datePublished":"2020-06-06T21:09:57+00:00","dateModified":"2020-06-08T12:52:44+00:00","breadcrumb":{"@id":"https:\/\/www.medulinriviera.info\/hr\/places\/#breadcrumb"},"inLanguage":"hr","potentialAction":[{"@type":"ReadAction","target":["https:\/\/www.medulinriviera.info\/hr\/places\/"]}]},{"@type":"ImageObject","inLanguage":"hr","@id":"https:\/\/www.medulinriviera.info\/hr\/places\/#primaryimage","url":"https:\/\/www.medulinriviera.info\/wp-content\/uploads\/2021\/02\/TZOMWEB-Putokazi-Studio11-scaled.jpg","contentUrl":"https:\/\/www.medulinriviera.info\/wp-content\/uploads\/2021\/02\/TZOMWEB-Putokazi-Studio11-scaled.jpg","width":2560,"height":1706},{"@type":"BreadcrumbList","@id":"https:\/\/www.medulinriviera.info\/hr\/places\/#breadcrumb","itemListElement":[{"@type":"ListItem","position":1,"name":"Home","item":"https:\/\/www.medulinriviera.info\/hr\/"},{"@type":"ListItem","position":2,"name":"Mjesta"}]},{"@type":"WebSite","@id":"https:\/\/www.medulinriviera.info\/hr\/#website","url":"https:\/\/www.medulinriviera.info\/hr\/","name":"Medulin Riviera","description":"Plavi planet","publisher":{"@id":"https:\/\/www.medulinriviera.info\/hr\/#organization"},"potentialAction":[{"@type":"SearchAction","target":{"@type":"EntryPoint","urlTemplate":"https:\/\/www.medulinriviera.info\/hr\/?s={search_term_string}"},"query-input":{"@type":"PropertyValueSpecification","valueRequired":true,"valueName":"search_term_string"}}],"inLanguage":"hr"},{"@type":"Organization","@id":"https:\/\/www.medulinriviera.info\/hr\/#organization","name":"Medulin Riviera","url":"https:\/\/www.medulinriviera.info\/hr\/","logo":{"@type":"ImageObject","inLanguage":"hr","@id":"https:\/\/www.medulinriviera.info\/hr\/#\/schema\/logo\/image\/","url":"https:\/\/www.medulinriviera.info\/wp-content\/uploads\/2020\/06\/logo-alt.png","contentUrl":"https:\/\/www.medulinriviera.info\/wp-content\/uploads\/2020\/06\/logo-alt.png","width":264,"height":78,"caption":"Medulin Riviera"},"image":{"@id":"https:\/\/www.medulinriviera.info\/hr\/#\/schema\/logo\/image\/"},"sameAs":["https:\/\/www.facebook.com\/medulinriviera\/","https:\/\/www.instagram.com\/medulinriviera\/","https:\/\/www.youtube.com\/channel\/UCYdC8kYbK9OEmlmeZydpumQ"]}]}},"wpml_current_locale":"hr","wpml_translations":[{"locale":"en_US","id":12263,"post_title":"Places","href":"https:\/\/www.medulinriviera.info\/places\/"},{"locale":"fr_FR","id":12266,"post_title":"Localit\u00e9s","href":"https:\/\/www.medulinriviera.info\/fr\/places\/"},{"locale":"de_DE","id":12267,"post_title":"Orte","href":"https:\/\/www.medulinriviera.info\/de\/places\/"},{"locale":"it_IT","id":12268,"post_title":"Localita'","href":"https:\/\/www.medulinriviera.info\/it\/places\/"},{"locale":"sl_SI","id":12269,"post_title":"Mesta","href":"https:\/\/www.medulinriviera.info\/sl\/places\/"}],"_links":{"self":[{"href":"https:\/\/www.medulinriviera.info\/hr\/wp-json\/wp\/v2\/pages\/12265","targetHints":{"allow":["GET"]}}],"collection":[{"href":"https:\/\/www.medulinriviera.info\/hr\/wp-json\/wp\/v2\/pages"}],"about":[{"href":"https:\/\/www.medulinriviera.info\/hr\/wp-json\/wp\/v2\/types\/page"}],"author":[{"embeddable":true,"href":"https:\/\/www.medulinriviera.info\/hr\/wp-json\/wp\/v2\/users\/1"}],"replies":[{"embeddable":true,"href":"https:\/\/www.medulinriviera.info\/hr\/wp-json\/wp\/v2\/comments?post=12265"}],"version-history":[{"count":0,"href":"https:\/\/www.medulinriviera.info\/hr\/wp-json\/wp\/v2\/pages\/12265\/revisions"}],"wp:featuredmedia":[{"embeddable":true,"href":"https:\/\/www.medulinriviera.info\/hr\/wp-json\/wp\/v2\/media\/17150"}],"wp:attachment":[{"href":"https:\/\/www.medulinriviera.info\/hr\/wp-json\/wp\/v2\/media?parent=12265"}],"wp:term":[{"taxonomy":"classificator","embeddable":true,"href":"https:\/\/www.medulinriviera.info\/hr\/wp-json\/wp\/v2\/classificator?post=12265"}],"curies":[{"name":"wp","href":"https:\/\/api.w.org\/{rel}","templated":true}]}}