{"id":11617,"date":"2020-06-05T16:37:39","date_gmt":"2020-06-05T14:37:39","guid":{"rendered":"http:\/\/www.medulinriviera.info\/navigation-maps\/"},"modified":"2024-11-12T10:29:33","modified_gmt":"2024-11-12T09:29:33","slug":"navigation-maps","status":"publish","type":"page","link":"https:\/\/www.medulinriviera.info\/hr\/navigation-maps\/","title":{"rendered":"Turisti\u010dka GPS navigacijska karta"},"content":{"rendered":"\n<p>Dragi gosti<br>Ovu navigacijsku kartu smo dali izraditi za va\u0161e potrebe i ona ima dvije osnovne zada\u0107e:<\/p>\n\n\n\n<p><strong>Omogu\u0107uje jednostavniji dolazak do smje\u0161taja koji ste rezervirali.<\/strong><\/p>\n\n\n\n<p>Nakon \u0161to ste preuzeli kartu i kopirali je u va\u0161 ure\u0111aj, a po ulasku u Republiku Hrvatsku, dovoljno je upisati adresu tra\u017eenog smje\u0161taja (hotel, kamp, privatni smje\u0161taj). Program \u0107e vas glavnim cestovnim putovima Hrvatske dovesti do odredi\u0161ta. Ulaskom u prostor Ju\u017ene Istre postati \u0107e aktivne i sve sporedne prometnice. Osim upisa adrese tra\u017eeni smje\u0161taj mo\u017eete prona\u0107i i u opciji \u201ePoint of interest\u201c.<\/p>\n\n\n\n<p><strong>Poma\u017ee u lak\u0161em kretanju destinacijom i posjetu lokalnih atrakcija<\/strong><\/p>\n\n\n\n<p>Jednom, kada ste se ve\u0107 do\u0161li na Medulin Rivieru i smjestili se, ovaj \u0107e vam program omogu\u0107iti lak\u0161e snala\u017eenje u prostoru i pronala\u017eenje svih zanimljivih mjesta na Ju\u017enoj Istri: pla\u017ea, nacionalnih parkova, restorana, zabavnih i sportskih sadr\u017eaja, spomenika kulture, muzeja&#8230; Ali isto tako i trgovina, bankomata, po\u0161te, bolnice i svih ostalih sadr\u017eaja. Dovoljno je u izborniku prona\u0107i tra\u017eenu kategoriju i sadr\u017eaj, nakon \u010dega \u0107e vas program odvesti najbli\u017eim putem to tra\u017eene odabrane to\u010dke. Karte su, osim za automobiliste, prilago\u0111ene za kretanje biciklom kao i pje\u0161acima. Odre\u0111eni sadr\u017eaj mo\u017eete prona\u0107i i jednostavnim surfanjem po mapi na display-u va\u0161eg ure\u0111aja.<\/p>\n\n\n\n<p class=\"has-very-light-gray-background-color has-background\">KARTE SU BESPLATNE ZA SVE KORISNIKE I REDOVNO SE A\u017dURIRAJU.<\/p>\n\n\n\n<h2 class=\"wp-block-heading\">Preuzimanje karte<\/h2>\n\n\n\n<p class=\"has-very-light-gray-background-color has-background\">ZA PREUZIMANJE KARTE DOVOLJNO JE DA IMATE GARMINOV ILI NEKI DRUGI URE\u0110AJ ZA NAVIGACIJU, SMARTPHONE ILI TABLET.<\/p>\n\n\n\n<div class=\"wp-block-group\"><div class=\"wp-block-group__inner-container is-layout-flow wp-block-group-is-layout-flow\"><div class=\"wp-block-image\">\n<figure class=\"alignright size-large\"><img loading=\"lazy\" decoding=\"async\" width=\"133\" height=\"36\" src=\"http:\/\/www.medulinriviera.info\/wp-content\/uploads\/2020\/06\/logo-garmin.jpg\" alt=\"\" class=\"wp-image-11569\"\/><\/figure>\n<\/div>\n\n\n<h2 class=\"wp-block-heading\">Grupa: Garmin<\/h2>\n\n\n\n<p>Preuzmite kartu i kopirajte je u svoj ure\u0111aj.<\/p>\n\n\n\n<div class=\"wp-block-buttons is-layout-flex wp-block-buttons-is-layout-flex\">\n<div class=\"wp-block-button\"><a class=\"wp-block-button__link wp-element-button\" href=\"\/maps-download\/gmapsupp.img\">Download<\/a><\/div>\n<\/div>\n<\/div><\/div>\n\n\n\n<hr class=\"wp-block-separator has-css-opacity\"\/>\n\n\n\n<div class=\"wp-block-group\"><div class=\"wp-block-group__inner-container is-layout-flow wp-block-group-is-layout-flow\"><div class=\"wp-block-image\">\n<figure class=\"alignright size-large\"><img loading=\"lazy\" decoding=\"async\" width=\"60\" height=\"60\" src=\"http:\/\/www.medulinriviera.info\/wp-content\/uploads\/2020\/06\/logo-gpx.jpg\" alt=\"\" class=\"wp-image-11581\"\/><\/figure>\n<\/div>\n\n\n<h2 class=\"wp-block-heading\">Grupa: ostali GPS ure\u0111aji<\/h2>\n\n\n\n<p>Preuzmite kartu i kopirajte je u svoj ure\u0111aj.<\/p>\n\n\n\n<div class=\"wp-block-buttons is-layout-flex wp-block-buttons-is-layout-flex\">\n<div class=\"wp-block-button\"><a class=\"wp-block-button__link wp-element-button\" href=\"\/maps-download\/gpxmap.zip\">Download<\/a><\/div>\n<\/div>\n<\/div><\/div>\n\n\n\n<hr class=\"wp-block-separator has-css-opacity\"\/>\n\n\n\n<div class=\"wp-block-group\"><div class=\"wp-block-group__inner-container is-layout-flow wp-block-group-is-layout-flow\"><div class=\"wp-block-image\">\n<figure class=\"alignright size-large is-resized\"><img loading=\"lazy\" decoding=\"async\" width=\"300\" height=\"300\" src=\"http:\/\/www.medulinriviera.info\/wp-content\/uploads\/2020\/06\/geonet.png\" alt=\"\" class=\"wp-image-11588\" style=\"width:64px\" srcset=\"https:\/\/www.medulinriviera.info\/wp-content\/uploads\/2020\/06\/geonet.png 300w, https:\/\/www.medulinriviera.info\/wp-content\/uploads\/2020\/06\/geonet-150x150.png 150w\" sizes=\"auto, (max-width: 300px) 100vw, 300px\" \/><\/figure>\n<\/div>\n\n\n<h2 class=\"wp-block-heading\">Smartphone-i i Tableti<\/h2>\n\n\n\n<p>Download preko AppStore ili PlayStore (mapa i aplikacija)<\/p>\n\n\n\n<p class=\"has-very-light-gray-background-color has-background\">Molimo da odmah nakon instalacije pro\u010ditate i slijedite ovdje prilo\u017eeni <a href=\"http:\/\/www.medulinriviera.info\/wp-content\/uploads\/2020\/06\/upute_smartphone_hr.pdf\" target=\"_blank\" rel=\"noreferrer noopener\">postupak za aktiviranje mape<\/a>.<\/p>\n\n\n\n<p><strong>Direktni download<\/strong><br>Ako ste s va\u0161im smartphonom ili tabletom ve\u0107 na ovoj stranici, <a href=\"https:\/\/probki.net\/news.aspx\" target=\"_blank\" rel=\"noreferrer noopener\">kliknite ovdje kako bi preuzeli GeoNet aplikaciju.<\/a><\/p>\n\n\n\n<p><strong>QR kod<\/strong><br>Ako ste ovu stranicu otvorili na va\u0161em PC-u, poslu\u017eite se ovdje prilo\u017eenim QR kodom kojim va\u0161 mobilni ure\u0111aj mo\u017ee direktno pristupiti download stranici.<\/p>\n\n\n<div class=\"wp-block-image\">\n<figure class=\"aligncenter size-large\"><img loading=\"lazy\" decoding=\"async\" width=\"287\" height=\"395\" src=\"http:\/\/www.medulinriviera.info\/wp-content\/uploads\/2020\/06\/Nalepka_GeoNet_small.jpg\" alt=\"\" class=\"wp-image-11594\" srcset=\"https:\/\/www.medulinriviera.info\/wp-content\/uploads\/2020\/06\/Nalepka_GeoNet_small.jpg 287w, https:\/\/www.medulinriviera.info\/wp-content\/uploads\/2020\/06\/Nalepka_GeoNet_small-218x300.jpg 218w\" sizes=\"auto, (max-width: 287px) 100vw, 287px\" \/><\/figure>\n<\/div><\/div><\/div>\n\n\n\n<p><\/p>\n","protected":false},"excerpt":{"rendered":"<p>Dragi gostiOvu navigacijsku kartu smo dali izraditi za va\u0161e potrebe i ona ima dvije osnovne zada\u0107e: Omogu\u0107uje jednostavniji dolazak do&#8230;<\/p>\n","protected":false},"author":1,"featured_media":11602,"parent":0,"menu_order":0,"comment_status":"closed","ping_status":"closed","template":"","meta":{"_acf_changed":false,"footnotes":""},"classificator":[],"class_list":["post-11617","page","type-page","status-publish","has-post-thumbnail","hentry"],"acf":{"video":"","gallery":""},"yoast_head":"<!-- This site is optimized with the Yoast SEO plugin v27.5 - https:\/\/yoast.com\/product\/yoast-seo-wordpress\/ -->\n<title>Turisti\u010dka GPS navigacijska karta - Medulin Riviera<\/title>\n<meta name=\"robots\" content=\"index, follow, max-snippet:-1, max-image-preview:large, max-video-preview:-1\" \/>\n<link rel=\"canonical\" href=\"https:\/\/www.medulinriviera.info\/hr\/navigation-maps\/\" \/>\n<meta property=\"og:locale\" content=\"hr_HR\" \/>\n<meta property=\"og:type\" content=\"article\" \/>\n<meta property=\"og:title\" content=\"Turisti\u010dka GPS navigacijska karta - Medulin Riviera\" \/>\n<meta property=\"og:description\" content=\"Dragi gostiOvu navigacijsku kartu smo dali izraditi za va\u0161e potrebe i ona ima dvije osnovne zada\u0107e: Omogu\u0107uje jednostavniji dolazak do...\" \/>\n<meta property=\"og:url\" content=\"https:\/\/www.medulinriviera.info\/hr\/navigation-maps\/\" \/>\n<meta property=\"og:site_name\" content=\"Medulin Riviera\" \/>\n<meta property=\"article:publisher\" content=\"https:\/\/www.facebook.com\/medulinriviera\/\" \/>\n<meta property=\"article:modified_time\" content=\"2024-11-12T09:29:33+00:00\" \/>\n<meta property=\"og:image\" content=\"https:\/\/www.medulinriviera.info\/wp-content\/uploads\/2020\/06\/gps-navigation.jpg\" \/>\n\t<meta property=\"og:image:width\" content=\"1500\" \/>\n\t<meta property=\"og:image:height\" content=\"998\" \/>\n\t<meta property=\"og:image:type\" content=\"image\/jpeg\" \/>\n<meta name=\"twitter:card\" content=\"summary_large_image\" \/>\n<meta name=\"twitter:label1\" content=\"Procijenjeno vrijeme \u010ditanja\" \/>\n\t<meta name=\"twitter:data1\" content=\"3 minute\" \/>\n<script type=\"application\/ld+json\" class=\"yoast-schema-graph\">{\"@context\":\"https:\\\/\\\/schema.org\",\"@graph\":[{\"@type\":\"WebPage\",\"@id\":\"https:\\\/\\\/www.medulinriviera.info\\\/hr\\\/navigation-maps\\\/\",\"url\":\"https:\\\/\\\/www.medulinriviera.info\\\/hr\\\/navigation-maps\\\/\",\"name\":\"Turisti\u010dka GPS navigacijska karta - Medulin Riviera\",\"isPartOf\":{\"@id\":\"https:\\\/\\\/www.medulinriviera.info\\\/hr\\\/#website\"},\"primaryImageOfPage\":{\"@id\":\"https:\\\/\\\/www.medulinriviera.info\\\/hr\\\/navigation-maps\\\/#primaryimage\"},\"image\":{\"@id\":\"https:\\\/\\\/www.medulinriviera.info\\\/hr\\\/navigation-maps\\\/#primaryimage\"},\"thumbnailUrl\":\"https:\\\/\\\/www.medulinriviera.info\\\/wp-content\\\/uploads\\\/2020\\\/06\\\/gps-navigation.jpg\",\"datePublished\":\"2020-06-05T14:37:39+00:00\",\"dateModified\":\"2024-11-12T09:29:33+00:00\",\"breadcrumb\":{\"@id\":\"https:\\\/\\\/www.medulinriviera.info\\\/hr\\\/navigation-maps\\\/#breadcrumb\"},\"inLanguage\":\"hr\",\"potentialAction\":[{\"@type\":\"ReadAction\",\"target\":[\"https:\\\/\\\/www.medulinriviera.info\\\/hr\\\/navigation-maps\\\/\"]}]},{\"@type\":\"ImageObject\",\"inLanguage\":\"hr\",\"@id\":\"https:\\\/\\\/www.medulinriviera.info\\\/hr\\\/navigation-maps\\\/#primaryimage\",\"url\":\"https:\\\/\\\/www.medulinriviera.info\\\/wp-content\\\/uploads\\\/2020\\\/06\\\/gps-navigation.jpg\",\"contentUrl\":\"https:\\\/\\\/www.medulinriviera.info\\\/wp-content\\\/uploads\\\/2020\\\/06\\\/gps-navigation.jpg\",\"width\":1500,\"height\":998},{\"@type\":\"BreadcrumbList\",\"@id\":\"https:\\\/\\\/www.medulinriviera.info\\\/hr\\\/navigation-maps\\\/#breadcrumb\",\"itemListElement\":[{\"@type\":\"ListItem\",\"position\":1,\"name\":\"Home\",\"item\":\"https:\\\/\\\/www.medulinriviera.info\\\/hr\\\/\"},{\"@type\":\"ListItem\",\"position\":2,\"name\":\"Turisti\u010dka GPS navigacijska karta\"}]},{\"@type\":\"WebSite\",\"@id\":\"https:\\\/\\\/www.medulinriviera.info\\\/hr\\\/#website\",\"url\":\"https:\\\/\\\/www.medulinriviera.info\\\/hr\\\/\",\"name\":\"Medulin Riviera\",\"description\":\"Plavi planet\",\"publisher\":{\"@id\":\"https:\\\/\\\/www.medulinriviera.info\\\/hr\\\/#organization\"},\"potentialAction\":[{\"@type\":\"SearchAction\",\"target\":{\"@type\":\"EntryPoint\",\"urlTemplate\":\"https:\\\/\\\/www.medulinriviera.info\\\/hr\\\/?s={search_term_string}\"},\"query-input\":{\"@type\":\"PropertyValueSpecification\",\"valueRequired\":true,\"valueName\":\"search_term_string\"}}],\"inLanguage\":\"hr\"},{\"@type\":\"Organization\",\"@id\":\"https:\\\/\\\/www.medulinriviera.info\\\/hr\\\/#organization\",\"name\":\"Medulin Riviera\",\"url\":\"https:\\\/\\\/www.medulinriviera.info\\\/hr\\\/\",\"logo\":{\"@type\":\"ImageObject\",\"inLanguage\":\"hr\",\"@id\":\"https:\\\/\\\/www.medulinriviera.info\\\/hr\\\/#\\\/schema\\\/logo\\\/image\\\/\",\"url\":\"https:\\\/\\\/www.medulinriviera.info\\\/wp-content\\\/uploads\\\/2020\\\/06\\\/logo-alt.png\",\"contentUrl\":\"https:\\\/\\\/www.medulinriviera.info\\\/wp-content\\\/uploads\\\/2020\\\/06\\\/logo-alt.png\",\"width\":264,\"height\":78,\"caption\":\"Medulin Riviera\"},\"image\":{\"@id\":\"https:\\\/\\\/www.medulinriviera.info\\\/hr\\\/#\\\/schema\\\/logo\\\/image\\\/\"},\"sameAs\":[\"https:\\\/\\\/www.facebook.com\\\/medulinriviera\\\/\",\"https:\\\/\\\/www.instagram.com\\\/medulinriviera\\\/\",\"https:\\\/\\\/www.youtube.com\\\/channel\\\/UCYdC8kYbK9OEmlmeZydpumQ\"]}]}<\/script>\n<!-- \/ Yoast SEO plugin. -->","yoast_head_json":{"title":"Turisti\u010dka GPS navigacijska karta - Medulin Riviera","robots":{"index":"index","follow":"follow","max-snippet":"max-snippet:-1","max-image-preview":"max-image-preview:large","max-video-preview":"max-video-preview:-1"},"canonical":"https:\/\/www.medulinriviera.info\/hr\/navigation-maps\/","og_locale":"hr_HR","og_type":"article","og_title":"Turisti\u010dka GPS navigacijska karta - Medulin Riviera","og_description":"Dragi gostiOvu navigacijsku kartu smo dali izraditi za va\u0161e potrebe i ona ima dvije osnovne zada\u0107e: Omogu\u0107uje jednostavniji dolazak do...","og_url":"https:\/\/www.medulinriviera.info\/hr\/navigation-maps\/","og_site_name":"Medulin Riviera","article_publisher":"https:\/\/www.facebook.com\/medulinriviera\/","article_modified_time":"2024-11-12T09:29:33+00:00","og_image":[{"width":1500,"height":998,"url":"https:\/\/www.medulinriviera.info\/wp-content\/uploads\/2020\/06\/gps-navigation.jpg","type":"image\/jpeg"}],"twitter_card":"summary_large_image","twitter_misc":{"Procijenjeno vrijeme \u010ditanja":"3 minute"},"schema":{"@context":"https:\/\/schema.org","@graph":[{"@type":"WebPage","@id":"https:\/\/www.medulinriviera.info\/hr\/navigation-maps\/","url":"https:\/\/www.medulinriviera.info\/hr\/navigation-maps\/","name":"Turisti\u010dka GPS navigacijska karta - Medulin Riviera","isPartOf":{"@id":"https:\/\/www.medulinriviera.info\/hr\/#website"},"primaryImageOfPage":{"@id":"https:\/\/www.medulinriviera.info\/hr\/navigation-maps\/#primaryimage"},"image":{"@id":"https:\/\/www.medulinriviera.info\/hr\/navigation-maps\/#primaryimage"},"thumbnailUrl":"https:\/\/www.medulinriviera.info\/wp-content\/uploads\/2020\/06\/gps-navigation.jpg","datePublished":"2020-06-05T14:37:39+00:00","dateModified":"2024-11-12T09:29:33+00:00","breadcrumb":{"@id":"https:\/\/www.medulinriviera.info\/hr\/navigation-maps\/#breadcrumb"},"inLanguage":"hr","potentialAction":[{"@type":"ReadAction","target":["https:\/\/www.medulinriviera.info\/hr\/navigation-maps\/"]}]},{"@type":"ImageObject","inLanguage":"hr","@id":"https:\/\/www.medulinriviera.info\/hr\/navigation-maps\/#primaryimage","url":"https:\/\/www.medulinriviera.info\/wp-content\/uploads\/2020\/06\/gps-navigation.jpg","contentUrl":"https:\/\/www.medulinriviera.info\/wp-content\/uploads\/2020\/06\/gps-navigation.jpg","width":1500,"height":998},{"@type":"BreadcrumbList","@id":"https:\/\/www.medulinriviera.info\/hr\/navigation-maps\/#breadcrumb","itemListElement":[{"@type":"ListItem","position":1,"name":"Home","item":"https:\/\/www.medulinriviera.info\/hr\/"},{"@type":"ListItem","position":2,"name":"Turisti\u010dka GPS navigacijska karta"}]},{"@type":"WebSite","@id":"https:\/\/www.medulinriviera.info\/hr\/#website","url":"https:\/\/www.medulinriviera.info\/hr\/","name":"Medulin Riviera","description":"Plavi planet","publisher":{"@id":"https:\/\/www.medulinriviera.info\/hr\/#organization"},"potentialAction":[{"@type":"SearchAction","target":{"@type":"EntryPoint","urlTemplate":"https:\/\/www.medulinriviera.info\/hr\/?s={search_term_string}"},"query-input":{"@type":"PropertyValueSpecification","valueRequired":true,"valueName":"search_term_string"}}],"inLanguage":"hr"},{"@type":"Organization","@id":"https:\/\/www.medulinriviera.info\/hr\/#organization","name":"Medulin Riviera","url":"https:\/\/www.medulinriviera.info\/hr\/","logo":{"@type":"ImageObject","inLanguage":"hr","@id":"https:\/\/www.medulinriviera.info\/hr\/#\/schema\/logo\/image\/","url":"https:\/\/www.medulinriviera.info\/wp-content\/uploads\/2020\/06\/logo-alt.png","contentUrl":"https:\/\/www.medulinriviera.info\/wp-content\/uploads\/2020\/06\/logo-alt.png","width":264,"height":78,"caption":"Medulin Riviera"},"image":{"@id":"https:\/\/www.medulinriviera.info\/hr\/#\/schema\/logo\/image\/"},"sameAs":["https:\/\/www.facebook.com\/medulinriviera\/","https:\/\/www.instagram.com\/medulinriviera\/","https:\/\/www.youtube.com\/channel\/UCYdC8kYbK9OEmlmeZydpumQ"]}]}},"wpml_current_locale":"hr","wpml_translations":[{"locale":"en_US","id":11567,"post_title":"Navigation maps","href":"https:\/\/www.medulinriviera.info\/navigation-maps\/"},{"locale":"fr_FR","id":11618,"post_title":"Carte de navigation GPS touristique","href":"https:\/\/www.medulinriviera.info\/fr\/navigation-maps\/"},{"locale":"de_DE","id":11619,"post_title":"Touristische GPS Navigationskarte","href":"https:\/\/www.medulinriviera.info\/de\/navigation-maps\/"},{"locale":"it_IT","id":11620,"post_title":"Navigazione GPS con guida turistica","href":"https:\/\/www.medulinriviera.info\/it\/navigation-maps\/"},{"locale":"sl_SI","id":11621,"post_title":"Navigation maps","href":"https:\/\/www.medulinriviera.info\/sl\/navigation-maps\/"}],"_links":{"self":[{"href":"https:\/\/www.medulinriviera.info\/hr\/wp-json\/wp\/v2\/pages\/11617","targetHints":{"allow":["GET"]}}],"collection":[{"href":"https:\/\/www.medulinriviera.info\/hr\/wp-json\/wp\/v2\/pages"}],"about":[{"href":"https:\/\/www.medulinriviera.info\/hr\/wp-json\/wp\/v2\/types\/page"}],"author":[{"embeddable":true,"href":"https:\/\/www.medulinriviera.info\/hr\/wp-json\/wp\/v2\/users\/1"}],"replies":[{"embeddable":true,"href":"https:\/\/www.medulinriviera.info\/hr\/wp-json\/wp\/v2\/comments?post=11617"}],"version-history":[{"count":1,"href":"https:\/\/www.medulinriviera.info\/hr\/wp-json\/wp\/v2\/pages\/11617\/revisions"}],"predecessor-version":[{"id":34377,"href":"https:\/\/www.medulinriviera.info\/hr\/wp-json\/wp\/v2\/pages\/11617\/revisions\/34377"}],"wp:featuredmedia":[{"embeddable":true,"href":"https:\/\/www.medulinriviera.info\/hr\/wp-json\/wp\/v2\/media\/11602"}],"wp:attachment":[{"href":"https:\/\/www.medulinriviera.info\/hr\/wp-json\/wp\/v2\/media?parent=11617"}],"wp:term":[{"taxonomy":"classificator","embeddable":true,"href":"https:\/\/www.medulinriviera.info\/hr\/wp-json\/wp\/v2\/classificator?post=11617"}],"curies":[{"name":"wp","href":"https:\/\/api.w.org\/{rel}","templated":true}]}}