{"id":11499,"date":"2020-06-05T15:43:29","date_gmt":"2020-06-05T13:43:29","guid":{"rendered":"http:\/\/www.medulinriviera.info\/gastronomy\/"},"modified":"2020-06-05T15:49:35","modified_gmt":"2020-06-05T13:49:35","slug":"gastronomy","status":"publish","type":"page","link":"https:\/\/www.medulinriviera.info\/hr\/gastronomy\/","title":{"rendered":"Gastronomija"},"content":{"rendered":"\n<p>Multikulturalnost Istre se najvi\u0161e osje\u0107a u njenoj gastronomiji koja je nastala pod utjecajem talijanskog, germanskog i slavenskog etnosa, ne zanemaruju\u0107i pri tom svoje mediteransko okru\u017eenje.<\/p>\n\n\n\n<p>Multikulturalnost <strong>Istre<\/strong> se najvi\u0161e osje\u0107a u njenoj gastronomiji koja je nastala pod utjecajem talijanskog, germanskog i slavenskog etnosa, ne zanemaruju\u0107i pri tom svoje <strong>mediteransko<\/strong> <strong>okru\u017eenje<\/strong>.<\/p>\n\n\n\n<p>Talijanski utjecaj se najvi\u0161e osje\u0107a u jelima spravljenim od <strong>ribe<\/strong>, <strong>\u0161koljki<\/strong>, <strong>rakova<\/strong>, <strong>\u0161kampa<\/strong> i ostalih <strong>plodova<\/strong> <strong>mora<\/strong>, a pogotovo u kombinaciji s tjesteninom, dok se drugi utjecaji najvi\u0161e osje\u0107aju u ruralnoj kuhinji.<br>Ono \u0161to, me\u0111utim, daje poseban zna\u010daj na\u0161oj kuhinji je kori\u0161tenje visokokvalitetnih namirnica u pripremi hrane kao \u0161to je: <strong>istarski<\/strong> <strong>pr\u0161ut<\/strong>, <strong>tartufi<\/strong> i \u010duveno istarsko <strong>maslinovo<\/strong> <strong>ulje<\/strong>, koje se smatra jednim od najboljih na svijetu te, u zadnje vrijeme, dobiva najvi\u0161e ocijene na me\u0111unarodnim smotrama.<\/p>\n\n\n\n<p><strong><strong>ISTARSKO MASLINOVO ULJE<\/strong><\/strong><\/p>\n\n\n\n<p><em>Otkrijte u vrhunskom istarskom maslinovom ulju intenzivne okuse i mirise, otkrijte zbog \u010dega je tridesetak istarskih maslinovih ulja na\u0161lo svoje mjesto u najpresti\u017enijim svjetskim vodi\u010dima Slow food i L\u2019extravergine.<\/em><\/p>\n\n\n\n<p><em>U istarskom \u0107ete vrhunskom ulju otkriti mirise svje\u017ee poko\u0161ene trave, za\u010dina, arti\u010doka, zelene raj\u010dice, jabuke i badema ali i plemenitu gorkost koja potvr\u0111uje istinsko djevi\u010danstvo ulja.<\/em><\/p>\n\n\n\n<p><em>DEGUSTACIJA : OBITELJ TANGER &#8211; Munida 4a, Medulin Radno vrijeme: 17-20 h, tel. 576 445, 091 205 13 81, silvano.tanger@ gmail.com OBITELJ CRNOBORI &#8211; Ka\u0161tanje\u017e 2, Banjole Radno vrijeme: 9-12 h, 18-21 h, tel. 573 067, 098 900 44 46, mariobanjolac@gmail.com &nbsp;NATURA CATTUNAR &#8211; Fucane 9, Medulin, tel. 577 475, 091 5722 435, vesna.cattunar@ gmail.com &nbsp;OBITELJ JUKOPILA &#8211; Brajdine 3, Medulin, radno vrijeme: 10-13 h, 17-19 h, tel. 576 001, 091 251 87 73, emil.jukopila@gmail.com &nbsp; TERRANEO &#8211; Funtana 1, Medulin, radno vrijeme: 9-22 h, tel. 095 555 2795, tomislav@terraneo.com<\/em><\/p>\n\n\n\n<p><strong>Istarsko<\/strong> <strong>vino<\/strong> je, kao sastavni dio dobre gastronomije, posebna pri\u010da koja se ne mo\u017ee ispri\u010dati jednom re\u010denicom ali je dovoljno re\u0107i da istarska vina nose laskave epitete kao najbolja u dr\u017eavi, isto kao i nekoliko <strong>restorana<\/strong> koji su do savr\u0161enstva doveli svoju gastronomsku i vinsku ponudu.<\/p>\n\n\n\n<h2 class=\"wp-block-heading\">\u0160TO KU\u0160ATI<\/h2>\n\n\n\n<div class=\"wp-block-image\"><figure class=\"alignright size-large is-resized\"><img loading=\"lazy\" decoding=\"async\" src=\"http:\/\/www.medulinriviera.info\/wp-content\/uploads\/2020\/06\/MEDULIN_H_4221.jpg\" alt=\"\" class=\"wp-image-11476\" width=\"400\" height=\"266\" srcset=\"https:\/\/www.medulinriviera.info\/wp-content\/uploads\/2020\/06\/MEDULIN_H_4221.jpg 800w, https:\/\/www.medulinriviera.info\/wp-content\/uploads\/2020\/06\/MEDULIN_H_4221-300x199.jpg 300w, https:\/\/www.medulinriviera.info\/wp-content\/uploads\/2020\/06\/MEDULIN_H_4221-768x510.jpg 768w\" sizes=\"auto, (max-width: 400px) 100vw, 400px\" \/><\/figure><\/div>\n\n\n\n<p><strong>ISTARSKA MANE\u0160TRA<\/strong> &#8211; jedno od najtradicionalnijih jela istarske kuhinje. Radi se u principu o gustoj juhi \u010diji su osnovni sastojci krumpir i grah, no vje\u0161ti kuhari kombinacijom ostalih sastojaka svakoj \u0107e svojoj mane\u0161tri dodati kap posebnosti i gastro \u010darolije. O glavnom sastojku ovisi i naziv pojedine mane\u0161tre a naj\u010de\u0161\u0107e se u lonac u kojem se ona kuha dodaju mladi kukuruz, slanac, je\u010dam, kiseli kupus, kisela repa ili mladi koroma\u010d. Ukoliko se u njemu na\u0161la i kost istarskog pr\u0161uta dojam \u0107e biti jo\u0161 upe\u010datljiviji.<\/p>\n\n\n\n<p><strong>SALATA OD RAKOVICE<\/strong> \u2013 morska delicija u kojoj su u\u017eivali na\u0161i stari gastronomski je u\u017eitak koji i danas plijeni pozornost ljubitelja dobre hrane. Ovaj veliki rak, koji ima nje\u017eno i slatkasto meso, priprema se na mno\u0161tvo na\u010dina, no ono je naro\u010dito prikladno za kuhanje i pripremu salata, te vrhunskih umaka za ri\u017eoto ili tjestenine.<\/p>\n\n\n\n<p><strong>SRDELE NA \u017dARU<\/strong> \u2013 plava riba koja je stolje\u0107ima hranila brojne ribarske obitelji jo\u0161 jedan je zanimljivi morski okus Istre kojeg morate do\u017eivjeti tijekom svog boravka na Medulinskoj rivijeri. Naj\u010de\u0161\u0107e se pripremaju na najjednostavniji na\u010din &#8211; iz ribarske mre\u017ee direktno na gradele, a ukoliko vam se uka\u017ee prilika ne propustite ku\u0161ati i srdele na savor. Osim \u0161to su ukusan srdele su zbog brojnih nutrijenata i vrijednih sastojaka i jedan od najzdravijih jadranskih zalogaja.<\/p>\n\n\n\n<div class=\"wp-block-image\"><figure class=\"alignright size-large\"><img loading=\"lazy\" decoding=\"async\" width=\"266\" height=\"400\" src=\"http:\/\/www.medulinriviera.info\/wp-content\/uploads\/2020\/06\/FOOD_2007_0860.jpg\" alt=\"\" class=\"wp-image-11483\" srcset=\"https:\/\/www.medulinriviera.info\/wp-content\/uploads\/2020\/06\/FOOD_2007_0860.jpg 266w, https:\/\/www.medulinriviera.info\/wp-content\/uploads\/2020\/06\/FOOD_2007_0860-200x300.jpg 200w\" sizes=\"auto, (max-width: 266px) 100vw, 266px\" \/><\/figure><\/div>\n\n\n\n<p><strong>CRNI RI\u017dOTO OD SIPA<\/strong> \u2013 plitko kamenito dno toplog mora uz na\u0161u obalu ribarima je od davnina obe\u0107avalo bogat ulov sipa, morskih glavono\u017eaca koji imaju posebno mjesto u tradicionalnoj istarskoj kuhinji. Mno\u0161tvo je recepata u kojima sipe imaju glavnu ulogu, a mi vam preporu\u010damo ku\u0161anje crnog ri\u017eota, jednostavnog jela neodoljiva okusa u koje \u0107e se u trenu zaljubiti svi ljubitelji dobre morske kuhinje.<\/p>\n\n\n\n<p><strong>RIBLJI BRODET<\/strong> \u2013 jo\u0161 jedno tipi\u010dno ribarsko jelo koje je nekada bilo dio pu\u010dke kuhinje, a danas se redovito nalazi i u ponudi eksluzivnih restorana uz obalu Jadrana. Spravlja se od raznih kombinacija svje\u017ee ulovljene ribe, a nerijetko \u0107ete u njemu prona\u0107i ponekog raka ili razne plodove mora. Gotovo svaki ugostitelj ima svoj na\u010din spravljanja brodeta koji ljubomorno \u010duva, a poslu\u017euje se uobi\u010dajeno uz kukuruznu krupicu, palentu s kojom tvori neodoljiv jadranski gastro spoj.<\/p>\n\n\n\n<div class=\"wp-block-image\"><figure class=\"alignleft size-large\"><img loading=\"lazy\" decoding=\"async\" width=\"266\" height=\"400\" src=\"http:\/\/www.medulinriviera.info\/wp-content\/uploads\/2020\/06\/FOOD_2007_0814.jpg\" alt=\"\" class=\"wp-image-11489\" srcset=\"https:\/\/www.medulinriviera.info\/wp-content\/uploads\/2020\/06\/FOOD_2007_0814.jpg 266w, https:\/\/www.medulinriviera.info\/wp-content\/uploads\/2020\/06\/FOOD_2007_0814-200x300.jpg 200w\" sizes=\"auto, (max-width: 266px) 100vw, 266px\" \/><\/figure><\/div>\n\n\n\n<p><strong>DOMA\u0106A TJESTENINA S UMAKOM<\/strong> \u2013 u gastro ponudi Istre osje\u0107a se sna\u017ean pe\u010dat talijanske kuhinje, a njega \u0107ete najbolje do\u017eivjeti kroz niz vrsta odli\u010dnih doma\u0107ih tjestenina koje se na na\u0161oj Rivijeri nude. Najpoznatije me\u0111u njima su fu\u017ei, pasutice i tagliatele koje se spravljaju od glatkog tijesta, te tradicionalni valju\u0161ci od krumpira koje \u0107ete prona\u0107i pod nazivom njoki. Uz njih se sjajno sljubljuju najrazli\u010ditije vrste doma\u0107ih umaka, me\u0111u kojima je najtradicionalniji umak od raj\u010dice, luka, za\u010dina i koko\u0161jeg mesa \u2013 \u017egvacet.<\/p>\n","protected":false},"excerpt":{"rendered":"<p>Multikulturalnost Istre se najvi\u0161e osje\u0107a u njenoj gastronomiji koja je nastala pod utjecajem talijanskog, germanskog i slavenskog etnosa, ne zanemaruju\u0107i&#8230;<\/p>\n","protected":false},"author":1,"featured_media":11471,"parent":0,"menu_order":0,"comment_status":"closed","ping_status":"closed","template":"","meta":{"_acf_changed":false,"footnotes":""},"classificator":[],"class_list":["post-11499","page","type-page","status-publish","has-post-thumbnail","hentry"],"acf":{"video":"","gallery":[11546,11540,11510,11534,11528,11522,11516]},"yoast_head":"<!-- This site is optimized with the Yoast SEO plugin v27.5 - https:\/\/yoast.com\/product\/yoast-seo-wordpress\/ -->\n<title>Gastronomija - Medulin Riviera<\/title>\n<meta name=\"robots\" content=\"index, follow, max-snippet:-1, max-image-preview:large, max-video-preview:-1\" \/>\n<link rel=\"canonical\" href=\"https:\/\/www.medulinriviera.info\/hr\/gastronomy\/\" \/>\n<meta property=\"og:locale\" content=\"hr_HR\" \/>\n<meta property=\"og:type\" content=\"article\" \/>\n<meta property=\"og:title\" content=\"Gastronomija - Medulin Riviera\" \/>\n<meta property=\"og:description\" content=\"Multikulturalnost Istre se najvi\u0161e osje\u0107a u njenoj gastronomiji koja je nastala pod utjecajem talijanskog, germanskog i slavenskog etnosa, ne zanemaruju\u0107i...\" \/>\n<meta property=\"og:url\" content=\"https:\/\/www.medulinriviera.info\/hr\/gastronomy\/\" \/>\n<meta property=\"og:site_name\" content=\"Medulin Riviera\" \/>\n<meta property=\"article:publisher\" content=\"https:\/\/www.facebook.com\/medulinriviera\/\" \/>\n<meta property=\"article:modified_time\" content=\"2020-06-05T13:49:35+00:00\" \/>\n<meta property=\"og:image\" content=\"https:\/\/www.medulinriviera.info\/wp-content\/uploads\/2020\/06\/gastro-3.jpg\" \/>\n\t<meta property=\"og:image:width\" content=\"1500\" \/>\n\t<meta property=\"og:image:height\" content=\"998\" \/>\n\t<meta property=\"og:image:type\" content=\"image\/jpeg\" \/>\n<meta name=\"twitter:card\" content=\"summary_large_image\" \/>\n<meta name=\"twitter:label1\" content=\"Procijenjeno vrijeme \u010ditanja\" \/>\n\t<meta name=\"twitter:data1\" content=\"4 minute\" \/>\n<script type=\"application\/ld+json\" class=\"yoast-schema-graph\">{\"@context\":\"https:\\\/\\\/schema.org\",\"@graph\":[{\"@type\":\"WebPage\",\"@id\":\"https:\\\/\\\/www.medulinriviera.info\\\/hr\\\/gastronomy\\\/\",\"url\":\"https:\\\/\\\/www.medulinriviera.info\\\/hr\\\/gastronomy\\\/\",\"name\":\"Gastronomija - Medulin Riviera\",\"isPartOf\":{\"@id\":\"https:\\\/\\\/www.medulinriviera.info\\\/hr\\\/#website\"},\"primaryImageOfPage\":{\"@id\":\"https:\\\/\\\/www.medulinriviera.info\\\/hr\\\/gastronomy\\\/#primaryimage\"},\"image\":{\"@id\":\"https:\\\/\\\/www.medulinriviera.info\\\/hr\\\/gastronomy\\\/#primaryimage\"},\"thumbnailUrl\":\"https:\\\/\\\/www.medulinriviera.info\\\/wp-content\\\/uploads\\\/2020\\\/06\\\/gastro-3.jpg\",\"datePublished\":\"2020-06-05T13:43:29+00:00\",\"dateModified\":\"2020-06-05T13:49:35+00:00\",\"breadcrumb\":{\"@id\":\"https:\\\/\\\/www.medulinriviera.info\\\/hr\\\/gastronomy\\\/#breadcrumb\"},\"inLanguage\":\"hr\",\"potentialAction\":[{\"@type\":\"ReadAction\",\"target\":[\"https:\\\/\\\/www.medulinriviera.info\\\/hr\\\/gastronomy\\\/\"]}]},{\"@type\":\"ImageObject\",\"inLanguage\":\"hr\",\"@id\":\"https:\\\/\\\/www.medulinriviera.info\\\/hr\\\/gastronomy\\\/#primaryimage\",\"url\":\"https:\\\/\\\/www.medulinriviera.info\\\/wp-content\\\/uploads\\\/2020\\\/06\\\/gastro-3.jpg\",\"contentUrl\":\"https:\\\/\\\/www.medulinriviera.info\\\/wp-content\\\/uploads\\\/2020\\\/06\\\/gastro-3.jpg\",\"width\":1500,\"height\":998},{\"@type\":\"BreadcrumbList\",\"@id\":\"https:\\\/\\\/www.medulinriviera.info\\\/hr\\\/gastronomy\\\/#breadcrumb\",\"itemListElement\":[{\"@type\":\"ListItem\",\"position\":1,\"name\":\"Home\",\"item\":\"https:\\\/\\\/www.medulinriviera.info\\\/hr\\\/\"},{\"@type\":\"ListItem\",\"position\":2,\"name\":\"Gastronomija\"}]},{\"@type\":\"WebSite\",\"@id\":\"https:\\\/\\\/www.medulinriviera.info\\\/hr\\\/#website\",\"url\":\"https:\\\/\\\/www.medulinriviera.info\\\/hr\\\/\",\"name\":\"Medulin Riviera\",\"description\":\"Plavi planet\",\"publisher\":{\"@id\":\"https:\\\/\\\/www.medulinriviera.info\\\/hr\\\/#organization\"},\"potentialAction\":[{\"@type\":\"SearchAction\",\"target\":{\"@type\":\"EntryPoint\",\"urlTemplate\":\"https:\\\/\\\/www.medulinriviera.info\\\/hr\\\/?s={search_term_string}\"},\"query-input\":{\"@type\":\"PropertyValueSpecification\",\"valueRequired\":true,\"valueName\":\"search_term_string\"}}],\"inLanguage\":\"hr\"},{\"@type\":\"Organization\",\"@id\":\"https:\\\/\\\/www.medulinriviera.info\\\/hr\\\/#organization\",\"name\":\"Medulin Riviera\",\"url\":\"https:\\\/\\\/www.medulinriviera.info\\\/hr\\\/\",\"logo\":{\"@type\":\"ImageObject\",\"inLanguage\":\"hr\",\"@id\":\"https:\\\/\\\/www.medulinriviera.info\\\/hr\\\/#\\\/schema\\\/logo\\\/image\\\/\",\"url\":\"https:\\\/\\\/www.medulinriviera.info\\\/wp-content\\\/uploads\\\/2020\\\/06\\\/logo-alt.png\",\"contentUrl\":\"https:\\\/\\\/www.medulinriviera.info\\\/wp-content\\\/uploads\\\/2020\\\/06\\\/logo-alt.png\",\"width\":264,\"height\":78,\"caption\":\"Medulin Riviera\"},\"image\":{\"@id\":\"https:\\\/\\\/www.medulinriviera.info\\\/hr\\\/#\\\/schema\\\/logo\\\/image\\\/\"},\"sameAs\":[\"https:\\\/\\\/www.facebook.com\\\/medulinriviera\\\/\",\"https:\\\/\\\/www.instagram.com\\\/medulinriviera\\\/\",\"https:\\\/\\\/www.youtube.com\\\/channel\\\/UCYdC8kYbK9OEmlmeZydpumQ\"]}]}<\/script>\n<!-- \/ Yoast SEO plugin. -->","yoast_head_json":{"title":"Gastronomija - Medulin Riviera","robots":{"index":"index","follow":"follow","max-snippet":"max-snippet:-1","max-image-preview":"max-image-preview:large","max-video-preview":"max-video-preview:-1"},"canonical":"https:\/\/www.medulinriviera.info\/hr\/gastronomy\/","og_locale":"hr_HR","og_type":"article","og_title":"Gastronomija - Medulin Riviera","og_description":"Multikulturalnost Istre se najvi\u0161e osje\u0107a u njenoj gastronomiji koja je nastala pod utjecajem talijanskog, germanskog i slavenskog etnosa, ne zanemaruju\u0107i...","og_url":"https:\/\/www.medulinriviera.info\/hr\/gastronomy\/","og_site_name":"Medulin Riviera","article_publisher":"https:\/\/www.facebook.com\/medulinriviera\/","article_modified_time":"2020-06-05T13:49:35+00:00","og_image":[{"width":1500,"height":998,"url":"https:\/\/www.medulinriviera.info\/wp-content\/uploads\/2020\/06\/gastro-3.jpg","type":"image\/jpeg"}],"twitter_card":"summary_large_image","twitter_misc":{"Procijenjeno vrijeme \u010ditanja":"4 minute"},"schema":{"@context":"https:\/\/schema.org","@graph":[{"@type":"WebPage","@id":"https:\/\/www.medulinriviera.info\/hr\/gastronomy\/","url":"https:\/\/www.medulinriviera.info\/hr\/gastronomy\/","name":"Gastronomija - Medulin Riviera","isPartOf":{"@id":"https:\/\/www.medulinriviera.info\/hr\/#website"},"primaryImageOfPage":{"@id":"https:\/\/www.medulinriviera.info\/hr\/gastronomy\/#primaryimage"},"image":{"@id":"https:\/\/www.medulinriviera.info\/hr\/gastronomy\/#primaryimage"},"thumbnailUrl":"https:\/\/www.medulinriviera.info\/wp-content\/uploads\/2020\/06\/gastro-3.jpg","datePublished":"2020-06-05T13:43:29+00:00","dateModified":"2020-06-05T13:49:35+00:00","breadcrumb":{"@id":"https:\/\/www.medulinriviera.info\/hr\/gastronomy\/#breadcrumb"},"inLanguage":"hr","potentialAction":[{"@type":"ReadAction","target":["https:\/\/www.medulinriviera.info\/hr\/gastronomy\/"]}]},{"@type":"ImageObject","inLanguage":"hr","@id":"https:\/\/www.medulinriviera.info\/hr\/gastronomy\/#primaryimage","url":"https:\/\/www.medulinriviera.info\/wp-content\/uploads\/2020\/06\/gastro-3.jpg","contentUrl":"https:\/\/www.medulinriviera.info\/wp-content\/uploads\/2020\/06\/gastro-3.jpg","width":1500,"height":998},{"@type":"BreadcrumbList","@id":"https:\/\/www.medulinriviera.info\/hr\/gastronomy\/#breadcrumb","itemListElement":[{"@type":"ListItem","position":1,"name":"Home","item":"https:\/\/www.medulinriviera.info\/hr\/"},{"@type":"ListItem","position":2,"name":"Gastronomija"}]},{"@type":"WebSite","@id":"https:\/\/www.medulinriviera.info\/hr\/#website","url":"https:\/\/www.medulinriviera.info\/hr\/","name":"Medulin Riviera","description":"Plavi planet","publisher":{"@id":"https:\/\/www.medulinriviera.info\/hr\/#organization"},"potentialAction":[{"@type":"SearchAction","target":{"@type":"EntryPoint","urlTemplate":"https:\/\/www.medulinriviera.info\/hr\/?s={search_term_string}"},"query-input":{"@type":"PropertyValueSpecification","valueRequired":true,"valueName":"search_term_string"}}],"inLanguage":"hr"},{"@type":"Organization","@id":"https:\/\/www.medulinriviera.info\/hr\/#organization","name":"Medulin Riviera","url":"https:\/\/www.medulinriviera.info\/hr\/","logo":{"@type":"ImageObject","inLanguage":"hr","@id":"https:\/\/www.medulinriviera.info\/hr\/#\/schema\/logo\/image\/","url":"https:\/\/www.medulinriviera.info\/wp-content\/uploads\/2020\/06\/logo-alt.png","contentUrl":"https:\/\/www.medulinriviera.info\/wp-content\/uploads\/2020\/06\/logo-alt.png","width":264,"height":78,"caption":"Medulin Riviera"},"image":{"@id":"https:\/\/www.medulinriviera.info\/hr\/#\/schema\/logo\/image\/"},"sameAs":["https:\/\/www.facebook.com\/medulinriviera\/","https:\/\/www.instagram.com\/medulinriviera\/","https:\/\/www.youtube.com\/channel\/UCYdC8kYbK9OEmlmeZydpumQ"]}]}},"wpml_current_locale":"hr","wpml_translations":[{"locale":"en_US","id":11468,"post_title":"Gastronomy","href":"https:\/\/www.medulinriviera.info\/gastronomy\/"},{"locale":"fr_FR","id":11500,"post_title":"Gastronomie","href":"https:\/\/www.medulinriviera.info\/fr\/gastronomy\/"},{"locale":"de_DE","id":11501,"post_title":"Gastronomie","href":"https:\/\/www.medulinriviera.info\/de\/gastronomy\/"},{"locale":"it_IT","id":11502,"post_title":"Gastronomia","href":"https:\/\/www.medulinriviera.info\/it\/gastronomy\/"},{"locale":"sl_SI","id":11503,"post_title":"Gastronomija","href":"https:\/\/www.medulinriviera.info\/sl\/gastronomy\/"}],"_links":{"self":[{"href":"https:\/\/www.medulinriviera.info\/hr\/wp-json\/wp\/v2\/pages\/11499","targetHints":{"allow":["GET"]}}],"collection":[{"href":"https:\/\/www.medulinriviera.info\/hr\/wp-json\/wp\/v2\/pages"}],"about":[{"href":"https:\/\/www.medulinriviera.info\/hr\/wp-json\/wp\/v2\/types\/page"}],"author":[{"embeddable":true,"href":"https:\/\/www.medulinriviera.info\/hr\/wp-json\/wp\/v2\/users\/1"}],"replies":[{"embeddable":true,"href":"https:\/\/www.medulinriviera.info\/hr\/wp-json\/wp\/v2\/comments?post=11499"}],"version-history":[{"count":0,"href":"https:\/\/www.medulinriviera.info\/hr\/wp-json\/wp\/v2\/pages\/11499\/revisions"}],"acf:attachment":[{"embeddable":true,"href":"https:\/\/www.medulinriviera.info\/hr\/wp-json\/wp\/v2\/media\/11516"},{"embeddable":true,"href":"https:\/\/www.medulinriviera.info\/hr\/wp-json\/wp\/v2\/media\/11522"},{"embeddable":true,"href":"https:\/\/www.medulinriviera.info\/hr\/wp-json\/wp\/v2\/media\/11528"},{"embeddable":true,"href":"https:\/\/www.medulinriviera.info\/hr\/wp-json\/wp\/v2\/media\/11534"},{"embeddable":true,"href":"https:\/\/www.medulinriviera.info\/hr\/wp-json\/wp\/v2\/media\/11510"},{"embeddable":true,"href":"https:\/\/www.medulinriviera.info\/hr\/wp-json\/wp\/v2\/media\/11540"},{"embeddable":true,"href":"https:\/\/www.medulinriviera.info\/hr\/wp-json\/wp\/v2\/media\/11546"}],"wp:featuredmedia":[{"embeddable":true,"href":"https:\/\/www.medulinriviera.info\/hr\/wp-json\/wp\/v2\/media\/11471"}],"wp:attachment":[{"href":"https:\/\/www.medulinriviera.info\/hr\/wp-json\/wp\/v2\/media?parent=11499"}],"wp:term":[{"taxonomy":"classificator","embeddable":true,"href":"https:\/\/www.medulinriviera.info\/hr\/wp-json\/wp\/v2\/classificator?post=11499"}],"curies":[{"name":"wp","href":"https:\/\/api.w.org\/{rel}","templated":true}]}}