{"id":11186,"date":"2020-06-04T09:49:58","date_gmt":"2020-06-04T07:49:58","guid":{"rendered":"http:\/\/www.medulinriviera.info\/archeological-park-vizula\/the-legend-of-crispus\/"},"modified":"2025-07-10T15:19:34","modified_gmt":"2025-07-10T13:19:34","slug":"the-legend-of-crispus","status":"publish","type":"page","link":"https:\/\/www.medulinriviera.info\/hr\/archeological-park-vizula\/the-legend-of-crispus\/","title":{"rendered":"Legenda o Krispu"},"content":{"rendered":"<div class=\"wp-block-image\">\n<figure class=\"alignright size-large is-resized\"><img loading=\"lazy\" decoding=\"async\" width=\"1024\" height=\"683\" src=\"http:\/\/www.medulinriviera.info\/wp-content\/uploads\/2020\/06\/crispo_fausta-1024x683.jpg\" alt=\"\" class=\"wp-image-10986\" style=\"width:512px;height:342px\" srcset=\"https:\/\/www.medulinriviera.info\/wp-content\/uploads\/2020\/06\/crispo_fausta-1024x683.jpg 1024w, https:\/\/www.medulinriviera.info\/wp-content\/uploads\/2020\/06\/crispo_fausta-300x200.jpg 300w, https:\/\/www.medulinriviera.info\/wp-content\/uploads\/2020\/06\/crispo_fausta-768x512.jpg 768w, https:\/\/www.medulinriviera.info\/wp-content\/uploads\/2020\/06\/crispo_fausta.jpg 1200w\" sizes=\"auto, (max-width: 1024px) 100vw, 1024px\" \/><\/figure>\n<\/div>\n\n\n<p>Jedan od najslavnijih stanovnika carske vile na Vi\u017euli bio je Cezar Krispo (Flavius Julius Crispus), veliki rimski vojskovo\u0111a omiljen u narodu i me\u0111u vojnicima, prvoro\u0111eni sin Konstantina Velikog. Godina i mjesto Krispova ro\u0111enja nisu sa sigurno\u0161\u0107u utvr\u0111eni, no smatra se da je ro\u0111en 295. godine negdje u Isto\u010dnom Rimskom Carstvu. Njegova majka&nbsp;Minervina bila je ili&nbsp;konkubina ili prva supruga cara Konstantina, koji se kasnije, po\u010detkom 4. st., o\u017eenio Faustom, Maksimijanovom k\u0107eri.<\/p>\n\n\n\n<p>Arheolozi isti\u010du da postoji velika vjerojatnost da je Krispo, nakon \u0161to ga je ma\u0107eha Fausta optu\u017eila za silovanje i namjeru svrgavanja oca s prijestolja, prije pogubljenja prona\u0161ao uto\u010di\u0161te na Vi\u017euli. Konstantin Veliki, koji je na nagovor supruge dao pogubiti svoga sina prvoro\u0111enca, na\u017ealost, prekasno je doznao da je Krispo \u017ertva dvorskih spletki. Kada je shvatio \u0161to je u\u010dinila, svoju je suprugu dao ugu\u0161iti u vru\u0107oj kupelji, i to neposredno nakon \u0161to je rodila k\u0107er.<\/p>\n\n\n\n<p>Krispo je, prema zapisima Ammiana, osu\u0111en na pulskom lokalnom sudu 326. godine i ubijen u carskoj vili nedaleko od Pule, koja je bila ukra\u0161ena geometrijskim mozaicima iz tog doba. Iako sve sluti da je Krispo ubijen u vili na Vi\u017euli, to nije sa sigurno\u0161\u0107u utvr\u0111eno.<\/p>\n\n\n\n<h3 class=\"wp-block-heading\">Ambijentalna predstava na rimskim iskopinama<\/h3>\n\n\n<div class=\"wp-block-image\">\n<figure class=\"alignleft size-large is-resized\"><img loading=\"lazy\" decoding=\"async\" width=\"800\" height=\"522\" src=\"http:\/\/www.medulinriviera.info\/wp-content\/uploads\/2020\/06\/ambijentalne.jpg\" alt=\"\" class=\"wp-image-10993\" style=\"width:400px;height:261px\" srcset=\"https:\/\/www.medulinriviera.info\/wp-content\/uploads\/2020\/06\/ambijentalne.jpg 800w, https:\/\/www.medulinriviera.info\/wp-content\/uploads\/2020\/06\/ambijentalne-300x196.jpg 300w, https:\/\/www.medulinriviera.info\/wp-content\/uploads\/2020\/06\/ambijentalne-768x501.jpg 768w\" sizes=\"auto, (max-width: 800px) 100vw, 800px\" \/><\/figure>\n<\/div>\n\n\n<p>Pri\u010du o Krispu i njegovoj stra\u0161noj smrti posjetitelji Arheolo\u0161kog parka Vi\u017eula mogu do\u017eivjeti kroz predstavu koja se ovdje na rimskim iskopinama izvodi tijekom ljetnih mjeseci. Ambijentalna predstava kroz osam kazali\u0161nih prizora gledatelje vodi u 326. godinu i vrijeme smaknu\u0107a legendarnog rimskog vojskovo\u0111e. Kroz \u017eivopisne prizore ova uprizorena legenda pri\u010da o tome kako je Fausta poku\u0161ala zavesti Krispa, kako ga je Konstantin dao smaknuti te kako je Konstantinova majka Helena razotkrila zavjeru i krenula put Jeruzalema u potrazi za Kristovim grobom. <\/p>\n","protected":false},"excerpt":{"rendered":"<p>Jedan od najslavnijih stanovnika carske vile na Vi\u017euli bio je Cezar Krispo (Flavius Julius Crispus), veliki rimski vojskovo\u0111a omiljen u&#8230;<\/p>\n","protected":false},"author":1,"featured_media":10796,"parent":10858,"menu_order":12,"comment_status":"closed","ping_status":"closed","template":"tpl-vizula.php","meta":{"_acf_changed":false,"footnotes":""},"classificator":[],"class_list":["post-11186","page","type-page","status-publish","has-post-thumbnail","hentry"],"acf":{"video":"","gallery":""},"yoast_head":"<!-- This site is optimized with the Yoast SEO plugin v27.3 - https:\/\/yoast.com\/product\/yoast-seo-wordpress\/ -->\n<title>Legenda o Krispu - Medulin Riviera<\/title>\n<meta name=\"robots\" content=\"index, follow, max-snippet:-1, max-image-preview:large, max-video-preview:-1\" \/>\n<link rel=\"canonical\" href=\"https:\/\/www.medulinriviera.info\/hr\/archeological-park-vizula\/the-legend-of-crispus\/\" \/>\n<meta property=\"og:locale\" content=\"hr_HR\" \/>\n<meta property=\"og:type\" content=\"article\" \/>\n<meta property=\"og:title\" content=\"Legenda o Krispu - Medulin Riviera\" \/>\n<meta property=\"og:description\" content=\"Jedan od najslavnijih stanovnika carske vile na Vi\u017euli bio je Cezar Krispo (Flavius Julius Crispus), veliki rimski vojskovo\u0111a omiljen u...\" \/>\n<meta property=\"og:url\" content=\"https:\/\/www.medulinriviera.info\/hr\/archeological-park-vizula\/the-legend-of-crispus\/\" \/>\n<meta property=\"og:site_name\" content=\"Medulin Riviera\" \/>\n<meta property=\"article:publisher\" content=\"https:\/\/www.facebook.com\/medulinriviera\/\" \/>\n<meta property=\"article:modified_time\" content=\"2025-07-10T13:19:34+00:00\" \/>\n<meta property=\"og:image\" content=\"https:\/\/www.medulinriviera.info\/wp-content\/uploads\/2020\/06\/crispo-header.jpg\" \/>\n\t<meta property=\"og:image:width\" content=\"1494\" \/>\n\t<meta property=\"og:image:height\" content=\"885\" \/>\n\t<meta property=\"og:image:type\" content=\"image\/jpeg\" \/>\n<meta name=\"twitter:card\" content=\"summary_large_image\" \/>\n<meta name=\"twitter:label1\" content=\"Procijenjeno vrijeme \u010ditanja\" \/>\n\t<meta name=\"twitter:data1\" content=\"3 minute\" \/>\n<script type=\"application\/ld+json\" class=\"yoast-schema-graph\">{\"@context\":\"https:\\\/\\\/schema.org\",\"@graph\":[{\"@type\":\"WebPage\",\"@id\":\"https:\\\/\\\/www.medulinriviera.info\\\/hr\\\/archeological-park-vizula\\\/the-legend-of-crispus\\\/\",\"url\":\"https:\\\/\\\/www.medulinriviera.info\\\/hr\\\/archeological-park-vizula\\\/the-legend-of-crispus\\\/\",\"name\":\"Legenda o Krispu - Medulin Riviera\",\"isPartOf\":{\"@id\":\"https:\\\/\\\/www.medulinriviera.info\\\/hr\\\/#website\"},\"primaryImageOfPage\":{\"@id\":\"https:\\\/\\\/www.medulinriviera.info\\\/hr\\\/archeological-park-vizula\\\/the-legend-of-crispus\\\/#primaryimage\"},\"image\":{\"@id\":\"https:\\\/\\\/www.medulinriviera.info\\\/hr\\\/archeological-park-vizula\\\/the-legend-of-crispus\\\/#primaryimage\"},\"thumbnailUrl\":\"https:\\\/\\\/www.medulinriviera.info\\\/wp-content\\\/uploads\\\/2020\\\/06\\\/crispo-header.jpg\",\"datePublished\":\"2020-06-04T07:49:58+00:00\",\"dateModified\":\"2025-07-10T13:19:34+00:00\",\"breadcrumb\":{\"@id\":\"https:\\\/\\\/www.medulinriviera.info\\\/hr\\\/archeological-park-vizula\\\/the-legend-of-crispus\\\/#breadcrumb\"},\"inLanguage\":\"hr\",\"potentialAction\":[{\"@type\":\"ReadAction\",\"target\":[\"https:\\\/\\\/www.medulinriviera.info\\\/hr\\\/archeological-park-vizula\\\/the-legend-of-crispus\\\/\"]}]},{\"@type\":\"ImageObject\",\"inLanguage\":\"hr\",\"@id\":\"https:\\\/\\\/www.medulinriviera.info\\\/hr\\\/archeological-park-vizula\\\/the-legend-of-crispus\\\/#primaryimage\",\"url\":\"https:\\\/\\\/www.medulinriviera.info\\\/wp-content\\\/uploads\\\/2020\\\/06\\\/crispo-header.jpg\",\"contentUrl\":\"https:\\\/\\\/www.medulinriviera.info\\\/wp-content\\\/uploads\\\/2020\\\/06\\\/crispo-header.jpg\",\"width\":1494,\"height\":885},{\"@type\":\"BreadcrumbList\",\"@id\":\"https:\\\/\\\/www.medulinriviera.info\\\/hr\\\/archeological-park-vizula\\\/the-legend-of-crispus\\\/#breadcrumb\",\"itemListElement\":[{\"@type\":\"ListItem\",\"position\":1,\"name\":\"Home\",\"item\":\"https:\\\/\\\/www.medulinriviera.info\\\/hr\\\/\"},{\"@type\":\"ListItem\",\"position\":2,\"name\":\"Arheolo\u0161ki park Vi\u017eula\",\"item\":\"https:\\\/\\\/www.medulinriviera.info\\\/hr\\\/archeological-park-vizula\\\/\"},{\"@type\":\"ListItem\",\"position\":3,\"name\":\"Legenda o Krispu\"}]},{\"@type\":\"WebSite\",\"@id\":\"https:\\\/\\\/www.medulinriviera.info\\\/hr\\\/#website\",\"url\":\"https:\\\/\\\/www.medulinriviera.info\\\/hr\\\/\",\"name\":\"Medulin Riviera\",\"description\":\"Plavi planet\",\"publisher\":{\"@id\":\"https:\\\/\\\/www.medulinriviera.info\\\/hr\\\/#organization\"},\"potentialAction\":[{\"@type\":\"SearchAction\",\"target\":{\"@type\":\"EntryPoint\",\"urlTemplate\":\"https:\\\/\\\/www.medulinriviera.info\\\/hr\\\/?s={search_term_string}\"},\"query-input\":{\"@type\":\"PropertyValueSpecification\",\"valueRequired\":true,\"valueName\":\"search_term_string\"}}],\"inLanguage\":\"hr\"},{\"@type\":\"Organization\",\"@id\":\"https:\\\/\\\/www.medulinriviera.info\\\/hr\\\/#organization\",\"name\":\"Medulin Riviera\",\"url\":\"https:\\\/\\\/www.medulinriviera.info\\\/hr\\\/\",\"logo\":{\"@type\":\"ImageObject\",\"inLanguage\":\"hr\",\"@id\":\"https:\\\/\\\/www.medulinriviera.info\\\/hr\\\/#\\\/schema\\\/logo\\\/image\\\/\",\"url\":\"https:\\\/\\\/www.medulinriviera.info\\\/wp-content\\\/uploads\\\/2020\\\/06\\\/logo-alt.png\",\"contentUrl\":\"https:\\\/\\\/www.medulinriviera.info\\\/wp-content\\\/uploads\\\/2020\\\/06\\\/logo-alt.png\",\"width\":264,\"height\":78,\"caption\":\"Medulin Riviera\"},\"image\":{\"@id\":\"https:\\\/\\\/www.medulinriviera.info\\\/hr\\\/#\\\/schema\\\/logo\\\/image\\\/\"},\"sameAs\":[\"https:\\\/\\\/www.facebook.com\\\/medulinriviera\\\/\",\"https:\\\/\\\/www.instagram.com\\\/medulinriviera\\\/\",\"https:\\\/\\\/www.youtube.com\\\/channel\\\/UCYdC8kYbK9OEmlmeZydpumQ\"]}]}<\/script>\n<!-- \/ Yoast SEO plugin. -->","yoast_head_json":{"title":"Legenda o Krispu - Medulin Riviera","robots":{"index":"index","follow":"follow","max-snippet":"max-snippet:-1","max-image-preview":"max-image-preview:large","max-video-preview":"max-video-preview:-1"},"canonical":"https:\/\/www.medulinriviera.info\/hr\/archeological-park-vizula\/the-legend-of-crispus\/","og_locale":"hr_HR","og_type":"article","og_title":"Legenda o Krispu - Medulin Riviera","og_description":"Jedan od najslavnijih stanovnika carske vile na Vi\u017euli bio je Cezar Krispo (Flavius Julius Crispus), veliki rimski vojskovo\u0111a omiljen u...","og_url":"https:\/\/www.medulinriviera.info\/hr\/archeological-park-vizula\/the-legend-of-crispus\/","og_site_name":"Medulin Riviera","article_publisher":"https:\/\/www.facebook.com\/medulinriviera\/","article_modified_time":"2025-07-10T13:19:34+00:00","og_image":[{"width":1494,"height":885,"url":"https:\/\/www.medulinriviera.info\/wp-content\/uploads\/2020\/06\/crispo-header.jpg","type":"image\/jpeg"}],"twitter_card":"summary_large_image","twitter_misc":{"Procijenjeno vrijeme \u010ditanja":"3 minute"},"schema":{"@context":"https:\/\/schema.org","@graph":[{"@type":"WebPage","@id":"https:\/\/www.medulinriviera.info\/hr\/archeological-park-vizula\/the-legend-of-crispus\/","url":"https:\/\/www.medulinriviera.info\/hr\/archeological-park-vizula\/the-legend-of-crispus\/","name":"Legenda o Krispu - Medulin Riviera","isPartOf":{"@id":"https:\/\/www.medulinriviera.info\/hr\/#website"},"primaryImageOfPage":{"@id":"https:\/\/www.medulinriviera.info\/hr\/archeological-park-vizula\/the-legend-of-crispus\/#primaryimage"},"image":{"@id":"https:\/\/www.medulinriviera.info\/hr\/archeological-park-vizula\/the-legend-of-crispus\/#primaryimage"},"thumbnailUrl":"https:\/\/www.medulinriviera.info\/wp-content\/uploads\/2020\/06\/crispo-header.jpg","datePublished":"2020-06-04T07:49:58+00:00","dateModified":"2025-07-10T13:19:34+00:00","breadcrumb":{"@id":"https:\/\/www.medulinriviera.info\/hr\/archeological-park-vizula\/the-legend-of-crispus\/#breadcrumb"},"inLanguage":"hr","potentialAction":[{"@type":"ReadAction","target":["https:\/\/www.medulinriviera.info\/hr\/archeological-park-vizula\/the-legend-of-crispus\/"]}]},{"@type":"ImageObject","inLanguage":"hr","@id":"https:\/\/www.medulinriviera.info\/hr\/archeological-park-vizula\/the-legend-of-crispus\/#primaryimage","url":"https:\/\/www.medulinriviera.info\/wp-content\/uploads\/2020\/06\/crispo-header.jpg","contentUrl":"https:\/\/www.medulinriviera.info\/wp-content\/uploads\/2020\/06\/crispo-header.jpg","width":1494,"height":885},{"@type":"BreadcrumbList","@id":"https:\/\/www.medulinriviera.info\/hr\/archeological-park-vizula\/the-legend-of-crispus\/#breadcrumb","itemListElement":[{"@type":"ListItem","position":1,"name":"Home","item":"https:\/\/www.medulinriviera.info\/hr\/"},{"@type":"ListItem","position":2,"name":"Arheolo\u0161ki park Vi\u017eula","item":"https:\/\/www.medulinriviera.info\/hr\/archeological-park-vizula\/"},{"@type":"ListItem","position":3,"name":"Legenda o Krispu"}]},{"@type":"WebSite","@id":"https:\/\/www.medulinriviera.info\/hr\/#website","url":"https:\/\/www.medulinriviera.info\/hr\/","name":"Medulin Riviera","description":"Plavi planet","publisher":{"@id":"https:\/\/www.medulinriviera.info\/hr\/#organization"},"potentialAction":[{"@type":"SearchAction","target":{"@type":"EntryPoint","urlTemplate":"https:\/\/www.medulinriviera.info\/hr\/?s={search_term_string}"},"query-input":{"@type":"PropertyValueSpecification","valueRequired":true,"valueName":"search_term_string"}}],"inLanguage":"hr"},{"@type":"Organization","@id":"https:\/\/www.medulinriviera.info\/hr\/#organization","name":"Medulin Riviera","url":"https:\/\/www.medulinriviera.info\/hr\/","logo":{"@type":"ImageObject","inLanguage":"hr","@id":"https:\/\/www.medulinriviera.info\/hr\/#\/schema\/logo\/image\/","url":"https:\/\/www.medulinriviera.info\/wp-content\/uploads\/2020\/06\/logo-alt.png","contentUrl":"https:\/\/www.medulinriviera.info\/wp-content\/uploads\/2020\/06\/logo-alt.png","width":264,"height":78,"caption":"Medulin Riviera"},"image":{"@id":"https:\/\/www.medulinriviera.info\/hr\/#\/schema\/logo\/image\/"},"sameAs":["https:\/\/www.facebook.com\/medulinriviera\/","https:\/\/www.instagram.com\/medulinriviera\/","https:\/\/www.youtube.com\/channel\/UCYdC8kYbK9OEmlmeZydpumQ"]}]}},"wpml_current_locale":"hr","wpml_translations":[{"locale":"en_US","id":10304,"post_title":"The legend of Crispus","href":"https:\/\/www.medulinriviera.info\/archeological-park-vizula\/the-legend-of-crispus\/"},{"locale":"fr_FR","id":11187,"post_title":"La l\u00e9gende de Crispus","href":"https:\/\/www.medulinriviera.info\/fr\/archeological-park-vizula\/the-legend-of-crispus\/"},{"locale":"de_DE","id":11188,"post_title":"Die Legende von Crispus","href":"https:\/\/www.medulinriviera.info\/de\/archeological-park-vizula\/the-legend-of-crispus\/"},{"locale":"it_IT","id":11189,"post_title":"La leggenda di Crispo","href":"https:\/\/www.medulinriviera.info\/it\/archeological-park-vizula\/the-legend-of-crispus\/"},{"locale":"sl_SI","id":11190,"post_title":"The legend of Crispus","href":"https:\/\/www.medulinriviera.info\/sl\/archeological-park-vizula\/the-legend-of-crispus\/"}],"_links":{"self":[{"href":"https:\/\/www.medulinriviera.info\/hr\/wp-json\/wp\/v2\/pages\/11186","targetHints":{"allow":["GET"]}}],"collection":[{"href":"https:\/\/www.medulinriviera.info\/hr\/wp-json\/wp\/v2\/pages"}],"about":[{"href":"https:\/\/www.medulinriviera.info\/hr\/wp-json\/wp\/v2\/types\/page"}],"author":[{"embeddable":true,"href":"https:\/\/www.medulinriviera.info\/hr\/wp-json\/wp\/v2\/users\/1"}],"replies":[{"embeddable":true,"href":"https:\/\/www.medulinriviera.info\/hr\/wp-json\/wp\/v2\/comments?post=11186"}],"version-history":[{"count":1,"href":"https:\/\/www.medulinriviera.info\/hr\/wp-json\/wp\/v2\/pages\/11186\/revisions"}],"predecessor-version":[{"id":36500,"href":"https:\/\/www.medulinriviera.info\/hr\/wp-json\/wp\/v2\/pages\/11186\/revisions\/36500"}],"up":[{"embeddable":true,"href":"https:\/\/www.medulinriviera.info\/hr\/wp-json\/wp\/v2\/pages\/10858"}],"wp:featuredmedia":[{"embeddable":true,"href":"https:\/\/www.medulinriviera.info\/hr\/wp-json\/wp\/v2\/media\/10796"}],"wp:attachment":[{"href":"https:\/\/www.medulinriviera.info\/hr\/wp-json\/wp\/v2\/media?parent=11186"}],"wp:term":[{"taxonomy":"classificator","embeddable":true,"href":"https:\/\/www.medulinriviera.info\/hr\/wp-json\/wp\/v2\/classificator?post=11186"}],"curies":[{"name":"wp","href":"https:\/\/api.w.org\/{rel}","templated":true}]}}