{"id":11174,"date":"2020-06-04T09:50:17","date_gmt":"2020-06-04T07:50:17","guid":{"rendered":"http:\/\/www.medulinriviera.info\/archeological-park-vizula\/virtual-reality\/"},"modified":"2025-07-10T15:29:09","modified_gmt":"2025-07-10T13:29:09","slug":"virtual-reality","status":"publish","type":"page","link":"https:\/\/www.medulinriviera.info\/hr\/archeological-park-vizula\/virtual-reality\/","title":{"rendered":"Virtualna stvarnost"},"content":{"rendered":"<div class=\"wp-block-image\">\n<figure class=\"alignleft size-large is-resized\"><img loading=\"lazy\" decoding=\"async\" width=\"800\" height=\"533\" src=\"http:\/\/www.medulinriviera.info\/wp-content\/uploads\/2020\/06\/virtual-1.jpg\" alt=\"\" class=\"wp-image-11004\" style=\"width:600px;height:400px\" srcset=\"https:\/\/www.medulinriviera.info\/wp-content\/uploads\/2020\/06\/virtual-1.jpg 800w, https:\/\/www.medulinriviera.info\/wp-content\/uploads\/2020\/06\/virtual-1-300x200.jpg 300w, https:\/\/www.medulinriviera.info\/wp-content\/uploads\/2020\/06\/virtual-1-768x512.jpg 768w\" sizes=\"auto, (max-width: 800px) 100vw, 800px\" \/><\/figure>\n<\/div>\n\n\n<p>Zdanja u kojima su bogati Rimljani na Vi\u017euli rasko\u0161no \u017eivjeli i u\u017eivali u svim onodobnim blagodatima kulture, umjetnosti, znanosti, gastronomije, arheolozi su najve\u0107im dijelom za\u0161titili te se nalaze pod zemljom na gotovo cijelom poluotoku i u moru, no u svijet toga doba mo\u017eete uroniti uz pomo\u0107 tablet ra\u010dunala. Mo\u0107i \u0107ete tako vidjeti gra\u0111evinske ostatke carskog i kasnoanti\u010dkog maritimnog kompleksa, \u010diji je veliki dio sada pod morem i prote\u017ee se sa zapadne i jugozapadne strane poluotoka \u010dak 40 metara u smjeru mora. Dimenzije negda\u0161njeg carskog zdanja ozna\u010dava i zid koji je danas vidljiv na sprudu i bio je dio jedinstvene fronte od oko 720 metara du\u017eine koja se protezala od spruda do anti\u010dkoga mola, koji se nalazi otprilike u visini uvale Runke. No, uz pomo\u0107 multimedije pred vama \u0107e se, krenete li stazicom u obilazak arheolo\u0161kog parka, otvoriti peristilni dijelovi \u0161etnice rasko\u0161ne vile, prekrasni mozaici, ali i pristani\u0161te za brodice, kao i skladi\u0161ta za doma\u0107e \u017eito, ulje i vino, koje se i uvozilo te do Vi\u017eule dopremalo brodovima u amforama.<\/p>\n\n\n\n<p><\/p>\n","protected":false},"excerpt":{"rendered":"<p>Zdanja u kojima su bogati Rimljani na Vi\u017euli rasko\u0161no \u017eivjeli i u\u017eivali u svim onodobnim blagodatima kulture, umjetnosti, znanosti, gastronomije,&#8230;<\/p>\n","protected":false},"author":1,"featured_media":11005,"parent":10858,"menu_order":13,"comment_status":"closed","ping_status":"closed","template":"tpl-vizula.php","meta":{"_acf_changed":false,"footnotes":""},"classificator":[],"class_list":["post-11174","page","type-page","status-publish","has-post-thumbnail","hentry"],"acf":{"video":"","gallery":""},"yoast_head":"<!-- This site is optimized with the Yoast SEO plugin v27.3 - https:\/\/yoast.com\/product\/yoast-seo-wordpress\/ -->\n<title>Virtualna stvarnost - Medulin Riviera<\/title>\n<meta name=\"robots\" content=\"index, follow, max-snippet:-1, max-image-preview:large, max-video-preview:-1\" \/>\n<link rel=\"canonical\" href=\"https:\/\/www.medulinriviera.info\/hr\/archeological-park-vizula\/virtual-reality\/\" \/>\n<meta property=\"og:locale\" content=\"hr_HR\" \/>\n<meta property=\"og:type\" content=\"article\" \/>\n<meta property=\"og:title\" content=\"Virtualna stvarnost - Medulin Riviera\" \/>\n<meta property=\"og:description\" content=\"Zdanja u kojima su bogati Rimljani na Vi\u017euli rasko\u0161no \u017eivjeli i u\u017eivali u svim onodobnim blagodatima kulture, umjetnosti, znanosti, gastronomije,...\" \/>\n<meta property=\"og:url\" content=\"https:\/\/www.medulinriviera.info\/hr\/archeological-park-vizula\/virtual-reality\/\" \/>\n<meta property=\"og:site_name\" content=\"Medulin Riviera\" \/>\n<meta property=\"article:publisher\" content=\"https:\/\/www.facebook.com\/medulinriviera\/\" \/>\n<meta property=\"article:modified_time\" content=\"2025-07-10T13:29:09+00:00\" \/>\n<meta property=\"og:image\" content=\"https:\/\/www.medulinriviera.info\/wp-content\/uploads\/2020\/06\/virtual-1.jpg\" \/>\n\t<meta property=\"og:image:width\" content=\"800\" \/>\n\t<meta property=\"og:image:height\" content=\"533\" \/>\n\t<meta property=\"og:image:type\" content=\"image\/jpeg\" \/>\n<meta name=\"twitter:card\" content=\"summary_large_image\" \/>\n<meta name=\"twitter:label1\" content=\"Procijenjeno vrijeme \u010ditanja\" \/>\n\t<meta name=\"twitter:data1\" content=\"2 minute\" \/>\n<script type=\"application\/ld+json\" class=\"yoast-schema-graph\">{\"@context\":\"https:\\\/\\\/schema.org\",\"@graph\":[{\"@type\":\"WebPage\",\"@id\":\"https:\\\/\\\/www.medulinriviera.info\\\/hr\\\/archeological-park-vizula\\\/virtual-reality\\\/\",\"url\":\"https:\\\/\\\/www.medulinriviera.info\\\/hr\\\/archeological-park-vizula\\\/virtual-reality\\\/\",\"name\":\"Virtualna stvarnost - Medulin Riviera\",\"isPartOf\":{\"@id\":\"https:\\\/\\\/www.medulinriviera.info\\\/hr\\\/#website\"},\"primaryImageOfPage\":{\"@id\":\"https:\\\/\\\/www.medulinriviera.info\\\/hr\\\/archeological-park-vizula\\\/virtual-reality\\\/#primaryimage\"},\"image\":{\"@id\":\"https:\\\/\\\/www.medulinriviera.info\\\/hr\\\/archeological-park-vizula\\\/virtual-reality\\\/#primaryimage\"},\"thumbnailUrl\":\"https:\\\/\\\/www.medulinriviera.info\\\/wp-content\\\/uploads\\\/2020\\\/06\\\/virtual-1.jpg\",\"datePublished\":\"2020-06-04T07:50:17+00:00\",\"dateModified\":\"2025-07-10T13:29:09+00:00\",\"breadcrumb\":{\"@id\":\"https:\\\/\\\/www.medulinriviera.info\\\/hr\\\/archeological-park-vizula\\\/virtual-reality\\\/#breadcrumb\"},\"inLanguage\":\"hr\",\"potentialAction\":[{\"@type\":\"ReadAction\",\"target\":[\"https:\\\/\\\/www.medulinriviera.info\\\/hr\\\/archeological-park-vizula\\\/virtual-reality\\\/\"]}]},{\"@type\":\"ImageObject\",\"inLanguage\":\"hr\",\"@id\":\"https:\\\/\\\/www.medulinriviera.info\\\/hr\\\/archeological-park-vizula\\\/virtual-reality\\\/#primaryimage\",\"url\":\"https:\\\/\\\/www.medulinriviera.info\\\/wp-content\\\/uploads\\\/2020\\\/06\\\/virtual-1.jpg\",\"contentUrl\":\"https:\\\/\\\/www.medulinriviera.info\\\/wp-content\\\/uploads\\\/2020\\\/06\\\/virtual-1.jpg\",\"width\":800,\"height\":533},{\"@type\":\"BreadcrumbList\",\"@id\":\"https:\\\/\\\/www.medulinriviera.info\\\/hr\\\/archeological-park-vizula\\\/virtual-reality\\\/#breadcrumb\",\"itemListElement\":[{\"@type\":\"ListItem\",\"position\":1,\"name\":\"Home\",\"item\":\"https:\\\/\\\/www.medulinriviera.info\\\/hr\\\/\"},{\"@type\":\"ListItem\",\"position\":2,\"name\":\"Arheolo\u0161ki park Vi\u017eula\",\"item\":\"https:\\\/\\\/www.medulinriviera.info\\\/hr\\\/archeological-park-vizula\\\/\"},{\"@type\":\"ListItem\",\"position\":3,\"name\":\"Virtualna stvarnost\"}]},{\"@type\":\"WebSite\",\"@id\":\"https:\\\/\\\/www.medulinriviera.info\\\/hr\\\/#website\",\"url\":\"https:\\\/\\\/www.medulinriviera.info\\\/hr\\\/\",\"name\":\"Medulin Riviera\",\"description\":\"Plavi planet\",\"publisher\":{\"@id\":\"https:\\\/\\\/www.medulinriviera.info\\\/hr\\\/#organization\"},\"potentialAction\":[{\"@type\":\"SearchAction\",\"target\":{\"@type\":\"EntryPoint\",\"urlTemplate\":\"https:\\\/\\\/www.medulinriviera.info\\\/hr\\\/?s={search_term_string}\"},\"query-input\":{\"@type\":\"PropertyValueSpecification\",\"valueRequired\":true,\"valueName\":\"search_term_string\"}}],\"inLanguage\":\"hr\"},{\"@type\":\"Organization\",\"@id\":\"https:\\\/\\\/www.medulinriviera.info\\\/hr\\\/#organization\",\"name\":\"Medulin Riviera\",\"url\":\"https:\\\/\\\/www.medulinriviera.info\\\/hr\\\/\",\"logo\":{\"@type\":\"ImageObject\",\"inLanguage\":\"hr\",\"@id\":\"https:\\\/\\\/www.medulinriviera.info\\\/hr\\\/#\\\/schema\\\/logo\\\/image\\\/\",\"url\":\"https:\\\/\\\/www.medulinriviera.info\\\/wp-content\\\/uploads\\\/2020\\\/06\\\/logo-alt.png\",\"contentUrl\":\"https:\\\/\\\/www.medulinriviera.info\\\/wp-content\\\/uploads\\\/2020\\\/06\\\/logo-alt.png\",\"width\":264,\"height\":78,\"caption\":\"Medulin Riviera\"},\"image\":{\"@id\":\"https:\\\/\\\/www.medulinriviera.info\\\/hr\\\/#\\\/schema\\\/logo\\\/image\\\/\"},\"sameAs\":[\"https:\\\/\\\/www.facebook.com\\\/medulinriviera\\\/\",\"https:\\\/\\\/www.instagram.com\\\/medulinriviera\\\/\",\"https:\\\/\\\/www.youtube.com\\\/channel\\\/UCYdC8kYbK9OEmlmeZydpumQ\"]}]}<\/script>\n<!-- \/ Yoast SEO plugin. -->","yoast_head_json":{"title":"Virtualna stvarnost - Medulin Riviera","robots":{"index":"index","follow":"follow","max-snippet":"max-snippet:-1","max-image-preview":"max-image-preview:large","max-video-preview":"max-video-preview:-1"},"canonical":"https:\/\/www.medulinriviera.info\/hr\/archeological-park-vizula\/virtual-reality\/","og_locale":"hr_HR","og_type":"article","og_title":"Virtualna stvarnost - Medulin Riviera","og_description":"Zdanja u kojima su bogati Rimljani na Vi\u017euli rasko\u0161no \u017eivjeli i u\u017eivali u svim onodobnim blagodatima kulture, umjetnosti, znanosti, gastronomije,...","og_url":"https:\/\/www.medulinriviera.info\/hr\/archeological-park-vizula\/virtual-reality\/","og_site_name":"Medulin Riviera","article_publisher":"https:\/\/www.facebook.com\/medulinriviera\/","article_modified_time":"2025-07-10T13:29:09+00:00","og_image":[{"width":800,"height":533,"url":"https:\/\/www.medulinriviera.info\/wp-content\/uploads\/2020\/06\/virtual-1.jpg","type":"image\/jpeg"}],"twitter_card":"summary_large_image","twitter_misc":{"Procijenjeno vrijeme \u010ditanja":"2 minute"},"schema":{"@context":"https:\/\/schema.org","@graph":[{"@type":"WebPage","@id":"https:\/\/www.medulinriviera.info\/hr\/archeological-park-vizula\/virtual-reality\/","url":"https:\/\/www.medulinriviera.info\/hr\/archeological-park-vizula\/virtual-reality\/","name":"Virtualna stvarnost - Medulin Riviera","isPartOf":{"@id":"https:\/\/www.medulinriviera.info\/hr\/#website"},"primaryImageOfPage":{"@id":"https:\/\/www.medulinriviera.info\/hr\/archeological-park-vizula\/virtual-reality\/#primaryimage"},"image":{"@id":"https:\/\/www.medulinriviera.info\/hr\/archeological-park-vizula\/virtual-reality\/#primaryimage"},"thumbnailUrl":"https:\/\/www.medulinriviera.info\/wp-content\/uploads\/2020\/06\/virtual-1.jpg","datePublished":"2020-06-04T07:50:17+00:00","dateModified":"2025-07-10T13:29:09+00:00","breadcrumb":{"@id":"https:\/\/www.medulinriviera.info\/hr\/archeological-park-vizula\/virtual-reality\/#breadcrumb"},"inLanguage":"hr","potentialAction":[{"@type":"ReadAction","target":["https:\/\/www.medulinriviera.info\/hr\/archeological-park-vizula\/virtual-reality\/"]}]},{"@type":"ImageObject","inLanguage":"hr","@id":"https:\/\/www.medulinriviera.info\/hr\/archeological-park-vizula\/virtual-reality\/#primaryimage","url":"https:\/\/www.medulinriviera.info\/wp-content\/uploads\/2020\/06\/virtual-1.jpg","contentUrl":"https:\/\/www.medulinriviera.info\/wp-content\/uploads\/2020\/06\/virtual-1.jpg","width":800,"height":533},{"@type":"BreadcrumbList","@id":"https:\/\/www.medulinriviera.info\/hr\/archeological-park-vizula\/virtual-reality\/#breadcrumb","itemListElement":[{"@type":"ListItem","position":1,"name":"Home","item":"https:\/\/www.medulinriviera.info\/hr\/"},{"@type":"ListItem","position":2,"name":"Arheolo\u0161ki park Vi\u017eula","item":"https:\/\/www.medulinriviera.info\/hr\/archeological-park-vizula\/"},{"@type":"ListItem","position":3,"name":"Virtualna stvarnost"}]},{"@type":"WebSite","@id":"https:\/\/www.medulinriviera.info\/hr\/#website","url":"https:\/\/www.medulinriviera.info\/hr\/","name":"Medulin Riviera","description":"Plavi planet","publisher":{"@id":"https:\/\/www.medulinriviera.info\/hr\/#organization"},"potentialAction":[{"@type":"SearchAction","target":{"@type":"EntryPoint","urlTemplate":"https:\/\/www.medulinriviera.info\/hr\/?s={search_term_string}"},"query-input":{"@type":"PropertyValueSpecification","valueRequired":true,"valueName":"search_term_string"}}],"inLanguage":"hr"},{"@type":"Organization","@id":"https:\/\/www.medulinriviera.info\/hr\/#organization","name":"Medulin Riviera","url":"https:\/\/www.medulinriviera.info\/hr\/","logo":{"@type":"ImageObject","inLanguage":"hr","@id":"https:\/\/www.medulinriviera.info\/hr\/#\/schema\/logo\/image\/","url":"https:\/\/www.medulinriviera.info\/wp-content\/uploads\/2020\/06\/logo-alt.png","contentUrl":"https:\/\/www.medulinriviera.info\/wp-content\/uploads\/2020\/06\/logo-alt.png","width":264,"height":78,"caption":"Medulin Riviera"},"image":{"@id":"https:\/\/www.medulinriviera.info\/hr\/#\/schema\/logo\/image\/"},"sameAs":["https:\/\/www.facebook.com\/medulinriviera\/","https:\/\/www.instagram.com\/medulinriviera\/","https:\/\/www.youtube.com\/channel\/UCYdC8kYbK9OEmlmeZydpumQ"]}]}},"wpml_current_locale":"hr","wpml_translations":[{"locale":"en_US","id":10306,"post_title":"Virtual reality","href":"https:\/\/www.medulinriviera.info\/archeological-park-vizula\/virtual-reality\/"},{"locale":"fr_FR","id":11175,"post_title":"R\u00e9alit\u00e9 virtuelle","href":"https:\/\/www.medulinriviera.info\/fr\/archeological-park-vizula\/virtual-reality\/"},{"locale":"de_DE","id":11176,"post_title":"Virtuelle Realit\u00e4t","href":"https:\/\/www.medulinriviera.info\/de\/archeological-park-vizula\/virtual-reality\/"},{"locale":"it_IT","id":11177,"post_title":"Realt\u00e0 virtuale","href":"https:\/\/www.medulinriviera.info\/it\/archeological-park-vizula\/virtual-reality\/"},{"locale":"sl_SI","id":11178,"post_title":"Virtual reality","href":"https:\/\/www.medulinriviera.info\/sl\/archeological-park-vizula\/virtual-reality\/"}],"_links":{"self":[{"href":"https:\/\/www.medulinriviera.info\/hr\/wp-json\/wp\/v2\/pages\/11174","targetHints":{"allow":["GET"]}}],"collection":[{"href":"https:\/\/www.medulinriviera.info\/hr\/wp-json\/wp\/v2\/pages"}],"about":[{"href":"https:\/\/www.medulinriviera.info\/hr\/wp-json\/wp\/v2\/types\/page"}],"author":[{"embeddable":true,"href":"https:\/\/www.medulinriviera.info\/hr\/wp-json\/wp\/v2\/users\/1"}],"replies":[{"embeddable":true,"href":"https:\/\/www.medulinriviera.info\/hr\/wp-json\/wp\/v2\/comments?post=11174"}],"version-history":[{"count":1,"href":"https:\/\/www.medulinriviera.info\/hr\/wp-json\/wp\/v2\/pages\/11174\/revisions"}],"predecessor-version":[{"id":36507,"href":"https:\/\/www.medulinriviera.info\/hr\/wp-json\/wp\/v2\/pages\/11174\/revisions\/36507"}],"up":[{"embeddable":true,"href":"https:\/\/www.medulinriviera.info\/hr\/wp-json\/wp\/v2\/pages\/10858"}],"wp:featuredmedia":[{"embeddable":true,"href":"https:\/\/www.medulinriviera.info\/hr\/wp-json\/wp\/v2\/media\/11005"}],"wp:attachment":[{"href":"https:\/\/www.medulinriviera.info\/hr\/wp-json\/wp\/v2\/media?parent=11174"}],"wp:term":[{"taxonomy":"classificator","embeddable":true,"href":"https:\/\/www.medulinriviera.info\/hr\/wp-json\/wp\/v2\/classificator?post=11174"}],"curies":[{"name":"wp","href":"https:\/\/api.w.org\/{rel}","templated":true}]}}