{"id":10858,"date":"2020-06-03T13:39:27","date_gmt":"2020-06-03T11:39:27","guid":{"rendered":"http:\/\/www.medulinriviera.info\/archeological-park-vizula\/"},"modified":"2025-09-10T12:53:29","modified_gmt":"2025-09-10T10:53:29","slug":"archeological-park-vizula","status":"publish","type":"page","link":"https:\/\/www.medulinriviera.info\/hr\/archeological-park-vizula\/","title":{"rendered":"Arheolo\u0161ki park Vi\u017eula"},"content":{"rendered":"\n<h3 class=\"wp-block-heading\">DOBRO DO\u0160LI NA VI\u017dULU, PROSTOR SJAJNE ANTI\u010cKE PRO\u0160LOSTI<\/h3>\n\n\n\n<p>Nekad ribarsko mjesto, Medulin danas s gotovo pola milijuna turisti\u010dkih gostiju godi\u0161nje, koji dolaze iz cijeloga svijeta, spada me\u0111u \u0161ampione hrvatskog turizma. Nadomak turisti\u010dke vreve, u samom srcu Medulina, nalazi se poluotok Vi\u017eula, mjesto smiraja i bogate tisu\u0107ljetne pro\u0161losti. Tu je ure\u0111en novi multimedijalni arheolo\u0161ki park u sklopu projekta \u201eArheolo\u0161ki park Vi\u017eula\u201c.<\/p>\n\n\n\n<figure class=\"wp-block-image size-large is-resized\"><img loading=\"lazy\" decoding=\"async\" width=\"800\" height=\"533\" src=\"http:\/\/www.medulinriviera.info\/wp-content\/uploads\/2020\/06\/tzom_vizula1.jpg\" alt=\"\" class=\"wp-image-10864\" style=\"width:800px;height:533px\" srcset=\"https:\/\/www.medulinriviera.info\/wp-content\/uploads\/2020\/06\/tzom_vizula1.jpg 800w, https:\/\/www.medulinriviera.info\/wp-content\/uploads\/2020\/06\/tzom_vizula1-300x200.jpg 300w, https:\/\/www.medulinriviera.info\/wp-content\/uploads\/2020\/06\/tzom_vizula1-768x512.jpg 768w\" sizes=\"auto, (max-width: 800px) 100vw, 800px\" \/><\/figure>\n\n\n\n<div class=\"wp-block-columns is-layout-flex wp-container-core-columns-is-layout-9d6595d7 wp-block-columns-is-layout-flex\">\n<div class=\"wp-block-column is-layout-flow wp-block-column-is-layout-flow\" style=\"flex-basis:66.66%\">\n<p>Arheolo\u0161ki tragovi na ovom prostoru povr\u0161ine 24 hektara se\u017eu od neolitika do kasne antike i ranog srednjeg vijeka, a ono po \u010demu je Vi\u017eula poznata u me\u0111unarodnim okvirima je otkri\u0107e anti\u010dke vile koja svojim impozantnim dimenzijama, monumentalnom arhitekturom i bogatstvom ukrasa, ljepotom mozaika i najfinijeg mramora, spada me\u0111u najljep\u0161e, najve\u0107e i najluksuznije maritimno-rezidencijske vile rimskog carskog doba na isto\u010dnoj obali Jadrana.<\/p>\n\n\n\n<figure class=\"wp-block-image size-large is-resized\"><img loading=\"lazy\" decoding=\"async\" width=\"800\" height=\"533\" src=\"http:\/\/www.medulinriviera.info\/wp-content\/uploads\/2020\/06\/7_sebo.jpg\" alt=\"\" class=\"wp-image-10870\" style=\"width:800px;height:533px\" srcset=\"https:\/\/www.medulinriviera.info\/wp-content\/uploads\/2020\/06\/7_sebo.jpg 800w, https:\/\/www.medulinriviera.info\/wp-content\/uploads\/2020\/06\/7_sebo-300x200.jpg 300w, https:\/\/www.medulinriviera.info\/wp-content\/uploads\/2020\/06\/7_sebo-768x512.jpg 768w\" sizes=\"auto, (max-width: 800px) 100vw, 800px\" \/><\/figure>\n\n\n\n<p>Sustavna i studiozna arheolo\u0161ka istra\u017eivanja ovog prostora i bogatstvo otkrivenih nalaza potvr\u0111uju da je medulinska Vi\u017eula u svom najsjajnijem periodu rimskog doba bila mjesto iznimno luksuznog \u017eivljenja, odmora i u\u017eivanja njenih stanovnika. Sve su \u010dvr\u0161\u0107e pretpostavke da su u luksuznoj vili na Vi\u017euli, koja je poznata i kao Krispova vila, \u017eivjeli pripadnici carske obitelji, a mo\u017eda i sam Krispo, sin cara Konstantina, o kojem su legende i danas \u017eive.<\/p>\n\n\n\n<figure class=\"wp-block-image size-large is-resized\"><img loading=\"lazy\" decoding=\"async\" width=\"800\" height=\"533\" src=\"http:\/\/www.medulinriviera.info\/wp-content\/uploads\/2020\/06\/22_sebo.jpg\" alt=\"\" class=\"wp-image-10876\" style=\"width:800px;height:533px\" srcset=\"https:\/\/www.medulinriviera.info\/wp-content\/uploads\/2020\/06\/22_sebo.jpg 800w, https:\/\/www.medulinriviera.info\/wp-content\/uploads\/2020\/06\/22_sebo-300x200.jpg 300w, https:\/\/www.medulinriviera.info\/wp-content\/uploads\/2020\/06\/22_sebo-768x512.jpg 768w\" sizes=\"auto, (max-width: 800px) 100vw, 800px\" \/><\/figure>\n\n\n\n<p>U sklopu Arheolo\u0161kog parka Vi\u017eula, koji je zami\u0161ljen da u njemu u\u017eivaju i odrasli i djeca, nalaze se dva ugostiteljska objekta, dje\u010dja igrali\u0161ta, adrenalinski park, u kamenolomu je postavljena pozornica za razli\u010dite evente, a mo\u017ee se razgledati i anti\u010dki vrt. Sve informacije mogu se dobiti odmah na ulazu, na info-punktu, gdje se mogu unajmiti i tableti pomo\u0107u kojih \u0107e se u\u017eivati u vizualizacijama o\u017eivljenoj rasko\u0161noj anti\u010dkoj vili i njenim pojedinim segmentima. Osim toga, u parku su postavljene pametne klupe, e-stablo te hot-spot to\u010dka, brojne informativne plo\u010de (i na brajici) te taktilna mapa kru\u017enog oblika. Cijeli poluotok je pod videonadzorom.<\/p>\n\n\n\n<p><strong>Radno vrijeme Info punkta na ulazu<\/strong>:<br><br>od 1. srpnja do 30. rujna 2025:<br>Pon.-Pet. od 8 &#8211; 21 h<br>Sub. i Ned. od 8-15 h<\/p>\n\n\n\n<p><\/p>\n\n\n\n<h3 class=\"wp-block-heading\">Dobro do\u0161li na Vi\u017eulu,<\/h3>\n\n\n\n<p>pro\u0161e\u0107ite prostorom sjajne anti\u010dke pro\u0161losti, udahnite mediteransko ozra\u010dje carskog Rima, odmorite se i zagledajte se u \u017eive slike tisu\u0107ljetne arheolo\u0161ke povijesti. Jer, do\u017eivljaj Vi\u017eule je blagotvoran, ona oplemenjuje i oboga\u0107uje iskustvo!<\/p>\n<\/div>\n\n\n\n<div class=\"wp-block-column is-layout-flow wp-block-column-is-layout-flow\" style=\"flex-basis:33.33%\">\n<div class=\"wp-block-group\"><div class=\"wp-block-group__inner-container is-layout-flow wp-block-group-is-layout-flow\">\n<div class=\"wp-block-group p-3 has-very-light-gray-background-color has-background\"><div class=\"wp-block-group__inner-container is-layout-flow wp-block-group-is-layout-flow\">\n<p>Op\u0107ina Medulin je 2016. godine prijavila projekt \u201eArheolo\u0161ki park Vi\u017eula\u201c na natje\u010daj Europskog fonda za regionalni razvoj pod nazivom \u201ePriprema i provedba&nbsp;Integriranih razvojnih programa temeljenih na obnovi kulturne ba\u0161tine.\u201c Nositelj projekta je Op\u0107ina Medulin, a partneri su Turisti\u010dka zajednica Medulina, Institut dru\u0161tvenih znanosti \u201eIvo Pilar\u201c, Sveu\u010dili\u0161te Jurja Dobrile u Puli \u2013 Fakultet ekonomije i turizma \u201eDr. Mijo Mirkovi\u0107\u201c, Hrvatski restauratorski zavod te Javna ustanova Kamenjak.<\/p>\n\n\n\n<p>Cilj projekta je da u mirnom prirodnom okru\u017eju kroz tematski povezana ulaganja posjetiteljima ponudi iskonski dodir i u\u017eitak u o\u017eivljenom duhu pro\u0161lih anti\u010dkih vremena te kroz valorizaciju i obnovu kulturne ba\u0161tine doprinese odr\u017eivom dru\u0161tveno-gospodarskom razvoju Medulina kao prepoznatljivog odredi\u0161ta kulturnog i povijesnog turizma.<\/p>\n\n\n\n<p>U sklopu projekta, koji je slu\u017ebeno po\u010deo 1. rujna 2017., a traje do 1. rujna 2019. godine, planirano je obnovom, prezentacijom i promocijom primjereno valorizirati arheolo\u0161ko nalazi\u0161te te atraktivnim kulturno-turisti\u010dkim i edukativnim sadr\u017eajima pove\u0107ati broj posjetitelja i produ\u017eiti turisti\u010dku sezonu. Tako\u0111er, razvojem sustava upravljanja te ulaganjem u infrastrukturu i popratne sadr\u017eaje Arheolo\u0161kog parka Vi\u017eula namjerava se potaknuti otvaranje novih radnih mjesta te privu\u0107i male i srednje poduzetnike.<\/p>\n\n\n\n<p>Ukupna vrijednost projekta, za koji je ugovor o dodjeli bespovratnih sredstava potpisan 27. travnja 2017. godine, iznosi 19.645.579,23 kune, od \u010dega je iz Europskog fonda za regionalni razvoj odobreno 16.040.624,19 kuna. Projektom je obuhva\u0107eno ulaganje u za\u0161titu, obnovu, revitalizaciju i interpretaciju kopnenih i podvodnih arheolo\u0161kih nalazi\u0161ta, ure\u0111enje i opremanje \u0161etnice kao i razvoj kulturnih i turisti\u010dkih sadr\u017eaja za posjetitelje utemeljenih na kulturnoj ba\u0161tini. Osim toga, tu su i edukacije o odr\u017eivom upravljanju i prezentaciji kulturne ba\u0161tine te brendiranje, marketing i promocija Arheolo\u0161kog parka Vi\u017eula, ali i cjelokupne destinacije.<\/p>\n<\/div><\/div>\n<\/div><\/div>\n\n\n\n<p><\/p>\n<\/div>\n<\/div>\n","protected":false},"excerpt":{"rendered":"<p>DOBRO DO\u0160LI NA VI\u017dULU, PROSTOR SJAJNE ANTI\u010cKE PRO\u0160LOSTI Nekad ribarsko mjesto, Medulin danas s gotovo pola milijuna turisti\u010dkih gostiju godi\u0161nje,&#8230;<\/p>\n","protected":false},"author":1,"featured_media":9865,"parent":0,"menu_order":0,"comment_status":"closed","ping_status":"closed","template":"tpl-vizula.php","meta":{"_acf_changed":false,"footnotes":""},"classificator":[],"class_list":["post-10858","page","type-page","status-publish","has-post-thumbnail","hentry"],"acf":{"video":"","gallery":[11157,11151,11145,11139,11133,11127,11121,10935,11005,10994,10987,10968,10962,10954,10941,10928,10919,10876,10870,10864]},"yoast_head":"<!-- This site is optimized with the Yoast SEO plugin v27.5 - https:\/\/yoast.com\/product\/yoast-seo-wordpress\/ -->\n<title>Arheolo\u0161ki park Vi\u017eula - Medulin Riviera<\/title>\n<meta name=\"robots\" content=\"index, follow, max-snippet:-1, max-image-preview:large, max-video-preview:-1\" \/>\n<link rel=\"canonical\" href=\"https:\/\/www.medulinriviera.info\/hr\/archeological-park-vizula\/\" \/>\n<meta property=\"og:locale\" content=\"hr_HR\" \/>\n<meta property=\"og:type\" content=\"article\" \/>\n<meta property=\"og:title\" content=\"Arheolo\u0161ki park Vi\u017eula - Medulin Riviera\" \/>\n<meta property=\"og:description\" content=\"DOBRO DO\u0160LI NA VI\u017dULU, PROSTOR SJAJNE ANTI\u010cKE PRO\u0160LOSTI Nekad ribarsko mjesto, Medulin danas s gotovo pola milijuna turisti\u010dkih gostiju godi\u0161nje,...\" \/>\n<meta property=\"og:url\" content=\"https:\/\/www.medulinriviera.info\/hr\/archeological-park-vizula\/\" \/>\n<meta property=\"og:site_name\" content=\"Medulin Riviera\" \/>\n<meta property=\"article:publisher\" content=\"https:\/\/www.facebook.com\/medulinriviera\/\" \/>\n<meta property=\"article:modified_time\" content=\"2025-09-10T10:53:29+00:00\" \/>\n<meta property=\"og:image\" content=\"https:\/\/www.medulinriviera.info\/wp-content\/uploads\/2020\/06\/villa-vizula.jpg\" \/>\n\t<meta property=\"og:image:width\" content=\"1500\" \/>\n\t<meta property=\"og:image:height\" content=\"900\" \/>\n\t<meta property=\"og:image:type\" content=\"image\/jpeg\" \/>\n<meta name=\"twitter:card\" content=\"summary_large_image\" \/>\n<meta name=\"twitter:label1\" content=\"Procijenjeno vrijeme \u010ditanja\" \/>\n\t<meta name=\"twitter:data1\" content=\"5 minuta\" \/>\n<script type=\"application\/ld+json\" class=\"yoast-schema-graph\">{\"@context\":\"https:\\\/\\\/schema.org\",\"@graph\":[{\"@type\":\"WebPage\",\"@id\":\"https:\\\/\\\/www.medulinriviera.info\\\/hr\\\/archeological-park-vizula\\\/\",\"url\":\"https:\\\/\\\/www.medulinriviera.info\\\/hr\\\/archeological-park-vizula\\\/\",\"name\":\"Arheolo\u0161ki park Vi\u017eula - Medulin Riviera\",\"isPartOf\":{\"@id\":\"https:\\\/\\\/www.medulinriviera.info\\\/hr\\\/#website\"},\"primaryImageOfPage\":{\"@id\":\"https:\\\/\\\/www.medulinriviera.info\\\/hr\\\/archeological-park-vizula\\\/#primaryimage\"},\"image\":{\"@id\":\"https:\\\/\\\/www.medulinriviera.info\\\/hr\\\/archeological-park-vizula\\\/#primaryimage\"},\"thumbnailUrl\":\"https:\\\/\\\/www.medulinriviera.info\\\/wp-content\\\/uploads\\\/2020\\\/06\\\/villa-vizula.jpg\",\"datePublished\":\"2020-06-03T11:39:27+00:00\",\"dateModified\":\"2025-09-10T10:53:29+00:00\",\"breadcrumb\":{\"@id\":\"https:\\\/\\\/www.medulinriviera.info\\\/hr\\\/archeological-park-vizula\\\/#breadcrumb\"},\"inLanguage\":\"hr\",\"potentialAction\":[{\"@type\":\"ReadAction\",\"target\":[\"https:\\\/\\\/www.medulinriviera.info\\\/hr\\\/archeological-park-vizula\\\/\"]}]},{\"@type\":\"ImageObject\",\"inLanguage\":\"hr\",\"@id\":\"https:\\\/\\\/www.medulinriviera.info\\\/hr\\\/archeological-park-vizula\\\/#primaryimage\",\"url\":\"https:\\\/\\\/www.medulinriviera.info\\\/wp-content\\\/uploads\\\/2020\\\/06\\\/villa-vizula.jpg\",\"contentUrl\":\"https:\\\/\\\/www.medulinriviera.info\\\/wp-content\\\/uploads\\\/2020\\\/06\\\/villa-vizula.jpg\",\"width\":1500,\"height\":900},{\"@type\":\"BreadcrumbList\",\"@id\":\"https:\\\/\\\/www.medulinriviera.info\\\/hr\\\/archeological-park-vizula\\\/#breadcrumb\",\"itemListElement\":[{\"@type\":\"ListItem\",\"position\":1,\"name\":\"Home\",\"item\":\"https:\\\/\\\/www.medulinriviera.info\\\/hr\\\/\"},{\"@type\":\"ListItem\",\"position\":2,\"name\":\"Arheolo\u0161ki park Vi\u017eula\"}]},{\"@type\":\"WebSite\",\"@id\":\"https:\\\/\\\/www.medulinriviera.info\\\/hr\\\/#website\",\"url\":\"https:\\\/\\\/www.medulinriviera.info\\\/hr\\\/\",\"name\":\"Medulin Riviera\",\"description\":\"Plavi planet\",\"publisher\":{\"@id\":\"https:\\\/\\\/www.medulinriviera.info\\\/hr\\\/#organization\"},\"potentialAction\":[{\"@type\":\"SearchAction\",\"target\":{\"@type\":\"EntryPoint\",\"urlTemplate\":\"https:\\\/\\\/www.medulinriviera.info\\\/hr\\\/?s={search_term_string}\"},\"query-input\":{\"@type\":\"PropertyValueSpecification\",\"valueRequired\":true,\"valueName\":\"search_term_string\"}}],\"inLanguage\":\"hr\"},{\"@type\":\"Organization\",\"@id\":\"https:\\\/\\\/www.medulinriviera.info\\\/hr\\\/#organization\",\"name\":\"Medulin Riviera\",\"url\":\"https:\\\/\\\/www.medulinriviera.info\\\/hr\\\/\",\"logo\":{\"@type\":\"ImageObject\",\"inLanguage\":\"hr\",\"@id\":\"https:\\\/\\\/www.medulinriviera.info\\\/hr\\\/#\\\/schema\\\/logo\\\/image\\\/\",\"url\":\"https:\\\/\\\/www.medulinriviera.info\\\/wp-content\\\/uploads\\\/2020\\\/06\\\/logo-alt.png\",\"contentUrl\":\"https:\\\/\\\/www.medulinriviera.info\\\/wp-content\\\/uploads\\\/2020\\\/06\\\/logo-alt.png\",\"width\":264,\"height\":78,\"caption\":\"Medulin Riviera\"},\"image\":{\"@id\":\"https:\\\/\\\/www.medulinriviera.info\\\/hr\\\/#\\\/schema\\\/logo\\\/image\\\/\"},\"sameAs\":[\"https:\\\/\\\/www.facebook.com\\\/medulinriviera\\\/\",\"https:\\\/\\\/www.instagram.com\\\/medulinriviera\\\/\",\"https:\\\/\\\/www.youtube.com\\\/channel\\\/UCYdC8kYbK9OEmlmeZydpumQ\"]}]}<\/script>\n<!-- \/ Yoast SEO plugin. -->","yoast_head_json":{"title":"Arheolo\u0161ki park Vi\u017eula - Medulin Riviera","robots":{"index":"index","follow":"follow","max-snippet":"max-snippet:-1","max-image-preview":"max-image-preview:large","max-video-preview":"max-video-preview:-1"},"canonical":"https:\/\/www.medulinriviera.info\/hr\/archeological-park-vizula\/","og_locale":"hr_HR","og_type":"article","og_title":"Arheolo\u0161ki park Vi\u017eula - Medulin Riviera","og_description":"DOBRO DO\u0160LI NA VI\u017dULU, PROSTOR SJAJNE ANTI\u010cKE PRO\u0160LOSTI Nekad ribarsko mjesto, Medulin danas s gotovo pola milijuna turisti\u010dkih gostiju godi\u0161nje,...","og_url":"https:\/\/www.medulinriviera.info\/hr\/archeological-park-vizula\/","og_site_name":"Medulin Riviera","article_publisher":"https:\/\/www.facebook.com\/medulinriviera\/","article_modified_time":"2025-09-10T10:53:29+00:00","og_image":[{"width":1500,"height":900,"url":"https:\/\/www.medulinriviera.info\/wp-content\/uploads\/2020\/06\/villa-vizula.jpg","type":"image\/jpeg"}],"twitter_card":"summary_large_image","twitter_misc":{"Procijenjeno vrijeme \u010ditanja":"5 minuta"},"schema":{"@context":"https:\/\/schema.org","@graph":[{"@type":"WebPage","@id":"https:\/\/www.medulinriviera.info\/hr\/archeological-park-vizula\/","url":"https:\/\/www.medulinriviera.info\/hr\/archeological-park-vizula\/","name":"Arheolo\u0161ki park Vi\u017eula - Medulin Riviera","isPartOf":{"@id":"https:\/\/www.medulinriviera.info\/hr\/#website"},"primaryImageOfPage":{"@id":"https:\/\/www.medulinriviera.info\/hr\/archeological-park-vizula\/#primaryimage"},"image":{"@id":"https:\/\/www.medulinriviera.info\/hr\/archeological-park-vizula\/#primaryimage"},"thumbnailUrl":"https:\/\/www.medulinriviera.info\/wp-content\/uploads\/2020\/06\/villa-vizula.jpg","datePublished":"2020-06-03T11:39:27+00:00","dateModified":"2025-09-10T10:53:29+00:00","breadcrumb":{"@id":"https:\/\/www.medulinriviera.info\/hr\/archeological-park-vizula\/#breadcrumb"},"inLanguage":"hr","potentialAction":[{"@type":"ReadAction","target":["https:\/\/www.medulinriviera.info\/hr\/archeological-park-vizula\/"]}]},{"@type":"ImageObject","inLanguage":"hr","@id":"https:\/\/www.medulinriviera.info\/hr\/archeological-park-vizula\/#primaryimage","url":"https:\/\/www.medulinriviera.info\/wp-content\/uploads\/2020\/06\/villa-vizula.jpg","contentUrl":"https:\/\/www.medulinriviera.info\/wp-content\/uploads\/2020\/06\/villa-vizula.jpg","width":1500,"height":900},{"@type":"BreadcrumbList","@id":"https:\/\/www.medulinriviera.info\/hr\/archeological-park-vizula\/#breadcrumb","itemListElement":[{"@type":"ListItem","position":1,"name":"Home","item":"https:\/\/www.medulinriviera.info\/hr\/"},{"@type":"ListItem","position":2,"name":"Arheolo\u0161ki park Vi\u017eula"}]},{"@type":"WebSite","@id":"https:\/\/www.medulinriviera.info\/hr\/#website","url":"https:\/\/www.medulinriviera.info\/hr\/","name":"Medulin Riviera","description":"Plavi planet","publisher":{"@id":"https:\/\/www.medulinriviera.info\/hr\/#organization"},"potentialAction":[{"@type":"SearchAction","target":{"@type":"EntryPoint","urlTemplate":"https:\/\/www.medulinriviera.info\/hr\/?s={search_term_string}"},"query-input":{"@type":"PropertyValueSpecification","valueRequired":true,"valueName":"search_term_string"}}],"inLanguage":"hr"},{"@type":"Organization","@id":"https:\/\/www.medulinriviera.info\/hr\/#organization","name":"Medulin Riviera","url":"https:\/\/www.medulinriviera.info\/hr\/","logo":{"@type":"ImageObject","inLanguage":"hr","@id":"https:\/\/www.medulinriviera.info\/hr\/#\/schema\/logo\/image\/","url":"https:\/\/www.medulinriviera.info\/wp-content\/uploads\/2020\/06\/logo-alt.png","contentUrl":"https:\/\/www.medulinriviera.info\/wp-content\/uploads\/2020\/06\/logo-alt.png","width":264,"height":78,"caption":"Medulin Riviera"},"image":{"@id":"https:\/\/www.medulinriviera.info\/hr\/#\/schema\/logo\/image\/"},"sameAs":["https:\/\/www.facebook.com\/medulinriviera\/","https:\/\/www.instagram.com\/medulinriviera\/","https:\/\/www.youtube.com\/channel\/UCYdC8kYbK9OEmlmeZydpumQ"]}]}},"wpml_current_locale":"hr","wpml_translations":[{"locale":"en_US","id":9811,"post_title":"Archeological Park Vi\u017eula","href":"https:\/\/www.medulinriviera.info\/archeological-park-vizula\/"},{"locale":"fr_FR","id":10859,"post_title":"Parc arch\u00e9ologique Vi\u017eula","href":"https:\/\/www.medulinriviera.info\/fr\/archeological-park-vizula\/"},{"locale":"de_DE","id":10860,"post_title":"Arch\u00e4ologischer Park Vi\u017eula","href":"https:\/\/www.medulinriviera.info\/de\/archeological-park-vizula\/"},{"locale":"it_IT","id":10861,"post_title":"Parco archeologico Vi\u017eula","href":"https:\/\/www.medulinriviera.info\/it\/archeological-park-vizula\/"},{"locale":"sl_SI","id":10862,"post_title":"Archeological Park Vi\u017eula","href":"https:\/\/www.medulinriviera.info\/sl\/archeological-park-vizula\/"}],"_links":{"self":[{"href":"https:\/\/www.medulinriviera.info\/hr\/wp-json\/wp\/v2\/pages\/10858","targetHints":{"allow":["GET"]}}],"collection":[{"href":"https:\/\/www.medulinriviera.info\/hr\/wp-json\/wp\/v2\/pages"}],"about":[{"href":"https:\/\/www.medulinriviera.info\/hr\/wp-json\/wp\/v2\/types\/page"}],"author":[{"embeddable":true,"href":"https:\/\/www.medulinriviera.info\/hr\/wp-json\/wp\/v2\/users\/1"}],"replies":[{"embeddable":true,"href":"https:\/\/www.medulinriviera.info\/hr\/wp-json\/wp\/v2\/comments?post=10858"}],"version-history":[{"count":7,"href":"https:\/\/www.medulinriviera.info\/hr\/wp-json\/wp\/v2\/pages\/10858\/revisions"}],"predecessor-version":[{"id":37287,"href":"https:\/\/www.medulinriviera.info\/hr\/wp-json\/wp\/v2\/pages\/10858\/revisions\/37287"}],"acf:attachment":[{"embeddable":true,"href":"https:\/\/www.medulinriviera.info\/hr\/wp-json\/wp\/v2\/media\/10864"},{"embeddable":true,"href":"https:\/\/www.medulinriviera.info\/hr\/wp-json\/wp\/v2\/media\/10870"},{"embeddable":true,"href":"https:\/\/www.medulinriviera.info\/hr\/wp-json\/wp\/v2\/media\/10876"},{"embeddable":true,"href":"https:\/\/www.medulinriviera.info\/hr\/wp-json\/wp\/v2\/media\/10919"},{"embeddable":true,"href":"https:\/\/www.medulinriviera.info\/hr\/wp-json\/wp\/v2\/media\/10928"},{"embeddable":true,"href":"https:\/\/www.medulinriviera.info\/hr\/wp-json\/wp\/v2\/media\/10941"},{"embeddable":true,"href":"https:\/\/www.medulinriviera.info\/hr\/wp-json\/wp\/v2\/media\/10954"},{"embeddable":true,"href":"https:\/\/www.medulinriviera.info\/hr\/wp-json\/wp\/v2\/media\/10962"},{"embeddable":true,"href":"https:\/\/www.medulinriviera.info\/hr\/wp-json\/wp\/v2\/media\/10968"},{"embeddable":true,"href":"https:\/\/www.medulinriviera.info\/hr\/wp-json\/wp\/v2\/media\/10987"},{"embeddable":true,"href":"https:\/\/www.medulinriviera.info\/hr\/wp-json\/wp\/v2\/media\/10994"},{"embeddable":true,"href":"https:\/\/www.medulinriviera.info\/hr\/wp-json\/wp\/v2\/media\/11005"},{"embeddable":true,"href":"https:\/\/www.medulinriviera.info\/hr\/wp-json\/wp\/v2\/media\/10935"},{"embeddable":true,"href":"https:\/\/www.medulinriviera.info\/hr\/wp-json\/wp\/v2\/media\/11121"},{"embeddable":true,"href":"https:\/\/www.medulinriviera.info\/hr\/wp-json\/wp\/v2\/media\/11127"},{"embeddable":true,"href":"https:\/\/www.medulinriviera.info\/hr\/wp-json\/wp\/v2\/media\/11133"},{"embeddable":true,"href":"https:\/\/www.medulinriviera.info\/hr\/wp-json\/wp\/v2\/media\/11139"},{"embeddable":true,"href":"https:\/\/www.medulinriviera.info\/hr\/wp-json\/wp\/v2\/media\/11145"},{"embeddable":true,"href":"https:\/\/www.medulinriviera.info\/hr\/wp-json\/wp\/v2\/media\/11151"},{"embeddable":true,"href":"https:\/\/www.medulinriviera.info\/hr\/wp-json\/wp\/v2\/media\/11157"}],"wp:featuredmedia":[{"embeddable":true,"href":"https:\/\/www.medulinriviera.info\/hr\/wp-json\/wp\/v2\/media\/9865"}],"wp:attachment":[{"href":"https:\/\/www.medulinriviera.info\/hr\/wp-json\/wp\/v2\/media?parent=10858"}],"wp:term":[{"taxonomy":"classificator","embeddable":true,"href":"https:\/\/www.medulinriviera.info\/hr\/wp-json\/wp\/v2\/classificator?post=10858"}],"curies":[{"name":"wp","href":"https:\/\/api.w.org\/{rel}","templated":true}]}}