{"id":10850,"date":"2020-06-04T09:50:45","date_gmt":"2020-06-04T07:50:45","guid":{"rendered":"http:\/\/www.medulinriviera.info\/map\/"},"modified":"2025-07-10T15:56:35","modified_gmt":"2025-07-10T13:56:35","slug":"map","status":"publish","type":"page","link":"https:\/\/www.medulinriviera.info\/hr\/archeological-park-vizula\/map\/","title":{"rendered":"Karta"},"content":{"rendered":"\n<figure class=\"wp-block-image size-large\"><img loading=\"lazy\" decoding=\"async\" width=\"1024\" height=\"724\" src=\"http:\/\/www.medulinriviera.info\/wp-content\/uploads\/2020\/06\/Karta_Viz_ula_GB_DE_page_001-1024x724.jpg\" alt=\"\" class=\"wp-image-10314\" srcset=\"https:\/\/www.medulinriviera.info\/wp-content\/uploads\/2020\/06\/Karta_Viz_ula_GB_DE_page_001-1024x724.jpg 1024w, https:\/\/www.medulinriviera.info\/wp-content\/uploads\/2020\/06\/Karta_Viz_ula_GB_DE_page_001-300x212.jpg 300w, https:\/\/www.medulinriviera.info\/wp-content\/uploads\/2020\/06\/Karta_Viz_ula_GB_DE_page_001-768x543.jpg 768w, https:\/\/www.medulinriviera.info\/wp-content\/uploads\/2020\/06\/Karta_Viz_ula_GB_DE_page_001-1536x1086.jpg 1536w, https:\/\/www.medulinriviera.info\/wp-content\/uploads\/2020\/06\/Karta_Viz_ula_GB_DE_page_001.jpg 1754w\" sizes=\"auto, (max-width: 1024px) 100vw, 1024px\" \/><\/figure>\n\n\n\n<h2 class=\"wp-block-heading\">PRAVILA PONA\u0160ANJA U ARHEOLO\u0160KOM PARKU VI\u017dULA<\/h2>\n\n\n\n<p>Mole se svi posjetitelji Arheolo\u0161kog parka Vi\u017eula da po\u0161tuju pravila pona\u0161anja i prilikom boravka u parku po\u0161tuju prirodnu i kulturnu ba\u0161tinu na lokalitetu.<\/p>\n\n\n\n<p>1. Nije dozvoljen ulazak automobilima i motornim vozilima.<\/p>\n\n\n\n<p>2. Zabranjeno je sidrenje brodica.<\/p>\n\n\n\n<p>3. Zabranjeno je ro\u0161tiljanje i paljenje vatre te bilo kakav otvoreni plamen.<\/p>\n\n\n\n<p>4. Nije dozvoljeno kampiranje i no\u0107enje na podru\u010dju parka.<\/p>\n\n\n\n<p>5. U svrhu za\u0161tite kulturne ba\u0161tine lokaliteta zabranjeno je iskopavanje, o\u0161te\u0107enje i odno\u0161enje bilo kakvih predmeta s arheolo\u0161kih nalazi\u0161ta (u moru ili na kopnu), skakanje po zidovima te bilo kakav oblik devastiranja ba\u0161tine.<\/p>\n\n\n\n<p>6. Nije dozvoljeno branje biljaka iz anti\u010dkog vrta.<\/p>\n\n\n\n<p>7. Strogo je zabranjeno bacanje otpadaka \u2013 kako u moru, tako i na kopnu.<\/p>\n\n\n\n<p>8. Kretanje je posjetiteljima dozvoljeno samo na podru\u010djima, putovima i stazama koje su ozna\u010dene i namijenjene razgledavanju i posje\u0107ivanju.<\/p>\n\n\n\n<p>9. Psima je dopu\u0161ten ulazak u park u pratnji vlasnika i tijekom boravka moraju biti na povocu.<\/p>\n\n\n\n<p>10. Nije dozvoljeno o\u0161te\u0107ivanje informativnih plo\u010da, oznaka, igrala, odmori\u0161ta, klupica, ko\u0161eva i ostale komunalne opreme.<\/p>\n\n\n\n<p>11. Za vrijeme boravka, kretanja i razgledavanja parka posjetitelji su se du\u017eni pridr\u017eavati uputa koje su ispisane na informativnim plo\u010dama te drugim oznakama u parku.<\/p>\n\n\n\n<p>INFO-PUNKT&nbsp;<\/p>\n\n\n\n<p>Radno vrijeme od 8 do 21 h u sezoni (od 1. srpnja do 15. rujna) svaki dan, a izvan sezone po potrebi. Tablet ra\u010dunala mogu se unajmiti na info-punktu.<\/p>\n\n\n\n<p>Cijelo podru\u010dje Arheolo\u0161kog parka Vi\u017eula je pod videonadzorom.<\/p>\n\n\n\n<p>U\u017eivajte u prirodnim i kulturnim ljepotama parka te otkrijte anti\u010dku pro\u0161lost Vi\u017eule!<\/p>\n","protected":false},"excerpt":{"rendered":"<p>PRAVILA PONA\u0160ANJA U ARHEOLO\u0160KOM PARKU VI\u017dULA Mole se svi posjetitelji Arheolo\u0161kog parka Vi\u017eula da po\u0161tuju pravila pona\u0161anja i prilikom boravka&#8230;<\/p>\n","protected":false},"author":1,"featured_media":11115,"parent":10858,"menu_order":15,"comment_status":"closed","ping_status":"closed","template":"tpl-vizula.php","meta":{"_acf_changed":false,"footnotes":""},"classificator":[],"class_list":["post-10850","page","type-page","status-publish","has-post-thumbnail","hentry"],"acf":{"video":"","gallery":""},"yoast_head":"<!-- This site is optimized with the Yoast SEO plugin v27.5 - https:\/\/yoast.com\/product\/yoast-seo-wordpress\/ -->\n<title>Karta - Medulin Riviera<\/title>\n<meta name=\"robots\" content=\"index, follow, max-snippet:-1, max-image-preview:large, max-video-preview:-1\" \/>\n<link rel=\"canonical\" href=\"https:\/\/www.medulinriviera.info\/hr\/archeological-park-vizula\/map\/\" \/>\n<meta property=\"og:locale\" content=\"hr_HR\" \/>\n<meta property=\"og:type\" content=\"article\" \/>\n<meta property=\"og:title\" content=\"Karta - Medulin Riviera\" \/>\n<meta property=\"og:description\" content=\"PRAVILA PONA\u0160ANJA U ARHEOLO\u0160KOM PARKU VI\u017dULA Mole se svi posjetitelji Arheolo\u0161kog parka Vi\u017eula da po\u0161tuju pravila pona\u0161anja i prilikom boravka...\" \/>\n<meta property=\"og:url\" content=\"https:\/\/www.medulinriviera.info\/hr\/archeological-park-vizula\/map\/\" \/>\n<meta property=\"og:site_name\" content=\"Medulin Riviera\" \/>\n<meta property=\"article:publisher\" content=\"https:\/\/www.facebook.com\/medulinriviera\/\" \/>\n<meta property=\"article:modified_time\" content=\"2025-07-10T13:56:35+00:00\" \/>\n<meta property=\"og:image\" content=\"https:\/\/www.medulinriviera.info\/wp-content\/uploads\/2020\/06\/arh_setnja1.jpg\" \/>\n\t<meta property=\"og:image:width\" content=\"800\" \/>\n\t<meta property=\"og:image:height\" content=\"533\" \/>\n\t<meta property=\"og:image:type\" content=\"image\/jpeg\" \/>\n<meta name=\"twitter:card\" content=\"summary_large_image\" \/>\n<meta name=\"twitter:label1\" content=\"Procijenjeno vrijeme \u010ditanja\" \/>\n\t<meta name=\"twitter:data1\" content=\"2 minute\" \/>\n<script type=\"application\/ld+json\" class=\"yoast-schema-graph\">{\"@context\":\"https:\\\/\\\/schema.org\",\"@graph\":[{\"@type\":\"WebPage\",\"@id\":\"https:\\\/\\\/www.medulinriviera.info\\\/hr\\\/archeological-park-vizula\\\/map\\\/\",\"url\":\"https:\\\/\\\/www.medulinriviera.info\\\/hr\\\/archeological-park-vizula\\\/map\\\/\",\"name\":\"Karta - Medulin Riviera\",\"isPartOf\":{\"@id\":\"https:\\\/\\\/www.medulinriviera.info\\\/hr\\\/#website\"},\"primaryImageOfPage\":{\"@id\":\"https:\\\/\\\/www.medulinriviera.info\\\/hr\\\/archeological-park-vizula\\\/map\\\/#primaryimage\"},\"image\":{\"@id\":\"https:\\\/\\\/www.medulinriviera.info\\\/hr\\\/archeological-park-vizula\\\/map\\\/#primaryimage\"},\"thumbnailUrl\":\"https:\\\/\\\/www.medulinriviera.info\\\/wp-content\\\/uploads\\\/2020\\\/06\\\/arh_setnja1.jpg\",\"datePublished\":\"2020-06-04T07:50:45+00:00\",\"dateModified\":\"2025-07-10T13:56:35+00:00\",\"breadcrumb\":{\"@id\":\"https:\\\/\\\/www.medulinriviera.info\\\/hr\\\/archeological-park-vizula\\\/map\\\/#breadcrumb\"},\"inLanguage\":\"hr\",\"potentialAction\":[{\"@type\":\"ReadAction\",\"target\":[\"https:\\\/\\\/www.medulinriviera.info\\\/hr\\\/archeological-park-vizula\\\/map\\\/\"]}]},{\"@type\":\"ImageObject\",\"inLanguage\":\"hr\",\"@id\":\"https:\\\/\\\/www.medulinriviera.info\\\/hr\\\/archeological-park-vizula\\\/map\\\/#primaryimage\",\"url\":\"https:\\\/\\\/www.medulinriviera.info\\\/wp-content\\\/uploads\\\/2020\\\/06\\\/arh_setnja1.jpg\",\"contentUrl\":\"https:\\\/\\\/www.medulinriviera.info\\\/wp-content\\\/uploads\\\/2020\\\/06\\\/arh_setnja1.jpg\",\"width\":800,\"height\":533},{\"@type\":\"BreadcrumbList\",\"@id\":\"https:\\\/\\\/www.medulinriviera.info\\\/hr\\\/archeological-park-vizula\\\/map\\\/#breadcrumb\",\"itemListElement\":[{\"@type\":\"ListItem\",\"position\":1,\"name\":\"Home\",\"item\":\"https:\\\/\\\/www.medulinriviera.info\\\/hr\\\/\"},{\"@type\":\"ListItem\",\"position\":2,\"name\":\"Arheolo\u0161ki park Vi\u017eula\",\"item\":\"https:\\\/\\\/www.medulinriviera.info\\\/hr\\\/archeological-park-vizula\\\/\"},{\"@type\":\"ListItem\",\"position\":3,\"name\":\"Karta\"}]},{\"@type\":\"WebSite\",\"@id\":\"https:\\\/\\\/www.medulinriviera.info\\\/hr\\\/#website\",\"url\":\"https:\\\/\\\/www.medulinriviera.info\\\/hr\\\/\",\"name\":\"Medulin Riviera\",\"description\":\"Plavi planet\",\"publisher\":{\"@id\":\"https:\\\/\\\/www.medulinriviera.info\\\/hr\\\/#organization\"},\"potentialAction\":[{\"@type\":\"SearchAction\",\"target\":{\"@type\":\"EntryPoint\",\"urlTemplate\":\"https:\\\/\\\/www.medulinriviera.info\\\/hr\\\/?s={search_term_string}\"},\"query-input\":{\"@type\":\"PropertyValueSpecification\",\"valueRequired\":true,\"valueName\":\"search_term_string\"}}],\"inLanguage\":\"hr\"},{\"@type\":\"Organization\",\"@id\":\"https:\\\/\\\/www.medulinriviera.info\\\/hr\\\/#organization\",\"name\":\"Medulin Riviera\",\"url\":\"https:\\\/\\\/www.medulinriviera.info\\\/hr\\\/\",\"logo\":{\"@type\":\"ImageObject\",\"inLanguage\":\"hr\",\"@id\":\"https:\\\/\\\/www.medulinriviera.info\\\/hr\\\/#\\\/schema\\\/logo\\\/image\\\/\",\"url\":\"https:\\\/\\\/www.medulinriviera.info\\\/wp-content\\\/uploads\\\/2020\\\/06\\\/logo-alt.png\",\"contentUrl\":\"https:\\\/\\\/www.medulinriviera.info\\\/wp-content\\\/uploads\\\/2020\\\/06\\\/logo-alt.png\",\"width\":264,\"height\":78,\"caption\":\"Medulin Riviera\"},\"image\":{\"@id\":\"https:\\\/\\\/www.medulinriviera.info\\\/hr\\\/#\\\/schema\\\/logo\\\/image\\\/\"},\"sameAs\":[\"https:\\\/\\\/www.facebook.com\\\/medulinriviera\\\/\",\"https:\\\/\\\/www.instagram.com\\\/medulinriviera\\\/\",\"https:\\\/\\\/www.youtube.com\\\/channel\\\/UCYdC8kYbK9OEmlmeZydpumQ\"]}]}<\/script>\n<!-- \/ Yoast SEO plugin. -->","yoast_head_json":{"title":"Karta - Medulin Riviera","robots":{"index":"index","follow":"follow","max-snippet":"max-snippet:-1","max-image-preview":"max-image-preview:large","max-video-preview":"max-video-preview:-1"},"canonical":"https:\/\/www.medulinriviera.info\/hr\/archeological-park-vizula\/map\/","og_locale":"hr_HR","og_type":"article","og_title":"Karta - Medulin Riviera","og_description":"PRAVILA PONA\u0160ANJA U ARHEOLO\u0160KOM PARKU VI\u017dULA Mole se svi posjetitelji Arheolo\u0161kog parka Vi\u017eula da po\u0161tuju pravila pona\u0161anja i prilikom boravka...","og_url":"https:\/\/www.medulinriviera.info\/hr\/archeological-park-vizula\/map\/","og_site_name":"Medulin Riviera","article_publisher":"https:\/\/www.facebook.com\/medulinriviera\/","article_modified_time":"2025-07-10T13:56:35+00:00","og_image":[{"width":800,"height":533,"url":"https:\/\/www.medulinriviera.info\/wp-content\/uploads\/2020\/06\/arh_setnja1.jpg","type":"image\/jpeg"}],"twitter_card":"summary_large_image","twitter_misc":{"Procijenjeno vrijeme \u010ditanja":"2 minute"},"schema":{"@context":"https:\/\/schema.org","@graph":[{"@type":"WebPage","@id":"https:\/\/www.medulinriviera.info\/hr\/archeological-park-vizula\/map\/","url":"https:\/\/www.medulinriviera.info\/hr\/archeological-park-vizula\/map\/","name":"Karta - Medulin Riviera","isPartOf":{"@id":"https:\/\/www.medulinriviera.info\/hr\/#website"},"primaryImageOfPage":{"@id":"https:\/\/www.medulinriviera.info\/hr\/archeological-park-vizula\/map\/#primaryimage"},"image":{"@id":"https:\/\/www.medulinriviera.info\/hr\/archeological-park-vizula\/map\/#primaryimage"},"thumbnailUrl":"https:\/\/www.medulinriviera.info\/wp-content\/uploads\/2020\/06\/arh_setnja1.jpg","datePublished":"2020-06-04T07:50:45+00:00","dateModified":"2025-07-10T13:56:35+00:00","breadcrumb":{"@id":"https:\/\/www.medulinriviera.info\/hr\/archeological-park-vizula\/map\/#breadcrumb"},"inLanguage":"hr","potentialAction":[{"@type":"ReadAction","target":["https:\/\/www.medulinriviera.info\/hr\/archeological-park-vizula\/map\/"]}]},{"@type":"ImageObject","inLanguage":"hr","@id":"https:\/\/www.medulinriviera.info\/hr\/archeological-park-vizula\/map\/#primaryimage","url":"https:\/\/www.medulinriviera.info\/wp-content\/uploads\/2020\/06\/arh_setnja1.jpg","contentUrl":"https:\/\/www.medulinriviera.info\/wp-content\/uploads\/2020\/06\/arh_setnja1.jpg","width":800,"height":533},{"@type":"BreadcrumbList","@id":"https:\/\/www.medulinriviera.info\/hr\/archeological-park-vizula\/map\/#breadcrumb","itemListElement":[{"@type":"ListItem","position":1,"name":"Home","item":"https:\/\/www.medulinriviera.info\/hr\/"},{"@type":"ListItem","position":2,"name":"Arheolo\u0161ki park Vi\u017eula","item":"https:\/\/www.medulinriviera.info\/hr\/archeological-park-vizula\/"},{"@type":"ListItem","position":3,"name":"Karta"}]},{"@type":"WebSite","@id":"https:\/\/www.medulinriviera.info\/hr\/#website","url":"https:\/\/www.medulinriviera.info\/hr\/","name":"Medulin Riviera","description":"Plavi planet","publisher":{"@id":"https:\/\/www.medulinriviera.info\/hr\/#organization"},"potentialAction":[{"@type":"SearchAction","target":{"@type":"EntryPoint","urlTemplate":"https:\/\/www.medulinriviera.info\/hr\/?s={search_term_string}"},"query-input":{"@type":"PropertyValueSpecification","valueRequired":true,"valueName":"search_term_string"}}],"inLanguage":"hr"},{"@type":"Organization","@id":"https:\/\/www.medulinriviera.info\/hr\/#organization","name":"Medulin Riviera","url":"https:\/\/www.medulinriviera.info\/hr\/","logo":{"@type":"ImageObject","inLanguage":"hr","@id":"https:\/\/www.medulinriviera.info\/hr\/#\/schema\/logo\/image\/","url":"https:\/\/www.medulinriviera.info\/wp-content\/uploads\/2020\/06\/logo-alt.png","contentUrl":"https:\/\/www.medulinriviera.info\/wp-content\/uploads\/2020\/06\/logo-alt.png","width":264,"height":78,"caption":"Medulin Riviera"},"image":{"@id":"https:\/\/www.medulinriviera.info\/hr\/#\/schema\/logo\/image\/"},"sameAs":["https:\/\/www.facebook.com\/medulinriviera\/","https:\/\/www.instagram.com\/medulinriviera\/","https:\/\/www.youtube.com\/channel\/UCYdC8kYbK9OEmlmeZydpumQ"]}]}},"wpml_current_locale":"hr","wpml_translations":[{"locale":"en_US","id":10310,"post_title":"Map","href":"https:\/\/www.medulinriviera.info\/archeological-park-vizula\/map\/"},{"locale":"fr_FR","id":10851,"post_title":"Carte du Parc","href":"https:\/\/www.medulinriviera.info\/fr\/archeological-park-vizula\/map\/"},{"locale":"de_DE","id":10852,"post_title":"Map","href":"https:\/\/www.medulinriviera.info\/de\/archeological-park-vizula\/map\/"},{"locale":"it_IT","id":10853,"post_title":"Map","href":"https:\/\/www.medulinriviera.info\/it\/archeological-park-vizula\/map\/"},{"locale":"sl_SI","id":10854,"post_title":"Map","href":"https:\/\/www.medulinriviera.info\/sl\/archeological-park-vizula\/map\/"}],"_links":{"self":[{"href":"https:\/\/www.medulinriviera.info\/hr\/wp-json\/wp\/v2\/pages\/10850","targetHints":{"allow":["GET"]}}],"collection":[{"href":"https:\/\/www.medulinriviera.info\/hr\/wp-json\/wp\/v2\/pages"}],"about":[{"href":"https:\/\/www.medulinriviera.info\/hr\/wp-json\/wp\/v2\/types\/page"}],"author":[{"embeddable":true,"href":"https:\/\/www.medulinriviera.info\/hr\/wp-json\/wp\/v2\/users\/1"}],"replies":[{"embeddable":true,"href":"https:\/\/www.medulinriviera.info\/hr\/wp-json\/wp\/v2\/comments?post=10850"}],"version-history":[{"count":1,"href":"https:\/\/www.medulinriviera.info\/hr\/wp-json\/wp\/v2\/pages\/10850\/revisions"}],"predecessor-version":[{"id":36514,"href":"https:\/\/www.medulinriviera.info\/hr\/wp-json\/wp\/v2\/pages\/10850\/revisions\/36514"}],"up":[{"embeddable":true,"href":"https:\/\/www.medulinriviera.info\/hr\/wp-json\/wp\/v2\/pages\/10858"}],"wp:featuredmedia":[{"embeddable":true,"href":"https:\/\/www.medulinriviera.info\/hr\/wp-json\/wp\/v2\/media\/11115"}],"wp:attachment":[{"href":"https:\/\/www.medulinriviera.info\/hr\/wp-json\/wp\/v2\/media?parent=10850"}],"wp:term":[{"taxonomy":"classificator","embeddable":true,"href":"https:\/\/www.medulinriviera.info\/hr\/wp-json\/wp\/v2\/classificator?post=10850"}],"curies":[{"name":"wp","href":"https:\/\/api.w.org\/{rel}","templated":true}]}}