{"id":10734,"date":"2020-06-04T10:31:53","date_gmt":"2020-06-04T08:31:53","guid":{"rendered":"http:\/\/www.medulinriviera.info\/the-magic-of-music\/amazing-sound-of-cave-romanae\/"},"modified":"2025-06-16T13:09:20","modified_gmt":"2025-06-16T11:09:20","slug":"amazing-sound-of-cave-romanae","status":"publish","type":"page","link":"https:\/\/www.medulinriviera.info\/hr\/the-magic-of-music\/amazing-sound-of-cave-romanae\/","title":{"rendered":"Rocks&amp;Stars@CaveRomane\u00a0 Festival"},"content":{"rendered":"<div class=\"wp-block-image\">\n<figure class=\"aligncenter size-full\"><img loading=\"lazy\" decoding=\"async\" width=\"2000\" height=\"1334\" src=\"https:\/\/www.medulinriviera.info\/wp-content\/uploads\/2024\/04\/pkazaliste_cave24-270723.jpg\" alt=\"\" class=\"wp-image-31863\" srcset=\"https:\/\/www.medulinriviera.info\/wp-content\/uploads\/2024\/04\/pkazaliste_cave24-270723.jpg 2000w, https:\/\/www.medulinriviera.info\/wp-content\/uploads\/2024\/04\/pkazaliste_cave24-270723-300x200.jpg 300w, https:\/\/www.medulinriviera.info\/wp-content\/uploads\/2024\/04\/pkazaliste_cave24-270723-1600x1067.jpg 1600w, https:\/\/www.medulinriviera.info\/wp-content\/uploads\/2024\/04\/pkazaliste_cave24-270723-768x512.jpg 768w, https:\/\/www.medulinriviera.info\/wp-content\/uploads\/2024\/04\/pkazaliste_cave24-270723-1536x1025.jpg 1536w\" sizes=\"auto, (max-width: 2000px) 100vw, 2000px\" \/><\/figure>\n<\/div>\n\n\n<h3 class=\"wp-block-heading has-text-align-center\">Cave Romane, stari rimski vinkuranski kamenolom iz kojeg se jo\u0161 u 1. stolje\u0107u vadio kamen za gradnju pulske Arene, jedinstvena je pozornica za koncerte. Jedinstven je i prostor, fantasti\u010dno akusti\u010dan, pa glazba zvu\u010di gotovo nestvarno. Oko tisu\u0107u mjesta u savr\u0161enom skladu s prirodom \u010dini do\u017eivljaj glazbe naprosto \u010dudesnim.<br>Kamenolom je ure\u0111en, a zaputite li se na koncert svakako prije njegovog po\u010detka pro\u0161e\u0107ite labirintom kamenih blokova na njegovom ulasku.<\/h3>\n\n\n\n<p>&nbsp;<\/p>\n\n\n\n<div class=\"wp-block-cover is-light\"><span aria-hidden=\"true\" class=\"wp-block-cover__background has-background-dim\"><\/span><div class=\"wp-block-cover__inner-container is-layout-flow wp-block-cover-is-layout-flow\">\n<div class=\"wp-block-group\"><div class=\"wp-block-group__inner-container is-layout-flow wp-block-group-is-layout-flow\">\n<figure class=\"wp-block-gallery has-nested-images columns-default is-cropped wp-block-gallery-1 is-layout-flex wp-block-gallery-is-layout-flex\">\n<figure class=\"wp-block-image size-large\"><img loading=\"lazy\" decoding=\"async\" width=\"2560\" height=\"1707\" data-id=\"26692\" src=\"https:\/\/www.medulinriviera.info\/wp-content\/uploads\/2022\/10\/TZOM-RockStarsFestival2019-Tozzi20-MedulinskaRivjera-scaled.jpg\" alt=\"\" class=\"wp-image-26692\" srcset=\"https:\/\/www.medulinriviera.info\/wp-content\/uploads\/2022\/10\/TZOM-RockStarsFestival2019-Tozzi20-MedulinskaRivjera-scaled.jpg 2560w, https:\/\/www.medulinriviera.info\/wp-content\/uploads\/2022\/10\/TZOM-RockStarsFestival2019-Tozzi20-MedulinskaRivjera-300x200.jpg 300w, https:\/\/www.medulinriviera.info\/wp-content\/uploads\/2022\/10\/TZOM-RockStarsFestival2019-Tozzi20-MedulinskaRivjera-1600x1067.jpg 1600w, https:\/\/www.medulinriviera.info\/wp-content\/uploads\/2022\/10\/TZOM-RockStarsFestival2019-Tozzi20-MedulinskaRivjera-768x512.jpg 768w, https:\/\/www.medulinriviera.info\/wp-content\/uploads\/2022\/10\/TZOM-RockStarsFestival2019-Tozzi20-MedulinskaRivjera-1536x1024.jpg 1536w, https:\/\/www.medulinriviera.info\/wp-content\/uploads\/2022\/10\/TZOM-RockStarsFestival2019-Tozzi20-MedulinskaRivjera-2048x1366.jpg 2048w\" sizes=\"auto, (max-width: 2560px) 100vw, 2560px\" \/><\/figure>\n\n\n\n<figure class=\"wp-block-image size-large\"><img loading=\"lazy\" decoding=\"async\" width=\"1024\" height=\"683\" data-id=\"10705\" src=\"https:\/\/www.medulinriviera.info\/wp-content\/uploads\/2020\/06\/opera_vinkuran11_230817.jpg\" alt=\"\" class=\"wp-image-10705\" srcset=\"https:\/\/www.medulinriviera.info\/wp-content\/uploads\/2020\/06\/opera_vinkuran11_230817.jpg 1024w, https:\/\/www.medulinriviera.info\/wp-content\/uploads\/2020\/06\/opera_vinkuran11_230817-300x200.jpg 300w, https:\/\/www.medulinriviera.info\/wp-content\/uploads\/2020\/06\/opera_vinkuran11_230817-768x512.jpg 768w\" sizes=\"auto, (max-width: 1024px) 100vw, 1024px\" \/><\/figure>\n\n\n\n<figure class=\"wp-block-image size-large\"><img loading=\"lazy\" decoding=\"async\" width=\"2560\" height=\"1707\" data-id=\"26668\" src=\"https:\/\/www.medulinriviera.info\/wp-content\/uploads\/2022\/10\/TZOM-RockStars-Festival2019-7-MedulinskaRivijera-scaled.jpg\" alt=\"\" class=\"wp-image-26668\" srcset=\"https:\/\/www.medulinriviera.info\/wp-content\/uploads\/2022\/10\/TZOM-RockStars-Festival2019-7-MedulinskaRivijera-scaled.jpg 2560w, https:\/\/www.medulinriviera.info\/wp-content\/uploads\/2022\/10\/TZOM-RockStars-Festival2019-7-MedulinskaRivijera-300x200.jpg 300w, https:\/\/www.medulinriviera.info\/wp-content\/uploads\/2022\/10\/TZOM-RockStars-Festival2019-7-MedulinskaRivijera-1600x1067.jpg 1600w, https:\/\/www.medulinriviera.info\/wp-content\/uploads\/2022\/10\/TZOM-RockStars-Festival2019-7-MedulinskaRivijera-768x512.jpg 768w, https:\/\/www.medulinriviera.info\/wp-content\/uploads\/2022\/10\/TZOM-RockStars-Festival2019-7-MedulinskaRivijera-1536x1024.jpg 1536w, https:\/\/www.medulinriviera.info\/wp-content\/uploads\/2022\/10\/TZOM-RockStars-Festival2019-7-MedulinskaRivijera-2048x1366.jpg 2048w\" sizes=\"auto, (max-width: 2560px) 100vw, 2560px\" \/><\/figure>\n\n\n\n<figure class=\"wp-block-image size-large\"><img loading=\"lazy\" decoding=\"async\" width=\"2560\" height=\"1707\" data-id=\"26656\" src=\"https:\/\/www.medulinriviera.info\/wp-content\/uploads\/2022\/10\/TZOM-RockStarsFestival2019-Predstava5-MedulinskaRivjera-scaled.jpg\" alt=\"\" class=\"wp-image-26656\" srcset=\"https:\/\/www.medulinriviera.info\/wp-content\/uploads\/2022\/10\/TZOM-RockStarsFestival2019-Predstava5-MedulinskaRivjera-scaled.jpg 2560w, https:\/\/www.medulinriviera.info\/wp-content\/uploads\/2022\/10\/TZOM-RockStarsFestival2019-Predstava5-MedulinskaRivjera-300x200.jpg 300w, https:\/\/www.medulinriviera.info\/wp-content\/uploads\/2022\/10\/TZOM-RockStarsFestival2019-Predstava5-MedulinskaRivjera-1600x1067.jpg 1600w, https:\/\/www.medulinriviera.info\/wp-content\/uploads\/2022\/10\/TZOM-RockStarsFestival2019-Predstava5-MedulinskaRivjera-768x512.jpg 768w, https:\/\/www.medulinriviera.info\/wp-content\/uploads\/2022\/10\/TZOM-RockStarsFestival2019-Predstava5-MedulinskaRivjera-1536x1024.jpg 1536w, https:\/\/www.medulinriviera.info\/wp-content\/uploads\/2022\/10\/TZOM-RockStarsFestival2019-Predstava5-MedulinskaRivjera-2048x1366.jpg 2048w\" sizes=\"auto, (max-width: 2560px) 100vw, 2560px\" \/><\/figure>\n\n\n\n<figure class=\"wp-block-image size-large\"><img loading=\"lazy\" decoding=\"async\" width=\"2560\" height=\"1707\" data-id=\"26662\" src=\"https:\/\/www.medulinriviera.info\/wp-content\/uploads\/2022\/10\/TZOM-RockStarsFestival2019-Predstava14-MedulinskaRivjera-scaled.jpg\" alt=\"\" class=\"wp-image-26662\" srcset=\"https:\/\/www.medulinriviera.info\/wp-content\/uploads\/2022\/10\/TZOM-RockStarsFestival2019-Predstava14-MedulinskaRivjera-scaled.jpg 2560w, https:\/\/www.medulinriviera.info\/wp-content\/uploads\/2022\/10\/TZOM-RockStarsFestival2019-Predstava14-MedulinskaRivjera-300x200.jpg 300w, https:\/\/www.medulinriviera.info\/wp-content\/uploads\/2022\/10\/TZOM-RockStarsFestival2019-Predstava14-MedulinskaRivjera-1600x1067.jpg 1600w, https:\/\/www.medulinriviera.info\/wp-content\/uploads\/2022\/10\/TZOM-RockStarsFestival2019-Predstava14-MedulinskaRivjera-768x512.jpg 768w, https:\/\/www.medulinriviera.info\/wp-content\/uploads\/2022\/10\/TZOM-RockStarsFestival2019-Predstava14-MedulinskaRivjera-1536x1024.jpg 1536w, https:\/\/www.medulinriviera.info\/wp-content\/uploads\/2022\/10\/TZOM-RockStarsFestival2019-Predstava14-MedulinskaRivjera-2048x1366.jpg 2048w\" sizes=\"auto, (max-width: 2560px) 100vw, 2560px\" \/><\/figure>\n\n\n\n<figure class=\"wp-block-image size-large\"><img loading=\"lazy\" decoding=\"async\" width=\"2560\" height=\"1707\" data-id=\"24981\" src=\"https:\/\/www.medulinriviera.info\/wp-content\/uploads\/2022\/06\/ambijent-cave-1-scaled.jpg\" alt=\"\" class=\"wp-image-24981\" srcset=\"https:\/\/www.medulinriviera.info\/wp-content\/uploads\/2022\/06\/ambijent-cave-1-scaled.jpg 2560w, https:\/\/www.medulinriviera.info\/wp-content\/uploads\/2022\/06\/ambijent-cave-1-300x200.jpg 300w, https:\/\/www.medulinriviera.info\/wp-content\/uploads\/2022\/06\/ambijent-cave-1-1600x1067.jpg 1600w, https:\/\/www.medulinriviera.info\/wp-content\/uploads\/2022\/06\/ambijent-cave-1-768x512.jpg 768w, https:\/\/www.medulinriviera.info\/wp-content\/uploads\/2022\/06\/ambijent-cave-1-1536x1024.jpg 1536w, https:\/\/www.medulinriviera.info\/wp-content\/uploads\/2022\/06\/ambijent-cave-1-2048x1366.jpg 2048w\" sizes=\"auto, (max-width: 2560px) 100vw, 2560px\" \/><\/figure>\n\n\n\n<figure class=\"wp-block-image size-large\"><img loading=\"lazy\" decoding=\"async\" width=\"2560\" height=\"1707\" data-id=\"26686\" src=\"https:\/\/www.medulinriviera.info\/wp-content\/uploads\/2022\/10\/TZOM-RockStarsFestival2019-Tozzi19-MedulinskaRivjera-scaled.jpg\" alt=\"\" class=\"wp-image-26686\" srcset=\"https:\/\/www.medulinriviera.info\/wp-content\/uploads\/2022\/10\/TZOM-RockStarsFestival2019-Tozzi19-MedulinskaRivjera-scaled.jpg 2560w, https:\/\/www.medulinriviera.info\/wp-content\/uploads\/2022\/10\/TZOM-RockStarsFestival2019-Tozzi19-MedulinskaRivjera-300x200.jpg 300w, https:\/\/www.medulinriviera.info\/wp-content\/uploads\/2022\/10\/TZOM-RockStarsFestival2019-Tozzi19-MedulinskaRivjera-1600x1067.jpg 1600w, https:\/\/www.medulinriviera.info\/wp-content\/uploads\/2022\/10\/TZOM-RockStarsFestival2019-Tozzi19-MedulinskaRivjera-768x512.jpg 768w, https:\/\/www.medulinriviera.info\/wp-content\/uploads\/2022\/10\/TZOM-RockStarsFestival2019-Tozzi19-MedulinskaRivjera-1536x1024.jpg 1536w, https:\/\/www.medulinriviera.info\/wp-content\/uploads\/2022\/10\/TZOM-RockStarsFestival2019-Tozzi19-MedulinskaRivjera-2048x1366.jpg 2048w\" sizes=\"auto, (max-width: 2560px) 100vw, 2560px\" \/><\/figure>\n\n\n\n<figure class=\"wp-block-image size-large\"><img loading=\"lazy\" decoding=\"async\" width=\"940\" height=\"627\" data-id=\"10669\" src=\"https:\/\/www.medulinriviera.info\/wp-content\/uploads\/2020\/06\/0c4fb2202141f1cda212.jpeg\" alt=\"\" class=\"wp-image-10669\" srcset=\"https:\/\/www.medulinriviera.info\/wp-content\/uploads\/2020\/06\/0c4fb2202141f1cda212.jpeg 940w, https:\/\/www.medulinriviera.info\/wp-content\/uploads\/2020\/06\/0c4fb2202141f1cda212-300x200.jpeg 300w, https:\/\/www.medulinriviera.info\/wp-content\/uploads\/2020\/06\/0c4fb2202141f1cda212-768x512.jpeg 768w\" sizes=\"auto, (max-width: 940px) 100vw, 940px\" \/><\/figure>\n<\/figure>\n<\/div><\/div>\n<\/div><\/div>\n\n\n\n<h2 class=\"wp-block-heading has-text-align-center\">PROGRAM 2025<\/h2>\n\n\n\n<h2 class=\"wp-block-heading has-text-align-center\">25\/06\/2025 Jala Brat i Buba Corelli\u00a0<\/h2>\n\n\n\n<h2 class=\"wp-block-heading has-text-align-center\">26\/06\/2025 Jelena Rozga <\/h2>\n\n\n\n<h2 class=\"wp-block-heading has-text-align-center\">28\/06\/2025 Halid Be\u0161li\u0107 <\/h2>\n\n\n\n<h2 class=\"wp-block-heading has-text-align-center\">29\/06\/2025 Sergej \u0106etkovi\u0107 <\/h2>\n\n\n\n<p class=\"has-text-align-center\"><\/p>\n\n\n\n<h2 class=\"wp-block-heading has-text-align-center\"><br><a href=\"https:\/\/www.caveromane.com\/hr\/\" target=\"_blank\" rel=\"noopener noreferrer\">www.caveromane.com<\/a><br>tickets: www.entrio.hr<\/h2>\n\n\n\n<h1 class=\"wp-block-heading\">&nbsp;<\/h1>\n\n\n\n<h2 class=\"wp-block-heading\">&nbsp;<\/h2>\n\n\n\n<h2 class=\"wp-block-heading\"><\/h2>\n","protected":false},"excerpt":{"rendered":"<p>Cave Romane, stari rimski vinkuranski kamenolom iz kojeg se jo\u0161 u 1. stolje\u0107u vadio kamen za gradnju pulske Arene, jedinstvena&#8230;<\/p>\n","protected":false},"author":1,"featured_media":26716,"parent":10333,"menu_order":4,"comment_status":"closed","ping_status":"closed","template":"","meta":{"_acf_changed":false,"footnotes":""},"classificator":[],"class_list":["post-10734","page","type-page","status-publish","has-post-thumbnail","hentry"],"acf":{"video":"https:\/\/www.youtube.com\/embed\/68_0_mR-G1U","gallery":""},"yoast_head":"<!-- This site is optimized with the Yoast SEO plugin v27.5 - https:\/\/yoast.com\/product\/yoast-seo-wordpress\/ -->\n<title>Rocks&amp;Stars@CaveRomane\u00a0 Festival - Medulin Riviera<\/title>\n<meta name=\"robots\" content=\"index, follow, max-snippet:-1, max-image-preview:large, max-video-preview:-1\" \/>\n<link rel=\"canonical\" href=\"https:\/\/www.medulinriviera.info\/hr\/the-magic-of-music\/amazing-sound-of-cave-romanae\/\" \/>\n<meta property=\"og:locale\" content=\"hr_HR\" \/>\n<meta property=\"og:type\" content=\"article\" \/>\n<meta property=\"og:title\" content=\"Rocks&amp;Stars@CaveRomane\u00a0 Festival - Medulin Riviera\" \/>\n<meta property=\"og:description\" content=\"Cave Romane, stari rimski vinkuranski kamenolom iz kojeg se jo\u0161 u 1. stolje\u0107u vadio kamen za gradnju pulske Arene, jedinstvena...\" \/>\n<meta property=\"og:url\" content=\"https:\/\/www.medulinriviera.info\/hr\/the-magic-of-music\/amazing-sound-of-cave-romanae\/\" \/>\n<meta property=\"og:site_name\" content=\"Medulin Riviera\" \/>\n<meta property=\"article:publisher\" content=\"https:\/\/www.facebook.com\/medulinriviera\/\" \/>\n<meta property=\"article:modified_time\" content=\"2025-06-16T11:09:20+00:00\" \/>\n<meta property=\"og:image\" content=\"https:\/\/www.medulinriviera.info\/wp-content\/uploads\/2022\/10\/Header2-TZOM-RockStars-Festival2019-3-MedulinskaRivijera-scaled.jpg\" \/>\n\t<meta property=\"og:image:width\" content=\"2560\" \/>\n\t<meta property=\"og:image:height\" content=\"902\" \/>\n\t<meta property=\"og:image:type\" content=\"image\/jpeg\" \/>\n<meta name=\"twitter:card\" content=\"summary_large_image\" \/>\n<meta name=\"twitter:label1\" content=\"Procijenjeno vrijeme \u010ditanja\" \/>\n\t<meta name=\"twitter:data1\" content=\"3 minute\" \/>\n<script type=\"application\/ld+json\" class=\"yoast-schema-graph\">{\"@context\":\"https:\\\/\\\/schema.org\",\"@graph\":[{\"@type\":\"WebPage\",\"@id\":\"https:\\\/\\\/www.medulinriviera.info\\\/hr\\\/the-magic-of-music\\\/amazing-sound-of-cave-romanae\\\/\",\"url\":\"https:\\\/\\\/www.medulinriviera.info\\\/hr\\\/the-magic-of-music\\\/amazing-sound-of-cave-romanae\\\/\",\"name\":\"Rocks&amp;Stars@CaveRomane\u00a0 Festival - Medulin Riviera\",\"isPartOf\":{\"@id\":\"https:\\\/\\\/www.medulinriviera.info\\\/hr\\\/#website\"},\"primaryImageOfPage\":{\"@id\":\"https:\\\/\\\/www.medulinriviera.info\\\/hr\\\/the-magic-of-music\\\/amazing-sound-of-cave-romanae\\\/#primaryimage\"},\"image\":{\"@id\":\"https:\\\/\\\/www.medulinriviera.info\\\/hr\\\/the-magic-of-music\\\/amazing-sound-of-cave-romanae\\\/#primaryimage\"},\"thumbnailUrl\":\"https:\\\/\\\/www.medulinriviera.info\\\/wp-content\\\/uploads\\\/2022\\\/10\\\/Header2-TZOM-RockStars-Festival2019-3-MedulinskaRivijera-scaled.jpg\",\"datePublished\":\"2020-06-04T08:31:53+00:00\",\"dateModified\":\"2025-06-16T11:09:20+00:00\",\"breadcrumb\":{\"@id\":\"https:\\\/\\\/www.medulinriviera.info\\\/hr\\\/the-magic-of-music\\\/amazing-sound-of-cave-romanae\\\/#breadcrumb\"},\"inLanguage\":\"hr\",\"potentialAction\":[{\"@type\":\"ReadAction\",\"target\":[\"https:\\\/\\\/www.medulinriviera.info\\\/hr\\\/the-magic-of-music\\\/amazing-sound-of-cave-romanae\\\/\"]}]},{\"@type\":\"ImageObject\",\"inLanguage\":\"hr\",\"@id\":\"https:\\\/\\\/www.medulinriviera.info\\\/hr\\\/the-magic-of-music\\\/amazing-sound-of-cave-romanae\\\/#primaryimage\",\"url\":\"https:\\\/\\\/www.medulinriviera.info\\\/wp-content\\\/uploads\\\/2022\\\/10\\\/Header2-TZOM-RockStars-Festival2019-3-MedulinskaRivijera-scaled.jpg\",\"contentUrl\":\"https:\\\/\\\/www.medulinriviera.info\\\/wp-content\\\/uploads\\\/2022\\\/10\\\/Header2-TZOM-RockStars-Festival2019-3-MedulinskaRivijera-scaled.jpg\",\"width\":2560,\"height\":902},{\"@type\":\"BreadcrumbList\",\"@id\":\"https:\\\/\\\/www.medulinriviera.info\\\/hr\\\/the-magic-of-music\\\/amazing-sound-of-cave-romanae\\\/#breadcrumb\",\"itemListElement\":[{\"@type\":\"ListItem\",\"position\":1,\"name\":\"Home\",\"item\":\"https:\\\/\\\/www.medulinriviera.info\\\/hr\\\/\"},{\"@type\":\"ListItem\",\"position\":2,\"name\":\"The Magic of Music\",\"item\":\"https:\\\/\\\/www.medulinriviera.info\\\/hr\\\/the-magic-of-music\\\/\"},{\"@type\":\"ListItem\",\"position\":3,\"name\":\"Rocks&amp;Stars@CaveRomane\u00a0 Festival\"}]},{\"@type\":\"WebSite\",\"@id\":\"https:\\\/\\\/www.medulinriviera.info\\\/hr\\\/#website\",\"url\":\"https:\\\/\\\/www.medulinriviera.info\\\/hr\\\/\",\"name\":\"Medulin Riviera\",\"description\":\"Plavi planet\",\"publisher\":{\"@id\":\"https:\\\/\\\/www.medulinriviera.info\\\/hr\\\/#organization\"},\"potentialAction\":[{\"@type\":\"SearchAction\",\"target\":{\"@type\":\"EntryPoint\",\"urlTemplate\":\"https:\\\/\\\/www.medulinriviera.info\\\/hr\\\/?s={search_term_string}\"},\"query-input\":{\"@type\":\"PropertyValueSpecification\",\"valueRequired\":true,\"valueName\":\"search_term_string\"}}],\"inLanguage\":\"hr\"},{\"@type\":\"Organization\",\"@id\":\"https:\\\/\\\/www.medulinriviera.info\\\/hr\\\/#organization\",\"name\":\"Medulin Riviera\",\"url\":\"https:\\\/\\\/www.medulinriviera.info\\\/hr\\\/\",\"logo\":{\"@type\":\"ImageObject\",\"inLanguage\":\"hr\",\"@id\":\"https:\\\/\\\/www.medulinriviera.info\\\/hr\\\/#\\\/schema\\\/logo\\\/image\\\/\",\"url\":\"https:\\\/\\\/www.medulinriviera.info\\\/wp-content\\\/uploads\\\/2020\\\/06\\\/logo-alt.png\",\"contentUrl\":\"https:\\\/\\\/www.medulinriviera.info\\\/wp-content\\\/uploads\\\/2020\\\/06\\\/logo-alt.png\",\"width\":264,\"height\":78,\"caption\":\"Medulin Riviera\"},\"image\":{\"@id\":\"https:\\\/\\\/www.medulinriviera.info\\\/hr\\\/#\\\/schema\\\/logo\\\/image\\\/\"},\"sameAs\":[\"https:\\\/\\\/www.facebook.com\\\/medulinriviera\\\/\",\"https:\\\/\\\/www.instagram.com\\\/medulinriviera\\\/\",\"https:\\\/\\\/www.youtube.com\\\/channel\\\/UCYdC8kYbK9OEmlmeZydpumQ\"]}]}<\/script>\n<!-- \/ Yoast SEO plugin. -->","yoast_head_json":{"title":"Rocks&amp;Stars@CaveRomane\u00a0 Festival - Medulin Riviera","robots":{"index":"index","follow":"follow","max-snippet":"max-snippet:-1","max-image-preview":"max-image-preview:large","max-video-preview":"max-video-preview:-1"},"canonical":"https:\/\/www.medulinriviera.info\/hr\/the-magic-of-music\/amazing-sound-of-cave-romanae\/","og_locale":"hr_HR","og_type":"article","og_title":"Rocks&amp;Stars@CaveRomane\u00a0 Festival - Medulin Riviera","og_description":"Cave Romane, stari rimski vinkuranski kamenolom iz kojeg se jo\u0161 u 1. stolje\u0107u vadio kamen za gradnju pulske Arene, jedinstvena...","og_url":"https:\/\/www.medulinriviera.info\/hr\/the-magic-of-music\/amazing-sound-of-cave-romanae\/","og_site_name":"Medulin Riviera","article_publisher":"https:\/\/www.facebook.com\/medulinriviera\/","article_modified_time":"2025-06-16T11:09:20+00:00","og_image":[{"width":2560,"height":902,"url":"https:\/\/www.medulinriviera.info\/wp-content\/uploads\/2022\/10\/Header2-TZOM-RockStars-Festival2019-3-MedulinskaRivijera-scaled.jpg","type":"image\/jpeg"}],"twitter_card":"summary_large_image","twitter_misc":{"Procijenjeno vrijeme \u010ditanja":"3 minute"},"schema":{"@context":"https:\/\/schema.org","@graph":[{"@type":"WebPage","@id":"https:\/\/www.medulinriviera.info\/hr\/the-magic-of-music\/amazing-sound-of-cave-romanae\/","url":"https:\/\/www.medulinriviera.info\/hr\/the-magic-of-music\/amazing-sound-of-cave-romanae\/","name":"Rocks&amp;Stars@CaveRomane\u00a0 Festival - Medulin Riviera","isPartOf":{"@id":"https:\/\/www.medulinriviera.info\/hr\/#website"},"primaryImageOfPage":{"@id":"https:\/\/www.medulinriviera.info\/hr\/the-magic-of-music\/amazing-sound-of-cave-romanae\/#primaryimage"},"image":{"@id":"https:\/\/www.medulinriviera.info\/hr\/the-magic-of-music\/amazing-sound-of-cave-romanae\/#primaryimage"},"thumbnailUrl":"https:\/\/www.medulinriviera.info\/wp-content\/uploads\/2022\/10\/Header2-TZOM-RockStars-Festival2019-3-MedulinskaRivijera-scaled.jpg","datePublished":"2020-06-04T08:31:53+00:00","dateModified":"2025-06-16T11:09:20+00:00","breadcrumb":{"@id":"https:\/\/www.medulinriviera.info\/hr\/the-magic-of-music\/amazing-sound-of-cave-romanae\/#breadcrumb"},"inLanguage":"hr","potentialAction":[{"@type":"ReadAction","target":["https:\/\/www.medulinriviera.info\/hr\/the-magic-of-music\/amazing-sound-of-cave-romanae\/"]}]},{"@type":"ImageObject","inLanguage":"hr","@id":"https:\/\/www.medulinriviera.info\/hr\/the-magic-of-music\/amazing-sound-of-cave-romanae\/#primaryimage","url":"https:\/\/www.medulinriviera.info\/wp-content\/uploads\/2022\/10\/Header2-TZOM-RockStars-Festival2019-3-MedulinskaRivijera-scaled.jpg","contentUrl":"https:\/\/www.medulinriviera.info\/wp-content\/uploads\/2022\/10\/Header2-TZOM-RockStars-Festival2019-3-MedulinskaRivijera-scaled.jpg","width":2560,"height":902},{"@type":"BreadcrumbList","@id":"https:\/\/www.medulinriviera.info\/hr\/the-magic-of-music\/amazing-sound-of-cave-romanae\/#breadcrumb","itemListElement":[{"@type":"ListItem","position":1,"name":"Home","item":"https:\/\/www.medulinriviera.info\/hr\/"},{"@type":"ListItem","position":2,"name":"The Magic of Music","item":"https:\/\/www.medulinriviera.info\/hr\/the-magic-of-music\/"},{"@type":"ListItem","position":3,"name":"Rocks&amp;Stars@CaveRomane\u00a0 Festival"}]},{"@type":"WebSite","@id":"https:\/\/www.medulinriviera.info\/hr\/#website","url":"https:\/\/www.medulinriviera.info\/hr\/","name":"Medulin Riviera","description":"Plavi planet","publisher":{"@id":"https:\/\/www.medulinriviera.info\/hr\/#organization"},"potentialAction":[{"@type":"SearchAction","target":{"@type":"EntryPoint","urlTemplate":"https:\/\/www.medulinriviera.info\/hr\/?s={search_term_string}"},"query-input":{"@type":"PropertyValueSpecification","valueRequired":true,"valueName":"search_term_string"}}],"inLanguage":"hr"},{"@type":"Organization","@id":"https:\/\/www.medulinriviera.info\/hr\/#organization","name":"Medulin Riviera","url":"https:\/\/www.medulinriviera.info\/hr\/","logo":{"@type":"ImageObject","inLanguage":"hr","@id":"https:\/\/www.medulinriviera.info\/hr\/#\/schema\/logo\/image\/","url":"https:\/\/www.medulinriviera.info\/wp-content\/uploads\/2020\/06\/logo-alt.png","contentUrl":"https:\/\/www.medulinriviera.info\/wp-content\/uploads\/2020\/06\/logo-alt.png","width":264,"height":78,"caption":"Medulin Riviera"},"image":{"@id":"https:\/\/www.medulinriviera.info\/hr\/#\/schema\/logo\/image\/"},"sameAs":["https:\/\/www.facebook.com\/medulinriviera\/","https:\/\/www.instagram.com\/medulinriviera\/","https:\/\/www.youtube.com\/channel\/UCYdC8kYbK9OEmlmeZydpumQ"]}]}},"wpml_current_locale":"hr","wpml_translations":[{"locale":"en_US","id":10661,"post_title":"Rocks&amp;Stars@CaveRomane\u00a0 Festival","href":"https:\/\/www.medulinriviera.info\/the-magic-of-music\/the-amazing-sound-of-cave-romane\/"},{"locale":"fr_FR","id":10752,"post_title":"Rocks&amp;Stars@CaveRomane\u00a0 Festival","href":"https:\/\/www.medulinriviera.info\/fr\/the-magic-of-music\/the-amazing-sound-of-cave-romane\/"},{"locale":"de_DE","id":10740,"post_title":"Rocks&amp;Stars@CaveRomane\u00a0 Festival","href":"https:\/\/www.medulinriviera.info\/de\/the-magic-of-music\/the-amazing-sound-of-cave-romane\/"},{"locale":"it_IT","id":10746,"post_title":"Rocks&amp;Stars@CaveRomane\u00a0 Festival","href":"https:\/\/www.medulinriviera.info\/it\/the-magic-of-music\/the-amazing-sound-of-cave-romane\/"}],"_links":{"self":[{"href":"https:\/\/www.medulinriviera.info\/hr\/wp-json\/wp\/v2\/pages\/10734","targetHints":{"allow":["GET"]}}],"collection":[{"href":"https:\/\/www.medulinriviera.info\/hr\/wp-json\/wp\/v2\/pages"}],"about":[{"href":"https:\/\/www.medulinriviera.info\/hr\/wp-json\/wp\/v2\/types\/page"}],"author":[{"embeddable":true,"href":"https:\/\/www.medulinriviera.info\/hr\/wp-json\/wp\/v2\/users\/1"}],"replies":[{"embeddable":true,"href":"https:\/\/www.medulinriviera.info\/hr\/wp-json\/wp\/v2\/comments?post=10734"}],"version-history":[{"count":8,"href":"https:\/\/www.medulinriviera.info\/hr\/wp-json\/wp\/v2\/pages\/10734\/revisions"}],"predecessor-version":[{"id":35949,"href":"https:\/\/www.medulinriviera.info\/hr\/wp-json\/wp\/v2\/pages\/10734\/revisions\/35949"}],"up":[{"embeddable":true,"href":"https:\/\/www.medulinriviera.info\/hr\/wp-json\/wp\/v2\/pages\/10333"}],"wp:featuredmedia":[{"embeddable":true,"href":"https:\/\/www.medulinriviera.info\/hr\/wp-json\/wp\/v2\/media\/26716"}],"wp:attachment":[{"href":"https:\/\/www.medulinriviera.info\/hr\/wp-json\/wp\/v2\/media?parent=10734"}],"wp:term":[{"taxonomy":"classificator","embeddable":true,"href":"https:\/\/www.medulinriviera.info\/hr\/wp-json\/wp\/v2\/classificator?post=10734"}],"curies":[{"name":"wp","href":"https:\/\/api.w.org\/{rel}","templated":true}]}}