{"id":10729,"date":"2020-06-04T10:31:53","date_gmt":"2020-06-04T08:31:53","guid":{"rendered":"http:\/\/www.medulinriviera.info\/the-magic-of-music\/medulin-concert-summer\/"},"modified":"2020-06-04T10:56:08","modified_gmt":"2020-06-04T08:56:08","slug":"medulin-concert-summer","status":"publish","type":"page","link":"https:\/\/www.medulinriviera.info\/hr\/the-magic-of-music\/medulin-concert-summer\/","title":{"rendered":"Medulin Concert Summer"},"content":{"rendered":"<p><p>Koncerti klasi\u010dne glazbe tijekom ljetnih mjeseci u Medulinu se odr\u017eavaju ve\u0107 vi&scaron;e od dva desetlje\u0107a.Privla\u010de pozornost doma\u0107ih i stranih turista, a Medulin Concert Summer ugostio je niz glazbenika iz cijeloga svijeta.<\/p>\n<p>Bez obzira na to nastupaju li renomirani izvo\u0111a\u010di ili oni manje poznati, bez obzira na to nastupaju li solisti, komorni sastavi ili simfonijski orkestri glazba je uvijek vrhunska, a u\u017eitak zagarantiran.<\/p>\n<p>U vi&scaron;e navrata na Medulin Concert Summeru nastupio je i svjetski poznati Stjepan Hauser, \u010dlan nenadma&scaron;nog dvojca 2Cellos. Ako ste ljubitelj klasi\u010dne glazbe tada svakako svratite u crkvu sv. Agneze u Medulinu i po\u010dastite se dobrom glazbom.<\/p>\n<p>Program Medulin Concert Summera pogledajte <a href=\"http:\/\/www.medulinriviera.info\/hr\/events\/\" target=\"_blank\" rel=\"noopener noreferrer\">OVDJE.<\/a><\/p><\/p>\n","protected":false},"excerpt":{"rendered":"<p>Koncerti klasi\u010dne glazbe tijekom ljetnih mjeseci u Medulinu se odr\u017eavaju ve\u0107 vi&scaron;e od dva desetlje\u0107a.Privla\u010de pozornost doma\u0107ih i stranih turista,&#8230;<\/p>\n","protected":false},"author":1,"featured_media":10346,"parent":10333,"menu_order":8,"comment_status":"closed","ping_status":"closed","template":"","meta":{"_acf_changed":false,"footnotes":""},"classificator":[],"class_list":["post-10729","page","type-page","status-publish","has-post-thumbnail","hentry"],"acf":{"video":"https:\/\/www.youtube.com\/embed\/kSWu1ndslTA","gallery":[10346,10352,10358,10364,10370,10376,10382,10388,10394,10400]},"yoast_head":"<!-- This site is optimized with the Yoast SEO plugin v27.3 - https:\/\/yoast.com\/product\/yoast-seo-wordpress\/ -->\n<title>Medulin Concert Summer - Medulin Riviera<\/title>\n<meta name=\"robots\" content=\"index, follow, max-snippet:-1, max-image-preview:large, max-video-preview:-1\" \/>\n<link rel=\"canonical\" href=\"https:\/\/www.medulinriviera.info\/hr\/the-magic-of-music\/medulin-concert-summer\/\" \/>\n<meta property=\"og:locale\" content=\"hr_HR\" \/>\n<meta property=\"og:type\" content=\"article\" \/>\n<meta property=\"og:title\" content=\"Medulin Concert Summer - Medulin Riviera\" \/>\n<meta property=\"og:description\" content=\"Koncerti klasi\u010dne glazbe tijekom ljetnih mjeseci u Medulinu se odr\u017eavaju ve\u0107 vi&scaron;e od dva desetlje\u0107a.Privla\u010de pozornost doma\u0107ih i stranih turista,...\" \/>\n<meta property=\"og:url\" content=\"https:\/\/www.medulinriviera.info\/hr\/the-magic-of-music\/medulin-concert-summer\/\" \/>\n<meta property=\"og:site_name\" content=\"Medulin Riviera\" \/>\n<meta property=\"article:publisher\" content=\"https:\/\/www.facebook.com\/medulinriviera\/\" \/>\n<meta property=\"article:modified_time\" content=\"2020-06-04T08:56:08+00:00\" \/>\n<meta property=\"og:image\" content=\"https:\/\/www.medulinriviera.info\/wp-content\/uploads\/2020\/06\/veljak_quartet16_310816.jpg\" \/>\n\t<meta property=\"og:image:width\" content=\"1024\" \/>\n\t<meta property=\"og:image:height\" content=\"683\" \/>\n\t<meta property=\"og:image:type\" content=\"image\/jpeg\" \/>\n<meta name=\"twitter:card\" content=\"summary_large_image\" \/>\n<meta name=\"twitter:label1\" content=\"Procijenjeno vrijeme \u010ditanja\" \/>\n\t<meta name=\"twitter:data1\" content=\"1 minuta\" \/>\n<script type=\"application\/ld+json\" class=\"yoast-schema-graph\">{\"@context\":\"https:\\\/\\\/schema.org\",\"@graph\":[{\"@type\":\"WebPage\",\"@id\":\"https:\\\/\\\/www.medulinriviera.info\\\/hr\\\/the-magic-of-music\\\/medulin-concert-summer\\\/\",\"url\":\"https:\\\/\\\/www.medulinriviera.info\\\/hr\\\/the-magic-of-music\\\/medulin-concert-summer\\\/\",\"name\":\"Medulin Concert Summer - Medulin Riviera\",\"isPartOf\":{\"@id\":\"https:\\\/\\\/www.medulinriviera.info\\\/hr\\\/#website\"},\"primaryImageOfPage\":{\"@id\":\"https:\\\/\\\/www.medulinriviera.info\\\/hr\\\/the-magic-of-music\\\/medulin-concert-summer\\\/#primaryimage\"},\"image\":{\"@id\":\"https:\\\/\\\/www.medulinriviera.info\\\/hr\\\/the-magic-of-music\\\/medulin-concert-summer\\\/#primaryimage\"},\"thumbnailUrl\":\"https:\\\/\\\/www.medulinriviera.info\\\/wp-content\\\/uploads\\\/2020\\\/06\\\/veljak_quartet16_310816.jpg\",\"datePublished\":\"2020-06-04T08:31:53+00:00\",\"dateModified\":\"2020-06-04T08:56:08+00:00\",\"breadcrumb\":{\"@id\":\"https:\\\/\\\/www.medulinriviera.info\\\/hr\\\/the-magic-of-music\\\/medulin-concert-summer\\\/#breadcrumb\"},\"inLanguage\":\"hr\",\"potentialAction\":[{\"@type\":\"ReadAction\",\"target\":[\"https:\\\/\\\/www.medulinriviera.info\\\/hr\\\/the-magic-of-music\\\/medulin-concert-summer\\\/\"]}]},{\"@type\":\"ImageObject\",\"inLanguage\":\"hr\",\"@id\":\"https:\\\/\\\/www.medulinriviera.info\\\/hr\\\/the-magic-of-music\\\/medulin-concert-summer\\\/#primaryimage\",\"url\":\"https:\\\/\\\/www.medulinriviera.info\\\/wp-content\\\/uploads\\\/2020\\\/06\\\/veljak_quartet16_310816.jpg\",\"contentUrl\":\"https:\\\/\\\/www.medulinriviera.info\\\/wp-content\\\/uploads\\\/2020\\\/06\\\/veljak_quartet16_310816.jpg\",\"width\":1024,\"height\":683},{\"@type\":\"BreadcrumbList\",\"@id\":\"https:\\\/\\\/www.medulinriviera.info\\\/hr\\\/the-magic-of-music\\\/medulin-concert-summer\\\/#breadcrumb\",\"itemListElement\":[{\"@type\":\"ListItem\",\"position\":1,\"name\":\"Home\",\"item\":\"https:\\\/\\\/www.medulinriviera.info\\\/hr\\\/\"},{\"@type\":\"ListItem\",\"position\":2,\"name\":\"The Magic of Music\",\"item\":\"https:\\\/\\\/www.medulinriviera.info\\\/hr\\\/the-magic-of-music\\\/\"},{\"@type\":\"ListItem\",\"position\":3,\"name\":\"Medulin Concert Summer\"}]},{\"@type\":\"WebSite\",\"@id\":\"https:\\\/\\\/www.medulinriviera.info\\\/hr\\\/#website\",\"url\":\"https:\\\/\\\/www.medulinriviera.info\\\/hr\\\/\",\"name\":\"Medulin Riviera\",\"description\":\"Plavi planet\",\"publisher\":{\"@id\":\"https:\\\/\\\/www.medulinriviera.info\\\/hr\\\/#organization\"},\"potentialAction\":[{\"@type\":\"SearchAction\",\"target\":{\"@type\":\"EntryPoint\",\"urlTemplate\":\"https:\\\/\\\/www.medulinriviera.info\\\/hr\\\/?s={search_term_string}\"},\"query-input\":{\"@type\":\"PropertyValueSpecification\",\"valueRequired\":true,\"valueName\":\"search_term_string\"}}],\"inLanguage\":\"hr\"},{\"@type\":\"Organization\",\"@id\":\"https:\\\/\\\/www.medulinriviera.info\\\/hr\\\/#organization\",\"name\":\"Medulin Riviera\",\"url\":\"https:\\\/\\\/www.medulinriviera.info\\\/hr\\\/\",\"logo\":{\"@type\":\"ImageObject\",\"inLanguage\":\"hr\",\"@id\":\"https:\\\/\\\/www.medulinriviera.info\\\/hr\\\/#\\\/schema\\\/logo\\\/image\\\/\",\"url\":\"https:\\\/\\\/www.medulinriviera.info\\\/wp-content\\\/uploads\\\/2020\\\/06\\\/logo-alt.png\",\"contentUrl\":\"https:\\\/\\\/www.medulinriviera.info\\\/wp-content\\\/uploads\\\/2020\\\/06\\\/logo-alt.png\",\"width\":264,\"height\":78,\"caption\":\"Medulin Riviera\"},\"image\":{\"@id\":\"https:\\\/\\\/www.medulinriviera.info\\\/hr\\\/#\\\/schema\\\/logo\\\/image\\\/\"},\"sameAs\":[\"https:\\\/\\\/www.facebook.com\\\/medulinriviera\\\/\",\"https:\\\/\\\/www.instagram.com\\\/medulinriviera\\\/\",\"https:\\\/\\\/www.youtube.com\\\/channel\\\/UCYdC8kYbK9OEmlmeZydpumQ\"]}]}<\/script>\n<!-- \/ Yoast SEO plugin. -->","yoast_head_json":{"title":"Medulin Concert Summer - Medulin Riviera","robots":{"index":"index","follow":"follow","max-snippet":"max-snippet:-1","max-image-preview":"max-image-preview:large","max-video-preview":"max-video-preview:-1"},"canonical":"https:\/\/www.medulinriviera.info\/hr\/the-magic-of-music\/medulin-concert-summer\/","og_locale":"hr_HR","og_type":"article","og_title":"Medulin Concert Summer - Medulin Riviera","og_description":"Koncerti klasi\u010dne glazbe tijekom ljetnih mjeseci u Medulinu se odr\u017eavaju ve\u0107 vi&scaron;e od dva desetlje\u0107a.Privla\u010de pozornost doma\u0107ih i stranih turista,...","og_url":"https:\/\/www.medulinriviera.info\/hr\/the-magic-of-music\/medulin-concert-summer\/","og_site_name":"Medulin Riviera","article_publisher":"https:\/\/www.facebook.com\/medulinriviera\/","article_modified_time":"2020-06-04T08:56:08+00:00","og_image":[{"width":1024,"height":683,"url":"https:\/\/www.medulinriviera.info\/wp-content\/uploads\/2020\/06\/veljak_quartet16_310816.jpg","type":"image\/jpeg"}],"twitter_card":"summary_large_image","twitter_misc":{"Procijenjeno vrijeme \u010ditanja":"1 minuta"},"schema":{"@context":"https:\/\/schema.org","@graph":[{"@type":"WebPage","@id":"https:\/\/www.medulinriviera.info\/hr\/the-magic-of-music\/medulin-concert-summer\/","url":"https:\/\/www.medulinriviera.info\/hr\/the-magic-of-music\/medulin-concert-summer\/","name":"Medulin Concert Summer - Medulin Riviera","isPartOf":{"@id":"https:\/\/www.medulinriviera.info\/hr\/#website"},"primaryImageOfPage":{"@id":"https:\/\/www.medulinriviera.info\/hr\/the-magic-of-music\/medulin-concert-summer\/#primaryimage"},"image":{"@id":"https:\/\/www.medulinriviera.info\/hr\/the-magic-of-music\/medulin-concert-summer\/#primaryimage"},"thumbnailUrl":"https:\/\/www.medulinriviera.info\/wp-content\/uploads\/2020\/06\/veljak_quartet16_310816.jpg","datePublished":"2020-06-04T08:31:53+00:00","dateModified":"2020-06-04T08:56:08+00:00","breadcrumb":{"@id":"https:\/\/www.medulinriviera.info\/hr\/the-magic-of-music\/medulin-concert-summer\/#breadcrumb"},"inLanguage":"hr","potentialAction":[{"@type":"ReadAction","target":["https:\/\/www.medulinriviera.info\/hr\/the-magic-of-music\/medulin-concert-summer\/"]}]},{"@type":"ImageObject","inLanguage":"hr","@id":"https:\/\/www.medulinriviera.info\/hr\/the-magic-of-music\/medulin-concert-summer\/#primaryimage","url":"https:\/\/www.medulinriviera.info\/wp-content\/uploads\/2020\/06\/veljak_quartet16_310816.jpg","contentUrl":"https:\/\/www.medulinriviera.info\/wp-content\/uploads\/2020\/06\/veljak_quartet16_310816.jpg","width":1024,"height":683},{"@type":"BreadcrumbList","@id":"https:\/\/www.medulinriviera.info\/hr\/the-magic-of-music\/medulin-concert-summer\/#breadcrumb","itemListElement":[{"@type":"ListItem","position":1,"name":"Home","item":"https:\/\/www.medulinriviera.info\/hr\/"},{"@type":"ListItem","position":2,"name":"The Magic of Music","item":"https:\/\/www.medulinriviera.info\/hr\/the-magic-of-music\/"},{"@type":"ListItem","position":3,"name":"Medulin Concert Summer"}]},{"@type":"WebSite","@id":"https:\/\/www.medulinriviera.info\/hr\/#website","url":"https:\/\/www.medulinriviera.info\/hr\/","name":"Medulin Riviera","description":"Plavi planet","publisher":{"@id":"https:\/\/www.medulinriviera.info\/hr\/#organization"},"potentialAction":[{"@type":"SearchAction","target":{"@type":"EntryPoint","urlTemplate":"https:\/\/www.medulinriviera.info\/hr\/?s={search_term_string}"},"query-input":{"@type":"PropertyValueSpecification","valueRequired":true,"valueName":"search_term_string"}}],"inLanguage":"hr"},{"@type":"Organization","@id":"https:\/\/www.medulinriviera.info\/hr\/#organization","name":"Medulin Riviera","url":"https:\/\/www.medulinriviera.info\/hr\/","logo":{"@type":"ImageObject","inLanguage":"hr","@id":"https:\/\/www.medulinriviera.info\/hr\/#\/schema\/logo\/image\/","url":"https:\/\/www.medulinriviera.info\/wp-content\/uploads\/2020\/06\/logo-alt.png","contentUrl":"https:\/\/www.medulinriviera.info\/wp-content\/uploads\/2020\/06\/logo-alt.png","width":264,"height":78,"caption":"Medulin Riviera"},"image":{"@id":"https:\/\/www.medulinriviera.info\/hr\/#\/schema\/logo\/image\/"},"sameAs":["https:\/\/www.facebook.com\/medulinriviera\/","https:\/\/www.instagram.com\/medulinriviera\/","https:\/\/www.youtube.com\/channel\/UCYdC8kYbK9OEmlmeZydpumQ"]}]}},"wpml_current_locale":"hr","wpml_translations":[{"locale":"en_US","id":10344,"post_title":"Medulin Concert Summer","href":"https:\/\/www.medulinriviera.info\/the-magic-of-music\/medulin-concert-summer\/"},{"locale":"fr_FR","id":10747,"post_title":"Medulin Concert Summer","href":"https:\/\/www.medulinriviera.info\/fr\/the-magic-of-music\/medulin-concert-summer\/"},{"locale":"de_DE","id":10735,"post_title":"Medulin Concert Summer","href":"https:\/\/www.medulinriviera.info\/de\/the-magic-of-music\/medulin-concert-summer\/"},{"locale":"it_IT","id":10741,"post_title":"Medulin Concert Summer","href":"https:\/\/www.medulinriviera.info\/it\/the-magic-of-music\/medulin-concert-summer\/"}],"_links":{"self":[{"href":"https:\/\/www.medulinriviera.info\/hr\/wp-json\/wp\/v2\/pages\/10729","targetHints":{"allow":["GET"]}}],"collection":[{"href":"https:\/\/www.medulinriviera.info\/hr\/wp-json\/wp\/v2\/pages"}],"about":[{"href":"https:\/\/www.medulinriviera.info\/hr\/wp-json\/wp\/v2\/types\/page"}],"author":[{"embeddable":true,"href":"https:\/\/www.medulinriviera.info\/hr\/wp-json\/wp\/v2\/users\/1"}],"replies":[{"embeddable":true,"href":"https:\/\/www.medulinriviera.info\/hr\/wp-json\/wp\/v2\/comments?post=10729"}],"version-history":[{"count":0,"href":"https:\/\/www.medulinriviera.info\/hr\/wp-json\/wp\/v2\/pages\/10729\/revisions"}],"up":[{"embeddable":true,"href":"https:\/\/www.medulinriviera.info\/hr\/wp-json\/wp\/v2\/pages\/10333"}],"acf:attachment":[{"embeddable":true,"href":"https:\/\/www.medulinriviera.info\/hr\/wp-json\/wp\/v2\/media\/10400"},{"embeddable":true,"href":"https:\/\/www.medulinriviera.info\/hr\/wp-json\/wp\/v2\/media\/10394"},{"embeddable":true,"href":"https:\/\/www.medulinriviera.info\/hr\/wp-json\/wp\/v2\/media\/10388"},{"embeddable":true,"href":"https:\/\/www.medulinriviera.info\/hr\/wp-json\/wp\/v2\/media\/10382"},{"embeddable":true,"href":"https:\/\/www.medulinriviera.info\/hr\/wp-json\/wp\/v2\/media\/10376"},{"embeddable":true,"href":"https:\/\/www.medulinriviera.info\/hr\/wp-json\/wp\/v2\/media\/10370"},{"embeddable":true,"href":"https:\/\/www.medulinriviera.info\/hr\/wp-json\/wp\/v2\/media\/10364"},{"embeddable":true,"href":"https:\/\/www.medulinriviera.info\/hr\/wp-json\/wp\/v2\/media\/10358"},{"embeddable":true,"href":"https:\/\/www.medulinriviera.info\/hr\/wp-json\/wp\/v2\/media\/10352"},{"embeddable":true,"href":"https:\/\/www.medulinriviera.info\/hr\/wp-json\/wp\/v2\/media\/10346"}],"wp:featuredmedia":[{"embeddable":true,"href":"https:\/\/www.medulinriviera.info\/hr\/wp-json\/wp\/v2\/media\/10346"}],"wp:attachment":[{"href":"https:\/\/www.medulinriviera.info\/hr\/wp-json\/wp\/v2\/media?parent=10729"}],"wp:term":[{"taxonomy":"classificator","embeddable":true,"href":"https:\/\/www.medulinriviera.info\/hr\/wp-json\/wp\/v2\/classificator?post=10729"}],"curies":[{"name":"wp","href":"https:\/\/api.w.org\/{rel}","templated":true}]}}