{"id":36483,"date":"2025-07-10T14:05:26","date_gmt":"2025-07-10T12:05:26","guid":{"rendered":"https:\/\/www.medulinriviera.info\/?page_id=36483"},"modified":"2025-09-05T09:48:51","modified_gmt":"2025-09-05T07:48:51","slug":"exposition","status":"publish","type":"page","link":"https:\/\/www.medulinriviera.info\/fr\/exposition\/","title":{"rendered":"Exposition"},"content":{"rendered":"\n<p>Bojan \u0160umonja &#8211; \u00ab\u00a0Un petit myst\u00e8re de la cr\u00e9ation\u00a0\u00bb<\/p>\n\n\n\n<figure class=\"wp-block-image size-full\"><img loading=\"lazy\" decoding=\"async\" width=\"392\" height=\"468\" src=\"https:\/\/www.medulinriviera.info\/wp-content\/uploads\/2025\/09\/Snimka-zaslona-2025-09-02-124330.jpg\" alt=\"\" class=\"wp-image-37252\" srcset=\"https:\/\/www.medulinriviera.info\/wp-content\/uploads\/2025\/09\/Snimka-zaslona-2025-09-02-124330.jpg 392w, https:\/\/www.medulinriviera.info\/wp-content\/uploads\/2025\/09\/Snimka-zaslona-2025-09-02-124330-251x300.jpg 251w\" sizes=\"auto, (max-width: 392px) 100vw, 392px\" \/><\/figure>\n\n\n\n<p>Bojan \u0160umonja &#8211; \u00ab&nbsp;Un petit myst\u00e8re de la cr\u00e9ation&nbsp;\u00bb<\/p>\n\n\n\n<p>Galerie de la ville natale, Crnobori, \u010cimulje 23 (Banjole), 20h.<\/p>\n\n\n\n<p>Horaires d&rsquo;ouverture de la galerie&nbsp;: 18h00 &#8211; 20h00, du 13 au 26 septembre 2025, sauf dimanche, lundi et jours f\u00e9ri\u00e9s.<br>Samedi&nbsp;: 11h00 &#8211; 13h00.<\/p>\n\n\n\n<p>En 2024, Bojan \u0160umonja a \u00e9t\u00e9 proclam\u00e9 meilleur peintre de Croatie. C&rsquo;est une grande reconnaissance pour l&rsquo;artiste et pour l&rsquo;Istrie, o\u00f9 il a cr\u00e9\u00e9 presque toute sa vie.<\/p>\n\n\n\n<p>Organisateur&nbsp;: ArsaNova<\/p>\n\n\n\n<p><\/p>\n\n\n\n<p><\/p>\n\n\n\n<p><\/p>\n\n\n\n<figure class=\"wp-block-image size-large\"><img loading=\"lazy\" decoding=\"async\" width=\"843\" height=\"1200\" src=\"https:\/\/www.medulinriviera.info\/wp-content\/uploads\/2025\/08\/MedulinArt-3-3-843x1200.jpg\" alt=\"\" class=\"wp-image-37105\" srcset=\"https:\/\/www.medulinriviera.info\/wp-content\/uploads\/2025\/08\/MedulinArt-3-3-843x1200.jpg 843w, https:\/\/www.medulinriviera.info\/wp-content\/uploads\/2025\/08\/MedulinArt-3-3-211x300.jpg 211w, https:\/\/www.medulinriviera.info\/wp-content\/uploads\/2025\/08\/MedulinArt-3-3-768x1093.jpg 768w, https:\/\/www.medulinriviera.info\/wp-content\/uploads\/2025\/08\/MedulinArt-3-3-1079x1536.jpg 1079w, https:\/\/www.medulinriviera.info\/wp-content\/uploads\/2025\/08\/MedulinArt-3-3.jpg 1124w\" sizes=\"auto, (max-width: 843px) 100vw, 843px\" \/><\/figure>\n\n\n\n<figure class=\"wp-block-image size-large\"><img loading=\"lazy\" decoding=\"async\" width=\"1122\" height=\"1200\" src=\"https:\/\/www.medulinriviera.info\/wp-content\/uploads\/2025\/08\/MedulinArt-3-1-2-1122x1200.jpg\" alt=\"\" class=\"wp-image-37111\" srcset=\"https:\/\/www.medulinriviera.info\/wp-content\/uploads\/2025\/08\/MedulinArt-3-1-2-1122x1200.jpg 1122w, https:\/\/www.medulinriviera.info\/wp-content\/uploads\/2025\/08\/MedulinArt-3-1-2-281x300.jpg 281w, https:\/\/www.medulinriviera.info\/wp-content\/uploads\/2025\/08\/MedulinArt-3-1-2-768x821.jpg 768w, https:\/\/www.medulinriviera.info\/wp-content\/uploads\/2025\/08\/MedulinArt-3-1-2.jpg 1125w\" sizes=\"auto, (max-width: 1122px) 100vw, 1122px\" \/><\/figure>\n","protected":false},"excerpt":{"rendered":"<p>Bojan \u0160umonja &#8211; \u00ab\u00a0Un petit myst\u00e8re de la cr\u00e9ation\u00a0\u00bb Bojan \u0160umonja &#8211; \u00ab&nbsp;Un petit myst\u00e8re de la cr\u00e9ation&nbsp;\u00bb Galerie de&#8230;<\/p>\n","protected":false},"author":2,"featured_media":36476,"parent":0,"menu_order":0,"comment_status":"closed","ping_status":"closed","template":"","meta":{"_acf_changed":false,"footnotes":""},"classificator":[199,428],"class_list":["post-36483","page","type-page","status-publish","has-post-thumbnail","hentry","classificator-activity","classificator-art"],"acf":{"video":"","gallery":""},"yoast_head":"<!-- This site is optimized with the Yoast SEO plugin v27.3 - https:\/\/yoast.com\/product\/yoast-seo-wordpress\/ -->\n<title>Exposition - Medulin Riviera<\/title>\n<meta name=\"robots\" content=\"index, follow, max-snippet:-1, max-image-preview:large, max-video-preview:-1\" \/>\n<link rel=\"canonical\" href=\"https:\/\/www.medulinriviera.info\/fr\/exposition\/\" \/>\n<meta property=\"og:locale\" content=\"fr_FR\" \/>\n<meta property=\"og:type\" content=\"article\" \/>\n<meta property=\"og:title\" content=\"Exposition - Medulin Riviera\" \/>\n<meta property=\"og:description\" content=\"Bojan \u0160umonja &#8211; \u00ab\u00a0Un petit myst\u00e8re de la cr\u00e9ation\u00a0\u00bb Bojan \u0160umonja &#8211; \u00ab&nbsp;Un petit myst\u00e8re de la cr\u00e9ation&nbsp;\u00bb Galerie de...\" \/>\n<meta property=\"og:url\" content=\"https:\/\/www.medulinriviera.info\/fr\/exposition\/\" \/>\n<meta property=\"og:site_name\" content=\"Medulin Riviera\" \/>\n<meta property=\"article:publisher\" content=\"https:\/\/www.facebook.com\/medulinriviera\/\" \/>\n<meta property=\"article:modified_time\" content=\"2025-09-05T07:48:51+00:00\" \/>\n<meta property=\"og:image\" content=\"https:\/\/www.medulinriviera.info\/wp-content\/uploads\/2025\/07\/Ljeto-Izlozba-student-1258137.jpg\" \/>\n\t<meta property=\"og:image:width\" content=\"2000\" \/>\n\t<meta property=\"og:image:height\" content=\"1333\" \/>\n\t<meta property=\"og:image:type\" content=\"image\/jpeg\" \/>\n<meta name=\"twitter:card\" content=\"summary_large_image\" \/>\n<meta name=\"twitter:label1\" content=\"Dur\u00e9e de lecture estim\u00e9e\" \/>\n\t<meta name=\"twitter:data1\" content=\"2 minutes\" \/>\n<script type=\"application\/ld+json\" class=\"yoast-schema-graph\">{\"@context\":\"https:\\\/\\\/schema.org\",\"@graph\":[{\"@type\":\"WebPage\",\"@id\":\"https:\\\/\\\/www.medulinriviera.info\\\/fr\\\/exposition\\\/\",\"url\":\"https:\\\/\\\/www.medulinriviera.info\\\/fr\\\/exposition\\\/\",\"name\":\"Exposition - Medulin Riviera\",\"isPartOf\":{\"@id\":\"https:\\\/\\\/www.medulinriviera.info\\\/fr\\\/#website\"},\"primaryImageOfPage\":{\"@id\":\"https:\\\/\\\/www.medulinriviera.info\\\/fr\\\/exposition\\\/#primaryimage\"},\"image\":{\"@id\":\"https:\\\/\\\/www.medulinriviera.info\\\/fr\\\/exposition\\\/#primaryimage\"},\"thumbnailUrl\":\"https:\\\/\\\/www.medulinriviera.info\\\/wp-content\\\/uploads\\\/2025\\\/07\\\/Ljeto-Izlozba-student-1258137.jpg\",\"datePublished\":\"2025-07-10T12:05:26+00:00\",\"dateModified\":\"2025-09-05T07:48:51+00:00\",\"breadcrumb\":{\"@id\":\"https:\\\/\\\/www.medulinriviera.info\\\/fr\\\/exposition\\\/#breadcrumb\"},\"inLanguage\":\"fr-FR\",\"potentialAction\":[{\"@type\":\"ReadAction\",\"target\":[\"https:\\\/\\\/www.medulinriviera.info\\\/fr\\\/exposition\\\/\"]}]},{\"@type\":\"ImageObject\",\"inLanguage\":\"fr-FR\",\"@id\":\"https:\\\/\\\/www.medulinriviera.info\\\/fr\\\/exposition\\\/#primaryimage\",\"url\":\"https:\\\/\\\/www.medulinriviera.info\\\/wp-content\\\/uploads\\\/2025\\\/07\\\/Ljeto-Izlozba-student-1258137.jpg\",\"contentUrl\":\"https:\\\/\\\/www.medulinriviera.info\\\/wp-content\\\/uploads\\\/2025\\\/07\\\/Ljeto-Izlozba-student-1258137.jpg\",\"width\":2000,\"height\":1333},{\"@type\":\"BreadcrumbList\",\"@id\":\"https:\\\/\\\/www.medulinriviera.info\\\/fr\\\/exposition\\\/#breadcrumb\",\"itemListElement\":[{\"@type\":\"ListItem\",\"position\":1,\"name\":\"Home\",\"item\":\"https:\\\/\\\/www.medulinriviera.info\\\/fr\\\/\"},{\"@type\":\"ListItem\",\"position\":2,\"name\":\"Exposition\"}]},{\"@type\":\"WebSite\",\"@id\":\"https:\\\/\\\/www.medulinriviera.info\\\/fr\\\/#website\",\"url\":\"https:\\\/\\\/www.medulinriviera.info\\\/fr\\\/\",\"name\":\"Medulin Riviera\",\"description\":\"La Plan\u00e8te bleue\",\"publisher\":{\"@id\":\"https:\\\/\\\/www.medulinriviera.info\\\/fr\\\/#organization\"},\"potentialAction\":[{\"@type\":\"SearchAction\",\"target\":{\"@type\":\"EntryPoint\",\"urlTemplate\":\"https:\\\/\\\/www.medulinriviera.info\\\/fr\\\/?s={search_term_string}\"},\"query-input\":{\"@type\":\"PropertyValueSpecification\",\"valueRequired\":true,\"valueName\":\"search_term_string\"}}],\"inLanguage\":\"fr-FR\"},{\"@type\":\"Organization\",\"@id\":\"https:\\\/\\\/www.medulinriviera.info\\\/fr\\\/#organization\",\"name\":\"Medulin Riviera\",\"url\":\"https:\\\/\\\/www.medulinriviera.info\\\/fr\\\/\",\"logo\":{\"@type\":\"ImageObject\",\"inLanguage\":\"fr-FR\",\"@id\":\"https:\\\/\\\/www.medulinriviera.info\\\/fr\\\/#\\\/schema\\\/logo\\\/image\\\/\",\"url\":\"https:\\\/\\\/www.medulinriviera.info\\\/wp-content\\\/uploads\\\/2020\\\/06\\\/logo-alt.png\",\"contentUrl\":\"https:\\\/\\\/www.medulinriviera.info\\\/wp-content\\\/uploads\\\/2020\\\/06\\\/logo-alt.png\",\"width\":264,\"height\":78,\"caption\":\"Medulin Riviera\"},\"image\":{\"@id\":\"https:\\\/\\\/www.medulinriviera.info\\\/fr\\\/#\\\/schema\\\/logo\\\/image\\\/\"},\"sameAs\":[\"https:\\\/\\\/www.facebook.com\\\/medulinriviera\\\/\",\"https:\\\/\\\/www.instagram.com\\\/medulinriviera\\\/\",\"https:\\\/\\\/www.youtube.com\\\/channel\\\/UCYdC8kYbK9OEmlmeZydpumQ\"]}]}<\/script>\n<!-- \/ Yoast SEO plugin. -->","yoast_head_json":{"title":"Exposition - Medulin Riviera","robots":{"index":"index","follow":"follow","max-snippet":"max-snippet:-1","max-image-preview":"max-image-preview:large","max-video-preview":"max-video-preview:-1"},"canonical":"https:\/\/www.medulinriviera.info\/fr\/exposition\/","og_locale":"fr_FR","og_type":"article","og_title":"Exposition - Medulin Riviera","og_description":"Bojan \u0160umonja &#8211; \u00ab\u00a0Un petit myst\u00e8re de la cr\u00e9ation\u00a0\u00bb Bojan \u0160umonja &#8211; \u00ab&nbsp;Un petit myst\u00e8re de la cr\u00e9ation&nbsp;\u00bb Galerie de...","og_url":"https:\/\/www.medulinriviera.info\/fr\/exposition\/","og_site_name":"Medulin Riviera","article_publisher":"https:\/\/www.facebook.com\/medulinriviera\/","article_modified_time":"2025-09-05T07:48:51+00:00","og_image":[{"width":2000,"height":1333,"url":"https:\/\/www.medulinriviera.info\/wp-content\/uploads\/2025\/07\/Ljeto-Izlozba-student-1258137.jpg","type":"image\/jpeg"}],"twitter_card":"summary_large_image","twitter_misc":{"Dur\u00e9e de lecture estim\u00e9e":"2 minutes"},"schema":{"@context":"https:\/\/schema.org","@graph":[{"@type":"WebPage","@id":"https:\/\/www.medulinriviera.info\/fr\/exposition\/","url":"https:\/\/www.medulinriviera.info\/fr\/exposition\/","name":"Exposition - Medulin Riviera","isPartOf":{"@id":"https:\/\/www.medulinriviera.info\/fr\/#website"},"primaryImageOfPage":{"@id":"https:\/\/www.medulinriviera.info\/fr\/exposition\/#primaryimage"},"image":{"@id":"https:\/\/www.medulinriviera.info\/fr\/exposition\/#primaryimage"},"thumbnailUrl":"https:\/\/www.medulinriviera.info\/wp-content\/uploads\/2025\/07\/Ljeto-Izlozba-student-1258137.jpg","datePublished":"2025-07-10T12:05:26+00:00","dateModified":"2025-09-05T07:48:51+00:00","breadcrumb":{"@id":"https:\/\/www.medulinriviera.info\/fr\/exposition\/#breadcrumb"},"inLanguage":"fr-FR","potentialAction":[{"@type":"ReadAction","target":["https:\/\/www.medulinriviera.info\/fr\/exposition\/"]}]},{"@type":"ImageObject","inLanguage":"fr-FR","@id":"https:\/\/www.medulinriviera.info\/fr\/exposition\/#primaryimage","url":"https:\/\/www.medulinriviera.info\/wp-content\/uploads\/2025\/07\/Ljeto-Izlozba-student-1258137.jpg","contentUrl":"https:\/\/www.medulinriviera.info\/wp-content\/uploads\/2025\/07\/Ljeto-Izlozba-student-1258137.jpg","width":2000,"height":1333},{"@type":"BreadcrumbList","@id":"https:\/\/www.medulinriviera.info\/fr\/exposition\/#breadcrumb","itemListElement":[{"@type":"ListItem","position":1,"name":"Home","item":"https:\/\/www.medulinriviera.info\/fr\/"},{"@type":"ListItem","position":2,"name":"Exposition"}]},{"@type":"WebSite","@id":"https:\/\/www.medulinriviera.info\/fr\/#website","url":"https:\/\/www.medulinriviera.info\/fr\/","name":"Medulin Riviera","description":"La Plan\u00e8te bleue","publisher":{"@id":"https:\/\/www.medulinriviera.info\/fr\/#organization"},"potentialAction":[{"@type":"SearchAction","target":{"@type":"EntryPoint","urlTemplate":"https:\/\/www.medulinriviera.info\/fr\/?s={search_term_string}"},"query-input":{"@type":"PropertyValueSpecification","valueRequired":true,"valueName":"search_term_string"}}],"inLanguage":"fr-FR"},{"@type":"Organization","@id":"https:\/\/www.medulinriviera.info\/fr\/#organization","name":"Medulin Riviera","url":"https:\/\/www.medulinriviera.info\/fr\/","logo":{"@type":"ImageObject","inLanguage":"fr-FR","@id":"https:\/\/www.medulinriviera.info\/fr\/#\/schema\/logo\/image\/","url":"https:\/\/www.medulinriviera.info\/wp-content\/uploads\/2020\/06\/logo-alt.png","contentUrl":"https:\/\/www.medulinriviera.info\/wp-content\/uploads\/2020\/06\/logo-alt.png","width":264,"height":78,"caption":"Medulin Riviera"},"image":{"@id":"https:\/\/www.medulinriviera.info\/fr\/#\/schema\/logo\/image\/"},"sameAs":["https:\/\/www.facebook.com\/medulinriviera\/","https:\/\/www.instagram.com\/medulinriviera\/","https:\/\/www.youtube.com\/channel\/UCYdC8kYbK9OEmlmeZydpumQ"]}]}},"wpml_current_locale":"fr_FR","wpml_translations":[{"locale":"hr","id":36481,"post_title":"Izlo\u017ebe","href":"https:\/\/www.medulinriviera.info\/hr\/izlozbe\/"},{"locale":"en_US","id":36473,"post_title":"Exhibitions","href":"https:\/\/www.medulinriviera.info\/exhibitions\/"},{"locale":"de_DE","id":36485,"post_title":"Ausstellungen","href":"https:\/\/www.medulinriviera.info\/de\/ausstellungen\/"},{"locale":"it_IT","id":36487,"post_title":"Mostre","href":"https:\/\/www.medulinriviera.info\/it\/mostre\/"}],"_links":{"self":[{"href":"https:\/\/www.medulinriviera.info\/fr\/wp-json\/wp\/v2\/pages\/36483","targetHints":{"allow":["GET"]}}],"collection":[{"href":"https:\/\/www.medulinriviera.info\/fr\/wp-json\/wp\/v2\/pages"}],"about":[{"href":"https:\/\/www.medulinriviera.info\/fr\/wp-json\/wp\/v2\/types\/page"}],"author":[{"embeddable":true,"href":"https:\/\/www.medulinriviera.info\/fr\/wp-json\/wp\/v2\/users\/2"}],"replies":[{"embeddable":true,"href":"https:\/\/www.medulinriviera.info\/fr\/wp-json\/wp\/v2\/comments?post=36483"}],"version-history":[{"count":5,"href":"https:\/\/www.medulinriviera.info\/fr\/wp-json\/wp\/v2\/pages\/36483\/revisions"}],"predecessor-version":[{"id":37270,"href":"https:\/\/www.medulinriviera.info\/fr\/wp-json\/wp\/v2\/pages\/36483\/revisions\/37270"}],"wp:featuredmedia":[{"embeddable":true,"href":"https:\/\/www.medulinriviera.info\/fr\/wp-json\/wp\/v2\/media\/36476"}],"wp:attachment":[{"href":"https:\/\/www.medulinriviera.info\/fr\/wp-json\/wp\/v2\/media?parent=36483"}],"wp:term":[{"taxonomy":"classificator","embeddable":true,"href":"https:\/\/www.medulinriviera.info\/fr\/wp-json\/wp\/v2\/classificator?post=36483"}],"curies":[{"name":"wp","href":"https:\/\/api.w.org\/{rel}","templated":true}]}}