{"id":29244,"date":"2023-09-12T15:18:27","date_gmt":"2023-09-12T13:18:27","guid":{"rendered":"https:\/\/www.medulinriviera.info\/?page_id=29244"},"modified":"2023-09-12T15:21:43","modified_gmt":"2023-09-12T13:21:43","slug":"tourisme-inclusif","status":"publish","type":"page","link":"https:\/\/www.medulinriviera.info\/fr\/home\/tourisme-inclusif\/","title":{"rendered":"Tourisme inclusif"},"content":{"rendered":"\n<p>Carte touristique parl\u00e9e de l&rsquo;Istrie &#8211; Le son de la petite Toscane<\/p>\n\n\n\n<p>L&rsquo;Association des Aveugles de la R\u00e9gion d&rsquo;Istrie, en collaboration avec la Soci\u00e9t\u00e9 des Guides Touristiques de Pula, a mis en \u0153uvre les projets \u00ab Le son de la petite Toscane \u00bb et \u00ab Les couleurs du tourisme inclusif \u00bb, dans le cadre desquels une carte a \u00e9t\u00e9 cr\u00e9\u00e9e. Guide touristique parl\u00e9 sur Istrie en croate et en italien pour les malvoyants et les aveugles. La carte permanente comprend 134 sites touristiques avec des monuments historiques et culturels de la p\u00e9ninsule d&rsquo;Istrie et est disponible au num\u00e9ro de t\u00e9l\u00e9phone +385 52 060 890 898, o\u00f9 l&rsquo;utilisateur s\u00e9lectionne la langue au d\u00e9but de l&rsquo;appel. Le prix du service est de 50 centimes par minute.<\/p>\n","protected":false},"excerpt":{"rendered":"<p>Carte touristique parl\u00e9e de l&rsquo;Istrie &#8211; Le son de la petite Toscane L&rsquo;Association des Aveugles de la R\u00e9gion d&rsquo;Istrie, en&#8230;<\/p>\n","protected":false},"author":2,"featured_media":17687,"parent":10,"menu_order":0,"comment_status":"closed","ping_status":"closed","template":"","meta":{"_acf_changed":false,"footnotes":""},"classificator":[],"class_list":["post-29244","page","type-page","status-publish","has-post-thumbnail","hentry"],"acf":{"video":"","gallery":[null]},"yoast_head":"<!-- This site is optimized with the Yoast SEO plugin v27.6 - https:\/\/yoast.com\/product\/yoast-seo-wordpress\/ -->\n<title>Tourisme inclusif - Medulin Riviera<\/title>\n<meta name=\"robots\" content=\"index, follow, max-snippet:-1, max-image-preview:large, max-video-preview:-1\" \/>\n<link rel=\"canonical\" href=\"https:\/\/www.medulinriviera.info\/fr\/home\/tourisme-inclusif\/\" \/>\n<meta property=\"og:locale\" content=\"fr_FR\" \/>\n<meta property=\"og:type\" content=\"article\" \/>\n<meta property=\"og:title\" content=\"Tourisme inclusif - Medulin Riviera\" \/>\n<meta property=\"og:description\" content=\"Carte touristique parl\u00e9e de l&rsquo;Istrie &#8211; Le son de la petite Toscane L&rsquo;Association des Aveugles de la R\u00e9gion d&rsquo;Istrie, en...\" \/>\n<meta property=\"og:url\" content=\"https:\/\/www.medulinriviera.info\/fr\/home\/tourisme-inclusif\/\" \/>\n<meta property=\"og:site_name\" content=\"Medulin Riviera\" \/>\n<meta property=\"article:publisher\" content=\"https:\/\/www.facebook.com\/medulinriviera\/\" \/>\n<meta property=\"article:modified_time\" content=\"2023-09-12T13:21:43+00:00\" \/>\n<meta property=\"og:image\" content=\"https:\/\/www.medulinriviera.info\/wp-content\/uploads\/2021\/04\/TZOMWEB-KamenjakBrajlica2-Studio11-scaled.jpg\" \/>\n\t<meta property=\"og:image:width\" content=\"2560\" \/>\n\t<meta property=\"og:image:height\" content=\"1706\" \/>\n\t<meta property=\"og:image:type\" content=\"image\/jpeg\" \/>\n<meta name=\"twitter:card\" content=\"summary_large_image\" \/>\n<meta name=\"twitter:label1\" content=\"Dur\u00e9e de lecture estim\u00e9e\" \/>\n\t<meta name=\"twitter:data1\" content=\"1 minute\" \/>\n<script type=\"application\/ld+json\" class=\"yoast-schema-graph\">{\"@context\":\"https:\\\/\\\/schema.org\",\"@graph\":[{\"@type\":\"WebPage\",\"@id\":\"https:\\\/\\\/www.medulinriviera.info\\\/fr\\\/home\\\/tourisme-inclusif\\\/\",\"url\":\"https:\\\/\\\/www.medulinriviera.info\\\/fr\\\/home\\\/tourisme-inclusif\\\/\",\"name\":\"Tourisme inclusif - Medulin Riviera\",\"isPartOf\":{\"@id\":\"https:\\\/\\\/www.medulinriviera.info\\\/fr\\\/#website\"},\"primaryImageOfPage\":{\"@id\":\"https:\\\/\\\/www.medulinriviera.info\\\/fr\\\/home\\\/tourisme-inclusif\\\/#primaryimage\"},\"image\":{\"@id\":\"https:\\\/\\\/www.medulinriviera.info\\\/fr\\\/home\\\/tourisme-inclusif\\\/#primaryimage\"},\"thumbnailUrl\":\"https:\\\/\\\/www.medulinriviera.info\\\/wp-content\\\/uploads\\\/2021\\\/04\\\/TZOMWEB-KamenjakBrajlica2-Studio11-scaled.jpg\",\"datePublished\":\"2023-09-12T13:18:27+00:00\",\"dateModified\":\"2023-09-12T13:21:43+00:00\",\"breadcrumb\":{\"@id\":\"https:\\\/\\\/www.medulinriviera.info\\\/fr\\\/home\\\/tourisme-inclusif\\\/#breadcrumb\"},\"inLanguage\":\"fr-FR\",\"potentialAction\":[{\"@type\":\"ReadAction\",\"target\":[\"https:\\\/\\\/www.medulinriviera.info\\\/fr\\\/home\\\/tourisme-inclusif\\\/\"]}]},{\"@type\":\"ImageObject\",\"inLanguage\":\"fr-FR\",\"@id\":\"https:\\\/\\\/www.medulinriviera.info\\\/fr\\\/home\\\/tourisme-inclusif\\\/#primaryimage\",\"url\":\"https:\\\/\\\/www.medulinriviera.info\\\/wp-content\\\/uploads\\\/2021\\\/04\\\/TZOMWEB-KamenjakBrajlica2-Studio11-scaled.jpg\",\"contentUrl\":\"https:\\\/\\\/www.medulinriviera.info\\\/wp-content\\\/uploads\\\/2021\\\/04\\\/TZOMWEB-KamenjakBrajlica2-Studio11-scaled.jpg\",\"width\":2560,\"height\":1706},{\"@type\":\"BreadcrumbList\",\"@id\":\"https:\\\/\\\/www.medulinriviera.info\\\/fr\\\/home\\\/tourisme-inclusif\\\/#breadcrumb\",\"itemListElement\":[{\"@type\":\"ListItem\",\"position\":1,\"name\":\"Home\",\"item\":\"https:\\\/\\\/www.medulinriviera.info\\\/fr\\\/\"},{\"@type\":\"ListItem\",\"position\":2,\"name\":\"Home\",\"item\":\"https:\\\/\\\/www.medulinriviera.info\\\/fr\\\/\"},{\"@type\":\"ListItem\",\"position\":3,\"name\":\"Tourisme inclusif\"}]},{\"@type\":\"WebSite\",\"@id\":\"https:\\\/\\\/www.medulinriviera.info\\\/fr\\\/#website\",\"url\":\"https:\\\/\\\/www.medulinriviera.info\\\/fr\\\/\",\"name\":\"Medulin Riviera\",\"description\":\"La Plan\u00e8te bleue\",\"publisher\":{\"@id\":\"https:\\\/\\\/www.medulinriviera.info\\\/fr\\\/#organization\"},\"potentialAction\":[{\"@type\":\"SearchAction\",\"target\":{\"@type\":\"EntryPoint\",\"urlTemplate\":\"https:\\\/\\\/www.medulinriviera.info\\\/fr\\\/?s={search_term_string}\"},\"query-input\":{\"@type\":\"PropertyValueSpecification\",\"valueRequired\":true,\"valueName\":\"search_term_string\"}}],\"inLanguage\":\"fr-FR\"},{\"@type\":\"Organization\",\"@id\":\"https:\\\/\\\/www.medulinriviera.info\\\/fr\\\/#organization\",\"name\":\"Medulin Riviera\",\"url\":\"https:\\\/\\\/www.medulinriviera.info\\\/fr\\\/\",\"logo\":{\"@type\":\"ImageObject\",\"inLanguage\":\"fr-FR\",\"@id\":\"https:\\\/\\\/www.medulinriviera.info\\\/fr\\\/#\\\/schema\\\/logo\\\/image\\\/\",\"url\":\"https:\\\/\\\/www.medulinriviera.info\\\/wp-content\\\/uploads\\\/2020\\\/06\\\/logo-alt.png\",\"contentUrl\":\"https:\\\/\\\/www.medulinriviera.info\\\/wp-content\\\/uploads\\\/2020\\\/06\\\/logo-alt.png\",\"width\":264,\"height\":78,\"caption\":\"Medulin Riviera\"},\"image\":{\"@id\":\"https:\\\/\\\/www.medulinriviera.info\\\/fr\\\/#\\\/schema\\\/logo\\\/image\\\/\"},\"sameAs\":[\"https:\\\/\\\/www.facebook.com\\\/medulinriviera\\\/\",\"https:\\\/\\\/www.instagram.com\\\/medulinriviera\\\/\",\"https:\\\/\\\/www.youtube.com\\\/channel\\\/UCYdC8kYbK9OEmlmeZydpumQ\"]}]}<\/script>\n<!-- \/ Yoast SEO plugin. -->","yoast_head_json":{"title":"Tourisme inclusif - Medulin Riviera","robots":{"index":"index","follow":"follow","max-snippet":"max-snippet:-1","max-image-preview":"max-image-preview:large","max-video-preview":"max-video-preview:-1"},"canonical":"https:\/\/www.medulinriviera.info\/fr\/home\/tourisme-inclusif\/","og_locale":"fr_FR","og_type":"article","og_title":"Tourisme inclusif - Medulin Riviera","og_description":"Carte touristique parl\u00e9e de l&rsquo;Istrie &#8211; Le son de la petite Toscane L&rsquo;Association des Aveugles de la R\u00e9gion d&rsquo;Istrie, en...","og_url":"https:\/\/www.medulinriviera.info\/fr\/home\/tourisme-inclusif\/","og_site_name":"Medulin Riviera","article_publisher":"https:\/\/www.facebook.com\/medulinriviera\/","article_modified_time":"2023-09-12T13:21:43+00:00","og_image":[{"width":2560,"height":1706,"url":"https:\/\/www.medulinriviera.info\/wp-content\/uploads\/2021\/04\/TZOMWEB-KamenjakBrajlica2-Studio11-scaled.jpg","type":"image\/jpeg"}],"twitter_card":"summary_large_image","twitter_misc":{"Dur\u00e9e de lecture estim\u00e9e":"1 minute"},"schema":{"@context":"https:\/\/schema.org","@graph":[{"@type":"WebPage","@id":"https:\/\/www.medulinriviera.info\/fr\/home\/tourisme-inclusif\/","url":"https:\/\/www.medulinriviera.info\/fr\/home\/tourisme-inclusif\/","name":"Tourisme inclusif - Medulin Riviera","isPartOf":{"@id":"https:\/\/www.medulinriviera.info\/fr\/#website"},"primaryImageOfPage":{"@id":"https:\/\/www.medulinriviera.info\/fr\/home\/tourisme-inclusif\/#primaryimage"},"image":{"@id":"https:\/\/www.medulinriviera.info\/fr\/home\/tourisme-inclusif\/#primaryimage"},"thumbnailUrl":"https:\/\/www.medulinriviera.info\/wp-content\/uploads\/2021\/04\/TZOMWEB-KamenjakBrajlica2-Studio11-scaled.jpg","datePublished":"2023-09-12T13:18:27+00:00","dateModified":"2023-09-12T13:21:43+00:00","breadcrumb":{"@id":"https:\/\/www.medulinriviera.info\/fr\/home\/tourisme-inclusif\/#breadcrumb"},"inLanguage":"fr-FR","potentialAction":[{"@type":"ReadAction","target":["https:\/\/www.medulinriviera.info\/fr\/home\/tourisme-inclusif\/"]}]},{"@type":"ImageObject","inLanguage":"fr-FR","@id":"https:\/\/www.medulinriviera.info\/fr\/home\/tourisme-inclusif\/#primaryimage","url":"https:\/\/www.medulinriviera.info\/wp-content\/uploads\/2021\/04\/TZOMWEB-KamenjakBrajlica2-Studio11-scaled.jpg","contentUrl":"https:\/\/www.medulinriviera.info\/wp-content\/uploads\/2021\/04\/TZOMWEB-KamenjakBrajlica2-Studio11-scaled.jpg","width":2560,"height":1706},{"@type":"BreadcrumbList","@id":"https:\/\/www.medulinriviera.info\/fr\/home\/tourisme-inclusif\/#breadcrumb","itemListElement":[{"@type":"ListItem","position":1,"name":"Home","item":"https:\/\/www.medulinriviera.info\/fr\/"},{"@type":"ListItem","position":2,"name":"Home","item":"https:\/\/www.medulinriviera.info\/fr\/"},{"@type":"ListItem","position":3,"name":"Tourisme inclusif"}]},{"@type":"WebSite","@id":"https:\/\/www.medulinriviera.info\/fr\/#website","url":"https:\/\/www.medulinriviera.info\/fr\/","name":"Medulin Riviera","description":"La Plan\u00e8te bleue","publisher":{"@id":"https:\/\/www.medulinriviera.info\/fr\/#organization"},"potentialAction":[{"@type":"SearchAction","target":{"@type":"EntryPoint","urlTemplate":"https:\/\/www.medulinriviera.info\/fr\/?s={search_term_string}"},"query-input":{"@type":"PropertyValueSpecification","valueRequired":true,"valueName":"search_term_string"}}],"inLanguage":"fr-FR"},{"@type":"Organization","@id":"https:\/\/www.medulinriviera.info\/fr\/#organization","name":"Medulin Riviera","url":"https:\/\/www.medulinriviera.info\/fr\/","logo":{"@type":"ImageObject","inLanguage":"fr-FR","@id":"https:\/\/www.medulinriviera.info\/fr\/#\/schema\/logo\/image\/","url":"https:\/\/www.medulinriviera.info\/wp-content\/uploads\/2020\/06\/logo-alt.png","contentUrl":"https:\/\/www.medulinriviera.info\/wp-content\/uploads\/2020\/06\/logo-alt.png","width":264,"height":78,"caption":"Medulin Riviera"},"image":{"@id":"https:\/\/www.medulinriviera.info\/fr\/#\/schema\/logo\/image\/"},"sameAs":["https:\/\/www.facebook.com\/medulinriviera\/","https:\/\/www.instagram.com\/medulinriviera\/","https:\/\/www.youtube.com\/channel\/UCYdC8kYbK9OEmlmeZydpumQ"]}]}},"wpml_current_locale":"fr_FR","wpml_translations":[{"locale":"hr","id":29242,"post_title":"Inkluzivni turizam","href":"https:\/\/www.medulinriviera.info\/hr\/home\/inkluzivni-turizam\/"},{"locale":"en_US","id":29240,"post_title":"Accessible Tourism","href":"https:\/\/www.medulinriviera.info\/home\/accessible-tourism\/"},{"locale":"de_DE","id":29246,"post_title":"Barrierefreier Tourismus","href":"https:\/\/www.medulinriviera.info\/de\/home\/barrierefreier-tourismus\/"},{"locale":"it_IT","id":29248,"post_title":"Turismo inclusivo","href":"https:\/\/www.medulinriviera.info\/it\/home\/turismo-inclusivo\/"}],"_links":{"self":[{"href":"https:\/\/www.medulinriviera.info\/fr\/wp-json\/wp\/v2\/pages\/29244","targetHints":{"allow":["GET"]}}],"collection":[{"href":"https:\/\/www.medulinriviera.info\/fr\/wp-json\/wp\/v2\/pages"}],"about":[{"href":"https:\/\/www.medulinriviera.info\/fr\/wp-json\/wp\/v2\/types\/page"}],"author":[{"embeddable":true,"href":"https:\/\/www.medulinriviera.info\/fr\/wp-json\/wp\/v2\/users\/2"}],"replies":[{"embeddable":true,"href":"https:\/\/www.medulinriviera.info\/fr\/wp-json\/wp\/v2\/comments?post=29244"}],"version-history":[{"count":1,"href":"https:\/\/www.medulinriviera.info\/fr\/wp-json\/wp\/v2\/pages\/29244\/revisions"}],"predecessor-version":[{"id":29245,"href":"https:\/\/www.medulinriviera.info\/fr\/wp-json\/wp\/v2\/pages\/29244\/revisions\/29245"}],"up":[{"embeddable":true,"href":"https:\/\/www.medulinriviera.info\/fr\/wp-json\/wp\/v2\/pages\/10"}],"acf:attachment":[{"embeddable":true,"href":"https:\/\/www.medulinriviera.info\/fr\/wp-json\/wp\/v2\/media\/"}],"wp:featuredmedia":[{"embeddable":true,"href":"https:\/\/www.medulinriviera.info\/fr\/wp-json\/wp\/v2\/media\/17687"}],"wp:attachment":[{"href":"https:\/\/www.medulinriviera.info\/fr\/wp-json\/wp\/v2\/media?parent=29244"}],"wp:term":[{"taxonomy":"classificator","embeddable":true,"href":"https:\/\/www.medulinriviera.info\/fr\/wp-json\/wp\/v2\/classificator?post=29244"}],"curies":[{"name":"wp","href":"https:\/\/api.w.org\/{rel}","templated":true}]}}