{"id":26474,"date":"2022-10-12T09:51:33","date_gmt":"2022-10-12T07:51:33","guid":{"rendered":"https:\/\/www.medulinriviera.info\/sea-treasure\/"},"modified":"2022-10-28T08:38:25","modified_gmt":"2022-10-28T06:38:25","slug":"sea-treasure","status":"publish","type":"page","link":"https:\/\/www.medulinriviera.info\/fr\/sea-treasure\/","title":{"rendered":"Tresor marin"},"content":{"rendered":"\n<p>Gr\u00e2ce \u00e0 la douceur du climat et \u00e0 plus de 2 000 heures d&rsquo;ensoleillement par an, la Riviera de Medulin est un excellent choix pour vos vacances en toute saison.\nBeaucoup choisissent la Riviera de Medulin comme destination de vacances en \u00e9t\u00e9 o\u00f9 on peut profiter non seulement de la mer et bronzer sur <a href=\"https:\/\/www.medulinriviera.info\/fr\/beaches\/\">ses plages<\/a> mais aussi de nombreuses et diverses <a href=\"https:\/\/www.medulinriviera.info\/fr\/activities\/\">activit\u00e9s sur et dans l&rsquo;eau<\/a>.\nEt quand ce n&rsquo;est pas le moment de se baigner, en automne, au printemps et en hiver, on peut se promener le long des innombrables <a href=\"https:\/\/www.medulinriviera.info\/fr\/activities\/walking-routes\/\">sentiers de randonn\u00e9e<\/a> ou <a href=\"https:\/\/www.medulinriviera.info\/fr\/activities\/cycling\/\">faire du v\u00e9lo en bord de mer<\/a>.<\/p>\n\n\n\n<p>Mais la mer et ses eaux turquoise qui entourent la Riviera de Medulin est bien plus que cela. Dans ses profondeurs, elle cache un monde diversifi\u00e9 que vous pourrez <a href=\"https:\/\/www.medulinriviera.info\/fr\/activities\/diving\/\">d\u00e9couvrir en plongeant<\/a> ou en faisant du simple <a href=\"https:\/\/www.medulinriviera.info\/fr\/attraction\/plongee-en-apnee-au-cap-kamenjak\/\">\u00ab snorkeling \u00bb<\/a> (plong\u00e9e en apn\u00e9e).<\/p>\n\n\n\n<div class=\"wp-block-cover is-light\"><span aria-hidden=\"true\" class=\"wp-block-cover__background has-background-dim\"><\/span><div class=\"wp-block-cover__inner-container is-layout-flow wp-block-cover-is-layout-flow\">\n<div class=\"wp-block-group\"><div class=\"wp-block-group__inner-container is-layout-flow wp-block-group-is-layout-flow\">\n<figure class=\"wp-block-gallery has-nested-images columns-default is-cropped wp-block-gallery-1 is-layout-flex wp-block-gallery-is-layout-flex\">\n<figure class=\"wp-block-image size-large\"><img loading=\"lazy\" decoding=\"async\" width=\"2000\" height=\"1331\" data-id=\"26931\" src=\"https:\/\/www.medulinriviera.info\/wp-content\/uploads\/2022\/10\/WEB-UW-Ceja-66.jpg\" alt=\"\" class=\"wp-image-26931\" srcset=\"https:\/\/www.medulinriviera.info\/wp-content\/uploads\/2022\/10\/WEB-UW-Ceja-66.jpg 2000w, https:\/\/www.medulinriviera.info\/wp-content\/uploads\/2022\/10\/WEB-UW-Ceja-66-300x200.jpg 300w, https:\/\/www.medulinriviera.info\/wp-content\/uploads\/2022\/10\/WEB-UW-Ceja-66-1600x1065.jpg 1600w, https:\/\/www.medulinriviera.info\/wp-content\/uploads\/2022\/10\/WEB-UW-Ceja-66-768x511.jpg 768w, https:\/\/www.medulinriviera.info\/wp-content\/uploads\/2022\/10\/WEB-UW-Ceja-66-1536x1022.jpg 1536w\" sizes=\"auto, (max-width: 2000px) 100vw, 2000px\" \/><\/figure>\n\n\n\n<figure class=\"wp-block-image size-large\"><img loading=\"lazy\" decoding=\"async\" width=\"2000\" height=\"1331\" data-id=\"26937\" src=\"https:\/\/www.medulinriviera.info\/wp-content\/uploads\/2022\/10\/WEB-UW-Fraskeric-10.jpg\" alt=\"\" class=\"wp-image-26937\" srcset=\"https:\/\/www.medulinriviera.info\/wp-content\/uploads\/2022\/10\/WEB-UW-Fraskeric-10.jpg 2000w, https:\/\/www.medulinriviera.info\/wp-content\/uploads\/2022\/10\/WEB-UW-Fraskeric-10-300x200.jpg 300w, https:\/\/www.medulinriviera.info\/wp-content\/uploads\/2022\/10\/WEB-UW-Fraskeric-10-1600x1065.jpg 1600w, https:\/\/www.medulinriviera.info\/wp-content\/uploads\/2022\/10\/WEB-UW-Fraskeric-10-768x511.jpg 768w, https:\/\/www.medulinriviera.info\/wp-content\/uploads\/2022\/10\/WEB-UW-Fraskeric-10-1536x1022.jpg 1536w\" sizes=\"auto, (max-width: 2000px) 100vw, 2000px\" \/><\/figure>\n\n\n\n<figure class=\"wp-block-image size-large\"><img loading=\"lazy\" decoding=\"async\" width=\"1300\" height=\"1954\" data-id=\"26943\" src=\"https:\/\/www.medulinriviera.info\/wp-content\/uploads\/2022\/10\/WEB-UW-Kolumbarica-100.jpg\" alt=\"\" class=\"wp-image-26943\" srcset=\"https:\/\/www.medulinriviera.info\/wp-content\/uploads\/2022\/10\/WEB-UW-Kolumbarica-100.jpg 1300w, https:\/\/www.medulinriviera.info\/wp-content\/uploads\/2022\/10\/WEB-UW-Kolumbarica-100-200x300.jpg 200w, https:\/\/www.medulinriviera.info\/wp-content\/uploads\/2022\/10\/WEB-UW-Kolumbarica-100-798x1200.jpg 798w, https:\/\/www.medulinriviera.info\/wp-content\/uploads\/2022\/10\/WEB-UW-Kolumbarica-100-768x1154.jpg 768w, https:\/\/www.medulinriviera.info\/wp-content\/uploads\/2022\/10\/WEB-UW-Kolumbarica-100-1022x1536.jpg 1022w\" sizes=\"auto, (max-width: 1300px) 100vw, 1300px\" \/><\/figure>\n\n\n\n<figure class=\"wp-block-image size-large\"><img loading=\"lazy\" decoding=\"async\" width=\"2000\" height=\"1333\" data-id=\"26079\" src=\"https:\/\/www.medulinriviera.info\/wp-content\/uploads\/2022\/09\/DSC00457-scaled.jpg\" alt=\"\" class=\"wp-image-26079\" srcset=\"https:\/\/www.medulinriviera.info\/wp-content\/uploads\/2022\/09\/DSC00457-scaled.jpg 2000w, https:\/\/www.medulinriviera.info\/wp-content\/uploads\/2022\/09\/DSC00457-300x200.jpg 300w, https:\/\/www.medulinriviera.info\/wp-content\/uploads\/2022\/09\/DSC00457-1600x1067.jpg 1600w, https:\/\/www.medulinriviera.info\/wp-content\/uploads\/2022\/09\/DSC00457-768x512.jpg 768w, https:\/\/www.medulinriviera.info\/wp-content\/uploads\/2022\/09\/DSC00457-1536x1024.jpg 1536w, https:\/\/www.medulinriviera.info\/wp-content\/uploads\/2022\/09\/DSC00457-2048x1365.jpg 2048w\" sizes=\"auto, (max-width: 2000px) 100vw, 2000px\" \/><\/figure>\n\n\n\n<figure class=\"wp-block-image size-large\"><img loading=\"lazy\" decoding=\"async\" width=\"1345\" height=\"2025\" data-id=\"12318\" src=\"https:\/\/www.medulinriviera.info\/wp-content\/uploads\/2020\/05\/Banjole-Header-3.jpg\" alt=\"\" class=\"wp-image-12318\" srcset=\"https:\/\/www.medulinriviera.info\/wp-content\/uploads\/2020\/05\/Banjole-Header-3.jpg 1345w, https:\/\/www.medulinriviera.info\/wp-content\/uploads\/2020\/05\/Banjole-Header-3-199x300.jpg 199w, https:\/\/www.medulinriviera.info\/wp-content\/uploads\/2020\/05\/Banjole-Header-3-797x1200.jpg 797w, https:\/\/www.medulinriviera.info\/wp-content\/uploads\/2020\/05\/Banjole-Header-3-768x1156.jpg 768w, https:\/\/www.medulinriviera.info\/wp-content\/uploads\/2020\/05\/Banjole-Header-3-1020x1536.jpg 1020w\" sizes=\"auto, (max-width: 1345px) 100vw, 1345px\" \/><\/figure>\n\n\n\n<figure class=\"wp-block-image size-large\"><img loading=\"lazy\" decoding=\"async\" width=\"427\" height=\"284\" data-id=\"11539\" src=\"https:\/\/www.medulinriviera.info\/wp-content\/uploads\/2020\/06\/34b_PlodoviMora1.jpg\" alt=\"\" class=\"wp-image-11539\" srcset=\"https:\/\/www.medulinriviera.info\/wp-content\/uploads\/2020\/06\/34b_PlodoviMora1.jpg 427w, https:\/\/www.medulinriviera.info\/wp-content\/uploads\/2020\/06\/34b_PlodoviMora1-300x200.jpg 300w\" sizes=\"auto, (max-width: 427px) 100vw, 427px\" \/><\/figure>\n\n\n\n<figure class=\"wp-block-image size-large\"><img loading=\"lazy\" decoding=\"async\" width=\"240\" height=\"361\" data-id=\"11527\" src=\"https:\/\/www.medulinriviera.info\/wp-content\/uploads\/2020\/06\/37b-Riba.jpg\" alt=\"\" class=\"wp-image-11527\" srcset=\"https:\/\/www.medulinriviera.info\/wp-content\/uploads\/2020\/06\/37b-Riba.jpg 240w, https:\/\/www.medulinriviera.info\/wp-content\/uploads\/2020\/06\/37b-Riba-199x300.jpg 199w\" sizes=\"auto, (max-width: 240px) 100vw, 240px\" \/><\/figure>\n\n\n\n<figure class=\"wp-block-image size-large\"><img loading=\"lazy\" decoding=\"async\" width=\"240\" height=\"361\" data-id=\"11521\" src=\"https:\/\/www.medulinriviera.info\/wp-content\/uploads\/2020\/06\/38b-Skoljke.jpg\" alt=\"\" class=\"wp-image-11521\" srcset=\"https:\/\/www.medulinriviera.info\/wp-content\/uploads\/2020\/06\/38b-Skoljke.jpg 240w, https:\/\/www.medulinriviera.info\/wp-content\/uploads\/2020\/06\/38b-Skoljke-199x300.jpg 199w\" sizes=\"auto, (max-width: 240px) 100vw, 240px\" \/><\/figure>\n\n\n\n<figure class=\"wp-block-image size-large\"><img loading=\"lazy\" decoding=\"async\" width=\"240\" height=\"361\" data-id=\"11533\" src=\"https:\/\/www.medulinriviera.info\/wp-content\/uploads\/2020\/06\/36b-Kapesante.jpg\" alt=\"\" class=\"wp-image-11533\" srcset=\"https:\/\/www.medulinriviera.info\/wp-content\/uploads\/2020\/06\/36b-Kapesante.jpg 240w, https:\/\/www.medulinriviera.info\/wp-content\/uploads\/2020\/06\/36b-Kapesante-199x300.jpg 199w\" sizes=\"auto, (max-width: 240px) 100vw, 240px\" \/><\/figure>\n<\/figure>\n<\/div><\/div>\n<\/div><\/div>\n\n\n\n<p>Les diff\u00e9rents types de poissons, coquillages et autres fruits de mer que vous d\u00e9couvrirez en plongeant sont ramen\u00e9s par nos p\u00eacheurs exp\u00e9riment\u00e9s, et vous pourrez les d\u00e9guster sur les tables de nos restaurants. Vous r\u00e9jouirez aussi vos papilles avec les saveurs des meilleures sp\u00e9cialit\u00e9s pr\u00e9par\u00e9es \u00e0 partir de divers fruits de mer. Nous vous conseillons vivement le poisson frais pr\u00e9par\u00e9 de diverses mani\u00e8res, le brodet- rago\u00fbt de poisson, le crabe, mais aussi le risotto \u00e0 l&rsquo;encre de seiche.<\/p>\n\n\n\n<p>Si vous passez vos vacances avec nous pendant les mois d&rsquo;\u00e9t\u00e9, ne manquez pas de participer \u00e0 nos \u00e9v\u00e9nements festifs, comme le Festival Hook &amp; Cook et Les soir\u00e9es des p\u00eacheurs, qui repr\u00e9sentent chacun \u00e0 leur mani\u00e8re notre lien avec la mer.<\/p>\n\n\n\n<p><strong>Le festival Hook &amp; Cook<\/strong>, qui se d\u00e9roule \u00e0 Medulin sur le quai de p\u00eache, rapproche la tradition de p\u00eache de cette r\u00e9gion des jeunes g\u00e9n\u00e9rations d&rsquo;une mani\u00e8re cr\u00e9ative et moderne, unissant la musique urbaine et le concept de la cuisine de rue \u201estreet food\u201c en un seul endroit.<\/p>\n\n\n\n<figure class=\"wp-block-embed is-type-video is-provider-youtube wp-block-embed-youtube wp-embed-aspect-16-9 wp-has-aspect-ratio\"><div class=\"wp-block-embed__wrapper\">\n<iframe loading=\"lazy\" title=\"Hook &amp; Cook Festival - Medulin Riviera - August 2022\" width=\"500\" height=\"281\" src=\"https:\/\/www.youtube.com\/embed\/LQtQ-8NfQRY?feature=oembed\" frameborder=\"0\" allow=\"accelerometer; autoplay; clipboard-write; encrypted-media; gyroscope; picture-in-picture; web-share\" referrerpolicy=\"strict-origin-when-cross-origin\" allowfullscreen><\/iframe>\n<\/div><\/figure>\n\n\n\n<p>Le festival Hook &amp; Cook, en tant qu&rsquo;\u00e9v\u00e9nement gastronomique, c\u00e9l\u00e8bre l&rsquo;amour de la mer, et r\u00e9unit p\u00eacheurs, chefs de cuisine et musiciens, dans le but de rapprocher les sp\u00e9cialit\u00e9s de la mer d&rsquo;un public plus large. Les meilleurs chefs, m\u00eame ceux qui ont des recommandations Michelin, cuisinent sur des bateaux et pr\u00e9parent des plats \u00e0 partir des prises des p\u00eacheurs de Medulin. Au cours de cette v\u00e9ritable aventure gastronomique, des plats \u00e0 base de poisson bleu, qui est trop souvent n\u00e9glig\u00e9 mais qui a de grandes propri\u00e9t\u00e9s pour notre sant\u00e9, sont toujours propos\u00e9s, ainsi que des burgers au thon. Cet \u00e9t\u00e9 des \u00ab bowe \u00bb de thon, des \u00ab balik ekmek \u00bb, du \u00ab filet o&rsquo; bun \u00bb et du \u00ab t-skune \u00bb au thon ont \u00e9t\u00e9 pr\u00e9par\u00e9s. Qui sait quelle nouveaut\u00e9 nous attend l&rsquo;ann\u00e9e prochaine ?<\/p>\n\n\n\n<p>L&rsquo;histoire de la mer et du poisson est racont\u00e9e de mani\u00e8re plus traditionnelle lors des <a href=\"https:\/\/www.medulinriviera.info\/fr\/the-magic-of-music\/fishermens-a-cappella-nights\/\">Soir\u00e9es de chansons de KLAPA<\/a>. Assurez-vous de les voir et de les \u00e9couter, surtout en juillet et ao\u00fbt lorsqu&rsquo;elles ont lieu \u00e0 Medulin et Premantura. Vous pourrez participer \u00e0 ces soir\u00e9es de chants de KLAPA en d\u00e9gustant des sardines grill\u00e9es, la fa\u00e7on la plus simple et la plus courante de pr\u00e9parer ce d\u00e9lice marin, boire un verre de vin local et vous d\u00e9tendre comme le faisaient nos anc\u00eatres. Et, dans un autre lieu proche, les plus jeunes pourront participer activement \u00e0 diverses activit\u00e9s li\u00e9es \u00e0 la p\u00eache.<\/p>\n\n\n\n<figure class=\"wp-block-embed is-type-video is-provider-youtube wp-block-embed-youtube wp-embed-aspect-16-9 wp-has-aspect-ratio\"><div class=\"wp-block-embed__wrapper\">\n<iframe loading=\"lazy\" title=\"Ribarske klapske ve\u010deri 2022 - Medulin Riviera\" width=\"500\" height=\"281\" src=\"https:\/\/www.youtube.com\/embed\/UJvTXuJDEZk?feature=oembed\" frameborder=\"0\" allow=\"accelerometer; autoplay; clipboard-write; encrypted-media; gyroscope; picture-in-picture; web-share\" referrerpolicy=\"strict-origin-when-cross-origin\" allowfullscreen><\/iframe>\n<\/div><\/figure>\n\n\n\n<p>Si vous d\u00e9cidez de visiter la Riviera de Medulin en dehors de la grande saison touristique, recherchez une exposition en plein air \u00ab\u00a0L&rsquo;art de la p\u00eache &#8211; l&rsquo;art de vivre\u00a0\u00bb dans l&rsquo;un de nos villages, o\u00f9 la tradition de cette r\u00e9gion &#8211; la p\u00eache &#8211; est pr\u00e9sent\u00e9e sur de grands panneaux. Sont \u00e9galement expos\u00e9s des outils de p\u00eache, tels que des cannes \u00e0 p\u00eache, des palangres, des accessoires pour raccommoder les filets, ainsi qu&rsquo;une r\u00e9plique d&rsquo;un batana &#8211; le bateau de p\u00eache traditionnel de cette r\u00e9gion &#8211; construit sp\u00e9cialement pour cette occasion.<\/p>\n\n\n\n<figure class=\"wp-block-embed is-type-video is-provider-youtube wp-block-embed-youtube wp-embed-aspect-16-9 wp-has-aspect-ratio\"><div class=\"wp-block-embed__wrapper\">\n<iframe loading=\"lazy\" title=\"The Art of Fishing \u2013 The Art of Living\" width=\"500\" height=\"281\" src=\"https:\/\/www.youtube.com\/embed\/ta_TofqN6Mc?feature=oembed\" frameborder=\"0\" allow=\"accelerometer; autoplay; clipboard-write; encrypted-media; gyroscope; picture-in-picture; web-share\" referrerpolicy=\"strict-origin-when-cross-origin\" allowfullscreen><\/iframe>\n<\/div><\/figure>\n\n\n\n<p>Si vous voulez attraper quelque chose vous-m\u00eame, nous vous recommandons vivement d&rsquo;essayer la p\u00eache au gros en mer <a href=\"https:\/\/www.medulinriviera.info\/fr\/attraction\/big-game-fishing\/\">\u201ele big game fishing\u201c<\/a>. Ce sera une belle aventure en pleine mer pr\u00e8s de Kamenjak et de l&rsquo;archipel de Medulin. Vous embarquerez dans cette aventure sur un bateau de dix m\u00e8tres avec un \u00e9quipement complet, accompagn\u00e9 d&rsquo;un skipper exp\u00e9riment\u00e9, et qui sait, peut-\u00eatre attraperez-vous un gros poisson&#8230;<\/p>\n","protected":false},"excerpt":{"rendered":"<p>Gr\u00e2ce \u00e0 la douceur du climat et \u00e0 plus de 2 000 heures d&rsquo;ensoleillement par an, la Riviera de Medulin&#8230;<\/p>\n","protected":false},"author":2,"featured_media":26466,"parent":0,"menu_order":0,"comment_status":"closed","ping_status":"closed","template":"","meta":{"_acf_changed":false,"footnotes":""},"classificator":[],"class_list":["post-26474","page","type-page","status-publish","has-post-thumbnail","hentry"],"acf":{"video":"","gallery":null},"yoast_head":"<!-- This site is optimized with the Yoast SEO plugin v27.6 - https:\/\/yoast.com\/product\/yoast-seo-wordpress\/ -->\n<title>Tresor marin - Medulin Riviera<\/title>\n<meta name=\"robots\" content=\"index, follow, max-snippet:-1, max-image-preview:large, max-video-preview:-1\" \/>\n<link rel=\"canonical\" href=\"https:\/\/www.medulinriviera.info\/fr\/sea-treasure\/\" \/>\n<meta property=\"og:locale\" content=\"fr_FR\" \/>\n<meta property=\"og:type\" content=\"article\" \/>\n<meta property=\"og:title\" content=\"Tresor marin - Medulin Riviera\" \/>\n<meta property=\"og:description\" content=\"Gr\u00e2ce \u00e0 la douceur du climat et \u00e0 plus de 2 000 heures d&rsquo;ensoleillement par an, la Riviera de Medulin...\" \/>\n<meta property=\"og:url\" content=\"https:\/\/www.medulinriviera.info\/fr\/sea-treasure\/\" \/>\n<meta property=\"og:site_name\" content=\"Medulin Riviera\" \/>\n<meta property=\"article:publisher\" content=\"https:\/\/www.facebook.com\/medulinriviera\/\" \/>\n<meta property=\"article:modified_time\" content=\"2022-10-28T06:38:25+00:00\" \/>\n<meta property=\"og:image\" content=\"https:\/\/www.medulinriviera.info\/wp-content\/uploads\/2022\/10\/DSC09671-scaled.jpg\" \/>\n\t<meta property=\"og:image:width\" content=\"2560\" \/>\n\t<meta property=\"og:image:height\" content=\"1707\" \/>\n\t<meta property=\"og:image:type\" content=\"image\/jpeg\" \/>\n<meta name=\"twitter:card\" content=\"summary_large_image\" \/>\n<meta name=\"twitter:label1\" content=\"Dur\u00e9e de lecture estim\u00e9e\" \/>\n\t<meta name=\"twitter:data1\" content=\"6 minutes\" \/>\n<script type=\"application\/ld+json\" class=\"yoast-schema-graph\">{\"@context\":\"https:\\\/\\\/schema.org\",\"@graph\":[{\"@type\":\"WebPage\",\"@id\":\"https:\\\/\\\/www.medulinriviera.info\\\/fr\\\/sea-treasure\\\/\",\"url\":\"https:\\\/\\\/www.medulinriviera.info\\\/fr\\\/sea-treasure\\\/\",\"name\":\"Tresor marin - Medulin Riviera\",\"isPartOf\":{\"@id\":\"https:\\\/\\\/www.medulinriviera.info\\\/fr\\\/#website\"},\"primaryImageOfPage\":{\"@id\":\"https:\\\/\\\/www.medulinriviera.info\\\/fr\\\/sea-treasure\\\/#primaryimage\"},\"image\":{\"@id\":\"https:\\\/\\\/www.medulinriviera.info\\\/fr\\\/sea-treasure\\\/#primaryimage\"},\"thumbnailUrl\":\"https:\\\/\\\/www.medulinriviera.info\\\/wp-content\\\/uploads\\\/2022\\\/10\\\/DSC09671-scaled.jpg\",\"datePublished\":\"2022-10-12T07:51:33+00:00\",\"dateModified\":\"2022-10-28T06:38:25+00:00\",\"breadcrumb\":{\"@id\":\"https:\\\/\\\/www.medulinriviera.info\\\/fr\\\/sea-treasure\\\/#breadcrumb\"},\"inLanguage\":\"fr-FR\",\"potentialAction\":[{\"@type\":\"ReadAction\",\"target\":[\"https:\\\/\\\/www.medulinriviera.info\\\/fr\\\/sea-treasure\\\/\"]}]},{\"@type\":\"ImageObject\",\"inLanguage\":\"fr-FR\",\"@id\":\"https:\\\/\\\/www.medulinriviera.info\\\/fr\\\/sea-treasure\\\/#primaryimage\",\"url\":\"https:\\\/\\\/www.medulinriviera.info\\\/wp-content\\\/uploads\\\/2022\\\/10\\\/DSC09671-scaled.jpg\",\"contentUrl\":\"https:\\\/\\\/www.medulinriviera.info\\\/wp-content\\\/uploads\\\/2022\\\/10\\\/DSC09671-scaled.jpg\",\"width\":2560,\"height\":1707},{\"@type\":\"BreadcrumbList\",\"@id\":\"https:\\\/\\\/www.medulinriviera.info\\\/fr\\\/sea-treasure\\\/#breadcrumb\",\"itemListElement\":[{\"@type\":\"ListItem\",\"position\":1,\"name\":\"Home\",\"item\":\"https:\\\/\\\/www.medulinriviera.info\\\/fr\\\/\"},{\"@type\":\"ListItem\",\"position\":2,\"name\":\"Tresor marin\"}]},{\"@type\":\"WebSite\",\"@id\":\"https:\\\/\\\/www.medulinriviera.info\\\/fr\\\/#website\",\"url\":\"https:\\\/\\\/www.medulinriviera.info\\\/fr\\\/\",\"name\":\"Medulin Riviera\",\"description\":\"La Plan\u00e8te bleue\",\"publisher\":{\"@id\":\"https:\\\/\\\/www.medulinriviera.info\\\/fr\\\/#organization\"},\"potentialAction\":[{\"@type\":\"SearchAction\",\"target\":{\"@type\":\"EntryPoint\",\"urlTemplate\":\"https:\\\/\\\/www.medulinriviera.info\\\/fr\\\/?s={search_term_string}\"},\"query-input\":{\"@type\":\"PropertyValueSpecification\",\"valueRequired\":true,\"valueName\":\"search_term_string\"}}],\"inLanguage\":\"fr-FR\"},{\"@type\":\"Organization\",\"@id\":\"https:\\\/\\\/www.medulinriviera.info\\\/fr\\\/#organization\",\"name\":\"Medulin Riviera\",\"url\":\"https:\\\/\\\/www.medulinriviera.info\\\/fr\\\/\",\"logo\":{\"@type\":\"ImageObject\",\"inLanguage\":\"fr-FR\",\"@id\":\"https:\\\/\\\/www.medulinriviera.info\\\/fr\\\/#\\\/schema\\\/logo\\\/image\\\/\",\"url\":\"https:\\\/\\\/www.medulinriviera.info\\\/wp-content\\\/uploads\\\/2020\\\/06\\\/logo-alt.png\",\"contentUrl\":\"https:\\\/\\\/www.medulinriviera.info\\\/wp-content\\\/uploads\\\/2020\\\/06\\\/logo-alt.png\",\"width\":264,\"height\":78,\"caption\":\"Medulin Riviera\"},\"image\":{\"@id\":\"https:\\\/\\\/www.medulinriviera.info\\\/fr\\\/#\\\/schema\\\/logo\\\/image\\\/\"},\"sameAs\":[\"https:\\\/\\\/www.facebook.com\\\/medulinriviera\\\/\",\"https:\\\/\\\/www.instagram.com\\\/medulinriviera\\\/\",\"https:\\\/\\\/www.youtube.com\\\/channel\\\/UCYdC8kYbK9OEmlmeZydpumQ\"]}]}<\/script>\n<!-- \/ Yoast SEO plugin. -->","yoast_head_json":{"title":"Tresor marin - Medulin Riviera","robots":{"index":"index","follow":"follow","max-snippet":"max-snippet:-1","max-image-preview":"max-image-preview:large","max-video-preview":"max-video-preview:-1"},"canonical":"https:\/\/www.medulinriviera.info\/fr\/sea-treasure\/","og_locale":"fr_FR","og_type":"article","og_title":"Tresor marin - Medulin Riviera","og_description":"Gr\u00e2ce \u00e0 la douceur du climat et \u00e0 plus de 2 000 heures d&rsquo;ensoleillement par an, la Riviera de Medulin...","og_url":"https:\/\/www.medulinriviera.info\/fr\/sea-treasure\/","og_site_name":"Medulin Riviera","article_publisher":"https:\/\/www.facebook.com\/medulinriviera\/","article_modified_time":"2022-10-28T06:38:25+00:00","og_image":[{"width":2560,"height":1707,"url":"https:\/\/www.medulinriviera.info\/wp-content\/uploads\/2022\/10\/DSC09671-scaled.jpg","type":"image\/jpeg"}],"twitter_card":"summary_large_image","twitter_misc":{"Dur\u00e9e de lecture estim\u00e9e":"6 minutes"},"schema":{"@context":"https:\/\/schema.org","@graph":[{"@type":"WebPage","@id":"https:\/\/www.medulinriviera.info\/fr\/sea-treasure\/","url":"https:\/\/www.medulinriviera.info\/fr\/sea-treasure\/","name":"Tresor marin - Medulin Riviera","isPartOf":{"@id":"https:\/\/www.medulinriviera.info\/fr\/#website"},"primaryImageOfPage":{"@id":"https:\/\/www.medulinriviera.info\/fr\/sea-treasure\/#primaryimage"},"image":{"@id":"https:\/\/www.medulinriviera.info\/fr\/sea-treasure\/#primaryimage"},"thumbnailUrl":"https:\/\/www.medulinriviera.info\/wp-content\/uploads\/2022\/10\/DSC09671-scaled.jpg","datePublished":"2022-10-12T07:51:33+00:00","dateModified":"2022-10-28T06:38:25+00:00","breadcrumb":{"@id":"https:\/\/www.medulinriviera.info\/fr\/sea-treasure\/#breadcrumb"},"inLanguage":"fr-FR","potentialAction":[{"@type":"ReadAction","target":["https:\/\/www.medulinriviera.info\/fr\/sea-treasure\/"]}]},{"@type":"ImageObject","inLanguage":"fr-FR","@id":"https:\/\/www.medulinriviera.info\/fr\/sea-treasure\/#primaryimage","url":"https:\/\/www.medulinriviera.info\/wp-content\/uploads\/2022\/10\/DSC09671-scaled.jpg","contentUrl":"https:\/\/www.medulinriviera.info\/wp-content\/uploads\/2022\/10\/DSC09671-scaled.jpg","width":2560,"height":1707},{"@type":"BreadcrumbList","@id":"https:\/\/www.medulinriviera.info\/fr\/sea-treasure\/#breadcrumb","itemListElement":[{"@type":"ListItem","position":1,"name":"Home","item":"https:\/\/www.medulinriviera.info\/fr\/"},{"@type":"ListItem","position":2,"name":"Tresor marin"}]},{"@type":"WebSite","@id":"https:\/\/www.medulinriviera.info\/fr\/#website","url":"https:\/\/www.medulinriviera.info\/fr\/","name":"Medulin Riviera","description":"La Plan\u00e8te bleue","publisher":{"@id":"https:\/\/www.medulinriviera.info\/fr\/#organization"},"potentialAction":[{"@type":"SearchAction","target":{"@type":"EntryPoint","urlTemplate":"https:\/\/www.medulinriviera.info\/fr\/?s={search_term_string}"},"query-input":{"@type":"PropertyValueSpecification","valueRequired":true,"valueName":"search_term_string"}}],"inLanguage":"fr-FR"},{"@type":"Organization","@id":"https:\/\/www.medulinriviera.info\/fr\/#organization","name":"Medulin Riviera","url":"https:\/\/www.medulinriviera.info\/fr\/","logo":{"@type":"ImageObject","inLanguage":"fr-FR","@id":"https:\/\/www.medulinriviera.info\/fr\/#\/schema\/logo\/image\/","url":"https:\/\/www.medulinriviera.info\/wp-content\/uploads\/2020\/06\/logo-alt.png","contentUrl":"https:\/\/www.medulinriviera.info\/wp-content\/uploads\/2020\/06\/logo-alt.png","width":264,"height":78,"caption":"Medulin Riviera"},"image":{"@id":"https:\/\/www.medulinriviera.info\/fr\/#\/schema\/logo\/image\/"},"sameAs":["https:\/\/www.facebook.com\/medulinriviera\/","https:\/\/www.instagram.com\/medulinriviera\/","https:\/\/www.youtube.com\/channel\/UCYdC8kYbK9OEmlmeZydpumQ"]}]}},"wpml_current_locale":"fr_FR","wpml_translations":[{"locale":"hr","id":26472,"post_title":"Sea Treasure","href":"https:\/\/www.medulinriviera.info\/hr\/sea-treasure\/"},{"locale":"en_US","id":26463,"post_title":"Sea Treasure","href":"https:\/\/www.medulinriviera.info\/sea-treasure\/"},{"locale":"de_DE","id":26476,"post_title":"Sea Treasure","href":"https:\/\/www.medulinriviera.info\/de\/sea-treasure\/"},{"locale":"it_IT","id":26478,"post_title":"Sea treasure","href":"https:\/\/www.medulinriviera.info\/it\/sea-treasure\/"},{"locale":"sl_SI","id":26968,"post_title":"Sea Treasure","href":"https:\/\/www.medulinriviera.info\/sl\/sea-treasure\/"}],"_links":{"self":[{"href":"https:\/\/www.medulinriviera.info\/fr\/wp-json\/wp\/v2\/pages\/26474","targetHints":{"allow":["GET"]}}],"collection":[{"href":"https:\/\/www.medulinriviera.info\/fr\/wp-json\/wp\/v2\/pages"}],"about":[{"href":"https:\/\/www.medulinriviera.info\/fr\/wp-json\/wp\/v2\/types\/page"}],"author":[{"embeddable":true,"href":"https:\/\/www.medulinriviera.info\/fr\/wp-json\/wp\/v2\/users\/2"}],"replies":[{"embeddable":true,"href":"https:\/\/www.medulinriviera.info\/fr\/wp-json\/wp\/v2\/comments?post=26474"}],"version-history":[{"count":0,"href":"https:\/\/www.medulinriviera.info\/fr\/wp-json\/wp\/v2\/pages\/26474\/revisions"}],"wp:featuredmedia":[{"embeddable":true,"href":"https:\/\/www.medulinriviera.info\/fr\/wp-json\/wp\/v2\/media\/26466"}],"wp:attachment":[{"href":"https:\/\/www.medulinriviera.info\/fr\/wp-json\/wp\/v2\/media?parent=26474"}],"wp:term":[{"taxonomy":"classificator","embeddable":true,"href":"https:\/\/www.medulinriviera.info\/fr\/wp-json\/wp\/v2\/classificator?post=26474"}],"curies":[{"name":"wp","href":"https:\/\/api.w.org\/{rel}","templated":true}]}}