{"id":25025,"date":"2022-04-29T12:30:37","date_gmt":"2022-04-29T10:30:37","guid":{"rendered":"https:\/\/www.medulinriviera.info\/fishermens-a-cappella-night\/"},"modified":"2022-06-29T09:56:13","modified_gmt":"2022-06-29T07:56:13","slug":"fishermens-a-cappella-night","status":"publish","type":"page","link":"https:\/\/www.medulinriviera.info\/fr\/fishermens-a-cappella-night\/","title":{"rendered":"Fishermen\u00b4s A Cappella Night"},"content":{"rendered":"\n<p class=\"has-text-align-center\">musique traditionnelle klapa, grillades de poisson et vin locaux, ambiance m\u00e9diterran\u00e9enne<\/p>\n\n\n\n<p class=\"has-text-align-center\">de 19h \u00e0 23h<\/p>\n\n\n\n<h3 class=\"has-text-align-center wp-block-heading\">PREMANTURA &#8211; PLACE PRINCIPALE<\/h3>\n\n\n\n<p class=\"has-text-align-center\">6 juillet \/ 20 juillet \/ 3 ao\u00fbt \/ 17 ao\u00fbt<\/p>\n\n\n\n<h3 class=\"has-text-align-center wp-block-heading\">MEDULIN &#8211; WATERFONT, PLACE DU MOULIN \u00c0 VENT<\/h3>\n\n\n\n<p class=\"has-text-align-center\">13 juillet \/ 27 juillet \/ 10 ao\u00fbt \/ 24 ao\u00fbt<\/p>\n\n\n\n<h3 class=\"has-text-align-center wp-block-heading\">BANJOLE &#8211; BAY PORTI\u0106, PALTANA BAR<\/h3>\n\n\n\n<p class=\"has-text-align-center\">7 juillet \/ 11 ao\u00fbt \/ 18 ao\u00fbt \/ 2 septembre<\/p>\n\n\n\n<h3 class=\"has-text-align-center wp-block-heading\">PJE\u0160\u010cANA UVALA &#8211; BAR DE PLAGE BATANA<\/h3>\n\n\n\n<p class=\"has-text-align-center\">28 juillet \/ 25 ao\u00fbt \/ 1 septembre \/ 9 septembre<\/p>\n\n\n\n<p class=\"has-text-align-center\">La musique Klapa est une forme de chant traditionnel croate originaire de Dalmatie et fait partie du patrimoine culturel immat\u00e9riel de l&rsquo;humanit\u00e9 de l&rsquo;UNESCO.<\/p>\n\n\n\n<p class=\"has-text-align-center\"><\/p>\n\n\n\n<p class=\"has-text-align-center\"><\/p>\n\n\n<div class=\"wp-block-image\">\n<figure class=\"aligncenter size-full is-resized\"><img loading=\"lazy\" decoding=\"async\" src=\"https:\/\/www.medulinriviera.info\/wp-content\/uploads\/2021\/09\/cleanup-1024x248-4.jpg\" alt=\"\" class=\"wp-image-20204\" width=\"473\" height=\"114\" srcset=\"https:\/\/www.medulinriviera.info\/wp-content\/uploads\/2021\/09\/cleanup-1024x248-4.jpg 1024w, https:\/\/www.medulinriviera.info\/wp-content\/uploads\/2021\/09\/cleanup-1024x248-4-300x73.jpg 300w, https:\/\/www.medulinriviera.info\/wp-content\/uploads\/2021\/09\/cleanup-1024x248-4-768x186.jpg 768w\" sizes=\"auto, (max-width: 473px) 100vw, 473px\" \/><figcaption>Ovaj projekt sufinanciran je sredstvima Europske unije iz Europskog fonda za pomorstvo i ribarstvo<\/figcaption><\/figure>\n<\/div>\n\n\n<p><\/p>\n","protected":false},"excerpt":{"rendered":"<p>musique traditionnelle klapa, grillades de poisson et vin locaux, ambiance m\u00e9diterran\u00e9enne de 19h \u00e0 23h PREMANTURA &#8211; PLACE PRINCIPALE 6&#8230;<\/p>\n","protected":false},"author":2,"featured_media":23900,"parent":0,"menu_order":0,"comment_status":"closed","ping_status":"closed","template":"","meta":{"_acf_changed":false,"footnotes":""},"classificator":[],"class_list":["post-25025","page","type-page","status-publish","has-post-thumbnail","hentry"],"acf":{"video":"","gallery":null},"yoast_head":"<!-- This site is optimized with the Yoast SEO plugin v27.6 - https:\/\/yoast.com\/product\/yoast-seo-wordpress\/ -->\n<title>Fishermen\u00b4s A Cappella Night - Medulin Riviera<\/title>\n<meta name=\"robots\" content=\"index, follow, max-snippet:-1, max-image-preview:large, max-video-preview:-1\" \/>\n<link rel=\"canonical\" href=\"https:\/\/www.medulinriviera.info\/fr\/fishermens-a-cappella-night\/\" \/>\n<meta property=\"og:locale\" content=\"fr_FR\" \/>\n<meta property=\"og:type\" content=\"article\" \/>\n<meta property=\"og:title\" content=\"Fishermen\u00b4s A Cappella Night - Medulin Riviera\" \/>\n<meta property=\"og:description\" content=\"musique traditionnelle klapa, grillades de poisson et vin locaux, ambiance m\u00e9diterran\u00e9enne de 19h \u00e0 23h PREMANTURA &#8211; PLACE PRINCIPALE 6...\" \/>\n<meta property=\"og:url\" content=\"https:\/\/www.medulinriviera.info\/fr\/fishermens-a-cappella-night\/\" \/>\n<meta property=\"og:site_name\" content=\"Medulin Riviera\" \/>\n<meta property=\"article:publisher\" content=\"https:\/\/www.facebook.com\/medulinriviera\/\" \/>\n<meta property=\"article:modified_time\" content=\"2022-06-29T07:56:13+00:00\" \/>\n<meta property=\"og:image\" content=\"https:\/\/www.medulinriviera.info\/wp-content\/uploads\/2022\/04\/WEB-klapske-veceri-banner-002.jpg\" \/>\n\t<meta property=\"og:image:width\" content=\"1406\" \/>\n\t<meta property=\"og:image:height\" content=\"476\" \/>\n\t<meta property=\"og:image:type\" content=\"image\/jpeg\" \/>\n<meta name=\"twitter:card\" content=\"summary_large_image\" \/>\n<meta name=\"twitter:label1\" content=\"Dur\u00e9e de lecture estim\u00e9e\" \/>\n\t<meta name=\"twitter:data1\" content=\"1 minute\" \/>\n<script type=\"application\/ld+json\" class=\"yoast-schema-graph\">{\"@context\":\"https:\\\/\\\/schema.org\",\"@graph\":[{\"@type\":\"WebPage\",\"@id\":\"https:\\\/\\\/www.medulinriviera.info\\\/fr\\\/fishermens-a-cappella-night\\\/\",\"url\":\"https:\\\/\\\/www.medulinriviera.info\\\/fr\\\/fishermens-a-cappella-night\\\/\",\"name\":\"Fishermen\u00b4s A Cappella Night - Medulin Riviera\",\"isPartOf\":{\"@id\":\"https:\\\/\\\/www.medulinriviera.info\\\/fr\\\/#website\"},\"primaryImageOfPage\":{\"@id\":\"https:\\\/\\\/www.medulinriviera.info\\\/fr\\\/fishermens-a-cappella-night\\\/#primaryimage\"},\"image\":{\"@id\":\"https:\\\/\\\/www.medulinriviera.info\\\/fr\\\/fishermens-a-cappella-night\\\/#primaryimage\"},\"thumbnailUrl\":\"https:\\\/\\\/www.medulinriviera.info\\\/wp-content\\\/uploads\\\/2022\\\/04\\\/WEB-klapske-veceri-banner-002.jpg\",\"datePublished\":\"2022-04-29T10:30:37+00:00\",\"dateModified\":\"2022-06-29T07:56:13+00:00\",\"breadcrumb\":{\"@id\":\"https:\\\/\\\/www.medulinriviera.info\\\/fr\\\/fishermens-a-cappella-night\\\/#breadcrumb\"},\"inLanguage\":\"fr-FR\",\"potentialAction\":[{\"@type\":\"ReadAction\",\"target\":[\"https:\\\/\\\/www.medulinriviera.info\\\/fr\\\/fishermens-a-cappella-night\\\/\"]}]},{\"@type\":\"ImageObject\",\"inLanguage\":\"fr-FR\",\"@id\":\"https:\\\/\\\/www.medulinriviera.info\\\/fr\\\/fishermens-a-cappella-night\\\/#primaryimage\",\"url\":\"https:\\\/\\\/www.medulinriviera.info\\\/wp-content\\\/uploads\\\/2022\\\/04\\\/WEB-klapske-veceri-banner-002.jpg\",\"contentUrl\":\"https:\\\/\\\/www.medulinriviera.info\\\/wp-content\\\/uploads\\\/2022\\\/04\\\/WEB-klapske-veceri-banner-002.jpg\",\"width\":1406,\"height\":476},{\"@type\":\"BreadcrumbList\",\"@id\":\"https:\\\/\\\/www.medulinriviera.info\\\/fr\\\/fishermens-a-cappella-night\\\/#breadcrumb\",\"itemListElement\":[{\"@type\":\"ListItem\",\"position\":1,\"name\":\"Home\",\"item\":\"https:\\\/\\\/www.medulinriviera.info\\\/fr\\\/\"},{\"@type\":\"ListItem\",\"position\":2,\"name\":\"Fishermen\u00b4s A Cappella Night\"}]},{\"@type\":\"WebSite\",\"@id\":\"https:\\\/\\\/www.medulinriviera.info\\\/fr\\\/#website\",\"url\":\"https:\\\/\\\/www.medulinriviera.info\\\/fr\\\/\",\"name\":\"Medulin Riviera\",\"description\":\"La Plan\u00e8te bleue\",\"publisher\":{\"@id\":\"https:\\\/\\\/www.medulinriviera.info\\\/fr\\\/#organization\"},\"potentialAction\":[{\"@type\":\"SearchAction\",\"target\":{\"@type\":\"EntryPoint\",\"urlTemplate\":\"https:\\\/\\\/www.medulinriviera.info\\\/fr\\\/?s={search_term_string}\"},\"query-input\":{\"@type\":\"PropertyValueSpecification\",\"valueRequired\":true,\"valueName\":\"search_term_string\"}}],\"inLanguage\":\"fr-FR\"},{\"@type\":\"Organization\",\"@id\":\"https:\\\/\\\/www.medulinriviera.info\\\/fr\\\/#organization\",\"name\":\"Medulin Riviera\",\"url\":\"https:\\\/\\\/www.medulinriviera.info\\\/fr\\\/\",\"logo\":{\"@type\":\"ImageObject\",\"inLanguage\":\"fr-FR\",\"@id\":\"https:\\\/\\\/www.medulinriviera.info\\\/fr\\\/#\\\/schema\\\/logo\\\/image\\\/\",\"url\":\"https:\\\/\\\/www.medulinriviera.info\\\/wp-content\\\/uploads\\\/2020\\\/06\\\/logo-alt.png\",\"contentUrl\":\"https:\\\/\\\/www.medulinriviera.info\\\/wp-content\\\/uploads\\\/2020\\\/06\\\/logo-alt.png\",\"width\":264,\"height\":78,\"caption\":\"Medulin Riviera\"},\"image\":{\"@id\":\"https:\\\/\\\/www.medulinriviera.info\\\/fr\\\/#\\\/schema\\\/logo\\\/image\\\/\"},\"sameAs\":[\"https:\\\/\\\/www.facebook.com\\\/medulinriviera\\\/\",\"https:\\\/\\\/www.instagram.com\\\/medulinriviera\\\/\",\"https:\\\/\\\/www.youtube.com\\\/channel\\\/UCYdC8kYbK9OEmlmeZydpumQ\"]}]}<\/script>\n<!-- \/ Yoast SEO plugin. -->","yoast_head_json":{"title":"Fishermen\u00b4s A Cappella Night - Medulin Riviera","robots":{"index":"index","follow":"follow","max-snippet":"max-snippet:-1","max-image-preview":"max-image-preview:large","max-video-preview":"max-video-preview:-1"},"canonical":"https:\/\/www.medulinriviera.info\/fr\/fishermens-a-cappella-night\/","og_locale":"fr_FR","og_type":"article","og_title":"Fishermen\u00b4s A Cappella Night - Medulin Riviera","og_description":"musique traditionnelle klapa, grillades de poisson et vin locaux, ambiance m\u00e9diterran\u00e9enne de 19h \u00e0 23h PREMANTURA &#8211; PLACE PRINCIPALE 6...","og_url":"https:\/\/www.medulinriviera.info\/fr\/fishermens-a-cappella-night\/","og_site_name":"Medulin Riviera","article_publisher":"https:\/\/www.facebook.com\/medulinriviera\/","article_modified_time":"2022-06-29T07:56:13+00:00","og_image":[{"width":1406,"height":476,"url":"https:\/\/www.medulinriviera.info\/wp-content\/uploads\/2022\/04\/WEB-klapske-veceri-banner-002.jpg","type":"image\/jpeg"}],"twitter_card":"summary_large_image","twitter_misc":{"Dur\u00e9e de lecture estim\u00e9e":"1 minute"},"schema":{"@context":"https:\/\/schema.org","@graph":[{"@type":"WebPage","@id":"https:\/\/www.medulinriviera.info\/fr\/fishermens-a-cappella-night\/","url":"https:\/\/www.medulinriviera.info\/fr\/fishermens-a-cappella-night\/","name":"Fishermen\u00b4s A Cappella Night - Medulin Riviera","isPartOf":{"@id":"https:\/\/www.medulinriviera.info\/fr\/#website"},"primaryImageOfPage":{"@id":"https:\/\/www.medulinriviera.info\/fr\/fishermens-a-cappella-night\/#primaryimage"},"image":{"@id":"https:\/\/www.medulinriviera.info\/fr\/fishermens-a-cappella-night\/#primaryimage"},"thumbnailUrl":"https:\/\/www.medulinriviera.info\/wp-content\/uploads\/2022\/04\/WEB-klapske-veceri-banner-002.jpg","datePublished":"2022-04-29T10:30:37+00:00","dateModified":"2022-06-29T07:56:13+00:00","breadcrumb":{"@id":"https:\/\/www.medulinriviera.info\/fr\/fishermens-a-cappella-night\/#breadcrumb"},"inLanguage":"fr-FR","potentialAction":[{"@type":"ReadAction","target":["https:\/\/www.medulinriviera.info\/fr\/fishermens-a-cappella-night\/"]}]},{"@type":"ImageObject","inLanguage":"fr-FR","@id":"https:\/\/www.medulinriviera.info\/fr\/fishermens-a-cappella-night\/#primaryimage","url":"https:\/\/www.medulinriviera.info\/wp-content\/uploads\/2022\/04\/WEB-klapske-veceri-banner-002.jpg","contentUrl":"https:\/\/www.medulinriviera.info\/wp-content\/uploads\/2022\/04\/WEB-klapske-veceri-banner-002.jpg","width":1406,"height":476},{"@type":"BreadcrumbList","@id":"https:\/\/www.medulinriviera.info\/fr\/fishermens-a-cappella-night\/#breadcrumb","itemListElement":[{"@type":"ListItem","position":1,"name":"Home","item":"https:\/\/www.medulinriviera.info\/fr\/"},{"@type":"ListItem","position":2,"name":"Fishermen\u00b4s A Cappella Night"}]},{"@type":"WebSite","@id":"https:\/\/www.medulinriviera.info\/fr\/#website","url":"https:\/\/www.medulinriviera.info\/fr\/","name":"Medulin Riviera","description":"La Plan\u00e8te bleue","publisher":{"@id":"https:\/\/www.medulinriviera.info\/fr\/#organization"},"potentialAction":[{"@type":"SearchAction","target":{"@type":"EntryPoint","urlTemplate":"https:\/\/www.medulinriviera.info\/fr\/?s={search_term_string}"},"query-input":{"@type":"PropertyValueSpecification","valueRequired":true,"valueName":"search_term_string"}}],"inLanguage":"fr-FR"},{"@type":"Organization","@id":"https:\/\/www.medulinriviera.info\/fr\/#organization","name":"Medulin Riviera","url":"https:\/\/www.medulinriviera.info\/fr\/","logo":{"@type":"ImageObject","inLanguage":"fr-FR","@id":"https:\/\/www.medulinriviera.info\/fr\/#\/schema\/logo\/image\/","url":"https:\/\/www.medulinriviera.info\/wp-content\/uploads\/2020\/06\/logo-alt.png","contentUrl":"https:\/\/www.medulinriviera.info\/wp-content\/uploads\/2020\/06\/logo-alt.png","width":264,"height":78,"caption":"Medulin Riviera"},"image":{"@id":"https:\/\/www.medulinriviera.info\/fr\/#\/schema\/logo\/image\/"},"sameAs":["https:\/\/www.facebook.com\/medulinriviera\/","https:\/\/www.instagram.com\/medulinriviera\/","https:\/\/www.youtube.com\/channel\/UCYdC8kYbK9OEmlmeZydpumQ"]}]}},"wpml_current_locale":"fr_FR","wpml_translations":[{"locale":"hr","id":25024,"post_title":"Ribarske klapske ve\u010deri","href":"https:\/\/www.medulinriviera.info\/hr\/fishermens-a-cappella-night\/"},{"locale":"en_US","id":23897,"post_title":"Fishermen\u00b4s A Cappella Night","href":"https:\/\/www.medulinriviera.info\/fishermens-a-cappella-night\/"},{"locale":"de_DE","id":25026,"post_title":"Fishermen\u00b4s A Cappella Night","href":"https:\/\/www.medulinriviera.info\/de\/fishermens-a-cappella-night\/"},{"locale":"it_IT","id":25027,"post_title":"Fishermen\u00b4s A Cappella Night","href":"https:\/\/www.medulinriviera.info\/it\/fishermens-a-cappella-night\/"}],"_links":{"self":[{"href":"https:\/\/www.medulinriviera.info\/fr\/wp-json\/wp\/v2\/pages\/25025","targetHints":{"allow":["GET"]}}],"collection":[{"href":"https:\/\/www.medulinriviera.info\/fr\/wp-json\/wp\/v2\/pages"}],"about":[{"href":"https:\/\/www.medulinriviera.info\/fr\/wp-json\/wp\/v2\/types\/page"}],"author":[{"embeddable":true,"href":"https:\/\/www.medulinriviera.info\/fr\/wp-json\/wp\/v2\/users\/2"}],"replies":[{"embeddable":true,"href":"https:\/\/www.medulinriviera.info\/fr\/wp-json\/wp\/v2\/comments?post=25025"}],"version-history":[{"count":0,"href":"https:\/\/www.medulinriviera.info\/fr\/wp-json\/wp\/v2\/pages\/25025\/revisions"}],"wp:featuredmedia":[{"embeddable":true,"href":"https:\/\/www.medulinriviera.info\/fr\/wp-json\/wp\/v2\/media\/23900"}],"wp:attachment":[{"href":"https:\/\/www.medulinriviera.info\/fr\/wp-json\/wp\/v2\/media?parent=25025"}],"wp:term":[{"taxonomy":"classificator","embeddable":true,"href":"https:\/\/www.medulinriviera.info\/fr\/wp-json\/wp\/v2\/classificator?post=25025"}],"curies":[{"name":"wp","href":"https:\/\/api.w.org\/{rel}","templated":true}]}}