{"id":24269,"date":"2022-05-25T13:27:27","date_gmt":"2022-05-25T11:27:27","guid":{"rendered":"https:\/\/www.medulinriviera.info\/hookcook-festival-medulin-2022\/"},"modified":"2022-08-08T15:42:23","modified_gmt":"2022-08-08T13:42:23","slug":"hookcook-festival-medulin-2022","status":"publish","type":"page","link":"https:\/\/www.medulinriviera.info\/fr\/hookcook-festival-medulin-2022\/","title":{"rendered":"Hook&#038;Cook Festival Medulin 2022"},"content":{"rendered":"\n<h2 class=\"has-text-align-center wp-block-heading\"><\/h2>\n\n\n\n<h2 class=\"has-text-align-center wp-block-heading\"><strong>SeaFood Fusion, \u00e9v\u00e9nement gastronomique<\/strong><br>12 et 13 ao\u00fbt<br> <strong>19h-01h<\/strong><\/h2>\n\n\n\n<h2 class=\"has-text-align-center wp-block-heading\">Medulin, front de mer &#8211; quai de p\u00eache<\/h2>\n\n\n\n<h2 class=\"has-text-align-center wp-block-heading\"><strong>Un \u00e9v\u00e9nement culinaire unique !<\/strong><\/h2>\n\n\n\n<p><\/p>\n\n\n\n<p class=\"has-text-align-center\"><em>Hook and Cook festival<\/em> c\u00e9l\u00e8bre l&rsquo;amour de la mer et r\u00e9unit p\u00eacheurs, chefs et musiciens pour rapprocher les sp\u00e9cialit\u00e9s de la mer \u00e0 un public plus large.<\/p>\n\n\n\n<figure class=\"wp-block-image size-large\"><img loading=\"lazy\" decoding=\"async\" width=\"1600\" height=\"1067\" src=\"https:\/\/www.medulinriviera.info\/wp-content\/uploads\/2022\/07\/TZOM-HookCookPortret2-2022-MedVid-1600x1067.jpg\" alt=\"\" class=\"wp-image-25706\" srcset=\"https:\/\/www.medulinriviera.info\/wp-content\/uploads\/2022\/07\/TZOM-HookCookPortret2-2022-MedVid-1600x1067.jpg 1600w, https:\/\/www.medulinriviera.info\/wp-content\/uploads\/2022\/07\/TZOM-HookCookPortret2-2022-MedVid-300x200.jpg 300w, https:\/\/www.medulinriviera.info\/wp-content\/uploads\/2022\/07\/TZOM-HookCookPortret2-2022-MedVid-768x512.jpg 768w, https:\/\/www.medulinriviera.info\/wp-content\/uploads\/2022\/07\/TZOM-HookCookPortret2-2022-MedVid-1536x1024.jpg 1536w, https:\/\/www.medulinriviera.info\/wp-content\/uploads\/2022\/07\/TZOM-HookCookPortret2-2022-MedVid-2048x1365.jpg 2048w\" sizes=\"auto, (max-width: 1600px) 100vw, 1600px\" \/><\/figure>\n\n\n\n<p class=\"has-text-align-center\"><strong>Moderne et innovant<\/strong><\/p>\n\n\n\n<p class=\"has-text-align-center\">Nous avons voulu associer la traditionnelle F\u00eate des p\u00eacheurs aux jeunes g\u00e9n\u00e9rations \u00e0 la mani\u00e8re urbaine et cr\u00e9ative.<\/p>\n\n\n\n<p class=\"has-text-align-center\">Des vibrations agr\u00e9ables accompagn\u00e9es d&rsquo;excellents poissons et fruits de mer et un divertissement d\u00e9tendu sont le milieu id\u00e9al pour passer de chaudes journ\u00e9es estivales.<\/p>\n\n\n\n<p class=\"has-text-align-center\"><br><\/p>\n\n\n\n<figure class=\"wp-block-image size-large\"><img loading=\"lazy\" decoding=\"async\" width=\"1600\" height=\"1067\" src=\"https:\/\/www.medulinriviera.info\/wp-content\/uploads\/2022\/07\/TZOM-HookCookHrana1-2022-MedVid-1600x1067.jpg\" alt=\"\" class=\"wp-image-25503\" srcset=\"https:\/\/www.medulinriviera.info\/wp-content\/uploads\/2022\/07\/TZOM-HookCookHrana1-2022-MedVid-1600x1067.jpg 1600w, https:\/\/www.medulinriviera.info\/wp-content\/uploads\/2022\/07\/TZOM-HookCookHrana1-2022-MedVid-300x200.jpg 300w, https:\/\/www.medulinriviera.info\/wp-content\/uploads\/2022\/07\/TZOM-HookCookHrana1-2022-MedVid-768x512.jpg 768w, https:\/\/www.medulinriviera.info\/wp-content\/uploads\/2022\/07\/TZOM-HookCookHrana1-2022-MedVid-1536x1024.jpg 1536w, https:\/\/www.medulinriviera.info\/wp-content\/uploads\/2022\/07\/TZOM-HookCookHrana1-2022-MedVid-2048x1365.jpg 2048w\" sizes=\"auto, (max-width: 1600px) 100vw, 1600px\" \/><\/figure>\n\n\n\n<p class=\"has-text-align-center\"><strong>Invit\u00e9s c\u00e9l\u00e8bres<\/strong><\/p>\n\n\n\n<p class=\"has-text-align-center\">Les meilleurs chefs concoctent leurs sp\u00e9cialit\u00e9s \u00e0 base de poissons et fruits de mer de nos p\u00eacheurs locaux, \u00e0 bord des bateaux.<\/p>\n\n\n\n<p class=\"has-text-align-center\"><strong>David Skoko feat. Hrvoje Hrvatin<\/strong><\/p>\n\n\n\n<p class=\"has-text-align-center\">Les chefs croates qui ont gagn\u00e9 en popularit\u00e9 dans de nombreuses rencontres gastronomiques, s&rsquo;essayeront \u00e0 la pr\u00e9paration de <em>streetfood<\/em> de la mer lors de notre festival.<\/p>\n\n\n\n<figure class=\"wp-block-image size-large\"><img loading=\"lazy\" decoding=\"async\" width=\"1600\" height=\"1068\" src=\"https:\/\/www.medulinriviera.info\/wp-content\/uploads\/2022\/07\/DavidSkoko-Portret-1600x1068.jpg\" alt=\"\" class=\"wp-image-25768\" srcset=\"https:\/\/www.medulinriviera.info\/wp-content\/uploads\/2022\/07\/DavidSkoko-Portret-1600x1068.jpg 1600w, https:\/\/www.medulinriviera.info\/wp-content\/uploads\/2022\/07\/DavidSkoko-Portret-300x200.jpg 300w, https:\/\/www.medulinriviera.info\/wp-content\/uploads\/2022\/07\/DavidSkoko-Portret-768x512.jpg 768w, https:\/\/www.medulinriviera.info\/wp-content\/uploads\/2022\/07\/DavidSkoko-Portret-1536x1025.jpg 1536w, https:\/\/www.medulinriviera.info\/wp-content\/uploads\/2022\/07\/DavidSkoko-Portret-2048x1366.jpg 2048w\" sizes=\"auto, (max-width: 1600px) 100vw, 1600px\" \/><figcaption>David Skoko<\/figcaption><\/figure>\n\n\n\n<p class=\"has-text-align-center\"><\/p>\n\n\n\n<p class=\"has-text-align-center\"><strong>Music:<\/strong><br><strong>After Dinner feat. Soul Print<\/strong><\/p>\n\n\n\n<p class=\"has-text-align-center\">Bonne ambiance et amusement avec des vibrations estivales apr\u00e8s un bon repas.<\/p>\n\n\n\n<figure class=\"wp-block-image size-large\"><img loading=\"lazy\" decoding=\"async\" width=\"1600\" height=\"1067\" src=\"https:\/\/www.medulinriviera.info\/wp-content\/uploads\/2022\/07\/TZOM-HookCookDJ2022-MedVid-1600x1067.jpg\" alt=\"\" class=\"wp-image-25497\" srcset=\"https:\/\/www.medulinriviera.info\/wp-content\/uploads\/2022\/07\/TZOM-HookCookDJ2022-MedVid-1600x1067.jpg 1600w, https:\/\/www.medulinriviera.info\/wp-content\/uploads\/2022\/07\/TZOM-HookCookDJ2022-MedVid-300x200.jpg 300w, https:\/\/www.medulinriviera.info\/wp-content\/uploads\/2022\/07\/TZOM-HookCookDJ2022-MedVid-768x512.jpg 768w, https:\/\/www.medulinriviera.info\/wp-content\/uploads\/2022\/07\/TZOM-HookCookDJ2022-MedVid-1536x1024.jpg 1536w, https:\/\/www.medulinriviera.info\/wp-content\/uploads\/2022\/07\/TZOM-HookCookDJ2022-MedVid-2048x1365.jpg 2048w\" sizes=\"auto, (max-width: 1600px) 100vw, 1600px\" \/><\/figure>\n\n\n\n<p class=\"has-text-align-center\">O\u00f9?<br>? Quai de p\u00eache sur le front de mer \u00e0 Medulin.<\/p>\n\n\n\n<p class=\"has-text-align-center\">Lorsque?<br>\u231a 12 et 13 ao\u00fbt de 19h00 \u00e0 01h00<\/p>\n\n\n\n<p class=\"has-text-align-center\">\u00c0 plus tard! ?\ufe0f<\/p>\n\n\n\n<p class=\"has-text-align-center\"><br><\/p>\n\n\n\n<p class=\"has-text-align-center\"><\/p>\n\n\n\n<p><\/p>\n\n\n\n<figure class=\"wp-block-video\"><video height=\"1080\" style=\"aspect-ratio: 1920 \/ 1080;\" width=\"1920\" controls src=\"https:\/\/www.medulinriviera.info\/wp-content\/uploads\/2022\/07\/8.-PromoVideo-HookCook-Lipanj.mp4\"><\/video><\/figure>\n","protected":false},"excerpt":{"rendered":"<p>SeaFood Fusion, \u00e9v\u00e9nement gastronomique12 et 13 ao\u00fbt 19h-01h Medulin, front de mer &#8211; quai de p\u00eache Un \u00e9v\u00e9nement culinaire unique&#8230;<\/p>\n","protected":false},"author":2,"featured_media":25754,"parent":0,"menu_order":0,"comment_status":"closed","ping_status":"closed","template":"","meta":{"_acf_changed":false,"footnotes":""},"classificator":[],"class_list":["post-24269","page","type-page","status-publish","has-post-thumbnail","hentry"],"acf":{"video":"","gallery":null},"yoast_head":"<!-- This site is optimized with the Yoast SEO plugin v27.3 - https:\/\/yoast.com\/product\/yoast-seo-wordpress\/ -->\n<title>Hook&amp;Cook Festival Medulin 2022 - Medulin Riviera<\/title>\n<meta name=\"robots\" content=\"index, follow, max-snippet:-1, max-image-preview:large, max-video-preview:-1\" \/>\n<link rel=\"canonical\" href=\"https:\/\/www.medulinriviera.info\/fr\/hookcook-festival-medulin-2022\/\" \/>\n<meta property=\"og:locale\" content=\"fr_FR\" \/>\n<meta property=\"og:type\" content=\"article\" \/>\n<meta property=\"og:title\" content=\"Hook&amp;Cook Festival Medulin 2022 - Medulin Riviera\" \/>\n<meta property=\"og:description\" content=\"SeaFood Fusion, \u00e9v\u00e9nement gastronomique12 et 13 ao\u00fbt 19h-01h Medulin, front de mer &#8211; quai de p\u00eache Un \u00e9v\u00e9nement culinaire unique...\" \/>\n<meta property=\"og:url\" content=\"https:\/\/www.medulinriviera.info\/fr\/hookcook-festival-medulin-2022\/\" \/>\n<meta property=\"og:site_name\" content=\"Medulin Riviera\" \/>\n<meta property=\"article:publisher\" content=\"https:\/\/www.facebook.com\/medulinriviera\/\" \/>\n<meta property=\"article:modified_time\" content=\"2022-08-08T13:42:23+00:00\" \/>\n<meta property=\"og:image\" content=\"https:\/\/www.medulinriviera.info\/wp-content\/uploads\/2022\/07\/TZOM-HookCookUgodajSuton3-2022-MedVid-1-scaled.jpg\" \/>\n\t<meta property=\"og:image:width\" content=\"2560\" \/>\n\t<meta property=\"og:image:height\" content=\"1707\" \/>\n\t<meta property=\"og:image:type\" content=\"image\/jpeg\" \/>\n<meta name=\"twitter:card\" content=\"summary_large_image\" \/>\n<meta name=\"twitter:label1\" content=\"Dur\u00e9e de lecture estim\u00e9e\" \/>\n\t<meta name=\"twitter:data1\" content=\"2 minutes\" \/>\n<script type=\"application\/ld+json\" class=\"yoast-schema-graph\">{\"@context\":\"https:\\\/\\\/schema.org\",\"@graph\":[{\"@type\":\"WebPage\",\"@id\":\"https:\\\/\\\/www.medulinriviera.info\\\/fr\\\/hookcook-festival-medulin-2022\\\/\",\"url\":\"https:\\\/\\\/www.medulinriviera.info\\\/fr\\\/hookcook-festival-medulin-2022\\\/\",\"name\":\"Hook&Cook Festival Medulin 2022 - Medulin Riviera\",\"isPartOf\":{\"@id\":\"https:\\\/\\\/www.medulinriviera.info\\\/fr\\\/#website\"},\"primaryImageOfPage\":{\"@id\":\"https:\\\/\\\/www.medulinriviera.info\\\/fr\\\/hookcook-festival-medulin-2022\\\/#primaryimage\"},\"image\":{\"@id\":\"https:\\\/\\\/www.medulinriviera.info\\\/fr\\\/hookcook-festival-medulin-2022\\\/#primaryimage\"},\"thumbnailUrl\":\"https:\\\/\\\/www.medulinriviera.info\\\/wp-content\\\/uploads\\\/2022\\\/07\\\/TZOM-HookCookUgodajSuton3-2022-MedVid-1-scaled.jpg\",\"datePublished\":\"2022-05-25T11:27:27+00:00\",\"dateModified\":\"2022-08-08T13:42:23+00:00\",\"breadcrumb\":{\"@id\":\"https:\\\/\\\/www.medulinriviera.info\\\/fr\\\/hookcook-festival-medulin-2022\\\/#breadcrumb\"},\"inLanguage\":\"fr-FR\",\"potentialAction\":[{\"@type\":\"ReadAction\",\"target\":[\"https:\\\/\\\/www.medulinriviera.info\\\/fr\\\/hookcook-festival-medulin-2022\\\/\"]}]},{\"@type\":\"ImageObject\",\"inLanguage\":\"fr-FR\",\"@id\":\"https:\\\/\\\/www.medulinriviera.info\\\/fr\\\/hookcook-festival-medulin-2022\\\/#primaryimage\",\"url\":\"https:\\\/\\\/www.medulinriviera.info\\\/wp-content\\\/uploads\\\/2022\\\/07\\\/TZOM-HookCookUgodajSuton3-2022-MedVid-1-scaled.jpg\",\"contentUrl\":\"https:\\\/\\\/www.medulinriviera.info\\\/wp-content\\\/uploads\\\/2022\\\/07\\\/TZOM-HookCookUgodajSuton3-2022-MedVid-1-scaled.jpg\",\"width\":2560,\"height\":1707},{\"@type\":\"BreadcrumbList\",\"@id\":\"https:\\\/\\\/www.medulinriviera.info\\\/fr\\\/hookcook-festival-medulin-2022\\\/#breadcrumb\",\"itemListElement\":[{\"@type\":\"ListItem\",\"position\":1,\"name\":\"Home\",\"item\":\"https:\\\/\\\/www.medulinriviera.info\\\/fr\\\/\"},{\"@type\":\"ListItem\",\"position\":2,\"name\":\"Hook&#038;Cook Festival Medulin 2022\"}]},{\"@type\":\"WebSite\",\"@id\":\"https:\\\/\\\/www.medulinriviera.info\\\/fr\\\/#website\",\"url\":\"https:\\\/\\\/www.medulinriviera.info\\\/fr\\\/\",\"name\":\"Medulin Riviera\",\"description\":\"La Plan\u00e8te bleue\",\"publisher\":{\"@id\":\"https:\\\/\\\/www.medulinriviera.info\\\/fr\\\/#organization\"},\"potentialAction\":[{\"@type\":\"SearchAction\",\"target\":{\"@type\":\"EntryPoint\",\"urlTemplate\":\"https:\\\/\\\/www.medulinriviera.info\\\/fr\\\/?s={search_term_string}\"},\"query-input\":{\"@type\":\"PropertyValueSpecification\",\"valueRequired\":true,\"valueName\":\"search_term_string\"}}],\"inLanguage\":\"fr-FR\"},{\"@type\":\"Organization\",\"@id\":\"https:\\\/\\\/www.medulinriviera.info\\\/fr\\\/#organization\",\"name\":\"Medulin Riviera\",\"url\":\"https:\\\/\\\/www.medulinriviera.info\\\/fr\\\/\",\"logo\":{\"@type\":\"ImageObject\",\"inLanguage\":\"fr-FR\",\"@id\":\"https:\\\/\\\/www.medulinriviera.info\\\/fr\\\/#\\\/schema\\\/logo\\\/image\\\/\",\"url\":\"https:\\\/\\\/www.medulinriviera.info\\\/wp-content\\\/uploads\\\/2020\\\/06\\\/logo-alt.png\",\"contentUrl\":\"https:\\\/\\\/www.medulinriviera.info\\\/wp-content\\\/uploads\\\/2020\\\/06\\\/logo-alt.png\",\"width\":264,\"height\":78,\"caption\":\"Medulin Riviera\"},\"image\":{\"@id\":\"https:\\\/\\\/www.medulinriviera.info\\\/fr\\\/#\\\/schema\\\/logo\\\/image\\\/\"},\"sameAs\":[\"https:\\\/\\\/www.facebook.com\\\/medulinriviera\\\/\",\"https:\\\/\\\/www.instagram.com\\\/medulinriviera\\\/\",\"https:\\\/\\\/www.youtube.com\\\/channel\\\/UCYdC8kYbK9OEmlmeZydpumQ\"]}]}<\/script>\n<!-- \/ Yoast SEO plugin. -->","yoast_head_json":{"title":"Hook&Cook Festival Medulin 2022 - Medulin Riviera","robots":{"index":"index","follow":"follow","max-snippet":"max-snippet:-1","max-image-preview":"max-image-preview:large","max-video-preview":"max-video-preview:-1"},"canonical":"https:\/\/www.medulinriviera.info\/fr\/hookcook-festival-medulin-2022\/","og_locale":"fr_FR","og_type":"article","og_title":"Hook&Cook Festival Medulin 2022 - Medulin Riviera","og_description":"SeaFood Fusion, \u00e9v\u00e9nement gastronomique12 et 13 ao\u00fbt 19h-01h Medulin, front de mer &#8211; quai de p\u00eache Un \u00e9v\u00e9nement culinaire unique...","og_url":"https:\/\/www.medulinriviera.info\/fr\/hookcook-festival-medulin-2022\/","og_site_name":"Medulin Riviera","article_publisher":"https:\/\/www.facebook.com\/medulinriviera\/","article_modified_time":"2022-08-08T13:42:23+00:00","og_image":[{"width":2560,"height":1707,"url":"https:\/\/www.medulinriviera.info\/wp-content\/uploads\/2022\/07\/TZOM-HookCookUgodajSuton3-2022-MedVid-1-scaled.jpg","type":"image\/jpeg"}],"twitter_card":"summary_large_image","twitter_misc":{"Dur\u00e9e de lecture estim\u00e9e":"2 minutes"},"schema":{"@context":"https:\/\/schema.org","@graph":[{"@type":"WebPage","@id":"https:\/\/www.medulinriviera.info\/fr\/hookcook-festival-medulin-2022\/","url":"https:\/\/www.medulinriviera.info\/fr\/hookcook-festival-medulin-2022\/","name":"Hook&Cook Festival Medulin 2022 - Medulin Riviera","isPartOf":{"@id":"https:\/\/www.medulinriviera.info\/fr\/#website"},"primaryImageOfPage":{"@id":"https:\/\/www.medulinriviera.info\/fr\/hookcook-festival-medulin-2022\/#primaryimage"},"image":{"@id":"https:\/\/www.medulinriviera.info\/fr\/hookcook-festival-medulin-2022\/#primaryimage"},"thumbnailUrl":"https:\/\/www.medulinriviera.info\/wp-content\/uploads\/2022\/07\/TZOM-HookCookUgodajSuton3-2022-MedVid-1-scaled.jpg","datePublished":"2022-05-25T11:27:27+00:00","dateModified":"2022-08-08T13:42:23+00:00","breadcrumb":{"@id":"https:\/\/www.medulinriviera.info\/fr\/hookcook-festival-medulin-2022\/#breadcrumb"},"inLanguage":"fr-FR","potentialAction":[{"@type":"ReadAction","target":["https:\/\/www.medulinriviera.info\/fr\/hookcook-festival-medulin-2022\/"]}]},{"@type":"ImageObject","inLanguage":"fr-FR","@id":"https:\/\/www.medulinriviera.info\/fr\/hookcook-festival-medulin-2022\/#primaryimage","url":"https:\/\/www.medulinriviera.info\/wp-content\/uploads\/2022\/07\/TZOM-HookCookUgodajSuton3-2022-MedVid-1-scaled.jpg","contentUrl":"https:\/\/www.medulinriviera.info\/wp-content\/uploads\/2022\/07\/TZOM-HookCookUgodajSuton3-2022-MedVid-1-scaled.jpg","width":2560,"height":1707},{"@type":"BreadcrumbList","@id":"https:\/\/www.medulinriviera.info\/fr\/hookcook-festival-medulin-2022\/#breadcrumb","itemListElement":[{"@type":"ListItem","position":1,"name":"Home","item":"https:\/\/www.medulinriviera.info\/fr\/"},{"@type":"ListItem","position":2,"name":"Hook&#038;Cook Festival Medulin 2022"}]},{"@type":"WebSite","@id":"https:\/\/www.medulinriviera.info\/fr\/#website","url":"https:\/\/www.medulinriviera.info\/fr\/","name":"Medulin Riviera","description":"La Plan\u00e8te bleue","publisher":{"@id":"https:\/\/www.medulinriviera.info\/fr\/#organization"},"potentialAction":[{"@type":"SearchAction","target":{"@type":"EntryPoint","urlTemplate":"https:\/\/www.medulinriviera.info\/fr\/?s={search_term_string}"},"query-input":{"@type":"PropertyValueSpecification","valueRequired":true,"valueName":"search_term_string"}}],"inLanguage":"fr-FR"},{"@type":"Organization","@id":"https:\/\/www.medulinriviera.info\/fr\/#organization","name":"Medulin Riviera","url":"https:\/\/www.medulinriviera.info\/fr\/","logo":{"@type":"ImageObject","inLanguage":"fr-FR","@id":"https:\/\/www.medulinriviera.info\/fr\/#\/schema\/logo\/image\/","url":"https:\/\/www.medulinriviera.info\/wp-content\/uploads\/2020\/06\/logo-alt.png","contentUrl":"https:\/\/www.medulinriviera.info\/wp-content\/uploads\/2020\/06\/logo-alt.png","width":264,"height":78,"caption":"Medulin Riviera"},"image":{"@id":"https:\/\/www.medulinriviera.info\/fr\/#\/schema\/logo\/image\/"},"sameAs":["https:\/\/www.facebook.com\/medulinriviera\/","https:\/\/www.instagram.com\/medulinriviera\/","https:\/\/www.youtube.com\/channel\/UCYdC8kYbK9OEmlmeZydpumQ"]}]}},"wpml_current_locale":"fr_FR","wpml_translations":[{"locale":"hr","id":24268,"post_title":"Hook&Cook Festival Medulin 2022","href":"https:\/\/www.medulinriviera.info\/hr\/hookcook-festival-medulin-2022\/"},{"locale":"en_US","id":24220,"post_title":"Hook&Cook Festival Medulin 2022","href":"https:\/\/www.medulinriviera.info\/hookcook-festival-medulin-2022\/"},{"locale":"de_DE","id":24270,"post_title":"Hook&Cook Festival Medulin 2022","href":"https:\/\/www.medulinriviera.info\/de\/hookcook-festival-medulin-2022\/"},{"locale":"it_IT","id":24271,"post_title":"Hook&Cook Festival Medulin 2022","href":"https:\/\/www.medulinriviera.info\/it\/hookcook-festival-medulin-2022\/"}],"_links":{"self":[{"href":"https:\/\/www.medulinriviera.info\/fr\/wp-json\/wp\/v2\/pages\/24269","targetHints":{"allow":["GET"]}}],"collection":[{"href":"https:\/\/www.medulinriviera.info\/fr\/wp-json\/wp\/v2\/pages"}],"about":[{"href":"https:\/\/www.medulinriviera.info\/fr\/wp-json\/wp\/v2\/types\/page"}],"author":[{"embeddable":true,"href":"https:\/\/www.medulinriviera.info\/fr\/wp-json\/wp\/v2\/users\/2"}],"replies":[{"embeddable":true,"href":"https:\/\/www.medulinriviera.info\/fr\/wp-json\/wp\/v2\/comments?post=24269"}],"version-history":[{"count":0,"href":"https:\/\/www.medulinriviera.info\/fr\/wp-json\/wp\/v2\/pages\/24269\/revisions"}],"wp:featuredmedia":[{"embeddable":true,"href":"https:\/\/www.medulinriviera.info\/fr\/wp-json\/wp\/v2\/media\/25754"}],"wp:attachment":[{"href":"https:\/\/www.medulinriviera.info\/fr\/wp-json\/wp\/v2\/media?parent=24269"}],"wp:term":[{"taxonomy":"classificator","embeddable":true,"href":"https:\/\/www.medulinriviera.info\/fr\/wp-json\/wp\/v2\/classificator?post=24269"}],"curies":[{"name":"wp","href":"https:\/\/api.w.org\/{rel}","templated":true}]}}