{"id":23152,"date":"2022-04-06T15:40:51","date_gmt":"2022-04-06T13:40:51","guid":{"rendered":"https:\/\/www.medulinriviera.info\/?page_id=23152"},"modified":"2026-04-28T15:45:31","modified_gmt":"2026-04-28T13:45:31","slug":"21eme-tournoi-de-football-zns-medulin-2022","status":"publish","type":"page","link":"https:\/\/www.medulinriviera.info\/fr\/21eme-tournoi-de-football-zns-medulin-2022\/","title":{"rendered":"MAY DAY CORNER \u00c0 MEDULIN \u2013 football, barbecue et super ambiance !"},"content":{"rendered":"\n<h2 class=\"wp-block-heading has-text-align-center\">25\u00e8me Tournoi Ouvert de Football Medulin 2025<\/h2>\n\n\n\n<h2 class=\"wp-block-heading has-text-align-center\">(U-13, U-12, U-11, U-10, U-9, U-8)<\/h2>\n\n\n\n<h2 class=\"wp-block-heading has-text-align-center\">30.04. &#8211; 03.05.2026.<\/h2>\n\n\n\n<p class=\"has-text-align-center\"><strong><a href=\"https:\/\/medulin.mteampro.com\/\">Calendrier des matchs<\/a><\/strong><\/p>\n\n\n\n<p class=\"has-text-align-center\"><strong><a href=\"https:\/\/youtube.com\/playlist?list=PLeXCCd-ubcrJFW-iBDsROXs7bgDJg2L9G&amp;si=NMKBRK_XWkcj2UAs\">Live Streaming<\/a><\/strong><\/p>\n\n\n\n<p class=\"has-text-align-center\">Medulin, terrains de football du centre sportif Arena<\/p>\n\n\n\n<figure class=\"wp-block-image size-large\"><img loading=\"lazy\" decoding=\"async\" width=\"857\" height=\"1200\" src=\"https:\/\/www.medulinriviera.info\/wp-content\/uploads\/2026\/04\/Prvomajski-korner-2026-857x1200.jpeg\" alt=\"\" class=\"wp-image-38108\" srcset=\"https:\/\/www.medulinriviera.info\/wp-content\/uploads\/2026\/04\/Prvomajski-korner-2026-857x1200.jpeg 857w, https:\/\/www.medulinriviera.info\/wp-content\/uploads\/2026\/04\/Prvomajski-korner-2026-214x300.jpeg 214w, https:\/\/www.medulinriviera.info\/wp-content\/uploads\/2026\/04\/Prvomajski-korner-2026-768x1076.jpeg 768w, https:\/\/www.medulinriviera.info\/wp-content\/uploads\/2026\/04\/Prvomajski-korner-2026.jpeg 914w\" sizes=\"auto, (max-width: 857px) 100vw, 857px\" \/><\/figure>\n\n\n\n<p class=\"has-text-align-center\">Medulin, terrains de football du centre sportif Arena<\/p>\n\n\n\n<p class=\"has-text-align-center\">Vous cherchez comment passer le week-end prolong\u00e9 ? \ud83d\udc49 On a le plan parfait pour vous !<\/p>\n\n\n\n<p>Du <strong>1er au 3 mai<\/strong>, rendez-vous sur les terrains de football du Centre sportif Arena Medulin (devant le camping Ka\u017eela) pour trois jours de sport, de bonne cuisine et de divertissement pour tous les \u00e2ges \u2013 des plus petits \u00e0 ceux qui veulent simplement profiter de la musique et d\u2019un bon barbecue \ud83d\ude0e<\/p>\n\n\n\n<p>\u26bd <strong>Au programme :<\/strong><\/p>\n\n\n\n<ul class=\"wp-block-list\">\n<li>un tournoi de football passionnant avec <strong>2 000 jeunes joueurs<\/strong> venant de 5 pays europ\u00e9ens<\/li>\n\n\n\n<li>des \u00e9quipes de clubs comme Dinamo, Hajduk, Istra, Slaven Belupo et bien d\u2019autres<\/li>\n\n\n\n<li><strong>structures gonflables gratuites et animations pour enfants<\/strong> \ud83c\udf88<\/li>\n\n\n\n<li>une riche offre de <strong>barbecue et boissons<\/strong> \ud83c\udf54\ud83c\udf7b<\/li>\n\n\n\n<li>des animations toute la journ\u00e9e en plein air<\/li>\n<\/ul>\n\n\n\n<p>\ud83c\udfa7 <strong>Ambiance garantie avec les DJ :<\/strong><\/p>\n\n\n\n<ul class=\"wp-block-list\">\n<li>vendredi : DJ Ke\u0111o<\/li>\n\n\n\n<li>samedi : DJ Sose<\/li>\n\n\n\n<li>dimanche : finales, ambiance de supporters et remise des prix \ud83c\udfc6<\/li>\n<\/ul>\n\n\n\n<p>\u23f0 Le programme se d\u00e9roule chaque jour de <strong>10h jusqu\u2019en soir\u00e9e<\/strong>, avec un moment fort le dimanche lors des finales et de la c\u00e9r\u00e9monie de remise des prix !<\/p>\n\n\n\n<p>\ud83d\udc49 Le May Day Corner lance \u00e9galement un mois entier de tournois de football \u00e0 Medulin \u2013 la f\u00eate continue chaque week-end en mai !<\/p>\n\n\n\n<p class=\"has-text-align-center\">\ud83d\udc9b Venez entre amis ou en famille, encouragez les \u00e9quipes et profitez de l\u2019ambiance \u2013 on vous attend \u00e0 Medulin !<\/p>\n\n\n\n<figure class=\"wp-block-gallery has-nested-images columns-default is-cropped wp-block-gallery-1 is-layout-flex wp-block-gallery-is-layout-flex\">\n<figure class=\"wp-block-image size-large\"><img loading=\"lazy\" decoding=\"async\" width=\"675\" height=\"1200\" data-id=\"34328\" src=\"https:\/\/www.medulinriviera.info\/wp-content\/uploads\/2024\/10\/TZ-OM-85-675x1200.jpg\" alt=\"\" class=\"wp-image-34328\" srcset=\"https:\/\/www.medulinriviera.info\/wp-content\/uploads\/2024\/10\/TZ-OM-85-675x1200.jpg 675w, https:\/\/www.medulinriviera.info\/wp-content\/uploads\/2024\/10\/TZ-OM-85-169x300.jpg 169w, https:\/\/www.medulinriviera.info\/wp-content\/uploads\/2024\/10\/TZ-OM-85-768x1365.jpg 768w, https:\/\/www.medulinriviera.info\/wp-content\/uploads\/2024\/10\/TZ-OM-85-864x1536.jpg 864w, https:\/\/www.medulinriviera.info\/wp-content\/uploads\/2024\/10\/TZ-OM-85.jpg 1125w\" sizes=\"auto, (max-width: 675px) 100vw, 675px\" \/><\/figure>\n\n\n\n<figure class=\"wp-block-image size-large\"><img loading=\"lazy\" decoding=\"async\" width=\"1600\" height=\"900\" data-id=\"34334\" src=\"https:\/\/www.medulinriviera.info\/wp-content\/uploads\/2024\/10\/TZ-OM-86-1600x900.jpg\" alt=\"\" class=\"wp-image-34334\" srcset=\"https:\/\/www.medulinriviera.info\/wp-content\/uploads\/2024\/10\/TZ-OM-86-1600x900.jpg 1600w, https:\/\/www.medulinriviera.info\/wp-content\/uploads\/2024\/10\/TZ-OM-86-300x169.jpg 300w, https:\/\/www.medulinriviera.info\/wp-content\/uploads\/2024\/10\/TZ-OM-86-768x432.jpg 768w, https:\/\/www.medulinriviera.info\/wp-content\/uploads\/2024\/10\/TZ-OM-86-1536x864.jpg 1536w, https:\/\/www.medulinriviera.info\/wp-content\/uploads\/2024\/10\/TZ-OM-86.jpg 2000w\" sizes=\"auto, (max-width: 1600px) 100vw, 1600px\" \/><\/figure>\n\n\n\n<figure class=\"wp-block-image size-large\"><img loading=\"lazy\" decoding=\"async\" width=\"1282\" height=\"854\" data-id=\"23075\" src=\"https:\/\/www.medulinriviera.info\/wp-content\/uploads\/2022\/04\/Picture-264.jpg\" alt=\"\" class=\"wp-image-23075\" srcset=\"https:\/\/www.medulinriviera.info\/wp-content\/uploads\/2022\/04\/Picture-264.jpg 1282w, https:\/\/www.medulinriviera.info\/wp-content\/uploads\/2022\/04\/Picture-264-300x200.jpg 300w, https:\/\/www.medulinriviera.info\/wp-content\/uploads\/2022\/04\/Picture-264-768x512.jpg 768w\" sizes=\"auto, (max-width: 1282px) 100vw, 1282px\" \/><\/figure>\n\n\n\n<figure class=\"wp-block-image size-large\"><img loading=\"lazy\" decoding=\"async\" width=\"1168\" height=\"697\" data-id=\"23144\" src=\"https:\/\/www.medulinriviera.info\/wp-content\/uploads\/2022\/04\/Slika-2-1-ZNS.jpg\" alt=\"\" class=\"wp-image-23144\" srcset=\"https:\/\/www.medulinriviera.info\/wp-content\/uploads\/2022\/04\/Slika-2-1-ZNS.jpg 1168w, https:\/\/www.medulinriviera.info\/wp-content\/uploads\/2022\/04\/Slika-2-1-ZNS-300x179.jpg 300w, https:\/\/www.medulinriviera.info\/wp-content\/uploads\/2022\/04\/Slika-2-1-ZNS-768x458.jpg 768w\" sizes=\"auto, (max-width: 1168px) 100vw, 1168px\" \/><\/figure>\n\n\n\n<figure class=\"wp-block-image size-large\"><img loading=\"lazy\" decoding=\"async\" width=\"1282\" height=\"854\" data-id=\"23112\" src=\"https:\/\/www.medulinriviera.info\/wp-content\/uploads\/2022\/04\/Picture-313.jpg\" alt=\"\" class=\"wp-image-23112\" srcset=\"https:\/\/www.medulinriviera.info\/wp-content\/uploads\/2022\/04\/Picture-313.jpg 1282w, https:\/\/www.medulinriviera.info\/wp-content\/uploads\/2022\/04\/Picture-313-300x200.jpg 300w, https:\/\/www.medulinriviera.info\/wp-content\/uploads\/2022\/04\/Picture-313-768x512.jpg 768w\" sizes=\"auto, (max-width: 1282px) 100vw, 1282px\" \/><\/figure>\n\n\n\n<figure class=\"wp-block-image size-large\"><img loading=\"lazy\" decoding=\"async\" width=\"1282\" height=\"854\" data-id=\"23099\" src=\"https:\/\/www.medulinriviera.info\/wp-content\/uploads\/2022\/04\/Picture-278.jpg\" alt=\"\" class=\"wp-image-23099\" srcset=\"https:\/\/www.medulinriviera.info\/wp-content\/uploads\/2022\/04\/Picture-278.jpg 1282w, https:\/\/www.medulinriviera.info\/wp-content\/uploads\/2022\/04\/Picture-278-300x200.jpg 300w, https:\/\/www.medulinriviera.info\/wp-content\/uploads\/2022\/04\/Picture-278-768x512.jpg 768w\" sizes=\"auto, (max-width: 1282px) 100vw, 1282px\" \/><\/figure>\n\n\n\n<figure class=\"wp-block-image size-large\"><img loading=\"lazy\" decoding=\"async\" width=\"1282\" height=\"854\" data-id=\"23081\" src=\"https:\/\/www.medulinriviera.info\/wp-content\/uploads\/2022\/04\/Picture-269.jpg\" alt=\"\" class=\"wp-image-23081\" srcset=\"https:\/\/www.medulinriviera.info\/wp-content\/uploads\/2022\/04\/Picture-269.jpg 1282w, https:\/\/www.medulinriviera.info\/wp-content\/uploads\/2022\/04\/Picture-269-300x200.jpg 300w, https:\/\/www.medulinriviera.info\/wp-content\/uploads\/2022\/04\/Picture-269-768x512.jpg 768w\" sizes=\"auto, (max-width: 1282px) 100vw, 1282px\" \/><\/figure>\n\n\n\n<figure class=\"wp-block-image size-large\"><img loading=\"lazy\" decoding=\"async\" width=\"1282\" height=\"854\" data-id=\"23093\" src=\"https:\/\/www.medulinriviera.info\/wp-content\/uploads\/2022\/04\/Picture-277.jpg\" alt=\"\" class=\"wp-image-23093\" srcset=\"https:\/\/www.medulinriviera.info\/wp-content\/uploads\/2022\/04\/Picture-277.jpg 1282w, https:\/\/www.medulinriviera.info\/wp-content\/uploads\/2022\/04\/Picture-277-300x200.jpg 300w, https:\/\/www.medulinriviera.info\/wp-content\/uploads\/2022\/04\/Picture-277-768x512.jpg 768w\" sizes=\"auto, (max-width: 1282px) 100vw, 1282px\" \/><\/figure>\n\n\n\n<figure class=\"wp-block-image size-large\"><img loading=\"lazy\" decoding=\"async\" width=\"1282\" height=\"854\" data-id=\"23105\" src=\"https:\/\/www.medulinriviera.info\/wp-content\/uploads\/2022\/04\/Picture-279-1.jpg\" alt=\"\" class=\"wp-image-23105\" srcset=\"https:\/\/www.medulinriviera.info\/wp-content\/uploads\/2022\/04\/Picture-279-1.jpg 1282w, https:\/\/www.medulinriviera.info\/wp-content\/uploads\/2022\/04\/Picture-279-1-300x200.jpg 300w, https:\/\/www.medulinriviera.info\/wp-content\/uploads\/2022\/04\/Picture-279-1-768x512.jpg 768w\" sizes=\"auto, (max-width: 1282px) 100vw, 1282px\" \/><\/figure>\n\n\n\n<figure class=\"wp-block-image size-large\"><img loading=\"lazy\" decoding=\"async\" width=\"1600\" height=\"900\" data-id=\"34340\" src=\"https:\/\/www.medulinriviera.info\/wp-content\/uploads\/2024\/10\/TZ-OM-87-1600x900.jpg\" alt=\"\" class=\"wp-image-34340\" srcset=\"https:\/\/www.medulinriviera.info\/wp-content\/uploads\/2024\/10\/TZ-OM-87-1600x900.jpg 1600w, https:\/\/www.medulinriviera.info\/wp-content\/uploads\/2024\/10\/TZ-OM-87-300x169.jpg 300w, https:\/\/www.medulinriviera.info\/wp-content\/uploads\/2024\/10\/TZ-OM-87-768x432.jpg 768w, https:\/\/www.medulinriviera.info\/wp-content\/uploads\/2024\/10\/TZ-OM-87-1536x864.jpg 1536w, https:\/\/www.medulinriviera.info\/wp-content\/uploads\/2024\/10\/TZ-OM-87.jpg 2000w\" sizes=\"auto, (max-width: 1600px) 100vw, 1600px\" \/><\/figure>\n\n\n\n<figure class=\"wp-block-image size-large\"><img loading=\"lazy\" decoding=\"async\" width=\"1282\" height=\"854\" data-id=\"23122\" src=\"https:\/\/www.medulinriviera.info\/wp-content\/uploads\/2022\/04\/Slika-1-ZNS.jpg\" alt=\"\" class=\"wp-image-23122\" srcset=\"https:\/\/www.medulinriviera.info\/wp-content\/uploads\/2022\/04\/Slika-1-ZNS.jpg 1282w, https:\/\/www.medulinriviera.info\/wp-content\/uploads\/2022\/04\/Slika-1-ZNS-300x200.jpg 300w, https:\/\/www.medulinriviera.info\/wp-content\/uploads\/2022\/04\/Slika-1-ZNS-768x512.jpg 768w\" sizes=\"auto, (max-width: 1282px) 100vw, 1282px\" \/><\/figure>\n<\/figure>\n\n\n\n<p><\/p>\n\n\n\n<p><\/p>\n\n\n\n<p class=\"has-text-align-center\">Ce tournoi a \u00e9t\u00e9 organis\u00e9 pour la premi\u00e8re fois en 2000, alors qu&rsquo;il n&rsquo;y avait que 480 participants. Dix ans plus tard, en 2010, le tournoi comptait 101 \u00e9quipes et 2 131 participants. Cette ann\u00e9e, 172 \u00e9quipes de football participent au tournoi r\u00e9parties en 6 cat\u00e9gories d&rsquo;\u00e2ge &#8211; U13, U12, U11, U10, U9 et U8.<\/p>\n\n\n\n<p>Un h\u00e9bergement et des installations sportives de haute qualit\u00e9, ainsi qu&rsquo;une \u00e9quipe d&rsquo;organisation professionnelle, ont fait de ce tournoi l&rsquo;un des plus int\u00e9ressants de Croatie pour la cat\u00e9gorie des jeunes footballeurs.<\/p>\n\n\n\n<p class=\"has-text-align-center\">Les organisateurs du tournoi sont l&rsquo;agence de tourisme GAT, AHG d.d., la municipalit\u00e9 de Medulin, l&rsquo;office de tourisme de la municipalit\u00e9 de Medulin, la F\u00e9d\u00e9ration croate de football, la F\u00e9d\u00e9ration de football de Zagreb et le Comit\u00e9 olympique croate, avec le parrainage m\u00e9diatique de Medulin FM.<\/p>\n\n\n\n<p><\/p>\n","protected":false},"excerpt":{"rendered":"<p>25\u00e8me Tournoi Ouvert de Football Medulin 2025 (U-13, U-12, U-11, U-10, U-9, U-8) 30.04. &#8211; 03.05.2026. Calendrier des matchs Live&#8230;<\/p>\n","protected":false},"author":2,"featured_media":35399,"parent":0,"menu_order":0,"comment_status":"closed","ping_status":"closed","template":"","meta":{"_acf_changed":false,"footnotes":""},"classificator":[],"class_list":["post-23152","page","type-page","status-publish","has-post-thumbnail","hentry"],"acf":{"video":"","gallery":""},"yoast_head":"<!-- This site is optimized with the Yoast SEO plugin v27.5 - https:\/\/yoast.com\/product\/yoast-seo-wordpress\/ -->\n<title>MAY DAY CORNER \u00c0 MEDULIN \u2013 football, barbecue et super ambiance ! - Medulin Riviera<\/title>\n<meta name=\"robots\" content=\"index, follow, max-snippet:-1, max-image-preview:large, max-video-preview:-1\" \/>\n<link rel=\"canonical\" href=\"https:\/\/www.medulinriviera.info\/fr\/21eme-tournoi-de-football-zns-medulin-2022\/\" \/>\n<meta property=\"og:locale\" content=\"fr_FR\" \/>\n<meta property=\"og:type\" content=\"article\" \/>\n<meta property=\"og:title\" content=\"MAY DAY CORNER \u00c0 MEDULIN \u2013 football, barbecue et super ambiance ! - Medulin Riviera\" \/>\n<meta property=\"og:description\" content=\"25\u00e8me Tournoi Ouvert de Football Medulin 2025 (U-13, U-12, U-11, U-10, U-9, U-8) 30.04. &#8211; 03.05.2026. Calendrier des matchs Live...\" \/>\n<meta property=\"og:url\" content=\"https:\/\/www.medulinriviera.info\/fr\/21eme-tournoi-de-football-zns-medulin-2022\/\" \/>\n<meta property=\"og:site_name\" content=\"Medulin Riviera\" \/>\n<meta property=\"article:publisher\" content=\"https:\/\/www.facebook.com\/medulinriviera\/\" \/>\n<meta property=\"article:modified_time\" content=\"2026-04-28T13:45:31+00:00\" \/>\n<meta property=\"og:image\" content=\"https:\/\/www.medulinriviera.info\/wp-content\/uploads\/2025\/04\/TZOM-Nogomet2-DarkoPrivrat.jpg\" \/>\n\t<meta property=\"og:image:width\" content=\"2000\" \/>\n\t<meta property=\"og:image:height\" content=\"1125\" \/>\n\t<meta property=\"og:image:type\" content=\"image\/jpeg\" \/>\n<meta name=\"twitter:card\" content=\"summary_large_image\" \/>\n<meta name=\"twitter:label1\" content=\"Dur\u00e9e de lecture estim\u00e9e\" \/>\n\t<meta name=\"twitter:data1\" content=\"5 minutes\" \/>\n<script type=\"application\/ld+json\" class=\"yoast-schema-graph\">{\"@context\":\"https:\\\/\\\/schema.org\",\"@graph\":[{\"@type\":\"WebPage\",\"@id\":\"https:\\\/\\\/www.medulinriviera.info\\\/fr\\\/21eme-tournoi-de-football-zns-medulin-2022\\\/\",\"url\":\"https:\\\/\\\/www.medulinriviera.info\\\/fr\\\/21eme-tournoi-de-football-zns-medulin-2022\\\/\",\"name\":\"MAY DAY CORNER \u00c0 MEDULIN \u2013 football, barbecue et super ambiance ! - Medulin Riviera\",\"isPartOf\":{\"@id\":\"https:\\\/\\\/www.medulinriviera.info\\\/fr\\\/#website\"},\"primaryImageOfPage\":{\"@id\":\"https:\\\/\\\/www.medulinriviera.info\\\/fr\\\/21eme-tournoi-de-football-zns-medulin-2022\\\/#primaryimage\"},\"image\":{\"@id\":\"https:\\\/\\\/www.medulinriviera.info\\\/fr\\\/21eme-tournoi-de-football-zns-medulin-2022\\\/#primaryimage\"},\"thumbnailUrl\":\"https:\\\/\\\/www.medulinriviera.info\\\/wp-content\\\/uploads\\\/2025\\\/04\\\/TZOM-Nogomet2-DarkoPrivrat.jpg\",\"datePublished\":\"2022-04-06T13:40:51+00:00\",\"dateModified\":\"2026-04-28T13:45:31+00:00\",\"breadcrumb\":{\"@id\":\"https:\\\/\\\/www.medulinriviera.info\\\/fr\\\/21eme-tournoi-de-football-zns-medulin-2022\\\/#breadcrumb\"},\"inLanguage\":\"fr-FR\",\"potentialAction\":[{\"@type\":\"ReadAction\",\"target\":[\"https:\\\/\\\/www.medulinriviera.info\\\/fr\\\/21eme-tournoi-de-football-zns-medulin-2022\\\/\"]}]},{\"@type\":\"ImageObject\",\"inLanguage\":\"fr-FR\",\"@id\":\"https:\\\/\\\/www.medulinriviera.info\\\/fr\\\/21eme-tournoi-de-football-zns-medulin-2022\\\/#primaryimage\",\"url\":\"https:\\\/\\\/www.medulinriviera.info\\\/wp-content\\\/uploads\\\/2025\\\/04\\\/TZOM-Nogomet2-DarkoPrivrat.jpg\",\"contentUrl\":\"https:\\\/\\\/www.medulinriviera.info\\\/wp-content\\\/uploads\\\/2025\\\/04\\\/TZOM-Nogomet2-DarkoPrivrat.jpg\",\"width\":2000,\"height\":1125},{\"@type\":\"BreadcrumbList\",\"@id\":\"https:\\\/\\\/www.medulinriviera.info\\\/fr\\\/21eme-tournoi-de-football-zns-medulin-2022\\\/#breadcrumb\",\"itemListElement\":[{\"@type\":\"ListItem\",\"position\":1,\"name\":\"Home\",\"item\":\"https:\\\/\\\/www.medulinriviera.info\\\/fr\\\/\"},{\"@type\":\"ListItem\",\"position\":2,\"name\":\"MAY DAY CORNER \u00c0 MEDULIN \u2013 football, barbecue et super ambiance !\"}]},{\"@type\":\"WebSite\",\"@id\":\"https:\\\/\\\/www.medulinriviera.info\\\/fr\\\/#website\",\"url\":\"https:\\\/\\\/www.medulinriviera.info\\\/fr\\\/\",\"name\":\"Medulin Riviera\",\"description\":\"La Plan\u00e8te bleue\",\"publisher\":{\"@id\":\"https:\\\/\\\/www.medulinriviera.info\\\/fr\\\/#organization\"},\"potentialAction\":[{\"@type\":\"SearchAction\",\"target\":{\"@type\":\"EntryPoint\",\"urlTemplate\":\"https:\\\/\\\/www.medulinriviera.info\\\/fr\\\/?s={search_term_string}\"},\"query-input\":{\"@type\":\"PropertyValueSpecification\",\"valueRequired\":true,\"valueName\":\"search_term_string\"}}],\"inLanguage\":\"fr-FR\"},{\"@type\":\"Organization\",\"@id\":\"https:\\\/\\\/www.medulinriviera.info\\\/fr\\\/#organization\",\"name\":\"Medulin Riviera\",\"url\":\"https:\\\/\\\/www.medulinriviera.info\\\/fr\\\/\",\"logo\":{\"@type\":\"ImageObject\",\"inLanguage\":\"fr-FR\",\"@id\":\"https:\\\/\\\/www.medulinriviera.info\\\/fr\\\/#\\\/schema\\\/logo\\\/image\\\/\",\"url\":\"https:\\\/\\\/www.medulinriviera.info\\\/wp-content\\\/uploads\\\/2020\\\/06\\\/logo-alt.png\",\"contentUrl\":\"https:\\\/\\\/www.medulinriviera.info\\\/wp-content\\\/uploads\\\/2020\\\/06\\\/logo-alt.png\",\"width\":264,\"height\":78,\"caption\":\"Medulin Riviera\"},\"image\":{\"@id\":\"https:\\\/\\\/www.medulinriviera.info\\\/fr\\\/#\\\/schema\\\/logo\\\/image\\\/\"},\"sameAs\":[\"https:\\\/\\\/www.facebook.com\\\/medulinriviera\\\/\",\"https:\\\/\\\/www.instagram.com\\\/medulinriviera\\\/\",\"https:\\\/\\\/www.youtube.com\\\/channel\\\/UCYdC8kYbK9OEmlmeZydpumQ\"]}]}<\/script>\n<!-- \/ Yoast SEO plugin. -->","yoast_head_json":{"title":"MAY DAY CORNER \u00c0 MEDULIN \u2013 football, barbecue et super ambiance ! - Medulin Riviera","robots":{"index":"index","follow":"follow","max-snippet":"max-snippet:-1","max-image-preview":"max-image-preview:large","max-video-preview":"max-video-preview:-1"},"canonical":"https:\/\/www.medulinriviera.info\/fr\/21eme-tournoi-de-football-zns-medulin-2022\/","og_locale":"fr_FR","og_type":"article","og_title":"MAY DAY CORNER \u00c0 MEDULIN \u2013 football, barbecue et super ambiance ! - Medulin Riviera","og_description":"25\u00e8me Tournoi Ouvert de Football Medulin 2025 (U-13, U-12, U-11, U-10, U-9, U-8) 30.04. &#8211; 03.05.2026. Calendrier des matchs Live...","og_url":"https:\/\/www.medulinriviera.info\/fr\/21eme-tournoi-de-football-zns-medulin-2022\/","og_site_name":"Medulin Riviera","article_publisher":"https:\/\/www.facebook.com\/medulinriviera\/","article_modified_time":"2026-04-28T13:45:31+00:00","og_image":[{"width":2000,"height":1125,"url":"https:\/\/www.medulinriviera.info\/wp-content\/uploads\/2025\/04\/TZOM-Nogomet2-DarkoPrivrat.jpg","type":"image\/jpeg"}],"twitter_card":"summary_large_image","twitter_misc":{"Dur\u00e9e de lecture estim\u00e9e":"5 minutes"},"schema":{"@context":"https:\/\/schema.org","@graph":[{"@type":"WebPage","@id":"https:\/\/www.medulinriviera.info\/fr\/21eme-tournoi-de-football-zns-medulin-2022\/","url":"https:\/\/www.medulinriviera.info\/fr\/21eme-tournoi-de-football-zns-medulin-2022\/","name":"MAY DAY CORNER \u00c0 MEDULIN \u2013 football, barbecue et super ambiance ! - Medulin Riviera","isPartOf":{"@id":"https:\/\/www.medulinriviera.info\/fr\/#website"},"primaryImageOfPage":{"@id":"https:\/\/www.medulinriviera.info\/fr\/21eme-tournoi-de-football-zns-medulin-2022\/#primaryimage"},"image":{"@id":"https:\/\/www.medulinriviera.info\/fr\/21eme-tournoi-de-football-zns-medulin-2022\/#primaryimage"},"thumbnailUrl":"https:\/\/www.medulinriviera.info\/wp-content\/uploads\/2025\/04\/TZOM-Nogomet2-DarkoPrivrat.jpg","datePublished":"2022-04-06T13:40:51+00:00","dateModified":"2026-04-28T13:45:31+00:00","breadcrumb":{"@id":"https:\/\/www.medulinriviera.info\/fr\/21eme-tournoi-de-football-zns-medulin-2022\/#breadcrumb"},"inLanguage":"fr-FR","potentialAction":[{"@type":"ReadAction","target":["https:\/\/www.medulinriviera.info\/fr\/21eme-tournoi-de-football-zns-medulin-2022\/"]}]},{"@type":"ImageObject","inLanguage":"fr-FR","@id":"https:\/\/www.medulinriviera.info\/fr\/21eme-tournoi-de-football-zns-medulin-2022\/#primaryimage","url":"https:\/\/www.medulinriviera.info\/wp-content\/uploads\/2025\/04\/TZOM-Nogomet2-DarkoPrivrat.jpg","contentUrl":"https:\/\/www.medulinriviera.info\/wp-content\/uploads\/2025\/04\/TZOM-Nogomet2-DarkoPrivrat.jpg","width":2000,"height":1125},{"@type":"BreadcrumbList","@id":"https:\/\/www.medulinriviera.info\/fr\/21eme-tournoi-de-football-zns-medulin-2022\/#breadcrumb","itemListElement":[{"@type":"ListItem","position":1,"name":"Home","item":"https:\/\/www.medulinriviera.info\/fr\/"},{"@type":"ListItem","position":2,"name":"MAY DAY CORNER \u00c0 MEDULIN \u2013 football, barbecue et super ambiance !"}]},{"@type":"WebSite","@id":"https:\/\/www.medulinriviera.info\/fr\/#website","url":"https:\/\/www.medulinriviera.info\/fr\/","name":"Medulin Riviera","description":"La Plan\u00e8te bleue","publisher":{"@id":"https:\/\/www.medulinriviera.info\/fr\/#organization"},"potentialAction":[{"@type":"SearchAction","target":{"@type":"EntryPoint","urlTemplate":"https:\/\/www.medulinriviera.info\/fr\/?s={search_term_string}"},"query-input":{"@type":"PropertyValueSpecification","valueRequired":true,"valueName":"search_term_string"}}],"inLanguage":"fr-FR"},{"@type":"Organization","@id":"https:\/\/www.medulinriviera.info\/fr\/#organization","name":"Medulin Riviera","url":"https:\/\/www.medulinriviera.info\/fr\/","logo":{"@type":"ImageObject","inLanguage":"fr-FR","@id":"https:\/\/www.medulinriviera.info\/fr\/#\/schema\/logo\/image\/","url":"https:\/\/www.medulinriviera.info\/wp-content\/uploads\/2020\/06\/logo-alt.png","contentUrl":"https:\/\/www.medulinriviera.info\/wp-content\/uploads\/2020\/06\/logo-alt.png","width":264,"height":78,"caption":"Medulin Riviera"},"image":{"@id":"https:\/\/www.medulinriviera.info\/fr\/#\/schema\/logo\/image\/"},"sameAs":["https:\/\/www.facebook.com\/medulinriviera\/","https:\/\/www.instagram.com\/medulinriviera\/","https:\/\/www.youtube.com\/channel\/UCYdC8kYbK9OEmlmeZydpumQ"]}]}},"wpml_current_locale":"fr_FR","wpml_translations":[{"locale":"hr","id":23149,"post_title":"PRVOMAJSKI KORNER U MEDULINU \u2013 nogomet, ro\u0161tilj i vrhunska zabava!","href":"https:\/\/www.medulinriviera.info\/hr\/21-otvoreni-turnir-zns-a-medulin-2022\/"},{"locale":"en_US","id":23060,"post_title":"May Day CornerMAY DAY CORNER IN MEDULIN \u2013 football, BBQ &amp; great vibes!","href":"https:\/\/www.medulinriviera.info\/21st-football-tournament-zns-medulin-2022\/"},{"locale":"de_DE","id":23154,"post_title":"MAY DAY CORNER IN MEDULIN \u2013 Fu\u00dfball, BBQ &amp; beste Stimmung!","href":"https:\/\/www.medulinriviera.info\/de\/21-fussballturnier-zns-medulin-2022\/"},{"locale":"it_IT","id":23156,"post_title":"MAY DAY CORNER A MEDULIN \u2013 calcio, BBQ e grande divertimento!","href":"https:\/\/www.medulinriviera.info\/it\/21-torneo-di-calcio-zns-medulin-2022\/"}],"_links":{"self":[{"href":"https:\/\/www.medulinriviera.info\/fr\/wp-json\/wp\/v2\/pages\/23152","targetHints":{"allow":["GET"]}}],"collection":[{"href":"https:\/\/www.medulinriviera.info\/fr\/wp-json\/wp\/v2\/pages"}],"about":[{"href":"https:\/\/www.medulinriviera.info\/fr\/wp-json\/wp\/v2\/types\/page"}],"author":[{"embeddable":true,"href":"https:\/\/www.medulinriviera.info\/fr\/wp-json\/wp\/v2\/users\/2"}],"replies":[{"embeddable":true,"href":"https:\/\/www.medulinriviera.info\/fr\/wp-json\/wp\/v2\/comments?post=23152"}],"version-history":[{"count":9,"href":"https:\/\/www.medulinriviera.info\/fr\/wp-json\/wp\/v2\/pages\/23152\/revisions"}],"predecessor-version":[{"id":38116,"href":"https:\/\/www.medulinriviera.info\/fr\/wp-json\/wp\/v2\/pages\/23152\/revisions\/38116"}],"wp:featuredmedia":[{"embeddable":true,"href":"https:\/\/www.medulinriviera.info\/fr\/wp-json\/wp\/v2\/media\/35399"}],"wp:attachment":[{"href":"https:\/\/www.medulinriviera.info\/fr\/wp-json\/wp\/v2\/media?parent=23152"}],"wp:term":[{"taxonomy":"classificator","embeddable":true,"href":"https:\/\/www.medulinriviera.info\/fr\/wp-json\/wp\/v2\/classificator?post=23152"}],"curies":[{"name":"wp","href":"https:\/\/api.w.org\/{rel}","templated":true}]}}