{"id":22764,"date":"2022-03-30T09:49:03","date_gmt":"2022-03-30T07:49:03","guid":{"rendered":"https:\/\/www.medulinriviera.info\/?page_id=22764"},"modified":"2024-01-17T09:42:22","modified_gmt":"2024-01-17T08:42:22","slug":"animaux-de-compagnie-bienvenus","status":"publish","type":"page","link":"https:\/\/www.medulinriviera.info\/fr\/animaux-de-compagnie-bienvenus\/","title":{"rendered":"Animaux de compagnie bienvenus"},"content":{"rendered":"\n<p>Pour de nombreux propri\u00e9taires, les animaux de compagnie sont un v\u00e9ritable membre de la famille sans lequel ils ne partiront certainement pas en vacances.<\/p>\n\n\n\n<p>Sur la Riviera de Medulin, vous trouverez de nombreux espaces verts, des parcs et plusieurs plages o\u00f9 vous pourrez profiter avec vos amis \u00e0 quatre pattes sans d\u00e9ranger et sans \u00eatre d\u00e9rang\u00e9. Les plages avec un tel label sont le camping Arena Medulin-Puntica, la plage Mukalba \u00e0 Medulin, la plage Bumbi\u0161te \u00e0 Banjole, Vinkuranska vala \u00e0 Vinkuran et les plages naturelles le long de la c\u00f4te tant que vos animaux de compagnie ne d\u00e9rangent pas les autres vacanciers.<\/p>\n\n\n\n<p>Vous pouvez s\u00e9journer dans <strong><a href=\"https:\/\/www.medulinriviera.info\/fr\/accommodation\/hotels\/\" target=\"_blank\" rel=\"noreferrer noopener\">d&rsquo;excellents h\u00f4tels<\/a><\/strong>, des <strong><a href=\"https:\/\/www.medulinriviera.info\/fr\/accommodation\/camping\/\" target=\"_blank\" rel=\"noreferrer noopener\">campings<\/a><\/strong> bien \u00e9quip\u00e9s et attractifs avec des <strong><a href=\"https:\/\/www.medulinriviera.info\/fr\/accommodation\/mobile-homes\/\" target=\"_blank\" rel=\"noreferrer noopener\">mobil-homes<\/a><\/strong>, des <strong><a href=\"https:\/\/www.medulinriviera.info\/fr\/accommodation\/resorts\/\" target=\"_blank\" rel=\"noreferrer noopener\">centres de vill\u00e9giature<\/a><\/strong>, des <strong><a href=\"https:\/\/www.medulinriviera.info\/fr\/accommodation\/private-accommodation\/\" target=\"_blank\" rel=\"noreferrer noopener\">maisons de vacances ou des appartements<\/a>.<\/strong><\/p>\n\n\n\n<p>Peu importe o\u00f9 vous vous reposez avec vos animaux de compagnie, veillez \u00e0 l&rsquo;hygi\u00e8ne et aux besoins des autres touristes pour la paix. Des stations v\u00e9t\u00e9rinaires, des magasins sp\u00e9cialis\u00e9s en alimentation et mat\u00e9riel, des salons de beaut\u00e9 et de soins sont \u00e0 votre disposition pour une prise en charge particuli\u00e8re de vos animaux de compagnie.<\/p>\n\n\n\n<p>La station v\u00e9t\u00e9rinaire la plus proche se trouve \u00e0 Vinkuran, <strong>Clinique v\u00e9t\u00e9rinaire Andar<\/strong> (Premanturska cesta 205, T\u00e9l. +385 98 855 066, andar.veterinari@gmail.com) tandis que toutes les autres sont \u00e0 proximit\u00e9 imm\u00e9diate.<\/p>\n\n\n\n<figure class=\"wp-block-embed is-type-video is-provider-youtube wp-block-embed-youtube wp-embed-aspect-16-9 wp-has-aspect-ratio\"><div class=\"wp-block-embed__wrapper\">\n<iframe loading=\"lazy\" title=\"Pet friendly - Medulin Riviera\" width=\"500\" height=\"281\" src=\"https:\/\/www.youtube.com\/embed\/VwgiCE_faug?feature=oembed\" frameborder=\"0\" allow=\"accelerometer; autoplay; clipboard-write; encrypted-media; gyroscope; picture-in-picture; web-share\" referrerpolicy=\"strict-origin-when-cross-origin\" allowfullscreen><\/iframe>\n<\/div><\/figure>\n\n\n\n<p><\/p>\n\n\n\n<p><strong>Salons de toilettage pour chiens :<\/strong><\/p>\n\n\n\n<p><strong>Goa Pet Salon<\/strong>, Ul. 43. istarske divizije 11, Pula, tel. +385 97 751 9227<\/p>\n\n\n\n<p><strong>Kelly Grooming, <\/strong>Ul. Alfreda Stiglicha 26<strong>, <\/strong>Pula<strong>, <\/strong>Tel. +385 97 625 4925<\/p>\n\n\n\n<p><strong>Salon za pse Tiara, <\/strong>Sisa\u010dka ul. 22Pula, Tel. +385 95 369 8866<\/p>\n\n\n\n<p><strong>MISS DOGY, <\/strong>Dobrilina ul. 17Pula<strong>, <\/strong>Tel. +385 91 600 6531<\/p>\n\n\n\n<p><strong>Vesele \u0161apice, <\/strong>ul. Ljudevita Gaja 2Pula,Tel. +385 97 600 4232, e-mail: veselesapicegrooming@gmail.com<\/p>\n\n\n\n<p><strong>Zara, <\/strong>Trgova\u010dka ulica 64 Vodnjan \u2013 Dignano, Tel. +385 99 217 3459<\/p>\n\n\n\n<p><strong>Funky Tail Grooming Studio, <\/strong>Palisina 2Pula,Tel. +385 98 211 806<\/p>\n","protected":false},"excerpt":{"rendered":"<p>Pour de nombreux propri\u00e9taires, les animaux de compagnie sont un v\u00e9ritable membre de la famille sans lequel ils ne partiront&#8230;<\/p>\n","protected":false},"author":5,"featured_media":22869,"parent":0,"menu_order":0,"comment_status":"closed","ping_status":"closed","template":"","meta":{"_acf_changed":false,"footnotes":""},"classificator":[],"class_list":["post-22764","page","type-page","status-publish","has-post-thumbnail","hentry"],"acf":{"video":"","gallery":[null]},"yoast_head":"<!-- This site is optimized with the Yoast SEO plugin v27.6 - https:\/\/yoast.com\/product\/yoast-seo-wordpress\/ -->\n<title>Animaux de compagnie bienvenus - Medulin Riviera<\/title>\n<meta name=\"robots\" content=\"index, follow, max-snippet:-1, max-image-preview:large, max-video-preview:-1\" \/>\n<link rel=\"canonical\" href=\"https:\/\/www.medulinriviera.info\/fr\/animaux-de-compagnie-bienvenus\/\" \/>\n<meta property=\"og:locale\" content=\"fr_FR\" \/>\n<meta property=\"og:type\" content=\"article\" \/>\n<meta property=\"og:title\" content=\"Animaux de compagnie bienvenus - Medulin Riviera\" \/>\n<meta property=\"og:description\" content=\"Pour de nombreux propri\u00e9taires, les animaux de compagnie sont un v\u00e9ritable membre de la famille sans lequel ils ne partiront...\" \/>\n<meta property=\"og:url\" content=\"https:\/\/www.medulinriviera.info\/fr\/animaux-de-compagnie-bienvenus\/\" \/>\n<meta property=\"og:site_name\" content=\"Medulin Riviera\" \/>\n<meta property=\"article:publisher\" content=\"https:\/\/www.facebook.com\/medulinriviera\/\" \/>\n<meta property=\"article:modified_time\" content=\"2024-01-17T08:42:22+00:00\" \/>\n<meta property=\"og:image\" content=\"https:\/\/www.medulinriviera.info\/wp-content\/uploads\/2022\/03\/DSC5052-scaled.jpg\" \/>\n\t<meta property=\"og:image:width\" content=\"2560\" \/>\n\t<meta property=\"og:image:height\" content=\"1708\" \/>\n\t<meta property=\"og:image:type\" content=\"image\/jpeg\" \/>\n<meta name=\"twitter:card\" content=\"summary_large_image\" \/>\n<meta name=\"twitter:label1\" content=\"Dur\u00e9e de lecture estim\u00e9e\" \/>\n\t<meta name=\"twitter:data1\" content=\"2 minutes\" \/>\n<script type=\"application\/ld+json\" class=\"yoast-schema-graph\">{\"@context\":\"https:\\\/\\\/schema.org\",\"@graph\":[{\"@type\":\"WebPage\",\"@id\":\"https:\\\/\\\/www.medulinriviera.info\\\/fr\\\/animaux-de-compagnie-bienvenus\\\/\",\"url\":\"https:\\\/\\\/www.medulinriviera.info\\\/fr\\\/animaux-de-compagnie-bienvenus\\\/\",\"name\":\"Animaux de compagnie bienvenus - Medulin Riviera\",\"isPartOf\":{\"@id\":\"https:\\\/\\\/www.medulinriviera.info\\\/fr\\\/#website\"},\"primaryImageOfPage\":{\"@id\":\"https:\\\/\\\/www.medulinriviera.info\\\/fr\\\/animaux-de-compagnie-bienvenus\\\/#primaryimage\"},\"image\":{\"@id\":\"https:\\\/\\\/www.medulinriviera.info\\\/fr\\\/animaux-de-compagnie-bienvenus\\\/#primaryimage\"},\"thumbnailUrl\":\"https:\\\/\\\/www.medulinriviera.info\\\/wp-content\\\/uploads\\\/2022\\\/03\\\/DSC5052-scaled.jpg\",\"datePublished\":\"2022-03-30T07:49:03+00:00\",\"dateModified\":\"2024-01-17T08:42:22+00:00\",\"breadcrumb\":{\"@id\":\"https:\\\/\\\/www.medulinriviera.info\\\/fr\\\/animaux-de-compagnie-bienvenus\\\/#breadcrumb\"},\"inLanguage\":\"fr-FR\",\"potentialAction\":[{\"@type\":\"ReadAction\",\"target\":[\"https:\\\/\\\/www.medulinriviera.info\\\/fr\\\/animaux-de-compagnie-bienvenus\\\/\"]}]},{\"@type\":\"ImageObject\",\"inLanguage\":\"fr-FR\",\"@id\":\"https:\\\/\\\/www.medulinriviera.info\\\/fr\\\/animaux-de-compagnie-bienvenus\\\/#primaryimage\",\"url\":\"https:\\\/\\\/www.medulinriviera.info\\\/wp-content\\\/uploads\\\/2022\\\/03\\\/DSC5052-scaled.jpg\",\"contentUrl\":\"https:\\\/\\\/www.medulinriviera.info\\\/wp-content\\\/uploads\\\/2022\\\/03\\\/DSC5052-scaled.jpg\",\"width\":2560,\"height\":1708},{\"@type\":\"BreadcrumbList\",\"@id\":\"https:\\\/\\\/www.medulinriviera.info\\\/fr\\\/animaux-de-compagnie-bienvenus\\\/#breadcrumb\",\"itemListElement\":[{\"@type\":\"ListItem\",\"position\":1,\"name\":\"Home\",\"item\":\"https:\\\/\\\/www.medulinriviera.info\\\/fr\\\/\"},{\"@type\":\"ListItem\",\"position\":2,\"name\":\"Animaux de compagnie bienvenus\"}]},{\"@type\":\"WebSite\",\"@id\":\"https:\\\/\\\/www.medulinriviera.info\\\/fr\\\/#website\",\"url\":\"https:\\\/\\\/www.medulinriviera.info\\\/fr\\\/\",\"name\":\"Medulin Riviera\",\"description\":\"La Plan\u00e8te bleue\",\"publisher\":{\"@id\":\"https:\\\/\\\/www.medulinriviera.info\\\/fr\\\/#organization\"},\"potentialAction\":[{\"@type\":\"SearchAction\",\"target\":{\"@type\":\"EntryPoint\",\"urlTemplate\":\"https:\\\/\\\/www.medulinriviera.info\\\/fr\\\/?s={search_term_string}\"},\"query-input\":{\"@type\":\"PropertyValueSpecification\",\"valueRequired\":true,\"valueName\":\"search_term_string\"}}],\"inLanguage\":\"fr-FR\"},{\"@type\":\"Organization\",\"@id\":\"https:\\\/\\\/www.medulinriviera.info\\\/fr\\\/#organization\",\"name\":\"Medulin Riviera\",\"url\":\"https:\\\/\\\/www.medulinriviera.info\\\/fr\\\/\",\"logo\":{\"@type\":\"ImageObject\",\"inLanguage\":\"fr-FR\",\"@id\":\"https:\\\/\\\/www.medulinriviera.info\\\/fr\\\/#\\\/schema\\\/logo\\\/image\\\/\",\"url\":\"https:\\\/\\\/www.medulinriviera.info\\\/wp-content\\\/uploads\\\/2020\\\/06\\\/logo-alt.png\",\"contentUrl\":\"https:\\\/\\\/www.medulinriviera.info\\\/wp-content\\\/uploads\\\/2020\\\/06\\\/logo-alt.png\",\"width\":264,\"height\":78,\"caption\":\"Medulin Riviera\"},\"image\":{\"@id\":\"https:\\\/\\\/www.medulinriviera.info\\\/fr\\\/#\\\/schema\\\/logo\\\/image\\\/\"},\"sameAs\":[\"https:\\\/\\\/www.facebook.com\\\/medulinriviera\\\/\",\"https:\\\/\\\/www.instagram.com\\\/medulinriviera\\\/\",\"https:\\\/\\\/www.youtube.com\\\/channel\\\/UCYdC8kYbK9OEmlmeZydpumQ\"]}]}<\/script>\n<!-- \/ Yoast SEO plugin. -->","yoast_head_json":{"title":"Animaux de compagnie bienvenus - Medulin Riviera","robots":{"index":"index","follow":"follow","max-snippet":"max-snippet:-1","max-image-preview":"max-image-preview:large","max-video-preview":"max-video-preview:-1"},"canonical":"https:\/\/www.medulinriviera.info\/fr\/animaux-de-compagnie-bienvenus\/","og_locale":"fr_FR","og_type":"article","og_title":"Animaux de compagnie bienvenus - Medulin Riviera","og_description":"Pour de nombreux propri\u00e9taires, les animaux de compagnie sont un v\u00e9ritable membre de la famille sans lequel ils ne partiront...","og_url":"https:\/\/www.medulinriviera.info\/fr\/animaux-de-compagnie-bienvenus\/","og_site_name":"Medulin Riviera","article_publisher":"https:\/\/www.facebook.com\/medulinriviera\/","article_modified_time":"2024-01-17T08:42:22+00:00","og_image":[{"width":2560,"height":1708,"url":"https:\/\/www.medulinriviera.info\/wp-content\/uploads\/2022\/03\/DSC5052-scaled.jpg","type":"image\/jpeg"}],"twitter_card":"summary_large_image","twitter_misc":{"Dur\u00e9e de lecture estim\u00e9e":"2 minutes"},"schema":{"@context":"https:\/\/schema.org","@graph":[{"@type":"WebPage","@id":"https:\/\/www.medulinriviera.info\/fr\/animaux-de-compagnie-bienvenus\/","url":"https:\/\/www.medulinriviera.info\/fr\/animaux-de-compagnie-bienvenus\/","name":"Animaux de compagnie bienvenus - Medulin Riviera","isPartOf":{"@id":"https:\/\/www.medulinriviera.info\/fr\/#website"},"primaryImageOfPage":{"@id":"https:\/\/www.medulinriviera.info\/fr\/animaux-de-compagnie-bienvenus\/#primaryimage"},"image":{"@id":"https:\/\/www.medulinriviera.info\/fr\/animaux-de-compagnie-bienvenus\/#primaryimage"},"thumbnailUrl":"https:\/\/www.medulinriviera.info\/wp-content\/uploads\/2022\/03\/DSC5052-scaled.jpg","datePublished":"2022-03-30T07:49:03+00:00","dateModified":"2024-01-17T08:42:22+00:00","breadcrumb":{"@id":"https:\/\/www.medulinriviera.info\/fr\/animaux-de-compagnie-bienvenus\/#breadcrumb"},"inLanguage":"fr-FR","potentialAction":[{"@type":"ReadAction","target":["https:\/\/www.medulinriviera.info\/fr\/animaux-de-compagnie-bienvenus\/"]}]},{"@type":"ImageObject","inLanguage":"fr-FR","@id":"https:\/\/www.medulinriviera.info\/fr\/animaux-de-compagnie-bienvenus\/#primaryimage","url":"https:\/\/www.medulinriviera.info\/wp-content\/uploads\/2022\/03\/DSC5052-scaled.jpg","contentUrl":"https:\/\/www.medulinriviera.info\/wp-content\/uploads\/2022\/03\/DSC5052-scaled.jpg","width":2560,"height":1708},{"@type":"BreadcrumbList","@id":"https:\/\/www.medulinriviera.info\/fr\/animaux-de-compagnie-bienvenus\/#breadcrumb","itemListElement":[{"@type":"ListItem","position":1,"name":"Home","item":"https:\/\/www.medulinriviera.info\/fr\/"},{"@type":"ListItem","position":2,"name":"Animaux de compagnie bienvenus"}]},{"@type":"WebSite","@id":"https:\/\/www.medulinriviera.info\/fr\/#website","url":"https:\/\/www.medulinriviera.info\/fr\/","name":"Medulin Riviera","description":"La Plan\u00e8te bleue","publisher":{"@id":"https:\/\/www.medulinriviera.info\/fr\/#organization"},"potentialAction":[{"@type":"SearchAction","target":{"@type":"EntryPoint","urlTemplate":"https:\/\/www.medulinriviera.info\/fr\/?s={search_term_string}"},"query-input":{"@type":"PropertyValueSpecification","valueRequired":true,"valueName":"search_term_string"}}],"inLanguage":"fr-FR"},{"@type":"Organization","@id":"https:\/\/www.medulinriviera.info\/fr\/#organization","name":"Medulin Riviera","url":"https:\/\/www.medulinriviera.info\/fr\/","logo":{"@type":"ImageObject","inLanguage":"fr-FR","@id":"https:\/\/www.medulinriviera.info\/fr\/#\/schema\/logo\/image\/","url":"https:\/\/www.medulinriviera.info\/wp-content\/uploads\/2020\/06\/logo-alt.png","contentUrl":"https:\/\/www.medulinriviera.info\/wp-content\/uploads\/2020\/06\/logo-alt.png","width":264,"height":78,"caption":"Medulin Riviera"},"image":{"@id":"https:\/\/www.medulinriviera.info\/fr\/#\/schema\/logo\/image\/"},"sameAs":["https:\/\/www.facebook.com\/medulinriviera\/","https:\/\/www.instagram.com\/medulinriviera\/","https:\/\/www.youtube.com\/channel\/UCYdC8kYbK9OEmlmeZydpumQ"]}]}},"wpml_current_locale":"fr_FR","wpml_translations":[{"locale":"hr","id":22761,"post_title":"Odmor s ku\u0107nim ljubimcima","href":"https:\/\/www.medulinriviera.info\/hr\/odmor-s-kucnim-ljubimcima\/"},{"locale":"en_US","id":22646,"post_title":"Pet friendly","href":"https:\/\/www.medulinriviera.info\/pet-friendly\/"},{"locale":"de_DE","id":22766,"post_title":"Pet friendly","href":"https:\/\/www.medulinriviera.info\/de\/pet-friendly\/"},{"locale":"it_IT","id":22768,"post_title":"Pet friendly","href":"https:\/\/www.medulinriviera.info\/it\/pet-friendly\/"}],"_links":{"self":[{"href":"https:\/\/www.medulinriviera.info\/fr\/wp-json\/wp\/v2\/pages\/22764","targetHints":{"allow":["GET"]}}],"collection":[{"href":"https:\/\/www.medulinriviera.info\/fr\/wp-json\/wp\/v2\/pages"}],"about":[{"href":"https:\/\/www.medulinriviera.info\/fr\/wp-json\/wp\/v2\/types\/page"}],"author":[{"embeddable":true,"href":"https:\/\/www.medulinriviera.info\/fr\/wp-json\/wp\/v2\/users\/5"}],"replies":[{"embeddable":true,"href":"https:\/\/www.medulinriviera.info\/fr\/wp-json\/wp\/v2\/comments?post=22764"}],"version-history":[{"count":1,"href":"https:\/\/www.medulinriviera.info\/fr\/wp-json\/wp\/v2\/pages\/22764\/revisions"}],"predecessor-version":[{"id":31253,"href":"https:\/\/www.medulinriviera.info\/fr\/wp-json\/wp\/v2\/pages\/22764\/revisions\/31253"}],"acf:attachment":[{"embeddable":true,"href":"https:\/\/www.medulinriviera.info\/fr\/wp-json\/wp\/v2\/media\/"}],"wp:featuredmedia":[{"embeddable":true,"href":"https:\/\/www.medulinriviera.info\/fr\/wp-json\/wp\/v2\/media\/22869"}],"wp:attachment":[{"href":"https:\/\/www.medulinriviera.info\/fr\/wp-json\/wp\/v2\/media?parent=22764"}],"wp:term":[{"taxonomy":"classificator","embeddable":true,"href":"https:\/\/www.medulinriviera.info\/fr\/wp-json\/wp\/v2\/classificator?post=22764"}],"curies":[{"name":"wp","href":"https:\/\/api.w.org\/{rel}","templated":true}]}}