{"id":22746,"date":"2022-04-08T10:36:46","date_gmt":"2022-04-08T08:36:46","guid":{"rendered":"https:\/\/www.medulinriviera.info\/?page_id=22746"},"modified":"2022-05-31T15:41:25","modified_gmt":"2022-05-31T13:41:25","slug":"comment-se-rendre-a-medulin","status":"publish","type":"page","link":"https:\/\/www.medulinriviera.info\/fr\/comment-se-rendre-a-medulin\/","title":{"rendered":"Comment se rendre \u00e1 Medulin"},"content":{"rendered":"\n<p>La Riviera de Medulin est reli\u00e9e \u00e0 l&rsquo;Europe centrale par l&rsquo;autoroute Y d&rsquo;Istrie, longue de 141 kilom\u00e8tres.<\/p>\n\n\n\n<p>Pour conduire en Croatie, vous aurez besoin d&rsquo;un permis de conduire valable. Les&nbsp;autoroutes croates sont&nbsp;payantes, ainsi que certaines semi-autoroutes et certains ponts et tunnels.<\/p>\n\n\n\n<p>Sur l&rsquo;autoroute Y d&rsquo;Istrie, la vitesse de conduite maximale autoris\u00e9e est de 110 kilom\u00e8tres \u00e0 l&rsquo;heure, m\u00eame s&rsquo;il s&rsquo;agit d&rsquo;une autoroute. Sur la plupart des autres autoroutes, la vitesse maximale est de 130 kilom\u00e8tres \u00e0 l&rsquo;heure.<\/p>\n\n\n\n<p><strong>En voiture :<\/strong><\/p>\n\n\n\n<p>De l&rsquo;ouest : Trieste \u2013 Koper \u2013 Buje \u2013 Pula &#8211; Medulin<br>Du nord : Villach \u2013 Ljubljana \u2013 Koper \u2013 Buje \u2013 Pula &#8211; Medulin<br>De l&rsquo;est : Zagreb \u2013 Rijeka \u2013 Tunnel U\u010dka \u2013 Pazin \u2013 Pula \u2013 Medulin<\/p>\n\n\n\n<p>De toutes les directions, il est possible de rejoindre le trafic sur l&rsquo;autoroute ou de rouler sur des routes secondaires.<strong><\/strong><\/p>\n\n\n\n<p><strong>Distance routi\u00e8re de Medulin \u00e0 partir de certaines villes<\/strong><\/p>\n\n\n\n<p>Rijeka \u2013 112 km<br>Zagreb \u2013 298 km<br>Trieste \u2013 136 km,<br>Munich \u2013 617 km,<br>Milan \u2013 545 km<br>Graz \u2013 398 km<\/p>\n\n\n\n<p>Ljubljana \u2013 207<\/p>\n\n\n\n<p>Koper \u2013 107 km<\/p>\n\n\n\n<p><strong>Assistance routi\u00e8re<\/strong><\/p>\n\n\n\n<p>Le num\u00e9ro de t\u00e9l\u00e9phone pour obtenir de l&rsquo;aide est le +385.1.1987. Pour des informations d\u00e9taill\u00e9es, les touristes \u00e9trangers peuvent contacter le centre d&rsquo;information de l\u2019Auto-Club croate au t\u00e9l. +385 (0) 14640800 de 0 \u00e0 24 heures. Des informations sur la situation des routes peuvent \u00eatre obtenues en plusieurs langues sur la radio croate HR2, FM 94,4 ou sur le syst\u00e8me RDS.<\/p>\n\n\n\n<p>Des informations utiles sur la situation des routes de la R\u00e9publique de Croatie sont disponibles sur <a href=\"https:\/\/www.hak.hr\/info\/stanje-na-cestama?lang=en#traffic-flow-and-road-conditions\" target=\"_blank\" rel=\"noreferrer noopener\">www.hak.hr<\/a>.<\/p>\n\n\n\n<p><strong>En bateau et yacht :<\/strong><\/p>\n\n\n\n<p>En bateau, par le passage douanier de Pula, qui se trouve \u00e0 10 km de Medulin<\/p>\n\n\n\n<p>La Riviera de Medulin est indirectement reli\u00e9e par bateau \u00e0 Zadar. C\u2019est le\u00a0ferry\u00a0\u00e0\u00a0passagers trimaran \u00ab\u00a0Krilo Lux\u00a0\u00bb qui navigue entre Pula et Zadar, en passant par les \u00eeles Unije, Susak, Mali Lo\u0161inj, Ilovik et Silba. Vous trouverez plus d&rsquo;informations et les horaires ci-dessous\u00a0:<\/p>\n\n\n\n<p>Consultez les horaires et plus d&rsquo;informations <strong><a href=\"https:\/\/www.krilo.hr\/wp-content\/uploads\/2018\/11\/Sailing_schedule_PULA.pdf\" target=\"_blank\" rel=\"noreferrer noopener\"> ICI. <\/a><\/strong>  <\/p>\n\n\n\n<p><strong>En avion :<\/strong><\/p>\n\n\n\n<p>La Riviera de Medulin est une destination touristique a\u00e9rienne attrayante en raison de sa proximit\u00e9 (\u00e0 seulement 10 km) de l&rsquo;a\u00e9roport international de Pula, o\u00f9 atterrissent les avions de nombreuses compagnies a\u00e9riennes. L&rsquo;a\u00e9roport international de Pula est reli\u00e9 \u00e0 l&rsquo;a\u00e9roport de Zagreb par des vols quotidiens. Plus d&rsquo;informations :<\/p>\n\n\n\n<p>A\u00e9roport international de Zagreb \u2013 298 km<\/p>\n\n\n\n<p>T\u00e9l : + 385 1 456 22 22<br>Info : + 385 1 62 65 222<br><a href=\"https:\/\/www.zagreb-airport.hr\/en\" target=\"_blank\" rel=\"noreferrer noopener\">www.zagreb-airport.hr<\/a><\/p>\n\n\n\n<p><a>A\u00e9roport international <\/a>de Pula \u2013 15 km<\/p>\n\n\n\n<p>T\u00e9l : + 385 52 530 105<br>Fax : + 385 52 550 914<br>Courriel :&nbsp;<a href=\"mailto:informacije@airport-pula.hr\">informacije@airport-pula.hr<\/a>&nbsp;&nbsp;<br><a href=\"https:\/\/airport-pula.hr\/en\/\" target=\"_blank\" rel=\"noreferrer noopener\">www.airport-pula.com<\/a><\/p>\n\n\n\n<p>Autres a\u00e9roports \u00e0 proximit\u00e9 de la Riviera de Medulin :<\/p>\n\n\n\n<p>A\u00e9roport international de Rijeka (Krk) \u2013 162 km<\/p>\n\n\n\n<p>T\u00e9l : + 385 51 841 222<br>T\u00e9l : + 385 51 842 040<br>Courriel :&nbsp;<a href=\"mailto:information@rijeka-airport.hr\">information@rijeka-airport.hr<\/a>&nbsp;<br><a href=\"http:\/\/rijeka-airport.hr\/\" target=\"_blank\" rel=\"noreferrer noopener\">www.rijeka-airport.hr<\/a><\/p>\n\n\n\n<p>A\u00e9roport international de Trieste <strong>(RONCHI &#8211; Italie) <\/strong>\u2013 168 km<\/p>\n\n\n\n<p>T\u00e9l : + 39 0481 773224<br>Fax : + 39 0481 474150<br>Courriel :&nbsp;<a href=\"mailto:info@aeroporto.fvg.it\">info@aeroporto.fvg.it<\/a><br><a href=\"https:\/\/triesteairport.it\/en\/\" target=\"_blank\" rel=\"noreferrer noopener\">www.aeroporto.fvg.it<\/a><\/p>\n\n\n\n<p><strong>A\u00e9roport MARCO POLO (VENISE &#8211; Italie) \u2013 274 km<\/strong><\/p>\n\n\n\n<p>T\u00e9l : +39 (0)41 260 9260<br>Courriel :&nbsp;<a href=\"mailto:info@veniceairport.it\" target=\"_blank\" rel=\"noreferrer noopener\">info@veniceairport.it&nbsp;<\/a><br><a href=\"https:\/\/www.veneziaairport.it\/en\/\" target=\"_blank\" rel=\"noreferrer noopener\">www.veniceairport.it&nbsp;<\/a><\/p>\n\n\n\n<p><strong>\u00bb Planificateur d&rsquo;arriv\u00e9e :<\/strong>&nbsp;<a href=\"https:\/\/www.omio.com\/\" target=\"_blank\" rel=\"noreferrer noopener\">https:\/\/www.omio.com\/<\/a><\/p>\n\n\n\n<p>Sur la Riviera de Medulin, il y a aussi un a\u00e9rodrome \u00e0 proximit\u00e9 de Medulin, o\u00f9 il est possible d&rsquo;atterrir avec des avions plus petits. Les touristes \u00e9trangers ne peuvent pas atterrir directement \u00e0 l&rsquo;a\u00e9roport de Medulin, et ils doivent d\u2019abord entrer en Croatie par un a\u00e9roport international officiel. L&rsquo;a\u00e9roport le plus proche de la Riviera de Medulin est celui de Pula. \u00c0 l&rsquo;a\u00e9roport de Medulin, il est possible de garer votre avion priv\u00e9 dans le hangar, mais tous ceux qui n&rsquo;ont pas d&rsquo;avion peuvent certainement utiliser les services de taxis a\u00e9riens et profiter de belles vues du ciel.<\/p>\n\n\n\n<p>Plus d&rsquo;informations sur <em>Medulin Sports Airport<\/em> et ses services sur leur site internet &#8211; <strong><a href=\"https:\/\/www.delicair.hr\/\" target=\"_blank\" rel=\"noreferrer noopener\">Deli\u0107 Air <\/a><\/strong><\/p>\n\n\n\n<p><strong>En autobus<\/strong><\/p>\n\n\n\n<p>Pula, en tant que la plus grande ville d&rsquo;Istrie, \u00e0 seulement dix kilom\u00e8tres de Medulin, est bien reli\u00e9e en bus \u00e0 toutes les villes croates, mais aussi \u00e0 de nombreuses villes europ\u00e9ennes. \u00c0 noter par exemple qu&rsquo;il existe des lignes directes de Pula \u00e0 Trieste, Venise, Ljubljana, Graz\u2026<\/p>\n\n\n\n<p>Vous trouverez plus d&rsquo;informations sur les lignes de bus en Croatie et en Europe:  &nbsp;<a href=\"https:\/\/www.flixbus.fr\/?noRedirect=true\" target=\"_blank\" rel=\"noreferrer noopener\">www.flixbus.hr<\/a>,&nbsp;<a href=\"https:\/\/getbybus.com\/fr\/\" target=\"_blank\" rel=\"noreferrer noopener\">www.getbybus.com<\/a>,&nbsp;<a href=\"https:\/\/www.omio.fr\/?_ga=2.109632197.1779540673.1649420370-1434480359.1644579251\" target=\"_blank\" rel=\"noreferrer noopener\">www.omio.com<\/a>. <\/p>\n\n\n\n<p><\/p>\n\n\n\n<p>La gare routi\u00e8re de Pula est situ\u00e9e \u00e0 Trg 1. Istarske brigade bb, et son num\u00e9ro de t\u00e9l\u00e9phone est: INFORMATIONS : +385 (0) 52 35 65 33 <br>RESERVATION ET VENNTE DE BILLETS : +385 (0) 52 35 65 32<\/p>\n\n\n\n<p>Et vous pourrez toujours vous rendre de Pula \u00e0 Medulin Riviera avec <strong><a href=\"https:\/\/pulapromet.com\/en\/prigradske-linije-eng\/\" target=\"_blank\" rel=\"noreferrer noopener\">un autobus suburbain<\/a><\/strong> (http:\/\/pulapromet.com\/hr\/prigradske\/) ou en taxi (Taxi Pula t\u00e9l. <a>+385 (0) 52 <\/a>22 32 28 ; Taxi Cammeo t\u00e9l. +385 (0) 52 31 33 13 ; CroTaxi t\u00e9l. +385 (0) 52 60 06 00. t\u00e9l. : +385 (0) 91 60 60 604).<\/p>\n","protected":false},"excerpt":{"rendered":"<p>La Riviera de Medulin est reli\u00e9e \u00e0 l&rsquo;Europe centrale par l&rsquo;autoroute Y d&rsquo;Istrie, longue de 141 kilom\u00e8tres. Pour conduire en&#8230;<\/p>\n","protected":false},"author":5,"featured_media":17151,"parent":0,"menu_order":0,"comment_status":"closed","ping_status":"closed","template":"","meta":{"_acf_changed":false,"footnotes":""},"classificator":[],"class_list":["post-22746","page","type-page","status-publish","has-post-thumbnail","hentry"],"acf":{"video":"","gallery":null},"yoast_head":"<!-- This site is optimized with the Yoast SEO plugin v27.6 - https:\/\/yoast.com\/product\/yoast-seo-wordpress\/ -->\n<title>Comment se rendre \u00e1 Medulin - Medulin Riviera<\/title>\n<meta name=\"robots\" content=\"index, follow, max-snippet:-1, max-image-preview:large, max-video-preview:-1\" \/>\n<link rel=\"canonical\" href=\"https:\/\/www.medulinriviera.info\/fr\/comment-se-rendre-a-medulin\/\" \/>\n<meta property=\"og:locale\" content=\"fr_FR\" \/>\n<meta property=\"og:type\" content=\"article\" \/>\n<meta property=\"og:title\" content=\"Comment se rendre \u00e1 Medulin - Medulin Riviera\" \/>\n<meta property=\"og:description\" content=\"La Riviera de Medulin est reli\u00e9e \u00e0 l&rsquo;Europe centrale par l&rsquo;autoroute Y d&rsquo;Istrie, longue de 141 kilom\u00e8tres. Pour conduire en...\" \/>\n<meta property=\"og:url\" content=\"https:\/\/www.medulinriviera.info\/fr\/comment-se-rendre-a-medulin\/\" \/>\n<meta property=\"og:site_name\" content=\"Medulin Riviera\" \/>\n<meta property=\"article:publisher\" content=\"https:\/\/www.facebook.com\/medulinriviera\/\" \/>\n<meta property=\"article:modified_time\" content=\"2022-05-31T13:41:25+00:00\" \/>\n<meta property=\"og:image\" content=\"https:\/\/www.medulinriviera.info\/wp-content\/uploads\/2021\/02\/TZOMWEB-Putokazi-Studio11-scaled.jpg\" \/>\n\t<meta property=\"og:image:width\" content=\"2560\" \/>\n\t<meta property=\"og:image:height\" content=\"1706\" \/>\n\t<meta property=\"og:image:type\" content=\"image\/jpeg\" \/>\n<meta name=\"twitter:card\" content=\"summary_large_image\" \/>\n<meta name=\"twitter:label1\" content=\"Dur\u00e9e de lecture estim\u00e9e\" \/>\n\t<meta name=\"twitter:data1\" content=\"4 minutes\" \/>\n<script type=\"application\/ld+json\" class=\"yoast-schema-graph\">{\"@context\":\"https:\\\/\\\/schema.org\",\"@graph\":[{\"@type\":\"WebPage\",\"@id\":\"https:\\\/\\\/www.medulinriviera.info\\\/fr\\\/comment-se-rendre-a-medulin\\\/\",\"url\":\"https:\\\/\\\/www.medulinriviera.info\\\/fr\\\/comment-se-rendre-a-medulin\\\/\",\"name\":\"Comment se rendre \u00e1 Medulin - Medulin Riviera\",\"isPartOf\":{\"@id\":\"https:\\\/\\\/www.medulinriviera.info\\\/fr\\\/#website\"},\"primaryImageOfPage\":{\"@id\":\"https:\\\/\\\/www.medulinriviera.info\\\/fr\\\/comment-se-rendre-a-medulin\\\/#primaryimage\"},\"image\":{\"@id\":\"https:\\\/\\\/www.medulinriviera.info\\\/fr\\\/comment-se-rendre-a-medulin\\\/#primaryimage\"},\"thumbnailUrl\":\"https:\\\/\\\/www.medulinriviera.info\\\/wp-content\\\/uploads\\\/2021\\\/02\\\/TZOMWEB-Putokazi-Studio11-scaled.jpg\",\"datePublished\":\"2022-04-08T08:36:46+00:00\",\"dateModified\":\"2022-05-31T13:41:25+00:00\",\"breadcrumb\":{\"@id\":\"https:\\\/\\\/www.medulinriviera.info\\\/fr\\\/comment-se-rendre-a-medulin\\\/#breadcrumb\"},\"inLanguage\":\"fr-FR\",\"potentialAction\":[{\"@type\":\"ReadAction\",\"target\":[\"https:\\\/\\\/www.medulinriviera.info\\\/fr\\\/comment-se-rendre-a-medulin\\\/\"]}]},{\"@type\":\"ImageObject\",\"inLanguage\":\"fr-FR\",\"@id\":\"https:\\\/\\\/www.medulinriviera.info\\\/fr\\\/comment-se-rendre-a-medulin\\\/#primaryimage\",\"url\":\"https:\\\/\\\/www.medulinriviera.info\\\/wp-content\\\/uploads\\\/2021\\\/02\\\/TZOMWEB-Putokazi-Studio11-scaled.jpg\",\"contentUrl\":\"https:\\\/\\\/www.medulinriviera.info\\\/wp-content\\\/uploads\\\/2021\\\/02\\\/TZOMWEB-Putokazi-Studio11-scaled.jpg\",\"width\":2560,\"height\":1706},{\"@type\":\"BreadcrumbList\",\"@id\":\"https:\\\/\\\/www.medulinriviera.info\\\/fr\\\/comment-se-rendre-a-medulin\\\/#breadcrumb\",\"itemListElement\":[{\"@type\":\"ListItem\",\"position\":1,\"name\":\"Home\",\"item\":\"https:\\\/\\\/www.medulinriviera.info\\\/fr\\\/\"},{\"@type\":\"ListItem\",\"position\":2,\"name\":\"Comment se rendre \u00e1 Medulin\"}]},{\"@type\":\"WebSite\",\"@id\":\"https:\\\/\\\/www.medulinriviera.info\\\/fr\\\/#website\",\"url\":\"https:\\\/\\\/www.medulinriviera.info\\\/fr\\\/\",\"name\":\"Medulin Riviera\",\"description\":\"La Plan\u00e8te bleue\",\"publisher\":{\"@id\":\"https:\\\/\\\/www.medulinriviera.info\\\/fr\\\/#organization\"},\"potentialAction\":[{\"@type\":\"SearchAction\",\"target\":{\"@type\":\"EntryPoint\",\"urlTemplate\":\"https:\\\/\\\/www.medulinriviera.info\\\/fr\\\/?s={search_term_string}\"},\"query-input\":{\"@type\":\"PropertyValueSpecification\",\"valueRequired\":true,\"valueName\":\"search_term_string\"}}],\"inLanguage\":\"fr-FR\"},{\"@type\":\"Organization\",\"@id\":\"https:\\\/\\\/www.medulinriviera.info\\\/fr\\\/#organization\",\"name\":\"Medulin Riviera\",\"url\":\"https:\\\/\\\/www.medulinriviera.info\\\/fr\\\/\",\"logo\":{\"@type\":\"ImageObject\",\"inLanguage\":\"fr-FR\",\"@id\":\"https:\\\/\\\/www.medulinriviera.info\\\/fr\\\/#\\\/schema\\\/logo\\\/image\\\/\",\"url\":\"https:\\\/\\\/www.medulinriviera.info\\\/wp-content\\\/uploads\\\/2020\\\/06\\\/logo-alt.png\",\"contentUrl\":\"https:\\\/\\\/www.medulinriviera.info\\\/wp-content\\\/uploads\\\/2020\\\/06\\\/logo-alt.png\",\"width\":264,\"height\":78,\"caption\":\"Medulin Riviera\"},\"image\":{\"@id\":\"https:\\\/\\\/www.medulinriviera.info\\\/fr\\\/#\\\/schema\\\/logo\\\/image\\\/\"},\"sameAs\":[\"https:\\\/\\\/www.facebook.com\\\/medulinriviera\\\/\",\"https:\\\/\\\/www.instagram.com\\\/medulinriviera\\\/\",\"https:\\\/\\\/www.youtube.com\\\/channel\\\/UCYdC8kYbK9OEmlmeZydpumQ\"]}]}<\/script>\n<!-- \/ Yoast SEO plugin. -->","yoast_head_json":{"title":"Comment se rendre \u00e1 Medulin - Medulin Riviera","robots":{"index":"index","follow":"follow","max-snippet":"max-snippet:-1","max-image-preview":"max-image-preview:large","max-video-preview":"max-video-preview:-1"},"canonical":"https:\/\/www.medulinriviera.info\/fr\/comment-se-rendre-a-medulin\/","og_locale":"fr_FR","og_type":"article","og_title":"Comment se rendre \u00e1 Medulin - Medulin Riviera","og_description":"La Riviera de Medulin est reli\u00e9e \u00e0 l&rsquo;Europe centrale par l&rsquo;autoroute Y d&rsquo;Istrie, longue de 141 kilom\u00e8tres. Pour conduire en...","og_url":"https:\/\/www.medulinriviera.info\/fr\/comment-se-rendre-a-medulin\/","og_site_name":"Medulin Riviera","article_publisher":"https:\/\/www.facebook.com\/medulinriviera\/","article_modified_time":"2022-05-31T13:41:25+00:00","og_image":[{"width":2560,"height":1706,"url":"https:\/\/www.medulinriviera.info\/wp-content\/uploads\/2021\/02\/TZOMWEB-Putokazi-Studio11-scaled.jpg","type":"image\/jpeg"}],"twitter_card":"summary_large_image","twitter_misc":{"Dur\u00e9e de lecture estim\u00e9e":"4 minutes"},"schema":{"@context":"https:\/\/schema.org","@graph":[{"@type":"WebPage","@id":"https:\/\/www.medulinriviera.info\/fr\/comment-se-rendre-a-medulin\/","url":"https:\/\/www.medulinriviera.info\/fr\/comment-se-rendre-a-medulin\/","name":"Comment se rendre \u00e1 Medulin - Medulin Riviera","isPartOf":{"@id":"https:\/\/www.medulinriviera.info\/fr\/#website"},"primaryImageOfPage":{"@id":"https:\/\/www.medulinriviera.info\/fr\/comment-se-rendre-a-medulin\/#primaryimage"},"image":{"@id":"https:\/\/www.medulinriviera.info\/fr\/comment-se-rendre-a-medulin\/#primaryimage"},"thumbnailUrl":"https:\/\/www.medulinriviera.info\/wp-content\/uploads\/2021\/02\/TZOMWEB-Putokazi-Studio11-scaled.jpg","datePublished":"2022-04-08T08:36:46+00:00","dateModified":"2022-05-31T13:41:25+00:00","breadcrumb":{"@id":"https:\/\/www.medulinriviera.info\/fr\/comment-se-rendre-a-medulin\/#breadcrumb"},"inLanguage":"fr-FR","potentialAction":[{"@type":"ReadAction","target":["https:\/\/www.medulinriviera.info\/fr\/comment-se-rendre-a-medulin\/"]}]},{"@type":"ImageObject","inLanguage":"fr-FR","@id":"https:\/\/www.medulinriviera.info\/fr\/comment-se-rendre-a-medulin\/#primaryimage","url":"https:\/\/www.medulinriviera.info\/wp-content\/uploads\/2021\/02\/TZOMWEB-Putokazi-Studio11-scaled.jpg","contentUrl":"https:\/\/www.medulinriviera.info\/wp-content\/uploads\/2021\/02\/TZOMWEB-Putokazi-Studio11-scaled.jpg","width":2560,"height":1706},{"@type":"BreadcrumbList","@id":"https:\/\/www.medulinriviera.info\/fr\/comment-se-rendre-a-medulin\/#breadcrumb","itemListElement":[{"@type":"ListItem","position":1,"name":"Home","item":"https:\/\/www.medulinriviera.info\/fr\/"},{"@type":"ListItem","position":2,"name":"Comment se rendre \u00e1 Medulin"}]},{"@type":"WebSite","@id":"https:\/\/www.medulinriviera.info\/fr\/#website","url":"https:\/\/www.medulinriviera.info\/fr\/","name":"Medulin Riviera","description":"La Plan\u00e8te bleue","publisher":{"@id":"https:\/\/www.medulinriviera.info\/fr\/#organization"},"potentialAction":[{"@type":"SearchAction","target":{"@type":"EntryPoint","urlTemplate":"https:\/\/www.medulinriviera.info\/fr\/?s={search_term_string}"},"query-input":{"@type":"PropertyValueSpecification","valueRequired":true,"valueName":"search_term_string"}}],"inLanguage":"fr-FR"},{"@type":"Organization","@id":"https:\/\/www.medulinriviera.info\/fr\/#organization","name":"Medulin Riviera","url":"https:\/\/www.medulinriviera.info\/fr\/","logo":{"@type":"ImageObject","inLanguage":"fr-FR","@id":"https:\/\/www.medulinriviera.info\/fr\/#\/schema\/logo\/image\/","url":"https:\/\/www.medulinriviera.info\/wp-content\/uploads\/2020\/06\/logo-alt.png","contentUrl":"https:\/\/www.medulinriviera.info\/wp-content\/uploads\/2020\/06\/logo-alt.png","width":264,"height":78,"caption":"Medulin Riviera"},"image":{"@id":"https:\/\/www.medulinriviera.info\/fr\/#\/schema\/logo\/image\/"},"sameAs":["https:\/\/www.facebook.com\/medulinriviera\/","https:\/\/www.instagram.com\/medulinriviera\/","https:\/\/www.youtube.com\/channel\/UCYdC8kYbK9OEmlmeZydpumQ"]}]}},"wpml_current_locale":"fr_FR","wpml_translations":[{"locale":"hr","id":22741,"post_title":"Dolazak u Medulin","href":"https:\/\/www.medulinriviera.info\/hr\/dolazak-u-medulin\/"},{"locale":"en_US","id":22642,"post_title":"Arrival in Medulin","href":"https:\/\/www.medulinriviera.info\/arrival-in-medulin\/"},{"locale":"de_DE","id":22744,"post_title":"Ankunft in Medulin","href":"https:\/\/www.medulinriviera.info\/de\/ankunft-in-medulin\/"},{"locale":"it_IT","id":22748,"post_title":"Come arrivare a Medulin","href":"https:\/\/www.medulinriviera.info\/it\/come-arrivare-a-medulin\/"}],"_links":{"self":[{"href":"https:\/\/www.medulinriviera.info\/fr\/wp-json\/wp\/v2\/pages\/22746","targetHints":{"allow":["GET"]}}],"collection":[{"href":"https:\/\/www.medulinriviera.info\/fr\/wp-json\/wp\/v2\/pages"}],"about":[{"href":"https:\/\/www.medulinriviera.info\/fr\/wp-json\/wp\/v2\/types\/page"}],"author":[{"embeddable":true,"href":"https:\/\/www.medulinriviera.info\/fr\/wp-json\/wp\/v2\/users\/5"}],"replies":[{"embeddable":true,"href":"https:\/\/www.medulinriviera.info\/fr\/wp-json\/wp\/v2\/comments?post=22746"}],"version-history":[{"count":0,"href":"https:\/\/www.medulinriviera.info\/fr\/wp-json\/wp\/v2\/pages\/22746\/revisions"}],"wp:featuredmedia":[{"embeddable":true,"href":"https:\/\/www.medulinriviera.info\/fr\/wp-json\/wp\/v2\/media\/17151"}],"wp:attachment":[{"href":"https:\/\/www.medulinriviera.info\/fr\/wp-json\/wp\/v2\/media?parent=22746"}],"wp:term":[{"taxonomy":"classificator","embeddable":true,"href":"https:\/\/www.medulinriviera.info\/fr\/wp-json\/wp\/v2\/classificator?post=22746"}],"curies":[{"name":"wp","href":"https:\/\/api.w.org\/{rel}","templated":true}]}}