{"id":22736,"date":"2022-04-08T12:26:40","date_gmt":"2022-04-08T10:26:40","guid":{"rendered":"https:\/\/www.medulinriviera.info\/?page_id=22736"},"modified":"2022-04-08T12:26:40","modified_gmt":"2022-04-08T10:26:40","slug":"numeros-de-telephone-utiles","status":"publish","type":"page","link":"https:\/\/www.medulinriviera.info\/fr\/numeros-de-telephone-utiles\/","title":{"rendered":"Numeros de telephone utiles"},"content":{"rendered":"\n<p>Indicatif international pour la Croatie : +385<\/p>\n\n\n\n<p>Indicatif&nbsp;r\u00e9gional&nbsp;pour Istrie : 052<\/p>\n\n\n\n<p>Annuaire t\u00e9l\u00e9phonique (informations sur les num\u00e9ros locaux) : +385&nbsp;11888<\/p>\n\n\n\n<p>Annuaire t\u00e9l\u00e9phonique international : +385&nbsp;&nbsp;&nbsp;&nbsp;&nbsp;&nbsp;<\/p>\n\n\n\n<p>Direction nationale de la protection et du sauvetage (Num\u00e9ro d\u2019urgence unique europ\u00e9en) : +385&nbsp;112<\/p>\n\n\n\n<p>Police : +385&nbsp;192<\/p>\n\n\n\n<p>Sapeurs-pompiers : +385&nbsp;193<\/p>\n\n\n\n<p>Aide m\u00e9dicale d\u2019urgence : +385&nbsp;194<\/p>\n\n\n\n<p>Assistance routi\u00e8re (Club automobile croate &#8211; HAK) (0-24 h) : +385&nbsp;1987<\/p>\n\n\n\n<p>Douane de Pula : +385&nbsp;(0)52 615 200<\/p>\n\n\n\n<p>Autorit\u00e9 portuaire de Pula : +385&nbsp;(0)52 222-037<\/p>\n\n\n\n<p>A\u00e9roport de Pula : +385&nbsp;(0)52 530 105<\/p>\n\n\n\n<p>Gare routi\u00e8re de Pula : 060 304 090<\/p>\n\n\n\n<p>H\u00f4pital g\u00e9n\u00e9ral de Pula&nbsp;: +385&nbsp;(0)52 376-000<\/p>\n\n\n\n<p>Polyclinique de barom\u00e9decine OXY : +385&nbsp;(0)52 217-877<\/p>\n\n\n\n<p>CLINIQUE V\u00c9T\u00c9RINAIRE &#8211; Vinkuran, Premanturska cesta 205, t\u00e9l. +385&nbsp;(0)52 573 128, portable +385&nbsp;(0)98 855 066<\/p>\n\n\n\n<p>Pr\u00e9fixes t\u00e9l\u00e9phoniques&nbsp;:<\/p>\n\n\n\n<p>00+, Autriche (+43), Italie (+39), Allemagne (+49), Slov\u00e9nie (+386), Hongrie (+36), Royaume-Uni (+44), Suisse (+41), Su\u00e8de (+46), R\u00e9publique tch\u00e8que (+420), Slovaquie (+421), Pays-Bas (+31), Danemark (+45), Norv\u00e8ge (+47)<\/p>\n","protected":false},"excerpt":{"rendered":"<p>Indicatif international pour la Croatie : +385 Indicatif&nbsp;r\u00e9gional&nbsp;pour Istrie : 052 Annuaire t\u00e9l\u00e9phonique (informations sur les num\u00e9ros locaux) : +385&nbsp;11888&#8230;<\/p>\n","protected":false},"author":5,"featured_media":22888,"parent":0,"menu_order":0,"comment_status":"closed","ping_status":"closed","template":"","meta":{"_acf_changed":false,"footnotes":""},"classificator":[],"class_list":["post-22736","page","type-page","status-publish","has-post-thumbnail","hentry"],"acf":{"video":"","gallery":null},"yoast_head":"<!-- This site is optimized with the Yoast SEO plugin v27.6 - https:\/\/yoast.com\/product\/yoast-seo-wordpress\/ -->\n<title>Numeros de telephone utiles - Medulin Riviera<\/title>\n<meta name=\"robots\" content=\"index, follow, max-snippet:-1, max-image-preview:large, max-video-preview:-1\" \/>\n<link rel=\"canonical\" href=\"https:\/\/www.medulinriviera.info\/fr\/numeros-de-telephone-utiles\/\" \/>\n<meta property=\"og:locale\" content=\"fr_FR\" \/>\n<meta property=\"og:type\" content=\"article\" \/>\n<meta property=\"og:title\" content=\"Numeros de telephone utiles - Medulin Riviera\" \/>\n<meta property=\"og:description\" content=\"Indicatif international pour la Croatie : +385 Indicatif&nbsp;r\u00e9gional&nbsp;pour Istrie : 052 Annuaire t\u00e9l\u00e9phonique (informations sur les num\u00e9ros locaux) : +385&nbsp;11888...\" \/>\n<meta property=\"og:url\" content=\"https:\/\/www.medulinriviera.info\/fr\/numeros-de-telephone-utiles\/\" \/>\n<meta property=\"og:site_name\" content=\"Medulin Riviera\" \/>\n<meta property=\"article:publisher\" content=\"https:\/\/www.facebook.com\/medulinriviera\/\" \/>\n<meta property=\"og:image\" content=\"https:\/\/www.medulinriviera.info\/wp-content\/uploads\/2022\/03\/pexels-andrea-piacquadio-3766218-scaled.jpg\" \/>\n\t<meta property=\"og:image:width\" content=\"2560\" \/>\n\t<meta property=\"og:image:height\" content=\"1707\" \/>\n\t<meta property=\"og:image:type\" content=\"image\/jpeg\" \/>\n<meta name=\"twitter:card\" content=\"summary_large_image\" \/>\n<meta name=\"twitter:label1\" content=\"Dur\u00e9e de lecture estim\u00e9e\" \/>\n\t<meta name=\"twitter:data1\" content=\"1 minute\" \/>\n<script type=\"application\/ld+json\" class=\"yoast-schema-graph\">{\"@context\":\"https:\\\/\\\/schema.org\",\"@graph\":[{\"@type\":\"WebPage\",\"@id\":\"https:\\\/\\\/www.medulinriviera.info\\\/fr\\\/numeros-de-telephone-utiles\\\/\",\"url\":\"https:\\\/\\\/www.medulinriviera.info\\\/fr\\\/numeros-de-telephone-utiles\\\/\",\"name\":\"Numeros de telephone utiles - Medulin Riviera\",\"isPartOf\":{\"@id\":\"https:\\\/\\\/www.medulinriviera.info\\\/fr\\\/#website\"},\"primaryImageOfPage\":{\"@id\":\"https:\\\/\\\/www.medulinriviera.info\\\/fr\\\/numeros-de-telephone-utiles\\\/#primaryimage\"},\"image\":{\"@id\":\"https:\\\/\\\/www.medulinriviera.info\\\/fr\\\/numeros-de-telephone-utiles\\\/#primaryimage\"},\"thumbnailUrl\":\"https:\\\/\\\/www.medulinriviera.info\\\/wp-content\\\/uploads\\\/2022\\\/03\\\/pexels-andrea-piacquadio-3766218-scaled.jpg\",\"datePublished\":\"2022-04-08T10:26:40+00:00\",\"breadcrumb\":{\"@id\":\"https:\\\/\\\/www.medulinriviera.info\\\/fr\\\/numeros-de-telephone-utiles\\\/#breadcrumb\"},\"inLanguage\":\"fr-FR\",\"potentialAction\":[{\"@type\":\"ReadAction\",\"target\":[\"https:\\\/\\\/www.medulinriviera.info\\\/fr\\\/numeros-de-telephone-utiles\\\/\"]}]},{\"@type\":\"ImageObject\",\"inLanguage\":\"fr-FR\",\"@id\":\"https:\\\/\\\/www.medulinriviera.info\\\/fr\\\/numeros-de-telephone-utiles\\\/#primaryimage\",\"url\":\"https:\\\/\\\/www.medulinriviera.info\\\/wp-content\\\/uploads\\\/2022\\\/03\\\/pexels-andrea-piacquadio-3766218-scaled.jpg\",\"contentUrl\":\"https:\\\/\\\/www.medulinriviera.info\\\/wp-content\\\/uploads\\\/2022\\\/03\\\/pexels-andrea-piacquadio-3766218-scaled.jpg\",\"width\":2560,\"height\":1707},{\"@type\":\"BreadcrumbList\",\"@id\":\"https:\\\/\\\/www.medulinriviera.info\\\/fr\\\/numeros-de-telephone-utiles\\\/#breadcrumb\",\"itemListElement\":[{\"@type\":\"ListItem\",\"position\":1,\"name\":\"Home\",\"item\":\"https:\\\/\\\/www.medulinriviera.info\\\/fr\\\/\"},{\"@type\":\"ListItem\",\"position\":2,\"name\":\"Numeros de telephone utiles\"}]},{\"@type\":\"WebSite\",\"@id\":\"https:\\\/\\\/www.medulinriviera.info\\\/fr\\\/#website\",\"url\":\"https:\\\/\\\/www.medulinriviera.info\\\/fr\\\/\",\"name\":\"Medulin Riviera\",\"description\":\"La Plan\u00e8te bleue\",\"publisher\":{\"@id\":\"https:\\\/\\\/www.medulinriviera.info\\\/fr\\\/#organization\"},\"potentialAction\":[{\"@type\":\"SearchAction\",\"target\":{\"@type\":\"EntryPoint\",\"urlTemplate\":\"https:\\\/\\\/www.medulinriviera.info\\\/fr\\\/?s={search_term_string}\"},\"query-input\":{\"@type\":\"PropertyValueSpecification\",\"valueRequired\":true,\"valueName\":\"search_term_string\"}}],\"inLanguage\":\"fr-FR\"},{\"@type\":\"Organization\",\"@id\":\"https:\\\/\\\/www.medulinriviera.info\\\/fr\\\/#organization\",\"name\":\"Medulin Riviera\",\"url\":\"https:\\\/\\\/www.medulinriviera.info\\\/fr\\\/\",\"logo\":{\"@type\":\"ImageObject\",\"inLanguage\":\"fr-FR\",\"@id\":\"https:\\\/\\\/www.medulinriviera.info\\\/fr\\\/#\\\/schema\\\/logo\\\/image\\\/\",\"url\":\"https:\\\/\\\/www.medulinriviera.info\\\/wp-content\\\/uploads\\\/2020\\\/06\\\/logo-alt.png\",\"contentUrl\":\"https:\\\/\\\/www.medulinriviera.info\\\/wp-content\\\/uploads\\\/2020\\\/06\\\/logo-alt.png\",\"width\":264,\"height\":78,\"caption\":\"Medulin Riviera\"},\"image\":{\"@id\":\"https:\\\/\\\/www.medulinriviera.info\\\/fr\\\/#\\\/schema\\\/logo\\\/image\\\/\"},\"sameAs\":[\"https:\\\/\\\/www.facebook.com\\\/medulinriviera\\\/\",\"https:\\\/\\\/www.instagram.com\\\/medulinriviera\\\/\",\"https:\\\/\\\/www.youtube.com\\\/channel\\\/UCYdC8kYbK9OEmlmeZydpumQ\"]}]}<\/script>\n<!-- \/ Yoast SEO plugin. -->","yoast_head_json":{"title":"Numeros de telephone utiles - Medulin Riviera","robots":{"index":"index","follow":"follow","max-snippet":"max-snippet:-1","max-image-preview":"max-image-preview:large","max-video-preview":"max-video-preview:-1"},"canonical":"https:\/\/www.medulinriviera.info\/fr\/numeros-de-telephone-utiles\/","og_locale":"fr_FR","og_type":"article","og_title":"Numeros de telephone utiles - Medulin Riviera","og_description":"Indicatif international pour la Croatie : +385 Indicatif&nbsp;r\u00e9gional&nbsp;pour Istrie : 052 Annuaire t\u00e9l\u00e9phonique (informations sur les num\u00e9ros locaux) : +385&nbsp;11888...","og_url":"https:\/\/www.medulinriviera.info\/fr\/numeros-de-telephone-utiles\/","og_site_name":"Medulin Riviera","article_publisher":"https:\/\/www.facebook.com\/medulinriviera\/","og_image":[{"width":2560,"height":1707,"url":"https:\/\/www.medulinriviera.info\/wp-content\/uploads\/2022\/03\/pexels-andrea-piacquadio-3766218-scaled.jpg","type":"image\/jpeg"}],"twitter_card":"summary_large_image","twitter_misc":{"Dur\u00e9e de lecture estim\u00e9e":"1 minute"},"schema":{"@context":"https:\/\/schema.org","@graph":[{"@type":"WebPage","@id":"https:\/\/www.medulinriviera.info\/fr\/numeros-de-telephone-utiles\/","url":"https:\/\/www.medulinriviera.info\/fr\/numeros-de-telephone-utiles\/","name":"Numeros de telephone utiles - Medulin Riviera","isPartOf":{"@id":"https:\/\/www.medulinriviera.info\/fr\/#website"},"primaryImageOfPage":{"@id":"https:\/\/www.medulinriviera.info\/fr\/numeros-de-telephone-utiles\/#primaryimage"},"image":{"@id":"https:\/\/www.medulinriviera.info\/fr\/numeros-de-telephone-utiles\/#primaryimage"},"thumbnailUrl":"https:\/\/www.medulinriviera.info\/wp-content\/uploads\/2022\/03\/pexels-andrea-piacquadio-3766218-scaled.jpg","datePublished":"2022-04-08T10:26:40+00:00","breadcrumb":{"@id":"https:\/\/www.medulinriviera.info\/fr\/numeros-de-telephone-utiles\/#breadcrumb"},"inLanguage":"fr-FR","potentialAction":[{"@type":"ReadAction","target":["https:\/\/www.medulinriviera.info\/fr\/numeros-de-telephone-utiles\/"]}]},{"@type":"ImageObject","inLanguage":"fr-FR","@id":"https:\/\/www.medulinriviera.info\/fr\/numeros-de-telephone-utiles\/#primaryimage","url":"https:\/\/www.medulinriviera.info\/wp-content\/uploads\/2022\/03\/pexels-andrea-piacquadio-3766218-scaled.jpg","contentUrl":"https:\/\/www.medulinriviera.info\/wp-content\/uploads\/2022\/03\/pexels-andrea-piacquadio-3766218-scaled.jpg","width":2560,"height":1707},{"@type":"BreadcrumbList","@id":"https:\/\/www.medulinriviera.info\/fr\/numeros-de-telephone-utiles\/#breadcrumb","itemListElement":[{"@type":"ListItem","position":1,"name":"Home","item":"https:\/\/www.medulinriviera.info\/fr\/"},{"@type":"ListItem","position":2,"name":"Numeros de telephone utiles"}]},{"@type":"WebSite","@id":"https:\/\/www.medulinriviera.info\/fr\/#website","url":"https:\/\/www.medulinriviera.info\/fr\/","name":"Medulin Riviera","description":"La Plan\u00e8te bleue","publisher":{"@id":"https:\/\/www.medulinriviera.info\/fr\/#organization"},"potentialAction":[{"@type":"SearchAction","target":{"@type":"EntryPoint","urlTemplate":"https:\/\/www.medulinriviera.info\/fr\/?s={search_term_string}"},"query-input":{"@type":"PropertyValueSpecification","valueRequired":true,"valueName":"search_term_string"}}],"inLanguage":"fr-FR"},{"@type":"Organization","@id":"https:\/\/www.medulinriviera.info\/fr\/#organization","name":"Medulin Riviera","url":"https:\/\/www.medulinriviera.info\/fr\/","logo":{"@type":"ImageObject","inLanguage":"fr-FR","@id":"https:\/\/www.medulinriviera.info\/fr\/#\/schema\/logo\/image\/","url":"https:\/\/www.medulinriviera.info\/wp-content\/uploads\/2020\/06\/logo-alt.png","contentUrl":"https:\/\/www.medulinriviera.info\/wp-content\/uploads\/2020\/06\/logo-alt.png","width":264,"height":78,"caption":"Medulin Riviera"},"image":{"@id":"https:\/\/www.medulinriviera.info\/fr\/#\/schema\/logo\/image\/"},"sameAs":["https:\/\/www.facebook.com\/medulinriviera\/","https:\/\/www.instagram.com\/medulinriviera\/","https:\/\/www.youtube.com\/channel\/UCYdC8kYbK9OEmlmeZydpumQ"]}]}},"wpml_current_locale":"fr_FR","wpml_translations":[{"locale":"hr","id":22732,"post_title":"Korisni telefonski brojevi","href":"https:\/\/www.medulinriviera.info\/hr\/korisni-telefonski-brojevi\/"},{"locale":"en_US","id":22653,"post_title":"Useful phone numbers","href":"https:\/\/www.medulinriviera.info\/useful-phone-numbers\/"},{"locale":"de_DE","id":22734,"post_title":"N\u00fctzliche Telefonnummern","href":"https:\/\/www.medulinriviera.info\/de\/nuetzliche-telefonnummern\/"},{"locale":"it_IT","id":22738,"post_title":"Numeri di telefono utili","href":"https:\/\/www.medulinriviera.info\/it\/numeri-di-telefono-utili\/"}],"_links":{"self":[{"href":"https:\/\/www.medulinriviera.info\/fr\/wp-json\/wp\/v2\/pages\/22736","targetHints":{"allow":["GET"]}}],"collection":[{"href":"https:\/\/www.medulinriviera.info\/fr\/wp-json\/wp\/v2\/pages"}],"about":[{"href":"https:\/\/www.medulinriviera.info\/fr\/wp-json\/wp\/v2\/types\/page"}],"author":[{"embeddable":true,"href":"https:\/\/www.medulinriviera.info\/fr\/wp-json\/wp\/v2\/users\/5"}],"replies":[{"embeddable":true,"href":"https:\/\/www.medulinriviera.info\/fr\/wp-json\/wp\/v2\/comments?post=22736"}],"version-history":[{"count":0,"href":"https:\/\/www.medulinriviera.info\/fr\/wp-json\/wp\/v2\/pages\/22736\/revisions"}],"wp:featuredmedia":[{"embeddable":true,"href":"https:\/\/www.medulinriviera.info\/fr\/wp-json\/wp\/v2\/media\/22888"}],"wp:attachment":[{"href":"https:\/\/www.medulinriviera.info\/fr\/wp-json\/wp\/v2\/media?parent=22736"}],"wp:term":[{"taxonomy":"classificator","embeddable":true,"href":"https:\/\/www.medulinriviera.info\/fr\/wp-json\/wp\/v2\/classificator?post=22736"}],"curies":[{"name":"wp","href":"https:\/\/api.w.org\/{rel}","templated":true}]}}