{"id":22717,"date":"2022-04-08T11:05:40","date_gmt":"2022-04-08T09:05:40","guid":{"rendered":"https:\/\/www.medulinriviera.info\/?page_id=22717"},"modified":"2022-04-08T11:05:40","modified_gmt":"2022-04-08T09:05:40","slug":"banque-monnaie","status":"publish","type":"page","link":"https:\/\/www.medulinriviera.info\/fr\/banque-monnaie\/","title":{"rendered":"Banque &#038; monnaie\u00a0\u00a0\u00a0\u00a0\u00a0"},"content":{"rendered":"\n<p>La monnaie croate&nbsp;s&rsquo;appelle la&nbsp;Kuna&nbsp;et se&nbsp;divise en 100 lipa.<\/p>\n\n\n\n<p><br>Vous pouvez \u00e9changer votre monnaie en Kuna croate dans les bureaux de change officiels, banques, bureaux de poste, h\u00f4tels et agences de voyage, selon le tableau de taux de change en vigueur.<\/p>\n\n\n\n<p>Les&nbsp;cartes&nbsp;de&nbsp;cr\u00e9dit (DINERS, VISA, AMERICAN EXPRESS, EUROCARD \/ MASTERCARD) sont accept\u00e9es aux endroits indiqu\u00e9s.<\/p>\n\n\n\n<p>Les ch\u00e8ques de voyage en euros se&nbsp;changent&nbsp;ais\u00e9ment dans les&nbsp;banques.<\/p>\n\n\n\n<p>Il est \u00e9galement possible de retirer de l&rsquo;argent aux guichets automatiques situ\u00e9s aux adresses suivantes :<\/p>\n\n\n\n<p>OTP BANKA &#8211; Munida 23, Medulin<\/p>\n\n\n\n<p>OTP BANKA &#8211; Kamik 27, station-service \u201cPetrol\u201d, Banjole<\/p>\n\n\n\n<p>OTP BANKA &#8211; Sad 11, Medulin<\/p>\n\n\n\n<p>ZAGREBA\u010cKA BANKA &#8211; Selo 8b, Premantura<\/p>\n\n\n\n<p>ZAGREBA\u010cKA BANKA &#8211; Sad 116 A, Medulin<\/p>\n\n\n\n<p>ZAGREBA\u010cKA BANKA &#8211; kamp Arena Medulin<\/p>\n\n\n\n<p>ZAGREBA\u010cKA BANKA &#8211; Brajdine 114, Medulin<\/p>\n\n\n\n<p>REIFFEISEN BANKA &#8211; Munida 18, Medulin<\/p>\n\n\n\n<p>HPB \u2013 Centre commercial Banjole<\/p>\n\n\n\n<p>HPB &#8211; Glavica 7, Banjole<\/p>\n\n\n\n<p>HPB &#8211; Munida 9, Medulin<\/p>\n\n\n\n<p>ERSTE BANK &#8211; Munida bb, Medulin<\/p>\n\n\n\n<p>PBZ- Brajdine bb, Medulin<\/p>\n\n\n\n<p>BUREAU DE POSTE \u00e0 MEDULIN, situ\u00e9 dans le centre de Medulin, d\u00e9livre \u00e9galement de l&rsquo;argent \u00e0 partir de cartes bancaires, et n&rsquo;importe quelle devise peut \u00eatre convertie en kunas. T\u00e9l. +385 52 372 614, +385 52 372 615, fax. +385 52 372 616.<\/p>\n","protected":false},"excerpt":{"rendered":"<p>La monnaie croate&nbsp;s&rsquo;appelle la&nbsp;Kuna&nbsp;et se&nbsp;divise en 100 lipa. Vous pouvez \u00e9changer votre monnaie en Kuna croate dans les bureaux de&#8230;<\/p>\n","protected":false},"author":5,"featured_media":22920,"parent":0,"menu_order":0,"comment_status":"closed","ping_status":"closed","template":"","meta":{"_acf_changed":false,"footnotes":""},"classificator":[],"class_list":["post-22717","page","type-page","status-publish","has-post-thumbnail","hentry"],"acf":{"video":"","gallery":null},"yoast_head":"<!-- This site is optimized with the Yoast SEO plugin v27.3 - https:\/\/yoast.com\/product\/yoast-seo-wordpress\/ -->\n<title>Banque &amp; monnaie\u00a0\u00a0\u00a0\u00a0\u00a0 - Medulin Riviera<\/title>\n<meta name=\"robots\" content=\"index, follow, max-snippet:-1, max-image-preview:large, max-video-preview:-1\" \/>\n<link rel=\"canonical\" href=\"https:\/\/www.medulinriviera.info\/fr\/banque-monnaie\/\" \/>\n<meta property=\"og:locale\" content=\"fr_FR\" \/>\n<meta property=\"og:type\" content=\"article\" \/>\n<meta property=\"og:title\" content=\"Banque &amp; monnaie\u00a0\u00a0\u00a0\u00a0\u00a0 - Medulin Riviera\" \/>\n<meta property=\"og:description\" content=\"La monnaie croate&nbsp;s&rsquo;appelle la&nbsp;Kuna&nbsp;et se&nbsp;divise en 100 lipa. Vous pouvez \u00e9changer votre monnaie en Kuna croate dans les bureaux de...\" \/>\n<meta property=\"og:url\" content=\"https:\/\/www.medulinriviera.info\/fr\/banque-monnaie\/\" \/>\n<meta property=\"og:site_name\" content=\"Medulin Riviera\" \/>\n<meta property=\"article:publisher\" content=\"https:\/\/www.facebook.com\/medulinriviera\/\" \/>\n<meta property=\"og:image\" content=\"https:\/\/www.medulinriviera.info\/wp-content\/uploads\/2022\/03\/pexels-pixabay-259200-scaled.jpg\" \/>\n\t<meta property=\"og:image:width\" content=\"2560\" \/>\n\t<meta property=\"og:image:height\" content=\"1707\" \/>\n\t<meta property=\"og:image:type\" content=\"image\/jpeg\" \/>\n<meta name=\"twitter:card\" content=\"summary_large_image\" \/>\n<meta name=\"twitter:label1\" content=\"Dur\u00e9e de lecture estim\u00e9e\" \/>\n\t<meta name=\"twitter:data1\" content=\"1 minute\" \/>\n<script type=\"application\/ld+json\" class=\"yoast-schema-graph\">{\"@context\":\"https:\\\/\\\/schema.org\",\"@graph\":[{\"@type\":\"WebPage\",\"@id\":\"https:\\\/\\\/www.medulinriviera.info\\\/fr\\\/banque-monnaie\\\/\",\"url\":\"https:\\\/\\\/www.medulinriviera.info\\\/fr\\\/banque-monnaie\\\/\",\"name\":\"Banque & monnaie\u00a0\u00a0\u00a0\u00a0\u00a0 - Medulin Riviera\",\"isPartOf\":{\"@id\":\"https:\\\/\\\/www.medulinriviera.info\\\/fr\\\/#website\"},\"primaryImageOfPage\":{\"@id\":\"https:\\\/\\\/www.medulinriviera.info\\\/fr\\\/banque-monnaie\\\/#primaryimage\"},\"image\":{\"@id\":\"https:\\\/\\\/www.medulinriviera.info\\\/fr\\\/banque-monnaie\\\/#primaryimage\"},\"thumbnailUrl\":\"https:\\\/\\\/www.medulinriviera.info\\\/wp-content\\\/uploads\\\/2022\\\/03\\\/pexels-pixabay-259200-scaled.jpg\",\"datePublished\":\"2022-04-08T09:05:40+00:00\",\"breadcrumb\":{\"@id\":\"https:\\\/\\\/www.medulinriviera.info\\\/fr\\\/banque-monnaie\\\/#breadcrumb\"},\"inLanguage\":\"fr-FR\",\"potentialAction\":[{\"@type\":\"ReadAction\",\"target\":[\"https:\\\/\\\/www.medulinriviera.info\\\/fr\\\/banque-monnaie\\\/\"]}]},{\"@type\":\"ImageObject\",\"inLanguage\":\"fr-FR\",\"@id\":\"https:\\\/\\\/www.medulinriviera.info\\\/fr\\\/banque-monnaie\\\/#primaryimage\",\"url\":\"https:\\\/\\\/www.medulinriviera.info\\\/wp-content\\\/uploads\\\/2022\\\/03\\\/pexels-pixabay-259200-scaled.jpg\",\"contentUrl\":\"https:\\\/\\\/www.medulinriviera.info\\\/wp-content\\\/uploads\\\/2022\\\/03\\\/pexels-pixabay-259200-scaled.jpg\",\"width\":2560,\"height\":1707},{\"@type\":\"BreadcrumbList\",\"@id\":\"https:\\\/\\\/www.medulinriviera.info\\\/fr\\\/banque-monnaie\\\/#breadcrumb\",\"itemListElement\":[{\"@type\":\"ListItem\",\"position\":1,\"name\":\"Home\",\"item\":\"https:\\\/\\\/www.medulinriviera.info\\\/fr\\\/\"},{\"@type\":\"ListItem\",\"position\":2,\"name\":\"Banque &#038; monnaie\u00a0\u00a0\u00a0\u00a0\u00a0\"}]},{\"@type\":\"WebSite\",\"@id\":\"https:\\\/\\\/www.medulinriviera.info\\\/fr\\\/#website\",\"url\":\"https:\\\/\\\/www.medulinriviera.info\\\/fr\\\/\",\"name\":\"Medulin Riviera\",\"description\":\"La Plan\u00e8te bleue\",\"publisher\":{\"@id\":\"https:\\\/\\\/www.medulinriviera.info\\\/fr\\\/#organization\"},\"potentialAction\":[{\"@type\":\"SearchAction\",\"target\":{\"@type\":\"EntryPoint\",\"urlTemplate\":\"https:\\\/\\\/www.medulinriviera.info\\\/fr\\\/?s={search_term_string}\"},\"query-input\":{\"@type\":\"PropertyValueSpecification\",\"valueRequired\":true,\"valueName\":\"search_term_string\"}}],\"inLanguage\":\"fr-FR\"},{\"@type\":\"Organization\",\"@id\":\"https:\\\/\\\/www.medulinriviera.info\\\/fr\\\/#organization\",\"name\":\"Medulin Riviera\",\"url\":\"https:\\\/\\\/www.medulinriviera.info\\\/fr\\\/\",\"logo\":{\"@type\":\"ImageObject\",\"inLanguage\":\"fr-FR\",\"@id\":\"https:\\\/\\\/www.medulinriviera.info\\\/fr\\\/#\\\/schema\\\/logo\\\/image\\\/\",\"url\":\"https:\\\/\\\/www.medulinriviera.info\\\/wp-content\\\/uploads\\\/2020\\\/06\\\/logo-alt.png\",\"contentUrl\":\"https:\\\/\\\/www.medulinriviera.info\\\/wp-content\\\/uploads\\\/2020\\\/06\\\/logo-alt.png\",\"width\":264,\"height\":78,\"caption\":\"Medulin Riviera\"},\"image\":{\"@id\":\"https:\\\/\\\/www.medulinriviera.info\\\/fr\\\/#\\\/schema\\\/logo\\\/image\\\/\"},\"sameAs\":[\"https:\\\/\\\/www.facebook.com\\\/medulinriviera\\\/\",\"https:\\\/\\\/www.instagram.com\\\/medulinriviera\\\/\",\"https:\\\/\\\/www.youtube.com\\\/channel\\\/UCYdC8kYbK9OEmlmeZydpumQ\"]}]}<\/script>\n<!-- \/ Yoast SEO plugin. -->","yoast_head_json":{"title":"Banque & monnaie\u00a0\u00a0\u00a0\u00a0\u00a0 - Medulin Riviera","robots":{"index":"index","follow":"follow","max-snippet":"max-snippet:-1","max-image-preview":"max-image-preview:large","max-video-preview":"max-video-preview:-1"},"canonical":"https:\/\/www.medulinriviera.info\/fr\/banque-monnaie\/","og_locale":"fr_FR","og_type":"article","og_title":"Banque & monnaie\u00a0\u00a0\u00a0\u00a0\u00a0 - Medulin Riviera","og_description":"La monnaie croate&nbsp;s&rsquo;appelle la&nbsp;Kuna&nbsp;et se&nbsp;divise en 100 lipa. Vous pouvez \u00e9changer votre monnaie en Kuna croate dans les bureaux de...","og_url":"https:\/\/www.medulinriviera.info\/fr\/banque-monnaie\/","og_site_name":"Medulin Riviera","article_publisher":"https:\/\/www.facebook.com\/medulinriviera\/","og_image":[{"width":2560,"height":1707,"url":"https:\/\/www.medulinriviera.info\/wp-content\/uploads\/2022\/03\/pexels-pixabay-259200-scaled.jpg","type":"image\/jpeg"}],"twitter_card":"summary_large_image","twitter_misc":{"Dur\u00e9e de lecture estim\u00e9e":"1 minute"},"schema":{"@context":"https:\/\/schema.org","@graph":[{"@type":"WebPage","@id":"https:\/\/www.medulinriviera.info\/fr\/banque-monnaie\/","url":"https:\/\/www.medulinriviera.info\/fr\/banque-monnaie\/","name":"Banque & monnaie\u00a0\u00a0\u00a0\u00a0\u00a0 - Medulin Riviera","isPartOf":{"@id":"https:\/\/www.medulinriviera.info\/fr\/#website"},"primaryImageOfPage":{"@id":"https:\/\/www.medulinriviera.info\/fr\/banque-monnaie\/#primaryimage"},"image":{"@id":"https:\/\/www.medulinriviera.info\/fr\/banque-monnaie\/#primaryimage"},"thumbnailUrl":"https:\/\/www.medulinriviera.info\/wp-content\/uploads\/2022\/03\/pexels-pixabay-259200-scaled.jpg","datePublished":"2022-04-08T09:05:40+00:00","breadcrumb":{"@id":"https:\/\/www.medulinriviera.info\/fr\/banque-monnaie\/#breadcrumb"},"inLanguage":"fr-FR","potentialAction":[{"@type":"ReadAction","target":["https:\/\/www.medulinriviera.info\/fr\/banque-monnaie\/"]}]},{"@type":"ImageObject","inLanguage":"fr-FR","@id":"https:\/\/www.medulinriviera.info\/fr\/banque-monnaie\/#primaryimage","url":"https:\/\/www.medulinriviera.info\/wp-content\/uploads\/2022\/03\/pexels-pixabay-259200-scaled.jpg","contentUrl":"https:\/\/www.medulinriviera.info\/wp-content\/uploads\/2022\/03\/pexels-pixabay-259200-scaled.jpg","width":2560,"height":1707},{"@type":"BreadcrumbList","@id":"https:\/\/www.medulinriviera.info\/fr\/banque-monnaie\/#breadcrumb","itemListElement":[{"@type":"ListItem","position":1,"name":"Home","item":"https:\/\/www.medulinriviera.info\/fr\/"},{"@type":"ListItem","position":2,"name":"Banque &#038; monnaie\u00a0\u00a0\u00a0\u00a0\u00a0"}]},{"@type":"WebSite","@id":"https:\/\/www.medulinriviera.info\/fr\/#website","url":"https:\/\/www.medulinriviera.info\/fr\/","name":"Medulin Riviera","description":"La Plan\u00e8te bleue","publisher":{"@id":"https:\/\/www.medulinriviera.info\/fr\/#organization"},"potentialAction":[{"@type":"SearchAction","target":{"@type":"EntryPoint","urlTemplate":"https:\/\/www.medulinriviera.info\/fr\/?s={search_term_string}"},"query-input":{"@type":"PropertyValueSpecification","valueRequired":true,"valueName":"search_term_string"}}],"inLanguage":"fr-FR"},{"@type":"Organization","@id":"https:\/\/www.medulinriviera.info\/fr\/#organization","name":"Medulin Riviera","url":"https:\/\/www.medulinriviera.info\/fr\/","logo":{"@type":"ImageObject","inLanguage":"fr-FR","@id":"https:\/\/www.medulinriviera.info\/fr\/#\/schema\/logo\/image\/","url":"https:\/\/www.medulinriviera.info\/wp-content\/uploads\/2020\/06\/logo-alt.png","contentUrl":"https:\/\/www.medulinriviera.info\/wp-content\/uploads\/2020\/06\/logo-alt.png","width":264,"height":78,"caption":"Medulin Riviera"},"image":{"@id":"https:\/\/www.medulinriviera.info\/fr\/#\/schema\/logo\/image\/"},"sameAs":["https:\/\/www.facebook.com\/medulinriviera\/","https:\/\/www.instagram.com\/medulinriviera\/","https:\/\/www.youtube.com\/channel\/UCYdC8kYbK9OEmlmeZydpumQ"]}]}},"wpml_current_locale":"fr_FR","wpml_translations":[{"locale":"hr","id":22713,"post_title":"Banke & novac\u00a0\u00a0\u00a0\u00a0\u00a0","href":"https:\/\/www.medulinriviera.info\/hr\/banke-novac\/"},{"locale":"en_US","id":22649,"post_title":"Banks & money","href":"https:\/\/www.medulinriviera.info\/banks-money\/"},{"locale":"de_DE","id":22715,"post_title":"Banken & Geld\u00a0\u00a0\u00a0\u00a0\u00a0","href":"https:\/\/www.medulinriviera.info\/de\/banken-geld\/"},{"locale":"it_IT","id":22719,"post_title":"Banche & valuta \u00a0\u00a0\u00a0\u00a0\u00a0","href":"https:\/\/www.medulinriviera.info\/it\/banche-valuta\/"}],"_links":{"self":[{"href":"https:\/\/www.medulinriviera.info\/fr\/wp-json\/wp\/v2\/pages\/22717","targetHints":{"allow":["GET"]}}],"collection":[{"href":"https:\/\/www.medulinriviera.info\/fr\/wp-json\/wp\/v2\/pages"}],"about":[{"href":"https:\/\/www.medulinriviera.info\/fr\/wp-json\/wp\/v2\/types\/page"}],"author":[{"embeddable":true,"href":"https:\/\/www.medulinriviera.info\/fr\/wp-json\/wp\/v2\/users\/5"}],"replies":[{"embeddable":true,"href":"https:\/\/www.medulinriviera.info\/fr\/wp-json\/wp\/v2\/comments?post=22717"}],"version-history":[{"count":0,"href":"https:\/\/www.medulinriviera.info\/fr\/wp-json\/wp\/v2\/pages\/22717\/revisions"}],"wp:featuredmedia":[{"embeddable":true,"href":"https:\/\/www.medulinriviera.info\/fr\/wp-json\/wp\/v2\/media\/22920"}],"wp:attachment":[{"href":"https:\/\/www.medulinriviera.info\/fr\/wp-json\/wp\/v2\/media?parent=22717"}],"wp:term":[{"taxonomy":"classificator","embeddable":true,"href":"https:\/\/www.medulinriviera.info\/fr\/wp-json\/wp\/v2\/classificator?post=22717"}],"curies":[{"name":"wp","href":"https:\/\/api.w.org\/{rel}","templated":true}]}}