{"id":20932,"date":"2021-11-08T13:04:16","date_gmt":"2021-11-08T12:04:16","guid":{"rendered":"https:\/\/www.medulinriviera.info\/?page_id=20932"},"modified":"2021-11-08T13:04:17","modified_gmt":"2021-11-08T12:04:17","slug":"informations-de-service-kamenjak","status":"publish","type":"page","link":"https:\/\/www.medulinriviera.info\/fr\/kamenjak\/informations-de-service-kamenjak\/","title":{"rendered":"Informations de service Kamenjak"},"content":{"rendered":"\n<p>Donji et Gornji Kamenjak (Kamenjak inf\u00e9rieur et sup\u00e9rieur), ces fantastiques espaces naturels se situent \u00e0 proximit\u00e9 de la ville de Premantura, <strong>\u00e0<\/strong> la pointe <strong>m\u00e9ridionale<\/strong> de la <strong>p\u00e9ninsule<\/strong> Istrienne.<\/p>\n\n\n\n<p>La zone de Gornji Kamenjak peut \u00eatre visit\u00e9e gratuitement pendant toute l&rsquo;ann\u00e9e. Il suffit juste de tourner \u00e0 droite, avant d&rsquo;entrer dans la ville de Premantura, en direction du cimeti\u00e8re local, qui est aussi le point de d\u00e9part pour tous les tours \u00e0 v\u00e9lo et les randonn\u00e9es \u00e0 Gornji Kamenjak.<\/p>\n\n\n\n<p>Pour la zone de Donji Kamenjak, o\u00f9 se trouvent certaines des plus belles plages d&rsquo;Istrie, le droit d&rsquo;entr\u00e9e est payant de mai \u00e0 octobre si l\u2019on souhaite visiter cette partie de la nature intacte en moto, en voiture ou en camping-car. En dehors de la saison touristique, l&rsquo;entr\u00e9e des v\u00e9hicules \u00e0 moteur est possible gratuitement. Les randonneurs et les cyclistes peuvent visiter la zone de Donji Kamenjak gratuitement tout au long de l&rsquo;ann\u00e9e et profiter de ses charmes.<\/p>\n\n\n\n<p>Le billet journalier pour une moto co\u00fbte 40 Kunas, 80 Kunas pour une voiture, 150 Kunas pour un camping-car, et <strong><a href=\"https:\/\/kamenjak.hr\/en\/plan-a-visit\/price-list-1\">vous pouvez trouver tous les prix ICI.<\/a><\/strong> Vous pouvez acheter des billets \u00e0 l&rsquo;entr\u00e9e du parc Donji Kamenjak, ou, pour \u00e9viter d&rsquo;attendre pendant les mois d&rsquo;\u00e9t\u00e9 (quand le parc peut \u00eatre tr\u00e8s fr\u00e9quent\u00e9), nous vous recommandons vivement <strong><a href=\"https:\/\/kamenjak.hr\/en\/passes\">d&rsquo;acheter les billets EN LIGNE.<\/a><\/strong><\/p>\n\n\n\n<p>Lors de votre s\u00e9jour \u00e0 Kamenjak, merci de respecter <strong><a href=\"https:\/\/kamenjak.hr\/en\/plan-a-visit\/code-of-conduct-for-visitors\">les r\u00e8gles de conduite<\/a><\/strong> qui s&rsquo;appliquent normalement au s\u00e9jour dans la nature et en mer.<\/p>\n\n\n\n<p>La cueillette, la destruction et la collecte d&rsquo;esp\u00e8ces prot\u00e9g\u00e9es sont interdites. Vous devez conduire prudemment \u00e0 Kamenjak, pas trop vite, et assurez-vous de garer vos voitures dans les endroits indiqu\u00e9s. Aucun feu n&rsquo;est autoris\u00e9 sur Kamenjak en dehors des endroits d\u00e9sign\u00e9s.<\/p>\n\n\n\n<p>Le camping n&rsquo;est pas autoris\u00e9 sur Kamenjak, et tous ses visiteurs doivent le quitter avant 22 heures. Lors de la navigation, faites attention aux plongeurs et aux nageurs. Attention \u00e9galement aux courants marins, qui sont tr\u00e8s forts ici. Observez les dauphins, mais sans les d\u00e9ranger. Prot\u00e9gez l&rsquo;environnement et veillez \u00e0 ne laisser aucun d\u00e9chet derri\u00e8re vous.<\/p>\n\n\n\n<p>Des instructions et des r\u00e8gles de conduite plus d\u00e9taill\u00e9es pour la r\u00e9gion de Donji et Gornji Kamenjak peuvent \u00eatre trouv\u00e9es <strong><a href=\"https:\/\/kamenjak.hr\/en\/plan-a-visit\/code-of-conduct-for-visitors\">ICI<\/a><\/strong>. Le respecter nous aidera \u00e0 pr\u00e9server cet espace pour nous-m\u00eames et pour les futures g\u00e9n\u00e9rations.<\/p>\n\n\n\n<p>Dans la zone de Donji Kamenjak, de l&rsquo;archipel de Medulin et de Gornji Kamenjak, il existe un <em>Service de garde de la nature de l&rsquo;\u00e9tablissement public de Kamenjak <\/em>(rangers), o\u00f9 vous pouvez toujours vous rendre pour obtenir de l&rsquo;aide, des informations suppl\u00e9mentaires et aussi le contacter en cas d\u2019accident. Le num\u00e9ro de t\u00e9l\u00e9phone de contact du garde forestier est le 00385 (0) 98 255 52 57.<\/p>\n\n\n\n<p>Nous vous souhaitons un agr\u00e9able s\u00e9jour dans les zones des paysages merveilleux de Donji Kamenjak, de l&rsquo;archipel de Medulin et de Gornji Kamenjak. Nous esp\u00e9rons qu&rsquo;avec l&rsquo;aide de ces conseils vous passerez des moments inoubliables.<\/p>\n","protected":false},"excerpt":{"rendered":"<p>Donji et Gornji Kamenjak (Kamenjak inf\u00e9rieur et sup\u00e9rieur), ces fantastiques espaces naturels se situent \u00e0 proximit\u00e9 de la ville de&#8230;<\/p>\n","protected":false},"author":2,"featured_media":18359,"parent":18382,"menu_order":3,"comment_status":"closed","ping_status":"closed","template":"","meta":{"_acf_changed":false,"footnotes":""},"classificator":[],"class_list":["post-20932","page","type-page","status-publish","has-post-thumbnail","hentry"],"acf":{"video":"","gallery":null},"yoast_head":"<!-- This site is optimized with the Yoast SEO plugin v27.3 - https:\/\/yoast.com\/product\/yoast-seo-wordpress\/ -->\n<title>Informations de service Kamenjak - Medulin Riviera<\/title>\n<meta name=\"robots\" content=\"index, follow, max-snippet:-1, max-image-preview:large, max-video-preview:-1\" \/>\n<link rel=\"canonical\" href=\"https:\/\/www.medulinriviera.info\/fr\/kamenjak\/informations-de-service-kamenjak\/\" \/>\n<meta property=\"og:locale\" content=\"fr_FR\" \/>\n<meta property=\"og:type\" content=\"article\" \/>\n<meta property=\"og:title\" content=\"Informations de service Kamenjak - Medulin Riviera\" \/>\n<meta property=\"og:description\" content=\"Donji et Gornji Kamenjak (Kamenjak inf\u00e9rieur et sup\u00e9rieur), ces fantastiques espaces naturels se situent \u00e0 proximit\u00e9 de la ville de...\" \/>\n<meta property=\"og:url\" content=\"https:\/\/www.medulinriviera.info\/fr\/kamenjak\/informations-de-service-kamenjak\/\" \/>\n<meta property=\"og:site_name\" content=\"Medulin Riviera\" \/>\n<meta property=\"article:publisher\" content=\"https:\/\/www.facebook.com\/medulinriviera\/\" \/>\n<meta property=\"article:modified_time\" content=\"2021-11-08T12:04:17+00:00\" \/>\n<meta property=\"og:image\" content=\"https:\/\/www.medulinriviera.info\/wp-content\/uploads\/2021\/05\/TZOMWEB-PanoramaKamenjak-Studio11-scaled.jpg\" \/>\n\t<meta property=\"og:image:width\" content=\"2560\" \/>\n\t<meta property=\"og:image:height\" content=\"1706\" \/>\n\t<meta property=\"og:image:type\" content=\"image\/jpeg\" \/>\n<meta name=\"twitter:card\" content=\"summary_large_image\" \/>\n<meta name=\"twitter:label1\" content=\"Dur\u00e9e de lecture estim\u00e9e\" \/>\n\t<meta name=\"twitter:data1\" content=\"3 minutes\" \/>\n<script type=\"application\/ld+json\" class=\"yoast-schema-graph\">{\"@context\":\"https:\\\/\\\/schema.org\",\"@graph\":[{\"@type\":\"WebPage\",\"@id\":\"https:\\\/\\\/www.medulinriviera.info\\\/fr\\\/kamenjak\\\/informations-de-service-kamenjak\\\/\",\"url\":\"https:\\\/\\\/www.medulinriviera.info\\\/fr\\\/kamenjak\\\/informations-de-service-kamenjak\\\/\",\"name\":\"Informations de service Kamenjak - Medulin Riviera\",\"isPartOf\":{\"@id\":\"https:\\\/\\\/www.medulinriviera.info\\\/fr\\\/#website\"},\"primaryImageOfPage\":{\"@id\":\"https:\\\/\\\/www.medulinriviera.info\\\/fr\\\/kamenjak\\\/informations-de-service-kamenjak\\\/#primaryimage\"},\"image\":{\"@id\":\"https:\\\/\\\/www.medulinriviera.info\\\/fr\\\/kamenjak\\\/informations-de-service-kamenjak\\\/#primaryimage\"},\"thumbnailUrl\":\"https:\\\/\\\/www.medulinriviera.info\\\/wp-content\\\/uploads\\\/2021\\\/05\\\/TZOMWEB-PanoramaKamenjak-Studio11-scaled.jpg\",\"datePublished\":\"2021-11-08T12:04:16+00:00\",\"dateModified\":\"2021-11-08T12:04:17+00:00\",\"breadcrumb\":{\"@id\":\"https:\\\/\\\/www.medulinriviera.info\\\/fr\\\/kamenjak\\\/informations-de-service-kamenjak\\\/#breadcrumb\"},\"inLanguage\":\"fr-FR\",\"potentialAction\":[{\"@type\":\"ReadAction\",\"target\":[\"https:\\\/\\\/www.medulinriviera.info\\\/fr\\\/kamenjak\\\/informations-de-service-kamenjak\\\/\"]}]},{\"@type\":\"ImageObject\",\"inLanguage\":\"fr-FR\",\"@id\":\"https:\\\/\\\/www.medulinriviera.info\\\/fr\\\/kamenjak\\\/informations-de-service-kamenjak\\\/#primaryimage\",\"url\":\"https:\\\/\\\/www.medulinriviera.info\\\/wp-content\\\/uploads\\\/2021\\\/05\\\/TZOMWEB-PanoramaKamenjak-Studio11-scaled.jpg\",\"contentUrl\":\"https:\\\/\\\/www.medulinriviera.info\\\/wp-content\\\/uploads\\\/2021\\\/05\\\/TZOMWEB-PanoramaKamenjak-Studio11-scaled.jpg\",\"width\":2560,\"height\":1706},{\"@type\":\"BreadcrumbList\",\"@id\":\"https:\\\/\\\/www.medulinriviera.info\\\/fr\\\/kamenjak\\\/informations-de-service-kamenjak\\\/#breadcrumb\",\"itemListElement\":[{\"@type\":\"ListItem\",\"position\":1,\"name\":\"Home\",\"item\":\"https:\\\/\\\/www.medulinriviera.info\\\/fr\\\/\"},{\"@type\":\"ListItem\",\"position\":2,\"name\":\"Amazing Nature &#8211; Kamenjak\",\"item\":\"https:\\\/\\\/www.medulinriviera.info\\\/fr\\\/kamenjak\\\/\"},{\"@type\":\"ListItem\",\"position\":3,\"name\":\"Informations de service Kamenjak\"}]},{\"@type\":\"WebSite\",\"@id\":\"https:\\\/\\\/www.medulinriviera.info\\\/fr\\\/#website\",\"url\":\"https:\\\/\\\/www.medulinriviera.info\\\/fr\\\/\",\"name\":\"Medulin Riviera\",\"description\":\"La Plan\u00e8te bleue\",\"publisher\":{\"@id\":\"https:\\\/\\\/www.medulinriviera.info\\\/fr\\\/#organization\"},\"potentialAction\":[{\"@type\":\"SearchAction\",\"target\":{\"@type\":\"EntryPoint\",\"urlTemplate\":\"https:\\\/\\\/www.medulinriviera.info\\\/fr\\\/?s={search_term_string}\"},\"query-input\":{\"@type\":\"PropertyValueSpecification\",\"valueRequired\":true,\"valueName\":\"search_term_string\"}}],\"inLanguage\":\"fr-FR\"},{\"@type\":\"Organization\",\"@id\":\"https:\\\/\\\/www.medulinriviera.info\\\/fr\\\/#organization\",\"name\":\"Medulin Riviera\",\"url\":\"https:\\\/\\\/www.medulinriviera.info\\\/fr\\\/\",\"logo\":{\"@type\":\"ImageObject\",\"inLanguage\":\"fr-FR\",\"@id\":\"https:\\\/\\\/www.medulinriviera.info\\\/fr\\\/#\\\/schema\\\/logo\\\/image\\\/\",\"url\":\"https:\\\/\\\/www.medulinriviera.info\\\/wp-content\\\/uploads\\\/2020\\\/06\\\/logo-alt.png\",\"contentUrl\":\"https:\\\/\\\/www.medulinriviera.info\\\/wp-content\\\/uploads\\\/2020\\\/06\\\/logo-alt.png\",\"width\":264,\"height\":78,\"caption\":\"Medulin Riviera\"},\"image\":{\"@id\":\"https:\\\/\\\/www.medulinriviera.info\\\/fr\\\/#\\\/schema\\\/logo\\\/image\\\/\"},\"sameAs\":[\"https:\\\/\\\/www.facebook.com\\\/medulinriviera\\\/\",\"https:\\\/\\\/www.instagram.com\\\/medulinriviera\\\/\",\"https:\\\/\\\/www.youtube.com\\\/channel\\\/UCYdC8kYbK9OEmlmeZydpumQ\"]}]}<\/script>\n<!-- \/ Yoast SEO plugin. -->","yoast_head_json":{"title":"Informations de service Kamenjak - Medulin Riviera","robots":{"index":"index","follow":"follow","max-snippet":"max-snippet:-1","max-image-preview":"max-image-preview:large","max-video-preview":"max-video-preview:-1"},"canonical":"https:\/\/www.medulinriviera.info\/fr\/kamenjak\/informations-de-service-kamenjak\/","og_locale":"fr_FR","og_type":"article","og_title":"Informations de service Kamenjak - Medulin Riviera","og_description":"Donji et Gornji Kamenjak (Kamenjak inf\u00e9rieur et sup\u00e9rieur), ces fantastiques espaces naturels se situent \u00e0 proximit\u00e9 de la ville de...","og_url":"https:\/\/www.medulinriviera.info\/fr\/kamenjak\/informations-de-service-kamenjak\/","og_site_name":"Medulin Riviera","article_publisher":"https:\/\/www.facebook.com\/medulinriviera\/","article_modified_time":"2021-11-08T12:04:17+00:00","og_image":[{"width":2560,"height":1706,"url":"https:\/\/www.medulinriviera.info\/wp-content\/uploads\/2021\/05\/TZOMWEB-PanoramaKamenjak-Studio11-scaled.jpg","type":"image\/jpeg"}],"twitter_card":"summary_large_image","twitter_misc":{"Dur\u00e9e de lecture estim\u00e9e":"3 minutes"},"schema":{"@context":"https:\/\/schema.org","@graph":[{"@type":"WebPage","@id":"https:\/\/www.medulinriviera.info\/fr\/kamenjak\/informations-de-service-kamenjak\/","url":"https:\/\/www.medulinriviera.info\/fr\/kamenjak\/informations-de-service-kamenjak\/","name":"Informations de service Kamenjak - Medulin Riviera","isPartOf":{"@id":"https:\/\/www.medulinriviera.info\/fr\/#website"},"primaryImageOfPage":{"@id":"https:\/\/www.medulinriviera.info\/fr\/kamenjak\/informations-de-service-kamenjak\/#primaryimage"},"image":{"@id":"https:\/\/www.medulinriviera.info\/fr\/kamenjak\/informations-de-service-kamenjak\/#primaryimage"},"thumbnailUrl":"https:\/\/www.medulinriviera.info\/wp-content\/uploads\/2021\/05\/TZOMWEB-PanoramaKamenjak-Studio11-scaled.jpg","datePublished":"2021-11-08T12:04:16+00:00","dateModified":"2021-11-08T12:04:17+00:00","breadcrumb":{"@id":"https:\/\/www.medulinriviera.info\/fr\/kamenjak\/informations-de-service-kamenjak\/#breadcrumb"},"inLanguage":"fr-FR","potentialAction":[{"@type":"ReadAction","target":["https:\/\/www.medulinriviera.info\/fr\/kamenjak\/informations-de-service-kamenjak\/"]}]},{"@type":"ImageObject","inLanguage":"fr-FR","@id":"https:\/\/www.medulinriviera.info\/fr\/kamenjak\/informations-de-service-kamenjak\/#primaryimage","url":"https:\/\/www.medulinriviera.info\/wp-content\/uploads\/2021\/05\/TZOMWEB-PanoramaKamenjak-Studio11-scaled.jpg","contentUrl":"https:\/\/www.medulinriviera.info\/wp-content\/uploads\/2021\/05\/TZOMWEB-PanoramaKamenjak-Studio11-scaled.jpg","width":2560,"height":1706},{"@type":"BreadcrumbList","@id":"https:\/\/www.medulinriviera.info\/fr\/kamenjak\/informations-de-service-kamenjak\/#breadcrumb","itemListElement":[{"@type":"ListItem","position":1,"name":"Home","item":"https:\/\/www.medulinriviera.info\/fr\/"},{"@type":"ListItem","position":2,"name":"Amazing Nature &#8211; Kamenjak","item":"https:\/\/www.medulinriviera.info\/fr\/kamenjak\/"},{"@type":"ListItem","position":3,"name":"Informations de service Kamenjak"}]},{"@type":"WebSite","@id":"https:\/\/www.medulinriviera.info\/fr\/#website","url":"https:\/\/www.medulinriviera.info\/fr\/","name":"Medulin Riviera","description":"La Plan\u00e8te bleue","publisher":{"@id":"https:\/\/www.medulinriviera.info\/fr\/#organization"},"potentialAction":[{"@type":"SearchAction","target":{"@type":"EntryPoint","urlTemplate":"https:\/\/www.medulinriviera.info\/fr\/?s={search_term_string}"},"query-input":{"@type":"PropertyValueSpecification","valueRequired":true,"valueName":"search_term_string"}}],"inLanguage":"fr-FR"},{"@type":"Organization","@id":"https:\/\/www.medulinriviera.info\/fr\/#organization","name":"Medulin Riviera","url":"https:\/\/www.medulinriviera.info\/fr\/","logo":{"@type":"ImageObject","inLanguage":"fr-FR","@id":"https:\/\/www.medulinriviera.info\/fr\/#\/schema\/logo\/image\/","url":"https:\/\/www.medulinriviera.info\/wp-content\/uploads\/2020\/06\/logo-alt.png","contentUrl":"https:\/\/www.medulinriviera.info\/wp-content\/uploads\/2020\/06\/logo-alt.png","width":264,"height":78,"caption":"Medulin Riviera"},"image":{"@id":"https:\/\/www.medulinriviera.info\/fr\/#\/schema\/logo\/image\/"},"sameAs":["https:\/\/www.facebook.com\/medulinriviera\/","https:\/\/www.instagram.com\/medulinriviera\/","https:\/\/www.youtube.com\/channel\/UCYdC8kYbK9OEmlmeZydpumQ"]}]}},"wpml_current_locale":"fr_FR","wpml_translations":[{"locale":"hr","id":20930,"post_title":"Servisne informacije Kamenjak","href":"https:\/\/www.medulinriviera.info\/hr\/kamenjak\/servisne-informacije-kamenjak\/"},{"locale":"en_US","id":20928,"post_title":"Service Information Kamenjak","href":"https:\/\/www.medulinriviera.info\/amazing-nature-kamenjak\/service-information\/"},{"locale":"de_DE","id":20934,"post_title":"Verhaltensregeln f\u00fcr Kamenjak","href":"https:\/\/www.medulinriviera.info\/de\/kamenjak\/verhaltensregeln-fuer-kamenjak\/"},{"locale":"it_IT","id":20936,"post_title":"Regole di comportamento di Kamenjak","href":"https:\/\/www.medulinriviera.info\/it\/kamenjak\/regole-di-comportamento-di-kamenjak\/"}],"_links":{"self":[{"href":"https:\/\/www.medulinriviera.info\/fr\/wp-json\/wp\/v2\/pages\/20932","targetHints":{"allow":["GET"]}}],"collection":[{"href":"https:\/\/www.medulinriviera.info\/fr\/wp-json\/wp\/v2\/pages"}],"about":[{"href":"https:\/\/www.medulinriviera.info\/fr\/wp-json\/wp\/v2\/types\/page"}],"author":[{"embeddable":true,"href":"https:\/\/www.medulinriviera.info\/fr\/wp-json\/wp\/v2\/users\/2"}],"replies":[{"embeddable":true,"href":"https:\/\/www.medulinriviera.info\/fr\/wp-json\/wp\/v2\/comments?post=20932"}],"version-history":[{"count":0,"href":"https:\/\/www.medulinriviera.info\/fr\/wp-json\/wp\/v2\/pages\/20932\/revisions"}],"up":[{"embeddable":true,"href":"https:\/\/www.medulinriviera.info\/fr\/wp-json\/wp\/v2\/pages\/18382"}],"wp:featuredmedia":[{"embeddable":true,"href":"https:\/\/www.medulinriviera.info\/fr\/wp-json\/wp\/v2\/media\/18359"}],"wp:attachment":[{"href":"https:\/\/www.medulinriviera.info\/fr\/wp-json\/wp\/v2\/media?parent=20932"}],"wp:term":[{"taxonomy":"classificator","embeddable":true,"href":"https:\/\/www.medulinriviera.info\/fr\/wp-json\/wp\/v2\/classificator?post=20932"}],"curies":[{"name":"wp","href":"https:\/\/api.w.org\/{rel}","templated":true}]}}