{"id":18382,"date":"2021-05-21T09:33:01","date_gmt":"2021-05-21T07:33:01","guid":{"rendered":"https:\/\/www.medulinriviera.info\/?page_id=18382"},"modified":"2021-07-23T11:22:29","modified_gmt":"2021-07-23T09:22:29","slug":"kamenjak","status":"publish","type":"page","link":"https:\/\/www.medulinriviera.info\/fr\/kamenjak\/","title":{"rendered":"Amazing Nature &#8211; Kamenjak"},"content":{"rendered":"\n<p>L&rsquo;une des parties les plus attrayantes et les plus visit\u00e9es de la Riviera de Medulin est<br>certainement Kamenjak, la partie la plus m\u00e9ridionale de la p\u00e9ninsule d&rsquo;Istrie. Il se<br>compose de Gornji Kamenjak (Kamenjak sup\u00e9rieur) et Donji Kamenjak (Kamenjak<br>inf\u00e9rieur). Quelle que soit la partie de Kamenjak o\u00f9 vous vous rendez, vous serez<br>toujours accompagn\u00e9 par la mer, des senteurs uniques de plantes m\u00e9diterran\u00e9ennes<br>et des vues inoubliables, ainsi qu&rsquo;une vue sur l&rsquo;archipel de Medulin et ses onze \u00eeles<br>inhabit\u00e9es, et les beaux jours o\u00f9 la visibilit\u00e9 est bon au loin, vous verrez l&rsquo;\u00eele de<br>Cres.et la montagne Velebit.<\/p>\n\n\n\n<p><br>Donji Kamenjak est l&rsquo;une des derni\u00e8res oasis de la c\u00f4te qui a conserv\u00e9 son aspect<br>d&rsquo;antan, c&rsquo;est une mosa\u00efque de champs cultiv\u00e9s, de p\u00e2turages et de for\u00eats<br>verdoyantes presque immerg\u00e9es dans la mer. Et une fois que vous arrivez \u00e0<br>Kamenjak, vous pouvez vous amuser de diff\u00e9rentes mani\u00e8res. Vous pouvez toujours<br><strong><a href=\"https:\/\/www.medulinriviera.info\/fr\/activities\/walking-routes\/\">marcher<\/a> <\/strong>et les promenades \u00e0 travers Kamenjak sont sp\u00e9ciales, vous pouvez<strong> <a href=\"https:\/\/www.medulinriviera.info\/fr\/activities\/cycling\/\">faire<br>du v\u00e9lo<\/a> <\/strong>sur des sentiers dam\u00e9s, ici vous pouvez ramer, nager, <a href=\"https:\/\/www.medulinriviera.info\/fr\/activities\/diving\/\"><strong>plonger<\/strong><\/a>, <strong><a href=\"https:\/\/www.medulinriviera.info\/fr\/activities\/kayak-sup\/\">faire du<\/a> <a href=\"https:\/\/www.medulinriviera.info\/fr\/activities\/kayak-sup\/\">kayak<\/a><\/strong>, <br>sauter dans la mer\u2026 Lorsque le vent souffle, de nombreux <a href=\"https:\/\/www.medulinriviera.info\/fr\/activities\/windsurfing-kitesurfing\/\"><strong>v\u00e9liplanchistes<\/strong><\/a><br>se rassemblent sur Kamenjak, car le vent est \u00e9galement sp\u00e9cial ici. Dans la zone la<br>plus m\u00e9ridionale de l&rsquo;Istrie, il n&rsquo;y a pas de construction, pas d&rsquo;h\u00f4tels magnifiques,<br>mais \u00e0 la fin du printemps et en \u00e9t\u00e9, vous pouvez vous rafra\u00eechir dans l&rsquo;un des <strong>bars<\/strong><br>situ\u00e9s juste au bord de la mer. Pour de nombreux visiteurs de Kamenjak, <strong><a href=\"https:\/\/www.medulinriviera.info\/fr\/attraction\/safari-bar\/\">le bar<br>Safari <\/a><\/strong>est particuli\u00e8rement attrayant, mais <a href=\"https:\/\/www.medulinriviera.info\/fr\/attraction\/ferme-istrienne\/\"><strong>la ferme istrienne<\/strong> <\/a>attire \u00e9galement<br>l&rsquo;attention des visiteurs.<\/p>\n\n\n\n<p><br>Donji Kamenjak est une p\u00e9ninsule qui s&rsquo;\u00e9tend sur 404 hectares, est d&rsquo;environ neuf de<br>long, et sa c\u00f4te s&rsquo;\u00e9tend jusqu&rsquo;\u00e0 30 kilom\u00e8tres. Il existe de nombreuses baies et<br>plages qui plongent dans la mer cristalline. Ils sont beaux et diversifi\u00e9s.<br>Depuis le cap Kamenjak, la vue s&rsquo;arr\u00eatera s\u00fbrement au phare de Porer construit sur<br>la falaise du m\u00eame nom en 1846, et sur l&rsquo;\u00eele de Fenoliga, o\u00f9 marchaient autrefois des<br>dinosaures, dont les pieds sont encore visibles aujourd&rsquo;hui. Les fossiles de<br>dinosaures de la Ph\u00e9nologie et de la p\u00e9ninsule de Grakalovac ont \u00e9t\u00e9 d\u00e9clar\u00e9s<br>parties prot\u00e9g\u00e9es de la nature. Les orchid\u00e9es sont \u00e9galement prot\u00e9g\u00e9es et jusqu&rsquo;\u00e0<br>30 esp\u00e8ces de ces belles plantes \u00e0 fleurs poussent ici.<\/p>\n\n\n\n<p><br>Bien qu&rsquo;elle soit la plus visit\u00e9e pendant les mois d&rsquo;\u00e9t\u00e9, pour un vrai plaisir dans la<br>nature intacte de cette p\u00e9ninsule, nous vous recommandons de la visiter<br>d\u00e9finitivement au printemps ou \u00e0 l&rsquo;automne.<\/p>\n\n\n\n<p><br>Gornji Kamenjak, bien que moins visit\u00e9, est une belle partie de la Riviera de Medulin,<br>situ\u00e9e entre deux lieus habites &#8211; Premantura et Volam. Il est prot\u00e9g\u00e9 dans la<br>cat\u00e9gorie des paysages importants, et jusqu&rsquo;\u00e0 487 plantes diff\u00e9rentes y poussent. Si<br>vous allez \u00e0 Gornji Kamenjak, vous appr\u00e9cierez s\u00fbrement les <strong>sentiers de <br>randonn\u00e9e et de v\u00e9lo <\/strong>locaux. C&rsquo;est l&rsquo;occasion de respirer le vrai parfum de la<br>M\u00e9diterran\u00e9e, comme \u00e0 Donji Kamenjak, et de faire une pause dans la vie tr\u00e9pidante<br>et le stress.<\/p>\n","protected":false},"excerpt":{"rendered":"<p>L&rsquo;une des parties les plus attrayantes et les plus visit\u00e9es de la Riviera de Medulin estcertainement Kamenjak, la partie la&#8230;<\/p>\n","protected":false},"author":3,"featured_media":18371,"parent":0,"menu_order":0,"comment_status":"closed","ping_status":"closed","template":"","meta":{"_acf_changed":false,"footnotes":""},"classificator":[],"class_list":["post-18382","page","type-page","status-publish","has-post-thumbnail","hentry"],"acf":{"video":"","gallery":[18359,10340,10329,1442,16555,17061,16543,17190,17644,17705,17728,11701,15331]},"yoast_head":"<!-- This site is optimized with the Yoast SEO plugin v27.6 - https:\/\/yoast.com\/product\/yoast-seo-wordpress\/ -->\n<title>Amazing Nature - Kamenjak - Medulin Riviera<\/title>\n<meta name=\"robots\" content=\"index, follow, max-snippet:-1, max-image-preview:large, max-video-preview:-1\" \/>\n<link rel=\"canonical\" href=\"https:\/\/www.medulinriviera.info\/fr\/kamenjak\/\" \/>\n<meta property=\"og:locale\" content=\"fr_FR\" \/>\n<meta property=\"og:type\" content=\"article\" \/>\n<meta property=\"og:title\" content=\"Amazing Nature - Kamenjak - Medulin Riviera\" \/>\n<meta property=\"og:description\" content=\"L&rsquo;une des parties les plus attrayantes et les plus visit\u00e9es de la Riviera de Medulin estcertainement Kamenjak, la partie la...\" \/>\n<meta property=\"og:url\" content=\"https:\/\/www.medulinriviera.info\/fr\/kamenjak\/\" \/>\n<meta property=\"og:site_name\" content=\"Medulin Riviera\" \/>\n<meta property=\"article:publisher\" content=\"https:\/\/www.facebook.com\/medulinriviera\/\" \/>\n<meta property=\"article:modified_time\" content=\"2021-07-23T09:22:29+00:00\" \/>\n<meta property=\"og:image\" content=\"https:\/\/www.medulinriviera.info\/wp-content\/uploads\/2021\/05\/TZOMWEB-KamenjakEdukativnaStaza3-Studio11-az.jpg\" \/>\n\t<meta property=\"og:image:width\" content=\"1856\" \/>\n\t<meta property=\"og:image:height\" content=\"845\" \/>\n\t<meta property=\"og:image:type\" content=\"image\/jpeg\" \/>\n<meta name=\"twitter:card\" content=\"summary_large_image\" \/>\n<meta name=\"twitter:label1\" content=\"Dur\u00e9e de lecture estim\u00e9e\" \/>\n\t<meta name=\"twitter:data1\" content=\"3 minutes\" \/>\n<script type=\"application\/ld+json\" class=\"yoast-schema-graph\">{\"@context\":\"https:\\\/\\\/schema.org\",\"@graph\":[{\"@type\":\"WebPage\",\"@id\":\"https:\\\/\\\/www.medulinriviera.info\\\/fr\\\/kamenjak\\\/\",\"url\":\"https:\\\/\\\/www.medulinriviera.info\\\/fr\\\/kamenjak\\\/\",\"name\":\"Amazing Nature - Kamenjak - Medulin Riviera\",\"isPartOf\":{\"@id\":\"https:\\\/\\\/www.medulinriviera.info\\\/fr\\\/#website\"},\"primaryImageOfPage\":{\"@id\":\"https:\\\/\\\/www.medulinriviera.info\\\/fr\\\/kamenjak\\\/#primaryimage\"},\"image\":{\"@id\":\"https:\\\/\\\/www.medulinriviera.info\\\/fr\\\/kamenjak\\\/#primaryimage\"},\"thumbnailUrl\":\"https:\\\/\\\/www.medulinriviera.info\\\/wp-content\\\/uploads\\\/2021\\\/05\\\/TZOMWEB-KamenjakEdukativnaStaza3-Studio11-az.jpg\",\"datePublished\":\"2021-05-21T07:33:01+00:00\",\"dateModified\":\"2021-07-23T09:22:29+00:00\",\"breadcrumb\":{\"@id\":\"https:\\\/\\\/www.medulinriviera.info\\\/fr\\\/kamenjak\\\/#breadcrumb\"},\"inLanguage\":\"fr-FR\",\"potentialAction\":[{\"@type\":\"ReadAction\",\"target\":[\"https:\\\/\\\/www.medulinriviera.info\\\/fr\\\/kamenjak\\\/\"]}]},{\"@type\":\"ImageObject\",\"inLanguage\":\"fr-FR\",\"@id\":\"https:\\\/\\\/www.medulinriviera.info\\\/fr\\\/kamenjak\\\/#primaryimage\",\"url\":\"https:\\\/\\\/www.medulinriviera.info\\\/wp-content\\\/uploads\\\/2021\\\/05\\\/TZOMWEB-KamenjakEdukativnaStaza3-Studio11-az.jpg\",\"contentUrl\":\"https:\\\/\\\/www.medulinriviera.info\\\/wp-content\\\/uploads\\\/2021\\\/05\\\/TZOMWEB-KamenjakEdukativnaStaza3-Studio11-az.jpg\",\"width\":1856,\"height\":845},{\"@type\":\"BreadcrumbList\",\"@id\":\"https:\\\/\\\/www.medulinriviera.info\\\/fr\\\/kamenjak\\\/#breadcrumb\",\"itemListElement\":[{\"@type\":\"ListItem\",\"position\":1,\"name\":\"Home\",\"item\":\"https:\\\/\\\/www.medulinriviera.info\\\/fr\\\/\"},{\"@type\":\"ListItem\",\"position\":2,\"name\":\"Amazing Nature &#8211; Kamenjak\"}]},{\"@type\":\"WebSite\",\"@id\":\"https:\\\/\\\/www.medulinriviera.info\\\/fr\\\/#website\",\"url\":\"https:\\\/\\\/www.medulinriviera.info\\\/fr\\\/\",\"name\":\"Medulin Riviera\",\"description\":\"La Plan\u00e8te bleue\",\"publisher\":{\"@id\":\"https:\\\/\\\/www.medulinriviera.info\\\/fr\\\/#organization\"},\"potentialAction\":[{\"@type\":\"SearchAction\",\"target\":{\"@type\":\"EntryPoint\",\"urlTemplate\":\"https:\\\/\\\/www.medulinriviera.info\\\/fr\\\/?s={search_term_string}\"},\"query-input\":{\"@type\":\"PropertyValueSpecification\",\"valueRequired\":true,\"valueName\":\"search_term_string\"}}],\"inLanguage\":\"fr-FR\"},{\"@type\":\"Organization\",\"@id\":\"https:\\\/\\\/www.medulinriviera.info\\\/fr\\\/#organization\",\"name\":\"Medulin Riviera\",\"url\":\"https:\\\/\\\/www.medulinriviera.info\\\/fr\\\/\",\"logo\":{\"@type\":\"ImageObject\",\"inLanguage\":\"fr-FR\",\"@id\":\"https:\\\/\\\/www.medulinriviera.info\\\/fr\\\/#\\\/schema\\\/logo\\\/image\\\/\",\"url\":\"https:\\\/\\\/www.medulinriviera.info\\\/wp-content\\\/uploads\\\/2020\\\/06\\\/logo-alt.png\",\"contentUrl\":\"https:\\\/\\\/www.medulinriviera.info\\\/wp-content\\\/uploads\\\/2020\\\/06\\\/logo-alt.png\",\"width\":264,\"height\":78,\"caption\":\"Medulin Riviera\"},\"image\":{\"@id\":\"https:\\\/\\\/www.medulinriviera.info\\\/fr\\\/#\\\/schema\\\/logo\\\/image\\\/\"},\"sameAs\":[\"https:\\\/\\\/www.facebook.com\\\/medulinriviera\\\/\",\"https:\\\/\\\/www.instagram.com\\\/medulinriviera\\\/\",\"https:\\\/\\\/www.youtube.com\\\/channel\\\/UCYdC8kYbK9OEmlmeZydpumQ\"]}]}<\/script>\n<!-- \/ Yoast SEO plugin. -->","yoast_head_json":{"title":"Amazing Nature - Kamenjak - Medulin Riviera","robots":{"index":"index","follow":"follow","max-snippet":"max-snippet:-1","max-image-preview":"max-image-preview:large","max-video-preview":"max-video-preview:-1"},"canonical":"https:\/\/www.medulinriviera.info\/fr\/kamenjak\/","og_locale":"fr_FR","og_type":"article","og_title":"Amazing Nature - Kamenjak - Medulin Riviera","og_description":"L&rsquo;une des parties les plus attrayantes et les plus visit\u00e9es de la Riviera de Medulin estcertainement Kamenjak, la partie la...","og_url":"https:\/\/www.medulinriviera.info\/fr\/kamenjak\/","og_site_name":"Medulin Riviera","article_publisher":"https:\/\/www.facebook.com\/medulinriviera\/","article_modified_time":"2021-07-23T09:22:29+00:00","og_image":[{"width":1856,"height":845,"url":"https:\/\/www.medulinriviera.info\/wp-content\/uploads\/2021\/05\/TZOMWEB-KamenjakEdukativnaStaza3-Studio11-az.jpg","type":"image\/jpeg"}],"twitter_card":"summary_large_image","twitter_misc":{"Dur\u00e9e de lecture estim\u00e9e":"3 minutes"},"schema":{"@context":"https:\/\/schema.org","@graph":[{"@type":"WebPage","@id":"https:\/\/www.medulinriviera.info\/fr\/kamenjak\/","url":"https:\/\/www.medulinriviera.info\/fr\/kamenjak\/","name":"Amazing Nature - Kamenjak - Medulin Riviera","isPartOf":{"@id":"https:\/\/www.medulinriviera.info\/fr\/#website"},"primaryImageOfPage":{"@id":"https:\/\/www.medulinriviera.info\/fr\/kamenjak\/#primaryimage"},"image":{"@id":"https:\/\/www.medulinriviera.info\/fr\/kamenjak\/#primaryimage"},"thumbnailUrl":"https:\/\/www.medulinriviera.info\/wp-content\/uploads\/2021\/05\/TZOMWEB-KamenjakEdukativnaStaza3-Studio11-az.jpg","datePublished":"2021-05-21T07:33:01+00:00","dateModified":"2021-07-23T09:22:29+00:00","breadcrumb":{"@id":"https:\/\/www.medulinriviera.info\/fr\/kamenjak\/#breadcrumb"},"inLanguage":"fr-FR","potentialAction":[{"@type":"ReadAction","target":["https:\/\/www.medulinriviera.info\/fr\/kamenjak\/"]}]},{"@type":"ImageObject","inLanguage":"fr-FR","@id":"https:\/\/www.medulinriviera.info\/fr\/kamenjak\/#primaryimage","url":"https:\/\/www.medulinriviera.info\/wp-content\/uploads\/2021\/05\/TZOMWEB-KamenjakEdukativnaStaza3-Studio11-az.jpg","contentUrl":"https:\/\/www.medulinriviera.info\/wp-content\/uploads\/2021\/05\/TZOMWEB-KamenjakEdukativnaStaza3-Studio11-az.jpg","width":1856,"height":845},{"@type":"BreadcrumbList","@id":"https:\/\/www.medulinriviera.info\/fr\/kamenjak\/#breadcrumb","itemListElement":[{"@type":"ListItem","position":1,"name":"Home","item":"https:\/\/www.medulinriviera.info\/fr\/"},{"@type":"ListItem","position":2,"name":"Amazing Nature &#8211; Kamenjak"}]},{"@type":"WebSite","@id":"https:\/\/www.medulinriviera.info\/fr\/#website","url":"https:\/\/www.medulinriviera.info\/fr\/","name":"Medulin Riviera","description":"La Plan\u00e8te bleue","publisher":{"@id":"https:\/\/www.medulinriviera.info\/fr\/#organization"},"potentialAction":[{"@type":"SearchAction","target":{"@type":"EntryPoint","urlTemplate":"https:\/\/www.medulinriviera.info\/fr\/?s={search_term_string}"},"query-input":{"@type":"PropertyValueSpecification","valueRequired":true,"valueName":"search_term_string"}}],"inLanguage":"fr-FR"},{"@type":"Organization","@id":"https:\/\/www.medulinriviera.info\/fr\/#organization","name":"Medulin Riviera","url":"https:\/\/www.medulinriviera.info\/fr\/","logo":{"@type":"ImageObject","inLanguage":"fr-FR","@id":"https:\/\/www.medulinriviera.info\/fr\/#\/schema\/logo\/image\/","url":"https:\/\/www.medulinriviera.info\/wp-content\/uploads\/2020\/06\/logo-alt.png","contentUrl":"https:\/\/www.medulinriviera.info\/wp-content\/uploads\/2020\/06\/logo-alt.png","width":264,"height":78,"caption":"Medulin Riviera"},"image":{"@id":"https:\/\/www.medulinriviera.info\/fr\/#\/schema\/logo\/image\/"},"sameAs":["https:\/\/www.facebook.com\/medulinriviera\/","https:\/\/www.instagram.com\/medulinriviera\/","https:\/\/www.youtube.com\/channel\/UCYdC8kYbK9OEmlmeZydpumQ"]}]}},"wpml_current_locale":"fr_FR","wpml_translations":[{"locale":"hr","id":18380,"post_title":"Kamenjak","href":"https:\/\/www.medulinriviera.info\/hr\/kamenjak\/"},{"locale":"en_US","id":18368,"post_title":"Amazing Nature \u2013 Kamenjak","href":"https:\/\/www.medulinriviera.info\/amazing-nature-kamenjak\/"},{"locale":"de_DE","id":18384,"post_title":"Amazing Nature - Kamenjak","href":"https:\/\/www.medulinriviera.info\/de\/kamenjak\/"},{"locale":"it_IT","id":18386,"post_title":"Amazing Nature - Kamenjak","href":"https:\/\/www.medulinriviera.info\/it\/kamenjak\/"}],"_links":{"self":[{"href":"https:\/\/www.medulinriviera.info\/fr\/wp-json\/wp\/v2\/pages\/18382","targetHints":{"allow":["GET"]}}],"collection":[{"href":"https:\/\/www.medulinriviera.info\/fr\/wp-json\/wp\/v2\/pages"}],"about":[{"href":"https:\/\/www.medulinriviera.info\/fr\/wp-json\/wp\/v2\/types\/page"}],"author":[{"embeddable":true,"href":"https:\/\/www.medulinriviera.info\/fr\/wp-json\/wp\/v2\/users\/3"}],"replies":[{"embeddable":true,"href":"https:\/\/www.medulinriviera.info\/fr\/wp-json\/wp\/v2\/comments?post=18382"}],"version-history":[{"count":0,"href":"https:\/\/www.medulinriviera.info\/fr\/wp-json\/wp\/v2\/pages\/18382\/revisions"}],"acf:attachment":[{"embeddable":true,"href":"https:\/\/www.medulinriviera.info\/fr\/wp-json\/wp\/v2\/media\/15331"},{"embeddable":true,"href":"https:\/\/www.medulinriviera.info\/fr\/wp-json\/wp\/v2\/media\/11701"},{"embeddable":true,"href":"https:\/\/www.medulinriviera.info\/fr\/wp-json\/wp\/v2\/media\/17728"},{"embeddable":true,"href":"https:\/\/www.medulinriviera.info\/fr\/wp-json\/wp\/v2\/media\/17705"},{"embeddable":true,"href":"https:\/\/www.medulinriviera.info\/fr\/wp-json\/wp\/v2\/media\/17644"},{"embeddable":true,"href":"https:\/\/www.medulinriviera.info\/fr\/wp-json\/wp\/v2\/media\/17190"},{"embeddable":true,"href":"https:\/\/www.medulinriviera.info\/fr\/wp-json\/wp\/v2\/media\/16543"},{"embeddable":true,"href":"https:\/\/www.medulinriviera.info\/fr\/wp-json\/wp\/v2\/media\/17061"},{"embeddable":true,"href":"https:\/\/www.medulinriviera.info\/fr\/wp-json\/wp\/v2\/media\/16555"},{"embeddable":true,"href":"https:\/\/www.medulinriviera.info\/fr\/wp-json\/wp\/v2\/media\/1442"},{"embeddable":true,"href":"https:\/\/www.medulinriviera.info\/fr\/wp-json\/wp\/v2\/media\/10329"},{"embeddable":true,"href":"https:\/\/www.medulinriviera.info\/fr\/wp-json\/wp\/v2\/media\/10340"},{"embeddable":true,"href":"https:\/\/www.medulinriviera.info\/fr\/wp-json\/wp\/v2\/media\/18359"}],"wp:featuredmedia":[{"embeddable":true,"href":"https:\/\/www.medulinriviera.info\/fr\/wp-json\/wp\/v2\/media\/18371"}],"wp:attachment":[{"href":"https:\/\/www.medulinriviera.info\/fr\/wp-json\/wp\/v2\/media?parent=18382"}],"wp:term":[{"taxonomy":"classificator","embeddable":true,"href":"https:\/\/www.medulinriviera.info\/fr\/wp-json\/wp\/v2\/classificator?post=18382"}],"curies":[{"name":"wp","href":"https:\/\/api.w.org\/{rel}","templated":true}]}}