{"id":12820,"date":"2020-06-11T10:50:24","date_gmt":"2020-06-11T08:50:24","guid":{"rendered":"http:\/\/www.medulinriviera.info\/activities\/other-sports-on-water\/"},"modified":"2020-06-11T10:52:00","modified_gmt":"2020-06-11T08:52:00","slug":"other-sports-on-water","status":"publish","type":"page","link":"https:\/\/www.medulinriviera.info\/fr\/activities\/other-sports-on-water\/","title":{"rendered":"Autres sports nautiques"},"content":{"rendered":"\n<p>Pendant les chauds mois d&rsquo;\u00e9t\u00e9, partez \u00e0 la d\u00e9couverte de l\u2019immensit\u00e9 bleue de Medulin avec les \u00e9quipements sportifs de haute qualit\u00e9 que vous pouvez louer sur nos plages.<\/p>\n\n\n\n<!--more-->\n\n\n\n<p>Louez un bateau et rejoignez l\u2019une des innombrables belles plages de la Riviera de Medulin, ou bien prenez un p\u00e9dalo et admirez de la mer la vue sur le magnifique littoral. Si vous recherchez un peu plus d\u2019adr\u00e9naline, essayez les bateaux bananes ou les bou\u00e9es tract\u00e9es. Vous pouvez aussi faire du ski nautique, de la planche ou conduire les fameux jet-ski. D\u00e9couvrez l\u2019azur de la mer sous un autre angle en vous essayant au parachute ascensionnel.<\/p>\n\n\n\n<p>Medulin offre vraiment des possibilit\u00e9s infinies pour des vacances actives, bord\u00e9 par les beaut\u00e9s naturelles de cette r\u00e9gion.<\/p>\n","protected":false},"excerpt":{"rendered":"<p>Pendant les chauds mois d&rsquo;\u00e9t\u00e9, partez \u00e0 la d\u00e9couverte de l\u2019immensit\u00e9 bleue de Medulin avec les \u00e9quipements sportifs de haute&#8230;<\/p>\n","protected":false},"author":1,"featured_media":17495,"parent":12668,"menu_order":10,"comment_status":"closed","ping_status":"closed","template":"tpl-activities.php","meta":{"_acf_changed":false,"footnotes":""},"classificator":[],"class_list":["post-12820","page","type-page","status-publish","has-post-thumbnail","hentry"],"acf":{"video":"","gallery":null},"yoast_head":"<!-- This site is optimized with the Yoast SEO plugin v27.3 - https:\/\/yoast.com\/product\/yoast-seo-wordpress\/ -->\n<title>Autres sports nautiques - Medulin Riviera<\/title>\n<meta name=\"robots\" content=\"index, follow, max-snippet:-1, max-image-preview:large, max-video-preview:-1\" \/>\n<link rel=\"canonical\" href=\"https:\/\/www.medulinriviera.info\/fr\/activities\/other-sports-on-water\/\" \/>\n<meta property=\"og:locale\" content=\"fr_FR\" \/>\n<meta property=\"og:type\" content=\"article\" \/>\n<meta property=\"og:title\" content=\"Autres sports nautiques - Medulin Riviera\" \/>\n<meta property=\"og:description\" content=\"Pendant les chauds mois d&rsquo;\u00e9t\u00e9, partez \u00e0 la d\u00e9couverte de l\u2019immensit\u00e9 bleue de Medulin avec les \u00e9quipements sportifs de haute...\" \/>\n<meta property=\"og:url\" content=\"https:\/\/www.medulinriviera.info\/fr\/activities\/other-sports-on-water\/\" \/>\n<meta property=\"og:site_name\" content=\"Medulin Riviera\" \/>\n<meta property=\"article:publisher\" content=\"https:\/\/www.facebook.com\/medulinriviera\/\" \/>\n<meta property=\"article:modified_time\" content=\"2020-06-11T08:52:00+00:00\" \/>\n<meta property=\"og:image\" content=\"https:\/\/www.medulinriviera.info\/wp-content\/uploads\/2021\/03\/pexels-annam-w-1074451-scaled.jpg\" \/>\n\t<meta property=\"og:image:width\" content=\"2560\" \/>\n\t<meta property=\"og:image:height\" content=\"1706\" \/>\n\t<meta property=\"og:image:type\" content=\"image\/jpeg\" \/>\n<meta name=\"twitter:card\" content=\"summary_large_image\" \/>\n<meta name=\"twitter:label1\" content=\"Dur\u00e9e de lecture estim\u00e9e\" \/>\n\t<meta name=\"twitter:data1\" content=\"1 minute\" \/>\n<script type=\"application\/ld+json\" class=\"yoast-schema-graph\">{\"@context\":\"https:\\\/\\\/schema.org\",\"@graph\":[{\"@type\":\"WebPage\",\"@id\":\"https:\\\/\\\/www.medulinriviera.info\\\/fr\\\/activities\\\/other-sports-on-water\\\/\",\"url\":\"https:\\\/\\\/www.medulinriviera.info\\\/fr\\\/activities\\\/other-sports-on-water\\\/\",\"name\":\"Autres sports nautiques - Medulin Riviera\",\"isPartOf\":{\"@id\":\"https:\\\/\\\/www.medulinriviera.info\\\/fr\\\/#website\"},\"primaryImageOfPage\":{\"@id\":\"https:\\\/\\\/www.medulinriviera.info\\\/fr\\\/activities\\\/other-sports-on-water\\\/#primaryimage\"},\"image\":{\"@id\":\"https:\\\/\\\/www.medulinriviera.info\\\/fr\\\/activities\\\/other-sports-on-water\\\/#primaryimage\"},\"thumbnailUrl\":\"https:\\\/\\\/www.medulinriviera.info\\\/wp-content\\\/uploads\\\/2021\\\/03\\\/pexels-annam-w-1074451-scaled.jpg\",\"datePublished\":\"2020-06-11T08:50:24+00:00\",\"dateModified\":\"2020-06-11T08:52:00+00:00\",\"breadcrumb\":{\"@id\":\"https:\\\/\\\/www.medulinriviera.info\\\/fr\\\/activities\\\/other-sports-on-water\\\/#breadcrumb\"},\"inLanguage\":\"fr-FR\",\"potentialAction\":[{\"@type\":\"ReadAction\",\"target\":[\"https:\\\/\\\/www.medulinriviera.info\\\/fr\\\/activities\\\/other-sports-on-water\\\/\"]}]},{\"@type\":\"ImageObject\",\"inLanguage\":\"fr-FR\",\"@id\":\"https:\\\/\\\/www.medulinriviera.info\\\/fr\\\/activities\\\/other-sports-on-water\\\/#primaryimage\",\"url\":\"https:\\\/\\\/www.medulinriviera.info\\\/wp-content\\\/uploads\\\/2021\\\/03\\\/pexels-annam-w-1074451-scaled.jpg\",\"contentUrl\":\"https:\\\/\\\/www.medulinriviera.info\\\/wp-content\\\/uploads\\\/2021\\\/03\\\/pexels-annam-w-1074451-scaled.jpg\",\"width\":2560,\"height\":1706},{\"@type\":\"BreadcrumbList\",\"@id\":\"https:\\\/\\\/www.medulinriviera.info\\\/fr\\\/activities\\\/other-sports-on-water\\\/#breadcrumb\",\"itemListElement\":[{\"@type\":\"ListItem\",\"position\":1,\"name\":\"Home\",\"item\":\"https:\\\/\\\/www.medulinriviera.info\\\/fr\\\/\"},{\"@type\":\"ListItem\",\"position\":2,\"name\":\"Activit\u00e9s\",\"item\":\"https:\\\/\\\/www.medulinriviera.info\\\/fr\\\/activities\\\/\"},{\"@type\":\"ListItem\",\"position\":3,\"name\":\"Autres sports nautiques\"}]},{\"@type\":\"WebSite\",\"@id\":\"https:\\\/\\\/www.medulinriviera.info\\\/fr\\\/#website\",\"url\":\"https:\\\/\\\/www.medulinriviera.info\\\/fr\\\/\",\"name\":\"Medulin Riviera\",\"description\":\"La Plan\u00e8te bleue\",\"publisher\":{\"@id\":\"https:\\\/\\\/www.medulinriviera.info\\\/fr\\\/#organization\"},\"potentialAction\":[{\"@type\":\"SearchAction\",\"target\":{\"@type\":\"EntryPoint\",\"urlTemplate\":\"https:\\\/\\\/www.medulinriviera.info\\\/fr\\\/?s={search_term_string}\"},\"query-input\":{\"@type\":\"PropertyValueSpecification\",\"valueRequired\":true,\"valueName\":\"search_term_string\"}}],\"inLanguage\":\"fr-FR\"},{\"@type\":\"Organization\",\"@id\":\"https:\\\/\\\/www.medulinriviera.info\\\/fr\\\/#organization\",\"name\":\"Medulin Riviera\",\"url\":\"https:\\\/\\\/www.medulinriviera.info\\\/fr\\\/\",\"logo\":{\"@type\":\"ImageObject\",\"inLanguage\":\"fr-FR\",\"@id\":\"https:\\\/\\\/www.medulinriviera.info\\\/fr\\\/#\\\/schema\\\/logo\\\/image\\\/\",\"url\":\"https:\\\/\\\/www.medulinriviera.info\\\/wp-content\\\/uploads\\\/2020\\\/06\\\/logo-alt.png\",\"contentUrl\":\"https:\\\/\\\/www.medulinriviera.info\\\/wp-content\\\/uploads\\\/2020\\\/06\\\/logo-alt.png\",\"width\":264,\"height\":78,\"caption\":\"Medulin Riviera\"},\"image\":{\"@id\":\"https:\\\/\\\/www.medulinriviera.info\\\/fr\\\/#\\\/schema\\\/logo\\\/image\\\/\"},\"sameAs\":[\"https:\\\/\\\/www.facebook.com\\\/medulinriviera\\\/\",\"https:\\\/\\\/www.instagram.com\\\/medulinriviera\\\/\",\"https:\\\/\\\/www.youtube.com\\\/channel\\\/UCYdC8kYbK9OEmlmeZydpumQ\"]}]}<\/script>\n<!-- \/ Yoast SEO plugin. -->","yoast_head_json":{"title":"Autres sports nautiques - Medulin Riviera","robots":{"index":"index","follow":"follow","max-snippet":"max-snippet:-1","max-image-preview":"max-image-preview:large","max-video-preview":"max-video-preview:-1"},"canonical":"https:\/\/www.medulinriviera.info\/fr\/activities\/other-sports-on-water\/","og_locale":"fr_FR","og_type":"article","og_title":"Autres sports nautiques - Medulin Riviera","og_description":"Pendant les chauds mois d&rsquo;\u00e9t\u00e9, partez \u00e0 la d\u00e9couverte de l\u2019immensit\u00e9 bleue de Medulin avec les \u00e9quipements sportifs de haute...","og_url":"https:\/\/www.medulinriviera.info\/fr\/activities\/other-sports-on-water\/","og_site_name":"Medulin Riviera","article_publisher":"https:\/\/www.facebook.com\/medulinriviera\/","article_modified_time":"2020-06-11T08:52:00+00:00","og_image":[{"width":2560,"height":1706,"url":"https:\/\/www.medulinriviera.info\/wp-content\/uploads\/2021\/03\/pexels-annam-w-1074451-scaled.jpg","type":"image\/jpeg"}],"twitter_card":"summary_large_image","twitter_misc":{"Dur\u00e9e de lecture estim\u00e9e":"1 minute"},"schema":{"@context":"https:\/\/schema.org","@graph":[{"@type":"WebPage","@id":"https:\/\/www.medulinriviera.info\/fr\/activities\/other-sports-on-water\/","url":"https:\/\/www.medulinriviera.info\/fr\/activities\/other-sports-on-water\/","name":"Autres sports nautiques - Medulin Riviera","isPartOf":{"@id":"https:\/\/www.medulinriviera.info\/fr\/#website"},"primaryImageOfPage":{"@id":"https:\/\/www.medulinriviera.info\/fr\/activities\/other-sports-on-water\/#primaryimage"},"image":{"@id":"https:\/\/www.medulinriviera.info\/fr\/activities\/other-sports-on-water\/#primaryimage"},"thumbnailUrl":"https:\/\/www.medulinriviera.info\/wp-content\/uploads\/2021\/03\/pexels-annam-w-1074451-scaled.jpg","datePublished":"2020-06-11T08:50:24+00:00","dateModified":"2020-06-11T08:52:00+00:00","breadcrumb":{"@id":"https:\/\/www.medulinriviera.info\/fr\/activities\/other-sports-on-water\/#breadcrumb"},"inLanguage":"fr-FR","potentialAction":[{"@type":"ReadAction","target":["https:\/\/www.medulinriviera.info\/fr\/activities\/other-sports-on-water\/"]}]},{"@type":"ImageObject","inLanguage":"fr-FR","@id":"https:\/\/www.medulinriviera.info\/fr\/activities\/other-sports-on-water\/#primaryimage","url":"https:\/\/www.medulinriviera.info\/wp-content\/uploads\/2021\/03\/pexels-annam-w-1074451-scaled.jpg","contentUrl":"https:\/\/www.medulinriviera.info\/wp-content\/uploads\/2021\/03\/pexels-annam-w-1074451-scaled.jpg","width":2560,"height":1706},{"@type":"BreadcrumbList","@id":"https:\/\/www.medulinriviera.info\/fr\/activities\/other-sports-on-water\/#breadcrumb","itemListElement":[{"@type":"ListItem","position":1,"name":"Home","item":"https:\/\/www.medulinriviera.info\/fr\/"},{"@type":"ListItem","position":2,"name":"Activit\u00e9s","item":"https:\/\/www.medulinriviera.info\/fr\/activities\/"},{"@type":"ListItem","position":3,"name":"Autres sports nautiques"}]},{"@type":"WebSite","@id":"https:\/\/www.medulinriviera.info\/fr\/#website","url":"https:\/\/www.medulinriviera.info\/fr\/","name":"Medulin Riviera","description":"La Plan\u00e8te bleue","publisher":{"@id":"https:\/\/www.medulinriviera.info\/fr\/#organization"},"potentialAction":[{"@type":"SearchAction","target":{"@type":"EntryPoint","urlTemplate":"https:\/\/www.medulinriviera.info\/fr\/?s={search_term_string}"},"query-input":{"@type":"PropertyValueSpecification","valueRequired":true,"valueName":"search_term_string"}}],"inLanguage":"fr-FR"},{"@type":"Organization","@id":"https:\/\/www.medulinriviera.info\/fr\/#organization","name":"Medulin Riviera","url":"https:\/\/www.medulinriviera.info\/fr\/","logo":{"@type":"ImageObject","inLanguage":"fr-FR","@id":"https:\/\/www.medulinriviera.info\/fr\/#\/schema\/logo\/image\/","url":"https:\/\/www.medulinriviera.info\/wp-content\/uploads\/2020\/06\/logo-alt.png","contentUrl":"https:\/\/www.medulinriviera.info\/wp-content\/uploads\/2020\/06\/logo-alt.png","width":264,"height":78,"caption":"Medulin Riviera"},"image":{"@id":"https:\/\/www.medulinriviera.info\/fr\/#\/schema\/logo\/image\/"},"sameAs":["https:\/\/www.facebook.com\/medulinriviera\/","https:\/\/www.instagram.com\/medulinriviera\/","https:\/\/www.youtube.com\/channel\/UCYdC8kYbK9OEmlmeZydpumQ"]}]}},"wpml_current_locale":"fr_FR","wpml_translations":[{"locale":"hr","id":12819,"post_title":"Ostali sportovi na moru","href":"https:\/\/www.medulinriviera.info\/hr\/activities\/other-sports-on-water\/"},{"locale":"en_US","id":12816,"post_title":"Other sports on water","href":"https:\/\/www.medulinriviera.info\/activities\/other-sports-on-water\/"},{"locale":"de_DE","id":12821,"post_title":"Andere Sportarten","href":"https:\/\/www.medulinriviera.info\/de\/activities\/other-sports-on-water\/"},{"locale":"it_IT","id":12822,"post_title":"Gli altri sport","href":"https:\/\/www.medulinriviera.info\/it\/activities\/other-sports-on-water\/"},{"locale":"sl_SI","id":12823,"post_title":"Other sports on water","href":"https:\/\/www.medulinriviera.info\/sl\/activities\/other-sports-on-water\/"}],"_links":{"self":[{"href":"https:\/\/www.medulinriviera.info\/fr\/wp-json\/wp\/v2\/pages\/12820","targetHints":{"allow":["GET"]}}],"collection":[{"href":"https:\/\/www.medulinriviera.info\/fr\/wp-json\/wp\/v2\/pages"}],"about":[{"href":"https:\/\/www.medulinriviera.info\/fr\/wp-json\/wp\/v2\/types\/page"}],"author":[{"embeddable":true,"href":"https:\/\/www.medulinriviera.info\/fr\/wp-json\/wp\/v2\/users\/1"}],"replies":[{"embeddable":true,"href":"https:\/\/www.medulinriviera.info\/fr\/wp-json\/wp\/v2\/comments?post=12820"}],"version-history":[{"count":0,"href":"https:\/\/www.medulinriviera.info\/fr\/wp-json\/wp\/v2\/pages\/12820\/revisions"}],"up":[{"embeddable":true,"href":"https:\/\/www.medulinriviera.info\/fr\/wp-json\/wp\/v2\/pages\/12668"}],"wp:featuredmedia":[{"embeddable":true,"href":"https:\/\/www.medulinriviera.info\/fr\/wp-json\/wp\/v2\/media\/17495"}],"wp:attachment":[{"href":"https:\/\/www.medulinriviera.info\/fr\/wp-json\/wp\/v2\/media?parent=12820"}],"wp:term":[{"taxonomy":"classificator","embeddable":true,"href":"https:\/\/www.medulinriviera.info\/fr\/wp-json\/wp\/v2\/classificator?post=12820"}],"curies":[{"name":"wp","href":"https:\/\/api.w.org\/{rel}","templated":true}]}}